{"id":1138,"date":"2023-05-08T17:11:35","date_gmt":"2023-05-08T17:11:35","guid":{"rendered":"http:\/\/booksfrommexico.com\/product\/gramaticas-jesuiticas-del-noroeste-novohispano-siglos-xvii-xviii\/"},"modified":"2024-05-10T20:27:16","modified_gmt":"2024-05-10T20:27:16","slug":"gramaticas-jesuiticas-del-noroeste-novohispano-siglos-xvii-xviii","status":"publish","type":"product","link":"https:\/\/booksfrommexico.com\/es\/producto\/gramaticas-jesuiticas-del-noroeste-novohispano-siglos-xvii-xviii\/","title":{"rendered":"Gram\u00e1ticas jesu\u00edticas del noroeste Novohispano (siglos XVII-XVIII)"},"content":{"rendered":"<p><span style=\"font-weight: 400;\">Este trabajo est\u00e1 dedicado a describir cinco artes coloniales, que a su vez funcionan como manuales ling\u00fc\u00edsticos, desde dos postura metodol\u00f3gicas: la historiograf\u00eda ling\u00fc\u00edstica y el an\u00e1lisis del discurso. Estos apartados son: <\/span><i><span style=\"font-weight: 400;\">Arte y vocabularios de la lengua dohema, heve o eudeve<\/span><\/i><span style=\"font-weight: 400;\">; <\/span><i><span style=\"font-weight: 400;\">Compendio del arte de la lengua de los tarahumaras y guazapares; Arte de la lengua teg\u00fcina, vulgarmente llamada \u00f3pata; Arte de la lengua cahita; Arte de la lengua tepeguana. <\/span><\/i><span style=\"font-weight: 400;\">La intenci\u00f3n de la autora es abordar las descripciones gramaticales sobre las lenguas, haciendo una revisi\u00f3n de la tradici\u00f3n gramatical latina; as\u00ed como analizar c\u00f3mo se evidencia la ideolog\u00eda misionera de los autores en los textos gramaticales.<\/span><\/p>\n","protected":false},"excerpt":{"rendered":"<p>GRAM\u00c1TICAS JESU\u00cdTICAS DEL NOROESTE NOVOHISPANO (SIGLOS XVII-XVIII)<span style=\"font-weight: 400;\">. \/ Ros\u00edo del Carmen Molina Landeros. Mexicali, Baja California, M\u00e9xico : Universidad Aut\u00f3noma de Baja California, 2016. 386 pages : includes tables, map, references, photos, bibliography ; 21 cm. (Selecci\u00f3n Anual para el Libro Universitario). ISBN : 9786076073124.<\/span><\/p>\n","protected":false},"featured_media":1137,"template":"","meta":{"_acf_changed":false,"inline_featured_image":false},"product_brand":[],"product_cat":[169,1032],"product_tag":[3714,4329],"class_list":{"0":"post-1138","1":"product","2":"type-product","3":"status-publish","4":"has-post-thumbnail","6":"product_cat-lengua-y-linguistica","7":"product_cat-linguistica-espanola-lengua-y-linguistica","8":"product_tag-gramatica","9":"product_tag-novohispano","11":"first","12":"instock","13":"taxable","14":"shipping-taxable","15":"purchasable","16":"product-type-simple"},"acf":[],"yoast_head":"<!-- This site is optimized with the Yoast SEO plugin v27.3 - https:\/\/yoast.com\/product\/yoast-seo-wordpress\/ -->\n<title>Gram\u00e1ticas jesu\u00edticas del noroeste Novohispano (Siglos XVII-XVIII)<\/title>\n<meta name=\"description\" content=\"GRAM\u00c1TICAS JESU\u00cdTICAS DEL NOROESTE NOVOHISPANO (SIGLOS XVII-XVIII). \/ Ros\u00edo del Carmen Molina Landeros. 2016. (Selecci\u00f3n Anual para el Libro Universitario).\" \/>\n<meta name=\"robots\" content=\"index, follow, max-snippet:-1, max-image-preview:large, max-video-preview:-1\" \/>\n<link rel=\"canonical\" href=\"https:\/\/booksfrommexico.com\/es\/producto\/gramaticas-jesuiticas-del-noroeste-novohispano-siglos-xvii-xviii\/\" \/>\n<meta property=\"og:locale\" content=\"es_ES\" \/>\n<meta property=\"og:type\" content=\"article\" \/>\n<meta property=\"og:title\" content=\"Gram\u00e1ticas jesu\u00edticas del noroeste Novohispano (Siglos XVII-XVIII)\" \/>\n<meta property=\"og:description\" content=\"GRAM\u00c1TICAS JESU\u00cdTICAS DEL NOROESTE NOVOHISPANO (SIGLOS XVII-XVIII). \/ Ros\u00edo del Carmen Molina Landeros. 2016. (Selecci\u00f3n Anual para el Libro Universitario).\" \/>\n<meta property=\"og:url\" content=\"https:\/\/booksfrommexico.com\/es\/producto\/gramaticas-jesuiticas-del-noroeste-novohispano-siglos-xvii-xviii\/\" \/>\n<meta property=\"og:site_name\" content=\"Books From Mexico\" \/>\n<meta property=\"article:modified_time\" content=\"2024-05-10T20:27:16+00:00\" \/>\n<meta property=\"og:image\" content=\"http:\/\/booksfrommexico.com\/app\/uploads\/2023\/05\/180464.jpeg\" \/>\n\t<meta property=\"og:image:width\" content=\"393\" \/>\n\t<meta property=\"og:image:height\" content=\"607\" \/>\n\t<meta property=\"og:image:type\" content=\"image\/jpeg\" \/>\n<meta name=\"twitter:card\" content=\"summary_large_image\" \/>\n<meta name=\"twitter:label1\" content=\"Tiempo de lectura\" \/>\n\t<meta name=\"twitter:data1\" content=\"1 minuto\" \/>\n<script type=\"application\/ld+json\" class=\"yoast-schema-graph\">{\"@context\":\"https:\\\/\\\/schema.org\",\"@graph\":[{\"@type\":\"WebPage\",\"@id\":\"https:\\\/\\\/booksfrommexico.com\\\/es\\\/producto\\\/gramaticas-jesuiticas-del-noroeste-novohispano-siglos-xvii-xviii\\\/\",\"url\":\"https:\\\/\\\/booksfrommexico.com\\\/es\\\/producto\\\/gramaticas-jesuiticas-del-noroeste-novohispano-siglos-xvii-xviii\\\/\",\"name\":\"Gram\u00e1ticas jesu\u00edticas del noroeste Novohispano (Siglos XVII-XVIII)\",\"isPartOf\":{\"@id\":\"https:\\\/\\\/booksfrommexico.com\\\/#website\"},\"primaryImageOfPage\":{\"@id\":\"https:\\\/\\\/booksfrommexico.com\\\/es\\\/producto\\\/gramaticas-jesuiticas-del-noroeste-novohispano-siglos-xvii-xviii\\\/#primaryimage\"},\"image\":{\"@id\":\"https:\\\/\\\/booksfrommexico.com\\\/es\\\/producto\\\/gramaticas-jesuiticas-del-noroeste-novohispano-siglos-xvii-xviii\\\/#primaryimage\"},\"thumbnailUrl\":\"https:\\\/\\\/booksfrommexico.com\\\/app\\\/uploads\\\/2023\\\/05\\\/180464.jpeg\",\"datePublished\":\"2023-05-08T17:11:35+00:00\",\"dateModified\":\"2024-05-10T20:27:16+00:00\",\"description\":\"GRAM\u00c1TICAS JESU\u00cdTICAS DEL NOROESTE NOVOHISPANO (SIGLOS XVII-XVIII). \\\/ Ros\u00edo del Carmen Molina Landeros. 2016. (Selecci\u00f3n Anual para el Libro Universitario).\",\"breadcrumb\":{\"@id\":\"https:\\\/\\\/booksfrommexico.com\\\/es\\\/producto\\\/gramaticas-jesuiticas-del-noroeste-novohispano-siglos-xvii-xviii\\\/#breadcrumb\"},\"inLanguage\":\"es\",\"potentialAction\":[{\"@type\":\"ReadAction\",\"target\":[\"https:\\\/\\\/booksfrommexico.com\\\/es\\\/producto\\\/gramaticas-jesuiticas-del-noroeste-novohispano-siglos-xvii-xviii\\\/\"]}]},{\"@type\":\"ImageObject\",\"inLanguage\":\"es\",\"@id\":\"https:\\\/\\\/booksfrommexico.com\\\/es\\\/producto\\\/gramaticas-jesuiticas-del-noroeste-novohispano-siglos-xvii-xviii\\\/#primaryimage\",\"url\":\"https:\\\/\\\/booksfrommexico.com\\\/app\\\/uploads\\\/2023\\\/05\\\/180464.jpeg\",\"contentUrl\":\"https:\\\/\\\/booksfrommexico.com\\\/app\\\/uploads\\\/2023\\\/05\\\/180464.jpeg\",\"width\":393,\"height\":607,\"caption\":\"Books From M\u00e9xico: Gram\u00e1ticas jesu\u00edticas del noroeste Novohispano (siglos XVII-XVIII)\"},{\"@type\":\"BreadcrumbList\",\"@id\":\"https:\\\/\\\/booksfrommexico.com\\\/es\\\/producto\\\/gramaticas-jesuiticas-del-noroeste-novohispano-siglos-xvii-xviii\\\/#breadcrumb\",\"itemListElement\":[{\"@type\":\"ListItem\",\"position\":1,\"name\":\"Home\",\"item\":\"https:\\\/\\\/booksfrommexico.com\\\/es\\\/\"},{\"@type\":\"ListItem\",\"position\":2,\"name\":\"Libros\",\"item\":\"https:\\\/\\\/booksfrommexico.com\\\/es\\\/libros\\\/\"},{\"@type\":\"ListItem\",\"position\":3,\"name\":\"Gram\u00e1ticas jesu\u00edticas del noroeste Novohispano (siglos XVII-XVIII)\"}]},{\"@type\":\"WebSite\",\"@id\":\"https:\\\/\\\/booksfrommexico.com\\\/#website\",\"url\":\"https:\\\/\\\/booksfrommexico.com\\\/\",\"name\":\"Books From Mexico\",\"description\":\"\",\"publisher\":{\"@id\":\"https:\\\/\\\/booksfrommexico.com\\\/#organization\"},\"potentialAction\":[{\"@type\":\"SearchAction\",\"target\":{\"@type\":\"EntryPoint\",\"urlTemplate\":\"https:\\\/\\\/booksfrommexico.com\\\/?s={search_term_string}\"},\"query-input\":{\"@type\":\"PropertyValueSpecification\",\"valueRequired\":true,\"valueName\":\"search_term_string\"}}],\"inLanguage\":\"es\"},{\"@type\":\"Organization\",\"@id\":\"https:\\\/\\\/booksfrommexico.com\\\/#organization\",\"name\":\"Books From Mexico\",\"url\":\"https:\\\/\\\/booksfrommexico.com\\\/\",\"logo\":{\"@type\":\"ImageObject\",\"inLanguage\":\"es\",\"@id\":\"https:\\\/\\\/booksfrommexico.com\\\/#\\\/schema\\\/logo\\\/image\\\/\",\"url\":\"https:\\\/\\\/booksfrommexico.com\\\/app\\\/uploads\\\/2023\\\/05\\\/logo-booksfrommexico.svg\",\"contentUrl\":\"https:\\\/\\\/booksfrommexico.com\\\/app\\\/uploads\\\/2023\\\/05\\\/logo-booksfrommexico.svg\",\"width\":86,\"height\":56,\"caption\":\"Books From Mexico\"},\"image\":{\"@id\":\"https:\\\/\\\/booksfrommexico.com\\\/#\\\/schema\\\/logo\\\/image\\\/\"}}]}<\/script>\n<!-- \/ Yoast SEO plugin. -->","yoast_head_json":{"title":"Gram\u00e1ticas jesu\u00edticas del noroeste Novohispano (Siglos XVII-XVIII)","description":"GRAM\u00c1TICAS JESU\u00cdTICAS DEL NOROESTE NOVOHISPANO (SIGLOS XVII-XVIII). \/ Ros\u00edo del Carmen Molina Landeros. 2016. (Selecci\u00f3n Anual para el Libro Universitario).","robots":{"index":"index","follow":"follow","max-snippet":"max-snippet:-1","max-image-preview":"max-image-preview:large","max-video-preview":"max-video-preview:-1"},"canonical":"https:\/\/booksfrommexico.com\/es\/producto\/gramaticas-jesuiticas-del-noroeste-novohispano-siglos-xvii-xviii\/","og_locale":"es_ES","og_type":"article","og_title":"Gram\u00e1ticas jesu\u00edticas del noroeste Novohispano (Siglos XVII-XVIII)","og_description":"GRAM\u00c1TICAS JESU\u00cdTICAS DEL NOROESTE NOVOHISPANO (SIGLOS XVII-XVIII). \/ Ros\u00edo del Carmen Molina Landeros. 2016. (Selecci\u00f3n Anual para el Libro Universitario).","og_url":"https:\/\/booksfrommexico.com\/es\/producto\/gramaticas-jesuiticas-del-noroeste-novohispano-siglos-xvii-xviii\/","og_site_name":"Books From Mexico","article_modified_time":"2024-05-10T20:27:16+00:00","og_image":[{"width":393,"height":607,"url":"http:\/\/booksfrommexico.com\/app\/uploads\/2023\/05\/180464.jpeg","type":"image\/jpeg"}],"twitter_card":"summary_large_image","twitter_misc":{"Tiempo de lectura":"1 minuto"},"schema":{"@context":"https:\/\/schema.org","@graph":[{"@type":"WebPage","@id":"https:\/\/booksfrommexico.com\/es\/producto\/gramaticas-jesuiticas-del-noroeste-novohispano-siglos-xvii-xviii\/","url":"https:\/\/booksfrommexico.com\/es\/producto\/gramaticas-jesuiticas-del-noroeste-novohispano-siglos-xvii-xviii\/","name":"Gram\u00e1ticas jesu\u00edticas del noroeste Novohispano (Siglos XVII-XVIII)","isPartOf":{"@id":"https:\/\/booksfrommexico.com\/#website"},"primaryImageOfPage":{"@id":"https:\/\/booksfrommexico.com\/es\/producto\/gramaticas-jesuiticas-del-noroeste-novohispano-siglos-xvii-xviii\/#primaryimage"},"image":{"@id":"https:\/\/booksfrommexico.com\/es\/producto\/gramaticas-jesuiticas-del-noroeste-novohispano-siglos-xvii-xviii\/#primaryimage"},"thumbnailUrl":"https:\/\/booksfrommexico.com\/app\/uploads\/2023\/05\/180464.jpeg","datePublished":"2023-05-08T17:11:35+00:00","dateModified":"2024-05-10T20:27:16+00:00","description":"GRAM\u00c1TICAS JESU\u00cdTICAS DEL NOROESTE NOVOHISPANO (SIGLOS XVII-XVIII). \/ Ros\u00edo del Carmen Molina Landeros. 2016. (Selecci\u00f3n Anual para el Libro Universitario).","breadcrumb":{"@id":"https:\/\/booksfrommexico.com\/es\/producto\/gramaticas-jesuiticas-del-noroeste-novohispano-siglos-xvii-xviii\/#breadcrumb"},"inLanguage":"es","potentialAction":[{"@type":"ReadAction","target":["https:\/\/booksfrommexico.com\/es\/producto\/gramaticas-jesuiticas-del-noroeste-novohispano-siglos-xvii-xviii\/"]}]},{"@type":"ImageObject","inLanguage":"es","@id":"https:\/\/booksfrommexico.com\/es\/producto\/gramaticas-jesuiticas-del-noroeste-novohispano-siglos-xvii-xviii\/#primaryimage","url":"https:\/\/booksfrommexico.com\/app\/uploads\/2023\/05\/180464.jpeg","contentUrl":"https:\/\/booksfrommexico.com\/app\/uploads\/2023\/05\/180464.jpeg","width":393,"height":607,"caption":"Books From M\u00e9xico: Gram\u00e1ticas jesu\u00edticas del noroeste Novohispano (siglos XVII-XVIII)"},{"@type":"BreadcrumbList","@id":"https:\/\/booksfrommexico.com\/es\/producto\/gramaticas-jesuiticas-del-noroeste-novohispano-siglos-xvii-xviii\/#breadcrumb","itemListElement":[{"@type":"ListItem","position":1,"name":"Home","item":"https:\/\/booksfrommexico.com\/es\/"},{"@type":"ListItem","position":2,"name":"Libros","item":"https:\/\/booksfrommexico.com\/es\/libros\/"},{"@type":"ListItem","position":3,"name":"Gram\u00e1ticas jesu\u00edticas del noroeste Novohispano (siglos XVII-XVIII)"}]},{"@type":"WebSite","@id":"https:\/\/booksfrommexico.com\/#website","url":"https:\/\/booksfrommexico.com\/","name":"Books From Mexico","description":"","publisher":{"@id":"https:\/\/booksfrommexico.com\/#organization"},"potentialAction":[{"@type":"SearchAction","target":{"@type":"EntryPoint","urlTemplate":"https:\/\/booksfrommexico.com\/?s={search_term_string}"},"query-input":{"@type":"PropertyValueSpecification","valueRequired":true,"valueName":"search_term_string"}}],"inLanguage":"es"},{"@type":"Organization","@id":"https:\/\/booksfrommexico.com\/#organization","name":"Books From Mexico","url":"https:\/\/booksfrommexico.com\/","logo":{"@type":"ImageObject","inLanguage":"es","@id":"https:\/\/booksfrommexico.com\/#\/schema\/logo\/image\/","url":"https:\/\/booksfrommexico.com\/app\/uploads\/2023\/05\/logo-booksfrommexico.svg","contentUrl":"https:\/\/booksfrommexico.com\/app\/uploads\/2023\/05\/logo-booksfrommexico.svg","width":86,"height":56,"caption":"Books From Mexico"},"image":{"@id":"https:\/\/booksfrommexico.com\/#\/schema\/logo\/image\/"}}]}},"_links":{"self":[{"href":"https:\/\/booksfrommexico.com\/es\/wp-json\/wp\/v2\/product\/1138","targetHints":{"allow":["GET"]}}],"collection":[{"href":"https:\/\/booksfrommexico.com\/es\/wp-json\/wp\/v2\/product"}],"about":[{"href":"https:\/\/booksfrommexico.com\/es\/wp-json\/wp\/v2\/types\/product"}],"wp:featuredmedia":[{"embeddable":true,"href":"https:\/\/booksfrommexico.com\/es\/wp-json\/wp\/v2\/media\/1137"}],"wp:attachment":[{"href":"https:\/\/booksfrommexico.com\/es\/wp-json\/wp\/v2\/media?parent=1138"}],"wp:term":[{"taxonomy":"product_brand","embeddable":true,"href":"https:\/\/booksfrommexico.com\/es\/wp-json\/wp\/v2\/product_brand?post=1138"},{"taxonomy":"product_cat","embeddable":true,"href":"https:\/\/booksfrommexico.com\/es\/wp-json\/wp\/v2\/product_cat?post=1138"},{"taxonomy":"product_tag","embeddable":true,"href":"https:\/\/booksfrommexico.com\/es\/wp-json\/wp\/v2\/product_tag?post=1138"}],"curies":[{"name":"wp","href":"https:\/\/api.w.org\/{rel}","templated":true}]}}