{"id":1140,"date":"2023-05-08T17:11:37","date_gmt":"2023-05-08T17:11:37","guid":{"rendered":"http:\/\/booksfrommexico.com\/product\/yo-estuve-en-avandaro\/"},"modified":"2024-11-07T22:58:34","modified_gmt":"2024-11-07T22:58:34","slug":"yo-estuve-en-avandaro","status":"publish","type":"product","link":"https:\/\/booksfrommexico.com\/es\/producto\/yo-estuve-en-avandaro\/","title":{"rendered":"Yo estuve en Av\u00e1ndaro"},"content":{"rendered":"<p><span style=\"font-weight: 400;\">El Festival de Av\u00e1ndaro fue un festival de rock mexicano que tuvo lugar cerca del Club de Golf Av\u00e1ndaro el 11 y 12 de septiembre de 1971. Este festival marc\u00f3 un antes y un despu\u00e9s en la escena musical en M\u00e9xico, ya que a ra\u00edz de \u00e9ste y la mala fama que adquiri\u00f3 al ser considerado inmoral por la sociedad de \u00e9se tiempo, el rock fue prohibido en el pa\u00eds. No obstante, este festival tambi\u00e9n fue considerado, con los a\u00f1os, como una de las mayores expresiones sociales de la juventud. Las fotograf\u00edas que se presentan en este t\u00edtulo tomadas por Graciela Iturbe, y los textos de Federico Rubli y Luis de Llano,\u00a0 funcionan como un legado hist\u00f3rico sobre este momento legendario de la m\u00fasica y la sociedad en M\u00e9xico.<\/span><\/p>\n","protected":false},"excerpt":{"rendered":"<p>YO ESTUVE EN AV\u00c1NDARO<span style=\"font-weight: 400;\">. \/ Graciela Iturbide (photos) ; Federico Rubli (text) ; Luis de Llano (prologue). Ciudad de M\u00e9xico, M\u00e9xico : Universidad Nacional Aut\u00f3noma de M\u00e9xico , Direcci\u00f3n General de Publicaciones y Fomento Editorial ; Trilce Ediciones ; Toluca de Lerdo, M\u00e9xico : Fondo Editorial Estado de M\u00e9xico, 2016. 2 volumes : includes chiefly photos ; 44 cm. ISBN : 9786078460168 (Trilce) ; 9786070286070 (UNAM). <\/span><\/p>\n","protected":false},"featured_media":1139,"template":"","meta":{"_acf_changed":false,"inline_featured_image":false},"product_brand":[],"product_cat":[326,165,325],"product_tag":[3991,4043,4398,4450,3607,3922,3608],"class_list":{"0":"post-1140","1":"product","2":"type-product","3":"status-publish","4":"has-post-thumbnail","6":"product_cat-aspectos-historicos-musica","7":"product_cat-fotografia-arte","8":"product_cat-musica","9":"product_tag-conducta-de-vida","10":"product_tag-fotografia","11":"product_tag-historia-mexico","12":"product_tag-historia-de-la-musica","13":"product_tag-historia-local","14":"product_tag-musica","15":"product_tag-vida-social-y-costumbres","17":"first","18":"instock","19":"taxable","20":"shipping-taxable","21":"purchasable","22":"product-type-simple"},"acf":[],"yoast_head":"<!-- This site is optimized with the Yoast SEO plugin v27.3 - https:\/\/yoast.com\/product\/yoast-seo-wordpress\/ -->\n<title>Yo estuve en Av\u00e1ndaro<\/title>\n<meta name=\"description\" content=\"YO ESTUVE EN AV\u00c1NDARO. \/ Graciela Iturbide (photos) ; Federico Rubli (text) ; Luis de Llano (prologue). UNAM ; Trilce Ediciones ; Fondo Editorial EDOMEX.\" \/>\n<meta name=\"robots\" content=\"index, follow, max-snippet:-1, max-image-preview:large, max-video-preview:-1\" \/>\n<link rel=\"canonical\" href=\"https:\/\/booksfrommexico.com\/es\/producto\/yo-estuve-en-avandaro\/\" \/>\n<meta property=\"og:locale\" content=\"es_ES\" \/>\n<meta property=\"og:type\" content=\"article\" \/>\n<meta property=\"og:title\" content=\"Yo estuve en Av\u00e1ndaro\" \/>\n<meta property=\"og:description\" content=\"YO ESTUVE EN AV\u00c1NDARO. \/ Graciela Iturbide (photos) ; Federico Rubli (text) ; Luis de Llano (prologue). UNAM ; Trilce Ediciones ; Fondo Editorial EDOMEX.\" \/>\n<meta property=\"og:url\" content=\"https:\/\/booksfrommexico.com\/es\/producto\/yo-estuve-en-avandaro\/\" \/>\n<meta property=\"og:site_name\" content=\"Books From Mexico\" \/>\n<meta property=\"article:modified_time\" content=\"2024-11-07T22:58:34+00:00\" \/>\n<meta property=\"og:image\" content=\"http:\/\/booksfrommexico.com\/app\/uploads\/2023\/05\/182128.jpeg\" \/>\n\t<meta property=\"og:image:width\" content=\"636\" \/>\n\t<meta property=\"og:image:height\" content=\"621\" \/>\n\t<meta property=\"og:image:type\" content=\"image\/jpeg\" \/>\n<meta name=\"twitter:card\" content=\"summary_large_image\" \/>\n<meta name=\"twitter:label1\" content=\"Tiempo de lectura\" \/>\n\t<meta name=\"twitter:data1\" content=\"1 minuto\" \/>\n<script type=\"application\/ld+json\" class=\"yoast-schema-graph\">{\"@context\":\"https:\\\/\\\/schema.org\",\"@graph\":[{\"@type\":\"WebPage\",\"@id\":\"https:\\\/\\\/booksfrommexico.com\\\/es\\\/producto\\\/yo-estuve-en-avandaro\\\/\",\"url\":\"https:\\\/\\\/booksfrommexico.com\\\/es\\\/producto\\\/yo-estuve-en-avandaro\\\/\",\"name\":\"Yo estuve en Av\u00e1ndaro\",\"isPartOf\":{\"@id\":\"https:\\\/\\\/booksfrommexico.com\\\/#website\"},\"primaryImageOfPage\":{\"@id\":\"https:\\\/\\\/booksfrommexico.com\\\/es\\\/producto\\\/yo-estuve-en-avandaro\\\/#primaryimage\"},\"image\":{\"@id\":\"https:\\\/\\\/booksfrommexico.com\\\/es\\\/producto\\\/yo-estuve-en-avandaro\\\/#primaryimage\"},\"thumbnailUrl\":\"https:\\\/\\\/booksfrommexico.com\\\/app\\\/uploads\\\/2023\\\/05\\\/182128.jpeg\",\"datePublished\":\"2023-05-08T17:11:37+00:00\",\"dateModified\":\"2024-11-07T22:58:34+00:00\",\"description\":\"YO ESTUVE EN AV\u00c1NDARO. \\\/ Graciela Iturbide (photos) ; Federico Rubli (text) ; Luis de Llano (prologue). UNAM ; Trilce Ediciones ; Fondo Editorial EDOMEX.\",\"breadcrumb\":{\"@id\":\"https:\\\/\\\/booksfrommexico.com\\\/es\\\/producto\\\/yo-estuve-en-avandaro\\\/#breadcrumb\"},\"inLanguage\":\"es\",\"potentialAction\":[{\"@type\":\"ReadAction\",\"target\":[\"https:\\\/\\\/booksfrommexico.com\\\/es\\\/producto\\\/yo-estuve-en-avandaro\\\/\"]}]},{\"@type\":\"ImageObject\",\"inLanguage\":\"es\",\"@id\":\"https:\\\/\\\/booksfrommexico.com\\\/es\\\/producto\\\/yo-estuve-en-avandaro\\\/#primaryimage\",\"url\":\"https:\\\/\\\/booksfrommexico.com\\\/app\\\/uploads\\\/2023\\\/05\\\/182128.jpeg\",\"contentUrl\":\"https:\\\/\\\/booksfrommexico.com\\\/app\\\/uploads\\\/2023\\\/05\\\/182128.jpeg\",\"width\":636,\"height\":621,\"caption\":\"Books From M\u00e9xico: Yo estuve en Av\u00e1ndaro\"},{\"@type\":\"BreadcrumbList\",\"@id\":\"https:\\\/\\\/booksfrommexico.com\\\/es\\\/producto\\\/yo-estuve-en-avandaro\\\/#breadcrumb\",\"itemListElement\":[{\"@type\":\"ListItem\",\"position\":1,\"name\":\"Home\",\"item\":\"https:\\\/\\\/booksfrommexico.com\\\/es\\\/\"},{\"@type\":\"ListItem\",\"position\":2,\"name\":\"Libros\",\"item\":\"https:\\\/\\\/booksfrommexico.com\\\/es\\\/libros\\\/\"},{\"@type\":\"ListItem\",\"position\":3,\"name\":\"Yo estuve en Av\u00e1ndaro\"}]},{\"@type\":\"WebSite\",\"@id\":\"https:\\\/\\\/booksfrommexico.com\\\/#website\",\"url\":\"https:\\\/\\\/booksfrommexico.com\\\/\",\"name\":\"Books From Mexico\",\"description\":\"\",\"publisher\":{\"@id\":\"https:\\\/\\\/booksfrommexico.com\\\/#organization\"},\"potentialAction\":[{\"@type\":\"SearchAction\",\"target\":{\"@type\":\"EntryPoint\",\"urlTemplate\":\"https:\\\/\\\/booksfrommexico.com\\\/?s={search_term_string}\"},\"query-input\":{\"@type\":\"PropertyValueSpecification\",\"valueRequired\":true,\"valueName\":\"search_term_string\"}}],\"inLanguage\":\"es\"},{\"@type\":\"Organization\",\"@id\":\"https:\\\/\\\/booksfrommexico.com\\\/#organization\",\"name\":\"Books From Mexico\",\"url\":\"https:\\\/\\\/booksfrommexico.com\\\/\",\"logo\":{\"@type\":\"ImageObject\",\"inLanguage\":\"es\",\"@id\":\"https:\\\/\\\/booksfrommexico.com\\\/#\\\/schema\\\/logo\\\/image\\\/\",\"url\":\"https:\\\/\\\/booksfrommexico.com\\\/app\\\/uploads\\\/2023\\\/05\\\/logo-booksfrommexico.svg\",\"contentUrl\":\"https:\\\/\\\/booksfrommexico.com\\\/app\\\/uploads\\\/2023\\\/05\\\/logo-booksfrommexico.svg\",\"width\":86,\"height\":56,\"caption\":\"Books From Mexico\"},\"image\":{\"@id\":\"https:\\\/\\\/booksfrommexico.com\\\/#\\\/schema\\\/logo\\\/image\\\/\"}}]}<\/script>\n<!-- \/ Yoast SEO plugin. -->","yoast_head_json":{"title":"Yo estuve en Av\u00e1ndaro","description":"YO ESTUVE EN AV\u00c1NDARO. \/ Graciela Iturbide (photos) ; Federico Rubli (text) ; Luis de Llano (prologue). UNAM ; Trilce Ediciones ; Fondo Editorial EDOMEX.","robots":{"index":"index","follow":"follow","max-snippet":"max-snippet:-1","max-image-preview":"max-image-preview:large","max-video-preview":"max-video-preview:-1"},"canonical":"https:\/\/booksfrommexico.com\/es\/producto\/yo-estuve-en-avandaro\/","og_locale":"es_ES","og_type":"article","og_title":"Yo estuve en Av\u00e1ndaro","og_description":"YO ESTUVE EN AV\u00c1NDARO. \/ Graciela Iturbide (photos) ; Federico Rubli (text) ; Luis de Llano (prologue). UNAM ; Trilce Ediciones ; Fondo Editorial EDOMEX.","og_url":"https:\/\/booksfrommexico.com\/es\/producto\/yo-estuve-en-avandaro\/","og_site_name":"Books From Mexico","article_modified_time":"2024-11-07T22:58:34+00:00","og_image":[{"width":636,"height":621,"url":"http:\/\/booksfrommexico.com\/app\/uploads\/2023\/05\/182128.jpeg","type":"image\/jpeg"}],"twitter_card":"summary_large_image","twitter_misc":{"Tiempo de lectura":"1 minuto"},"schema":{"@context":"https:\/\/schema.org","@graph":[{"@type":"WebPage","@id":"https:\/\/booksfrommexico.com\/es\/producto\/yo-estuve-en-avandaro\/","url":"https:\/\/booksfrommexico.com\/es\/producto\/yo-estuve-en-avandaro\/","name":"Yo estuve en Av\u00e1ndaro","isPartOf":{"@id":"https:\/\/booksfrommexico.com\/#website"},"primaryImageOfPage":{"@id":"https:\/\/booksfrommexico.com\/es\/producto\/yo-estuve-en-avandaro\/#primaryimage"},"image":{"@id":"https:\/\/booksfrommexico.com\/es\/producto\/yo-estuve-en-avandaro\/#primaryimage"},"thumbnailUrl":"https:\/\/booksfrommexico.com\/app\/uploads\/2023\/05\/182128.jpeg","datePublished":"2023-05-08T17:11:37+00:00","dateModified":"2024-11-07T22:58:34+00:00","description":"YO ESTUVE EN AV\u00c1NDARO. \/ Graciela Iturbide (photos) ; Federico Rubli (text) ; Luis de Llano (prologue). UNAM ; Trilce Ediciones ; Fondo Editorial EDOMEX.","breadcrumb":{"@id":"https:\/\/booksfrommexico.com\/es\/producto\/yo-estuve-en-avandaro\/#breadcrumb"},"inLanguage":"es","potentialAction":[{"@type":"ReadAction","target":["https:\/\/booksfrommexico.com\/es\/producto\/yo-estuve-en-avandaro\/"]}]},{"@type":"ImageObject","inLanguage":"es","@id":"https:\/\/booksfrommexico.com\/es\/producto\/yo-estuve-en-avandaro\/#primaryimage","url":"https:\/\/booksfrommexico.com\/app\/uploads\/2023\/05\/182128.jpeg","contentUrl":"https:\/\/booksfrommexico.com\/app\/uploads\/2023\/05\/182128.jpeg","width":636,"height":621,"caption":"Books From M\u00e9xico: Yo estuve en Av\u00e1ndaro"},{"@type":"BreadcrumbList","@id":"https:\/\/booksfrommexico.com\/es\/producto\/yo-estuve-en-avandaro\/#breadcrumb","itemListElement":[{"@type":"ListItem","position":1,"name":"Home","item":"https:\/\/booksfrommexico.com\/es\/"},{"@type":"ListItem","position":2,"name":"Libros","item":"https:\/\/booksfrommexico.com\/es\/libros\/"},{"@type":"ListItem","position":3,"name":"Yo estuve en Av\u00e1ndaro"}]},{"@type":"WebSite","@id":"https:\/\/booksfrommexico.com\/#website","url":"https:\/\/booksfrommexico.com\/","name":"Books From Mexico","description":"","publisher":{"@id":"https:\/\/booksfrommexico.com\/#organization"},"potentialAction":[{"@type":"SearchAction","target":{"@type":"EntryPoint","urlTemplate":"https:\/\/booksfrommexico.com\/?s={search_term_string}"},"query-input":{"@type":"PropertyValueSpecification","valueRequired":true,"valueName":"search_term_string"}}],"inLanguage":"es"},{"@type":"Organization","@id":"https:\/\/booksfrommexico.com\/#organization","name":"Books From Mexico","url":"https:\/\/booksfrommexico.com\/","logo":{"@type":"ImageObject","inLanguage":"es","@id":"https:\/\/booksfrommexico.com\/#\/schema\/logo\/image\/","url":"https:\/\/booksfrommexico.com\/app\/uploads\/2023\/05\/logo-booksfrommexico.svg","contentUrl":"https:\/\/booksfrommexico.com\/app\/uploads\/2023\/05\/logo-booksfrommexico.svg","width":86,"height":56,"caption":"Books From Mexico"},"image":{"@id":"https:\/\/booksfrommexico.com\/#\/schema\/logo\/image\/"}}]}},"_links":{"self":[{"href":"https:\/\/booksfrommexico.com\/es\/wp-json\/wp\/v2\/product\/1140","targetHints":{"allow":["GET"]}}],"collection":[{"href":"https:\/\/booksfrommexico.com\/es\/wp-json\/wp\/v2\/product"}],"about":[{"href":"https:\/\/booksfrommexico.com\/es\/wp-json\/wp\/v2\/types\/product"}],"wp:featuredmedia":[{"embeddable":true,"href":"https:\/\/booksfrommexico.com\/es\/wp-json\/wp\/v2\/media\/1139"}],"wp:attachment":[{"href":"https:\/\/booksfrommexico.com\/es\/wp-json\/wp\/v2\/media?parent=1140"}],"wp:term":[{"taxonomy":"product_brand","embeddable":true,"href":"https:\/\/booksfrommexico.com\/es\/wp-json\/wp\/v2\/product_brand?post=1140"},{"taxonomy":"product_cat","embeddable":true,"href":"https:\/\/booksfrommexico.com\/es\/wp-json\/wp\/v2\/product_cat?post=1140"},{"taxonomy":"product_tag","embeddable":true,"href":"https:\/\/booksfrommexico.com\/es\/wp-json\/wp\/v2\/product_tag?post=1140"}],"curies":[{"name":"wp","href":"https:\/\/api.w.org\/{rel}","templated":true}]}}