{"id":1142,"date":"2023-05-08T17:11:38","date_gmt":"2023-05-08T17:11:38","guid":{"rendered":"http:\/\/booksfrommexico.com\/product\/gubias-y-rodillos-del-mexico-indigena-exposicion-del-taller-popular-de-grabado-otro-tiempo-desde-el-fondo-del-tiempo\/"},"modified":"2024-06-04T18:40:20","modified_gmt":"2024-06-04T18:40:20","slug":"gubias-y-rodillos-del-mexico-indigena-exposicion-del-taller-popular-de-grabado-otro-tiempo-desde-el-fondo-del-tiempo","status":"publish","type":"product","link":"https:\/\/booksfrommexico.com\/es\/producto\/gubias-y-rodillos-del-mexico-indigena-exposicion-del-taller-popular-de-grabado-otro-tiempo-desde-el-fondo-del-tiempo\/","title":{"rendered":"Gubias y rodillos del M\u00e9xico ind\u00edgena \/ Otro tiempo desde el fondo del tiempo"},"content":{"rendered":"<p><span style=\"font-weight: 400;\">La UAM impulsa iniciativas de sus profesores-investigadores y de la comunidad estudiantil en el \u00e1mbito de la preservaci\u00f3n y difusi\u00f3n de la cultura en M\u00e9xico. En este t\u00edtulo se re\u00fanen 2 vol\u00famenes de proyectos de intervenci\u00f3n y participaci\u00f3n institucional: el de Conversaci\u00f3n, Identidad y Desarrollo Comunitario \u201cGubias y rodillos del M\u00e9xico Ind\u00edgena\u201d y el de Andr\u00e9s Moctezuma Barrag\u00e1n \u201cOtro tiempo\u2026 desde el fondo del tiempo\u201d. En el trabajo de Moctezuma Barrag\u00e1n se hace un discurso narrativo que sugiere un ciclo de la vida que comienza el alumbramiento y prosigue con las distintas etapas de la vida humana, mientras que en el de el CID presenta fotograf\u00edas de trabajos de grabado del Taller Popular de Grabado.<\/span><\/p>\n","protected":false},"excerpt":{"rendered":"<p>GUBIAS Y RODILLOS DEL M\u00c9XICO IND\u00cdGENA : EXPOSICI\u00d3N DEL TALLER POPULAR DE GRABADO \/ OTRO TIEMPO&#8230; DESDE EL FONDO DEL TIEMPO : NARRATIVA FOTOGR\u00c1FICA<span style=\"font-weight: 400;\">. Andr\u00e9s Moctezuma Barrag\u00e1n. M\u00e9xico, Ciudad de M\u00e9xico : Universidad Aut\u00f3noma Metropolitana ; Gobierno de M\u00e9xico , Embajada de M\u00e9xico en Cuba , Secretar\u00eda de Relaciones Exteriores ; Oficina de Historiador Ciudad de La Habana ; Casa del Benem\u00e9rito de las Am\u00e9ricas Benito Ju\u00e1rez ; Conservaci\u00f3n Identidad y Desarrollo Comunitario, 2016. 2 volumes : includes color photos ; 28 cm. ISBN : 9786072806801 ; 9786072806726.<\/span><\/p>\n","protected":false},"featured_media":1141,"template":"","meta":{"_acf_changed":false,"inline_featured_image":false},"product_brand":[],"product_cat":[87,400],"product_tag":[4331,4262,3587],"class_list":{"0":"post-1142","1":"product","2":"type-product","3":"status-publish","4":"has-post-thumbnail","6":"product_cat-arte","7":"product_cat-catalogos-de-exposiciones-arte","8":"product_tag-arte-prehispanico","9":"product_tag-cultura-prehispanica","10":"product_tag-prehispanico","12":"first","13":"instock","14":"taxable","15":"shipping-taxable","16":"purchasable","17":"product-type-simple"},"acf":[],"yoast_head":"<!-- This site is optimized with the Yoast SEO plugin v27.3 - https:\/\/yoast.com\/product\/yoast-seo-wordpress\/ -->\n<title>Gubias y rodillos del M\u00e9xico ind\u00edgena \/ Otro tiempo desde el...<\/title>\n<meta name=\"description\" content=\"GUBIAS Y RODILLOS DEL M\u00c9XICO IND\u00cdGENA : EXPOSICI\u00d3N DEL TALLER POPULAR DE GRABADO \/ OTRO TIEMPO... DESDE EL FONDO DEL TIEMPO : NARRATIVA FOTOGR\u00c1FICA.\" \/>\n<meta name=\"robots\" content=\"index, follow, max-snippet:-1, max-image-preview:large, max-video-preview:-1\" \/>\n<link rel=\"canonical\" href=\"https:\/\/booksfrommexico.com\/es\/producto\/gubias-y-rodillos-del-mexico-indigena-exposicion-del-taller-popular-de-grabado-otro-tiempo-desde-el-fondo-del-tiempo\/\" \/>\n<meta property=\"og:locale\" content=\"es_ES\" \/>\n<meta property=\"og:type\" content=\"article\" \/>\n<meta property=\"og:title\" content=\"Gubias y rodillos del M\u00e9xico ind\u00edgena \/ Otro tiempo desde el...\" \/>\n<meta property=\"og:description\" content=\"GUBIAS Y RODILLOS DEL M\u00c9XICO IND\u00cdGENA : EXPOSICI\u00d3N DEL TALLER POPULAR DE GRABADO \/ OTRO TIEMPO... DESDE EL FONDO DEL TIEMPO : NARRATIVA FOTOGR\u00c1FICA.\" \/>\n<meta property=\"og:url\" content=\"https:\/\/booksfrommexico.com\/es\/producto\/gubias-y-rodillos-del-mexico-indigena-exposicion-del-taller-popular-de-grabado-otro-tiempo-desde-el-fondo-del-tiempo\/\" \/>\n<meta property=\"og:site_name\" content=\"Books From Mexico\" \/>\n<meta property=\"article:modified_time\" content=\"2024-06-04T18:40:20+00:00\" \/>\n<meta property=\"og:image\" content=\"http:\/\/booksfrommexico.com\/app\/uploads\/2023\/05\/180468.jpeg\" \/>\n\t<meta property=\"og:image:width\" content=\"594\" \/>\n\t<meta property=\"og:image:height\" content=\"800\" \/>\n\t<meta property=\"og:image:type\" content=\"image\/jpeg\" \/>\n<meta name=\"twitter:card\" content=\"summary_large_image\" \/>\n<meta name=\"twitter:label1\" content=\"Tiempo de lectura\" \/>\n\t<meta name=\"twitter:data1\" content=\"1 minuto\" \/>\n<script type=\"application\/ld+json\" class=\"yoast-schema-graph\">{\"@context\":\"https:\\\/\\\/schema.org\",\"@graph\":[{\"@type\":\"WebPage\",\"@id\":\"https:\\\/\\\/booksfrommexico.com\\\/es\\\/producto\\\/gubias-y-rodillos-del-mexico-indigena-exposicion-del-taller-popular-de-grabado-otro-tiempo-desde-el-fondo-del-tiempo\\\/\",\"url\":\"https:\\\/\\\/booksfrommexico.com\\\/es\\\/producto\\\/gubias-y-rodillos-del-mexico-indigena-exposicion-del-taller-popular-de-grabado-otro-tiempo-desde-el-fondo-del-tiempo\\\/\",\"name\":\"Gubias y rodillos del M\u00e9xico ind\u00edgena \\\/ Otro tiempo desde el...\",\"isPartOf\":{\"@id\":\"https:\\\/\\\/booksfrommexico.com\\\/#website\"},\"primaryImageOfPage\":{\"@id\":\"https:\\\/\\\/booksfrommexico.com\\\/es\\\/producto\\\/gubias-y-rodillos-del-mexico-indigena-exposicion-del-taller-popular-de-grabado-otro-tiempo-desde-el-fondo-del-tiempo\\\/#primaryimage\"},\"image\":{\"@id\":\"https:\\\/\\\/booksfrommexico.com\\\/es\\\/producto\\\/gubias-y-rodillos-del-mexico-indigena-exposicion-del-taller-popular-de-grabado-otro-tiempo-desde-el-fondo-del-tiempo\\\/#primaryimage\"},\"thumbnailUrl\":\"https:\\\/\\\/booksfrommexico.com\\\/app\\\/uploads\\\/2023\\\/05\\\/180468.jpeg\",\"datePublished\":\"2023-05-08T17:11:38+00:00\",\"dateModified\":\"2024-06-04T18:40:20+00:00\",\"description\":\"GUBIAS Y RODILLOS DEL M\u00c9XICO IND\u00cdGENA : EXPOSICI\u00d3N DEL TALLER POPULAR DE GRABADO \\\/ OTRO TIEMPO... DESDE EL FONDO DEL TIEMPO : NARRATIVA FOTOGR\u00c1FICA.\",\"breadcrumb\":{\"@id\":\"https:\\\/\\\/booksfrommexico.com\\\/es\\\/producto\\\/gubias-y-rodillos-del-mexico-indigena-exposicion-del-taller-popular-de-grabado-otro-tiempo-desde-el-fondo-del-tiempo\\\/#breadcrumb\"},\"inLanguage\":\"es\",\"potentialAction\":[{\"@type\":\"ReadAction\",\"target\":[\"https:\\\/\\\/booksfrommexico.com\\\/es\\\/producto\\\/gubias-y-rodillos-del-mexico-indigena-exposicion-del-taller-popular-de-grabado-otro-tiempo-desde-el-fondo-del-tiempo\\\/\"]}]},{\"@type\":\"ImageObject\",\"inLanguage\":\"es\",\"@id\":\"https:\\\/\\\/booksfrommexico.com\\\/es\\\/producto\\\/gubias-y-rodillos-del-mexico-indigena-exposicion-del-taller-popular-de-grabado-otro-tiempo-desde-el-fondo-del-tiempo\\\/#primaryimage\",\"url\":\"https:\\\/\\\/booksfrommexico.com\\\/app\\\/uploads\\\/2023\\\/05\\\/180468.jpeg\",\"contentUrl\":\"https:\\\/\\\/booksfrommexico.com\\\/app\\\/uploads\\\/2023\\\/05\\\/180468.jpeg\",\"width\":594,\"height\":800,\"caption\":\"Books From M\u00e9xico: Gubias y rodillos del M\u00e9xico ind\u00edgena Moctezuma Barrag\u00e1n\"},{\"@type\":\"BreadcrumbList\",\"@id\":\"https:\\\/\\\/booksfrommexico.com\\\/es\\\/producto\\\/gubias-y-rodillos-del-mexico-indigena-exposicion-del-taller-popular-de-grabado-otro-tiempo-desde-el-fondo-del-tiempo\\\/#breadcrumb\",\"itemListElement\":[{\"@type\":\"ListItem\",\"position\":1,\"name\":\"Home\",\"item\":\"https:\\\/\\\/booksfrommexico.com\\\/es\\\/\"},{\"@type\":\"ListItem\",\"position\":2,\"name\":\"Libros\",\"item\":\"https:\\\/\\\/booksfrommexico.com\\\/es\\\/libros\\\/\"},{\"@type\":\"ListItem\",\"position\":3,\"name\":\"Gubias y rodillos del M\u00e9xico ind\u00edgena \\\/ Otro tiempo desde el fondo del tiempo\"}]},{\"@type\":\"WebSite\",\"@id\":\"https:\\\/\\\/booksfrommexico.com\\\/#website\",\"url\":\"https:\\\/\\\/booksfrommexico.com\\\/\",\"name\":\"Books From Mexico\",\"description\":\"\",\"publisher\":{\"@id\":\"https:\\\/\\\/booksfrommexico.com\\\/#organization\"},\"potentialAction\":[{\"@type\":\"SearchAction\",\"target\":{\"@type\":\"EntryPoint\",\"urlTemplate\":\"https:\\\/\\\/booksfrommexico.com\\\/?s={search_term_string}\"},\"query-input\":{\"@type\":\"PropertyValueSpecification\",\"valueRequired\":true,\"valueName\":\"search_term_string\"}}],\"inLanguage\":\"es\"},{\"@type\":\"Organization\",\"@id\":\"https:\\\/\\\/booksfrommexico.com\\\/#organization\",\"name\":\"Books From Mexico\",\"url\":\"https:\\\/\\\/booksfrommexico.com\\\/\",\"logo\":{\"@type\":\"ImageObject\",\"inLanguage\":\"es\",\"@id\":\"https:\\\/\\\/booksfrommexico.com\\\/#\\\/schema\\\/logo\\\/image\\\/\",\"url\":\"https:\\\/\\\/booksfrommexico.com\\\/app\\\/uploads\\\/2023\\\/05\\\/logo-booksfrommexico.svg\",\"contentUrl\":\"https:\\\/\\\/booksfrommexico.com\\\/app\\\/uploads\\\/2023\\\/05\\\/logo-booksfrommexico.svg\",\"width\":86,\"height\":56,\"caption\":\"Books From Mexico\"},\"image\":{\"@id\":\"https:\\\/\\\/booksfrommexico.com\\\/#\\\/schema\\\/logo\\\/image\\\/\"}}]}<\/script>\n<!-- \/ Yoast SEO plugin. -->","yoast_head_json":{"title":"Gubias y rodillos del M\u00e9xico ind\u00edgena \/ Otro tiempo desde el...","description":"GUBIAS Y RODILLOS DEL M\u00c9XICO IND\u00cdGENA : EXPOSICI\u00d3N DEL TALLER POPULAR DE GRABADO \/ OTRO TIEMPO... DESDE EL FONDO DEL TIEMPO : NARRATIVA FOTOGR\u00c1FICA.","robots":{"index":"index","follow":"follow","max-snippet":"max-snippet:-1","max-image-preview":"max-image-preview:large","max-video-preview":"max-video-preview:-1"},"canonical":"https:\/\/booksfrommexico.com\/es\/producto\/gubias-y-rodillos-del-mexico-indigena-exposicion-del-taller-popular-de-grabado-otro-tiempo-desde-el-fondo-del-tiempo\/","og_locale":"es_ES","og_type":"article","og_title":"Gubias y rodillos del M\u00e9xico ind\u00edgena \/ Otro tiempo desde el...","og_description":"GUBIAS Y RODILLOS DEL M\u00c9XICO IND\u00cdGENA : EXPOSICI\u00d3N DEL TALLER POPULAR DE GRABADO \/ OTRO TIEMPO... DESDE EL FONDO DEL TIEMPO : NARRATIVA FOTOGR\u00c1FICA.","og_url":"https:\/\/booksfrommexico.com\/es\/producto\/gubias-y-rodillos-del-mexico-indigena-exposicion-del-taller-popular-de-grabado-otro-tiempo-desde-el-fondo-del-tiempo\/","og_site_name":"Books From Mexico","article_modified_time":"2024-06-04T18:40:20+00:00","og_image":[{"width":594,"height":800,"url":"http:\/\/booksfrommexico.com\/app\/uploads\/2023\/05\/180468.jpeg","type":"image\/jpeg"}],"twitter_card":"summary_large_image","twitter_misc":{"Tiempo de lectura":"1 minuto"},"schema":{"@context":"https:\/\/schema.org","@graph":[{"@type":"WebPage","@id":"https:\/\/booksfrommexico.com\/es\/producto\/gubias-y-rodillos-del-mexico-indigena-exposicion-del-taller-popular-de-grabado-otro-tiempo-desde-el-fondo-del-tiempo\/","url":"https:\/\/booksfrommexico.com\/es\/producto\/gubias-y-rodillos-del-mexico-indigena-exposicion-del-taller-popular-de-grabado-otro-tiempo-desde-el-fondo-del-tiempo\/","name":"Gubias y rodillos del M\u00e9xico ind\u00edgena \/ Otro tiempo desde el...","isPartOf":{"@id":"https:\/\/booksfrommexico.com\/#website"},"primaryImageOfPage":{"@id":"https:\/\/booksfrommexico.com\/es\/producto\/gubias-y-rodillos-del-mexico-indigena-exposicion-del-taller-popular-de-grabado-otro-tiempo-desde-el-fondo-del-tiempo\/#primaryimage"},"image":{"@id":"https:\/\/booksfrommexico.com\/es\/producto\/gubias-y-rodillos-del-mexico-indigena-exposicion-del-taller-popular-de-grabado-otro-tiempo-desde-el-fondo-del-tiempo\/#primaryimage"},"thumbnailUrl":"https:\/\/booksfrommexico.com\/app\/uploads\/2023\/05\/180468.jpeg","datePublished":"2023-05-08T17:11:38+00:00","dateModified":"2024-06-04T18:40:20+00:00","description":"GUBIAS Y RODILLOS DEL M\u00c9XICO IND\u00cdGENA : EXPOSICI\u00d3N DEL TALLER POPULAR DE GRABADO \/ OTRO TIEMPO... DESDE EL FONDO DEL TIEMPO : NARRATIVA FOTOGR\u00c1FICA.","breadcrumb":{"@id":"https:\/\/booksfrommexico.com\/es\/producto\/gubias-y-rodillos-del-mexico-indigena-exposicion-del-taller-popular-de-grabado-otro-tiempo-desde-el-fondo-del-tiempo\/#breadcrumb"},"inLanguage":"es","potentialAction":[{"@type":"ReadAction","target":["https:\/\/booksfrommexico.com\/es\/producto\/gubias-y-rodillos-del-mexico-indigena-exposicion-del-taller-popular-de-grabado-otro-tiempo-desde-el-fondo-del-tiempo\/"]}]},{"@type":"ImageObject","inLanguage":"es","@id":"https:\/\/booksfrommexico.com\/es\/producto\/gubias-y-rodillos-del-mexico-indigena-exposicion-del-taller-popular-de-grabado-otro-tiempo-desde-el-fondo-del-tiempo\/#primaryimage","url":"https:\/\/booksfrommexico.com\/app\/uploads\/2023\/05\/180468.jpeg","contentUrl":"https:\/\/booksfrommexico.com\/app\/uploads\/2023\/05\/180468.jpeg","width":594,"height":800,"caption":"Books From M\u00e9xico: Gubias y rodillos del M\u00e9xico ind\u00edgena Moctezuma Barrag\u00e1n"},{"@type":"BreadcrumbList","@id":"https:\/\/booksfrommexico.com\/es\/producto\/gubias-y-rodillos-del-mexico-indigena-exposicion-del-taller-popular-de-grabado-otro-tiempo-desde-el-fondo-del-tiempo\/#breadcrumb","itemListElement":[{"@type":"ListItem","position":1,"name":"Home","item":"https:\/\/booksfrommexico.com\/es\/"},{"@type":"ListItem","position":2,"name":"Libros","item":"https:\/\/booksfrommexico.com\/es\/libros\/"},{"@type":"ListItem","position":3,"name":"Gubias y rodillos del M\u00e9xico ind\u00edgena \/ Otro tiempo desde el fondo del tiempo"}]},{"@type":"WebSite","@id":"https:\/\/booksfrommexico.com\/#website","url":"https:\/\/booksfrommexico.com\/","name":"Books From Mexico","description":"","publisher":{"@id":"https:\/\/booksfrommexico.com\/#organization"},"potentialAction":[{"@type":"SearchAction","target":{"@type":"EntryPoint","urlTemplate":"https:\/\/booksfrommexico.com\/?s={search_term_string}"},"query-input":{"@type":"PropertyValueSpecification","valueRequired":true,"valueName":"search_term_string"}}],"inLanguage":"es"},{"@type":"Organization","@id":"https:\/\/booksfrommexico.com\/#organization","name":"Books From Mexico","url":"https:\/\/booksfrommexico.com\/","logo":{"@type":"ImageObject","inLanguage":"es","@id":"https:\/\/booksfrommexico.com\/#\/schema\/logo\/image\/","url":"https:\/\/booksfrommexico.com\/app\/uploads\/2023\/05\/logo-booksfrommexico.svg","contentUrl":"https:\/\/booksfrommexico.com\/app\/uploads\/2023\/05\/logo-booksfrommexico.svg","width":86,"height":56,"caption":"Books From Mexico"},"image":{"@id":"https:\/\/booksfrommexico.com\/#\/schema\/logo\/image\/"}}]}},"_links":{"self":[{"href":"https:\/\/booksfrommexico.com\/es\/wp-json\/wp\/v2\/product\/1142","targetHints":{"allow":["GET"]}}],"collection":[{"href":"https:\/\/booksfrommexico.com\/es\/wp-json\/wp\/v2\/product"}],"about":[{"href":"https:\/\/booksfrommexico.com\/es\/wp-json\/wp\/v2\/types\/product"}],"wp:featuredmedia":[{"embeddable":true,"href":"https:\/\/booksfrommexico.com\/es\/wp-json\/wp\/v2\/media\/1141"}],"wp:attachment":[{"href":"https:\/\/booksfrommexico.com\/es\/wp-json\/wp\/v2\/media?parent=1142"}],"wp:term":[{"taxonomy":"product_brand","embeddable":true,"href":"https:\/\/booksfrommexico.com\/es\/wp-json\/wp\/v2\/product_brand?post=1142"},{"taxonomy":"product_cat","embeddable":true,"href":"https:\/\/booksfrommexico.com\/es\/wp-json\/wp\/v2\/product_cat?post=1142"},{"taxonomy":"product_tag","embeddable":true,"href":"https:\/\/booksfrommexico.com\/es\/wp-json\/wp\/v2\/product_tag?post=1142"}],"curies":[{"name":"wp","href":"https:\/\/api.w.org\/{rel}","templated":true}]}}