{"id":1144,"date":"2023-05-08T17:11:40","date_gmt":"2023-05-08T17:11:40","guid":{"rendered":"http:\/\/booksfrommexico.com\/product\/los-codices-mesoamericanos-registros-de-religion-politica-y-sociedad\/"},"modified":"2024-11-12T19:52:50","modified_gmt":"2024-11-12T19:52:50","slug":"los-codices-mesoamericanos-registros-de-religion-politica-y-sociedad","status":"publish","type":"product","link":"https:\/\/booksfrommexico.com\/es\/producto\/los-codices-mesoamericanos-registros-de-religion-politica-y-sociedad\/","title":{"rendered":"Los c\u00f3dices mesoamericanos: Registros de religi\u00f3n, pol\u00edtica y sociedad"},"content":{"rendered":"<p><span style=\"font-weight: 400;\">El conocimiento de la religiosidad que caracteriz\u00f3 a algunas culturas arqueol\u00f3gicas mesoamericanas se sustenta\u00a0 en los registros de la imagen visual, o, en el mejor de los casos, en escritos. Estos documentos, denominados \u201cc\u00f3dices\u201d, permitieron la transmisi\u00f3n y preservaci\u00f3n de la cultura y cosmovisi\u00f3n mesoamericana. Este t\u00edtulo contiene los trabajos de 12 autores cuyas investigaciones est\u00e1n enfocadas a los c\u00f3dices mesoamericanos que se crearon en el Centro de M\u00e9xico desde la \u00e9poca prehisp\u00e1nica.<\/span> <span style=\"font-weight: 400;\">A trav\u00e9s de las investigaciones que aqu\u00ed se incluyen, se presentan enfoques desde los cuales es posible abordar el estudio de los c\u00f3dices mesoamericanos, aportando adem\u00e1s novedades en torno al mismo. <\/span><\/p>\n","protected":false},"excerpt":{"rendered":"<p>LOS C\u00d3DICES MESOAMERICANOS : REGISTROS DE RELIGI\u00d3N, POL\u00cdTICA Y SOCIEDAD<span style=\"font-weight: 400;\">. \/ Miguel \u00c1ngel Ruz Barrio, Juan Jos\u00e9 Batalla Rosado (coordinators). Zincantepec, M\u00e9xico : El Colegio Mexiquense, 2016. 342 pages : includes illustrations, photos, maps, charts, bibliography at the end of each chapter ; 23 cm. ISBN : 9786077761990.<\/span><\/p>\n","protected":false},"featured_media":1143,"template":"","meta":{"_acf_changed":false,"inline_featured_image":false},"product_brand":[],"product_cat":[19,3219],"product_tag":[4331,4262,3587],"class_list":{"0":"post-1144","1":"product","2":"type-product","3":"status-publish","4":"has-post-thumbnail","6":"product_cat-antropologia","7":"product_cat-prehispanica","8":"product_tag-arte-prehispanico","9":"product_tag-cultura-prehispanica","10":"product_tag-prehispanico","12":"first","13":"outofstock","14":"taxable","15":"shipping-taxable","16":"purchasable","17":"product-type-simple"},"acf":[],"yoast_head":"<!-- This site is optimized with the Yoast SEO plugin v27.3 - https:\/\/yoast.com\/product\/yoast-seo-wordpress\/ -->\n<title>C\u00f3dices mesoamericanos<\/title>\n<meta name=\"description\" content=\"LOS C\u00d3DICES MESOAMERICANOS : REGISTROS DE RELIGI\u00d3N, POL\u00cdTICA Y SOCIEDAD. \/ Miguel \u00c1ngel Ruz Barrio, Juan Jos\u00e9 Batalla Rosado (coordinators).\" \/>\n<meta name=\"robots\" content=\"index, follow, max-snippet:-1, max-image-preview:large, max-video-preview:-1\" \/>\n<link rel=\"canonical\" href=\"https:\/\/booksfrommexico.com\/es\/producto\/los-codices-mesoamericanos-registros-de-religion-politica-y-sociedad\/\" \/>\n<meta property=\"og:locale\" content=\"es_ES\" \/>\n<meta property=\"og:type\" content=\"article\" \/>\n<meta property=\"og:title\" content=\"C\u00f3dices mesoamericanos\" \/>\n<meta property=\"og:description\" content=\"LOS C\u00d3DICES MESOAMERICANOS : REGISTROS DE RELIGI\u00d3N, POL\u00cdTICA Y SOCIEDAD. \/ Miguel \u00c1ngel Ruz Barrio, Juan Jos\u00e9 Batalla Rosado (coordinators).\" \/>\n<meta property=\"og:url\" content=\"https:\/\/booksfrommexico.com\/es\/producto\/los-codices-mesoamericanos-registros-de-religion-politica-y-sociedad\/\" \/>\n<meta property=\"og:site_name\" content=\"Books From Mexico\" \/>\n<meta property=\"article:modified_time\" content=\"2024-11-12T19:52:50+00:00\" \/>\n<meta property=\"og:image\" content=\"http:\/\/booksfrommexico.com\/app\/uploads\/2023\/05\/180621.jpeg\" \/>\n\t<meta property=\"og:image:width\" content=\"456\" \/>\n\t<meta property=\"og:image:height\" content=\"661\" \/>\n\t<meta property=\"og:image:type\" content=\"image\/jpeg\" \/>\n<meta name=\"twitter:card\" content=\"summary_large_image\" \/>\n<meta name=\"twitter:label1\" content=\"Tiempo de lectura\" \/>\n\t<meta name=\"twitter:data1\" content=\"1 minuto\" \/>\n<script type=\"application\/ld+json\" class=\"yoast-schema-graph\">{\"@context\":\"https:\\\/\\\/schema.org\",\"@graph\":[{\"@type\":\"WebPage\",\"@id\":\"https:\\\/\\\/booksfrommexico.com\\\/es\\\/producto\\\/los-codices-mesoamericanos-registros-de-religion-politica-y-sociedad\\\/\",\"url\":\"https:\\\/\\\/booksfrommexico.com\\\/es\\\/producto\\\/los-codices-mesoamericanos-registros-de-religion-politica-y-sociedad\\\/\",\"name\":\"C\u00f3dices mesoamericanos\",\"isPartOf\":{\"@id\":\"https:\\\/\\\/booksfrommexico.com\\\/#website\"},\"primaryImageOfPage\":{\"@id\":\"https:\\\/\\\/booksfrommexico.com\\\/es\\\/producto\\\/los-codices-mesoamericanos-registros-de-religion-politica-y-sociedad\\\/#primaryimage\"},\"image\":{\"@id\":\"https:\\\/\\\/booksfrommexico.com\\\/es\\\/producto\\\/los-codices-mesoamericanos-registros-de-religion-politica-y-sociedad\\\/#primaryimage\"},\"thumbnailUrl\":\"https:\\\/\\\/booksfrommexico.com\\\/app\\\/uploads\\\/2023\\\/05\\\/180621.jpeg\",\"datePublished\":\"2023-05-08T17:11:40+00:00\",\"dateModified\":\"2024-11-12T19:52:50+00:00\",\"description\":\"LOS C\u00d3DICES MESOAMERICANOS : REGISTROS DE RELIGI\u00d3N, POL\u00cdTICA Y SOCIEDAD. \\\/ Miguel \u00c1ngel Ruz Barrio, Juan Jos\u00e9 Batalla Rosado (coordinators).\",\"breadcrumb\":{\"@id\":\"https:\\\/\\\/booksfrommexico.com\\\/es\\\/producto\\\/los-codices-mesoamericanos-registros-de-religion-politica-y-sociedad\\\/#breadcrumb\"},\"inLanguage\":\"es\",\"potentialAction\":[{\"@type\":\"ReadAction\",\"target\":[\"https:\\\/\\\/booksfrommexico.com\\\/es\\\/producto\\\/los-codices-mesoamericanos-registros-de-religion-politica-y-sociedad\\\/\"]}]},{\"@type\":\"ImageObject\",\"inLanguage\":\"es\",\"@id\":\"https:\\\/\\\/booksfrommexico.com\\\/es\\\/producto\\\/los-codices-mesoamericanos-registros-de-religion-politica-y-sociedad\\\/#primaryimage\",\"url\":\"https:\\\/\\\/booksfrommexico.com\\\/app\\\/uploads\\\/2023\\\/05\\\/180621.jpeg\",\"contentUrl\":\"https:\\\/\\\/booksfrommexico.com\\\/app\\\/uploads\\\/2023\\\/05\\\/180621.jpeg\",\"width\":456,\"height\":661,\"caption\":\"Books From M\u00e9xico: Los c\u00f3dices mesoamericanos\"},{\"@type\":\"BreadcrumbList\",\"@id\":\"https:\\\/\\\/booksfrommexico.com\\\/es\\\/producto\\\/los-codices-mesoamericanos-registros-de-religion-politica-y-sociedad\\\/#breadcrumb\",\"itemListElement\":[{\"@type\":\"ListItem\",\"position\":1,\"name\":\"Home\",\"item\":\"https:\\\/\\\/booksfrommexico.com\\\/es\\\/\"},{\"@type\":\"ListItem\",\"position\":2,\"name\":\"Libros\",\"item\":\"https:\\\/\\\/booksfrommexico.com\\\/es\\\/libros\\\/\"},{\"@type\":\"ListItem\",\"position\":3,\"name\":\"Los c\u00f3dices mesoamericanos: Registros de religi\u00f3n, pol\u00edtica y sociedad\"}]},{\"@type\":\"WebSite\",\"@id\":\"https:\\\/\\\/booksfrommexico.com\\\/#website\",\"url\":\"https:\\\/\\\/booksfrommexico.com\\\/\",\"name\":\"Books From Mexico\",\"description\":\"\",\"publisher\":{\"@id\":\"https:\\\/\\\/booksfrommexico.com\\\/#organization\"},\"potentialAction\":[{\"@type\":\"SearchAction\",\"target\":{\"@type\":\"EntryPoint\",\"urlTemplate\":\"https:\\\/\\\/booksfrommexico.com\\\/?s={search_term_string}\"},\"query-input\":{\"@type\":\"PropertyValueSpecification\",\"valueRequired\":true,\"valueName\":\"search_term_string\"}}],\"inLanguage\":\"es\"},{\"@type\":\"Organization\",\"@id\":\"https:\\\/\\\/booksfrommexico.com\\\/#organization\",\"name\":\"Books From Mexico\",\"url\":\"https:\\\/\\\/booksfrommexico.com\\\/\",\"logo\":{\"@type\":\"ImageObject\",\"inLanguage\":\"es\",\"@id\":\"https:\\\/\\\/booksfrommexico.com\\\/#\\\/schema\\\/logo\\\/image\\\/\",\"url\":\"https:\\\/\\\/booksfrommexico.com\\\/app\\\/uploads\\\/2023\\\/05\\\/logo-booksfrommexico.svg\",\"contentUrl\":\"https:\\\/\\\/booksfrommexico.com\\\/app\\\/uploads\\\/2023\\\/05\\\/logo-booksfrommexico.svg\",\"width\":86,\"height\":56,\"caption\":\"Books From Mexico\"},\"image\":{\"@id\":\"https:\\\/\\\/booksfrommexico.com\\\/#\\\/schema\\\/logo\\\/image\\\/\"}}]}<\/script>\n<!-- \/ Yoast SEO plugin. -->","yoast_head_json":{"title":"C\u00f3dices mesoamericanos","description":"LOS C\u00d3DICES MESOAMERICANOS : REGISTROS DE RELIGI\u00d3N, POL\u00cdTICA Y SOCIEDAD. \/ Miguel \u00c1ngel Ruz Barrio, Juan Jos\u00e9 Batalla Rosado (coordinators).","robots":{"index":"index","follow":"follow","max-snippet":"max-snippet:-1","max-image-preview":"max-image-preview:large","max-video-preview":"max-video-preview:-1"},"canonical":"https:\/\/booksfrommexico.com\/es\/producto\/los-codices-mesoamericanos-registros-de-religion-politica-y-sociedad\/","og_locale":"es_ES","og_type":"article","og_title":"C\u00f3dices mesoamericanos","og_description":"LOS C\u00d3DICES MESOAMERICANOS : REGISTROS DE RELIGI\u00d3N, POL\u00cdTICA Y SOCIEDAD. \/ Miguel \u00c1ngel Ruz Barrio, Juan Jos\u00e9 Batalla Rosado (coordinators).","og_url":"https:\/\/booksfrommexico.com\/es\/producto\/los-codices-mesoamericanos-registros-de-religion-politica-y-sociedad\/","og_site_name":"Books From Mexico","article_modified_time":"2024-11-12T19:52:50+00:00","og_image":[{"width":456,"height":661,"url":"http:\/\/booksfrommexico.com\/app\/uploads\/2023\/05\/180621.jpeg","type":"image\/jpeg"}],"twitter_card":"summary_large_image","twitter_misc":{"Tiempo de lectura":"1 minuto"},"schema":{"@context":"https:\/\/schema.org","@graph":[{"@type":"WebPage","@id":"https:\/\/booksfrommexico.com\/es\/producto\/los-codices-mesoamericanos-registros-de-religion-politica-y-sociedad\/","url":"https:\/\/booksfrommexico.com\/es\/producto\/los-codices-mesoamericanos-registros-de-religion-politica-y-sociedad\/","name":"C\u00f3dices mesoamericanos","isPartOf":{"@id":"https:\/\/booksfrommexico.com\/#website"},"primaryImageOfPage":{"@id":"https:\/\/booksfrommexico.com\/es\/producto\/los-codices-mesoamericanos-registros-de-religion-politica-y-sociedad\/#primaryimage"},"image":{"@id":"https:\/\/booksfrommexico.com\/es\/producto\/los-codices-mesoamericanos-registros-de-religion-politica-y-sociedad\/#primaryimage"},"thumbnailUrl":"https:\/\/booksfrommexico.com\/app\/uploads\/2023\/05\/180621.jpeg","datePublished":"2023-05-08T17:11:40+00:00","dateModified":"2024-11-12T19:52:50+00:00","description":"LOS C\u00d3DICES MESOAMERICANOS : REGISTROS DE RELIGI\u00d3N, POL\u00cdTICA Y SOCIEDAD. \/ Miguel \u00c1ngel Ruz Barrio, Juan Jos\u00e9 Batalla Rosado (coordinators).","breadcrumb":{"@id":"https:\/\/booksfrommexico.com\/es\/producto\/los-codices-mesoamericanos-registros-de-religion-politica-y-sociedad\/#breadcrumb"},"inLanguage":"es","potentialAction":[{"@type":"ReadAction","target":["https:\/\/booksfrommexico.com\/es\/producto\/los-codices-mesoamericanos-registros-de-religion-politica-y-sociedad\/"]}]},{"@type":"ImageObject","inLanguage":"es","@id":"https:\/\/booksfrommexico.com\/es\/producto\/los-codices-mesoamericanos-registros-de-religion-politica-y-sociedad\/#primaryimage","url":"https:\/\/booksfrommexico.com\/app\/uploads\/2023\/05\/180621.jpeg","contentUrl":"https:\/\/booksfrommexico.com\/app\/uploads\/2023\/05\/180621.jpeg","width":456,"height":661,"caption":"Books From M\u00e9xico: Los c\u00f3dices mesoamericanos"},{"@type":"BreadcrumbList","@id":"https:\/\/booksfrommexico.com\/es\/producto\/los-codices-mesoamericanos-registros-de-religion-politica-y-sociedad\/#breadcrumb","itemListElement":[{"@type":"ListItem","position":1,"name":"Home","item":"https:\/\/booksfrommexico.com\/es\/"},{"@type":"ListItem","position":2,"name":"Libros","item":"https:\/\/booksfrommexico.com\/es\/libros\/"},{"@type":"ListItem","position":3,"name":"Los c\u00f3dices mesoamericanos: Registros de religi\u00f3n, pol\u00edtica y sociedad"}]},{"@type":"WebSite","@id":"https:\/\/booksfrommexico.com\/#website","url":"https:\/\/booksfrommexico.com\/","name":"Books From Mexico","description":"","publisher":{"@id":"https:\/\/booksfrommexico.com\/#organization"},"potentialAction":[{"@type":"SearchAction","target":{"@type":"EntryPoint","urlTemplate":"https:\/\/booksfrommexico.com\/?s={search_term_string}"},"query-input":{"@type":"PropertyValueSpecification","valueRequired":true,"valueName":"search_term_string"}}],"inLanguage":"es"},{"@type":"Organization","@id":"https:\/\/booksfrommexico.com\/#organization","name":"Books From Mexico","url":"https:\/\/booksfrommexico.com\/","logo":{"@type":"ImageObject","inLanguage":"es","@id":"https:\/\/booksfrommexico.com\/#\/schema\/logo\/image\/","url":"https:\/\/booksfrommexico.com\/app\/uploads\/2023\/05\/logo-booksfrommexico.svg","contentUrl":"https:\/\/booksfrommexico.com\/app\/uploads\/2023\/05\/logo-booksfrommexico.svg","width":86,"height":56,"caption":"Books From Mexico"},"image":{"@id":"https:\/\/booksfrommexico.com\/#\/schema\/logo\/image\/"}}]}},"_links":{"self":[{"href":"https:\/\/booksfrommexico.com\/es\/wp-json\/wp\/v2\/product\/1144","targetHints":{"allow":["GET"]}}],"collection":[{"href":"https:\/\/booksfrommexico.com\/es\/wp-json\/wp\/v2\/product"}],"about":[{"href":"https:\/\/booksfrommexico.com\/es\/wp-json\/wp\/v2\/types\/product"}],"wp:featuredmedia":[{"embeddable":true,"href":"https:\/\/booksfrommexico.com\/es\/wp-json\/wp\/v2\/media\/1143"}],"wp:attachment":[{"href":"https:\/\/booksfrommexico.com\/es\/wp-json\/wp\/v2\/media?parent=1144"}],"wp:term":[{"taxonomy":"product_brand","embeddable":true,"href":"https:\/\/booksfrommexico.com\/es\/wp-json\/wp\/v2\/product_brand?post=1144"},{"taxonomy":"product_cat","embeddable":true,"href":"https:\/\/booksfrommexico.com\/es\/wp-json\/wp\/v2\/product_cat?post=1144"},{"taxonomy":"product_tag","embeddable":true,"href":"https:\/\/booksfrommexico.com\/es\/wp-json\/wp\/v2\/product_tag?post=1144"}],"curies":[{"name":"wp","href":"https:\/\/api.w.org\/{rel}","templated":true}]}}