{"id":1146,"date":"2023-05-08T17:11:41","date_gmt":"2023-05-08T17:11:41","guid":{"rendered":"http:\/\/booksfrommexico.com\/product\/el-amor-y-otras-mentiras\/"},"modified":"2024-05-13T21:33:32","modified_gmt":"2024-05-13T21:33:32","slug":"el-amor-y-otras-mentiras","status":"publish","type":"product","link":"https:\/\/booksfrommexico.com\/es\/producto\/el-amor-y-otras-mentiras\/","title":{"rendered":"El amor y otras mentiras"},"content":{"rendered":"<p><span style=\"font-weight: 400;\">\u00c1ngel Bolig\u00e1n es un artista pl\u00e1stico y caricaturista reconocido por su trabajo en medios internacionales como <\/span><i><span style=\"font-weight: 400;\">El Universal, El Chamuco, <\/span><\/i><span style=\"font-weight: 400;\">y<\/span><i><span style=\"font-weight: 400;\"> Foreign Affairs Latinoam\u00e9rica, <\/span><\/i><span style=\"font-weight: 400;\">entre otros. Acompa\u00f1ado de textos de Silvio Rodr\u00edguez e Iv\u00e1n de la Nuez, el autor muestra, a trav\u00e9s de sus caricaturas, su visi\u00f3n y perspectiva del amor, incluyendo la dulzura y los desazones . Estos cartones muestran distintas circunstancias que se viven en la actualidad en las relaciones de pareja, realizando una cr\u00edtica al sometimiento de la mujer, c\u00f3mo el capitalismo afecta a las relaciones, el amor en la homosexualidad, el obst\u00e1culo que la tecnolog\u00eda representa, entre muchas otras que demuestran la iron\u00eda de los amores modernos.<\/span><\/p>\n","protected":false},"excerpt":{"rendered":"<p>EL AMOR Y OTRAS MENTIRAS<span style=\"font-weight: 400;\">. \/ \u00c1ngel Bolig\u00e1n. Ciudad de M\u00e9xico, M\u00e9xico : Almad\u00eda, 2016. <\/span><span style=\"font-weight: 400;\">[136 pages unpaged] : includes chiefly illustrations ; <\/span><span style=\"font-weight: 400;\">23 cm. ISBN : 9786078486250.<\/span><\/p>\n","protected":false},"featured_media":1145,"template":"","meta":{"_acf_changed":false,"inline_featured_image":false},"product_brand":[],"product_cat":[87,4259],"product_tag":[3769,3608],"class_list":{"0":"post-1146","1":"product","2":"type-product","3":"status-publish","4":"has-post-thumbnail","6":"product_cat-arte","7":"product_cat-caricatura","8":"product_tag-obras-ilustradas","9":"product_tag-vida-social-y-costumbres","11":"first","12":"instock","13":"sale","14":"taxable","15":"shipping-taxable","16":"purchasable","17":"product-type-simple"},"acf":[],"yoast_head":"<!-- This site is optimized with the Yoast SEO plugin v27.3 - https:\/\/yoast.com\/product\/yoast-seo-wordpress\/ -->\n<title>El amor y otras mentiras<\/title>\n<meta name=\"description\" content=\"EL AMOR Y OTRAS MENTIRAS. \/ \u00c1ngel Bolig\u00e1n. Ciudad de M\u00e9xico, M\u00e9xico : Almad\u00eda, 2016. [136 pages unpaged] : includes chiefly illustrations ; 23 cm.\" \/>\n<meta name=\"robots\" content=\"index, follow, max-snippet:-1, max-image-preview:large, max-video-preview:-1\" \/>\n<link rel=\"canonical\" href=\"https:\/\/booksfrommexico.com\/es\/producto\/el-amor-y-otras-mentiras\/\" \/>\n<meta property=\"og:locale\" content=\"es_ES\" \/>\n<meta property=\"og:type\" content=\"article\" \/>\n<meta property=\"og:title\" content=\"El amor y otras mentiras\" \/>\n<meta property=\"og:description\" content=\"EL AMOR Y OTRAS MENTIRAS. \/ \u00c1ngel Bolig\u00e1n. Ciudad de M\u00e9xico, M\u00e9xico : Almad\u00eda, 2016. [136 pages unpaged] : includes chiefly illustrations ; 23 cm.\" \/>\n<meta property=\"og:url\" content=\"https:\/\/booksfrommexico.com\/es\/producto\/el-amor-y-otras-mentiras\/\" \/>\n<meta property=\"og:site_name\" content=\"Books From Mexico\" \/>\n<meta property=\"article:modified_time\" content=\"2024-05-13T21:33:32+00:00\" \/>\n<meta property=\"og:image\" content=\"http:\/\/booksfrommexico.com\/app\/uploads\/2023\/05\/181181.jpeg\" \/>\n\t<meta property=\"og:image:width\" content=\"456\" \/>\n\t<meta property=\"og:image:height\" content=\"665\" \/>\n\t<meta property=\"og:image:type\" content=\"image\/jpeg\" \/>\n<meta name=\"twitter:card\" content=\"summary_large_image\" \/>\n<meta name=\"twitter:label1\" content=\"Tiempo de lectura\" \/>\n\t<meta name=\"twitter:data1\" content=\"1 minuto\" \/>\n<script type=\"application\/ld+json\" class=\"yoast-schema-graph\">{\"@context\":\"https:\\\/\\\/schema.org\",\"@graph\":[{\"@type\":\"WebPage\",\"@id\":\"https:\\\/\\\/booksfrommexico.com\\\/es\\\/producto\\\/el-amor-y-otras-mentiras\\\/\",\"url\":\"https:\\\/\\\/booksfrommexico.com\\\/es\\\/producto\\\/el-amor-y-otras-mentiras\\\/\",\"name\":\"El amor y otras mentiras\",\"isPartOf\":{\"@id\":\"https:\\\/\\\/booksfrommexico.com\\\/#website\"},\"primaryImageOfPage\":{\"@id\":\"https:\\\/\\\/booksfrommexico.com\\\/es\\\/producto\\\/el-amor-y-otras-mentiras\\\/#primaryimage\"},\"image\":{\"@id\":\"https:\\\/\\\/booksfrommexico.com\\\/es\\\/producto\\\/el-amor-y-otras-mentiras\\\/#primaryimage\"},\"thumbnailUrl\":\"https:\\\/\\\/booksfrommexico.com\\\/app\\\/uploads\\\/2023\\\/05\\\/181181.jpeg\",\"datePublished\":\"2023-05-08T17:11:41+00:00\",\"dateModified\":\"2024-05-13T21:33:32+00:00\",\"description\":\"EL AMOR Y OTRAS MENTIRAS. \\\/ \u00c1ngel Bolig\u00e1n. Ciudad de M\u00e9xico, M\u00e9xico : Almad\u00eda, 2016. [136 pages unpaged] : includes chiefly illustrations ; 23 cm.\",\"breadcrumb\":{\"@id\":\"https:\\\/\\\/booksfrommexico.com\\\/es\\\/producto\\\/el-amor-y-otras-mentiras\\\/#breadcrumb\"},\"inLanguage\":\"es\",\"potentialAction\":[{\"@type\":\"ReadAction\",\"target\":[\"https:\\\/\\\/booksfrommexico.com\\\/es\\\/producto\\\/el-amor-y-otras-mentiras\\\/\"]}]},{\"@type\":\"ImageObject\",\"inLanguage\":\"es\",\"@id\":\"https:\\\/\\\/booksfrommexico.com\\\/es\\\/producto\\\/el-amor-y-otras-mentiras\\\/#primaryimage\",\"url\":\"https:\\\/\\\/booksfrommexico.com\\\/app\\\/uploads\\\/2023\\\/05\\\/181181.jpeg\",\"contentUrl\":\"https:\\\/\\\/booksfrommexico.com\\\/app\\\/uploads\\\/2023\\\/05\\\/181181.jpeg\",\"width\":456,\"height\":665,\"caption\":\"Books From M\u00e9xico: El amor y otras mentiras\"},{\"@type\":\"BreadcrumbList\",\"@id\":\"https:\\\/\\\/booksfrommexico.com\\\/es\\\/producto\\\/el-amor-y-otras-mentiras\\\/#breadcrumb\",\"itemListElement\":[{\"@type\":\"ListItem\",\"position\":1,\"name\":\"Home\",\"item\":\"https:\\\/\\\/booksfrommexico.com\\\/es\\\/\"},{\"@type\":\"ListItem\",\"position\":2,\"name\":\"Libros\",\"item\":\"https:\\\/\\\/booksfrommexico.com\\\/es\\\/libros\\\/\"},{\"@type\":\"ListItem\",\"position\":3,\"name\":\"El amor y otras mentiras\"}]},{\"@type\":\"WebSite\",\"@id\":\"https:\\\/\\\/booksfrommexico.com\\\/#website\",\"url\":\"https:\\\/\\\/booksfrommexico.com\\\/\",\"name\":\"Books From Mexico\",\"description\":\"\",\"publisher\":{\"@id\":\"https:\\\/\\\/booksfrommexico.com\\\/#organization\"},\"potentialAction\":[{\"@type\":\"SearchAction\",\"target\":{\"@type\":\"EntryPoint\",\"urlTemplate\":\"https:\\\/\\\/booksfrommexico.com\\\/?s={search_term_string}\"},\"query-input\":{\"@type\":\"PropertyValueSpecification\",\"valueRequired\":true,\"valueName\":\"search_term_string\"}}],\"inLanguage\":\"es\"},{\"@type\":\"Organization\",\"@id\":\"https:\\\/\\\/booksfrommexico.com\\\/#organization\",\"name\":\"Books From Mexico\",\"url\":\"https:\\\/\\\/booksfrommexico.com\\\/\",\"logo\":{\"@type\":\"ImageObject\",\"inLanguage\":\"es\",\"@id\":\"https:\\\/\\\/booksfrommexico.com\\\/#\\\/schema\\\/logo\\\/image\\\/\",\"url\":\"https:\\\/\\\/booksfrommexico.com\\\/app\\\/uploads\\\/2023\\\/05\\\/logo-booksfrommexico.svg\",\"contentUrl\":\"https:\\\/\\\/booksfrommexico.com\\\/app\\\/uploads\\\/2023\\\/05\\\/logo-booksfrommexico.svg\",\"width\":86,\"height\":56,\"caption\":\"Books From Mexico\"},\"image\":{\"@id\":\"https:\\\/\\\/booksfrommexico.com\\\/#\\\/schema\\\/logo\\\/image\\\/\"}}]}<\/script>\n<!-- \/ Yoast SEO plugin. -->","yoast_head_json":{"title":"El amor y otras mentiras","description":"EL AMOR Y OTRAS MENTIRAS. \/ \u00c1ngel Bolig\u00e1n. Ciudad de M\u00e9xico, M\u00e9xico : Almad\u00eda, 2016. [136 pages unpaged] : includes chiefly illustrations ; 23 cm.","robots":{"index":"index","follow":"follow","max-snippet":"max-snippet:-1","max-image-preview":"max-image-preview:large","max-video-preview":"max-video-preview:-1"},"canonical":"https:\/\/booksfrommexico.com\/es\/producto\/el-amor-y-otras-mentiras\/","og_locale":"es_ES","og_type":"article","og_title":"El amor y otras mentiras","og_description":"EL AMOR Y OTRAS MENTIRAS. \/ \u00c1ngel Bolig\u00e1n. Ciudad de M\u00e9xico, M\u00e9xico : Almad\u00eda, 2016. [136 pages unpaged] : includes chiefly illustrations ; 23 cm.","og_url":"https:\/\/booksfrommexico.com\/es\/producto\/el-amor-y-otras-mentiras\/","og_site_name":"Books From Mexico","article_modified_time":"2024-05-13T21:33:32+00:00","og_image":[{"width":456,"height":665,"url":"http:\/\/booksfrommexico.com\/app\/uploads\/2023\/05\/181181.jpeg","type":"image\/jpeg"}],"twitter_card":"summary_large_image","twitter_misc":{"Tiempo de lectura":"1 minuto"},"schema":{"@context":"https:\/\/schema.org","@graph":[{"@type":"WebPage","@id":"https:\/\/booksfrommexico.com\/es\/producto\/el-amor-y-otras-mentiras\/","url":"https:\/\/booksfrommexico.com\/es\/producto\/el-amor-y-otras-mentiras\/","name":"El amor y otras mentiras","isPartOf":{"@id":"https:\/\/booksfrommexico.com\/#website"},"primaryImageOfPage":{"@id":"https:\/\/booksfrommexico.com\/es\/producto\/el-amor-y-otras-mentiras\/#primaryimage"},"image":{"@id":"https:\/\/booksfrommexico.com\/es\/producto\/el-amor-y-otras-mentiras\/#primaryimage"},"thumbnailUrl":"https:\/\/booksfrommexico.com\/app\/uploads\/2023\/05\/181181.jpeg","datePublished":"2023-05-08T17:11:41+00:00","dateModified":"2024-05-13T21:33:32+00:00","description":"EL AMOR Y OTRAS MENTIRAS. \/ \u00c1ngel Bolig\u00e1n. Ciudad de M\u00e9xico, M\u00e9xico : Almad\u00eda, 2016. [136 pages unpaged] : includes chiefly illustrations ; 23 cm.","breadcrumb":{"@id":"https:\/\/booksfrommexico.com\/es\/producto\/el-amor-y-otras-mentiras\/#breadcrumb"},"inLanguage":"es","potentialAction":[{"@type":"ReadAction","target":["https:\/\/booksfrommexico.com\/es\/producto\/el-amor-y-otras-mentiras\/"]}]},{"@type":"ImageObject","inLanguage":"es","@id":"https:\/\/booksfrommexico.com\/es\/producto\/el-amor-y-otras-mentiras\/#primaryimage","url":"https:\/\/booksfrommexico.com\/app\/uploads\/2023\/05\/181181.jpeg","contentUrl":"https:\/\/booksfrommexico.com\/app\/uploads\/2023\/05\/181181.jpeg","width":456,"height":665,"caption":"Books From M\u00e9xico: El amor y otras mentiras"},{"@type":"BreadcrumbList","@id":"https:\/\/booksfrommexico.com\/es\/producto\/el-amor-y-otras-mentiras\/#breadcrumb","itemListElement":[{"@type":"ListItem","position":1,"name":"Home","item":"https:\/\/booksfrommexico.com\/es\/"},{"@type":"ListItem","position":2,"name":"Libros","item":"https:\/\/booksfrommexico.com\/es\/libros\/"},{"@type":"ListItem","position":3,"name":"El amor y otras mentiras"}]},{"@type":"WebSite","@id":"https:\/\/booksfrommexico.com\/#website","url":"https:\/\/booksfrommexico.com\/","name":"Books From Mexico","description":"","publisher":{"@id":"https:\/\/booksfrommexico.com\/#organization"},"potentialAction":[{"@type":"SearchAction","target":{"@type":"EntryPoint","urlTemplate":"https:\/\/booksfrommexico.com\/?s={search_term_string}"},"query-input":{"@type":"PropertyValueSpecification","valueRequired":true,"valueName":"search_term_string"}}],"inLanguage":"es"},{"@type":"Organization","@id":"https:\/\/booksfrommexico.com\/#organization","name":"Books From Mexico","url":"https:\/\/booksfrommexico.com\/","logo":{"@type":"ImageObject","inLanguage":"es","@id":"https:\/\/booksfrommexico.com\/#\/schema\/logo\/image\/","url":"https:\/\/booksfrommexico.com\/app\/uploads\/2023\/05\/logo-booksfrommexico.svg","contentUrl":"https:\/\/booksfrommexico.com\/app\/uploads\/2023\/05\/logo-booksfrommexico.svg","width":86,"height":56,"caption":"Books From Mexico"},"image":{"@id":"https:\/\/booksfrommexico.com\/#\/schema\/logo\/image\/"}}]}},"_links":{"self":[{"href":"https:\/\/booksfrommexico.com\/es\/wp-json\/wp\/v2\/product\/1146","targetHints":{"allow":["GET"]}}],"collection":[{"href":"https:\/\/booksfrommexico.com\/es\/wp-json\/wp\/v2\/product"}],"about":[{"href":"https:\/\/booksfrommexico.com\/es\/wp-json\/wp\/v2\/types\/product"}],"wp:featuredmedia":[{"embeddable":true,"href":"https:\/\/booksfrommexico.com\/es\/wp-json\/wp\/v2\/media\/1145"}],"wp:attachment":[{"href":"https:\/\/booksfrommexico.com\/es\/wp-json\/wp\/v2\/media?parent=1146"}],"wp:term":[{"taxonomy":"product_brand","embeddable":true,"href":"https:\/\/booksfrommexico.com\/es\/wp-json\/wp\/v2\/product_brand?post=1146"},{"taxonomy":"product_cat","embeddable":true,"href":"https:\/\/booksfrommexico.com\/es\/wp-json\/wp\/v2\/product_cat?post=1146"},{"taxonomy":"product_tag","embeddable":true,"href":"https:\/\/booksfrommexico.com\/es\/wp-json\/wp\/v2\/product_tag?post=1146"}],"curies":[{"name":"wp","href":"https:\/\/api.w.org\/{rel}","templated":true}]}}