{"id":1148,"date":"2023-05-08T17:11:43","date_gmt":"2023-05-08T17:11:43","guid":{"rendered":"http:\/\/booksfrommexico.com\/product\/san-diego-de-alcala-y-el-tsuulil-kaak-entidades-sagradas-en-una-comunidad-maya-de-campeche\/"},"modified":"2024-11-12T19:53:40","modified_gmt":"2024-11-12T19:53:40","slug":"san-diego-de-alcala-y-el-tsuulil-kaak-entidades-sagradas-en-una-comunidad-maya-de-campeche","status":"publish","type":"product","link":"https:\/\/booksfrommexico.com\/es\/producto\/san-diego-de-alcala-y-el-tsuulil-kaak-entidades-sagradas-en-una-comunidad-maya-de-campeche\/","title":{"rendered":"San Diego de Alcal\u00e1 y el Ts&#8217;uulil K&#8217;\u00e1ak: Entidades sagradas en una comunidad maya de Campeche"},"content":{"rendered":"<p><span style=\"font-weight: 400;\">El trabajo que aqu\u00ed se presenta tiene el prop\u00f3sito de ser una etnograf\u00eda sobre el complejo m\u00edtico y ritual que, en la comunidad de Ninkin\u00ed, ubicada en el estado de Campeche, se dedica a dos entidades sagradas, las cuales ocupan un preeminente en el pante\u00f3n local. El autor tuvo el inter\u00e9s de llenar parte del vac\u00edo en el conocimiento sobre los mayas asentados en Campeche, por lo cual se propuso conocer m\u00e1s sobre la comunidad y comenz\u00f3 una investigaci\u00f3n de campo que eventualmente tuvo como resultado este t\u00edtulo. Asimismo, busc\u00f3 privilegiar las voces de los nunkinienses que le concedieron entrevistas y conversaciones y le contaron sobre los significados y atribuciones de estos s\u00edmbolos sagrados.<\/span><\/p>\n<p><br style=\"font-weight: 400;\" \/><br style=\"font-weight: 400;\" \/><\/p>\n","protected":false},"excerpt":{"rendered":"<p>SAN DIEGO DE ALCAL\u00c1 Y EL TS&#8217;UULIL K&#8217;\u00c1AK : ENTIDADES SAGRADAS EN UNA COMUNIDAD MAYA DE CAMPECHE<span style=\"font-weight: 400;\">. \/ David de \u00c1ngel Garc\u00eda. M\u00e9rida, Yucat\u00e1n, M\u00e9xico : Universidad Nacional Aut\u00f3noma de M\u00e9xico , Centro Peninsular en Humanidades y en Ciencias Sociales, 2016. 652 pages : includes photos, references, bibliography ; 23 cm. (Serie Monograf\u00edas). ISBN : 9786070287619.<\/span><\/p>\n","protected":false},"featured_media":1147,"template":"","meta":{"_acf_changed":false,"inline_featured_image":false},"product_brand":[],"product_cat":[19,117],"product_tag":[3781,3831],"class_list":{"0":"post-1148","1":"product","2":"type-product","3":"status-publish","4":"has-post-thumbnail","6":"product_cat-antropologia","7":"product_cat-etnoantropolgia","8":"product_tag-cultura-maya","9":"product_tag-yucatan-mexico","11":"first","12":"outofstock","13":"taxable","14":"shipping-taxable","15":"purchasable","16":"product-type-simple"},"acf":[],"yoast_head":"<!-- This site is optimized with the Yoast SEO plugin v27.3 - https:\/\/yoast.com\/product\/yoast-seo-wordpress\/ -->\n<title>San Diego de Alcal\u00e1 y el Ts&#039;uulil K&#039;\u00e1ak: Entidades sagradas...<\/title>\n<meta name=\"description\" content=\"SAN DIEGO DE ALCAL\u00c1 Y EL TS&#039;UULIL K&#039;\u00c1AK : ENTIDADES SAGRADAS EN UNA COMUNIDAD MAYA DE CAMPECHE. \/ David de \u00c1ngel Garc\u00eda. (Serie Monograf\u00edas).\" \/>\n<meta name=\"robots\" content=\"index, follow, max-snippet:-1, max-image-preview:large, max-video-preview:-1\" \/>\n<link rel=\"canonical\" href=\"https:\/\/booksfrommexico.com\/es\/producto\/san-diego-de-alcala-y-el-tsuulil-kaak-entidades-sagradas-en-una-comunidad-maya-de-campeche\/\" \/>\n<meta property=\"og:locale\" content=\"es_ES\" \/>\n<meta property=\"og:type\" content=\"article\" \/>\n<meta property=\"og:title\" content=\"San Diego de Alcal\u00e1 y el Ts&#039;uulil K&#039;\u00e1ak: Entidades sagradas...\" \/>\n<meta property=\"og:description\" content=\"SAN DIEGO DE ALCAL\u00c1 Y EL TS&#039;UULIL K&#039;\u00c1AK : ENTIDADES SAGRADAS EN UNA COMUNIDAD MAYA DE CAMPECHE. \/ David de \u00c1ngel Garc\u00eda. (Serie Monograf\u00edas).\" \/>\n<meta property=\"og:url\" content=\"https:\/\/booksfrommexico.com\/es\/producto\/san-diego-de-alcala-y-el-tsuulil-kaak-entidades-sagradas-en-una-comunidad-maya-de-campeche\/\" \/>\n<meta property=\"og:site_name\" content=\"Books From Mexico\" \/>\n<meta property=\"article:modified_time\" content=\"2024-11-12T19:53:40+00:00\" \/>\n<meta property=\"og:image\" content=\"http:\/\/booksfrommexico.com\/app\/uploads\/2023\/05\/180983.jpeg\" \/>\n\t<meta property=\"og:image:width\" content=\"470\" \/>\n\t<meta property=\"og:image:height\" content=\"651\" \/>\n\t<meta property=\"og:image:type\" content=\"image\/jpeg\" \/>\n<meta name=\"twitter:card\" content=\"summary_large_image\" \/>\n<meta name=\"twitter:label1\" content=\"Tiempo de lectura\" \/>\n\t<meta name=\"twitter:data1\" content=\"1 minuto\" \/>\n<script type=\"application\/ld+json\" class=\"yoast-schema-graph\">{\"@context\":\"https:\\\/\\\/schema.org\",\"@graph\":[{\"@type\":\"WebPage\",\"@id\":\"https:\\\/\\\/booksfrommexico.com\\\/es\\\/producto\\\/san-diego-de-alcala-y-el-tsuulil-kaak-entidades-sagradas-en-una-comunidad-maya-de-campeche\\\/\",\"url\":\"https:\\\/\\\/booksfrommexico.com\\\/es\\\/producto\\\/san-diego-de-alcala-y-el-tsuulil-kaak-entidades-sagradas-en-una-comunidad-maya-de-campeche\\\/\",\"name\":\"San Diego de Alcal\u00e1 y el Ts'uulil K'\u00e1ak: Entidades sagradas...\",\"isPartOf\":{\"@id\":\"https:\\\/\\\/booksfrommexico.com\\\/#website\"},\"primaryImageOfPage\":{\"@id\":\"https:\\\/\\\/booksfrommexico.com\\\/es\\\/producto\\\/san-diego-de-alcala-y-el-tsuulil-kaak-entidades-sagradas-en-una-comunidad-maya-de-campeche\\\/#primaryimage\"},\"image\":{\"@id\":\"https:\\\/\\\/booksfrommexico.com\\\/es\\\/producto\\\/san-diego-de-alcala-y-el-tsuulil-kaak-entidades-sagradas-en-una-comunidad-maya-de-campeche\\\/#primaryimage\"},\"thumbnailUrl\":\"https:\\\/\\\/booksfrommexico.com\\\/app\\\/uploads\\\/2023\\\/05\\\/180983.jpeg\",\"datePublished\":\"2023-05-08T17:11:43+00:00\",\"dateModified\":\"2024-11-12T19:53:40+00:00\",\"description\":\"SAN DIEGO DE ALCAL\u00c1 Y EL TS'UULIL K'\u00c1AK : ENTIDADES SAGRADAS EN UNA COMUNIDAD MAYA DE CAMPECHE. \\\/ David de \u00c1ngel Garc\u00eda. (Serie Monograf\u00edas).\",\"breadcrumb\":{\"@id\":\"https:\\\/\\\/booksfrommexico.com\\\/es\\\/producto\\\/san-diego-de-alcala-y-el-tsuulil-kaak-entidades-sagradas-en-una-comunidad-maya-de-campeche\\\/#breadcrumb\"},\"inLanguage\":\"es\",\"potentialAction\":[{\"@type\":\"ReadAction\",\"target\":[\"https:\\\/\\\/booksfrommexico.com\\\/es\\\/producto\\\/san-diego-de-alcala-y-el-tsuulil-kaak-entidades-sagradas-en-una-comunidad-maya-de-campeche\\\/\"]}]},{\"@type\":\"ImageObject\",\"inLanguage\":\"es\",\"@id\":\"https:\\\/\\\/booksfrommexico.com\\\/es\\\/producto\\\/san-diego-de-alcala-y-el-tsuulil-kaak-entidades-sagradas-en-una-comunidad-maya-de-campeche\\\/#primaryimage\",\"url\":\"https:\\\/\\\/booksfrommexico.com\\\/app\\\/uploads\\\/2023\\\/05\\\/180983.jpeg\",\"contentUrl\":\"https:\\\/\\\/booksfrommexico.com\\\/app\\\/uploads\\\/2023\\\/05\\\/180983.jpeg\",\"width\":470,\"height\":651,\"caption\":\"Books From M\u00e9xico: San Diego de Alcal\u00e1 y el Ts'uulil K'\u00e1ak\"},{\"@type\":\"BreadcrumbList\",\"@id\":\"https:\\\/\\\/booksfrommexico.com\\\/es\\\/producto\\\/san-diego-de-alcala-y-el-tsuulil-kaak-entidades-sagradas-en-una-comunidad-maya-de-campeche\\\/#breadcrumb\",\"itemListElement\":[{\"@type\":\"ListItem\",\"position\":1,\"name\":\"Home\",\"item\":\"https:\\\/\\\/booksfrommexico.com\\\/es\\\/\"},{\"@type\":\"ListItem\",\"position\":2,\"name\":\"Libros\",\"item\":\"https:\\\/\\\/booksfrommexico.com\\\/es\\\/libros\\\/\"},{\"@type\":\"ListItem\",\"position\":3,\"name\":\"San Diego de Alcal\u00e1 y el Ts&#8217;uulil K&#8217;\u00e1ak: Entidades sagradas en una comunidad maya de Campeche\"}]},{\"@type\":\"WebSite\",\"@id\":\"https:\\\/\\\/booksfrommexico.com\\\/#website\",\"url\":\"https:\\\/\\\/booksfrommexico.com\\\/\",\"name\":\"Books From Mexico\",\"description\":\"\",\"publisher\":{\"@id\":\"https:\\\/\\\/booksfrommexico.com\\\/#organization\"},\"potentialAction\":[{\"@type\":\"SearchAction\",\"target\":{\"@type\":\"EntryPoint\",\"urlTemplate\":\"https:\\\/\\\/booksfrommexico.com\\\/?s={search_term_string}\"},\"query-input\":{\"@type\":\"PropertyValueSpecification\",\"valueRequired\":true,\"valueName\":\"search_term_string\"}}],\"inLanguage\":\"es\"},{\"@type\":\"Organization\",\"@id\":\"https:\\\/\\\/booksfrommexico.com\\\/#organization\",\"name\":\"Books From Mexico\",\"url\":\"https:\\\/\\\/booksfrommexico.com\\\/\",\"logo\":{\"@type\":\"ImageObject\",\"inLanguage\":\"es\",\"@id\":\"https:\\\/\\\/booksfrommexico.com\\\/#\\\/schema\\\/logo\\\/image\\\/\",\"url\":\"https:\\\/\\\/booksfrommexico.com\\\/app\\\/uploads\\\/2023\\\/05\\\/logo-booksfrommexico.svg\",\"contentUrl\":\"https:\\\/\\\/booksfrommexico.com\\\/app\\\/uploads\\\/2023\\\/05\\\/logo-booksfrommexico.svg\",\"width\":86,\"height\":56,\"caption\":\"Books From Mexico\"},\"image\":{\"@id\":\"https:\\\/\\\/booksfrommexico.com\\\/#\\\/schema\\\/logo\\\/image\\\/\"}}]}<\/script>\n<!-- \/ Yoast SEO plugin. -->","yoast_head_json":{"title":"San Diego de Alcal\u00e1 y el Ts'uulil K'\u00e1ak: Entidades sagradas...","description":"SAN DIEGO DE ALCAL\u00c1 Y EL TS'UULIL K'\u00c1AK : ENTIDADES SAGRADAS EN UNA COMUNIDAD MAYA DE CAMPECHE. \/ David de \u00c1ngel Garc\u00eda. (Serie Monograf\u00edas).","robots":{"index":"index","follow":"follow","max-snippet":"max-snippet:-1","max-image-preview":"max-image-preview:large","max-video-preview":"max-video-preview:-1"},"canonical":"https:\/\/booksfrommexico.com\/es\/producto\/san-diego-de-alcala-y-el-tsuulil-kaak-entidades-sagradas-en-una-comunidad-maya-de-campeche\/","og_locale":"es_ES","og_type":"article","og_title":"San Diego de Alcal\u00e1 y el Ts'uulil K'\u00e1ak: Entidades sagradas...","og_description":"SAN DIEGO DE ALCAL\u00c1 Y EL TS'UULIL K'\u00c1AK : ENTIDADES SAGRADAS EN UNA COMUNIDAD MAYA DE CAMPECHE. \/ David de \u00c1ngel Garc\u00eda. (Serie Monograf\u00edas).","og_url":"https:\/\/booksfrommexico.com\/es\/producto\/san-diego-de-alcala-y-el-tsuulil-kaak-entidades-sagradas-en-una-comunidad-maya-de-campeche\/","og_site_name":"Books From Mexico","article_modified_time":"2024-11-12T19:53:40+00:00","og_image":[{"width":470,"height":651,"url":"http:\/\/booksfrommexico.com\/app\/uploads\/2023\/05\/180983.jpeg","type":"image\/jpeg"}],"twitter_card":"summary_large_image","twitter_misc":{"Tiempo de lectura":"1 minuto"},"schema":{"@context":"https:\/\/schema.org","@graph":[{"@type":"WebPage","@id":"https:\/\/booksfrommexico.com\/es\/producto\/san-diego-de-alcala-y-el-tsuulil-kaak-entidades-sagradas-en-una-comunidad-maya-de-campeche\/","url":"https:\/\/booksfrommexico.com\/es\/producto\/san-diego-de-alcala-y-el-tsuulil-kaak-entidades-sagradas-en-una-comunidad-maya-de-campeche\/","name":"San Diego de Alcal\u00e1 y el Ts'uulil K'\u00e1ak: Entidades sagradas...","isPartOf":{"@id":"https:\/\/booksfrommexico.com\/#website"},"primaryImageOfPage":{"@id":"https:\/\/booksfrommexico.com\/es\/producto\/san-diego-de-alcala-y-el-tsuulil-kaak-entidades-sagradas-en-una-comunidad-maya-de-campeche\/#primaryimage"},"image":{"@id":"https:\/\/booksfrommexico.com\/es\/producto\/san-diego-de-alcala-y-el-tsuulil-kaak-entidades-sagradas-en-una-comunidad-maya-de-campeche\/#primaryimage"},"thumbnailUrl":"https:\/\/booksfrommexico.com\/app\/uploads\/2023\/05\/180983.jpeg","datePublished":"2023-05-08T17:11:43+00:00","dateModified":"2024-11-12T19:53:40+00:00","description":"SAN DIEGO DE ALCAL\u00c1 Y EL TS'UULIL K'\u00c1AK : ENTIDADES SAGRADAS EN UNA COMUNIDAD MAYA DE CAMPECHE. \/ David de \u00c1ngel Garc\u00eda. (Serie Monograf\u00edas).","breadcrumb":{"@id":"https:\/\/booksfrommexico.com\/es\/producto\/san-diego-de-alcala-y-el-tsuulil-kaak-entidades-sagradas-en-una-comunidad-maya-de-campeche\/#breadcrumb"},"inLanguage":"es","potentialAction":[{"@type":"ReadAction","target":["https:\/\/booksfrommexico.com\/es\/producto\/san-diego-de-alcala-y-el-tsuulil-kaak-entidades-sagradas-en-una-comunidad-maya-de-campeche\/"]}]},{"@type":"ImageObject","inLanguage":"es","@id":"https:\/\/booksfrommexico.com\/es\/producto\/san-diego-de-alcala-y-el-tsuulil-kaak-entidades-sagradas-en-una-comunidad-maya-de-campeche\/#primaryimage","url":"https:\/\/booksfrommexico.com\/app\/uploads\/2023\/05\/180983.jpeg","contentUrl":"https:\/\/booksfrommexico.com\/app\/uploads\/2023\/05\/180983.jpeg","width":470,"height":651,"caption":"Books From M\u00e9xico: San Diego de Alcal\u00e1 y el Ts'uulil K'\u00e1ak"},{"@type":"BreadcrumbList","@id":"https:\/\/booksfrommexico.com\/es\/producto\/san-diego-de-alcala-y-el-tsuulil-kaak-entidades-sagradas-en-una-comunidad-maya-de-campeche\/#breadcrumb","itemListElement":[{"@type":"ListItem","position":1,"name":"Home","item":"https:\/\/booksfrommexico.com\/es\/"},{"@type":"ListItem","position":2,"name":"Libros","item":"https:\/\/booksfrommexico.com\/es\/libros\/"},{"@type":"ListItem","position":3,"name":"San Diego de Alcal\u00e1 y el Ts&#8217;uulil K&#8217;\u00e1ak: Entidades sagradas en una comunidad maya de Campeche"}]},{"@type":"WebSite","@id":"https:\/\/booksfrommexico.com\/#website","url":"https:\/\/booksfrommexico.com\/","name":"Books From Mexico","description":"","publisher":{"@id":"https:\/\/booksfrommexico.com\/#organization"},"potentialAction":[{"@type":"SearchAction","target":{"@type":"EntryPoint","urlTemplate":"https:\/\/booksfrommexico.com\/?s={search_term_string}"},"query-input":{"@type":"PropertyValueSpecification","valueRequired":true,"valueName":"search_term_string"}}],"inLanguage":"es"},{"@type":"Organization","@id":"https:\/\/booksfrommexico.com\/#organization","name":"Books From Mexico","url":"https:\/\/booksfrommexico.com\/","logo":{"@type":"ImageObject","inLanguage":"es","@id":"https:\/\/booksfrommexico.com\/#\/schema\/logo\/image\/","url":"https:\/\/booksfrommexico.com\/app\/uploads\/2023\/05\/logo-booksfrommexico.svg","contentUrl":"https:\/\/booksfrommexico.com\/app\/uploads\/2023\/05\/logo-booksfrommexico.svg","width":86,"height":56,"caption":"Books From Mexico"},"image":{"@id":"https:\/\/booksfrommexico.com\/#\/schema\/logo\/image\/"}}]}},"_links":{"self":[{"href":"https:\/\/booksfrommexico.com\/es\/wp-json\/wp\/v2\/product\/1148","targetHints":{"allow":["GET"]}}],"collection":[{"href":"https:\/\/booksfrommexico.com\/es\/wp-json\/wp\/v2\/product"}],"about":[{"href":"https:\/\/booksfrommexico.com\/es\/wp-json\/wp\/v2\/types\/product"}],"wp:featuredmedia":[{"embeddable":true,"href":"https:\/\/booksfrommexico.com\/es\/wp-json\/wp\/v2\/media\/1147"}],"wp:attachment":[{"href":"https:\/\/booksfrommexico.com\/es\/wp-json\/wp\/v2\/media?parent=1148"}],"wp:term":[{"taxonomy":"product_brand","embeddable":true,"href":"https:\/\/booksfrommexico.com\/es\/wp-json\/wp\/v2\/product_brand?post=1148"},{"taxonomy":"product_cat","embeddable":true,"href":"https:\/\/booksfrommexico.com\/es\/wp-json\/wp\/v2\/product_cat?post=1148"},{"taxonomy":"product_tag","embeddable":true,"href":"https:\/\/booksfrommexico.com\/es\/wp-json\/wp\/v2\/product_tag?post=1148"}],"curies":[{"name":"wp","href":"https:\/\/api.w.org\/{rel}","templated":true}]}}