{"id":115,"date":"2023-05-08T16:11:39","date_gmt":"2023-05-08T16:11:39","guid":{"rendered":"http:\/\/booksfrommexico.com\/product\/yayejal-slumal-batzi-viniketik-ta-velisario-rominkes-yosilal-chenalvo-chiapas\/"},"modified":"2024-05-02T20:09:40","modified_gmt":"2024-05-02T20:09:40","slug":"yayejal-slumal-batzi-viniketik-ta-velisario-rominkes-yosilal-chenalvo-chiapas","status":"publish","type":"product","link":"https:\/\/booksfrommexico.com\/es\/producto\/yayejal-slumal-batzi-viniketik-ta-velisario-rominkes-yosilal-chenalvo-chiapas\/","title":{"rendered":"Historia de la comunidad tzotzil Belisario Dom\u00ednguez Chenalh\u00f3, Chiapas"},"content":{"rendered":"<p id=\"tw-target-text\" class=\"tw-data-text tw-text-large tw-ta\" dir=\"ltr\" data-placeholder=\"Traducci\u00f3n\" data-ved=\"2ahUKEwjZnZun_P2CAxW5NEQIHXOGAygQ3ewLegQIBRAQ\"><span class=\"Y2IQFc\" lang=\"es\">Documenta la historia de la comunidad tzotzil Belisario Dom\u00ednguez Chenalho, Chiapas. Autor comparte informaci\u00f3n hist\u00f3rica basada en la tradici\u00f3n oral de la comunidad. Versi\u00f3n biling\u00fce que cubre brevemente los antecedentes de los or\u00edgenes ind\u00edgenas, centr\u00e1ndose en su historia del siglo XIX hasta 1994.\u00a0<\/span><\/p>\n","protected":false},"excerpt":{"rendered":"<p>Jim\u00e9nez, Andr\u00e9s de la Cruz, YA&#8217;YEJAL SLUMAL BATZ&#8217;I VINIKETIK TA VELISARIO ROMINKES YOSILAL CH&#8217;ENALVO&#8217;, CHIAPAS = HISTORIA DE LA COMUNIDAD TZOTZIL BELISARIO DOM\u00cdNGUEZ CHENALH\u00d3, CHIAPAS. \/ Andr\u00e9s de la Cruz Jim\u00e9nez M\u00e9xico, D.F.: Instituto Nacional Indigenista, 1996. 102 pages : 17 cm. ISBN 9682987826.<\/p>\n","protected":false},"featured_media":114,"template":"","meta":{"_acf_changed":false,"inline_featured_image":false},"product_brand":[],"product_cat":[27,113],"product_tag":[3657,4301,3608],"class_list":{"0":"post-115","1":"product","2":"type-product","3":"status-publish","4":"has-post-thumbnail","6":"product_cat-historia","7":"product_cat-historia-social","8":"product_tag-historia","9":"product_tag-tsotsil-es","10":"product_tag-vida-social-y-costumbres","12":"first","13":"instock","14":"taxable","15":"shipping-taxable","16":"purchasable","17":"product-type-simple"},"acf":[],"yoast_head":"<!-- This site is optimized with the Yoast SEO plugin v27.3 - https:\/\/yoast.com\/product\/yoast-seo-wordpress\/ -->\n<title>Historia de la comunidad tzotzil Belisario Dom\u00ednguez Chenalh\u00f3, Chiapas - Books From Mexico<\/title>\n<meta name=\"description\" content=\"Historia de la comunidad tzotzil Belisario Dom\u00ednguez Chenalh\u00f3, Chiapas \/ Andr\u00e9s de la Cruz Jim\u00e9nez. M\u00e9xico: Instituto Nacional Indigenista. ISBN 9682987826.\" \/>\n<meta name=\"robots\" content=\"index, follow, max-snippet:-1, max-image-preview:large, max-video-preview:-1\" \/>\n<link rel=\"canonical\" href=\"https:\/\/booksfrommexico.com\/es\/producto\/yayejal-slumal-batzi-viniketik-ta-velisario-rominkes-yosilal-chenalvo-chiapas\/\" \/>\n<meta property=\"og:locale\" content=\"es_ES\" \/>\n<meta property=\"og:type\" content=\"article\" \/>\n<meta property=\"og:title\" content=\"Historia de la comunidad tzotzil Belisario Dom\u00ednguez Chenalh\u00f3, Chiapas - Books From Mexico\" \/>\n<meta property=\"og:description\" content=\"Historia de la comunidad tzotzil Belisario Dom\u00ednguez Chenalh\u00f3, Chiapas \/ Andr\u00e9s de la Cruz Jim\u00e9nez. M\u00e9xico: Instituto Nacional Indigenista. ISBN 9682987826.\" \/>\n<meta property=\"og:url\" content=\"https:\/\/booksfrommexico.com\/es\/producto\/yayejal-slumal-batzi-viniketik-ta-velisario-rominkes-yosilal-chenalvo-chiapas\/\" \/>\n<meta property=\"og:site_name\" content=\"Books From Mexico\" \/>\n<meta property=\"article:modified_time\" content=\"2024-05-02T20:09:40+00:00\" \/>\n<meta property=\"og:image\" content=\"http:\/\/booksfrommexico.com\/app\/uploads\/2023\/05\/97325.jpeg\" \/>\n\t<meta property=\"og:image:width\" content=\"433\" \/>\n\t<meta property=\"og:image:height\" content=\"634\" \/>\n\t<meta property=\"og:image:type\" content=\"image\/jpeg\" \/>\n<meta name=\"twitter:card\" content=\"summary_large_image\" \/>\n<meta name=\"twitter:label1\" content=\"Tiempo de lectura\" \/>\n\t<meta name=\"twitter:data1\" content=\"1 minuto\" \/>\n<script type=\"application\/ld+json\" class=\"yoast-schema-graph\">{\"@context\":\"https:\\\/\\\/schema.org\",\"@graph\":[{\"@type\":\"WebPage\",\"@id\":\"https:\\\/\\\/booksfrommexico.com\\\/es\\\/producto\\\/yayejal-slumal-batzi-viniketik-ta-velisario-rominkes-yosilal-chenalvo-chiapas\\\/\",\"url\":\"https:\\\/\\\/booksfrommexico.com\\\/es\\\/producto\\\/yayejal-slumal-batzi-viniketik-ta-velisario-rominkes-yosilal-chenalvo-chiapas\\\/\",\"name\":\"Historia de la comunidad tzotzil Belisario Dom\u00ednguez Chenalh\u00f3, Chiapas - Books From Mexico\",\"isPartOf\":{\"@id\":\"https:\\\/\\\/booksfrommexico.com\\\/#website\"},\"primaryImageOfPage\":{\"@id\":\"https:\\\/\\\/booksfrommexico.com\\\/es\\\/producto\\\/yayejal-slumal-batzi-viniketik-ta-velisario-rominkes-yosilal-chenalvo-chiapas\\\/#primaryimage\"},\"image\":{\"@id\":\"https:\\\/\\\/booksfrommexico.com\\\/es\\\/producto\\\/yayejal-slumal-batzi-viniketik-ta-velisario-rominkes-yosilal-chenalvo-chiapas\\\/#primaryimage\"},\"thumbnailUrl\":\"https:\\\/\\\/booksfrommexico.com\\\/app\\\/uploads\\\/2023\\\/05\\\/97325.jpeg\",\"datePublished\":\"2023-05-08T16:11:39+00:00\",\"dateModified\":\"2024-05-02T20:09:40+00:00\",\"description\":\"Historia de la comunidad tzotzil Belisario Dom\u00ednguez Chenalh\u00f3, Chiapas \\\/ Andr\u00e9s de la Cruz Jim\u00e9nez. M\u00e9xico: Instituto Nacional Indigenista. ISBN 9682987826.\",\"breadcrumb\":{\"@id\":\"https:\\\/\\\/booksfrommexico.com\\\/es\\\/producto\\\/yayejal-slumal-batzi-viniketik-ta-velisario-rominkes-yosilal-chenalvo-chiapas\\\/#breadcrumb\"},\"inLanguage\":\"es\",\"potentialAction\":[{\"@type\":\"ReadAction\",\"target\":[\"https:\\\/\\\/booksfrommexico.com\\\/es\\\/producto\\\/yayejal-slumal-batzi-viniketik-ta-velisario-rominkes-yosilal-chenalvo-chiapas\\\/\"]}]},{\"@type\":\"ImageObject\",\"inLanguage\":\"es\",\"@id\":\"https:\\\/\\\/booksfrommexico.com\\\/es\\\/producto\\\/yayejal-slumal-batzi-viniketik-ta-velisario-rominkes-yosilal-chenalvo-chiapas\\\/#primaryimage\",\"url\":\"https:\\\/\\\/booksfrommexico.com\\\/app\\\/uploads\\\/2023\\\/05\\\/97325.jpeg\",\"contentUrl\":\"https:\\\/\\\/booksfrommexico.com\\\/app\\\/uploads\\\/2023\\\/05\\\/97325.jpeg\",\"width\":433,\"height\":634,\"caption\":\"Ya'yejal slumal batz'i viniketik ta Velisario Rominkes yosilal Ch'enalvo', Chiapas\"},{\"@type\":\"BreadcrumbList\",\"@id\":\"https:\\\/\\\/booksfrommexico.com\\\/es\\\/producto\\\/yayejal-slumal-batzi-viniketik-ta-velisario-rominkes-yosilal-chenalvo-chiapas\\\/#breadcrumb\",\"itemListElement\":[{\"@type\":\"ListItem\",\"position\":1,\"name\":\"Home\",\"item\":\"https:\\\/\\\/booksfrommexico.com\\\/es\\\/\"},{\"@type\":\"ListItem\",\"position\":2,\"name\":\"Libros\",\"item\":\"https:\\\/\\\/booksfrommexico.com\\\/es\\\/libros\\\/\"},{\"@type\":\"ListItem\",\"position\":3,\"name\":\"Historia de la comunidad tzotzil Belisario Dom\u00ednguez Chenalh\u00f3, Chiapas\"}]},{\"@type\":\"WebSite\",\"@id\":\"https:\\\/\\\/booksfrommexico.com\\\/#website\",\"url\":\"https:\\\/\\\/booksfrommexico.com\\\/\",\"name\":\"Books From Mexico\",\"description\":\"\",\"publisher\":{\"@id\":\"https:\\\/\\\/booksfrommexico.com\\\/#organization\"},\"potentialAction\":[{\"@type\":\"SearchAction\",\"target\":{\"@type\":\"EntryPoint\",\"urlTemplate\":\"https:\\\/\\\/booksfrommexico.com\\\/?s={search_term_string}\"},\"query-input\":{\"@type\":\"PropertyValueSpecification\",\"valueRequired\":true,\"valueName\":\"search_term_string\"}}],\"inLanguage\":\"es\"},{\"@type\":\"Organization\",\"@id\":\"https:\\\/\\\/booksfrommexico.com\\\/#organization\",\"name\":\"Books From Mexico\",\"url\":\"https:\\\/\\\/booksfrommexico.com\\\/\",\"logo\":{\"@type\":\"ImageObject\",\"inLanguage\":\"es\",\"@id\":\"https:\\\/\\\/booksfrommexico.com\\\/#\\\/schema\\\/logo\\\/image\\\/\",\"url\":\"https:\\\/\\\/booksfrommexico.com\\\/app\\\/uploads\\\/2023\\\/05\\\/logo-booksfrommexico.svg\",\"contentUrl\":\"https:\\\/\\\/booksfrommexico.com\\\/app\\\/uploads\\\/2023\\\/05\\\/logo-booksfrommexico.svg\",\"width\":86,\"height\":56,\"caption\":\"Books From Mexico\"},\"image\":{\"@id\":\"https:\\\/\\\/booksfrommexico.com\\\/#\\\/schema\\\/logo\\\/image\\\/\"}}]}<\/script>\n<!-- \/ Yoast SEO plugin. -->","yoast_head_json":{"title":"Historia de la comunidad tzotzil Belisario Dom\u00ednguez Chenalh\u00f3, Chiapas - Books From Mexico","description":"Historia de la comunidad tzotzil Belisario Dom\u00ednguez Chenalh\u00f3, Chiapas \/ Andr\u00e9s de la Cruz Jim\u00e9nez. M\u00e9xico: Instituto Nacional Indigenista. ISBN 9682987826.","robots":{"index":"index","follow":"follow","max-snippet":"max-snippet:-1","max-image-preview":"max-image-preview:large","max-video-preview":"max-video-preview:-1"},"canonical":"https:\/\/booksfrommexico.com\/es\/producto\/yayejal-slumal-batzi-viniketik-ta-velisario-rominkes-yosilal-chenalvo-chiapas\/","og_locale":"es_ES","og_type":"article","og_title":"Historia de la comunidad tzotzil Belisario Dom\u00ednguez Chenalh\u00f3, Chiapas - Books From Mexico","og_description":"Historia de la comunidad tzotzil Belisario Dom\u00ednguez Chenalh\u00f3, Chiapas \/ Andr\u00e9s de la Cruz Jim\u00e9nez. M\u00e9xico: Instituto Nacional Indigenista. ISBN 9682987826.","og_url":"https:\/\/booksfrommexico.com\/es\/producto\/yayejal-slumal-batzi-viniketik-ta-velisario-rominkes-yosilal-chenalvo-chiapas\/","og_site_name":"Books From Mexico","article_modified_time":"2024-05-02T20:09:40+00:00","og_image":[{"width":433,"height":634,"url":"http:\/\/booksfrommexico.com\/app\/uploads\/2023\/05\/97325.jpeg","type":"image\/jpeg"}],"twitter_card":"summary_large_image","twitter_misc":{"Tiempo de lectura":"1 minuto"},"schema":{"@context":"https:\/\/schema.org","@graph":[{"@type":"WebPage","@id":"https:\/\/booksfrommexico.com\/es\/producto\/yayejal-slumal-batzi-viniketik-ta-velisario-rominkes-yosilal-chenalvo-chiapas\/","url":"https:\/\/booksfrommexico.com\/es\/producto\/yayejal-slumal-batzi-viniketik-ta-velisario-rominkes-yosilal-chenalvo-chiapas\/","name":"Historia de la comunidad tzotzil Belisario Dom\u00ednguez Chenalh\u00f3, Chiapas - Books From Mexico","isPartOf":{"@id":"https:\/\/booksfrommexico.com\/#website"},"primaryImageOfPage":{"@id":"https:\/\/booksfrommexico.com\/es\/producto\/yayejal-slumal-batzi-viniketik-ta-velisario-rominkes-yosilal-chenalvo-chiapas\/#primaryimage"},"image":{"@id":"https:\/\/booksfrommexico.com\/es\/producto\/yayejal-slumal-batzi-viniketik-ta-velisario-rominkes-yosilal-chenalvo-chiapas\/#primaryimage"},"thumbnailUrl":"https:\/\/booksfrommexico.com\/app\/uploads\/2023\/05\/97325.jpeg","datePublished":"2023-05-08T16:11:39+00:00","dateModified":"2024-05-02T20:09:40+00:00","description":"Historia de la comunidad tzotzil Belisario Dom\u00ednguez Chenalh\u00f3, Chiapas \/ Andr\u00e9s de la Cruz Jim\u00e9nez. M\u00e9xico: Instituto Nacional Indigenista. ISBN 9682987826.","breadcrumb":{"@id":"https:\/\/booksfrommexico.com\/es\/producto\/yayejal-slumal-batzi-viniketik-ta-velisario-rominkes-yosilal-chenalvo-chiapas\/#breadcrumb"},"inLanguage":"es","potentialAction":[{"@type":"ReadAction","target":["https:\/\/booksfrommexico.com\/es\/producto\/yayejal-slumal-batzi-viniketik-ta-velisario-rominkes-yosilal-chenalvo-chiapas\/"]}]},{"@type":"ImageObject","inLanguage":"es","@id":"https:\/\/booksfrommexico.com\/es\/producto\/yayejal-slumal-batzi-viniketik-ta-velisario-rominkes-yosilal-chenalvo-chiapas\/#primaryimage","url":"https:\/\/booksfrommexico.com\/app\/uploads\/2023\/05\/97325.jpeg","contentUrl":"https:\/\/booksfrommexico.com\/app\/uploads\/2023\/05\/97325.jpeg","width":433,"height":634,"caption":"Ya'yejal slumal batz'i viniketik ta Velisario Rominkes yosilal Ch'enalvo', Chiapas"},{"@type":"BreadcrumbList","@id":"https:\/\/booksfrommexico.com\/es\/producto\/yayejal-slumal-batzi-viniketik-ta-velisario-rominkes-yosilal-chenalvo-chiapas\/#breadcrumb","itemListElement":[{"@type":"ListItem","position":1,"name":"Home","item":"https:\/\/booksfrommexico.com\/es\/"},{"@type":"ListItem","position":2,"name":"Libros","item":"https:\/\/booksfrommexico.com\/es\/libros\/"},{"@type":"ListItem","position":3,"name":"Historia de la comunidad tzotzil Belisario Dom\u00ednguez Chenalh\u00f3, Chiapas"}]},{"@type":"WebSite","@id":"https:\/\/booksfrommexico.com\/#website","url":"https:\/\/booksfrommexico.com\/","name":"Books From Mexico","description":"","publisher":{"@id":"https:\/\/booksfrommexico.com\/#organization"},"potentialAction":[{"@type":"SearchAction","target":{"@type":"EntryPoint","urlTemplate":"https:\/\/booksfrommexico.com\/?s={search_term_string}"},"query-input":{"@type":"PropertyValueSpecification","valueRequired":true,"valueName":"search_term_string"}}],"inLanguage":"es"},{"@type":"Organization","@id":"https:\/\/booksfrommexico.com\/#organization","name":"Books From Mexico","url":"https:\/\/booksfrommexico.com\/","logo":{"@type":"ImageObject","inLanguage":"es","@id":"https:\/\/booksfrommexico.com\/#\/schema\/logo\/image\/","url":"https:\/\/booksfrommexico.com\/app\/uploads\/2023\/05\/logo-booksfrommexico.svg","contentUrl":"https:\/\/booksfrommexico.com\/app\/uploads\/2023\/05\/logo-booksfrommexico.svg","width":86,"height":56,"caption":"Books From Mexico"},"image":{"@id":"https:\/\/booksfrommexico.com\/#\/schema\/logo\/image\/"}}]}},"_links":{"self":[{"href":"https:\/\/booksfrommexico.com\/es\/wp-json\/wp\/v2\/product\/115","targetHints":{"allow":["GET"]}}],"collection":[{"href":"https:\/\/booksfrommexico.com\/es\/wp-json\/wp\/v2\/product"}],"about":[{"href":"https:\/\/booksfrommexico.com\/es\/wp-json\/wp\/v2\/types\/product"}],"wp:featuredmedia":[{"embeddable":true,"href":"https:\/\/booksfrommexico.com\/es\/wp-json\/wp\/v2\/media\/114"}],"wp:attachment":[{"href":"https:\/\/booksfrommexico.com\/es\/wp-json\/wp\/v2\/media?parent=115"}],"wp:term":[{"taxonomy":"product_brand","embeddable":true,"href":"https:\/\/booksfrommexico.com\/es\/wp-json\/wp\/v2\/product_brand?post=115"},{"taxonomy":"product_cat","embeddable":true,"href":"https:\/\/booksfrommexico.com\/es\/wp-json\/wp\/v2\/product_cat?post=115"},{"taxonomy":"product_tag","embeddable":true,"href":"https:\/\/booksfrommexico.com\/es\/wp-json\/wp\/v2\/product_tag?post=115"}],"curies":[{"name":"wp","href":"https:\/\/api.w.org\/{rel}","templated":true}]}}