{"id":1150,"date":"2023-05-08T17:11:45","date_gmt":"2023-05-08T17:11:45","guid":{"rendered":"http:\/\/booksfrommexico.com\/product\/codice-borgia\/"},"modified":"2024-11-12T19:51:16","modified_gmt":"2024-11-12T19:51:16","slug":"codice-borgia","status":"publish","type":"product","link":"https:\/\/booksfrommexico.com\/es\/producto\/codice-borgia\/","title":{"rendered":"C\u00f3dice Borgia: El equilibrio din\u00e1mico del cosmos"},"content":{"rendered":"<p><span style=\"font-weight: 400;\">El comit\u00e9 de la Feria de Puebla tiene como compromisos institucionales promover y difundir los valores culturales de la regi\u00f3n, por lo cual presentan este t\u00edtulo que incluye 2 vol\u00famenes en el cual se muestra el denominado <\/span><i><span style=\"font-weight: 400;\">C\u00f3dice Borgia,<\/span><\/i><span style=\"font-weight: 400;\"> que es el conjunto de c\u00f3dices precolombinos. En estos documentos se muestra el legado de los pueblos transmitido a trav\u00e9s de los siglos en el volumen 1, donde se busca dar una explicaci\u00f3n y an\u00e1lisis del c\u00f3dice. De origen mixteco-poblano, el C\u00f3dice Borgia se encuentra escrito en piel de ciervo doblado como biombo en 76 l\u00e1minas pol\u00edcromas sobre estuco blanco, y aqu\u00ed se presenta un facs\u00edmil con caracter\u00edsticas que emulan al original en el volumen 2.<\/span><\/p>\n","protected":false},"excerpt":{"rendered":"<p>C\u00d3DICE BORGIA: EL EQUILIBRIO DIN\u00c1MICO DEL COSMOS<span style=\"font-weight: 400;\">. \/ Mar\u00eda Elena Landa \u00c1brego. Puebla, M\u00e9xico : Comit\u00e9 de la Feria de Puebla ; Chihuahua, M\u00e9xico : Trilenio Editores ; Madrid, Espa\u00f1a : Ediciones Especiales de Bibliofilia, 1994. 2 volumes : includes illustrations, color facsimiles, bibliography ; 31 cm. ISBN: 9687433000 ; 9687433019 (facsimil).<\/span><\/p>\n","protected":false},"featured_media":1149,"template":"","meta":{"_acf_changed":false,"inline_featured_image":false},"product_brand":[],"product_cat":[19,3355],"product_tag":[4331,4262,3587],"class_list":{"0":"post-1150","1":"product","2":"type-product","3":"status-publish","4":"has-post-thumbnail","6":"product_cat-antropologia","7":"product_cat-precolombino-arqueologia","8":"product_tag-arte-prehispanico","9":"product_tag-cultura-prehispanica","10":"product_tag-prehispanico","12":"first","13":"outofstock","14":"taxable","15":"shipping-taxable","16":"purchasable","17":"product-type-simple"},"acf":[],"yoast_head":"<!-- This site is optimized with the Yoast SEO plugin v27.3 - https:\/\/yoast.com\/product\/yoast-seo-wordpress\/ -->\n<title>C\u00f3dice Borgia: El equilibrio din\u00e1mico del cosmos<\/title>\n<meta name=\"description\" content=\"C\u00d3DICE BORGIA: EL EQUILIBRIO DIN\u00c1MICO DEL COSMOS. \/ Mar\u00eda Elena Landa \u00c1brego. Includes illustrations, color facsimiles, bibliography ; 31 cm.\" \/>\n<meta name=\"robots\" content=\"index, follow, max-snippet:-1, max-image-preview:large, max-video-preview:-1\" \/>\n<link rel=\"canonical\" href=\"https:\/\/booksfrommexico.com\/es\/producto\/codice-borgia\/\" \/>\n<meta property=\"og:locale\" content=\"es_ES\" \/>\n<meta property=\"og:type\" content=\"article\" \/>\n<meta property=\"og:title\" content=\"C\u00f3dice Borgia: El equilibrio din\u00e1mico del cosmos\" \/>\n<meta property=\"og:description\" content=\"C\u00d3DICE BORGIA: EL EQUILIBRIO DIN\u00c1MICO DEL COSMOS. \/ Mar\u00eda Elena Landa \u00c1brego. Includes illustrations, color facsimiles, bibliography ; 31 cm.\" \/>\n<meta property=\"og:url\" content=\"https:\/\/booksfrommexico.com\/es\/producto\/codice-borgia\/\" \/>\n<meta property=\"og:site_name\" content=\"Books From Mexico\" \/>\n<meta property=\"article:modified_time\" content=\"2024-11-12T19:51:16+00:00\" \/>\n<meta property=\"og:image\" content=\"http:\/\/booksfrommexico.com\/app\/uploads\/2023\/05\/181599.jpeg\" \/>\n\t<meta property=\"og:image:width\" content=\"631\" \/>\n\t<meta property=\"og:image:height\" content=\"841\" \/>\n\t<meta property=\"og:image:type\" content=\"image\/jpeg\" \/>\n<meta name=\"twitter:card\" content=\"summary_large_image\" \/>\n<meta name=\"twitter:label1\" content=\"Tiempo de lectura\" \/>\n\t<meta name=\"twitter:data1\" content=\"1 minuto\" \/>\n<script type=\"application\/ld+json\" class=\"yoast-schema-graph\">{\"@context\":\"https:\\\/\\\/schema.org\",\"@graph\":[{\"@type\":\"WebPage\",\"@id\":\"https:\\\/\\\/booksfrommexico.com\\\/es\\\/producto\\\/codice-borgia\\\/\",\"url\":\"https:\\\/\\\/booksfrommexico.com\\\/es\\\/producto\\\/codice-borgia\\\/\",\"name\":\"C\u00f3dice Borgia: El equilibrio din\u00e1mico del cosmos\",\"isPartOf\":{\"@id\":\"https:\\\/\\\/booksfrommexico.com\\\/#website\"},\"primaryImageOfPage\":{\"@id\":\"https:\\\/\\\/booksfrommexico.com\\\/es\\\/producto\\\/codice-borgia\\\/#primaryimage\"},\"image\":{\"@id\":\"https:\\\/\\\/booksfrommexico.com\\\/es\\\/producto\\\/codice-borgia\\\/#primaryimage\"},\"thumbnailUrl\":\"https:\\\/\\\/booksfrommexico.com\\\/app\\\/uploads\\\/2023\\\/05\\\/181599.jpeg\",\"datePublished\":\"2023-05-08T17:11:45+00:00\",\"dateModified\":\"2024-11-12T19:51:16+00:00\",\"description\":\"C\u00d3DICE BORGIA: EL EQUILIBRIO DIN\u00c1MICO DEL COSMOS. \\\/ Mar\u00eda Elena Landa \u00c1brego. Includes illustrations, color facsimiles, bibliography ; 31 cm.\",\"breadcrumb\":{\"@id\":\"https:\\\/\\\/booksfrommexico.com\\\/es\\\/producto\\\/codice-borgia\\\/#breadcrumb\"},\"inLanguage\":\"es\",\"potentialAction\":[{\"@type\":\"ReadAction\",\"target\":[\"https:\\\/\\\/booksfrommexico.com\\\/es\\\/producto\\\/codice-borgia\\\/\"]}]},{\"@type\":\"ImageObject\",\"inLanguage\":\"es\",\"@id\":\"https:\\\/\\\/booksfrommexico.com\\\/es\\\/producto\\\/codice-borgia\\\/#primaryimage\",\"url\":\"https:\\\/\\\/booksfrommexico.com\\\/app\\\/uploads\\\/2023\\\/05\\\/181599.jpeg\",\"contentUrl\":\"https:\\\/\\\/booksfrommexico.com\\\/app\\\/uploads\\\/2023\\\/05\\\/181599.jpeg\",\"width\":631,\"height\":841,\"caption\":\"books From M\u00e9xico: C\u00f3dice Borgia\"},{\"@type\":\"BreadcrumbList\",\"@id\":\"https:\\\/\\\/booksfrommexico.com\\\/es\\\/producto\\\/codice-borgia\\\/#breadcrumb\",\"itemListElement\":[{\"@type\":\"ListItem\",\"position\":1,\"name\":\"Home\",\"item\":\"https:\\\/\\\/booksfrommexico.com\\\/es\\\/\"},{\"@type\":\"ListItem\",\"position\":2,\"name\":\"Libros\",\"item\":\"https:\\\/\\\/booksfrommexico.com\\\/es\\\/libros\\\/\"},{\"@type\":\"ListItem\",\"position\":3,\"name\":\"C\u00f3dice Borgia: El equilibrio din\u00e1mico del cosmos\"}]},{\"@type\":\"WebSite\",\"@id\":\"https:\\\/\\\/booksfrommexico.com\\\/#website\",\"url\":\"https:\\\/\\\/booksfrommexico.com\\\/\",\"name\":\"Books From Mexico\",\"description\":\"\",\"publisher\":{\"@id\":\"https:\\\/\\\/booksfrommexico.com\\\/#organization\"},\"potentialAction\":[{\"@type\":\"SearchAction\",\"target\":{\"@type\":\"EntryPoint\",\"urlTemplate\":\"https:\\\/\\\/booksfrommexico.com\\\/?s={search_term_string}\"},\"query-input\":{\"@type\":\"PropertyValueSpecification\",\"valueRequired\":true,\"valueName\":\"search_term_string\"}}],\"inLanguage\":\"es\"},{\"@type\":\"Organization\",\"@id\":\"https:\\\/\\\/booksfrommexico.com\\\/#organization\",\"name\":\"Books From Mexico\",\"url\":\"https:\\\/\\\/booksfrommexico.com\\\/\",\"logo\":{\"@type\":\"ImageObject\",\"inLanguage\":\"es\",\"@id\":\"https:\\\/\\\/booksfrommexico.com\\\/#\\\/schema\\\/logo\\\/image\\\/\",\"url\":\"https:\\\/\\\/booksfrommexico.com\\\/app\\\/uploads\\\/2023\\\/05\\\/logo-booksfrommexico.svg\",\"contentUrl\":\"https:\\\/\\\/booksfrommexico.com\\\/app\\\/uploads\\\/2023\\\/05\\\/logo-booksfrommexico.svg\",\"width\":86,\"height\":56,\"caption\":\"Books From Mexico\"},\"image\":{\"@id\":\"https:\\\/\\\/booksfrommexico.com\\\/#\\\/schema\\\/logo\\\/image\\\/\"}}]}<\/script>\n<!-- \/ Yoast SEO plugin. -->","yoast_head_json":{"title":"C\u00f3dice Borgia: El equilibrio din\u00e1mico del cosmos","description":"C\u00d3DICE BORGIA: EL EQUILIBRIO DIN\u00c1MICO DEL COSMOS. \/ Mar\u00eda Elena Landa \u00c1brego. Includes illustrations, color facsimiles, bibliography ; 31 cm.","robots":{"index":"index","follow":"follow","max-snippet":"max-snippet:-1","max-image-preview":"max-image-preview:large","max-video-preview":"max-video-preview:-1"},"canonical":"https:\/\/booksfrommexico.com\/es\/producto\/codice-borgia\/","og_locale":"es_ES","og_type":"article","og_title":"C\u00f3dice Borgia: El equilibrio din\u00e1mico del cosmos","og_description":"C\u00d3DICE BORGIA: EL EQUILIBRIO DIN\u00c1MICO DEL COSMOS. \/ Mar\u00eda Elena Landa \u00c1brego. Includes illustrations, color facsimiles, bibliography ; 31 cm.","og_url":"https:\/\/booksfrommexico.com\/es\/producto\/codice-borgia\/","og_site_name":"Books From Mexico","article_modified_time":"2024-11-12T19:51:16+00:00","og_image":[{"width":631,"height":841,"url":"http:\/\/booksfrommexico.com\/app\/uploads\/2023\/05\/181599.jpeg","type":"image\/jpeg"}],"twitter_card":"summary_large_image","twitter_misc":{"Tiempo de lectura":"1 minuto"},"schema":{"@context":"https:\/\/schema.org","@graph":[{"@type":"WebPage","@id":"https:\/\/booksfrommexico.com\/es\/producto\/codice-borgia\/","url":"https:\/\/booksfrommexico.com\/es\/producto\/codice-borgia\/","name":"C\u00f3dice Borgia: El equilibrio din\u00e1mico del cosmos","isPartOf":{"@id":"https:\/\/booksfrommexico.com\/#website"},"primaryImageOfPage":{"@id":"https:\/\/booksfrommexico.com\/es\/producto\/codice-borgia\/#primaryimage"},"image":{"@id":"https:\/\/booksfrommexico.com\/es\/producto\/codice-borgia\/#primaryimage"},"thumbnailUrl":"https:\/\/booksfrommexico.com\/app\/uploads\/2023\/05\/181599.jpeg","datePublished":"2023-05-08T17:11:45+00:00","dateModified":"2024-11-12T19:51:16+00:00","description":"C\u00d3DICE BORGIA: EL EQUILIBRIO DIN\u00c1MICO DEL COSMOS. \/ Mar\u00eda Elena Landa \u00c1brego. Includes illustrations, color facsimiles, bibliography ; 31 cm.","breadcrumb":{"@id":"https:\/\/booksfrommexico.com\/es\/producto\/codice-borgia\/#breadcrumb"},"inLanguage":"es","potentialAction":[{"@type":"ReadAction","target":["https:\/\/booksfrommexico.com\/es\/producto\/codice-borgia\/"]}]},{"@type":"ImageObject","inLanguage":"es","@id":"https:\/\/booksfrommexico.com\/es\/producto\/codice-borgia\/#primaryimage","url":"https:\/\/booksfrommexico.com\/app\/uploads\/2023\/05\/181599.jpeg","contentUrl":"https:\/\/booksfrommexico.com\/app\/uploads\/2023\/05\/181599.jpeg","width":631,"height":841,"caption":"books From M\u00e9xico: C\u00f3dice Borgia"},{"@type":"BreadcrumbList","@id":"https:\/\/booksfrommexico.com\/es\/producto\/codice-borgia\/#breadcrumb","itemListElement":[{"@type":"ListItem","position":1,"name":"Home","item":"https:\/\/booksfrommexico.com\/es\/"},{"@type":"ListItem","position":2,"name":"Libros","item":"https:\/\/booksfrommexico.com\/es\/libros\/"},{"@type":"ListItem","position":3,"name":"C\u00f3dice Borgia: El equilibrio din\u00e1mico del cosmos"}]},{"@type":"WebSite","@id":"https:\/\/booksfrommexico.com\/#website","url":"https:\/\/booksfrommexico.com\/","name":"Books From Mexico","description":"","publisher":{"@id":"https:\/\/booksfrommexico.com\/#organization"},"potentialAction":[{"@type":"SearchAction","target":{"@type":"EntryPoint","urlTemplate":"https:\/\/booksfrommexico.com\/?s={search_term_string}"},"query-input":{"@type":"PropertyValueSpecification","valueRequired":true,"valueName":"search_term_string"}}],"inLanguage":"es"},{"@type":"Organization","@id":"https:\/\/booksfrommexico.com\/#organization","name":"Books From Mexico","url":"https:\/\/booksfrommexico.com\/","logo":{"@type":"ImageObject","inLanguage":"es","@id":"https:\/\/booksfrommexico.com\/#\/schema\/logo\/image\/","url":"https:\/\/booksfrommexico.com\/app\/uploads\/2023\/05\/logo-booksfrommexico.svg","contentUrl":"https:\/\/booksfrommexico.com\/app\/uploads\/2023\/05\/logo-booksfrommexico.svg","width":86,"height":56,"caption":"Books From Mexico"},"image":{"@id":"https:\/\/booksfrommexico.com\/#\/schema\/logo\/image\/"}}]}},"_links":{"self":[{"href":"https:\/\/booksfrommexico.com\/es\/wp-json\/wp\/v2\/product\/1150","targetHints":{"allow":["GET"]}}],"collection":[{"href":"https:\/\/booksfrommexico.com\/es\/wp-json\/wp\/v2\/product"}],"about":[{"href":"https:\/\/booksfrommexico.com\/es\/wp-json\/wp\/v2\/types\/product"}],"wp:featuredmedia":[{"embeddable":true,"href":"https:\/\/booksfrommexico.com\/es\/wp-json\/wp\/v2\/media\/1149"}],"wp:attachment":[{"href":"https:\/\/booksfrommexico.com\/es\/wp-json\/wp\/v2\/media?parent=1150"}],"wp:term":[{"taxonomy":"product_brand","embeddable":true,"href":"https:\/\/booksfrommexico.com\/es\/wp-json\/wp\/v2\/product_brand?post=1150"},{"taxonomy":"product_cat","embeddable":true,"href":"https:\/\/booksfrommexico.com\/es\/wp-json\/wp\/v2\/product_cat?post=1150"},{"taxonomy":"product_tag","embeddable":true,"href":"https:\/\/booksfrommexico.com\/es\/wp-json\/wp\/v2\/product_tag?post=1150"}],"curies":[{"name":"wp","href":"https:\/\/api.w.org\/{rel}","templated":true}]}}