{"id":1156,"date":"2023-05-08T17:11:51","date_gmt":"2023-05-08T17:11:51","guid":{"rendered":"http:\/\/booksfrommexico.com\/product\/eloxochitlan-historico-festivo-y-asombroso\/"},"modified":"2024-06-04T19:01:08","modified_gmt":"2024-06-04T19:01:08","slug":"eloxochitlan-historico-festivo-y-asombroso","status":"publish","type":"product","link":"https:\/\/booksfrommexico.com\/es\/producto\/eloxochitlan-historico-festivo-y-asombroso\/","title":{"rendered":"Eloxochitl\u00e1n : hist\u00f3rico, festivo y asombroso"},"content":{"rendered":"<p><span style=\"font-weight: 400;\">En este libro se recopilan textos sobre pintura rupestre, zonas arqueol\u00f3gicas, pesca, cuentos, leyendas, m\u00fasica y sitios de atracci\u00f3n tur\u00edstica, con el objetivo de despertar inter\u00e9s en turistas. Eloxochitl\u00e1n es un municipio mexicano localizado en la parte sureste del estado de Puebla. Se considera un pueblo milenario en historia y tradici\u00f3n, contando con cer\u00e1mica prehisp\u00e1nica, la Laguna Metztitl\u00e1n, la Vega de Metztitl\u00e1n, el Cerro del Tsonsikui y festividades como el Carnaval de Hualuala y el Carnaval de Eloxochitl\u00e1n. Se recopila, adem\u00e1s, una serie de textos sobre toponimia, sitios de pintura rupestre, zonas arqueol\u00f3gicas, fiestas patronales, cuentos, leyendas, historias de la hacienda de Almol\u00f3n e historia.<\/span><\/p>\n","protected":false},"excerpt":{"rendered":"<p>ELOXOCHITL\u00c1N : HIST\u00d3RICO, FESTIVO Y ASOMBROSO. <span style=\"font-weight: 400;\">\/ Pachuca de Soto, M\u00e9xico : Centro Estatal de Lenguas y Culturas Ind\u00edgenas ; Eloxochitl\u00e1n : Presidencia Municipal de Eloxochitl\u00e1n, 2017. 123 pages : illustrations, map ; 22 cm. <\/span><\/p>\n","protected":false},"featured_media":1155,"template":"","meta":{"_acf_changed":false,"inline_featured_image":false},"product_brand":[],"product_cat":[182,4110,78],"product_tag":[3920,3880],"class_list":{"0":"post-1156","1":"product","2":"type-product","3":"status-publish","4":"has-post-thumbnail","6":"product_cat-estudios-culturales-y-de-identidad-sociologia","7":"product_cat-estudios-latinoamericanos","8":"product_cat-sociologia","9":"product_tag-cultura-popular","10":"product_tag-identidad-cultural","12":"first","13":"instock","14":"taxable","15":"shipping-taxable","16":"purchasable","17":"product-type-simple"},"acf":[],"yoast_head":"<!-- This site is optimized with the Yoast SEO plugin v27.3 - https:\/\/yoast.com\/product\/yoast-seo-wordpress\/ -->\n<title>Eloxochitl\u00e1n: hist\u00f3rico, festivo y asombroso<\/title>\n<meta name=\"description\" content=\"ELOXOCHITL\u00c1N : HIST\u00d3RICO, FESTIVO Y ASOMBROSO. \/ Pachuca de Soto : Centro Estatal de Lenguas y Culturas Ind\u00edgenas ; Eloxochitl\u00e1n : Presidencia Municipal.\" \/>\n<meta name=\"robots\" content=\"index, follow, max-snippet:-1, max-image-preview:large, max-video-preview:-1\" \/>\n<link rel=\"canonical\" href=\"https:\/\/booksfrommexico.com\/es\/producto\/eloxochitlan-historico-festivo-y-asombroso\/\" \/>\n<meta property=\"og:locale\" content=\"es_ES\" \/>\n<meta property=\"og:type\" content=\"article\" \/>\n<meta property=\"og:title\" content=\"Eloxochitl\u00e1n: hist\u00f3rico, festivo y asombroso\" \/>\n<meta property=\"og:description\" content=\"ELOXOCHITL\u00c1N : HIST\u00d3RICO, FESTIVO Y ASOMBROSO. \/ Pachuca de Soto : Centro Estatal de Lenguas y Culturas Ind\u00edgenas ; Eloxochitl\u00e1n : Presidencia Municipal.\" \/>\n<meta property=\"og:url\" content=\"https:\/\/booksfrommexico.com\/es\/producto\/eloxochitlan-historico-festivo-y-asombroso\/\" \/>\n<meta property=\"og:site_name\" content=\"Books From Mexico\" \/>\n<meta property=\"article:modified_time\" content=\"2024-06-04T19:01:08+00:00\" \/>\n<meta property=\"og:image\" content=\"http:\/\/booksfrommexico.com\/app\/uploads\/2023\/05\/183942.jpeg\" \/>\n\t<meta property=\"og:image:width\" content=\"487\" \/>\n\t<meta property=\"og:image:height\" content=\"640\" \/>\n\t<meta property=\"og:image:type\" content=\"image\/jpeg\" \/>\n<meta name=\"twitter:card\" content=\"summary_large_image\" \/>\n<meta name=\"twitter:label1\" content=\"Tiempo de lectura\" \/>\n\t<meta name=\"twitter:data1\" content=\"1 minuto\" \/>\n<script type=\"application\/ld+json\" class=\"yoast-schema-graph\">{\"@context\":\"https:\\\/\\\/schema.org\",\"@graph\":[{\"@type\":\"WebPage\",\"@id\":\"https:\\\/\\\/booksfrommexico.com\\\/es\\\/producto\\\/eloxochitlan-historico-festivo-y-asombroso\\\/\",\"url\":\"https:\\\/\\\/booksfrommexico.com\\\/es\\\/producto\\\/eloxochitlan-historico-festivo-y-asombroso\\\/\",\"name\":\"Eloxochitl\u00e1n: hist\u00f3rico, festivo y asombroso\",\"isPartOf\":{\"@id\":\"https:\\\/\\\/booksfrommexico.com\\\/#website\"},\"primaryImageOfPage\":{\"@id\":\"https:\\\/\\\/booksfrommexico.com\\\/es\\\/producto\\\/eloxochitlan-historico-festivo-y-asombroso\\\/#primaryimage\"},\"image\":{\"@id\":\"https:\\\/\\\/booksfrommexico.com\\\/es\\\/producto\\\/eloxochitlan-historico-festivo-y-asombroso\\\/#primaryimage\"},\"thumbnailUrl\":\"https:\\\/\\\/booksfrommexico.com\\\/app\\\/uploads\\\/2023\\\/05\\\/183942.jpeg\",\"datePublished\":\"2023-05-08T17:11:51+00:00\",\"dateModified\":\"2024-06-04T19:01:08+00:00\",\"description\":\"ELOXOCHITL\u00c1N : HIST\u00d3RICO, FESTIVO Y ASOMBROSO. \\\/ Pachuca de Soto : Centro Estatal de Lenguas y Culturas Ind\u00edgenas ; Eloxochitl\u00e1n : Presidencia Municipal.\",\"breadcrumb\":{\"@id\":\"https:\\\/\\\/booksfrommexico.com\\\/es\\\/producto\\\/eloxochitlan-historico-festivo-y-asombroso\\\/#breadcrumb\"},\"inLanguage\":\"es\",\"potentialAction\":[{\"@type\":\"ReadAction\",\"target\":[\"https:\\\/\\\/booksfrommexico.com\\\/es\\\/producto\\\/eloxochitlan-historico-festivo-y-asombroso\\\/\"]}]},{\"@type\":\"ImageObject\",\"inLanguage\":\"es\",\"@id\":\"https:\\\/\\\/booksfrommexico.com\\\/es\\\/producto\\\/eloxochitlan-historico-festivo-y-asombroso\\\/#primaryimage\",\"url\":\"https:\\\/\\\/booksfrommexico.com\\\/app\\\/uploads\\\/2023\\\/05\\\/183942.jpeg\",\"contentUrl\":\"https:\\\/\\\/booksfrommexico.com\\\/app\\\/uploads\\\/2023\\\/05\\\/183942.jpeg\",\"width\":487,\"height\":640,\"caption\":\"Books From M\u00e9xico: Eloxochitl\u00e1n : hist\u00f3rico, festivo y asombroso\"},{\"@type\":\"BreadcrumbList\",\"@id\":\"https:\\\/\\\/booksfrommexico.com\\\/es\\\/producto\\\/eloxochitlan-historico-festivo-y-asombroso\\\/#breadcrumb\",\"itemListElement\":[{\"@type\":\"ListItem\",\"position\":1,\"name\":\"Home\",\"item\":\"https:\\\/\\\/booksfrommexico.com\\\/es\\\/\"},{\"@type\":\"ListItem\",\"position\":2,\"name\":\"Libros\",\"item\":\"https:\\\/\\\/booksfrommexico.com\\\/es\\\/libros\\\/\"},{\"@type\":\"ListItem\",\"position\":3,\"name\":\"Eloxochitl\u00e1n : hist\u00f3rico, festivo y asombroso\"}]},{\"@type\":\"WebSite\",\"@id\":\"https:\\\/\\\/booksfrommexico.com\\\/#website\",\"url\":\"https:\\\/\\\/booksfrommexico.com\\\/\",\"name\":\"Books From Mexico\",\"description\":\"\",\"publisher\":{\"@id\":\"https:\\\/\\\/booksfrommexico.com\\\/#organization\"},\"potentialAction\":[{\"@type\":\"SearchAction\",\"target\":{\"@type\":\"EntryPoint\",\"urlTemplate\":\"https:\\\/\\\/booksfrommexico.com\\\/?s={search_term_string}\"},\"query-input\":{\"@type\":\"PropertyValueSpecification\",\"valueRequired\":true,\"valueName\":\"search_term_string\"}}],\"inLanguage\":\"es\"},{\"@type\":\"Organization\",\"@id\":\"https:\\\/\\\/booksfrommexico.com\\\/#organization\",\"name\":\"Books From Mexico\",\"url\":\"https:\\\/\\\/booksfrommexico.com\\\/\",\"logo\":{\"@type\":\"ImageObject\",\"inLanguage\":\"es\",\"@id\":\"https:\\\/\\\/booksfrommexico.com\\\/#\\\/schema\\\/logo\\\/image\\\/\",\"url\":\"https:\\\/\\\/booksfrommexico.com\\\/app\\\/uploads\\\/2023\\\/05\\\/logo-booksfrommexico.svg\",\"contentUrl\":\"https:\\\/\\\/booksfrommexico.com\\\/app\\\/uploads\\\/2023\\\/05\\\/logo-booksfrommexico.svg\",\"width\":86,\"height\":56,\"caption\":\"Books From Mexico\"},\"image\":{\"@id\":\"https:\\\/\\\/booksfrommexico.com\\\/#\\\/schema\\\/logo\\\/image\\\/\"}}]}<\/script>\n<!-- \/ Yoast SEO plugin. -->","yoast_head_json":{"title":"Eloxochitl\u00e1n: hist\u00f3rico, festivo y asombroso","description":"ELOXOCHITL\u00c1N : HIST\u00d3RICO, FESTIVO Y ASOMBROSO. \/ Pachuca de Soto : Centro Estatal de Lenguas y Culturas Ind\u00edgenas ; Eloxochitl\u00e1n : Presidencia Municipal.","robots":{"index":"index","follow":"follow","max-snippet":"max-snippet:-1","max-image-preview":"max-image-preview:large","max-video-preview":"max-video-preview:-1"},"canonical":"https:\/\/booksfrommexico.com\/es\/producto\/eloxochitlan-historico-festivo-y-asombroso\/","og_locale":"es_ES","og_type":"article","og_title":"Eloxochitl\u00e1n: hist\u00f3rico, festivo y asombroso","og_description":"ELOXOCHITL\u00c1N : HIST\u00d3RICO, FESTIVO Y ASOMBROSO. \/ Pachuca de Soto : Centro Estatal de Lenguas y Culturas Ind\u00edgenas ; Eloxochitl\u00e1n : Presidencia Municipal.","og_url":"https:\/\/booksfrommexico.com\/es\/producto\/eloxochitlan-historico-festivo-y-asombroso\/","og_site_name":"Books From Mexico","article_modified_time":"2024-06-04T19:01:08+00:00","og_image":[{"width":487,"height":640,"url":"http:\/\/booksfrommexico.com\/app\/uploads\/2023\/05\/183942.jpeg","type":"image\/jpeg"}],"twitter_card":"summary_large_image","twitter_misc":{"Tiempo de lectura":"1 minuto"},"schema":{"@context":"https:\/\/schema.org","@graph":[{"@type":"WebPage","@id":"https:\/\/booksfrommexico.com\/es\/producto\/eloxochitlan-historico-festivo-y-asombroso\/","url":"https:\/\/booksfrommexico.com\/es\/producto\/eloxochitlan-historico-festivo-y-asombroso\/","name":"Eloxochitl\u00e1n: hist\u00f3rico, festivo y asombroso","isPartOf":{"@id":"https:\/\/booksfrommexico.com\/#website"},"primaryImageOfPage":{"@id":"https:\/\/booksfrommexico.com\/es\/producto\/eloxochitlan-historico-festivo-y-asombroso\/#primaryimage"},"image":{"@id":"https:\/\/booksfrommexico.com\/es\/producto\/eloxochitlan-historico-festivo-y-asombroso\/#primaryimage"},"thumbnailUrl":"https:\/\/booksfrommexico.com\/app\/uploads\/2023\/05\/183942.jpeg","datePublished":"2023-05-08T17:11:51+00:00","dateModified":"2024-06-04T19:01:08+00:00","description":"ELOXOCHITL\u00c1N : HIST\u00d3RICO, FESTIVO Y ASOMBROSO. \/ Pachuca de Soto : Centro Estatal de Lenguas y Culturas Ind\u00edgenas ; Eloxochitl\u00e1n : Presidencia Municipal.","breadcrumb":{"@id":"https:\/\/booksfrommexico.com\/es\/producto\/eloxochitlan-historico-festivo-y-asombroso\/#breadcrumb"},"inLanguage":"es","potentialAction":[{"@type":"ReadAction","target":["https:\/\/booksfrommexico.com\/es\/producto\/eloxochitlan-historico-festivo-y-asombroso\/"]}]},{"@type":"ImageObject","inLanguage":"es","@id":"https:\/\/booksfrommexico.com\/es\/producto\/eloxochitlan-historico-festivo-y-asombroso\/#primaryimage","url":"https:\/\/booksfrommexico.com\/app\/uploads\/2023\/05\/183942.jpeg","contentUrl":"https:\/\/booksfrommexico.com\/app\/uploads\/2023\/05\/183942.jpeg","width":487,"height":640,"caption":"Books From M\u00e9xico: Eloxochitl\u00e1n : hist\u00f3rico, festivo y asombroso"},{"@type":"BreadcrumbList","@id":"https:\/\/booksfrommexico.com\/es\/producto\/eloxochitlan-historico-festivo-y-asombroso\/#breadcrumb","itemListElement":[{"@type":"ListItem","position":1,"name":"Home","item":"https:\/\/booksfrommexico.com\/es\/"},{"@type":"ListItem","position":2,"name":"Libros","item":"https:\/\/booksfrommexico.com\/es\/libros\/"},{"@type":"ListItem","position":3,"name":"Eloxochitl\u00e1n : hist\u00f3rico, festivo y asombroso"}]},{"@type":"WebSite","@id":"https:\/\/booksfrommexico.com\/#website","url":"https:\/\/booksfrommexico.com\/","name":"Books From Mexico","description":"","publisher":{"@id":"https:\/\/booksfrommexico.com\/#organization"},"potentialAction":[{"@type":"SearchAction","target":{"@type":"EntryPoint","urlTemplate":"https:\/\/booksfrommexico.com\/?s={search_term_string}"},"query-input":{"@type":"PropertyValueSpecification","valueRequired":true,"valueName":"search_term_string"}}],"inLanguage":"es"},{"@type":"Organization","@id":"https:\/\/booksfrommexico.com\/#organization","name":"Books From Mexico","url":"https:\/\/booksfrommexico.com\/","logo":{"@type":"ImageObject","inLanguage":"es","@id":"https:\/\/booksfrommexico.com\/#\/schema\/logo\/image\/","url":"https:\/\/booksfrommexico.com\/app\/uploads\/2023\/05\/logo-booksfrommexico.svg","contentUrl":"https:\/\/booksfrommexico.com\/app\/uploads\/2023\/05\/logo-booksfrommexico.svg","width":86,"height":56,"caption":"Books From Mexico"},"image":{"@id":"https:\/\/booksfrommexico.com\/#\/schema\/logo\/image\/"}}]}},"_links":{"self":[{"href":"https:\/\/booksfrommexico.com\/es\/wp-json\/wp\/v2\/product\/1156","targetHints":{"allow":["GET"]}}],"collection":[{"href":"https:\/\/booksfrommexico.com\/es\/wp-json\/wp\/v2\/product"}],"about":[{"href":"https:\/\/booksfrommexico.com\/es\/wp-json\/wp\/v2\/types\/product"}],"wp:featuredmedia":[{"embeddable":true,"href":"https:\/\/booksfrommexico.com\/es\/wp-json\/wp\/v2\/media\/1155"}],"wp:attachment":[{"href":"https:\/\/booksfrommexico.com\/es\/wp-json\/wp\/v2\/media?parent=1156"}],"wp:term":[{"taxonomy":"product_brand","embeddable":true,"href":"https:\/\/booksfrommexico.com\/es\/wp-json\/wp\/v2\/product_brand?post=1156"},{"taxonomy":"product_cat","embeddable":true,"href":"https:\/\/booksfrommexico.com\/es\/wp-json\/wp\/v2\/product_cat?post=1156"},{"taxonomy":"product_tag","embeddable":true,"href":"https:\/\/booksfrommexico.com\/es\/wp-json\/wp\/v2\/product_tag?post=1156"}],"curies":[{"name":"wp","href":"https:\/\/api.w.org\/{rel}","templated":true}]}}