{"id":1158,"date":"2023-05-08T17:11:52","date_gmt":"2023-05-08T17:11:52","guid":{"rendered":"http:\/\/booksfrommexico.com\/product\/clamar-en-el-verde-desierto-mujeres-en-la-historia-contemporanea-del-sureste-de-mexico\/"},"modified":"2024-04-08T22:59:26","modified_gmt":"2024-04-08T22:59:26","slug":"clamar-en-el-verde-desierto-mujeres-en-la-historia-contemporanea-del-sureste-de-mexico","status":"publish","type":"product","link":"https:\/\/booksfrommexico.com\/es\/producto\/clamar-en-el-verde-desierto-mujeres-en-la-historia-contemporanea-del-sureste-de-mexico\/","title":{"rendered":"Clamar en el verde desierto"},"content":{"rendered":"<p><span style=\"font-weight: 400;\">En la segunda mitad del siglo XX surgieron los llamados \u201cestudios de g\u00e9nero\u201d, dinamizando, en diversas disciplinas, las investigaciones sobre el papel de las mujeres en la sociedad, propiciando reivindicaciones de igualdad y justicia. La historia con enfoque de g\u00e9nero o la historia del feminismo ofrece amplios caminos por explorar en la actualidad. En este ejemplar se re\u00fanen 9 trabajos escritos, en su gran mayor\u00eda, por mujeres que desde el sureste del pa\u00eds aportan nuevos datos que funcionan como incentivos para seguir analizando y ampliando con otras visiones temas como el periodismo literario, la educaci\u00f3n y el empleo femenino en Yucat\u00e1n, la lucha de mujeres yucatecas por sus derechos y la prostituci\u00f3n femenina en M\u00e9rida.<\/span><\/p>\n","protected":false},"excerpt":{"rendered":"<p>CLAMAR EN EL VERDE DESIERTO : MUJERES EN LA HISTORIA CONTEMPOR\u00c1NEA DEL SURESTE DE M\u00c9XICO. <span style=\"font-weight: 400;\">\/ Miguel Lisboa Guill\u00e9n, Patricio de los Santos Chandom\u00ed (coordinators). Chiapas, M\u00e9xico : San Crist\u00f3bal de Las Casas , Centro de Investigaciones Multidisciplinarias sobre Chiapas y la Frontera Sur ; Ciudad de M\u00e9xico, M\u00e9xico : Universidad Nacional Aut\u00f3noma de M\u00e9xico, 2017. 399 pages : photos, references at the end of each chapter ; 23 cm. ISBN : 9786070299681.<\/span><\/p>\n","protected":false},"featured_media":1157,"template":"","meta":{"_acf_changed":false,"inline_featured_image":false},"product_brand":[],"product_cat":[147,148],"product_tag":[3752,4101],"class_list":{"0":"post-1158","1":"product","2":"type-product","3":"status-publish","4":"has-post-thumbnail","6":"product_cat-estudios-de-genero","7":"product_cat-estudios-sobre-las-mujeres-estudios-de-genero","8":"product_tag-derechos-mujeres","9":"product_tag-mujeres-es","11":"first","12":"instock","13":"taxable","14":"shipping-taxable","15":"purchasable","16":"product-type-simple"},"acf":[],"yoast_head":"<!-- This site is optimized with the Yoast SEO plugin v27.3 - https:\/\/yoast.com\/product\/yoast-seo-wordpress\/ -->\n<title>Clamar en el verde desierto<\/title>\n<meta name=\"description\" content=\"CLAMAR EN EL VERDE DESIERTO : MUJERES EN LA HISTORIA CONTEMPOR\u00c1NEA DEL SURESTE DE M\u00c9XICO. \/ Miguel Lisboa Guill\u00e9n, Patricio de los Santos Chandom\u00ed.\" \/>\n<meta name=\"robots\" content=\"index, follow, max-snippet:-1, max-image-preview:large, max-video-preview:-1\" \/>\n<link rel=\"canonical\" href=\"https:\/\/booksfrommexico.com\/es\/producto\/clamar-en-el-verde-desierto-mujeres-en-la-historia-contemporanea-del-sureste-de-mexico\/\" \/>\n<meta property=\"og:locale\" content=\"es_ES\" \/>\n<meta property=\"og:type\" content=\"article\" \/>\n<meta property=\"og:title\" content=\"Clamar en el verde desierto\" \/>\n<meta property=\"og:description\" content=\"CLAMAR EN EL VERDE DESIERTO : MUJERES EN LA HISTORIA CONTEMPOR\u00c1NEA DEL SURESTE DE M\u00c9XICO. \/ Miguel Lisboa Guill\u00e9n, Patricio de los Santos Chandom\u00ed.\" \/>\n<meta property=\"og:url\" content=\"https:\/\/booksfrommexico.com\/es\/producto\/clamar-en-el-verde-desierto-mujeres-en-la-historia-contemporanea-del-sureste-de-mexico\/\" \/>\n<meta property=\"og:site_name\" content=\"Books From Mexico\" \/>\n<meta property=\"article:modified_time\" content=\"2024-04-08T22:59:26+00:00\" \/>\n<meta property=\"og:image\" content=\"http:\/\/booksfrommexico.com\/app\/uploads\/2023\/05\/184118.jpeg\" \/>\n\t<meta property=\"og:image:width\" content=\"442\" \/>\n\t<meta property=\"og:image:height\" content=\"653\" \/>\n\t<meta property=\"og:image:type\" content=\"image\/jpeg\" \/>\n<meta name=\"twitter:card\" content=\"summary_large_image\" \/>\n<meta name=\"twitter:label1\" content=\"Tiempo de lectura\" \/>\n\t<meta name=\"twitter:data1\" content=\"1 minuto\" \/>\n<script type=\"application\/ld+json\" class=\"yoast-schema-graph\">{\"@context\":\"https:\\\/\\\/schema.org\",\"@graph\":[{\"@type\":\"WebPage\",\"@id\":\"https:\\\/\\\/booksfrommexico.com\\\/es\\\/producto\\\/clamar-en-el-verde-desierto-mujeres-en-la-historia-contemporanea-del-sureste-de-mexico\\\/\",\"url\":\"https:\\\/\\\/booksfrommexico.com\\\/es\\\/producto\\\/clamar-en-el-verde-desierto-mujeres-en-la-historia-contemporanea-del-sureste-de-mexico\\\/\",\"name\":\"Clamar en el verde desierto\",\"isPartOf\":{\"@id\":\"https:\\\/\\\/booksfrommexico.com\\\/#website\"},\"primaryImageOfPage\":{\"@id\":\"https:\\\/\\\/booksfrommexico.com\\\/es\\\/producto\\\/clamar-en-el-verde-desierto-mujeres-en-la-historia-contemporanea-del-sureste-de-mexico\\\/#primaryimage\"},\"image\":{\"@id\":\"https:\\\/\\\/booksfrommexico.com\\\/es\\\/producto\\\/clamar-en-el-verde-desierto-mujeres-en-la-historia-contemporanea-del-sureste-de-mexico\\\/#primaryimage\"},\"thumbnailUrl\":\"https:\\\/\\\/booksfrommexico.com\\\/app\\\/uploads\\\/2023\\\/05\\\/184118.jpeg\",\"datePublished\":\"2023-05-08T17:11:52+00:00\",\"dateModified\":\"2024-04-08T22:59:26+00:00\",\"description\":\"CLAMAR EN EL VERDE DESIERTO : MUJERES EN LA HISTORIA CONTEMPOR\u00c1NEA DEL SURESTE DE M\u00c9XICO. \\\/ Miguel Lisboa Guill\u00e9n, Patricio de los Santos Chandom\u00ed.\",\"breadcrumb\":{\"@id\":\"https:\\\/\\\/booksfrommexico.com\\\/es\\\/producto\\\/clamar-en-el-verde-desierto-mujeres-en-la-historia-contemporanea-del-sureste-de-mexico\\\/#breadcrumb\"},\"inLanguage\":\"es\",\"potentialAction\":[{\"@type\":\"ReadAction\",\"target\":[\"https:\\\/\\\/booksfrommexico.com\\\/es\\\/producto\\\/clamar-en-el-verde-desierto-mujeres-en-la-historia-contemporanea-del-sureste-de-mexico\\\/\"]}]},{\"@type\":\"ImageObject\",\"inLanguage\":\"es\",\"@id\":\"https:\\\/\\\/booksfrommexico.com\\\/es\\\/producto\\\/clamar-en-el-verde-desierto-mujeres-en-la-historia-contemporanea-del-sureste-de-mexico\\\/#primaryimage\",\"url\":\"https:\\\/\\\/booksfrommexico.com\\\/app\\\/uploads\\\/2023\\\/05\\\/184118.jpeg\",\"contentUrl\":\"https:\\\/\\\/booksfrommexico.com\\\/app\\\/uploads\\\/2023\\\/05\\\/184118.jpeg\",\"width\":442,\"height\":653,\"caption\":\"Books From Mexico: Clamar en el verde desierto\"},{\"@type\":\"BreadcrumbList\",\"@id\":\"https:\\\/\\\/booksfrommexico.com\\\/es\\\/producto\\\/clamar-en-el-verde-desierto-mujeres-en-la-historia-contemporanea-del-sureste-de-mexico\\\/#breadcrumb\",\"itemListElement\":[{\"@type\":\"ListItem\",\"position\":1,\"name\":\"Home\",\"item\":\"https:\\\/\\\/booksfrommexico.com\\\/es\\\/\"},{\"@type\":\"ListItem\",\"position\":2,\"name\":\"Libros\",\"item\":\"https:\\\/\\\/booksfrommexico.com\\\/es\\\/libros\\\/\"},{\"@type\":\"ListItem\",\"position\":3,\"name\":\"Clamar en el verde desierto\"}]},{\"@type\":\"WebSite\",\"@id\":\"https:\\\/\\\/booksfrommexico.com\\\/#website\",\"url\":\"https:\\\/\\\/booksfrommexico.com\\\/\",\"name\":\"Books From Mexico\",\"description\":\"\",\"publisher\":{\"@id\":\"https:\\\/\\\/booksfrommexico.com\\\/#organization\"},\"potentialAction\":[{\"@type\":\"SearchAction\",\"target\":{\"@type\":\"EntryPoint\",\"urlTemplate\":\"https:\\\/\\\/booksfrommexico.com\\\/?s={search_term_string}\"},\"query-input\":{\"@type\":\"PropertyValueSpecification\",\"valueRequired\":true,\"valueName\":\"search_term_string\"}}],\"inLanguage\":\"es\"},{\"@type\":\"Organization\",\"@id\":\"https:\\\/\\\/booksfrommexico.com\\\/#organization\",\"name\":\"Books From Mexico\",\"url\":\"https:\\\/\\\/booksfrommexico.com\\\/\",\"logo\":{\"@type\":\"ImageObject\",\"inLanguage\":\"es\",\"@id\":\"https:\\\/\\\/booksfrommexico.com\\\/#\\\/schema\\\/logo\\\/image\\\/\",\"url\":\"https:\\\/\\\/booksfrommexico.com\\\/app\\\/uploads\\\/2023\\\/05\\\/logo-booksfrommexico.svg\",\"contentUrl\":\"https:\\\/\\\/booksfrommexico.com\\\/app\\\/uploads\\\/2023\\\/05\\\/logo-booksfrommexico.svg\",\"width\":86,\"height\":56,\"caption\":\"Books From Mexico\"},\"image\":{\"@id\":\"https:\\\/\\\/booksfrommexico.com\\\/#\\\/schema\\\/logo\\\/image\\\/\"}}]}<\/script>\n<!-- \/ Yoast SEO plugin. -->","yoast_head_json":{"title":"Clamar en el verde desierto","description":"CLAMAR EN EL VERDE DESIERTO : MUJERES EN LA HISTORIA CONTEMPOR\u00c1NEA DEL SURESTE DE M\u00c9XICO. \/ Miguel Lisboa Guill\u00e9n, Patricio de los Santos Chandom\u00ed.","robots":{"index":"index","follow":"follow","max-snippet":"max-snippet:-1","max-image-preview":"max-image-preview:large","max-video-preview":"max-video-preview:-1"},"canonical":"https:\/\/booksfrommexico.com\/es\/producto\/clamar-en-el-verde-desierto-mujeres-en-la-historia-contemporanea-del-sureste-de-mexico\/","og_locale":"es_ES","og_type":"article","og_title":"Clamar en el verde desierto","og_description":"CLAMAR EN EL VERDE DESIERTO : MUJERES EN LA HISTORIA CONTEMPOR\u00c1NEA DEL SURESTE DE M\u00c9XICO. \/ Miguel Lisboa Guill\u00e9n, Patricio de los Santos Chandom\u00ed.","og_url":"https:\/\/booksfrommexico.com\/es\/producto\/clamar-en-el-verde-desierto-mujeres-en-la-historia-contemporanea-del-sureste-de-mexico\/","og_site_name":"Books From Mexico","article_modified_time":"2024-04-08T22:59:26+00:00","og_image":[{"width":442,"height":653,"url":"http:\/\/booksfrommexico.com\/app\/uploads\/2023\/05\/184118.jpeg","type":"image\/jpeg"}],"twitter_card":"summary_large_image","twitter_misc":{"Tiempo de lectura":"1 minuto"},"schema":{"@context":"https:\/\/schema.org","@graph":[{"@type":"WebPage","@id":"https:\/\/booksfrommexico.com\/es\/producto\/clamar-en-el-verde-desierto-mujeres-en-la-historia-contemporanea-del-sureste-de-mexico\/","url":"https:\/\/booksfrommexico.com\/es\/producto\/clamar-en-el-verde-desierto-mujeres-en-la-historia-contemporanea-del-sureste-de-mexico\/","name":"Clamar en el verde desierto","isPartOf":{"@id":"https:\/\/booksfrommexico.com\/#website"},"primaryImageOfPage":{"@id":"https:\/\/booksfrommexico.com\/es\/producto\/clamar-en-el-verde-desierto-mujeres-en-la-historia-contemporanea-del-sureste-de-mexico\/#primaryimage"},"image":{"@id":"https:\/\/booksfrommexico.com\/es\/producto\/clamar-en-el-verde-desierto-mujeres-en-la-historia-contemporanea-del-sureste-de-mexico\/#primaryimage"},"thumbnailUrl":"https:\/\/booksfrommexico.com\/app\/uploads\/2023\/05\/184118.jpeg","datePublished":"2023-05-08T17:11:52+00:00","dateModified":"2024-04-08T22:59:26+00:00","description":"CLAMAR EN EL VERDE DESIERTO : MUJERES EN LA HISTORIA CONTEMPOR\u00c1NEA DEL SURESTE DE M\u00c9XICO. \/ Miguel Lisboa Guill\u00e9n, Patricio de los Santos Chandom\u00ed.","breadcrumb":{"@id":"https:\/\/booksfrommexico.com\/es\/producto\/clamar-en-el-verde-desierto-mujeres-en-la-historia-contemporanea-del-sureste-de-mexico\/#breadcrumb"},"inLanguage":"es","potentialAction":[{"@type":"ReadAction","target":["https:\/\/booksfrommexico.com\/es\/producto\/clamar-en-el-verde-desierto-mujeres-en-la-historia-contemporanea-del-sureste-de-mexico\/"]}]},{"@type":"ImageObject","inLanguage":"es","@id":"https:\/\/booksfrommexico.com\/es\/producto\/clamar-en-el-verde-desierto-mujeres-en-la-historia-contemporanea-del-sureste-de-mexico\/#primaryimage","url":"https:\/\/booksfrommexico.com\/app\/uploads\/2023\/05\/184118.jpeg","contentUrl":"https:\/\/booksfrommexico.com\/app\/uploads\/2023\/05\/184118.jpeg","width":442,"height":653,"caption":"Books From Mexico: Clamar en el verde desierto"},{"@type":"BreadcrumbList","@id":"https:\/\/booksfrommexico.com\/es\/producto\/clamar-en-el-verde-desierto-mujeres-en-la-historia-contemporanea-del-sureste-de-mexico\/#breadcrumb","itemListElement":[{"@type":"ListItem","position":1,"name":"Home","item":"https:\/\/booksfrommexico.com\/es\/"},{"@type":"ListItem","position":2,"name":"Libros","item":"https:\/\/booksfrommexico.com\/es\/libros\/"},{"@type":"ListItem","position":3,"name":"Clamar en el verde desierto"}]},{"@type":"WebSite","@id":"https:\/\/booksfrommexico.com\/#website","url":"https:\/\/booksfrommexico.com\/","name":"Books From Mexico","description":"","publisher":{"@id":"https:\/\/booksfrommexico.com\/#organization"},"potentialAction":[{"@type":"SearchAction","target":{"@type":"EntryPoint","urlTemplate":"https:\/\/booksfrommexico.com\/?s={search_term_string}"},"query-input":{"@type":"PropertyValueSpecification","valueRequired":true,"valueName":"search_term_string"}}],"inLanguage":"es"},{"@type":"Organization","@id":"https:\/\/booksfrommexico.com\/#organization","name":"Books From Mexico","url":"https:\/\/booksfrommexico.com\/","logo":{"@type":"ImageObject","inLanguage":"es","@id":"https:\/\/booksfrommexico.com\/#\/schema\/logo\/image\/","url":"https:\/\/booksfrommexico.com\/app\/uploads\/2023\/05\/logo-booksfrommexico.svg","contentUrl":"https:\/\/booksfrommexico.com\/app\/uploads\/2023\/05\/logo-booksfrommexico.svg","width":86,"height":56,"caption":"Books From Mexico"},"image":{"@id":"https:\/\/booksfrommexico.com\/#\/schema\/logo\/image\/"}}]}},"_links":{"self":[{"href":"https:\/\/booksfrommexico.com\/es\/wp-json\/wp\/v2\/product\/1158","targetHints":{"allow":["GET"]}}],"collection":[{"href":"https:\/\/booksfrommexico.com\/es\/wp-json\/wp\/v2\/product"}],"about":[{"href":"https:\/\/booksfrommexico.com\/es\/wp-json\/wp\/v2\/types\/product"}],"wp:featuredmedia":[{"embeddable":true,"href":"https:\/\/booksfrommexico.com\/es\/wp-json\/wp\/v2\/media\/1157"}],"wp:attachment":[{"href":"https:\/\/booksfrommexico.com\/es\/wp-json\/wp\/v2\/media?parent=1158"}],"wp:term":[{"taxonomy":"product_brand","embeddable":true,"href":"https:\/\/booksfrommexico.com\/es\/wp-json\/wp\/v2\/product_brand?post=1158"},{"taxonomy":"product_cat","embeddable":true,"href":"https:\/\/booksfrommexico.com\/es\/wp-json\/wp\/v2\/product_cat?post=1158"},{"taxonomy":"product_tag","embeddable":true,"href":"https:\/\/booksfrommexico.com\/es\/wp-json\/wp\/v2\/product_tag?post=1158"}],"curies":[{"name":"wp","href":"https:\/\/api.w.org\/{rel}","templated":true}]}}