{"id":1160,"date":"2023-05-08T17:11:54","date_gmt":"2023-05-08T17:11:54","guid":{"rendered":"http:\/\/booksfrommexico.com\/product\/porfirio-diaz-y-teodoro-a-dehesa-1898-1899\/"},"modified":"2024-06-04T19:00:23","modified_gmt":"2024-06-04T19:00:23","slug":"porfirio-diaz-y-teodoro-a-dehesa-1898-1899","status":"publish","type":"product","link":"https:\/\/booksfrommexico.com\/es\/producto\/porfirio-diaz-y-teodoro-a-dehesa-1898-1899\/","title":{"rendered":"Porfirio D\u00edaz y Teodoro A. Dehesa : 1898-1899"},"content":{"rendered":"<p><span style=\"font-weight: 400;\">El porfiriato ha sido caracterizado por distintos autores como un r\u00e9gimen personalista, autoritario y sumamente complejo. La historiograf\u00eda ha buscado la rehabilitaci\u00f3n hist\u00f3rica de este largo periodo y lo ha redimensionado como una etapa fundamental de la historia moderna de M\u00e9xico. El trabajo que aqu\u00ed se presenta surge a partir de la correspondencia in\u00e9dita que en el a\u00f1o de 1899 mantuvieron Porfirio D\u00edaz y Teodoro A.Dehesa, quien fue gobernador del estado de Veracruz de 1892 a 1911. Estas cartas permiten ver un acercamiento a la intimidad y el pensamiento de los mandatarios, quienes con el paso del tiempo llevan su relaci\u00f3n por correspondencia a fronteras m\u00e1s familiares, dando cuenta de asuntos que incluso pueden tocar lo privado.<\/span><\/p>\n","protected":false},"excerpt":{"rendered":"<p>PORFIRIO D\u00cdAZ Y TEODORO A. DEHESA : 1898-1899. <span style=\"font-weight: 400;\">\/ Esperanza Toral Freyre. Veracruz, M\u00e9xico : Gobierno del Estado de Veracruz , Secretar\u00eda de Educaci\u00f3n del Estado de Veracruz ; Editorial Las \u00c1nimas, 2013. 431 pages : includes color photos, bibliography ; 24 cm. ISBN : 9786079246204.<\/span><\/p>\n","protected":false},"featured_media":1159,"template":"","meta":{"_acf_changed":false,"inline_featured_image":false},"product_brand":[],"product_cat":[27,469],"product_tag":[3657,4151],"class_list":{"0":"post-1160","1":"product","2":"type-product","3":"status-publish","4":"has-post-thumbnail","6":"product_cat-historia","7":"product_cat-porfiriato-historia","8":"product_tag-historia","9":"product_tag-porfiriato","11":"first","12":"instock","13":"taxable","14":"shipping-taxable","15":"purchasable","16":"product-type-simple"},"acf":[],"yoast_head":"<!-- This site is optimized with the Yoast SEO plugin v27.3 - https:\/\/yoast.com\/product\/yoast-seo-wordpress\/ -->\n<title>Porfirio D\u00edaz y Teodoro A Dehesa. 1898-1899<\/title>\n<meta name=\"description\" content=\"PORFIRIO D\u00cdAZ Y TEODORO A. DEHESA : 1898-1899. \/ Esperanza Toral Freyre. 2013. 431 pages : includes color photos, bibliography ; 24 cm.\" \/>\n<meta name=\"robots\" content=\"index, follow, max-snippet:-1, max-image-preview:large, max-video-preview:-1\" \/>\n<link rel=\"canonical\" href=\"https:\/\/booksfrommexico.com\/es\/producto\/porfirio-diaz-y-teodoro-a-dehesa-1898-1899\/\" \/>\n<meta property=\"og:locale\" content=\"es_ES\" \/>\n<meta property=\"og:type\" content=\"article\" \/>\n<meta property=\"og:title\" content=\"Porfirio D\u00edaz y Teodoro A Dehesa. 1898-1899\" \/>\n<meta property=\"og:description\" content=\"PORFIRIO D\u00cdAZ Y TEODORO A. DEHESA : 1898-1899. \/ Esperanza Toral Freyre. 2013. 431 pages : includes color photos, bibliography ; 24 cm.\" \/>\n<meta property=\"og:url\" content=\"https:\/\/booksfrommexico.com\/es\/producto\/porfirio-diaz-y-teodoro-a-dehesa-1898-1899\/\" \/>\n<meta property=\"og:site_name\" content=\"Books From Mexico\" \/>\n<meta property=\"article:modified_time\" content=\"2024-06-04T19:00:23+00:00\" \/>\n<meta property=\"og:image\" content=\"http:\/\/booksfrommexico.com\/app\/uploads\/2023\/05\/184267.jpeg\" \/>\n\t<meta property=\"og:image:width\" content=\"459\" \/>\n\t<meta property=\"og:image:height\" content=\"702\" \/>\n\t<meta property=\"og:image:type\" content=\"image\/jpeg\" \/>\n<meta name=\"twitter:card\" content=\"summary_large_image\" \/>\n<meta name=\"twitter:label1\" content=\"Tiempo de lectura\" \/>\n\t<meta name=\"twitter:data1\" content=\"1 minuto\" \/>\n<script type=\"application\/ld+json\" class=\"yoast-schema-graph\">{\"@context\":\"https:\\\/\\\/schema.org\",\"@graph\":[{\"@type\":\"WebPage\",\"@id\":\"https:\\\/\\\/booksfrommexico.com\\\/es\\\/producto\\\/porfirio-diaz-y-teodoro-a-dehesa-1898-1899\\\/\",\"url\":\"https:\\\/\\\/booksfrommexico.com\\\/es\\\/producto\\\/porfirio-diaz-y-teodoro-a-dehesa-1898-1899\\\/\",\"name\":\"Porfirio D\u00edaz y Teodoro A Dehesa. 1898-1899\",\"isPartOf\":{\"@id\":\"https:\\\/\\\/booksfrommexico.com\\\/#website\"},\"primaryImageOfPage\":{\"@id\":\"https:\\\/\\\/booksfrommexico.com\\\/es\\\/producto\\\/porfirio-diaz-y-teodoro-a-dehesa-1898-1899\\\/#primaryimage\"},\"image\":{\"@id\":\"https:\\\/\\\/booksfrommexico.com\\\/es\\\/producto\\\/porfirio-diaz-y-teodoro-a-dehesa-1898-1899\\\/#primaryimage\"},\"thumbnailUrl\":\"https:\\\/\\\/booksfrommexico.com\\\/app\\\/uploads\\\/2023\\\/05\\\/184267.jpeg\",\"datePublished\":\"2023-05-08T17:11:54+00:00\",\"dateModified\":\"2024-06-04T19:00:23+00:00\",\"description\":\"PORFIRIO D\u00cdAZ Y TEODORO A. DEHESA : 1898-1899. \\\/ Esperanza Toral Freyre. 2013. 431 pages : includes color photos, bibliography ; 24 cm.\",\"breadcrumb\":{\"@id\":\"https:\\\/\\\/booksfrommexico.com\\\/es\\\/producto\\\/porfirio-diaz-y-teodoro-a-dehesa-1898-1899\\\/#breadcrumb\"},\"inLanguage\":\"es\",\"potentialAction\":[{\"@type\":\"ReadAction\",\"target\":[\"https:\\\/\\\/booksfrommexico.com\\\/es\\\/producto\\\/porfirio-diaz-y-teodoro-a-dehesa-1898-1899\\\/\"]}]},{\"@type\":\"ImageObject\",\"inLanguage\":\"es\",\"@id\":\"https:\\\/\\\/booksfrommexico.com\\\/es\\\/producto\\\/porfirio-diaz-y-teodoro-a-dehesa-1898-1899\\\/#primaryimage\",\"url\":\"https:\\\/\\\/booksfrommexico.com\\\/app\\\/uploads\\\/2023\\\/05\\\/184267.jpeg\",\"contentUrl\":\"https:\\\/\\\/booksfrommexico.com\\\/app\\\/uploads\\\/2023\\\/05\\\/184267.jpeg\",\"width\":459,\"height\":702,\"caption\":\"Books From M\u00e9xico. Porfirio D\u00edaz y Teodoro A. Dehesa. 1898-1899\"},{\"@type\":\"BreadcrumbList\",\"@id\":\"https:\\\/\\\/booksfrommexico.com\\\/es\\\/producto\\\/porfirio-diaz-y-teodoro-a-dehesa-1898-1899\\\/#breadcrumb\",\"itemListElement\":[{\"@type\":\"ListItem\",\"position\":1,\"name\":\"Home\",\"item\":\"https:\\\/\\\/booksfrommexico.com\\\/es\\\/\"},{\"@type\":\"ListItem\",\"position\":2,\"name\":\"Libros\",\"item\":\"https:\\\/\\\/booksfrommexico.com\\\/es\\\/libros\\\/\"},{\"@type\":\"ListItem\",\"position\":3,\"name\":\"Porfirio D\u00edaz y Teodoro A. Dehesa : 1898-1899\"}]},{\"@type\":\"WebSite\",\"@id\":\"https:\\\/\\\/booksfrommexico.com\\\/#website\",\"url\":\"https:\\\/\\\/booksfrommexico.com\\\/\",\"name\":\"Books From Mexico\",\"description\":\"\",\"publisher\":{\"@id\":\"https:\\\/\\\/booksfrommexico.com\\\/#organization\"},\"potentialAction\":[{\"@type\":\"SearchAction\",\"target\":{\"@type\":\"EntryPoint\",\"urlTemplate\":\"https:\\\/\\\/booksfrommexico.com\\\/?s={search_term_string}\"},\"query-input\":{\"@type\":\"PropertyValueSpecification\",\"valueRequired\":true,\"valueName\":\"search_term_string\"}}],\"inLanguage\":\"es\"},{\"@type\":\"Organization\",\"@id\":\"https:\\\/\\\/booksfrommexico.com\\\/#organization\",\"name\":\"Books From Mexico\",\"url\":\"https:\\\/\\\/booksfrommexico.com\\\/\",\"logo\":{\"@type\":\"ImageObject\",\"inLanguage\":\"es\",\"@id\":\"https:\\\/\\\/booksfrommexico.com\\\/#\\\/schema\\\/logo\\\/image\\\/\",\"url\":\"https:\\\/\\\/booksfrommexico.com\\\/app\\\/uploads\\\/2023\\\/05\\\/logo-booksfrommexico.svg\",\"contentUrl\":\"https:\\\/\\\/booksfrommexico.com\\\/app\\\/uploads\\\/2023\\\/05\\\/logo-booksfrommexico.svg\",\"width\":86,\"height\":56,\"caption\":\"Books From Mexico\"},\"image\":{\"@id\":\"https:\\\/\\\/booksfrommexico.com\\\/#\\\/schema\\\/logo\\\/image\\\/\"}}]}<\/script>\n<!-- \/ Yoast SEO plugin. -->","yoast_head_json":{"title":"Porfirio D\u00edaz y Teodoro A Dehesa. 1898-1899","description":"PORFIRIO D\u00cdAZ Y TEODORO A. DEHESA : 1898-1899. \/ Esperanza Toral Freyre. 2013. 431 pages : includes color photos, bibliography ; 24 cm.","robots":{"index":"index","follow":"follow","max-snippet":"max-snippet:-1","max-image-preview":"max-image-preview:large","max-video-preview":"max-video-preview:-1"},"canonical":"https:\/\/booksfrommexico.com\/es\/producto\/porfirio-diaz-y-teodoro-a-dehesa-1898-1899\/","og_locale":"es_ES","og_type":"article","og_title":"Porfirio D\u00edaz y Teodoro A Dehesa. 1898-1899","og_description":"PORFIRIO D\u00cdAZ Y TEODORO A. DEHESA : 1898-1899. \/ Esperanza Toral Freyre. 2013. 431 pages : includes color photos, bibliography ; 24 cm.","og_url":"https:\/\/booksfrommexico.com\/es\/producto\/porfirio-diaz-y-teodoro-a-dehesa-1898-1899\/","og_site_name":"Books From Mexico","article_modified_time":"2024-06-04T19:00:23+00:00","og_image":[{"width":459,"height":702,"url":"http:\/\/booksfrommexico.com\/app\/uploads\/2023\/05\/184267.jpeg","type":"image\/jpeg"}],"twitter_card":"summary_large_image","twitter_misc":{"Tiempo de lectura":"1 minuto"},"schema":{"@context":"https:\/\/schema.org","@graph":[{"@type":"WebPage","@id":"https:\/\/booksfrommexico.com\/es\/producto\/porfirio-diaz-y-teodoro-a-dehesa-1898-1899\/","url":"https:\/\/booksfrommexico.com\/es\/producto\/porfirio-diaz-y-teodoro-a-dehesa-1898-1899\/","name":"Porfirio D\u00edaz y Teodoro A Dehesa. 1898-1899","isPartOf":{"@id":"https:\/\/booksfrommexico.com\/#website"},"primaryImageOfPage":{"@id":"https:\/\/booksfrommexico.com\/es\/producto\/porfirio-diaz-y-teodoro-a-dehesa-1898-1899\/#primaryimage"},"image":{"@id":"https:\/\/booksfrommexico.com\/es\/producto\/porfirio-diaz-y-teodoro-a-dehesa-1898-1899\/#primaryimage"},"thumbnailUrl":"https:\/\/booksfrommexico.com\/app\/uploads\/2023\/05\/184267.jpeg","datePublished":"2023-05-08T17:11:54+00:00","dateModified":"2024-06-04T19:00:23+00:00","description":"PORFIRIO D\u00cdAZ Y TEODORO A. DEHESA : 1898-1899. \/ Esperanza Toral Freyre. 2013. 431 pages : includes color photos, bibliography ; 24 cm.","breadcrumb":{"@id":"https:\/\/booksfrommexico.com\/es\/producto\/porfirio-diaz-y-teodoro-a-dehesa-1898-1899\/#breadcrumb"},"inLanguage":"es","potentialAction":[{"@type":"ReadAction","target":["https:\/\/booksfrommexico.com\/es\/producto\/porfirio-diaz-y-teodoro-a-dehesa-1898-1899\/"]}]},{"@type":"ImageObject","inLanguage":"es","@id":"https:\/\/booksfrommexico.com\/es\/producto\/porfirio-diaz-y-teodoro-a-dehesa-1898-1899\/#primaryimage","url":"https:\/\/booksfrommexico.com\/app\/uploads\/2023\/05\/184267.jpeg","contentUrl":"https:\/\/booksfrommexico.com\/app\/uploads\/2023\/05\/184267.jpeg","width":459,"height":702,"caption":"Books From M\u00e9xico. Porfirio D\u00edaz y Teodoro A. Dehesa. 1898-1899"},{"@type":"BreadcrumbList","@id":"https:\/\/booksfrommexico.com\/es\/producto\/porfirio-diaz-y-teodoro-a-dehesa-1898-1899\/#breadcrumb","itemListElement":[{"@type":"ListItem","position":1,"name":"Home","item":"https:\/\/booksfrommexico.com\/es\/"},{"@type":"ListItem","position":2,"name":"Libros","item":"https:\/\/booksfrommexico.com\/es\/libros\/"},{"@type":"ListItem","position":3,"name":"Porfirio D\u00edaz y Teodoro A. Dehesa : 1898-1899"}]},{"@type":"WebSite","@id":"https:\/\/booksfrommexico.com\/#website","url":"https:\/\/booksfrommexico.com\/","name":"Books From Mexico","description":"","publisher":{"@id":"https:\/\/booksfrommexico.com\/#organization"},"potentialAction":[{"@type":"SearchAction","target":{"@type":"EntryPoint","urlTemplate":"https:\/\/booksfrommexico.com\/?s={search_term_string}"},"query-input":{"@type":"PropertyValueSpecification","valueRequired":true,"valueName":"search_term_string"}}],"inLanguage":"es"},{"@type":"Organization","@id":"https:\/\/booksfrommexico.com\/#organization","name":"Books From Mexico","url":"https:\/\/booksfrommexico.com\/","logo":{"@type":"ImageObject","inLanguage":"es","@id":"https:\/\/booksfrommexico.com\/#\/schema\/logo\/image\/","url":"https:\/\/booksfrommexico.com\/app\/uploads\/2023\/05\/logo-booksfrommexico.svg","contentUrl":"https:\/\/booksfrommexico.com\/app\/uploads\/2023\/05\/logo-booksfrommexico.svg","width":86,"height":56,"caption":"Books From Mexico"},"image":{"@id":"https:\/\/booksfrommexico.com\/#\/schema\/logo\/image\/"}}]}},"_links":{"self":[{"href":"https:\/\/booksfrommexico.com\/es\/wp-json\/wp\/v2\/product\/1160","targetHints":{"allow":["GET"]}}],"collection":[{"href":"https:\/\/booksfrommexico.com\/es\/wp-json\/wp\/v2\/product"}],"about":[{"href":"https:\/\/booksfrommexico.com\/es\/wp-json\/wp\/v2\/types\/product"}],"wp:featuredmedia":[{"embeddable":true,"href":"https:\/\/booksfrommexico.com\/es\/wp-json\/wp\/v2\/media\/1159"}],"wp:attachment":[{"href":"https:\/\/booksfrommexico.com\/es\/wp-json\/wp\/v2\/media?parent=1160"}],"wp:term":[{"taxonomy":"product_brand","embeddable":true,"href":"https:\/\/booksfrommexico.com\/es\/wp-json\/wp\/v2\/product_brand?post=1160"},{"taxonomy":"product_cat","embeddable":true,"href":"https:\/\/booksfrommexico.com\/es\/wp-json\/wp\/v2\/product_cat?post=1160"},{"taxonomy":"product_tag","embeddable":true,"href":"https:\/\/booksfrommexico.com\/es\/wp-json\/wp\/v2\/product_tag?post=1160"}],"curies":[{"name":"wp","href":"https:\/\/api.w.org\/{rel}","templated":true}]}}