{"id":1164,"date":"2023-05-08T17:11:57","date_gmt":"2023-05-08T17:11:57","guid":{"rendered":"http:\/\/booksfrommexico.com\/product\/el-cabildo-catedralicio-de-la-ciudad-de-puebla-y-sus-decretos-sobre-el-pulque-1689-a-1806\/"},"modified":"2024-04-09T21:48:02","modified_gmt":"2024-04-09T21:48:02","slug":"el-cabildo-catedralicio-de-la-ciudad-de-puebla-y-sus-decretos-sobre-el-pulque-1689-a-1806","status":"publish","type":"product","link":"https:\/\/booksfrommexico.com\/es\/producto\/el-cabildo-catedralicio-de-la-ciudad-de-puebla-y-sus-decretos-sobre-el-pulque-1689-a-1806\/","title":{"rendered":"El cabildo catedralicio de Puebla y sus decretos sobre el pulque"},"content":{"rendered":"<p><span style=\"font-weight: 400;\">Conocida como la \u201cbebida de los dioses\u201d, el pulque fue muy popular entre la poblaci\u00f3n poblana de 1689 a 1806 -periodo que abarca esta investigaci\u00f3n-, provocando preocupaci\u00f3n por las autoridades eclesi\u00e1sticas ante las transgresiones en que los consumidores incurr\u00edan, llegando incluso a denunciarlos ante autoridades gubernamentales. Esta informaci\u00f3n est\u00e1 contenida en un expediente localizado en el Archivo del Venerable Cabildo Catedr\u00e1tico de Puebla, siendo detalladamente explicado aqu\u00ed. Este trabajo puede contribuir al desarrollo de diversas l\u00edneas de investigaci\u00f3n, pasando por investigaciones cient\u00edficas, adulteraciones de la bebida, estudios gastron\u00f3micos sobre los alimentos y dem\u00e1s.<\/span><\/p>\n","protected":false},"excerpt":{"rendered":"<p>EL CABILDO CATEDRALICIO DE LA CIUDAD DE PUEBLA Y SUS DECRETOS SOBRE EL PULQUE, 1689 A 1806<span style=\"font-weight: 400;\">. \/ Viridiana Vera Garc\u00eda, Ana Mar\u00eda Dolores Huerta Jaramillo. M\u00e9xico, Puebla : Benem\u00e9rita Universidad Aut\u00f3noma de Puebla, Direcci\u00f3n de Fomento Editorial, 2017. 221 pages : includes color photos, bibliography ; 28 cm. ISBN : 9786075254555.<\/span><\/p>\n","protected":false},"featured_media":1163,"template":"","meta":{"_acf_changed":false,"inline_featured_image":false},"product_brand":[],"product_cat":[3205,3333,372],"product_tag":[3920,4049,4001],"class_list":{"0":"post-1164","1":"product","2":"type-product","3":"status-publish","4":"has-post-thumbnail","6":"product_cat-alimentos-bebidas","7":"product_cat-leyes-y-asuntos-juridicos","8":"product_cat-tradiciones-culturales","9":"product_tag-cultura-popular","10":"product_tag-history-mexico","11":"product_tag-leyes","13":"first","14":"outofstock","15":"taxable","16":"shipping-taxable","17":"purchasable","18":"product-type-simple"},"acf":[],"yoast_head":"<!-- This site is optimized with the Yoast SEO plugin v27.2 - https:\/\/yoast.com\/product\/yoast-seo-wordpress\/ -->\n<title>El cabildo catedralicio de Puebla y sus decretos sobre el pulque<\/title>\n<meta name=\"description\" content=\"EL CABILDO CATEDRALICIO DE LA CIUDAD DE PUEBLA Y SUS DECRETOS SOBRE EL PULQUE, 1689 A 1806. \/ Viridiana Vera Garc\u00eda, Ana Mar\u00eda Dolores Huerta Jaramillo.\" \/>\n<meta name=\"robots\" content=\"index, follow, max-snippet:-1, max-image-preview:large, max-video-preview:-1\" \/>\n<link rel=\"canonical\" href=\"https:\/\/booksfrommexico.com\/es\/producto\/el-cabildo-catedralicio-de-la-ciudad-de-puebla-y-sus-decretos-sobre-el-pulque-1689-a-1806\/\" \/>\n<meta property=\"og:locale\" content=\"es_ES\" \/>\n<meta property=\"og:type\" content=\"article\" \/>\n<meta property=\"og:title\" content=\"El cabildo catedralicio de Puebla y sus decretos sobre el pulque\" \/>\n<meta property=\"og:description\" content=\"EL CABILDO CATEDRALICIO DE LA CIUDAD DE PUEBLA Y SUS DECRETOS SOBRE EL PULQUE, 1689 A 1806. \/ Viridiana Vera Garc\u00eda, Ana Mar\u00eda Dolores Huerta Jaramillo.\" \/>\n<meta property=\"og:url\" content=\"https:\/\/booksfrommexico.com\/es\/producto\/el-cabildo-catedralicio-de-la-ciudad-de-puebla-y-sus-decretos-sobre-el-pulque-1689-a-1806\/\" \/>\n<meta property=\"og:site_name\" content=\"Books From Mexico\" \/>\n<meta property=\"article:modified_time\" content=\"2024-04-09T21:48:02+00:00\" \/>\n<meta property=\"og:image\" content=\"http:\/\/booksfrommexico.com\/app\/uploads\/2023\/05\/184281.jpeg\" \/>\n\t<meta property=\"og:image:width\" content=\"555\" \/>\n\t<meta property=\"og:image:height\" content=\"798\" \/>\n\t<meta property=\"og:image:type\" content=\"image\/jpeg\" \/>\n<meta name=\"twitter:card\" content=\"summary_large_image\" \/>\n<meta name=\"twitter:label1\" content=\"Tiempo de lectura\" \/>\n\t<meta name=\"twitter:data1\" content=\"1 minuto\" \/>\n<script type=\"application\/ld+json\" class=\"yoast-schema-graph\">{\"@context\":\"https:\/\/schema.org\",\"@graph\":[{\"@type\":\"WebPage\",\"@id\":\"https:\/\/booksfrommexico.com\/es\/producto\/el-cabildo-catedralicio-de-la-ciudad-de-puebla-y-sus-decretos-sobre-el-pulque-1689-a-1806\/\",\"url\":\"https:\/\/booksfrommexico.com\/es\/producto\/el-cabildo-catedralicio-de-la-ciudad-de-puebla-y-sus-decretos-sobre-el-pulque-1689-a-1806\/\",\"name\":\"El cabildo catedralicio de Puebla y sus decretos sobre el pulque\",\"isPartOf\":{\"@id\":\"https:\/\/booksfrommexico.com\/#website\"},\"primaryImageOfPage\":{\"@id\":\"https:\/\/booksfrommexico.com\/es\/producto\/el-cabildo-catedralicio-de-la-ciudad-de-puebla-y-sus-decretos-sobre-el-pulque-1689-a-1806\/#primaryimage\"},\"image\":{\"@id\":\"https:\/\/booksfrommexico.com\/es\/producto\/el-cabildo-catedralicio-de-la-ciudad-de-puebla-y-sus-decretos-sobre-el-pulque-1689-a-1806\/#primaryimage\"},\"thumbnailUrl\":\"https:\/\/booksfrommexico.com\/app\/uploads\/2023\/05\/184281.jpeg\",\"datePublished\":\"2023-05-08T17:11:57+00:00\",\"dateModified\":\"2024-04-09T21:48:02+00:00\",\"description\":\"EL CABILDO CATEDRALICIO DE LA CIUDAD DE PUEBLA Y SUS DECRETOS SOBRE EL PULQUE, 1689 A 1806. \/ Viridiana Vera Garc\u00eda, Ana Mar\u00eda Dolores Huerta Jaramillo.\",\"breadcrumb\":{\"@id\":\"https:\/\/booksfrommexico.com\/es\/producto\/el-cabildo-catedralicio-de-la-ciudad-de-puebla-y-sus-decretos-sobre-el-pulque-1689-a-1806\/#breadcrumb\"},\"inLanguage\":\"es\",\"potentialAction\":[{\"@type\":\"ReadAction\",\"target\":[\"https:\/\/booksfrommexico.com\/es\/producto\/el-cabildo-catedralicio-de-la-ciudad-de-puebla-y-sus-decretos-sobre-el-pulque-1689-a-1806\/\"]}]},{\"@type\":\"ImageObject\",\"inLanguage\":\"es\",\"@id\":\"https:\/\/booksfrommexico.com\/es\/producto\/el-cabildo-catedralicio-de-la-ciudad-de-puebla-y-sus-decretos-sobre-el-pulque-1689-a-1806\/#primaryimage\",\"url\":\"https:\/\/booksfrommexico.com\/app\/uploads\/2023\/05\/184281.jpeg\",\"contentUrl\":\"https:\/\/booksfrommexico.com\/app\/uploads\/2023\/05\/184281.jpeg\",\"width\":555,\"height\":798,\"caption\":\"Books From M\u00e9xico: El cabildo catedralicio de la Ciudad de Puebla y sus decretos sobre el Pulque, 1689 a 1806\"},{\"@type\":\"BreadcrumbList\",\"@id\":\"https:\/\/booksfrommexico.com\/es\/producto\/el-cabildo-catedralicio-de-la-ciudad-de-puebla-y-sus-decretos-sobre-el-pulque-1689-a-1806\/#breadcrumb\",\"itemListElement\":[{\"@type\":\"ListItem\",\"position\":1,\"name\":\"Home\",\"item\":\"https:\/\/booksfrommexico.com\/es\/\"},{\"@type\":\"ListItem\",\"position\":2,\"name\":\"Libros\",\"item\":\"https:\/\/booksfrommexico.com\/es\/libros\/\"},{\"@type\":\"ListItem\",\"position\":3,\"name\":\"El cabildo catedralicio de Puebla y sus decretos sobre el pulque\"}]},{\"@type\":\"WebSite\",\"@id\":\"https:\/\/booksfrommexico.com\/#website\",\"url\":\"https:\/\/booksfrommexico.com\/\",\"name\":\"Books From Mexico\",\"description\":\"\",\"publisher\":{\"@id\":\"https:\/\/booksfrommexico.com\/#organization\"},\"potentialAction\":[{\"@type\":\"SearchAction\",\"target\":{\"@type\":\"EntryPoint\",\"urlTemplate\":\"https:\/\/booksfrommexico.com\/?s={search_term_string}\"},\"query-input\":{\"@type\":\"PropertyValueSpecification\",\"valueRequired\":true,\"valueName\":\"search_term_string\"}}],\"inLanguage\":\"es\"},{\"@type\":\"Organization\",\"@id\":\"https:\/\/booksfrommexico.com\/#organization\",\"name\":\"Books From Mexico\",\"url\":\"https:\/\/booksfrommexico.com\/\",\"logo\":{\"@type\":\"ImageObject\",\"inLanguage\":\"es\",\"@id\":\"https:\/\/booksfrommexico.com\/#\/schema\/logo\/image\/\",\"url\":\"https:\/\/booksfrommexico.com\/app\/uploads\/2023\/05\/logo-booksfrommexico.svg\",\"contentUrl\":\"https:\/\/booksfrommexico.com\/app\/uploads\/2023\/05\/logo-booksfrommexico.svg\",\"width\":86,\"height\":56,\"caption\":\"Books From Mexico\"},\"image\":{\"@id\":\"https:\/\/booksfrommexico.com\/#\/schema\/logo\/image\/\"}}]}<\/script>\n<!-- \/ Yoast SEO plugin. -->","yoast_head_json":{"title":"El cabildo catedralicio de Puebla y sus decretos sobre el pulque","description":"EL CABILDO CATEDRALICIO DE LA CIUDAD DE PUEBLA Y SUS DECRETOS SOBRE EL PULQUE, 1689 A 1806. \/ Viridiana Vera Garc\u00eda, Ana Mar\u00eda Dolores Huerta Jaramillo.","robots":{"index":"index","follow":"follow","max-snippet":"max-snippet:-1","max-image-preview":"max-image-preview:large","max-video-preview":"max-video-preview:-1"},"canonical":"https:\/\/booksfrommexico.com\/es\/producto\/el-cabildo-catedralicio-de-la-ciudad-de-puebla-y-sus-decretos-sobre-el-pulque-1689-a-1806\/","og_locale":"es_ES","og_type":"article","og_title":"El cabildo catedralicio de Puebla y sus decretos sobre el pulque","og_description":"EL CABILDO CATEDRALICIO DE LA CIUDAD DE PUEBLA Y SUS DECRETOS SOBRE EL PULQUE, 1689 A 1806. \/ Viridiana Vera Garc\u00eda, Ana Mar\u00eda Dolores Huerta Jaramillo.","og_url":"https:\/\/booksfrommexico.com\/es\/producto\/el-cabildo-catedralicio-de-la-ciudad-de-puebla-y-sus-decretos-sobre-el-pulque-1689-a-1806\/","og_site_name":"Books From Mexico","article_modified_time":"2024-04-09T21:48:02+00:00","og_image":[{"width":555,"height":798,"url":"http:\/\/booksfrommexico.com\/app\/uploads\/2023\/05\/184281.jpeg","type":"image\/jpeg"}],"twitter_card":"summary_large_image","twitter_misc":{"Tiempo de lectura":"1 minuto"},"schema":{"@context":"https:\/\/schema.org","@graph":[{"@type":"WebPage","@id":"https:\/\/booksfrommexico.com\/es\/producto\/el-cabildo-catedralicio-de-la-ciudad-de-puebla-y-sus-decretos-sobre-el-pulque-1689-a-1806\/","url":"https:\/\/booksfrommexico.com\/es\/producto\/el-cabildo-catedralicio-de-la-ciudad-de-puebla-y-sus-decretos-sobre-el-pulque-1689-a-1806\/","name":"El cabildo catedralicio de Puebla y sus decretos sobre el pulque","isPartOf":{"@id":"https:\/\/booksfrommexico.com\/#website"},"primaryImageOfPage":{"@id":"https:\/\/booksfrommexico.com\/es\/producto\/el-cabildo-catedralicio-de-la-ciudad-de-puebla-y-sus-decretos-sobre-el-pulque-1689-a-1806\/#primaryimage"},"image":{"@id":"https:\/\/booksfrommexico.com\/es\/producto\/el-cabildo-catedralicio-de-la-ciudad-de-puebla-y-sus-decretos-sobre-el-pulque-1689-a-1806\/#primaryimage"},"thumbnailUrl":"https:\/\/booksfrommexico.com\/app\/uploads\/2023\/05\/184281.jpeg","datePublished":"2023-05-08T17:11:57+00:00","dateModified":"2024-04-09T21:48:02+00:00","description":"EL CABILDO CATEDRALICIO DE LA CIUDAD DE PUEBLA Y SUS DECRETOS SOBRE EL PULQUE, 1689 A 1806. \/ Viridiana Vera Garc\u00eda, Ana Mar\u00eda Dolores Huerta Jaramillo.","breadcrumb":{"@id":"https:\/\/booksfrommexico.com\/es\/producto\/el-cabildo-catedralicio-de-la-ciudad-de-puebla-y-sus-decretos-sobre-el-pulque-1689-a-1806\/#breadcrumb"},"inLanguage":"es","potentialAction":[{"@type":"ReadAction","target":["https:\/\/booksfrommexico.com\/es\/producto\/el-cabildo-catedralicio-de-la-ciudad-de-puebla-y-sus-decretos-sobre-el-pulque-1689-a-1806\/"]}]},{"@type":"ImageObject","inLanguage":"es","@id":"https:\/\/booksfrommexico.com\/es\/producto\/el-cabildo-catedralicio-de-la-ciudad-de-puebla-y-sus-decretos-sobre-el-pulque-1689-a-1806\/#primaryimage","url":"https:\/\/booksfrommexico.com\/app\/uploads\/2023\/05\/184281.jpeg","contentUrl":"https:\/\/booksfrommexico.com\/app\/uploads\/2023\/05\/184281.jpeg","width":555,"height":798,"caption":"Books From M\u00e9xico: El cabildo catedralicio de la Ciudad de Puebla y sus decretos sobre el Pulque, 1689 a 1806"},{"@type":"BreadcrumbList","@id":"https:\/\/booksfrommexico.com\/es\/producto\/el-cabildo-catedralicio-de-la-ciudad-de-puebla-y-sus-decretos-sobre-el-pulque-1689-a-1806\/#breadcrumb","itemListElement":[{"@type":"ListItem","position":1,"name":"Home","item":"https:\/\/booksfrommexico.com\/es\/"},{"@type":"ListItem","position":2,"name":"Libros","item":"https:\/\/booksfrommexico.com\/es\/libros\/"},{"@type":"ListItem","position":3,"name":"El cabildo catedralicio de Puebla y sus decretos sobre el pulque"}]},{"@type":"WebSite","@id":"https:\/\/booksfrommexico.com\/#website","url":"https:\/\/booksfrommexico.com\/","name":"Books From Mexico","description":"","publisher":{"@id":"https:\/\/booksfrommexico.com\/#organization"},"potentialAction":[{"@type":"SearchAction","target":{"@type":"EntryPoint","urlTemplate":"https:\/\/booksfrommexico.com\/?s={search_term_string}"},"query-input":{"@type":"PropertyValueSpecification","valueRequired":true,"valueName":"search_term_string"}}],"inLanguage":"es"},{"@type":"Organization","@id":"https:\/\/booksfrommexico.com\/#organization","name":"Books From Mexico","url":"https:\/\/booksfrommexico.com\/","logo":{"@type":"ImageObject","inLanguage":"es","@id":"https:\/\/booksfrommexico.com\/#\/schema\/logo\/image\/","url":"https:\/\/booksfrommexico.com\/app\/uploads\/2023\/05\/logo-booksfrommexico.svg","contentUrl":"https:\/\/booksfrommexico.com\/app\/uploads\/2023\/05\/logo-booksfrommexico.svg","width":86,"height":56,"caption":"Books From Mexico"},"image":{"@id":"https:\/\/booksfrommexico.com\/#\/schema\/logo\/image\/"}}]}},"_links":{"self":[{"href":"https:\/\/booksfrommexico.com\/es\/wp-json\/wp\/v2\/product\/1164","targetHints":{"allow":["GET"]}}],"collection":[{"href":"https:\/\/booksfrommexico.com\/es\/wp-json\/wp\/v2\/product"}],"about":[{"href":"https:\/\/booksfrommexico.com\/es\/wp-json\/wp\/v2\/types\/product"}],"wp:featuredmedia":[{"embeddable":true,"href":"https:\/\/booksfrommexico.com\/es\/wp-json\/wp\/v2\/media\/1163"}],"wp:attachment":[{"href":"https:\/\/booksfrommexico.com\/es\/wp-json\/wp\/v2\/media?parent=1164"}],"wp:term":[{"taxonomy":"product_brand","embeddable":true,"href":"https:\/\/booksfrommexico.com\/es\/wp-json\/wp\/v2\/product_brand?post=1164"},{"taxonomy":"product_cat","embeddable":true,"href":"https:\/\/booksfrommexico.com\/es\/wp-json\/wp\/v2\/product_cat?post=1164"},{"taxonomy":"product_tag","embeddable":true,"href":"https:\/\/booksfrommexico.com\/es\/wp-json\/wp\/v2\/product_tag?post=1164"}],"curies":[{"name":"wp","href":"https:\/\/api.w.org\/{rel}","templated":true}]}}