{"id":1166,"date":"2023-05-08T17:11:59","date_gmt":"2023-05-08T17:11:59","guid":{"rendered":"http:\/\/booksfrommexico.com\/product\/corridos-trovas-y-bolas-de-la-region-amecameca-cuautla-coleccion-de-don-miguelito-salomon\/"},"modified":"2024-04-09T22:09:11","modified_gmt":"2024-04-09T22:09:11","slug":"corridos-trovas-y-bolas-de-la-region-amecameca-cuautla-coleccion-de-don-miguelito-salomon","status":"publish","type":"product","link":"https:\/\/booksfrommexico.com\/es\/producto\/corridos-trovas-y-bolas-de-la-region-amecameca-cuautla-coleccion-de-don-miguelito-salomon\/","title":{"rendered":"Corridos, trovas y bolas"},"content":{"rendered":"<p><span style=\"font-weight: 400;\">Colecci\u00f3n de l\u00edrica popular que conformaba el repertorio completo de un corridero de anta\u00f1o en las regiones que hoy son los estados de M\u00e9xico, Puebla, Morelos y Guerrero. En sus p\u00e1ginas recopila 170 piezas que incluyen corridos, bolas, canciones, coplas, duelos, quintillas, octavas, saludos, dedicatorias y esdr\u00fajulos; as\u00ed como una serie de l\u00e1minas donde se ven fotograf\u00edas que abarcan a\u00f1os entre 1800 y 1900. A diferencia de otros estudios, este cuenta con una colecci\u00f3n de car\u00e1cter local y regional, es decir, es un acervo completo de un cantante de corridos que desempe\u00f1\u00f3 esa actividad en una regi\u00f3n determinada, precisa, cuyas caracter\u00edsticas sociales, econ\u00f3micas y culturales pueden conocerse.<\/span><\/p>\n","protected":false},"excerpt":{"rendered":"<p>CORRIDOS, TROVAS Y BOLAS DE LA REGI\u00d3N AMECAMECA-CUAUTLA<span style=\"font-weight: 400;\">. \/ Guillermo Bonfil Batalla, Teresa Rojas Rabiela y Ricardo P\u00e9rez Montfort. M\u00e9xico, D.F. : Centro de Investigaciones y Estudios Superiores en Antropolog\u00eda Social ; Fondo de Cultura Econ\u00f3mica ; Michoac\u00e1n, M\u00e9xico : Universidad Michoacana de San Nicol\u00e1s de Hidalgo ; Cuernavaca, M\u00e9xico: El Colegio de Morelos, 2018. 279 pages : includes color illustrations, name index, bibliography ; 23 cm. ISBN : 9786071654458.<\/span><\/p>\n","protected":false},"featured_media":1165,"template":"","meta":{"_acf_changed":false,"inline_featured_image":false},"product_brand":[],"product_cat":[645,325],"product_tag":[4067,3922],"class_list":{"0":"post-1166","1":"product","2":"type-product","3":"status-publish","4":"has-post-thumbnail","6":"product_cat-biografias-de-musicos-y-compositores","7":"product_cat-musica","8":"product_tag-corridos-es","9":"product_tag-musica","11":"first","12":"instock","13":"taxable","14":"shipping-taxable","15":"purchasable","16":"product-type-simple"},"acf":[],"yoast_head":"<!-- This site is optimized with the Yoast SEO plugin v27.3 - https:\/\/yoast.com\/product\/yoast-seo-wordpress\/ -->\n<title>Corridos, trovas y bolas de la regi\u00f3n Amecameca-Cuautla<\/title>\n<meta name=\"description\" content=\"Guillermo Bonfil Batalla, Teresa Rojas Rabiela y Ricardo P\u00e9rez Montfort. CIESAS ; FCE ; UMSNH ; El Colegio de Morelos, 2018. ISBN : 9786071654458.\" \/>\n<meta name=\"robots\" content=\"index, follow, max-snippet:-1, max-image-preview:large, max-video-preview:-1\" \/>\n<link rel=\"canonical\" href=\"https:\/\/booksfrommexico.com\/es\/producto\/corridos-trovas-y-bolas-de-la-region-amecameca-cuautla-coleccion-de-don-miguelito-salomon\/\" \/>\n<meta property=\"og:locale\" content=\"es_ES\" \/>\n<meta property=\"og:type\" content=\"article\" \/>\n<meta property=\"og:title\" content=\"Corridos, trovas y bolas de la regi\u00f3n Amecameca-Cuautla\" \/>\n<meta property=\"og:description\" content=\"Guillermo Bonfil Batalla, Teresa Rojas Rabiela y Ricardo P\u00e9rez Montfort. CIESAS ; FCE ; UMSNH ; El Colegio de Morelos, 2018. ISBN : 9786071654458.\" \/>\n<meta property=\"og:url\" content=\"https:\/\/booksfrommexico.com\/es\/producto\/corridos-trovas-y-bolas-de-la-region-amecameca-cuautla-coleccion-de-don-miguelito-salomon\/\" \/>\n<meta property=\"og:site_name\" content=\"Books From Mexico\" \/>\n<meta property=\"article:modified_time\" content=\"2024-04-09T22:09:11+00:00\" \/>\n<meta property=\"og:image\" content=\"http:\/\/booksfrommexico.com\/app\/uploads\/2023\/05\/184403.jpeg\" \/>\n\t<meta property=\"og:image:width\" content=\"610\" \/>\n\t<meta property=\"og:image:height\" content=\"790\" \/>\n\t<meta property=\"og:image:type\" content=\"image\/jpeg\" \/>\n<meta name=\"twitter:card\" content=\"summary_large_image\" \/>\n<meta name=\"twitter:label1\" content=\"Tiempo de lectura\" \/>\n\t<meta name=\"twitter:data1\" content=\"1 minuto\" \/>\n<script type=\"application\/ld+json\" class=\"yoast-schema-graph\">{\"@context\":\"https:\\\/\\\/schema.org\",\"@graph\":[{\"@type\":\"WebPage\",\"@id\":\"https:\\\/\\\/booksfrommexico.com\\\/es\\\/producto\\\/corridos-trovas-y-bolas-de-la-region-amecameca-cuautla-coleccion-de-don-miguelito-salomon\\\/\",\"url\":\"https:\\\/\\\/booksfrommexico.com\\\/es\\\/producto\\\/corridos-trovas-y-bolas-de-la-region-amecameca-cuautla-coleccion-de-don-miguelito-salomon\\\/\",\"name\":\"Corridos, trovas y bolas de la regi\u00f3n Amecameca-Cuautla\",\"isPartOf\":{\"@id\":\"https:\\\/\\\/booksfrommexico.com\\\/#website\"},\"primaryImageOfPage\":{\"@id\":\"https:\\\/\\\/booksfrommexico.com\\\/es\\\/producto\\\/corridos-trovas-y-bolas-de-la-region-amecameca-cuautla-coleccion-de-don-miguelito-salomon\\\/#primaryimage\"},\"image\":{\"@id\":\"https:\\\/\\\/booksfrommexico.com\\\/es\\\/producto\\\/corridos-trovas-y-bolas-de-la-region-amecameca-cuautla-coleccion-de-don-miguelito-salomon\\\/#primaryimage\"},\"thumbnailUrl\":\"https:\\\/\\\/booksfrommexico.com\\\/app\\\/uploads\\\/2023\\\/05\\\/184403.jpeg\",\"datePublished\":\"2023-05-08T17:11:59+00:00\",\"dateModified\":\"2024-04-09T22:09:11+00:00\",\"description\":\"Guillermo Bonfil Batalla, Teresa Rojas Rabiela y Ricardo P\u00e9rez Montfort. CIESAS ; FCE ; UMSNH ; El Colegio de Morelos, 2018. ISBN : 9786071654458.\",\"breadcrumb\":{\"@id\":\"https:\\\/\\\/booksfrommexico.com\\\/es\\\/producto\\\/corridos-trovas-y-bolas-de-la-region-amecameca-cuautla-coleccion-de-don-miguelito-salomon\\\/#breadcrumb\"},\"inLanguage\":\"es\",\"potentialAction\":[{\"@type\":\"ReadAction\",\"target\":[\"https:\\\/\\\/booksfrommexico.com\\\/es\\\/producto\\\/corridos-trovas-y-bolas-de-la-region-amecameca-cuautla-coleccion-de-don-miguelito-salomon\\\/\"]}]},{\"@type\":\"ImageObject\",\"inLanguage\":\"es\",\"@id\":\"https:\\\/\\\/booksfrommexico.com\\\/es\\\/producto\\\/corridos-trovas-y-bolas-de-la-region-amecameca-cuautla-coleccion-de-don-miguelito-salomon\\\/#primaryimage\",\"url\":\"https:\\\/\\\/booksfrommexico.com\\\/app\\\/uploads\\\/2023\\\/05\\\/184403.jpeg\",\"contentUrl\":\"https:\\\/\\\/booksfrommexico.com\\\/app\\\/uploads\\\/2023\\\/05\\\/184403.jpeg\",\"width\":610,\"height\":790,\"caption\":\"Books From M\u00e9xico: Corridos, trovas y bolas de la regi\u00f3n Amecameca-Cuautla\"},{\"@type\":\"BreadcrumbList\",\"@id\":\"https:\\\/\\\/booksfrommexico.com\\\/es\\\/producto\\\/corridos-trovas-y-bolas-de-la-region-amecameca-cuautla-coleccion-de-don-miguelito-salomon\\\/#breadcrumb\",\"itemListElement\":[{\"@type\":\"ListItem\",\"position\":1,\"name\":\"Home\",\"item\":\"https:\\\/\\\/booksfrommexico.com\\\/es\\\/\"},{\"@type\":\"ListItem\",\"position\":2,\"name\":\"Libros\",\"item\":\"https:\\\/\\\/booksfrommexico.com\\\/es\\\/libros\\\/\"},{\"@type\":\"ListItem\",\"position\":3,\"name\":\"Corridos, trovas y bolas\"}]},{\"@type\":\"WebSite\",\"@id\":\"https:\\\/\\\/booksfrommexico.com\\\/#website\",\"url\":\"https:\\\/\\\/booksfrommexico.com\\\/\",\"name\":\"Books From Mexico\",\"description\":\"\",\"publisher\":{\"@id\":\"https:\\\/\\\/booksfrommexico.com\\\/#organization\"},\"potentialAction\":[{\"@type\":\"SearchAction\",\"target\":{\"@type\":\"EntryPoint\",\"urlTemplate\":\"https:\\\/\\\/booksfrommexico.com\\\/?s={search_term_string}\"},\"query-input\":{\"@type\":\"PropertyValueSpecification\",\"valueRequired\":true,\"valueName\":\"search_term_string\"}}],\"inLanguage\":\"es\"},{\"@type\":\"Organization\",\"@id\":\"https:\\\/\\\/booksfrommexico.com\\\/#organization\",\"name\":\"Books From Mexico\",\"url\":\"https:\\\/\\\/booksfrommexico.com\\\/\",\"logo\":{\"@type\":\"ImageObject\",\"inLanguage\":\"es\",\"@id\":\"https:\\\/\\\/booksfrommexico.com\\\/#\\\/schema\\\/logo\\\/image\\\/\",\"url\":\"https:\\\/\\\/booksfrommexico.com\\\/app\\\/uploads\\\/2023\\\/05\\\/logo-booksfrommexico.svg\",\"contentUrl\":\"https:\\\/\\\/booksfrommexico.com\\\/app\\\/uploads\\\/2023\\\/05\\\/logo-booksfrommexico.svg\",\"width\":86,\"height\":56,\"caption\":\"Books From Mexico\"},\"image\":{\"@id\":\"https:\\\/\\\/booksfrommexico.com\\\/#\\\/schema\\\/logo\\\/image\\\/\"}}]}<\/script>\n<!-- \/ Yoast SEO plugin. -->","yoast_head_json":{"title":"Corridos, trovas y bolas de la regi\u00f3n Amecameca-Cuautla","description":"Guillermo Bonfil Batalla, Teresa Rojas Rabiela y Ricardo P\u00e9rez Montfort. CIESAS ; FCE ; UMSNH ; El Colegio de Morelos, 2018. ISBN : 9786071654458.","robots":{"index":"index","follow":"follow","max-snippet":"max-snippet:-1","max-image-preview":"max-image-preview:large","max-video-preview":"max-video-preview:-1"},"canonical":"https:\/\/booksfrommexico.com\/es\/producto\/corridos-trovas-y-bolas-de-la-region-amecameca-cuautla-coleccion-de-don-miguelito-salomon\/","og_locale":"es_ES","og_type":"article","og_title":"Corridos, trovas y bolas de la regi\u00f3n Amecameca-Cuautla","og_description":"Guillermo Bonfil Batalla, Teresa Rojas Rabiela y Ricardo P\u00e9rez Montfort. CIESAS ; FCE ; UMSNH ; El Colegio de Morelos, 2018. ISBN : 9786071654458.","og_url":"https:\/\/booksfrommexico.com\/es\/producto\/corridos-trovas-y-bolas-de-la-region-amecameca-cuautla-coleccion-de-don-miguelito-salomon\/","og_site_name":"Books From Mexico","article_modified_time":"2024-04-09T22:09:11+00:00","og_image":[{"width":610,"height":790,"url":"http:\/\/booksfrommexico.com\/app\/uploads\/2023\/05\/184403.jpeg","type":"image\/jpeg"}],"twitter_card":"summary_large_image","twitter_misc":{"Tiempo de lectura":"1 minuto"},"schema":{"@context":"https:\/\/schema.org","@graph":[{"@type":"WebPage","@id":"https:\/\/booksfrommexico.com\/es\/producto\/corridos-trovas-y-bolas-de-la-region-amecameca-cuautla-coleccion-de-don-miguelito-salomon\/","url":"https:\/\/booksfrommexico.com\/es\/producto\/corridos-trovas-y-bolas-de-la-region-amecameca-cuautla-coleccion-de-don-miguelito-salomon\/","name":"Corridos, trovas y bolas de la regi\u00f3n Amecameca-Cuautla","isPartOf":{"@id":"https:\/\/booksfrommexico.com\/#website"},"primaryImageOfPage":{"@id":"https:\/\/booksfrommexico.com\/es\/producto\/corridos-trovas-y-bolas-de-la-region-amecameca-cuautla-coleccion-de-don-miguelito-salomon\/#primaryimage"},"image":{"@id":"https:\/\/booksfrommexico.com\/es\/producto\/corridos-trovas-y-bolas-de-la-region-amecameca-cuautla-coleccion-de-don-miguelito-salomon\/#primaryimage"},"thumbnailUrl":"https:\/\/booksfrommexico.com\/app\/uploads\/2023\/05\/184403.jpeg","datePublished":"2023-05-08T17:11:59+00:00","dateModified":"2024-04-09T22:09:11+00:00","description":"Guillermo Bonfil Batalla, Teresa Rojas Rabiela y Ricardo P\u00e9rez Montfort. CIESAS ; FCE ; UMSNH ; El Colegio de Morelos, 2018. ISBN : 9786071654458.","breadcrumb":{"@id":"https:\/\/booksfrommexico.com\/es\/producto\/corridos-trovas-y-bolas-de-la-region-amecameca-cuautla-coleccion-de-don-miguelito-salomon\/#breadcrumb"},"inLanguage":"es","potentialAction":[{"@type":"ReadAction","target":["https:\/\/booksfrommexico.com\/es\/producto\/corridos-trovas-y-bolas-de-la-region-amecameca-cuautla-coleccion-de-don-miguelito-salomon\/"]}]},{"@type":"ImageObject","inLanguage":"es","@id":"https:\/\/booksfrommexico.com\/es\/producto\/corridos-trovas-y-bolas-de-la-region-amecameca-cuautla-coleccion-de-don-miguelito-salomon\/#primaryimage","url":"https:\/\/booksfrommexico.com\/app\/uploads\/2023\/05\/184403.jpeg","contentUrl":"https:\/\/booksfrommexico.com\/app\/uploads\/2023\/05\/184403.jpeg","width":610,"height":790,"caption":"Books From M\u00e9xico: Corridos, trovas y bolas de la regi\u00f3n Amecameca-Cuautla"},{"@type":"BreadcrumbList","@id":"https:\/\/booksfrommexico.com\/es\/producto\/corridos-trovas-y-bolas-de-la-region-amecameca-cuautla-coleccion-de-don-miguelito-salomon\/#breadcrumb","itemListElement":[{"@type":"ListItem","position":1,"name":"Home","item":"https:\/\/booksfrommexico.com\/es\/"},{"@type":"ListItem","position":2,"name":"Libros","item":"https:\/\/booksfrommexico.com\/es\/libros\/"},{"@type":"ListItem","position":3,"name":"Corridos, trovas y bolas"}]},{"@type":"WebSite","@id":"https:\/\/booksfrommexico.com\/#website","url":"https:\/\/booksfrommexico.com\/","name":"Books From Mexico","description":"","publisher":{"@id":"https:\/\/booksfrommexico.com\/#organization"},"potentialAction":[{"@type":"SearchAction","target":{"@type":"EntryPoint","urlTemplate":"https:\/\/booksfrommexico.com\/?s={search_term_string}"},"query-input":{"@type":"PropertyValueSpecification","valueRequired":true,"valueName":"search_term_string"}}],"inLanguage":"es"},{"@type":"Organization","@id":"https:\/\/booksfrommexico.com\/#organization","name":"Books From Mexico","url":"https:\/\/booksfrommexico.com\/","logo":{"@type":"ImageObject","inLanguage":"es","@id":"https:\/\/booksfrommexico.com\/#\/schema\/logo\/image\/","url":"https:\/\/booksfrommexico.com\/app\/uploads\/2023\/05\/logo-booksfrommexico.svg","contentUrl":"https:\/\/booksfrommexico.com\/app\/uploads\/2023\/05\/logo-booksfrommexico.svg","width":86,"height":56,"caption":"Books From Mexico"},"image":{"@id":"https:\/\/booksfrommexico.com\/#\/schema\/logo\/image\/"}}]}},"_links":{"self":[{"href":"https:\/\/booksfrommexico.com\/es\/wp-json\/wp\/v2\/product\/1166","targetHints":{"allow":["GET"]}}],"collection":[{"href":"https:\/\/booksfrommexico.com\/es\/wp-json\/wp\/v2\/product"}],"about":[{"href":"https:\/\/booksfrommexico.com\/es\/wp-json\/wp\/v2\/types\/product"}],"wp:featuredmedia":[{"embeddable":true,"href":"https:\/\/booksfrommexico.com\/es\/wp-json\/wp\/v2\/media\/1165"}],"wp:attachment":[{"href":"https:\/\/booksfrommexico.com\/es\/wp-json\/wp\/v2\/media?parent=1166"}],"wp:term":[{"taxonomy":"product_brand","embeddable":true,"href":"https:\/\/booksfrommexico.com\/es\/wp-json\/wp\/v2\/product_brand?post=1166"},{"taxonomy":"product_cat","embeddable":true,"href":"https:\/\/booksfrommexico.com\/es\/wp-json\/wp\/v2\/product_cat?post=1166"},{"taxonomy":"product_tag","embeddable":true,"href":"https:\/\/booksfrommexico.com\/es\/wp-json\/wp\/v2\/product_tag?post=1166"}],"curies":[{"name":"wp","href":"https:\/\/api.w.org\/{rel}","templated":true}]}}