{"id":1168,"date":"2023-05-08T17:12:01","date_gmt":"2023-05-08T17:12:01","guid":{"rendered":"http:\/\/booksfrommexico.com\/product\/estilo-y-region-en-el-arte-mesoamericano\/"},"modified":"2025-04-21T17:44:25","modified_gmt":"2025-04-21T17:44:25","slug":"estilo-y-region-en-el-arte-mesoamericano","status":"publish","type":"product","link":"https:\/\/booksfrommexico.com\/es\/producto\/estilo-y-region-en-el-arte-mesoamericano\/","title":{"rendered":"Estilo y regi\u00f3n en el arte mesoamericano"},"content":{"rendered":"<p style=\"text-align: left;\">Conference papers presented at the symposium \u00abEstilo y regi\u00f3n en el arte mesoamericano\u00bb, held 4 and 5 of November, 2013, in the Instituto de Investigaciones Est\u00e9ticas, UNAM in Mexico City.<\/p>\n<p>El arte mesoamericano y el estudio de sus estilos \/ Pablo Escalante Gonzalbo &#8212; El estilo Izapa. Una revisi\u00f3n \/ Ana Somohano Eres &#8212; Las tradiciones del Centro de Veracruz en el periodo cl\u00e1sico \/ Annick Daneels &#8212; El estilo zapoteco en figurillas y silbatos de cer\u00e1mica del Cl\u00e1sico \/ Gonzalo S\u00e1nchez Santiago, Jos\u00e9 Leonardo L\u00f3pez Zarate El estilo como expresi\u00f3n cultural: un acercamiento comparativo a la mural\u00edstica teotihuacana y moche \/ Mar\u00eda Elena Ruiz Gallut &#8212; El estilo e influencia en el sitio Teteles de Santo Nombre, Puebla \/ Ivonne A. P\u00e9rez Alc\u00e1ntara &#8212; Cacaxtla, estilo personal y estilo regional \/ Claudia Brittenham &#8212; El arte rupestre de la tradici\u00f3n Chalchihuites: preguntas y desaf\u00edos para su clasificaci\u00f3n \/ Marie Areti Hers &#8212; El estilo Ameca-Etzatl\u00e1n del arte de la cultura de tumbas de tiro \/ Ver\u00f3nica Hern\u00e1ndez D\u00edaz &#8212; El estilo del arte cer\u00e1mico de Chup\u00edcuaro \/ Ver\u00f3nica Hern\u00e1ndez D\u00edaz El estilo pict\u00f3rico Loma Alta, antiguo arte de Michoac\u00e1n \/ Patricia Carot &#8212; Variedades estil\u00edsticas de la tradici\u00f3n Mixteca-Puebla \/ Mar\u00eda Isabel \u00c1lvarez Icaza El significado de la variaci\u00f3n estil\u00edstica entre los c\u00f3dices mixtecos \/ Saeko Yanagisawa El estilo de la cer\u00e1mica policroma de Cholula y el origen del Codice Borgia \/ Ofelia M\u00e1rquez Huitzil &#8212; El color en los c\u00f3dices del llamado Grupo Borgia: diferencias y convergencias \/ \u00c9lodie Dupey Garc\u00eda, Mar\u00eda Isabel \u00c1lvarez Icaza Longoria &#8212; El estilo crom\u00e1tico de la tradici\u00f3n Mixteca-Puebla en el Altiplano Central \/ Aban Flores Mor\u00e1n &#8212; Arte rupestre del sur del Istmo de Tehuantepec:<\/p>\n","protected":false},"excerpt":{"rendered":"<p>ESTILO Y REGI\u00d3N EN EL ARTE MESOAMERICANO. \/ Mar\u00eda Isabel \u00c1lvarez Icaza Longoria, Pablo Escalante Gonzalbo (coordinadores). \u00c1lvarez Icaza Longoria, Mar\u00eda Isabel, editor. Ciudad de M\u00e9xico : Universidad Nacional Aut\u00f3noma de M\u00e9xico, Instituto de Investigaciones Est\u00e9ticas, 2017. 443 pages : illustrations (some color), maps; 23 cm. Bibliography: pages 323-344. Includes bibliographical references. ISBN 9786070296116 (softcover) ; 6070296117 (softcover).<\/p>\n","protected":false},"featured_media":1167,"template":"","meta":{"_acf_changed":false,"inline_featured_image":false},"product_brand":[],"product_cat":[19,87],"product_tag":[],"class_list":{"0":"post-1168","1":"product","2":"type-product","3":"status-publish","4":"has-post-thumbnail","6":"product_cat-antropologia","7":"product_cat-arte","9":"first","10":"outofstock","11":"taxable","12":"shipping-taxable","13":"purchasable","14":"product-type-simple"},"acf":[],"yoast_head":"<!-- This site is optimized with the Yoast SEO plugin v27.2 - https:\/\/yoast.com\/product\/yoast-seo-wordpress\/ -->\n<title>Books From M\u00e9xico: Estilo y regi\u00f3n en el arte mesoamericano<\/title>\n<meta name=\"description\" content=\"Estilo y regi\u00f3n en el arte mesoamericano. \/ Mar\u00eda Isabel \u00c1lvarez Icaza Longoria, Pablo Escalante Gonzalbo (coordinadores).\" \/>\n<meta name=\"robots\" content=\"index, follow, max-snippet:-1, max-image-preview:large, max-video-preview:-1\" \/>\n<link rel=\"canonical\" href=\"https:\/\/booksfrommexico.com\/es\/producto\/estilo-y-region-en-el-arte-mesoamericano\/\" \/>\n<meta property=\"og:locale\" content=\"es_ES\" \/>\n<meta property=\"og:type\" content=\"article\" \/>\n<meta property=\"og:title\" content=\"Books From M\u00e9xico: Estilo y regi\u00f3n en el arte mesoamericano\" \/>\n<meta property=\"og:description\" content=\"Estilo y regi\u00f3n en el arte mesoamericano. \/ Mar\u00eda Isabel \u00c1lvarez Icaza Longoria, Pablo Escalante Gonzalbo (coordinadores).\" \/>\n<meta property=\"og:url\" content=\"https:\/\/booksfrommexico.com\/es\/producto\/estilo-y-region-en-el-arte-mesoamericano\/\" \/>\n<meta property=\"og:site_name\" content=\"Books From Mexico\" \/>\n<meta property=\"article:modified_time\" content=\"2025-04-21T17:44:25+00:00\" \/>\n<meta property=\"og:image\" content=\"http:\/\/booksfrommexico.com\/app\/uploads\/2023\/05\/184427.jpeg\" \/>\n\t<meta property=\"og:image:width\" content=\"480\" \/>\n\t<meta property=\"og:image:height\" content=\"669\" \/>\n\t<meta property=\"og:image:type\" content=\"image\/jpeg\" \/>\n<meta name=\"twitter:card\" content=\"summary_large_image\" \/>\n<meta name=\"twitter:label1\" content=\"Tiempo de lectura\" \/>\n\t<meta name=\"twitter:data1\" content=\"2 minutos\" \/>\n<script type=\"application\/ld+json\" class=\"yoast-schema-graph\">{\"@context\":\"https:\/\/schema.org\",\"@graph\":[{\"@type\":\"WebPage\",\"@id\":\"https:\/\/booksfrommexico.com\/es\/producto\/estilo-y-region-en-el-arte-mesoamericano\/\",\"url\":\"https:\/\/booksfrommexico.com\/es\/producto\/estilo-y-region-en-el-arte-mesoamericano\/\",\"name\":\"Books From M\u00e9xico: Estilo y regi\u00f3n en el arte mesoamericano\",\"isPartOf\":{\"@id\":\"https:\/\/booksfrommexico.com\/#website\"},\"primaryImageOfPage\":{\"@id\":\"https:\/\/booksfrommexico.com\/es\/producto\/estilo-y-region-en-el-arte-mesoamericano\/#primaryimage\"},\"image\":{\"@id\":\"https:\/\/booksfrommexico.com\/es\/producto\/estilo-y-region-en-el-arte-mesoamericano\/#primaryimage\"},\"thumbnailUrl\":\"https:\/\/booksfrommexico.com\/app\/uploads\/2023\/05\/184427.jpeg\",\"datePublished\":\"2023-05-08T17:12:01+00:00\",\"dateModified\":\"2025-04-21T17:44:25+00:00\",\"description\":\"Estilo y regi\u00f3n en el arte mesoamericano. \/ Mar\u00eda Isabel \u00c1lvarez Icaza Longoria, Pablo Escalante Gonzalbo (coordinadores).\",\"breadcrumb\":{\"@id\":\"https:\/\/booksfrommexico.com\/es\/producto\/estilo-y-region-en-el-arte-mesoamericano\/#breadcrumb\"},\"inLanguage\":\"es\",\"potentialAction\":[{\"@type\":\"ReadAction\",\"target\":[\"https:\/\/booksfrommexico.com\/es\/producto\/estilo-y-region-en-el-arte-mesoamericano\/\"]}]},{\"@type\":\"ImageObject\",\"inLanguage\":\"es\",\"@id\":\"https:\/\/booksfrommexico.com\/es\/producto\/estilo-y-region-en-el-arte-mesoamericano\/#primaryimage\",\"url\":\"https:\/\/booksfrommexico.com\/app\/uploads\/2023\/05\/184427.jpeg\",\"contentUrl\":\"https:\/\/booksfrommexico.com\/app\/uploads\/2023\/05\/184427.jpeg\",\"width\":480,\"height\":669,\"caption\":\"Books Froma M\u00e9xico: Estilo y regi\u00f3n en el arte mesoamericano\"},{\"@type\":\"BreadcrumbList\",\"@id\":\"https:\/\/booksfrommexico.com\/es\/producto\/estilo-y-region-en-el-arte-mesoamericano\/#breadcrumb\",\"itemListElement\":[{\"@type\":\"ListItem\",\"position\":1,\"name\":\"Home\",\"item\":\"https:\/\/booksfrommexico.com\/es\/\"},{\"@type\":\"ListItem\",\"position\":2,\"name\":\"Libros\",\"item\":\"https:\/\/booksfrommexico.com\/es\/libros\/\"},{\"@type\":\"ListItem\",\"position\":3,\"name\":\"Estilo y regi\u00f3n en el arte mesoamericano\"}]},{\"@type\":\"WebSite\",\"@id\":\"https:\/\/booksfrommexico.com\/#website\",\"url\":\"https:\/\/booksfrommexico.com\/\",\"name\":\"Books From Mexico\",\"description\":\"\",\"publisher\":{\"@id\":\"https:\/\/booksfrommexico.com\/#organization\"},\"potentialAction\":[{\"@type\":\"SearchAction\",\"target\":{\"@type\":\"EntryPoint\",\"urlTemplate\":\"https:\/\/booksfrommexico.com\/?s={search_term_string}\"},\"query-input\":{\"@type\":\"PropertyValueSpecification\",\"valueRequired\":true,\"valueName\":\"search_term_string\"}}],\"inLanguage\":\"es\"},{\"@type\":\"Organization\",\"@id\":\"https:\/\/booksfrommexico.com\/#organization\",\"name\":\"Books From Mexico\",\"url\":\"https:\/\/booksfrommexico.com\/\",\"logo\":{\"@type\":\"ImageObject\",\"inLanguage\":\"es\",\"@id\":\"https:\/\/booksfrommexico.com\/#\/schema\/logo\/image\/\",\"url\":\"https:\/\/booksfrommexico.com\/app\/uploads\/2023\/05\/logo-booksfrommexico.svg\",\"contentUrl\":\"https:\/\/booksfrommexico.com\/app\/uploads\/2023\/05\/logo-booksfrommexico.svg\",\"width\":86,\"height\":56,\"caption\":\"Books From Mexico\"},\"image\":{\"@id\":\"https:\/\/booksfrommexico.com\/#\/schema\/logo\/image\/\"}}]}<\/script>\n<!-- \/ Yoast SEO plugin. -->","yoast_head_json":{"title":"Books From M\u00e9xico: Estilo y regi\u00f3n en el arte mesoamericano","description":"Estilo y regi\u00f3n en el arte mesoamericano. \/ Mar\u00eda Isabel \u00c1lvarez Icaza Longoria, Pablo Escalante Gonzalbo (coordinadores).","robots":{"index":"index","follow":"follow","max-snippet":"max-snippet:-1","max-image-preview":"max-image-preview:large","max-video-preview":"max-video-preview:-1"},"canonical":"https:\/\/booksfrommexico.com\/es\/producto\/estilo-y-region-en-el-arte-mesoamericano\/","og_locale":"es_ES","og_type":"article","og_title":"Books From M\u00e9xico: Estilo y regi\u00f3n en el arte mesoamericano","og_description":"Estilo y regi\u00f3n en el arte mesoamericano. \/ Mar\u00eda Isabel \u00c1lvarez Icaza Longoria, Pablo Escalante Gonzalbo (coordinadores).","og_url":"https:\/\/booksfrommexico.com\/es\/producto\/estilo-y-region-en-el-arte-mesoamericano\/","og_site_name":"Books From Mexico","article_modified_time":"2025-04-21T17:44:25+00:00","og_image":[{"width":480,"height":669,"url":"http:\/\/booksfrommexico.com\/app\/uploads\/2023\/05\/184427.jpeg","type":"image\/jpeg"}],"twitter_card":"summary_large_image","twitter_misc":{"Tiempo de lectura":"2 minutos"},"schema":{"@context":"https:\/\/schema.org","@graph":[{"@type":"WebPage","@id":"https:\/\/booksfrommexico.com\/es\/producto\/estilo-y-region-en-el-arte-mesoamericano\/","url":"https:\/\/booksfrommexico.com\/es\/producto\/estilo-y-region-en-el-arte-mesoamericano\/","name":"Books From M\u00e9xico: Estilo y regi\u00f3n en el arte mesoamericano","isPartOf":{"@id":"https:\/\/booksfrommexico.com\/#website"},"primaryImageOfPage":{"@id":"https:\/\/booksfrommexico.com\/es\/producto\/estilo-y-region-en-el-arte-mesoamericano\/#primaryimage"},"image":{"@id":"https:\/\/booksfrommexico.com\/es\/producto\/estilo-y-region-en-el-arte-mesoamericano\/#primaryimage"},"thumbnailUrl":"https:\/\/booksfrommexico.com\/app\/uploads\/2023\/05\/184427.jpeg","datePublished":"2023-05-08T17:12:01+00:00","dateModified":"2025-04-21T17:44:25+00:00","description":"Estilo y regi\u00f3n en el arte mesoamericano. \/ Mar\u00eda Isabel \u00c1lvarez Icaza Longoria, Pablo Escalante Gonzalbo (coordinadores).","breadcrumb":{"@id":"https:\/\/booksfrommexico.com\/es\/producto\/estilo-y-region-en-el-arte-mesoamericano\/#breadcrumb"},"inLanguage":"es","potentialAction":[{"@type":"ReadAction","target":["https:\/\/booksfrommexico.com\/es\/producto\/estilo-y-region-en-el-arte-mesoamericano\/"]}]},{"@type":"ImageObject","inLanguage":"es","@id":"https:\/\/booksfrommexico.com\/es\/producto\/estilo-y-region-en-el-arte-mesoamericano\/#primaryimage","url":"https:\/\/booksfrommexico.com\/app\/uploads\/2023\/05\/184427.jpeg","contentUrl":"https:\/\/booksfrommexico.com\/app\/uploads\/2023\/05\/184427.jpeg","width":480,"height":669,"caption":"Books Froma M\u00e9xico: Estilo y regi\u00f3n en el arte mesoamericano"},{"@type":"BreadcrumbList","@id":"https:\/\/booksfrommexico.com\/es\/producto\/estilo-y-region-en-el-arte-mesoamericano\/#breadcrumb","itemListElement":[{"@type":"ListItem","position":1,"name":"Home","item":"https:\/\/booksfrommexico.com\/es\/"},{"@type":"ListItem","position":2,"name":"Libros","item":"https:\/\/booksfrommexico.com\/es\/libros\/"},{"@type":"ListItem","position":3,"name":"Estilo y regi\u00f3n en el arte mesoamericano"}]},{"@type":"WebSite","@id":"https:\/\/booksfrommexico.com\/#website","url":"https:\/\/booksfrommexico.com\/","name":"Books From Mexico","description":"","publisher":{"@id":"https:\/\/booksfrommexico.com\/#organization"},"potentialAction":[{"@type":"SearchAction","target":{"@type":"EntryPoint","urlTemplate":"https:\/\/booksfrommexico.com\/?s={search_term_string}"},"query-input":{"@type":"PropertyValueSpecification","valueRequired":true,"valueName":"search_term_string"}}],"inLanguage":"es"},{"@type":"Organization","@id":"https:\/\/booksfrommexico.com\/#organization","name":"Books From Mexico","url":"https:\/\/booksfrommexico.com\/","logo":{"@type":"ImageObject","inLanguage":"es","@id":"https:\/\/booksfrommexico.com\/#\/schema\/logo\/image\/","url":"https:\/\/booksfrommexico.com\/app\/uploads\/2023\/05\/logo-booksfrommexico.svg","contentUrl":"https:\/\/booksfrommexico.com\/app\/uploads\/2023\/05\/logo-booksfrommexico.svg","width":86,"height":56,"caption":"Books From Mexico"},"image":{"@id":"https:\/\/booksfrommexico.com\/#\/schema\/logo\/image\/"}}]}},"_links":{"self":[{"href":"https:\/\/booksfrommexico.com\/es\/wp-json\/wp\/v2\/product\/1168","targetHints":{"allow":["GET"]}}],"collection":[{"href":"https:\/\/booksfrommexico.com\/es\/wp-json\/wp\/v2\/product"}],"about":[{"href":"https:\/\/booksfrommexico.com\/es\/wp-json\/wp\/v2\/types\/product"}],"wp:featuredmedia":[{"embeddable":true,"href":"https:\/\/booksfrommexico.com\/es\/wp-json\/wp\/v2\/media\/1167"}],"wp:attachment":[{"href":"https:\/\/booksfrommexico.com\/es\/wp-json\/wp\/v2\/media?parent=1168"}],"wp:term":[{"taxonomy":"product_brand","embeddable":true,"href":"https:\/\/booksfrommexico.com\/es\/wp-json\/wp\/v2\/product_brand?post=1168"},{"taxonomy":"product_cat","embeddable":true,"href":"https:\/\/booksfrommexico.com\/es\/wp-json\/wp\/v2\/product_cat?post=1168"},{"taxonomy":"product_tag","embeddable":true,"href":"https:\/\/booksfrommexico.com\/es\/wp-json\/wp\/v2\/product_tag?post=1168"}],"curies":[{"name":"wp","href":"https:\/\/api.w.org\/{rel}","templated":true}]}}