{"id":117,"date":"2023-05-08T16:11:41","date_gmt":"2023-05-08T16:11:41","guid":{"rendered":"http:\/\/booksfrommexico.com\/product\/museo-del-templo-mayor-10-anos\/"},"modified":"2024-10-10T22:43:14","modified_gmt":"2024-10-10T22:43:14","slug":"museo-del-templo-mayor-10-anos","status":"publish","type":"product","link":"https:\/\/booksfrommexico.com\/es\/producto\/museo-del-templo-mayor-10-anos\/","title":{"rendered":"Museo del Templo Mayor: 10 a\u00f1os"},"content":{"rendered":"<p><span style=\"font-weight: 400;\">La madrugada del 21 de febrero de 1978, en las calles del centro de la Ciudad de M\u00e9xico, se hizo por casualidad el hallazgo de piezas arqueol\u00f3gicas de lo que antiguamente fue Tenochtitl\u00e1n. Con el apoyo del INAH y liderado por Eduardo Matos Moctezuma, arque\u00f3logo y antrop\u00f3logo mexicano, comenz\u00f3 lo que m\u00e1s tarde se conocer\u00eda como Proyecto Templo Mayor. En el marco de los 10 a\u00f1os de existencia del Museo del Templo Mayor, se presenta este libro, donde se narra la historia de los inicios, desarrollo, administraci\u00f3n, gesti\u00f3n, distribuci\u00f3n y asignaci\u00f3n de piezas por sala, as\u00ed como todos los pormenores de este recinto.<\/span><\/p>\n","protected":false},"excerpt":{"rendered":"<p>Matos Moctezuma, Eduardo MUSEO DEL TEMPLO MAYOR, 10 A\u00f1OS. \/ Eduardo Matos Moctezuma, coordinador. M\u00e9xico, D.F.: Instituto Nacional de Antropolog\u00eda e Historia; Consejo Nacional para la Cultura y las Artes, Fondo Editorial Tierra Adentro, 1997. 157 pages : 33 cm. Bibliography: pages 142. Includes bibliographic references. ISBN 9701806719.<\/p>\n","protected":false},"featured_media":116,"template":"","meta":{"_acf_changed":false,"inline_featured_image":false},"product_brand":[],"product_cat":[19,321,3219],"product_tag":[4054,3671,4398,4532,4475,3693],"class_list":{"0":"post-117","1":"product","2":"type-product","3":"status-publish","4":"has-post-thumbnail","6":"product_cat-antropologia","7":"product_cat-arquitectura-religiosa","8":"product_cat-prehispanica","9":"product_tag-antropologia-es","10":"product_tag-exposiciones","11":"product_tag-historia-mexico","12":"product_tag-museos","13":"product_tag-restos-arqueologicos","14":"product_tag-templo-mayor","16":"first","17":"instock","18":"taxable","19":"shipping-taxable","20":"purchasable","21":"product-type-simple"},"acf":[],"yoast_head":"<!-- This site is optimized with the Yoast SEO plugin v27.3 - https:\/\/yoast.com\/product\/yoast-seo-wordpress\/ -->\n<title>Museo del Templo Mayor 10 a\u00f1os<\/title>\n<meta name=\"description\" content=\"Museo del Templo Mayor: 10 a\u00f1os. Eduardo Matos Moctezuma, coordinador. INAH; CONACULTA, Fondo Editorial Tierra Adentro, 1997. ISBN 9701806719.\" \/>\n<meta name=\"robots\" content=\"index, follow, max-snippet:-1, max-image-preview:large, max-video-preview:-1\" \/>\n<link rel=\"canonical\" href=\"https:\/\/booksfrommexico.com\/es\/producto\/museo-del-templo-mayor-10-anos\/\" \/>\n<meta property=\"og:locale\" content=\"es_ES\" \/>\n<meta property=\"og:type\" content=\"article\" \/>\n<meta property=\"og:title\" content=\"Museo del Templo Mayor 10 a\u00f1os\" \/>\n<meta property=\"og:description\" content=\"Museo del Templo Mayor: 10 a\u00f1os. Eduardo Matos Moctezuma, coordinador. INAH; CONACULTA, Fondo Editorial Tierra Adentro, 1997. ISBN 9701806719.\" \/>\n<meta property=\"og:url\" content=\"https:\/\/booksfrommexico.com\/es\/producto\/museo-del-templo-mayor-10-anos\/\" \/>\n<meta property=\"og:site_name\" content=\"Books From Mexico\" \/>\n<meta property=\"article:modified_time\" content=\"2024-10-10T22:43:14+00:00\" \/>\n<meta property=\"og:image\" content=\"http:\/\/booksfrommexico.com\/app\/uploads\/2023\/05\/98373.jpeg\" \/>\n\t<meta property=\"og:image:width\" content=\"709\" \/>\n\t<meta property=\"og:image:height\" content=\"1142\" \/>\n\t<meta property=\"og:image:type\" content=\"image\/jpeg\" \/>\n<meta name=\"twitter:card\" content=\"summary_large_image\" \/>\n<meta name=\"twitter:label1\" content=\"Tiempo de lectura\" \/>\n\t<meta name=\"twitter:data1\" content=\"1 minuto\" \/>\n<script type=\"application\/ld+json\" class=\"yoast-schema-graph\">{\"@context\":\"https:\\\/\\\/schema.org\",\"@graph\":[{\"@type\":\"WebPage\",\"@id\":\"https:\\\/\\\/booksfrommexico.com\\\/es\\\/producto\\\/museo-del-templo-mayor-10-anos\\\/\",\"url\":\"https:\\\/\\\/booksfrommexico.com\\\/es\\\/producto\\\/museo-del-templo-mayor-10-anos\\\/\",\"name\":\"Museo del Templo Mayor 10 a\u00f1os\",\"isPartOf\":{\"@id\":\"https:\\\/\\\/booksfrommexico.com\\\/#website\"},\"primaryImageOfPage\":{\"@id\":\"https:\\\/\\\/booksfrommexico.com\\\/es\\\/producto\\\/museo-del-templo-mayor-10-anos\\\/#primaryimage\"},\"image\":{\"@id\":\"https:\\\/\\\/booksfrommexico.com\\\/es\\\/producto\\\/museo-del-templo-mayor-10-anos\\\/#primaryimage\"},\"thumbnailUrl\":\"https:\\\/\\\/booksfrommexico.com\\\/app\\\/uploads\\\/2023\\\/05\\\/98373.jpeg\",\"datePublished\":\"2023-05-08T16:11:41+00:00\",\"dateModified\":\"2024-10-10T22:43:14+00:00\",\"description\":\"Museo del Templo Mayor: 10 a\u00f1os. Eduardo Matos Moctezuma, coordinador. INAH; CONACULTA, Fondo Editorial Tierra Adentro, 1997. ISBN 9701806719.\",\"breadcrumb\":{\"@id\":\"https:\\\/\\\/booksfrommexico.com\\\/es\\\/producto\\\/museo-del-templo-mayor-10-anos\\\/#breadcrumb\"},\"inLanguage\":\"es\",\"potentialAction\":[{\"@type\":\"ReadAction\",\"target\":[\"https:\\\/\\\/booksfrommexico.com\\\/es\\\/producto\\\/museo-del-templo-mayor-10-anos\\\/\"]}]},{\"@type\":\"ImageObject\",\"inLanguage\":\"es\",\"@id\":\"https:\\\/\\\/booksfrommexico.com\\\/es\\\/producto\\\/museo-del-templo-mayor-10-anos\\\/#primaryimage\",\"url\":\"https:\\\/\\\/booksfrommexico.com\\\/app\\\/uploads\\\/2023\\\/05\\\/98373.jpeg\",\"contentUrl\":\"https:\\\/\\\/booksfrommexico.com\\\/app\\\/uploads\\\/2023\\\/05\\\/98373.jpeg\",\"width\":709,\"height\":1142,\"caption\":\"Museo del Templo Mayor, 10 a\u00f1os\"},{\"@type\":\"BreadcrumbList\",\"@id\":\"https:\\\/\\\/booksfrommexico.com\\\/es\\\/producto\\\/museo-del-templo-mayor-10-anos\\\/#breadcrumb\",\"itemListElement\":[{\"@type\":\"ListItem\",\"position\":1,\"name\":\"Home\",\"item\":\"https:\\\/\\\/booksfrommexico.com\\\/es\\\/\"},{\"@type\":\"ListItem\",\"position\":2,\"name\":\"Libros\",\"item\":\"https:\\\/\\\/booksfrommexico.com\\\/es\\\/libros\\\/\"},{\"@type\":\"ListItem\",\"position\":3,\"name\":\"Museo del Templo Mayor: 10 a\u00f1os\"}]},{\"@type\":\"WebSite\",\"@id\":\"https:\\\/\\\/booksfrommexico.com\\\/#website\",\"url\":\"https:\\\/\\\/booksfrommexico.com\\\/\",\"name\":\"Books From Mexico\",\"description\":\"\",\"publisher\":{\"@id\":\"https:\\\/\\\/booksfrommexico.com\\\/#organization\"},\"potentialAction\":[{\"@type\":\"SearchAction\",\"target\":{\"@type\":\"EntryPoint\",\"urlTemplate\":\"https:\\\/\\\/booksfrommexico.com\\\/?s={search_term_string}\"},\"query-input\":{\"@type\":\"PropertyValueSpecification\",\"valueRequired\":true,\"valueName\":\"search_term_string\"}}],\"inLanguage\":\"es\"},{\"@type\":\"Organization\",\"@id\":\"https:\\\/\\\/booksfrommexico.com\\\/#organization\",\"name\":\"Books From Mexico\",\"url\":\"https:\\\/\\\/booksfrommexico.com\\\/\",\"logo\":{\"@type\":\"ImageObject\",\"inLanguage\":\"es\",\"@id\":\"https:\\\/\\\/booksfrommexico.com\\\/#\\\/schema\\\/logo\\\/image\\\/\",\"url\":\"https:\\\/\\\/booksfrommexico.com\\\/app\\\/uploads\\\/2023\\\/05\\\/logo-booksfrommexico.svg\",\"contentUrl\":\"https:\\\/\\\/booksfrommexico.com\\\/app\\\/uploads\\\/2023\\\/05\\\/logo-booksfrommexico.svg\",\"width\":86,\"height\":56,\"caption\":\"Books From Mexico\"},\"image\":{\"@id\":\"https:\\\/\\\/booksfrommexico.com\\\/#\\\/schema\\\/logo\\\/image\\\/\"}}]}<\/script>\n<!-- \/ Yoast SEO plugin. -->","yoast_head_json":{"title":"Museo del Templo Mayor 10 a\u00f1os","description":"Museo del Templo Mayor: 10 a\u00f1os. Eduardo Matos Moctezuma, coordinador. INAH; CONACULTA, Fondo Editorial Tierra Adentro, 1997. ISBN 9701806719.","robots":{"index":"index","follow":"follow","max-snippet":"max-snippet:-1","max-image-preview":"max-image-preview:large","max-video-preview":"max-video-preview:-1"},"canonical":"https:\/\/booksfrommexico.com\/es\/producto\/museo-del-templo-mayor-10-anos\/","og_locale":"es_ES","og_type":"article","og_title":"Museo del Templo Mayor 10 a\u00f1os","og_description":"Museo del Templo Mayor: 10 a\u00f1os. Eduardo Matos Moctezuma, coordinador. INAH; CONACULTA, Fondo Editorial Tierra Adentro, 1997. ISBN 9701806719.","og_url":"https:\/\/booksfrommexico.com\/es\/producto\/museo-del-templo-mayor-10-anos\/","og_site_name":"Books From Mexico","article_modified_time":"2024-10-10T22:43:14+00:00","og_image":[{"width":709,"height":1142,"url":"http:\/\/booksfrommexico.com\/app\/uploads\/2023\/05\/98373.jpeg","type":"image\/jpeg"}],"twitter_card":"summary_large_image","twitter_misc":{"Tiempo de lectura":"1 minuto"},"schema":{"@context":"https:\/\/schema.org","@graph":[{"@type":"WebPage","@id":"https:\/\/booksfrommexico.com\/es\/producto\/museo-del-templo-mayor-10-anos\/","url":"https:\/\/booksfrommexico.com\/es\/producto\/museo-del-templo-mayor-10-anos\/","name":"Museo del Templo Mayor 10 a\u00f1os","isPartOf":{"@id":"https:\/\/booksfrommexico.com\/#website"},"primaryImageOfPage":{"@id":"https:\/\/booksfrommexico.com\/es\/producto\/museo-del-templo-mayor-10-anos\/#primaryimage"},"image":{"@id":"https:\/\/booksfrommexico.com\/es\/producto\/museo-del-templo-mayor-10-anos\/#primaryimage"},"thumbnailUrl":"https:\/\/booksfrommexico.com\/app\/uploads\/2023\/05\/98373.jpeg","datePublished":"2023-05-08T16:11:41+00:00","dateModified":"2024-10-10T22:43:14+00:00","description":"Museo del Templo Mayor: 10 a\u00f1os. Eduardo Matos Moctezuma, coordinador. INAH; CONACULTA, Fondo Editorial Tierra Adentro, 1997. ISBN 9701806719.","breadcrumb":{"@id":"https:\/\/booksfrommexico.com\/es\/producto\/museo-del-templo-mayor-10-anos\/#breadcrumb"},"inLanguage":"es","potentialAction":[{"@type":"ReadAction","target":["https:\/\/booksfrommexico.com\/es\/producto\/museo-del-templo-mayor-10-anos\/"]}]},{"@type":"ImageObject","inLanguage":"es","@id":"https:\/\/booksfrommexico.com\/es\/producto\/museo-del-templo-mayor-10-anos\/#primaryimage","url":"https:\/\/booksfrommexico.com\/app\/uploads\/2023\/05\/98373.jpeg","contentUrl":"https:\/\/booksfrommexico.com\/app\/uploads\/2023\/05\/98373.jpeg","width":709,"height":1142,"caption":"Museo del Templo Mayor, 10 a\u00f1os"},{"@type":"BreadcrumbList","@id":"https:\/\/booksfrommexico.com\/es\/producto\/museo-del-templo-mayor-10-anos\/#breadcrumb","itemListElement":[{"@type":"ListItem","position":1,"name":"Home","item":"https:\/\/booksfrommexico.com\/es\/"},{"@type":"ListItem","position":2,"name":"Libros","item":"https:\/\/booksfrommexico.com\/es\/libros\/"},{"@type":"ListItem","position":3,"name":"Museo del Templo Mayor: 10 a\u00f1os"}]},{"@type":"WebSite","@id":"https:\/\/booksfrommexico.com\/#website","url":"https:\/\/booksfrommexico.com\/","name":"Books From Mexico","description":"","publisher":{"@id":"https:\/\/booksfrommexico.com\/#organization"},"potentialAction":[{"@type":"SearchAction","target":{"@type":"EntryPoint","urlTemplate":"https:\/\/booksfrommexico.com\/?s={search_term_string}"},"query-input":{"@type":"PropertyValueSpecification","valueRequired":true,"valueName":"search_term_string"}}],"inLanguage":"es"},{"@type":"Organization","@id":"https:\/\/booksfrommexico.com\/#organization","name":"Books From Mexico","url":"https:\/\/booksfrommexico.com\/","logo":{"@type":"ImageObject","inLanguage":"es","@id":"https:\/\/booksfrommexico.com\/#\/schema\/logo\/image\/","url":"https:\/\/booksfrommexico.com\/app\/uploads\/2023\/05\/logo-booksfrommexico.svg","contentUrl":"https:\/\/booksfrommexico.com\/app\/uploads\/2023\/05\/logo-booksfrommexico.svg","width":86,"height":56,"caption":"Books From Mexico"},"image":{"@id":"https:\/\/booksfrommexico.com\/#\/schema\/logo\/image\/"}}]}},"_links":{"self":[{"href":"https:\/\/booksfrommexico.com\/es\/wp-json\/wp\/v2\/product\/117","targetHints":{"allow":["GET"]}}],"collection":[{"href":"https:\/\/booksfrommexico.com\/es\/wp-json\/wp\/v2\/product"}],"about":[{"href":"https:\/\/booksfrommexico.com\/es\/wp-json\/wp\/v2\/types\/product"}],"wp:featuredmedia":[{"embeddable":true,"href":"https:\/\/booksfrommexico.com\/es\/wp-json\/wp\/v2\/media\/116"}],"wp:attachment":[{"href":"https:\/\/booksfrommexico.com\/es\/wp-json\/wp\/v2\/media?parent=117"}],"wp:term":[{"taxonomy":"product_brand","embeddable":true,"href":"https:\/\/booksfrommexico.com\/es\/wp-json\/wp\/v2\/product_brand?post=117"},{"taxonomy":"product_cat","embeddable":true,"href":"https:\/\/booksfrommexico.com\/es\/wp-json\/wp\/v2\/product_cat?post=117"},{"taxonomy":"product_tag","embeddable":true,"href":"https:\/\/booksfrommexico.com\/es\/wp-json\/wp\/v2\/product_tag?post=117"}],"curies":[{"name":"wp","href":"https:\/\/api.w.org\/{rel}","templated":true}]}}