{"id":1170,"date":"2023-05-08T17:12:02","date_gmt":"2023-05-08T17:12:02","guid":{"rendered":"http:\/\/booksfrommexico.com\/product\/el-mundo-ikkots-en-el-arte-de-tejer-de-justina-oviedo\/"},"modified":"2024-11-13T23:40:45","modified_gmt":"2024-11-13T23:40:45","slug":"el-mundo-ikkots-en-el-arte-de-tejer-de-justina-oviedo","status":"publish","type":"product","link":"https:\/\/booksfrommexico.com\/es\/producto\/el-mundo-ikkots-en-el-arte-de-tejer-de-justina-oviedo\/","title":{"rendered":"El mundo ikoots en el arte de tejer de Justina Oviedo"},"content":{"rendered":"<p><span style=\"font-weight: 400;\">Los ikoots son un pueblo relativamente peque\u00f1o y aislado, posee ra\u00edces de mayor o menor profundidad en Mesoam\u00e9rica y tiene su propio \u00e1rbol ling\u00fc\u00edstico. Sin embargo, al estar en constante contacto con otros pueblos como los otomangue, yutonahua, mixe-zoque y chontal de Oaxaca, provoc\u00f3 una mezcla de palabras y tradiciones. Cada pueblo conserv\u00f3 aspectos distintivos de su cultura material, as\u00ed como el intercambio de materias primas, elementos de dise\u00f1o y conocimiento. Como resultado de esto, se produjo una gran variedad de textiles, tanto en formatos como estilos y t\u00e9cnicas que generan una amplia variedad de productos como huipiles, quesqu\u00e9melels, blusas y servilletas.<\/span><\/p>\n","protected":false},"excerpt":{"rendered":"<p>EL MUNDO IKOOTS EN EL ARTE DE TEJER DE JUSTINA OVIEDO: JAYATS MITIIUD MUM JUSTINA.<span style=\"font-weight: 400;\"> \/ Flavia Cuturi.\u00a0 Oaxaca, M\u00e9xico : Instituto Nacional de Antropolog\u00eda e Historia ; Carteles Editores, 2017. 91 pages : color photos, color illustrations, maps, bibliography ; 26 cm. ISBN : 9786078498284.<\/span><\/p>\n<p><br style=\"font-weight: 400;\" \/><br style=\"font-weight: 400;\" \/><\/p>\n","protected":false},"featured_media":1169,"template":"","meta":{"_acf_changed":false,"inline_featured_image":false},"product_brand":[],"product_cat":[87,790],"product_tag":[4262,3880,3586],"class_list":{"0":"post-1170","1":"product","2":"type-product","3":"status-publish","4":"has-post-thumbnail","6":"product_cat-arte","7":"product_cat-arte-y-sociedad-arte","8":"product_tag-cultura-prehispanica","9":"product_tag-identidad-cultural","10":"product_tag-mesoamerica","12":"first","13":"outofstock","14":"taxable","15":"shipping-taxable","16":"purchasable","17":"product-type-simple"},"acf":[],"yoast_head":"<!-- This site is optimized with the Yoast SEO plugin v27.3 - https:\/\/yoast.com\/product\/yoast-seo-wordpress\/ -->\n<title>El mundo ikoots en el arte de tejer de Justina Oviedo<\/title>\n<meta name=\"description\" content=\"EL MUNDO IKOOTS EN EL ARTE DE TEJER DE JUSTINA OVIEDO: JAYATS MITIIUD MUM JUSTINA. \/ Flavia Cuturi. Oaxaca, M\u00e9xico : INAH ; Carteles Editores, 2017.\" \/>\n<meta name=\"robots\" content=\"index, follow, max-snippet:-1, max-image-preview:large, max-video-preview:-1\" \/>\n<link rel=\"canonical\" href=\"https:\/\/booksfrommexico.com\/es\/producto\/el-mundo-ikkots-en-el-arte-de-tejer-de-justina-oviedo\/\" \/>\n<meta property=\"og:locale\" content=\"es_ES\" \/>\n<meta property=\"og:type\" content=\"article\" \/>\n<meta property=\"og:title\" content=\"El mundo ikoots en el arte de tejer de Justina Oviedo\" \/>\n<meta property=\"og:description\" content=\"EL MUNDO IKOOTS EN EL ARTE DE TEJER DE JUSTINA OVIEDO: JAYATS MITIIUD MUM JUSTINA. \/ Flavia Cuturi. Oaxaca, M\u00e9xico : INAH ; Carteles Editores, 2017.\" \/>\n<meta property=\"og:url\" content=\"https:\/\/booksfrommexico.com\/es\/producto\/el-mundo-ikkots-en-el-arte-de-tejer-de-justina-oviedo\/\" \/>\n<meta property=\"og:site_name\" content=\"Books From Mexico\" \/>\n<meta property=\"article:modified_time\" content=\"2024-11-13T23:40:45+00:00\" \/>\n<meta property=\"og:image\" content=\"http:\/\/booksfrommexico.com\/app\/uploads\/2023\/05\/184485.jpeg\" \/>\n\t<meta property=\"og:image:width\" content=\"547\" \/>\n\t<meta property=\"og:image:height\" content=\"742\" \/>\n\t<meta property=\"og:image:type\" content=\"image\/jpeg\" \/>\n<meta name=\"twitter:card\" content=\"summary_large_image\" \/>\n<meta name=\"twitter:label1\" content=\"Tiempo de lectura\" \/>\n\t<meta name=\"twitter:data1\" content=\"1 minuto\" \/>\n<script type=\"application\/ld+json\" class=\"yoast-schema-graph\">{\"@context\":\"https:\\\/\\\/schema.org\",\"@graph\":[{\"@type\":\"WebPage\",\"@id\":\"https:\\\/\\\/booksfrommexico.com\\\/es\\\/producto\\\/el-mundo-ikkots-en-el-arte-de-tejer-de-justina-oviedo\\\/\",\"url\":\"https:\\\/\\\/booksfrommexico.com\\\/es\\\/producto\\\/el-mundo-ikkots-en-el-arte-de-tejer-de-justina-oviedo\\\/\",\"name\":\"El mundo ikoots en el arte de tejer de Justina Oviedo\",\"isPartOf\":{\"@id\":\"https:\\\/\\\/booksfrommexico.com\\\/#website\"},\"primaryImageOfPage\":{\"@id\":\"https:\\\/\\\/booksfrommexico.com\\\/es\\\/producto\\\/el-mundo-ikkots-en-el-arte-de-tejer-de-justina-oviedo\\\/#primaryimage\"},\"image\":{\"@id\":\"https:\\\/\\\/booksfrommexico.com\\\/es\\\/producto\\\/el-mundo-ikkots-en-el-arte-de-tejer-de-justina-oviedo\\\/#primaryimage\"},\"thumbnailUrl\":\"https:\\\/\\\/booksfrommexico.com\\\/app\\\/uploads\\\/2023\\\/05\\\/184485.jpeg\",\"datePublished\":\"2023-05-08T17:12:02+00:00\",\"dateModified\":\"2024-11-13T23:40:45+00:00\",\"description\":\"EL MUNDO IKOOTS EN EL ARTE DE TEJER DE JUSTINA OVIEDO: JAYATS MITIIUD MUM JUSTINA. \\\/ Flavia Cuturi. Oaxaca, M\u00e9xico : INAH ; Carteles Editores, 2017.\",\"breadcrumb\":{\"@id\":\"https:\\\/\\\/booksfrommexico.com\\\/es\\\/producto\\\/el-mundo-ikkots-en-el-arte-de-tejer-de-justina-oviedo\\\/#breadcrumb\"},\"inLanguage\":\"es\",\"potentialAction\":[{\"@type\":\"ReadAction\",\"target\":[\"https:\\\/\\\/booksfrommexico.com\\\/es\\\/producto\\\/el-mundo-ikkots-en-el-arte-de-tejer-de-justina-oviedo\\\/\"]}]},{\"@type\":\"ImageObject\",\"inLanguage\":\"es\",\"@id\":\"https:\\\/\\\/booksfrommexico.com\\\/es\\\/producto\\\/el-mundo-ikkots-en-el-arte-de-tejer-de-justina-oviedo\\\/#primaryimage\",\"url\":\"https:\\\/\\\/booksfrommexico.com\\\/app\\\/uploads\\\/2023\\\/05\\\/184485.jpeg\",\"contentUrl\":\"https:\\\/\\\/booksfrommexico.com\\\/app\\\/uploads\\\/2023\\\/05\\\/184485.jpeg\",\"width\":547,\"height\":742,\"caption\":\"Books From M\u00e9xico. El mundo ikkots en el arte de tejer de Justina Oviedo\"},{\"@type\":\"BreadcrumbList\",\"@id\":\"https:\\\/\\\/booksfrommexico.com\\\/es\\\/producto\\\/el-mundo-ikkots-en-el-arte-de-tejer-de-justina-oviedo\\\/#breadcrumb\",\"itemListElement\":[{\"@type\":\"ListItem\",\"position\":1,\"name\":\"Home\",\"item\":\"https:\\\/\\\/booksfrommexico.com\\\/es\\\/\"},{\"@type\":\"ListItem\",\"position\":2,\"name\":\"Libros\",\"item\":\"https:\\\/\\\/booksfrommexico.com\\\/es\\\/libros\\\/\"},{\"@type\":\"ListItem\",\"position\":3,\"name\":\"El mundo ikoots en el arte de tejer de Justina Oviedo\"}]},{\"@type\":\"WebSite\",\"@id\":\"https:\\\/\\\/booksfrommexico.com\\\/#website\",\"url\":\"https:\\\/\\\/booksfrommexico.com\\\/\",\"name\":\"Books From Mexico\",\"description\":\"\",\"publisher\":{\"@id\":\"https:\\\/\\\/booksfrommexico.com\\\/#organization\"},\"potentialAction\":[{\"@type\":\"SearchAction\",\"target\":{\"@type\":\"EntryPoint\",\"urlTemplate\":\"https:\\\/\\\/booksfrommexico.com\\\/?s={search_term_string}\"},\"query-input\":{\"@type\":\"PropertyValueSpecification\",\"valueRequired\":true,\"valueName\":\"search_term_string\"}}],\"inLanguage\":\"es\"},{\"@type\":\"Organization\",\"@id\":\"https:\\\/\\\/booksfrommexico.com\\\/#organization\",\"name\":\"Books From Mexico\",\"url\":\"https:\\\/\\\/booksfrommexico.com\\\/\",\"logo\":{\"@type\":\"ImageObject\",\"inLanguage\":\"es\",\"@id\":\"https:\\\/\\\/booksfrommexico.com\\\/#\\\/schema\\\/logo\\\/image\\\/\",\"url\":\"https:\\\/\\\/booksfrommexico.com\\\/app\\\/uploads\\\/2023\\\/05\\\/logo-booksfrommexico.svg\",\"contentUrl\":\"https:\\\/\\\/booksfrommexico.com\\\/app\\\/uploads\\\/2023\\\/05\\\/logo-booksfrommexico.svg\",\"width\":86,\"height\":56,\"caption\":\"Books From Mexico\"},\"image\":{\"@id\":\"https:\\\/\\\/booksfrommexico.com\\\/#\\\/schema\\\/logo\\\/image\\\/\"}}]}<\/script>\n<!-- \/ Yoast SEO plugin. -->","yoast_head_json":{"title":"El mundo ikoots en el arte de tejer de Justina Oviedo","description":"EL MUNDO IKOOTS EN EL ARTE DE TEJER DE JUSTINA OVIEDO: JAYATS MITIIUD MUM JUSTINA. \/ Flavia Cuturi. Oaxaca, M\u00e9xico : INAH ; Carteles Editores, 2017.","robots":{"index":"index","follow":"follow","max-snippet":"max-snippet:-1","max-image-preview":"max-image-preview:large","max-video-preview":"max-video-preview:-1"},"canonical":"https:\/\/booksfrommexico.com\/es\/producto\/el-mundo-ikkots-en-el-arte-de-tejer-de-justina-oviedo\/","og_locale":"es_ES","og_type":"article","og_title":"El mundo ikoots en el arte de tejer de Justina Oviedo","og_description":"EL MUNDO IKOOTS EN EL ARTE DE TEJER DE JUSTINA OVIEDO: JAYATS MITIIUD MUM JUSTINA. \/ Flavia Cuturi. Oaxaca, M\u00e9xico : INAH ; Carteles Editores, 2017.","og_url":"https:\/\/booksfrommexico.com\/es\/producto\/el-mundo-ikkots-en-el-arte-de-tejer-de-justina-oviedo\/","og_site_name":"Books From Mexico","article_modified_time":"2024-11-13T23:40:45+00:00","og_image":[{"width":547,"height":742,"url":"http:\/\/booksfrommexico.com\/app\/uploads\/2023\/05\/184485.jpeg","type":"image\/jpeg"}],"twitter_card":"summary_large_image","twitter_misc":{"Tiempo de lectura":"1 minuto"},"schema":{"@context":"https:\/\/schema.org","@graph":[{"@type":"WebPage","@id":"https:\/\/booksfrommexico.com\/es\/producto\/el-mundo-ikkots-en-el-arte-de-tejer-de-justina-oviedo\/","url":"https:\/\/booksfrommexico.com\/es\/producto\/el-mundo-ikkots-en-el-arte-de-tejer-de-justina-oviedo\/","name":"El mundo ikoots en el arte de tejer de Justina Oviedo","isPartOf":{"@id":"https:\/\/booksfrommexico.com\/#website"},"primaryImageOfPage":{"@id":"https:\/\/booksfrommexico.com\/es\/producto\/el-mundo-ikkots-en-el-arte-de-tejer-de-justina-oviedo\/#primaryimage"},"image":{"@id":"https:\/\/booksfrommexico.com\/es\/producto\/el-mundo-ikkots-en-el-arte-de-tejer-de-justina-oviedo\/#primaryimage"},"thumbnailUrl":"https:\/\/booksfrommexico.com\/app\/uploads\/2023\/05\/184485.jpeg","datePublished":"2023-05-08T17:12:02+00:00","dateModified":"2024-11-13T23:40:45+00:00","description":"EL MUNDO IKOOTS EN EL ARTE DE TEJER DE JUSTINA OVIEDO: JAYATS MITIIUD MUM JUSTINA. \/ Flavia Cuturi. Oaxaca, M\u00e9xico : INAH ; Carteles Editores, 2017.","breadcrumb":{"@id":"https:\/\/booksfrommexico.com\/es\/producto\/el-mundo-ikkots-en-el-arte-de-tejer-de-justina-oviedo\/#breadcrumb"},"inLanguage":"es","potentialAction":[{"@type":"ReadAction","target":["https:\/\/booksfrommexico.com\/es\/producto\/el-mundo-ikkots-en-el-arte-de-tejer-de-justina-oviedo\/"]}]},{"@type":"ImageObject","inLanguage":"es","@id":"https:\/\/booksfrommexico.com\/es\/producto\/el-mundo-ikkots-en-el-arte-de-tejer-de-justina-oviedo\/#primaryimage","url":"https:\/\/booksfrommexico.com\/app\/uploads\/2023\/05\/184485.jpeg","contentUrl":"https:\/\/booksfrommexico.com\/app\/uploads\/2023\/05\/184485.jpeg","width":547,"height":742,"caption":"Books From M\u00e9xico. El mundo ikkots en el arte de tejer de Justina Oviedo"},{"@type":"BreadcrumbList","@id":"https:\/\/booksfrommexico.com\/es\/producto\/el-mundo-ikkots-en-el-arte-de-tejer-de-justina-oviedo\/#breadcrumb","itemListElement":[{"@type":"ListItem","position":1,"name":"Home","item":"https:\/\/booksfrommexico.com\/es\/"},{"@type":"ListItem","position":2,"name":"Libros","item":"https:\/\/booksfrommexico.com\/es\/libros\/"},{"@type":"ListItem","position":3,"name":"El mundo ikoots en el arte de tejer de Justina Oviedo"}]},{"@type":"WebSite","@id":"https:\/\/booksfrommexico.com\/#website","url":"https:\/\/booksfrommexico.com\/","name":"Books From Mexico","description":"","publisher":{"@id":"https:\/\/booksfrommexico.com\/#organization"},"potentialAction":[{"@type":"SearchAction","target":{"@type":"EntryPoint","urlTemplate":"https:\/\/booksfrommexico.com\/?s={search_term_string}"},"query-input":{"@type":"PropertyValueSpecification","valueRequired":true,"valueName":"search_term_string"}}],"inLanguage":"es"},{"@type":"Organization","@id":"https:\/\/booksfrommexico.com\/#organization","name":"Books From Mexico","url":"https:\/\/booksfrommexico.com\/","logo":{"@type":"ImageObject","inLanguage":"es","@id":"https:\/\/booksfrommexico.com\/#\/schema\/logo\/image\/","url":"https:\/\/booksfrommexico.com\/app\/uploads\/2023\/05\/logo-booksfrommexico.svg","contentUrl":"https:\/\/booksfrommexico.com\/app\/uploads\/2023\/05\/logo-booksfrommexico.svg","width":86,"height":56,"caption":"Books From Mexico"},"image":{"@id":"https:\/\/booksfrommexico.com\/#\/schema\/logo\/image\/"}}]}},"_links":{"self":[{"href":"https:\/\/booksfrommexico.com\/es\/wp-json\/wp\/v2\/product\/1170","targetHints":{"allow":["GET"]}}],"collection":[{"href":"https:\/\/booksfrommexico.com\/es\/wp-json\/wp\/v2\/product"}],"about":[{"href":"https:\/\/booksfrommexico.com\/es\/wp-json\/wp\/v2\/types\/product"}],"wp:featuredmedia":[{"embeddable":true,"href":"https:\/\/booksfrommexico.com\/es\/wp-json\/wp\/v2\/media\/1169"}],"wp:attachment":[{"href":"https:\/\/booksfrommexico.com\/es\/wp-json\/wp\/v2\/media?parent=1170"}],"wp:term":[{"taxonomy":"product_brand","embeddable":true,"href":"https:\/\/booksfrommexico.com\/es\/wp-json\/wp\/v2\/product_brand?post=1170"},{"taxonomy":"product_cat","embeddable":true,"href":"https:\/\/booksfrommexico.com\/es\/wp-json\/wp\/v2\/product_cat?post=1170"},{"taxonomy":"product_tag","embeddable":true,"href":"https:\/\/booksfrommexico.com\/es\/wp-json\/wp\/v2\/product_tag?post=1170"}],"curies":[{"name":"wp","href":"https:\/\/api.w.org\/{rel}","templated":true}]}}