{"id":1172,"date":"2023-05-08T17:12:04","date_gmt":"2023-05-08T17:12:04","guid":{"rendered":"http:\/\/booksfrommexico.com\/product\/la-vida-no-es-mas-que-un-electron-buscando-un-lugar-para-descansar\/"},"modified":"2024-06-04T18:50:37","modified_gmt":"2024-06-04T18:50:37","slug":"la-vida-no-es-mas-que-un-electron-buscando-un-lugar-para-descansar","status":"publish","type":"product","link":"https:\/\/booksfrommexico.com\/es\/producto\/la-vida-no-es-mas-que-un-electron-buscando-un-lugar-para-descansar\/","title":{"rendered":"La vida no es m\u00e1s que un electr\u00f3n buscando un lugar para descansar"},"content":{"rendered":"<p><span style=\"font-weight: 400;\">Edgar Altamirano Carmona (Artaud Jarry) es un poeta infrarrealista, doctor en Ciencias por el CINVESTAV-IPN y profesor-investigador en la Universidad Aut\u00f3noma de Guerrero, as\u00ed como autor de diversas publicaciones. Este es el ejemplar n\u00famero 88 de un tiraje de 150 y nos presenta una serie de poemas donde el autor mezcla el universo y sus astros con el concepto de <\/span><i><span style=\"font-weight: 400;\">ser humano<\/span><\/i><span style=\"font-weight: 400;\">, la existencia y los miedos. Estos poemas tambi\u00e9n dan pistas claras sobre la vida cotidiana de Altamirano, los lugares que com\u00fanmente visita, sus actividades y su visi\u00f3n cient\u00edfica, pero a la vez po\u00e9tica, de la vida. Esta edici\u00f3n pertenece a La Cartonera, por lo que su fabricaci\u00f3n\u00a0 es un trabajo artesanal empastado en cart\u00f3n con portada \u00fanica.<\/span><\/p>\n","protected":false},"excerpt":{"rendered":"<p>LA VIDA NO ES M\u00c1S QUE UN ELECTR\u00d3N BUSCANDO UN LUGAR PARA DESCANSAR<span style=\"font-weight: 400;\">. \/ Edgar Artaud Jarry. Cuernavaca, Morelos, M\u00e9xico : La Cartonera, 2018. 64 pages ; 23 cm. <\/span><\/p>\n","protected":false},"featured_media":1171,"template":"","meta":{"_acf_changed":false,"inline_featured_image":false},"product_brand":[],"product_cat":[25,32],"product_tag":[4193,3598],"class_list":{"0":"post-1172","1":"product","2":"type-product","3":"status-publish","4":"has-post-thumbnail","6":"product_cat-literatura","7":"product_cat-poesia-literatura","8":"product_tag-cartonera-es","9":"product_tag-poesia-mexicana","11":"first","12":"instock","13":"taxable","14":"shipping-taxable","15":"purchasable","16":"product-type-simple"},"acf":[],"yoast_head":"<!-- This site is optimized with the Yoast SEO plugin v27.3 - https:\/\/yoast.com\/product\/yoast-seo-wordpress\/ -->\n<title>La vida no es m\u00e1s que un electr\u00f3n buscando un lugar<\/title>\n<meta name=\"description\" content=\"LA VIDA NO ES M\u00c1S QUE UN ELECTR\u00d3N BUSCANDO UN LUGAR PARA DESCANSAR. \/ Edgar Artaud Jarry. Cuernavaca, Morelos, M\u00e9xico : La Cartonera, 2018. 64 pages.\" \/>\n<meta name=\"robots\" content=\"index, follow, max-snippet:-1, max-image-preview:large, max-video-preview:-1\" \/>\n<link rel=\"canonical\" href=\"https:\/\/booksfrommexico.com\/es\/producto\/la-vida-no-es-mas-que-un-electron-buscando-un-lugar-para-descansar\/\" \/>\n<meta property=\"og:locale\" content=\"es_ES\" \/>\n<meta property=\"og:type\" content=\"article\" \/>\n<meta property=\"og:title\" content=\"La vida no es m\u00e1s que un electr\u00f3n buscando un lugar\" \/>\n<meta property=\"og:description\" content=\"LA VIDA NO ES M\u00c1S QUE UN ELECTR\u00d3N BUSCANDO UN LUGAR PARA DESCANSAR. \/ Edgar Artaud Jarry. Cuernavaca, Morelos, M\u00e9xico : La Cartonera, 2018. 64 pages.\" \/>\n<meta property=\"og:url\" content=\"https:\/\/booksfrommexico.com\/es\/producto\/la-vida-no-es-mas-que-un-electron-buscando-un-lugar-para-descansar\/\" \/>\n<meta property=\"og:site_name\" content=\"Books From Mexico\" \/>\n<meta property=\"article:modified_time\" content=\"2024-06-04T18:50:37+00:00\" \/>\n<meta property=\"og:image\" content=\"http:\/\/booksfrommexico.com\/app\/uploads\/2023\/05\/184660.jpeg\" \/>\n\t<meta property=\"og:image:width\" content=\"427\" \/>\n\t<meta property=\"og:image:height\" content=\"642\" \/>\n\t<meta property=\"og:image:type\" content=\"image\/jpeg\" \/>\n<meta name=\"twitter:card\" content=\"summary_large_image\" \/>\n<meta name=\"twitter:label1\" content=\"Tiempo de lectura\" \/>\n\t<meta name=\"twitter:data1\" content=\"1 minuto\" \/>\n<script type=\"application\/ld+json\" class=\"yoast-schema-graph\">{\"@context\":\"https:\\\/\\\/schema.org\",\"@graph\":[{\"@type\":\"WebPage\",\"@id\":\"https:\\\/\\\/booksfrommexico.com\\\/es\\\/producto\\\/la-vida-no-es-mas-que-un-electron-buscando-un-lugar-para-descansar\\\/\",\"url\":\"https:\\\/\\\/booksfrommexico.com\\\/es\\\/producto\\\/la-vida-no-es-mas-que-un-electron-buscando-un-lugar-para-descansar\\\/\",\"name\":\"La vida no es m\u00e1s que un electr\u00f3n buscando un lugar\",\"isPartOf\":{\"@id\":\"https:\\\/\\\/booksfrommexico.com\\\/#website\"},\"primaryImageOfPage\":{\"@id\":\"https:\\\/\\\/booksfrommexico.com\\\/es\\\/producto\\\/la-vida-no-es-mas-que-un-electron-buscando-un-lugar-para-descansar\\\/#primaryimage\"},\"image\":{\"@id\":\"https:\\\/\\\/booksfrommexico.com\\\/es\\\/producto\\\/la-vida-no-es-mas-que-un-electron-buscando-un-lugar-para-descansar\\\/#primaryimage\"},\"thumbnailUrl\":\"https:\\\/\\\/booksfrommexico.com\\\/app\\\/uploads\\\/2023\\\/05\\\/184660.jpeg\",\"datePublished\":\"2023-05-08T17:12:04+00:00\",\"dateModified\":\"2024-06-04T18:50:37+00:00\",\"description\":\"LA VIDA NO ES M\u00c1S QUE UN ELECTR\u00d3N BUSCANDO UN LUGAR PARA DESCANSAR. \\\/ Edgar Artaud Jarry. Cuernavaca, Morelos, M\u00e9xico : La Cartonera, 2018. 64 pages.\",\"breadcrumb\":{\"@id\":\"https:\\\/\\\/booksfrommexico.com\\\/es\\\/producto\\\/la-vida-no-es-mas-que-un-electron-buscando-un-lugar-para-descansar\\\/#breadcrumb\"},\"inLanguage\":\"es\",\"potentialAction\":[{\"@type\":\"ReadAction\",\"target\":[\"https:\\\/\\\/booksfrommexico.com\\\/es\\\/producto\\\/la-vida-no-es-mas-que-un-electron-buscando-un-lugar-para-descansar\\\/\"]}]},{\"@type\":\"ImageObject\",\"inLanguage\":\"es\",\"@id\":\"https:\\\/\\\/booksfrommexico.com\\\/es\\\/producto\\\/la-vida-no-es-mas-que-un-electron-buscando-un-lugar-para-descansar\\\/#primaryimage\",\"url\":\"https:\\\/\\\/booksfrommexico.com\\\/app\\\/uploads\\\/2023\\\/05\\\/184660.jpeg\",\"contentUrl\":\"https:\\\/\\\/booksfrommexico.com\\\/app\\\/uploads\\\/2023\\\/05\\\/184660.jpeg\",\"width\":427,\"height\":642,\"caption\":\"Books From Mexico: La Cartonera books literature poetry Edgar Artaud Jarry\"},{\"@type\":\"BreadcrumbList\",\"@id\":\"https:\\\/\\\/booksfrommexico.com\\\/es\\\/producto\\\/la-vida-no-es-mas-que-un-electron-buscando-un-lugar-para-descansar\\\/#breadcrumb\",\"itemListElement\":[{\"@type\":\"ListItem\",\"position\":1,\"name\":\"Home\",\"item\":\"https:\\\/\\\/booksfrommexico.com\\\/es\\\/\"},{\"@type\":\"ListItem\",\"position\":2,\"name\":\"Libros\",\"item\":\"https:\\\/\\\/booksfrommexico.com\\\/es\\\/libros\\\/\"},{\"@type\":\"ListItem\",\"position\":3,\"name\":\"La vida no es m\u00e1s que un electr\u00f3n buscando un lugar para descansar\"}]},{\"@type\":\"WebSite\",\"@id\":\"https:\\\/\\\/booksfrommexico.com\\\/#website\",\"url\":\"https:\\\/\\\/booksfrommexico.com\\\/\",\"name\":\"Books From Mexico\",\"description\":\"\",\"publisher\":{\"@id\":\"https:\\\/\\\/booksfrommexico.com\\\/#organization\"},\"potentialAction\":[{\"@type\":\"SearchAction\",\"target\":{\"@type\":\"EntryPoint\",\"urlTemplate\":\"https:\\\/\\\/booksfrommexico.com\\\/?s={search_term_string}\"},\"query-input\":{\"@type\":\"PropertyValueSpecification\",\"valueRequired\":true,\"valueName\":\"search_term_string\"}}],\"inLanguage\":\"es\"},{\"@type\":\"Organization\",\"@id\":\"https:\\\/\\\/booksfrommexico.com\\\/#organization\",\"name\":\"Books From Mexico\",\"url\":\"https:\\\/\\\/booksfrommexico.com\\\/\",\"logo\":{\"@type\":\"ImageObject\",\"inLanguage\":\"es\",\"@id\":\"https:\\\/\\\/booksfrommexico.com\\\/#\\\/schema\\\/logo\\\/image\\\/\",\"url\":\"https:\\\/\\\/booksfrommexico.com\\\/app\\\/uploads\\\/2023\\\/05\\\/logo-booksfrommexico.svg\",\"contentUrl\":\"https:\\\/\\\/booksfrommexico.com\\\/app\\\/uploads\\\/2023\\\/05\\\/logo-booksfrommexico.svg\",\"width\":86,\"height\":56,\"caption\":\"Books From Mexico\"},\"image\":{\"@id\":\"https:\\\/\\\/booksfrommexico.com\\\/#\\\/schema\\\/logo\\\/image\\\/\"}}]}<\/script>\n<!-- \/ Yoast SEO plugin. -->","yoast_head_json":{"title":"La vida no es m\u00e1s que un electr\u00f3n buscando un lugar","description":"LA VIDA NO ES M\u00c1S QUE UN ELECTR\u00d3N BUSCANDO UN LUGAR PARA DESCANSAR. \/ Edgar Artaud Jarry. Cuernavaca, Morelos, M\u00e9xico : La Cartonera, 2018. 64 pages.","robots":{"index":"index","follow":"follow","max-snippet":"max-snippet:-1","max-image-preview":"max-image-preview:large","max-video-preview":"max-video-preview:-1"},"canonical":"https:\/\/booksfrommexico.com\/es\/producto\/la-vida-no-es-mas-que-un-electron-buscando-un-lugar-para-descansar\/","og_locale":"es_ES","og_type":"article","og_title":"La vida no es m\u00e1s que un electr\u00f3n buscando un lugar","og_description":"LA VIDA NO ES M\u00c1S QUE UN ELECTR\u00d3N BUSCANDO UN LUGAR PARA DESCANSAR. \/ Edgar Artaud Jarry. Cuernavaca, Morelos, M\u00e9xico : La Cartonera, 2018. 64 pages.","og_url":"https:\/\/booksfrommexico.com\/es\/producto\/la-vida-no-es-mas-que-un-electron-buscando-un-lugar-para-descansar\/","og_site_name":"Books From Mexico","article_modified_time":"2024-06-04T18:50:37+00:00","og_image":[{"width":427,"height":642,"url":"http:\/\/booksfrommexico.com\/app\/uploads\/2023\/05\/184660.jpeg","type":"image\/jpeg"}],"twitter_card":"summary_large_image","twitter_misc":{"Tiempo de lectura":"1 minuto"},"schema":{"@context":"https:\/\/schema.org","@graph":[{"@type":"WebPage","@id":"https:\/\/booksfrommexico.com\/es\/producto\/la-vida-no-es-mas-que-un-electron-buscando-un-lugar-para-descansar\/","url":"https:\/\/booksfrommexico.com\/es\/producto\/la-vida-no-es-mas-que-un-electron-buscando-un-lugar-para-descansar\/","name":"La vida no es m\u00e1s que un electr\u00f3n buscando un lugar","isPartOf":{"@id":"https:\/\/booksfrommexico.com\/#website"},"primaryImageOfPage":{"@id":"https:\/\/booksfrommexico.com\/es\/producto\/la-vida-no-es-mas-que-un-electron-buscando-un-lugar-para-descansar\/#primaryimage"},"image":{"@id":"https:\/\/booksfrommexico.com\/es\/producto\/la-vida-no-es-mas-que-un-electron-buscando-un-lugar-para-descansar\/#primaryimage"},"thumbnailUrl":"https:\/\/booksfrommexico.com\/app\/uploads\/2023\/05\/184660.jpeg","datePublished":"2023-05-08T17:12:04+00:00","dateModified":"2024-06-04T18:50:37+00:00","description":"LA VIDA NO ES M\u00c1S QUE UN ELECTR\u00d3N BUSCANDO UN LUGAR PARA DESCANSAR. \/ Edgar Artaud Jarry. Cuernavaca, Morelos, M\u00e9xico : La Cartonera, 2018. 64 pages.","breadcrumb":{"@id":"https:\/\/booksfrommexico.com\/es\/producto\/la-vida-no-es-mas-que-un-electron-buscando-un-lugar-para-descansar\/#breadcrumb"},"inLanguage":"es","potentialAction":[{"@type":"ReadAction","target":["https:\/\/booksfrommexico.com\/es\/producto\/la-vida-no-es-mas-que-un-electron-buscando-un-lugar-para-descansar\/"]}]},{"@type":"ImageObject","inLanguage":"es","@id":"https:\/\/booksfrommexico.com\/es\/producto\/la-vida-no-es-mas-que-un-electron-buscando-un-lugar-para-descansar\/#primaryimage","url":"https:\/\/booksfrommexico.com\/app\/uploads\/2023\/05\/184660.jpeg","contentUrl":"https:\/\/booksfrommexico.com\/app\/uploads\/2023\/05\/184660.jpeg","width":427,"height":642,"caption":"Books From Mexico: La Cartonera books literature poetry Edgar Artaud Jarry"},{"@type":"BreadcrumbList","@id":"https:\/\/booksfrommexico.com\/es\/producto\/la-vida-no-es-mas-que-un-electron-buscando-un-lugar-para-descansar\/#breadcrumb","itemListElement":[{"@type":"ListItem","position":1,"name":"Home","item":"https:\/\/booksfrommexico.com\/es\/"},{"@type":"ListItem","position":2,"name":"Libros","item":"https:\/\/booksfrommexico.com\/es\/libros\/"},{"@type":"ListItem","position":3,"name":"La vida no es m\u00e1s que un electr\u00f3n buscando un lugar para descansar"}]},{"@type":"WebSite","@id":"https:\/\/booksfrommexico.com\/#website","url":"https:\/\/booksfrommexico.com\/","name":"Books From Mexico","description":"","publisher":{"@id":"https:\/\/booksfrommexico.com\/#organization"},"potentialAction":[{"@type":"SearchAction","target":{"@type":"EntryPoint","urlTemplate":"https:\/\/booksfrommexico.com\/?s={search_term_string}"},"query-input":{"@type":"PropertyValueSpecification","valueRequired":true,"valueName":"search_term_string"}}],"inLanguage":"es"},{"@type":"Organization","@id":"https:\/\/booksfrommexico.com\/#organization","name":"Books From Mexico","url":"https:\/\/booksfrommexico.com\/","logo":{"@type":"ImageObject","inLanguage":"es","@id":"https:\/\/booksfrommexico.com\/#\/schema\/logo\/image\/","url":"https:\/\/booksfrommexico.com\/app\/uploads\/2023\/05\/logo-booksfrommexico.svg","contentUrl":"https:\/\/booksfrommexico.com\/app\/uploads\/2023\/05\/logo-booksfrommexico.svg","width":86,"height":56,"caption":"Books From Mexico"},"image":{"@id":"https:\/\/booksfrommexico.com\/#\/schema\/logo\/image\/"}}]}},"_links":{"self":[{"href":"https:\/\/booksfrommexico.com\/es\/wp-json\/wp\/v2\/product\/1172","targetHints":{"allow":["GET"]}}],"collection":[{"href":"https:\/\/booksfrommexico.com\/es\/wp-json\/wp\/v2\/product"}],"about":[{"href":"https:\/\/booksfrommexico.com\/es\/wp-json\/wp\/v2\/types\/product"}],"wp:featuredmedia":[{"embeddable":true,"href":"https:\/\/booksfrommexico.com\/es\/wp-json\/wp\/v2\/media\/1171"}],"wp:attachment":[{"href":"https:\/\/booksfrommexico.com\/es\/wp-json\/wp\/v2\/media?parent=1172"}],"wp:term":[{"taxonomy":"product_brand","embeddable":true,"href":"https:\/\/booksfrommexico.com\/es\/wp-json\/wp\/v2\/product_brand?post=1172"},{"taxonomy":"product_cat","embeddable":true,"href":"https:\/\/booksfrommexico.com\/es\/wp-json\/wp\/v2\/product_cat?post=1172"},{"taxonomy":"product_tag","embeddable":true,"href":"https:\/\/booksfrommexico.com\/es\/wp-json\/wp\/v2\/product_tag?post=1172"}],"curies":[{"name":"wp","href":"https:\/\/api.w.org\/{rel}","templated":true}]}}