{"id":1190,"date":"2023-05-08T17:12:19","date_gmt":"2023-05-08T17:12:19","guid":{"rendered":"http:\/\/booksfrommexico.com\/product\/historia-de-la-arqueologia-del-mexico-antiguo-primera-parte\/"},"modified":"2024-02-09T21:12:12","modified_gmt":"2024-02-09T21:12:12","slug":"historia-de-la-arqueologia-del-mexico-antiguo-primera-parte","status":"publish","type":"product","link":"https:\/\/booksfrommexico.com\/es\/producto\/historia-de-la-arqueologia-del-mexico-antiguo-primera-parte\/","title":{"rendered":"Historia de la arqueolog\u00eda del M\u00e9xico antiguo. Primera parte"},"content":{"rendered":"<p style=\"text-align: center;\">I. En busca del pasado de los pueblos prehisp\u00e1nicos &#8212; II. Y llegaron los espa\u00f1oles&#8230; &#8212; III. Vuelta al pasado o de la mexicanidad (1670-1750) &#8212; IV. La ilustraci\u00f3n o el retorno de los dioses (1750-1821) &#8212; V. Y lleg\u00f3 la independencia o se fueron los espa\u00f1oles (1821-1877) &#8212; VI. Y lleg\u00f3 don Porfirio (1877-1911)<\/p>\n","protected":false},"excerpt":{"rendered":"<p>Historia de la arqueolog\u00eda del M\u00e9xico antiguo. \/ Eduardo Matos Moctezuma. Ciudad de M\u00e9xico. El Colegio Nacional, 2017. 456 pages : illustrations (chiefly color), maps, plans, portraits; 24 cm. Includes bibliographical references. ISBN 9706401148 (obra completa) ; 9786077242598 (vol. 8, primera parte).<\/p>\n","protected":false},"featured_media":1189,"template":"","meta":{"_acf_changed":false,"inline_featured_image":false},"product_brand":[],"product_cat":[386],"product_tag":[],"class_list":{"0":"post-1190","1":"product","2":"type-product","3":"status-publish","4":"has-post-thumbnail","6":"product_cat-arqueologia","8":"first","9":"outofstock","10":"taxable","11":"shipping-taxable","12":"purchasable","13":"product-type-simple"},"acf":[],"yoast_head":"<!-- This site is optimized with the Yoast SEO plugin v27.3 - https:\/\/yoast.com\/product\/yoast-seo-wordpress\/ -->\n<title>BFM: Historia de la arqueolog\u00eda del M\u00e9xico antiguo. Primera parte<\/title>\n<meta name=\"description\" content=\"BFM: Historia de la arqueolog\u00eda del M\u00e9xico antiguo. Primera parte. Eduardo Matos Moctezuma. Ciudad de M\u00e9xico. El Colegio Nacional, 2017. 456 pages.\" \/>\n<meta name=\"robots\" content=\"index, follow, max-snippet:-1, max-image-preview:large, max-video-preview:-1\" \/>\n<link rel=\"canonical\" href=\"https:\/\/booksfrommexico.com\/es\/producto\/historia-de-la-arqueologia-del-mexico-antiguo-primera-parte\/\" \/>\n<meta property=\"og:locale\" content=\"es_ES\" \/>\n<meta property=\"og:type\" content=\"article\" \/>\n<meta property=\"og:title\" content=\"BFM: Historia de la arqueolog\u00eda del M\u00e9xico antiguo. Primera parte\" \/>\n<meta property=\"og:description\" content=\"BFM: Historia de la arqueolog\u00eda del M\u00e9xico antiguo. Primera parte. Eduardo Matos Moctezuma. Ciudad de M\u00e9xico. El Colegio Nacional, 2017. 456 pages.\" \/>\n<meta property=\"og:url\" content=\"https:\/\/booksfrommexico.com\/es\/producto\/historia-de-la-arqueologia-del-mexico-antiguo-primera-parte\/\" \/>\n<meta property=\"og:site_name\" content=\"Books From Mexico\" \/>\n<meta property=\"article:modified_time\" content=\"2024-02-09T21:12:12+00:00\" \/>\n<meta property=\"og:image\" content=\"http:\/\/booksfrommexico.com\/app\/uploads\/2023\/05\/184979.jpg\" \/>\n\t<meta property=\"og:image:width\" content=\"593\" \/>\n\t<meta property=\"og:image:height\" content=\"907\" \/>\n\t<meta property=\"og:image:type\" content=\"image\/jpeg\" \/>\n<meta name=\"twitter:card\" content=\"summary_large_image\" \/>\n<meta name=\"twitter:label1\" content=\"Tiempo de lectura\" \/>\n\t<meta name=\"twitter:data1\" content=\"1 minuto\" \/>\n<script type=\"application\/ld+json\" class=\"yoast-schema-graph\">{\"@context\":\"https:\\\/\\\/schema.org\",\"@graph\":[{\"@type\":\"WebPage\",\"@id\":\"https:\\\/\\\/booksfrommexico.com\\\/es\\\/producto\\\/historia-de-la-arqueologia-del-mexico-antiguo-primera-parte\\\/\",\"url\":\"https:\\\/\\\/booksfrommexico.com\\\/es\\\/producto\\\/historia-de-la-arqueologia-del-mexico-antiguo-primera-parte\\\/\",\"name\":\"BFM: Historia de la arqueolog\u00eda del M\u00e9xico antiguo. Primera parte\",\"isPartOf\":{\"@id\":\"https:\\\/\\\/booksfrommexico.com\\\/#website\"},\"primaryImageOfPage\":{\"@id\":\"https:\\\/\\\/booksfrommexico.com\\\/es\\\/producto\\\/historia-de-la-arqueologia-del-mexico-antiguo-primera-parte\\\/#primaryimage\"},\"image\":{\"@id\":\"https:\\\/\\\/booksfrommexico.com\\\/es\\\/producto\\\/historia-de-la-arqueologia-del-mexico-antiguo-primera-parte\\\/#primaryimage\"},\"thumbnailUrl\":\"https:\\\/\\\/booksfrommexico.com\\\/app\\\/uploads\\\/2023\\\/05\\\/184979.jpg\",\"datePublished\":\"2023-05-08T17:12:19+00:00\",\"dateModified\":\"2024-02-09T21:12:12+00:00\",\"description\":\"BFM: Historia de la arqueolog\u00eda del M\u00e9xico antiguo. Primera parte. Eduardo Matos Moctezuma. Ciudad de M\u00e9xico. El Colegio Nacional, 2017. 456 pages.\",\"breadcrumb\":{\"@id\":\"https:\\\/\\\/booksfrommexico.com\\\/es\\\/producto\\\/historia-de-la-arqueologia-del-mexico-antiguo-primera-parte\\\/#breadcrumb\"},\"inLanguage\":\"es\",\"potentialAction\":[{\"@type\":\"ReadAction\",\"target\":[\"https:\\\/\\\/booksfrommexico.com\\\/es\\\/producto\\\/historia-de-la-arqueologia-del-mexico-antiguo-primera-parte\\\/\"]}]},{\"@type\":\"ImageObject\",\"inLanguage\":\"es\",\"@id\":\"https:\\\/\\\/booksfrommexico.com\\\/es\\\/producto\\\/historia-de-la-arqueologia-del-mexico-antiguo-primera-parte\\\/#primaryimage\",\"url\":\"https:\\\/\\\/booksfrommexico.com\\\/app\\\/uploads\\\/2023\\\/05\\\/184979.jpg\",\"contentUrl\":\"https:\\\/\\\/booksfrommexico.com\\\/app\\\/uploads\\\/2023\\\/05\\\/184979.jpg\",\"width\":593,\"height\":907,\"caption\":\"Books From M\u00e9xico: Historia de la arqueolog\u00eda del M\u00e9xico antiguo\"},{\"@type\":\"BreadcrumbList\",\"@id\":\"https:\\\/\\\/booksfrommexico.com\\\/es\\\/producto\\\/historia-de-la-arqueologia-del-mexico-antiguo-primera-parte\\\/#breadcrumb\",\"itemListElement\":[{\"@type\":\"ListItem\",\"position\":1,\"name\":\"Home\",\"item\":\"https:\\\/\\\/booksfrommexico.com\\\/es\\\/\"},{\"@type\":\"ListItem\",\"position\":2,\"name\":\"Libros\",\"item\":\"https:\\\/\\\/booksfrommexico.com\\\/es\\\/libros\\\/\"},{\"@type\":\"ListItem\",\"position\":3,\"name\":\"Historia de la arqueolog\u00eda del M\u00e9xico antiguo. Primera parte\"}]},{\"@type\":\"WebSite\",\"@id\":\"https:\\\/\\\/booksfrommexico.com\\\/#website\",\"url\":\"https:\\\/\\\/booksfrommexico.com\\\/\",\"name\":\"Books From Mexico\",\"description\":\"\",\"publisher\":{\"@id\":\"https:\\\/\\\/booksfrommexico.com\\\/#organization\"},\"potentialAction\":[{\"@type\":\"SearchAction\",\"target\":{\"@type\":\"EntryPoint\",\"urlTemplate\":\"https:\\\/\\\/booksfrommexico.com\\\/?s={search_term_string}\"},\"query-input\":{\"@type\":\"PropertyValueSpecification\",\"valueRequired\":true,\"valueName\":\"search_term_string\"}}],\"inLanguage\":\"es\"},{\"@type\":\"Organization\",\"@id\":\"https:\\\/\\\/booksfrommexico.com\\\/#organization\",\"name\":\"Books From Mexico\",\"url\":\"https:\\\/\\\/booksfrommexico.com\\\/\",\"logo\":{\"@type\":\"ImageObject\",\"inLanguage\":\"es\",\"@id\":\"https:\\\/\\\/booksfrommexico.com\\\/#\\\/schema\\\/logo\\\/image\\\/\",\"url\":\"https:\\\/\\\/booksfrommexico.com\\\/app\\\/uploads\\\/2023\\\/05\\\/logo-booksfrommexico.svg\",\"contentUrl\":\"https:\\\/\\\/booksfrommexico.com\\\/app\\\/uploads\\\/2023\\\/05\\\/logo-booksfrommexico.svg\",\"width\":86,\"height\":56,\"caption\":\"Books From Mexico\"},\"image\":{\"@id\":\"https:\\\/\\\/booksfrommexico.com\\\/#\\\/schema\\\/logo\\\/image\\\/\"}}]}<\/script>\n<!-- \/ Yoast SEO plugin. -->","yoast_head_json":{"title":"BFM: Historia de la arqueolog\u00eda del M\u00e9xico antiguo. Primera parte","description":"BFM: Historia de la arqueolog\u00eda del M\u00e9xico antiguo. Primera parte. Eduardo Matos Moctezuma. Ciudad de M\u00e9xico. El Colegio Nacional, 2017. 456 pages.","robots":{"index":"index","follow":"follow","max-snippet":"max-snippet:-1","max-image-preview":"max-image-preview:large","max-video-preview":"max-video-preview:-1"},"canonical":"https:\/\/booksfrommexico.com\/es\/producto\/historia-de-la-arqueologia-del-mexico-antiguo-primera-parte\/","og_locale":"es_ES","og_type":"article","og_title":"BFM: Historia de la arqueolog\u00eda del M\u00e9xico antiguo. Primera parte","og_description":"BFM: Historia de la arqueolog\u00eda del M\u00e9xico antiguo. Primera parte. Eduardo Matos Moctezuma. Ciudad de M\u00e9xico. El Colegio Nacional, 2017. 456 pages.","og_url":"https:\/\/booksfrommexico.com\/es\/producto\/historia-de-la-arqueologia-del-mexico-antiguo-primera-parte\/","og_site_name":"Books From Mexico","article_modified_time":"2024-02-09T21:12:12+00:00","og_image":[{"width":593,"height":907,"url":"http:\/\/booksfrommexico.com\/app\/uploads\/2023\/05\/184979.jpg","type":"image\/jpeg"}],"twitter_card":"summary_large_image","twitter_misc":{"Tiempo de lectura":"1 minuto"},"schema":{"@context":"https:\/\/schema.org","@graph":[{"@type":"WebPage","@id":"https:\/\/booksfrommexico.com\/es\/producto\/historia-de-la-arqueologia-del-mexico-antiguo-primera-parte\/","url":"https:\/\/booksfrommexico.com\/es\/producto\/historia-de-la-arqueologia-del-mexico-antiguo-primera-parte\/","name":"BFM: Historia de la arqueolog\u00eda del M\u00e9xico antiguo. Primera parte","isPartOf":{"@id":"https:\/\/booksfrommexico.com\/#website"},"primaryImageOfPage":{"@id":"https:\/\/booksfrommexico.com\/es\/producto\/historia-de-la-arqueologia-del-mexico-antiguo-primera-parte\/#primaryimage"},"image":{"@id":"https:\/\/booksfrommexico.com\/es\/producto\/historia-de-la-arqueologia-del-mexico-antiguo-primera-parte\/#primaryimage"},"thumbnailUrl":"https:\/\/booksfrommexico.com\/app\/uploads\/2023\/05\/184979.jpg","datePublished":"2023-05-08T17:12:19+00:00","dateModified":"2024-02-09T21:12:12+00:00","description":"BFM: Historia de la arqueolog\u00eda del M\u00e9xico antiguo. Primera parte. Eduardo Matos Moctezuma. Ciudad de M\u00e9xico. El Colegio Nacional, 2017. 456 pages.","breadcrumb":{"@id":"https:\/\/booksfrommexico.com\/es\/producto\/historia-de-la-arqueologia-del-mexico-antiguo-primera-parte\/#breadcrumb"},"inLanguage":"es","potentialAction":[{"@type":"ReadAction","target":["https:\/\/booksfrommexico.com\/es\/producto\/historia-de-la-arqueologia-del-mexico-antiguo-primera-parte\/"]}]},{"@type":"ImageObject","inLanguage":"es","@id":"https:\/\/booksfrommexico.com\/es\/producto\/historia-de-la-arqueologia-del-mexico-antiguo-primera-parte\/#primaryimage","url":"https:\/\/booksfrommexico.com\/app\/uploads\/2023\/05\/184979.jpg","contentUrl":"https:\/\/booksfrommexico.com\/app\/uploads\/2023\/05\/184979.jpg","width":593,"height":907,"caption":"Books From M\u00e9xico: Historia de la arqueolog\u00eda del M\u00e9xico antiguo"},{"@type":"BreadcrumbList","@id":"https:\/\/booksfrommexico.com\/es\/producto\/historia-de-la-arqueologia-del-mexico-antiguo-primera-parte\/#breadcrumb","itemListElement":[{"@type":"ListItem","position":1,"name":"Home","item":"https:\/\/booksfrommexico.com\/es\/"},{"@type":"ListItem","position":2,"name":"Libros","item":"https:\/\/booksfrommexico.com\/es\/libros\/"},{"@type":"ListItem","position":3,"name":"Historia de la arqueolog\u00eda del M\u00e9xico antiguo. Primera parte"}]},{"@type":"WebSite","@id":"https:\/\/booksfrommexico.com\/#website","url":"https:\/\/booksfrommexico.com\/","name":"Books From Mexico","description":"","publisher":{"@id":"https:\/\/booksfrommexico.com\/#organization"},"potentialAction":[{"@type":"SearchAction","target":{"@type":"EntryPoint","urlTemplate":"https:\/\/booksfrommexico.com\/?s={search_term_string}"},"query-input":{"@type":"PropertyValueSpecification","valueRequired":true,"valueName":"search_term_string"}}],"inLanguage":"es"},{"@type":"Organization","@id":"https:\/\/booksfrommexico.com\/#organization","name":"Books From Mexico","url":"https:\/\/booksfrommexico.com\/","logo":{"@type":"ImageObject","inLanguage":"es","@id":"https:\/\/booksfrommexico.com\/#\/schema\/logo\/image\/","url":"https:\/\/booksfrommexico.com\/app\/uploads\/2023\/05\/logo-booksfrommexico.svg","contentUrl":"https:\/\/booksfrommexico.com\/app\/uploads\/2023\/05\/logo-booksfrommexico.svg","width":86,"height":56,"caption":"Books From Mexico"},"image":{"@id":"https:\/\/booksfrommexico.com\/#\/schema\/logo\/image\/"}}]}},"_links":{"self":[{"href":"https:\/\/booksfrommexico.com\/es\/wp-json\/wp\/v2\/product\/1190","targetHints":{"allow":["GET"]}}],"collection":[{"href":"https:\/\/booksfrommexico.com\/es\/wp-json\/wp\/v2\/product"}],"about":[{"href":"https:\/\/booksfrommexico.com\/es\/wp-json\/wp\/v2\/types\/product"}],"wp:featuredmedia":[{"embeddable":true,"href":"https:\/\/booksfrommexico.com\/es\/wp-json\/wp\/v2\/media\/1189"}],"wp:attachment":[{"href":"https:\/\/booksfrommexico.com\/es\/wp-json\/wp\/v2\/media?parent=1190"}],"wp:term":[{"taxonomy":"product_brand","embeddable":true,"href":"https:\/\/booksfrommexico.com\/es\/wp-json\/wp\/v2\/product_brand?post=1190"},{"taxonomy":"product_cat","embeddable":true,"href":"https:\/\/booksfrommexico.com\/es\/wp-json\/wp\/v2\/product_cat?post=1190"},{"taxonomy":"product_tag","embeddable":true,"href":"https:\/\/booksfrommexico.com\/es\/wp-json\/wp\/v2\/product_tag?post=1190"}],"curies":[{"name":"wp","href":"https:\/\/api.w.org\/{rel}","templated":true}]}}