{"id":1192,"date":"2023-05-08T17:12:20","date_gmt":"2023-05-08T17:12:20","guid":{"rendered":"http:\/\/booksfrommexico.com\/product\/condiciones-de-la-globalizacion-politicas-neoliberales-y-dinamicas-de-genero-aproximaciones-desde-el-sur\/"},"modified":"2024-06-04T18:45:37","modified_gmt":"2024-06-04T18:45:37","slug":"condiciones-de-la-globalizacion-politicas-neoliberales-y-dinamicas-de-genero","status":"publish","type":"product","link":"https:\/\/booksfrommexico.com\/es\/producto\/condiciones-de-la-globalizacion-politicas-neoliberales-y-dinamicas-de-genero\/","title":{"rendered":"Condiciones de la globalizaci\u00f3n, pol\u00edticas neoliberales y din\u00e1micas de g\u00e9nero"},"content":{"rendered":"<p><span style=\"font-weight: 400;\">Los trabajos aqu\u00ed presentados surgen a trav\u00e9s del XXII Coloquio Internacional de Estudios de G\u00e9nero, con enfoque espec\u00edficos como ensamblajes, migraciones, trabajo, pedagog\u00edas y lenguaje. El coloquio fue dedicado a la reflexi\u00f3n sobre la relaci\u00f3n del capitalismo neoliberal con los feminismos latinoamericanos, y c\u00f3mo estos \u00faltimos reaccionan a la hegemon\u00eda neoliberal. Con especial enfoque hacia el territorio mexicano, se espera que este libro contribuya de manera relevante, por razones de \u00edndole te\u00f3rico-metodol\u00f3gico, al debate especializado sobre las relaciones entre globalizaci\u00f3n neoliberal, g\u00e9nero y feminismo en Latinoam\u00e9rica. <\/span><\/p>\n","protected":false},"excerpt":{"rendered":"<p>CONDICIONES DE LA GLOBALIZACI\u00d3N, POL\u00cdTICAS NEOLIBERALES Y DIN\u00c1MICAS DE G\u00c9NERO : APROXIMACIONES DESDE EL SUR<span style=\"font-weight: 400;\">. \/ Helena L\u00f3pez, Adriana Arreola (coordinators). Ciudad de M\u00e9xico, M\u00e9xico : Universidad Nacional Aut\u00f3noma de M\u00e9xico , Centro de Investigaciones y Estudios de G\u00e9nero, 2017. 282 pages : includes at the end of each chapter, bibliography ; 23 cm. ISBN : 978607029667.<\/span><\/p>\n","protected":false},"featured_media":1191,"template":"","meta":{"_acf_changed":false,"inline_featured_image":false},"product_brand":[],"product_cat":[182,4110,78],"product_tag":[4235,4211,4213,3627],"class_list":{"0":"post-1192","1":"product","2":"type-product","3":"status-publish","4":"has-post-thumbnail","6":"product_cat-estudios-culturales-y-de-identidad-sociologia","7":"product_cat-estudios-latinoamericanos","8":"product_cat-sociologia","9":"product_tag-coloquios","10":"product_tag-feminismo","11":"product_tag-globalizacion","12":"product_tag-politica-y-gobierno","14":"first","15":"instock","16":"taxable","17":"shipping-taxable","18":"purchasable","19":"product-type-simple"},"acf":[],"yoast_head":"<!-- This site is optimized with the Yoast SEO plugin v27.3 - https:\/\/yoast.com\/product\/yoast-seo-wordpress\/ -->\n<title>Condiciones de la globalizaci\u00f3n pol\u00edticas neoliberales y din\u00e1micas...<\/title>\n<meta name=\"description\" content=\"CONDICIONES DE LA GLOBALIZACI\u00d3N, POL\u00cdTICAS NEOLIBERALES Y DIN\u00c1MICAS DE G\u00c9NERO : APROXIMACIONES DESDE EL SUR. \/ Helena L\u00f3pez, Adriana Arreola.\" \/>\n<meta name=\"robots\" content=\"index, follow, max-snippet:-1, max-image-preview:large, max-video-preview:-1\" \/>\n<link rel=\"canonical\" href=\"https:\/\/booksfrommexico.com\/es\/producto\/condiciones-de-la-globalizacion-politicas-neoliberales-y-dinamicas-de-genero\/\" \/>\n<meta property=\"og:locale\" content=\"es_ES\" \/>\n<meta property=\"og:type\" content=\"article\" \/>\n<meta property=\"og:title\" content=\"Condiciones de la globalizaci\u00f3n pol\u00edticas neoliberales y din\u00e1micas...\" \/>\n<meta property=\"og:description\" content=\"CONDICIONES DE LA GLOBALIZACI\u00d3N, POL\u00cdTICAS NEOLIBERALES Y DIN\u00c1MICAS DE G\u00c9NERO : APROXIMACIONES DESDE EL SUR. \/ Helena L\u00f3pez, Adriana Arreola.\" \/>\n<meta property=\"og:url\" content=\"https:\/\/booksfrommexico.com\/es\/producto\/condiciones-de-la-globalizacion-politicas-neoliberales-y-dinamicas-de-genero\/\" \/>\n<meta property=\"og:site_name\" content=\"Books From Mexico\" \/>\n<meta property=\"article:modified_time\" content=\"2024-06-04T18:45:37+00:00\" \/>\n<meta property=\"og:image\" content=\"http:\/\/booksfrommexico.com\/app\/uploads\/2023\/05\/184933.jpeg\" \/>\n\t<meta property=\"og:image:width\" content=\"429\" \/>\n\t<meta property=\"og:image:height\" content=\"662\" \/>\n\t<meta property=\"og:image:type\" content=\"image\/jpeg\" \/>\n<meta name=\"twitter:card\" content=\"summary_large_image\" \/>\n<meta name=\"twitter:label1\" content=\"Tiempo de lectura\" \/>\n\t<meta name=\"twitter:data1\" content=\"1 minuto\" \/>\n<script type=\"application\/ld+json\" class=\"yoast-schema-graph\">{\"@context\":\"https:\\\/\\\/schema.org\",\"@graph\":[{\"@type\":\"WebPage\",\"@id\":\"https:\\\/\\\/booksfrommexico.com\\\/es\\\/producto\\\/condiciones-de-la-globalizacion-politicas-neoliberales-y-dinamicas-de-genero\\\/\",\"url\":\"https:\\\/\\\/booksfrommexico.com\\\/es\\\/producto\\\/condiciones-de-la-globalizacion-politicas-neoliberales-y-dinamicas-de-genero\\\/\",\"name\":\"Condiciones de la globalizaci\u00f3n pol\u00edticas neoliberales y din\u00e1micas...\",\"isPartOf\":{\"@id\":\"https:\\\/\\\/booksfrommexico.com\\\/#website\"},\"primaryImageOfPage\":{\"@id\":\"https:\\\/\\\/booksfrommexico.com\\\/es\\\/producto\\\/condiciones-de-la-globalizacion-politicas-neoliberales-y-dinamicas-de-genero\\\/#primaryimage\"},\"image\":{\"@id\":\"https:\\\/\\\/booksfrommexico.com\\\/es\\\/producto\\\/condiciones-de-la-globalizacion-politicas-neoliberales-y-dinamicas-de-genero\\\/#primaryimage\"},\"thumbnailUrl\":\"https:\\\/\\\/booksfrommexico.com\\\/app\\\/uploads\\\/2023\\\/05\\\/184933.jpeg\",\"datePublished\":\"2023-05-08T17:12:20+00:00\",\"dateModified\":\"2024-06-04T18:45:37+00:00\",\"description\":\"CONDICIONES DE LA GLOBALIZACI\u00d3N, POL\u00cdTICAS NEOLIBERALES Y DIN\u00c1MICAS DE G\u00c9NERO : APROXIMACIONES DESDE EL SUR. \\\/ Helena L\u00f3pez, Adriana Arreola.\",\"breadcrumb\":{\"@id\":\"https:\\\/\\\/booksfrommexico.com\\\/es\\\/producto\\\/condiciones-de-la-globalizacion-politicas-neoliberales-y-dinamicas-de-genero\\\/#breadcrumb\"},\"inLanguage\":\"es\",\"potentialAction\":[{\"@type\":\"ReadAction\",\"target\":[\"https:\\\/\\\/booksfrommexico.com\\\/es\\\/producto\\\/condiciones-de-la-globalizacion-politicas-neoliberales-y-dinamicas-de-genero\\\/\"]}]},{\"@type\":\"ImageObject\",\"inLanguage\":\"es\",\"@id\":\"https:\\\/\\\/booksfrommexico.com\\\/es\\\/producto\\\/condiciones-de-la-globalizacion-politicas-neoliberales-y-dinamicas-de-genero\\\/#primaryimage\",\"url\":\"https:\\\/\\\/booksfrommexico.com\\\/app\\\/uploads\\\/2023\\\/05\\\/184933.jpeg\",\"contentUrl\":\"https:\\\/\\\/booksfrommexico.com\\\/app\\\/uploads\\\/2023\\\/05\\\/184933.jpeg\",\"width\":429,\"height\":662,\"caption\":\"Books From M\u00e9xico. Condiciones de la globalizaci\u00f3n pol\u00edticas neoliberales y din\u00e1micas de g\u00e9nero\"},{\"@type\":\"BreadcrumbList\",\"@id\":\"https:\\\/\\\/booksfrommexico.com\\\/es\\\/producto\\\/condiciones-de-la-globalizacion-politicas-neoliberales-y-dinamicas-de-genero\\\/#breadcrumb\",\"itemListElement\":[{\"@type\":\"ListItem\",\"position\":1,\"name\":\"Home\",\"item\":\"https:\\\/\\\/booksfrommexico.com\\\/es\\\/\"},{\"@type\":\"ListItem\",\"position\":2,\"name\":\"Libros\",\"item\":\"https:\\\/\\\/booksfrommexico.com\\\/es\\\/libros\\\/\"},{\"@type\":\"ListItem\",\"position\":3,\"name\":\"Condiciones de la globalizaci\u00f3n, pol\u00edticas neoliberales y din\u00e1micas de g\u00e9nero\"}]},{\"@type\":\"WebSite\",\"@id\":\"https:\\\/\\\/booksfrommexico.com\\\/#website\",\"url\":\"https:\\\/\\\/booksfrommexico.com\\\/\",\"name\":\"Books From Mexico\",\"description\":\"\",\"publisher\":{\"@id\":\"https:\\\/\\\/booksfrommexico.com\\\/#organization\"},\"potentialAction\":[{\"@type\":\"SearchAction\",\"target\":{\"@type\":\"EntryPoint\",\"urlTemplate\":\"https:\\\/\\\/booksfrommexico.com\\\/?s={search_term_string}\"},\"query-input\":{\"@type\":\"PropertyValueSpecification\",\"valueRequired\":true,\"valueName\":\"search_term_string\"}}],\"inLanguage\":\"es\"},{\"@type\":\"Organization\",\"@id\":\"https:\\\/\\\/booksfrommexico.com\\\/#organization\",\"name\":\"Books From Mexico\",\"url\":\"https:\\\/\\\/booksfrommexico.com\\\/\",\"logo\":{\"@type\":\"ImageObject\",\"inLanguage\":\"es\",\"@id\":\"https:\\\/\\\/booksfrommexico.com\\\/#\\\/schema\\\/logo\\\/image\\\/\",\"url\":\"https:\\\/\\\/booksfrommexico.com\\\/app\\\/uploads\\\/2023\\\/05\\\/logo-booksfrommexico.svg\",\"contentUrl\":\"https:\\\/\\\/booksfrommexico.com\\\/app\\\/uploads\\\/2023\\\/05\\\/logo-booksfrommexico.svg\",\"width\":86,\"height\":56,\"caption\":\"Books From Mexico\"},\"image\":{\"@id\":\"https:\\\/\\\/booksfrommexico.com\\\/#\\\/schema\\\/logo\\\/image\\\/\"}}]}<\/script>\n<!-- \/ Yoast SEO plugin. -->","yoast_head_json":{"title":"Condiciones de la globalizaci\u00f3n pol\u00edticas neoliberales y din\u00e1micas...","description":"CONDICIONES DE LA GLOBALIZACI\u00d3N, POL\u00cdTICAS NEOLIBERALES Y DIN\u00c1MICAS DE G\u00c9NERO : APROXIMACIONES DESDE EL SUR. \/ Helena L\u00f3pez, Adriana Arreola.","robots":{"index":"index","follow":"follow","max-snippet":"max-snippet:-1","max-image-preview":"max-image-preview:large","max-video-preview":"max-video-preview:-1"},"canonical":"https:\/\/booksfrommexico.com\/es\/producto\/condiciones-de-la-globalizacion-politicas-neoliberales-y-dinamicas-de-genero\/","og_locale":"es_ES","og_type":"article","og_title":"Condiciones de la globalizaci\u00f3n pol\u00edticas neoliberales y din\u00e1micas...","og_description":"CONDICIONES DE LA GLOBALIZACI\u00d3N, POL\u00cdTICAS NEOLIBERALES Y DIN\u00c1MICAS DE G\u00c9NERO : APROXIMACIONES DESDE EL SUR. \/ Helena L\u00f3pez, Adriana Arreola.","og_url":"https:\/\/booksfrommexico.com\/es\/producto\/condiciones-de-la-globalizacion-politicas-neoliberales-y-dinamicas-de-genero\/","og_site_name":"Books From Mexico","article_modified_time":"2024-06-04T18:45:37+00:00","og_image":[{"width":429,"height":662,"url":"http:\/\/booksfrommexico.com\/app\/uploads\/2023\/05\/184933.jpeg","type":"image\/jpeg"}],"twitter_card":"summary_large_image","twitter_misc":{"Tiempo de lectura":"1 minuto"},"schema":{"@context":"https:\/\/schema.org","@graph":[{"@type":"WebPage","@id":"https:\/\/booksfrommexico.com\/es\/producto\/condiciones-de-la-globalizacion-politicas-neoliberales-y-dinamicas-de-genero\/","url":"https:\/\/booksfrommexico.com\/es\/producto\/condiciones-de-la-globalizacion-politicas-neoliberales-y-dinamicas-de-genero\/","name":"Condiciones de la globalizaci\u00f3n pol\u00edticas neoliberales y din\u00e1micas...","isPartOf":{"@id":"https:\/\/booksfrommexico.com\/#website"},"primaryImageOfPage":{"@id":"https:\/\/booksfrommexico.com\/es\/producto\/condiciones-de-la-globalizacion-politicas-neoliberales-y-dinamicas-de-genero\/#primaryimage"},"image":{"@id":"https:\/\/booksfrommexico.com\/es\/producto\/condiciones-de-la-globalizacion-politicas-neoliberales-y-dinamicas-de-genero\/#primaryimage"},"thumbnailUrl":"https:\/\/booksfrommexico.com\/app\/uploads\/2023\/05\/184933.jpeg","datePublished":"2023-05-08T17:12:20+00:00","dateModified":"2024-06-04T18:45:37+00:00","description":"CONDICIONES DE LA GLOBALIZACI\u00d3N, POL\u00cdTICAS NEOLIBERALES Y DIN\u00c1MICAS DE G\u00c9NERO : APROXIMACIONES DESDE EL SUR. \/ Helena L\u00f3pez, Adriana Arreola.","breadcrumb":{"@id":"https:\/\/booksfrommexico.com\/es\/producto\/condiciones-de-la-globalizacion-politicas-neoliberales-y-dinamicas-de-genero\/#breadcrumb"},"inLanguage":"es","potentialAction":[{"@type":"ReadAction","target":["https:\/\/booksfrommexico.com\/es\/producto\/condiciones-de-la-globalizacion-politicas-neoliberales-y-dinamicas-de-genero\/"]}]},{"@type":"ImageObject","inLanguage":"es","@id":"https:\/\/booksfrommexico.com\/es\/producto\/condiciones-de-la-globalizacion-politicas-neoliberales-y-dinamicas-de-genero\/#primaryimage","url":"https:\/\/booksfrommexico.com\/app\/uploads\/2023\/05\/184933.jpeg","contentUrl":"https:\/\/booksfrommexico.com\/app\/uploads\/2023\/05\/184933.jpeg","width":429,"height":662,"caption":"Books From M\u00e9xico. Condiciones de la globalizaci\u00f3n pol\u00edticas neoliberales y din\u00e1micas de g\u00e9nero"},{"@type":"BreadcrumbList","@id":"https:\/\/booksfrommexico.com\/es\/producto\/condiciones-de-la-globalizacion-politicas-neoliberales-y-dinamicas-de-genero\/#breadcrumb","itemListElement":[{"@type":"ListItem","position":1,"name":"Home","item":"https:\/\/booksfrommexico.com\/es\/"},{"@type":"ListItem","position":2,"name":"Libros","item":"https:\/\/booksfrommexico.com\/es\/libros\/"},{"@type":"ListItem","position":3,"name":"Condiciones de la globalizaci\u00f3n, pol\u00edticas neoliberales y din\u00e1micas de g\u00e9nero"}]},{"@type":"WebSite","@id":"https:\/\/booksfrommexico.com\/#website","url":"https:\/\/booksfrommexico.com\/","name":"Books From Mexico","description":"","publisher":{"@id":"https:\/\/booksfrommexico.com\/#organization"},"potentialAction":[{"@type":"SearchAction","target":{"@type":"EntryPoint","urlTemplate":"https:\/\/booksfrommexico.com\/?s={search_term_string}"},"query-input":{"@type":"PropertyValueSpecification","valueRequired":true,"valueName":"search_term_string"}}],"inLanguage":"es"},{"@type":"Organization","@id":"https:\/\/booksfrommexico.com\/#organization","name":"Books From Mexico","url":"https:\/\/booksfrommexico.com\/","logo":{"@type":"ImageObject","inLanguage":"es","@id":"https:\/\/booksfrommexico.com\/#\/schema\/logo\/image\/","url":"https:\/\/booksfrommexico.com\/app\/uploads\/2023\/05\/logo-booksfrommexico.svg","contentUrl":"https:\/\/booksfrommexico.com\/app\/uploads\/2023\/05\/logo-booksfrommexico.svg","width":86,"height":56,"caption":"Books From Mexico"},"image":{"@id":"https:\/\/booksfrommexico.com\/#\/schema\/logo\/image\/"}}]}},"_links":{"self":[{"href":"https:\/\/booksfrommexico.com\/es\/wp-json\/wp\/v2\/product\/1192","targetHints":{"allow":["GET"]}}],"collection":[{"href":"https:\/\/booksfrommexico.com\/es\/wp-json\/wp\/v2\/product"}],"about":[{"href":"https:\/\/booksfrommexico.com\/es\/wp-json\/wp\/v2\/types\/product"}],"wp:featuredmedia":[{"embeddable":true,"href":"https:\/\/booksfrommexico.com\/es\/wp-json\/wp\/v2\/media\/1191"}],"wp:attachment":[{"href":"https:\/\/booksfrommexico.com\/es\/wp-json\/wp\/v2\/media?parent=1192"}],"wp:term":[{"taxonomy":"product_brand","embeddable":true,"href":"https:\/\/booksfrommexico.com\/es\/wp-json\/wp\/v2\/product_brand?post=1192"},{"taxonomy":"product_cat","embeddable":true,"href":"https:\/\/booksfrommexico.com\/es\/wp-json\/wp\/v2\/product_cat?post=1192"},{"taxonomy":"product_tag","embeddable":true,"href":"https:\/\/booksfrommexico.com\/es\/wp-json\/wp\/v2\/product_tag?post=1192"}],"curies":[{"name":"wp","href":"https:\/\/api.w.org\/{rel}","templated":true}]}}