{"id":1194,"date":"2023-05-08T17:12:23","date_gmt":"2023-05-08T17:12:23","guid":{"rendered":"http:\/\/booksfrommexico.com\/product\/la-ciudad-perdida-raices-de-los-soberanos-tarascos\/"},"modified":"2024-04-09T23:41:04","modified_gmt":"2024-04-09T23:41:04","slug":"la-ciudad-perdida-raices-de-los-soberanos-tarascos","status":"publish","type":"product","link":"https:\/\/booksfrommexico.com\/es\/producto\/la-ciudad-perdida-raices-de-los-soberanos-tarascos\/","title":{"rendered":"La ciudad perdida"},"content":{"rendered":"<p><span style=\"font-weight: 400;\">Mechuacan fue el nombre en lengua n\u00e1huatl del reino tarasco, sus descendientes instauraron en la cuenca de P\u00e1tzcuaro la dinast\u00eda gobernante, independiente del imperio mexica. En 1980 un grupo de arque\u00f3logos se intern\u00f3 en la regi\u00f3n\u00a0 de la cuenca de Zacapu con el objetivo de reconocer y descubrir la ocupaci\u00f3n de las sociedades establecidas de la Ciudad Perdida, nombre con el que se le conoce al Malpa\u00eds Prieto, asentamiento vinculado con grupos chichimecas-uac\u00fasechas. Este libro presenta, junto con la exposici\u00f3n hom\u00f3nima a la que acompa\u00f1a\u00a0 y complementa, por primera vez objetos arqueol\u00f3gicos excavados, al tiempo que se integran algunas piezas seleccionadas de la Colecci\u00f3n del Museo Nacional de Antropolog\u00eda, procedentes de la misma regi\u00f3n y nunca antes exhibidas.<\/span><\/p>\n","protected":false},"excerpt":{"rendered":"<p>LA CIUDAD PERDIDA : RA\u00cdCES DE LOS SOBERANOS TARASCOS<span style=\"font-weight: 400;\">. \/ Gr\u00e9gory Pereira, Eliseo F. Padilla Guti\u00e9rrez (coordinators). Ciudad de M\u00e9xico, M\u00e9xico : Gobierno de la Ciudad de M\u00e9xico , Secretar\u00eda de Cultura ; Instituto Nacional de Antropolog\u00eda e Historia , Ediciones Museo Nacional de Antropolog\u00eda ; Centro de Estudios Mexicanos y Centroamericanos, 2018. 121 pages : includes color photos, color illustrations, maps, bibliography ; 28 cm. ISBN : 9786075391175 (MNA) ; 9782111521360 (CEMCA).<\/span><\/p>\n","protected":false},"featured_media":1193,"template":"","meta":{"_acf_changed":false,"inline_featured_image":false},"product_brand":[],"product_cat":[386,491],"product_tag":[3671,3587],"class_list":{"0":"post-1194","1":"product","2":"type-product","3":"status-publish","4":"has-post-thumbnail","6":"product_cat-arqueologia","7":"product_cat-sitios-de-excavacion-arqueologia","8":"product_tag-exposiciones","9":"product_tag-prehispanico","11":"first","12":"outofstock","13":"taxable","14":"shipping-taxable","15":"purchasable","16":"product-type-simple"},"acf":[],"yoast_head":"<!-- This site is optimized with the Yoast SEO plugin v27.3 - https:\/\/yoast.com\/product\/yoast-seo-wordpress\/ -->\n<title>La ciudad perdida: ra\u00edces de los soberanos tarascos<\/title>\n<meta name=\"description\" content=\"Gr\u00e9gory Pereira, Eliseo F. Padilla Guti\u00e9rrez (coordinators). Ciudad de M\u00e9xico, M\u00e9xico : INAH , Ediciones Museo Nacional de Antropolog\u00eda ; CEMCA, 2018.\" \/>\n<meta name=\"robots\" content=\"index, follow, max-snippet:-1, max-image-preview:large, max-video-preview:-1\" \/>\n<link rel=\"canonical\" href=\"https:\/\/booksfrommexico.com\/es\/producto\/la-ciudad-perdida-raices-de-los-soberanos-tarascos\/\" \/>\n<meta property=\"og:locale\" content=\"es_ES\" \/>\n<meta property=\"og:type\" content=\"article\" \/>\n<meta property=\"og:title\" content=\"La ciudad perdida: ra\u00edces de los soberanos tarascos\" \/>\n<meta property=\"og:description\" content=\"Gr\u00e9gory Pereira, Eliseo F. Padilla Guti\u00e9rrez (coordinators). Ciudad de M\u00e9xico, M\u00e9xico : INAH , Ediciones Museo Nacional de Antropolog\u00eda ; CEMCA, 2018.\" \/>\n<meta property=\"og:url\" content=\"https:\/\/booksfrommexico.com\/es\/producto\/la-ciudad-perdida-raices-de-los-soberanos-tarascos\/\" \/>\n<meta property=\"og:site_name\" content=\"Books From Mexico\" \/>\n<meta property=\"article:modified_time\" content=\"2024-04-09T23:41:04+00:00\" \/>\n<meta property=\"og:image\" content=\"http:\/\/booksfrommexico.com\/app\/uploads\/2023\/05\/184739.jpeg\" \/>\n\t<meta property=\"og:image:width\" content=\"583\" \/>\n\t<meta property=\"og:image:height\" content=\"795\" \/>\n\t<meta property=\"og:image:type\" content=\"image\/jpeg\" \/>\n<meta name=\"twitter:card\" content=\"summary_large_image\" \/>\n<meta name=\"twitter:label1\" content=\"Tiempo de lectura\" \/>\n\t<meta name=\"twitter:data1\" content=\"1 minuto\" \/>\n<script type=\"application\/ld+json\" class=\"yoast-schema-graph\">{\"@context\":\"https:\\\/\\\/schema.org\",\"@graph\":[{\"@type\":\"WebPage\",\"@id\":\"https:\\\/\\\/booksfrommexico.com\\\/es\\\/producto\\\/la-ciudad-perdida-raices-de-los-soberanos-tarascos\\\/\",\"url\":\"https:\\\/\\\/booksfrommexico.com\\\/es\\\/producto\\\/la-ciudad-perdida-raices-de-los-soberanos-tarascos\\\/\",\"name\":\"La ciudad perdida: ra\u00edces de los soberanos tarascos\",\"isPartOf\":{\"@id\":\"https:\\\/\\\/booksfrommexico.com\\\/#website\"},\"primaryImageOfPage\":{\"@id\":\"https:\\\/\\\/booksfrommexico.com\\\/es\\\/producto\\\/la-ciudad-perdida-raices-de-los-soberanos-tarascos\\\/#primaryimage\"},\"image\":{\"@id\":\"https:\\\/\\\/booksfrommexico.com\\\/es\\\/producto\\\/la-ciudad-perdida-raices-de-los-soberanos-tarascos\\\/#primaryimage\"},\"thumbnailUrl\":\"https:\\\/\\\/booksfrommexico.com\\\/app\\\/uploads\\\/2023\\\/05\\\/184739.jpeg\",\"datePublished\":\"2023-05-08T17:12:23+00:00\",\"dateModified\":\"2024-04-09T23:41:04+00:00\",\"description\":\"Gr\u00e9gory Pereira, Eliseo F. Padilla Guti\u00e9rrez (coordinators). Ciudad de M\u00e9xico, M\u00e9xico : INAH , Ediciones Museo Nacional de Antropolog\u00eda ; CEMCA, 2018.\",\"breadcrumb\":{\"@id\":\"https:\\\/\\\/booksfrommexico.com\\\/es\\\/producto\\\/la-ciudad-perdida-raices-de-los-soberanos-tarascos\\\/#breadcrumb\"},\"inLanguage\":\"es\",\"potentialAction\":[{\"@type\":\"ReadAction\",\"target\":[\"https:\\\/\\\/booksfrommexico.com\\\/es\\\/producto\\\/la-ciudad-perdida-raices-de-los-soberanos-tarascos\\\/\"]}]},{\"@type\":\"ImageObject\",\"inLanguage\":\"es\",\"@id\":\"https:\\\/\\\/booksfrommexico.com\\\/es\\\/producto\\\/la-ciudad-perdida-raices-de-los-soberanos-tarascos\\\/#primaryimage\",\"url\":\"https:\\\/\\\/booksfrommexico.com\\\/app\\\/uploads\\\/2023\\\/05\\\/184739.jpeg\",\"contentUrl\":\"https:\\\/\\\/booksfrommexico.com\\\/app\\\/uploads\\\/2023\\\/05\\\/184739.jpeg\",\"width\":583,\"height\":795,\"caption\":\"Books From M\u00e9xico: La ciudad perdida: ra\u00edces de los soberanos tarascos\"},{\"@type\":\"BreadcrumbList\",\"@id\":\"https:\\\/\\\/booksfrommexico.com\\\/es\\\/producto\\\/la-ciudad-perdida-raices-de-los-soberanos-tarascos\\\/#breadcrumb\",\"itemListElement\":[{\"@type\":\"ListItem\",\"position\":1,\"name\":\"Home\",\"item\":\"https:\\\/\\\/booksfrommexico.com\\\/es\\\/\"},{\"@type\":\"ListItem\",\"position\":2,\"name\":\"Libros\",\"item\":\"https:\\\/\\\/booksfrommexico.com\\\/es\\\/libros\\\/\"},{\"@type\":\"ListItem\",\"position\":3,\"name\":\"La ciudad perdida\"}]},{\"@type\":\"WebSite\",\"@id\":\"https:\\\/\\\/booksfrommexico.com\\\/#website\",\"url\":\"https:\\\/\\\/booksfrommexico.com\\\/\",\"name\":\"Books From Mexico\",\"description\":\"\",\"publisher\":{\"@id\":\"https:\\\/\\\/booksfrommexico.com\\\/#organization\"},\"potentialAction\":[{\"@type\":\"SearchAction\",\"target\":{\"@type\":\"EntryPoint\",\"urlTemplate\":\"https:\\\/\\\/booksfrommexico.com\\\/?s={search_term_string}\"},\"query-input\":{\"@type\":\"PropertyValueSpecification\",\"valueRequired\":true,\"valueName\":\"search_term_string\"}}],\"inLanguage\":\"es\"},{\"@type\":\"Organization\",\"@id\":\"https:\\\/\\\/booksfrommexico.com\\\/#organization\",\"name\":\"Books From Mexico\",\"url\":\"https:\\\/\\\/booksfrommexico.com\\\/\",\"logo\":{\"@type\":\"ImageObject\",\"inLanguage\":\"es\",\"@id\":\"https:\\\/\\\/booksfrommexico.com\\\/#\\\/schema\\\/logo\\\/image\\\/\",\"url\":\"https:\\\/\\\/booksfrommexico.com\\\/app\\\/uploads\\\/2023\\\/05\\\/logo-booksfrommexico.svg\",\"contentUrl\":\"https:\\\/\\\/booksfrommexico.com\\\/app\\\/uploads\\\/2023\\\/05\\\/logo-booksfrommexico.svg\",\"width\":86,\"height\":56,\"caption\":\"Books From Mexico\"},\"image\":{\"@id\":\"https:\\\/\\\/booksfrommexico.com\\\/#\\\/schema\\\/logo\\\/image\\\/\"}}]}<\/script>\n<!-- \/ Yoast SEO plugin. -->","yoast_head_json":{"title":"La ciudad perdida: ra\u00edces de los soberanos tarascos","description":"Gr\u00e9gory Pereira, Eliseo F. Padilla Guti\u00e9rrez (coordinators). Ciudad de M\u00e9xico, M\u00e9xico : INAH , Ediciones Museo Nacional de Antropolog\u00eda ; CEMCA, 2018.","robots":{"index":"index","follow":"follow","max-snippet":"max-snippet:-1","max-image-preview":"max-image-preview:large","max-video-preview":"max-video-preview:-1"},"canonical":"https:\/\/booksfrommexico.com\/es\/producto\/la-ciudad-perdida-raices-de-los-soberanos-tarascos\/","og_locale":"es_ES","og_type":"article","og_title":"La ciudad perdida: ra\u00edces de los soberanos tarascos","og_description":"Gr\u00e9gory Pereira, Eliseo F. Padilla Guti\u00e9rrez (coordinators). Ciudad de M\u00e9xico, M\u00e9xico : INAH , Ediciones Museo Nacional de Antropolog\u00eda ; CEMCA, 2018.","og_url":"https:\/\/booksfrommexico.com\/es\/producto\/la-ciudad-perdida-raices-de-los-soberanos-tarascos\/","og_site_name":"Books From Mexico","article_modified_time":"2024-04-09T23:41:04+00:00","og_image":[{"width":583,"height":795,"url":"http:\/\/booksfrommexico.com\/app\/uploads\/2023\/05\/184739.jpeg","type":"image\/jpeg"}],"twitter_card":"summary_large_image","twitter_misc":{"Tiempo de lectura":"1 minuto"},"schema":{"@context":"https:\/\/schema.org","@graph":[{"@type":"WebPage","@id":"https:\/\/booksfrommexico.com\/es\/producto\/la-ciudad-perdida-raices-de-los-soberanos-tarascos\/","url":"https:\/\/booksfrommexico.com\/es\/producto\/la-ciudad-perdida-raices-de-los-soberanos-tarascos\/","name":"La ciudad perdida: ra\u00edces de los soberanos tarascos","isPartOf":{"@id":"https:\/\/booksfrommexico.com\/#website"},"primaryImageOfPage":{"@id":"https:\/\/booksfrommexico.com\/es\/producto\/la-ciudad-perdida-raices-de-los-soberanos-tarascos\/#primaryimage"},"image":{"@id":"https:\/\/booksfrommexico.com\/es\/producto\/la-ciudad-perdida-raices-de-los-soberanos-tarascos\/#primaryimage"},"thumbnailUrl":"https:\/\/booksfrommexico.com\/app\/uploads\/2023\/05\/184739.jpeg","datePublished":"2023-05-08T17:12:23+00:00","dateModified":"2024-04-09T23:41:04+00:00","description":"Gr\u00e9gory Pereira, Eliseo F. Padilla Guti\u00e9rrez (coordinators). Ciudad de M\u00e9xico, M\u00e9xico : INAH , Ediciones Museo Nacional de Antropolog\u00eda ; CEMCA, 2018.","breadcrumb":{"@id":"https:\/\/booksfrommexico.com\/es\/producto\/la-ciudad-perdida-raices-de-los-soberanos-tarascos\/#breadcrumb"},"inLanguage":"es","potentialAction":[{"@type":"ReadAction","target":["https:\/\/booksfrommexico.com\/es\/producto\/la-ciudad-perdida-raices-de-los-soberanos-tarascos\/"]}]},{"@type":"ImageObject","inLanguage":"es","@id":"https:\/\/booksfrommexico.com\/es\/producto\/la-ciudad-perdida-raices-de-los-soberanos-tarascos\/#primaryimage","url":"https:\/\/booksfrommexico.com\/app\/uploads\/2023\/05\/184739.jpeg","contentUrl":"https:\/\/booksfrommexico.com\/app\/uploads\/2023\/05\/184739.jpeg","width":583,"height":795,"caption":"Books From M\u00e9xico: La ciudad perdida: ra\u00edces de los soberanos tarascos"},{"@type":"BreadcrumbList","@id":"https:\/\/booksfrommexico.com\/es\/producto\/la-ciudad-perdida-raices-de-los-soberanos-tarascos\/#breadcrumb","itemListElement":[{"@type":"ListItem","position":1,"name":"Home","item":"https:\/\/booksfrommexico.com\/es\/"},{"@type":"ListItem","position":2,"name":"Libros","item":"https:\/\/booksfrommexico.com\/es\/libros\/"},{"@type":"ListItem","position":3,"name":"La ciudad perdida"}]},{"@type":"WebSite","@id":"https:\/\/booksfrommexico.com\/#website","url":"https:\/\/booksfrommexico.com\/","name":"Books From Mexico","description":"","publisher":{"@id":"https:\/\/booksfrommexico.com\/#organization"},"potentialAction":[{"@type":"SearchAction","target":{"@type":"EntryPoint","urlTemplate":"https:\/\/booksfrommexico.com\/?s={search_term_string}"},"query-input":{"@type":"PropertyValueSpecification","valueRequired":true,"valueName":"search_term_string"}}],"inLanguage":"es"},{"@type":"Organization","@id":"https:\/\/booksfrommexico.com\/#organization","name":"Books From Mexico","url":"https:\/\/booksfrommexico.com\/","logo":{"@type":"ImageObject","inLanguage":"es","@id":"https:\/\/booksfrommexico.com\/#\/schema\/logo\/image\/","url":"https:\/\/booksfrommexico.com\/app\/uploads\/2023\/05\/logo-booksfrommexico.svg","contentUrl":"https:\/\/booksfrommexico.com\/app\/uploads\/2023\/05\/logo-booksfrommexico.svg","width":86,"height":56,"caption":"Books From Mexico"},"image":{"@id":"https:\/\/booksfrommexico.com\/#\/schema\/logo\/image\/"}}]}},"_links":{"self":[{"href":"https:\/\/booksfrommexico.com\/es\/wp-json\/wp\/v2\/product\/1194","targetHints":{"allow":["GET"]}}],"collection":[{"href":"https:\/\/booksfrommexico.com\/es\/wp-json\/wp\/v2\/product"}],"about":[{"href":"https:\/\/booksfrommexico.com\/es\/wp-json\/wp\/v2\/types\/product"}],"wp:featuredmedia":[{"embeddable":true,"href":"https:\/\/booksfrommexico.com\/es\/wp-json\/wp\/v2\/media\/1193"}],"wp:attachment":[{"href":"https:\/\/booksfrommexico.com\/es\/wp-json\/wp\/v2\/media?parent=1194"}],"wp:term":[{"taxonomy":"product_brand","embeddable":true,"href":"https:\/\/booksfrommexico.com\/es\/wp-json\/wp\/v2\/product_brand?post=1194"},{"taxonomy":"product_cat","embeddable":true,"href":"https:\/\/booksfrommexico.com\/es\/wp-json\/wp\/v2\/product_cat?post=1194"},{"taxonomy":"product_tag","embeddable":true,"href":"https:\/\/booksfrommexico.com\/es\/wp-json\/wp\/v2\/product_tag?post=1194"}],"curies":[{"name":"wp","href":"https:\/\/api.w.org\/{rel}","templated":true}]}}