{"id":1196,"date":"2023-05-08T17:12:25","date_gmt":"2023-05-08T17:12:25","guid":{"rendered":"http:\/\/booksfrommexico.com\/product\/coleccion-chavez-cedeno-antonio-vanegas-arroyo-un-editor-extraordinario\/"},"modified":"2024-04-18T22:16:36","modified_gmt":"2024-04-18T22:16:36","slug":"coleccion-chavez-cedeno-antonio-vanegas-arroyo-un-editor-extraordinario","status":"publish","type":"product","link":"https:\/\/booksfrommexico.com\/es\/producto\/coleccion-chavez-cedeno-antonio-vanegas-arroyo-un-editor-extraordinario\/","title":{"rendered":"Colecci\u00f3n Ch\u00e1vez-Cede\u00f1o: Antonio Vanegas Arroyo"},"content":{"rendered":"<p style=\"text-align: left;\"><span style=\"font-weight: 400;\">La imprenta de Antonio Vanegas Arroyo empez\u00f3 en 1880 y se consolid\u00f3 r\u00e1pidamente en el gusto popular con una extensa variedad de contenidos y formatos como cuadernillos, hojas volantes y librillos que se vend\u00edan a un m\u00f3dico precio. Conjuntando los lenguajes de la literatura popular y la gr\u00e1fica, se integr\u00f3 al texto el colorido y la calidad de la imagen realizada por grabadores como Manuel Manilla y Jos\u00e9 Guadalupe Posada. Este t\u00edtulo invita al lector a disfrutar de los coloridos papeles que se imprimieron de esas hojas volantes y cuadernos, reunidos en una selecci\u00f3n de impresos de la colecci\u00f3n Ch\u00e1vez-Cede\u00f1o.<\/span><\/p>\n<p>&nbsp;<\/p>\n<p>&nbsp;<\/p>\n","protected":false},"excerpt":{"rendered":"<p>COLECCI\u00d3N CH\u00c1VEZ-CEDE\u00d1O : ANTONIO VANEGAS ARROYO : UN EDITOR EXTRAORDINARIO.<span style=\"font-weight: 400;\">\u00a0 \/ Mariana Masera (coordinadora). Ciudad de M\u00e9xico, M\u00e9xico : Universidad Nacional Aut\u00f3noma de M\u00e9xico , Coordinaci\u00f3n de Humanidades ; Unidad de Investigaci\u00f3n sobre Representaciones Culturales y Sociales ; Secretar\u00eda de Desarrollo Institucional, 2017. 172 pages : includes color illustrations, bibliography at the end of each chapter ; 27 cm. ISBN : 978607300040.<\/span><\/p>\n","protected":false},"featured_media":1195,"template":"","meta":{"_acf_changed":false,"inline_featured_image":false},"product_brand":[],"product_cat":[3136,3138],"product_tag":[4245,4122,4023],"class_list":{"0":"post-1196","1":"product","2":"type-product","3":"status-publish","4":"has-post-thumbnail","6":"product_cat-bibliografia-y-bibliotecologia","7":"product_cat-historia-de-los-libros-y-la-fabricacion-de-libros-libros-bibliografia-y-bibiotecologia","8":"product_tag-imprenta","9":"product_tag-investigacion","10":"product_tag-premios-literarios","12":"first","13":"instock","14":"taxable","15":"shipping-taxable","16":"purchasable","17":"product-type-simple"},"acf":[],"yoast_head":"<!-- This site is optimized with the Yoast SEO plugin v27.3 - https:\/\/yoast.com\/product\/yoast-seo-wordpress\/ -->\n<title>Colecci\u00f3n Ch\u00e1vez-Cede\u00f1o : Antonio Vanegas Arroyo<\/title>\n<meta name=\"description\" content=\"COLECCI\u00d3N CH\u00c1VEZ-CEDE\u00d1O : ANTONIO VANEGAS ARROYO : UN EDITOR EXTRAORDINARIO. \/ Mariana Masera (coordinadora). UNAM. 2017. ISBN : 978607300040.\" \/>\n<meta name=\"robots\" content=\"index, follow, max-snippet:-1, max-image-preview:large, max-video-preview:-1\" \/>\n<link rel=\"canonical\" href=\"https:\/\/booksfrommexico.com\/es\/producto\/coleccion-chavez-cedeno-antonio-vanegas-arroyo-un-editor-extraordinario\/\" \/>\n<meta property=\"og:locale\" content=\"es_ES\" \/>\n<meta property=\"og:type\" content=\"article\" \/>\n<meta property=\"og:title\" content=\"Colecci\u00f3n Ch\u00e1vez-Cede\u00f1o : Antonio Vanegas Arroyo\" \/>\n<meta property=\"og:description\" content=\"COLECCI\u00d3N CH\u00c1VEZ-CEDE\u00d1O : ANTONIO VANEGAS ARROYO : UN EDITOR EXTRAORDINARIO. \/ Mariana Masera (coordinadora). UNAM. 2017. ISBN : 978607300040.\" \/>\n<meta property=\"og:url\" content=\"https:\/\/booksfrommexico.com\/es\/producto\/coleccion-chavez-cedeno-antonio-vanegas-arroyo-un-editor-extraordinario\/\" \/>\n<meta property=\"og:site_name\" content=\"Books From Mexico\" \/>\n<meta property=\"article:modified_time\" content=\"2024-04-18T22:16:36+00:00\" \/>\n<meta property=\"og:image\" content=\"http:\/\/booksfrommexico.com\/app\/uploads\/2023\/05\/185045.jpg\" \/>\n\t<meta property=\"og:image:width\" content=\"781\" \/>\n\t<meta property=\"og:image:height\" content=\"1052\" \/>\n\t<meta property=\"og:image:type\" content=\"image\/jpeg\" \/>\n<meta name=\"twitter:card\" content=\"summary_large_image\" \/>\n<meta name=\"twitter:label1\" content=\"Tiempo de lectura\" \/>\n\t<meta name=\"twitter:data1\" content=\"1 minuto\" \/>\n<script type=\"application\/ld+json\" class=\"yoast-schema-graph\">{\"@context\":\"https:\\\/\\\/schema.org\",\"@graph\":[{\"@type\":\"WebPage\",\"@id\":\"https:\\\/\\\/booksfrommexico.com\\\/es\\\/producto\\\/coleccion-chavez-cedeno-antonio-vanegas-arroyo-un-editor-extraordinario\\\/\",\"url\":\"https:\\\/\\\/booksfrommexico.com\\\/es\\\/producto\\\/coleccion-chavez-cedeno-antonio-vanegas-arroyo-un-editor-extraordinario\\\/\",\"name\":\"Colecci\u00f3n Ch\u00e1vez-Cede\u00f1o : Antonio Vanegas Arroyo\",\"isPartOf\":{\"@id\":\"https:\\\/\\\/booksfrommexico.com\\\/#website\"},\"primaryImageOfPage\":{\"@id\":\"https:\\\/\\\/booksfrommexico.com\\\/es\\\/producto\\\/coleccion-chavez-cedeno-antonio-vanegas-arroyo-un-editor-extraordinario\\\/#primaryimage\"},\"image\":{\"@id\":\"https:\\\/\\\/booksfrommexico.com\\\/es\\\/producto\\\/coleccion-chavez-cedeno-antonio-vanegas-arroyo-un-editor-extraordinario\\\/#primaryimage\"},\"thumbnailUrl\":\"https:\\\/\\\/booksfrommexico.com\\\/app\\\/uploads\\\/2023\\\/05\\\/185045.jpg\",\"datePublished\":\"2023-05-08T17:12:25+00:00\",\"dateModified\":\"2024-04-18T22:16:36+00:00\",\"description\":\"COLECCI\u00d3N CH\u00c1VEZ-CEDE\u00d1O : ANTONIO VANEGAS ARROYO : UN EDITOR EXTRAORDINARIO. \\\/ Mariana Masera (coordinadora). UNAM. 2017. ISBN : 978607300040.\",\"breadcrumb\":{\"@id\":\"https:\\\/\\\/booksfrommexico.com\\\/es\\\/producto\\\/coleccion-chavez-cedeno-antonio-vanegas-arroyo-un-editor-extraordinario\\\/#breadcrumb\"},\"inLanguage\":\"es\",\"potentialAction\":[{\"@type\":\"ReadAction\",\"target\":[\"https:\\\/\\\/booksfrommexico.com\\\/es\\\/producto\\\/coleccion-chavez-cedeno-antonio-vanegas-arroyo-un-editor-extraordinario\\\/\"]}]},{\"@type\":\"ImageObject\",\"inLanguage\":\"es\",\"@id\":\"https:\\\/\\\/booksfrommexico.com\\\/es\\\/producto\\\/coleccion-chavez-cedeno-antonio-vanegas-arroyo-un-editor-extraordinario\\\/#primaryimage\",\"url\":\"https:\\\/\\\/booksfrommexico.com\\\/app\\\/uploads\\\/2023\\\/05\\\/185045.jpg\",\"contentUrl\":\"https:\\\/\\\/booksfrommexico.com\\\/app\\\/uploads\\\/2023\\\/05\\\/185045.jpg\",\"width\":781,\"height\":1052,\"caption\":\"Books From M\u00e9xico. Colecci\u00f3n Ch\u00e1vez-Cede\u00f1o: Antonio Vanegas Arroyo: un editor extraordinario\"},{\"@type\":\"BreadcrumbList\",\"@id\":\"https:\\\/\\\/booksfrommexico.com\\\/es\\\/producto\\\/coleccion-chavez-cedeno-antonio-vanegas-arroyo-un-editor-extraordinario\\\/#breadcrumb\",\"itemListElement\":[{\"@type\":\"ListItem\",\"position\":1,\"name\":\"Home\",\"item\":\"https:\\\/\\\/booksfrommexico.com\\\/es\\\/\"},{\"@type\":\"ListItem\",\"position\":2,\"name\":\"Libros\",\"item\":\"https:\\\/\\\/booksfrommexico.com\\\/es\\\/libros\\\/\"},{\"@type\":\"ListItem\",\"position\":3,\"name\":\"Colecci\u00f3n Ch\u00e1vez-Cede\u00f1o: Antonio Vanegas Arroyo\"}]},{\"@type\":\"WebSite\",\"@id\":\"https:\\\/\\\/booksfrommexico.com\\\/#website\",\"url\":\"https:\\\/\\\/booksfrommexico.com\\\/\",\"name\":\"Books From Mexico\",\"description\":\"\",\"publisher\":{\"@id\":\"https:\\\/\\\/booksfrommexico.com\\\/#organization\"},\"potentialAction\":[{\"@type\":\"SearchAction\",\"target\":{\"@type\":\"EntryPoint\",\"urlTemplate\":\"https:\\\/\\\/booksfrommexico.com\\\/?s={search_term_string}\"},\"query-input\":{\"@type\":\"PropertyValueSpecification\",\"valueRequired\":true,\"valueName\":\"search_term_string\"}}],\"inLanguage\":\"es\"},{\"@type\":\"Organization\",\"@id\":\"https:\\\/\\\/booksfrommexico.com\\\/#organization\",\"name\":\"Books From Mexico\",\"url\":\"https:\\\/\\\/booksfrommexico.com\\\/\",\"logo\":{\"@type\":\"ImageObject\",\"inLanguage\":\"es\",\"@id\":\"https:\\\/\\\/booksfrommexico.com\\\/#\\\/schema\\\/logo\\\/image\\\/\",\"url\":\"https:\\\/\\\/booksfrommexico.com\\\/app\\\/uploads\\\/2023\\\/05\\\/logo-booksfrommexico.svg\",\"contentUrl\":\"https:\\\/\\\/booksfrommexico.com\\\/app\\\/uploads\\\/2023\\\/05\\\/logo-booksfrommexico.svg\",\"width\":86,\"height\":56,\"caption\":\"Books From Mexico\"},\"image\":{\"@id\":\"https:\\\/\\\/booksfrommexico.com\\\/#\\\/schema\\\/logo\\\/image\\\/\"}}]}<\/script>\n<!-- \/ Yoast SEO plugin. -->","yoast_head_json":{"title":"Colecci\u00f3n Ch\u00e1vez-Cede\u00f1o : Antonio Vanegas Arroyo","description":"COLECCI\u00d3N CH\u00c1VEZ-CEDE\u00d1O : ANTONIO VANEGAS ARROYO : UN EDITOR EXTRAORDINARIO. \/ Mariana Masera (coordinadora). UNAM. 2017. ISBN : 978607300040.","robots":{"index":"index","follow":"follow","max-snippet":"max-snippet:-1","max-image-preview":"max-image-preview:large","max-video-preview":"max-video-preview:-1"},"canonical":"https:\/\/booksfrommexico.com\/es\/producto\/coleccion-chavez-cedeno-antonio-vanegas-arroyo-un-editor-extraordinario\/","og_locale":"es_ES","og_type":"article","og_title":"Colecci\u00f3n Ch\u00e1vez-Cede\u00f1o : Antonio Vanegas Arroyo","og_description":"COLECCI\u00d3N CH\u00c1VEZ-CEDE\u00d1O : ANTONIO VANEGAS ARROYO : UN EDITOR EXTRAORDINARIO. \/ Mariana Masera (coordinadora). UNAM. 2017. ISBN : 978607300040.","og_url":"https:\/\/booksfrommexico.com\/es\/producto\/coleccion-chavez-cedeno-antonio-vanegas-arroyo-un-editor-extraordinario\/","og_site_name":"Books From Mexico","article_modified_time":"2024-04-18T22:16:36+00:00","og_image":[{"width":781,"height":1052,"url":"http:\/\/booksfrommexico.com\/app\/uploads\/2023\/05\/185045.jpg","type":"image\/jpeg"}],"twitter_card":"summary_large_image","twitter_misc":{"Tiempo de lectura":"1 minuto"},"schema":{"@context":"https:\/\/schema.org","@graph":[{"@type":"WebPage","@id":"https:\/\/booksfrommexico.com\/es\/producto\/coleccion-chavez-cedeno-antonio-vanegas-arroyo-un-editor-extraordinario\/","url":"https:\/\/booksfrommexico.com\/es\/producto\/coleccion-chavez-cedeno-antonio-vanegas-arroyo-un-editor-extraordinario\/","name":"Colecci\u00f3n Ch\u00e1vez-Cede\u00f1o : Antonio Vanegas Arroyo","isPartOf":{"@id":"https:\/\/booksfrommexico.com\/#website"},"primaryImageOfPage":{"@id":"https:\/\/booksfrommexico.com\/es\/producto\/coleccion-chavez-cedeno-antonio-vanegas-arroyo-un-editor-extraordinario\/#primaryimage"},"image":{"@id":"https:\/\/booksfrommexico.com\/es\/producto\/coleccion-chavez-cedeno-antonio-vanegas-arroyo-un-editor-extraordinario\/#primaryimage"},"thumbnailUrl":"https:\/\/booksfrommexico.com\/app\/uploads\/2023\/05\/185045.jpg","datePublished":"2023-05-08T17:12:25+00:00","dateModified":"2024-04-18T22:16:36+00:00","description":"COLECCI\u00d3N CH\u00c1VEZ-CEDE\u00d1O : ANTONIO VANEGAS ARROYO : UN EDITOR EXTRAORDINARIO. \/ Mariana Masera (coordinadora). UNAM. 2017. ISBN : 978607300040.","breadcrumb":{"@id":"https:\/\/booksfrommexico.com\/es\/producto\/coleccion-chavez-cedeno-antonio-vanegas-arroyo-un-editor-extraordinario\/#breadcrumb"},"inLanguage":"es","potentialAction":[{"@type":"ReadAction","target":["https:\/\/booksfrommexico.com\/es\/producto\/coleccion-chavez-cedeno-antonio-vanegas-arroyo-un-editor-extraordinario\/"]}]},{"@type":"ImageObject","inLanguage":"es","@id":"https:\/\/booksfrommexico.com\/es\/producto\/coleccion-chavez-cedeno-antonio-vanegas-arroyo-un-editor-extraordinario\/#primaryimage","url":"https:\/\/booksfrommexico.com\/app\/uploads\/2023\/05\/185045.jpg","contentUrl":"https:\/\/booksfrommexico.com\/app\/uploads\/2023\/05\/185045.jpg","width":781,"height":1052,"caption":"Books From M\u00e9xico. Colecci\u00f3n Ch\u00e1vez-Cede\u00f1o: Antonio Vanegas Arroyo: un editor extraordinario"},{"@type":"BreadcrumbList","@id":"https:\/\/booksfrommexico.com\/es\/producto\/coleccion-chavez-cedeno-antonio-vanegas-arroyo-un-editor-extraordinario\/#breadcrumb","itemListElement":[{"@type":"ListItem","position":1,"name":"Home","item":"https:\/\/booksfrommexico.com\/es\/"},{"@type":"ListItem","position":2,"name":"Libros","item":"https:\/\/booksfrommexico.com\/es\/libros\/"},{"@type":"ListItem","position":3,"name":"Colecci\u00f3n Ch\u00e1vez-Cede\u00f1o: Antonio Vanegas Arroyo"}]},{"@type":"WebSite","@id":"https:\/\/booksfrommexico.com\/#website","url":"https:\/\/booksfrommexico.com\/","name":"Books From Mexico","description":"","publisher":{"@id":"https:\/\/booksfrommexico.com\/#organization"},"potentialAction":[{"@type":"SearchAction","target":{"@type":"EntryPoint","urlTemplate":"https:\/\/booksfrommexico.com\/?s={search_term_string}"},"query-input":{"@type":"PropertyValueSpecification","valueRequired":true,"valueName":"search_term_string"}}],"inLanguage":"es"},{"@type":"Organization","@id":"https:\/\/booksfrommexico.com\/#organization","name":"Books From Mexico","url":"https:\/\/booksfrommexico.com\/","logo":{"@type":"ImageObject","inLanguage":"es","@id":"https:\/\/booksfrommexico.com\/#\/schema\/logo\/image\/","url":"https:\/\/booksfrommexico.com\/app\/uploads\/2023\/05\/logo-booksfrommexico.svg","contentUrl":"https:\/\/booksfrommexico.com\/app\/uploads\/2023\/05\/logo-booksfrommexico.svg","width":86,"height":56,"caption":"Books From Mexico"},"image":{"@id":"https:\/\/booksfrommexico.com\/#\/schema\/logo\/image\/"}}]}},"_links":{"self":[{"href":"https:\/\/booksfrommexico.com\/es\/wp-json\/wp\/v2\/product\/1196","targetHints":{"allow":["GET"]}}],"collection":[{"href":"https:\/\/booksfrommexico.com\/es\/wp-json\/wp\/v2\/product"}],"about":[{"href":"https:\/\/booksfrommexico.com\/es\/wp-json\/wp\/v2\/types\/product"}],"wp:featuredmedia":[{"embeddable":true,"href":"https:\/\/booksfrommexico.com\/es\/wp-json\/wp\/v2\/media\/1195"}],"wp:attachment":[{"href":"https:\/\/booksfrommexico.com\/es\/wp-json\/wp\/v2\/media?parent=1196"}],"wp:term":[{"taxonomy":"product_brand","embeddable":true,"href":"https:\/\/booksfrommexico.com\/es\/wp-json\/wp\/v2\/product_brand?post=1196"},{"taxonomy":"product_cat","embeddable":true,"href":"https:\/\/booksfrommexico.com\/es\/wp-json\/wp\/v2\/product_cat?post=1196"},{"taxonomy":"product_tag","embeddable":true,"href":"https:\/\/booksfrommexico.com\/es\/wp-json\/wp\/v2\/product_tag?post=1196"}],"curies":[{"name":"wp","href":"https:\/\/api.w.org\/{rel}","templated":true}]}}