{"id":1198,"date":"2023-05-08T17:12:26","date_gmt":"2023-05-08T17:12:26","guid":{"rendered":"http:\/\/booksfrommexico.com\/product\/dialogos-entre-la-fotografia-y-la-historia-social\/"},"modified":"2024-02-15T23:26:38","modified_gmt":"2024-02-15T23:26:38","slug":"dialogos-entre-la-fotografia-y-la-historia-social","status":"publish","type":"product","link":"https:\/\/booksfrommexico.com\/es\/producto\/dialogos-entre-la-fotografia-y-la-historia-social\/","title":{"rendered":"Di\u00e1logos entre la fotograf\u00eda y la historia social"},"content":{"rendered":"<p><span style=\"font-weight: 400;\">Este proyecto de archivo de imagen comenz\u00f3 como la formalizaci\u00f3n de actividades de historia y ense\u00f1anza de la fotograf\u00eda. El objetivo es abrir el di\u00e1logo intercultural y establecer nuevas herramientas para la ense\u00f1anza y la investigaci\u00f3n, en donde la educaci\u00f3n art\u00edstica juega un papel fundamental en la obtenci\u00f3n de sensibilidad, el pensamiento cr\u00edtico de ni\u00f1os y j\u00f3venes de distintas comunidades y clases socioculturales en Michoac\u00e1n. Los trabajos escritos, acompa\u00f1ados de material fotogr\u00e1fico reunidos en el presente volumen, son evidencia fehaciente de la importancia del uso de im\u00e1genes para contar historias, o nuestra historia.<\/span><\/p>\n","protected":false},"excerpt":{"rendered":"<p>DI\u00c1LOGOS ENTRE LA FOTOGRAF\u00cdA Y LA HISTORIA SOCIAL. <span style=\"font-weight: 400;\">\/ Mar\u00eda Guadalupe Ch\u00e1vez Carbajal, Mart\u00edn P\u00e9rez Acevedo (coordinators). Morelia, M\u00e9xico : Universidad Michoacana de San Nicol\u00e1s de Hidalgo ,\u00a0 Instituto de Investigaciones Hist\u00f3ricas ; Gobierno de M\u00e9xico , Programa de Fortalecimiento de la Calidad Educativa, 2020. 171 pages : includes photos, tables, references at the end of each chapter,\u00a0 semblances, bibliography ; 23 cm. ISBN : 9786075421704.<\/span><\/p>\n","protected":false},"featured_media":1197,"template":"","meta":{"_acf_changed":false,"inline_featured_image":false},"product_brand":[],"product_cat":[165,27],"product_tag":[4043,3618],"class_list":{"0":"post-1198","1":"product","2":"type-product","3":"status-publish","4":"has-post-thumbnail","6":"product_cat-fotografia-arte","7":"product_cat-historia","8":"product_tag-fotografia","9":"product_tag-historia-y-critica","11":"first","12":"instock","13":"taxable","14":"shipping-taxable","15":"purchasable","16":"product-type-simple"},"acf":[],"yoast_head":"<!-- This site is optimized with the Yoast SEO plugin v27.3 - https:\/\/yoast.com\/product\/yoast-seo-wordpress\/ -->\n<title>Di\u00e1logos entre la fotograf\u00eda y la historia social<\/title>\n<meta name=\"description\" content=\"Mar\u00eda Guadalupe Ch\u00e1vez Carbajal, Mart\u00edn P\u00e9rez Acevedo (coordinators). UMSNH. 2020. ISBN : 9786075421704. 23 cm. ISBN : 9786075421704.\" \/>\n<meta name=\"robots\" content=\"index, follow, max-snippet:-1, max-image-preview:large, max-video-preview:-1\" \/>\n<link rel=\"canonical\" href=\"https:\/\/booksfrommexico.com\/es\/producto\/dialogos-entre-la-fotografia-y-la-historia-social\/\" \/>\n<meta property=\"og:locale\" content=\"es_ES\" \/>\n<meta property=\"og:type\" content=\"article\" \/>\n<meta property=\"og:title\" content=\"Di\u00e1logos entre la fotograf\u00eda y la historia social\" \/>\n<meta property=\"og:description\" content=\"Mar\u00eda Guadalupe Ch\u00e1vez Carbajal, Mart\u00edn P\u00e9rez Acevedo (coordinators). UMSNH. 2020. ISBN : 9786075421704. 23 cm. ISBN : 9786075421704.\" \/>\n<meta property=\"og:url\" content=\"https:\/\/booksfrommexico.com\/es\/producto\/dialogos-entre-la-fotografia-y-la-historia-social\/\" \/>\n<meta property=\"og:site_name\" content=\"Books From Mexico\" \/>\n<meta property=\"article:modified_time\" content=\"2024-02-15T23:26:38+00:00\" \/>\n<meta property=\"og:image\" content=\"http:\/\/booksfrommexico.com\/app\/uploads\/2023\/05\/197374.jpeg\" \/>\n\t<meta property=\"og:image:width\" content=\"632\" \/>\n\t<meta property=\"og:image:height\" content=\"666\" \/>\n\t<meta property=\"og:image:type\" content=\"image\/jpeg\" \/>\n<meta name=\"twitter:card\" content=\"summary_large_image\" \/>\n<meta name=\"twitter:label1\" content=\"Tiempo de lectura\" \/>\n\t<meta name=\"twitter:data1\" content=\"1 minuto\" \/>\n<script type=\"application\/ld+json\" class=\"yoast-schema-graph\">{\"@context\":\"https:\\\/\\\/schema.org\",\"@graph\":[{\"@type\":\"WebPage\",\"@id\":\"https:\\\/\\\/booksfrommexico.com\\\/es\\\/producto\\\/dialogos-entre-la-fotografia-y-la-historia-social\\\/\",\"url\":\"https:\\\/\\\/booksfrommexico.com\\\/es\\\/producto\\\/dialogos-entre-la-fotografia-y-la-historia-social\\\/\",\"name\":\"Di\u00e1logos entre la fotograf\u00eda y la historia social\",\"isPartOf\":{\"@id\":\"https:\\\/\\\/booksfrommexico.com\\\/#website\"},\"primaryImageOfPage\":{\"@id\":\"https:\\\/\\\/booksfrommexico.com\\\/es\\\/producto\\\/dialogos-entre-la-fotografia-y-la-historia-social\\\/#primaryimage\"},\"image\":{\"@id\":\"https:\\\/\\\/booksfrommexico.com\\\/es\\\/producto\\\/dialogos-entre-la-fotografia-y-la-historia-social\\\/#primaryimage\"},\"thumbnailUrl\":\"https:\\\/\\\/booksfrommexico.com\\\/app\\\/uploads\\\/2023\\\/05\\\/197374.jpeg\",\"datePublished\":\"2023-05-08T17:12:26+00:00\",\"dateModified\":\"2024-02-15T23:26:38+00:00\",\"description\":\"Mar\u00eda Guadalupe Ch\u00e1vez Carbajal, Mart\u00edn P\u00e9rez Acevedo (coordinators). UMSNH. 2020. ISBN : 9786075421704. 23 cm. ISBN : 9786075421704.\",\"breadcrumb\":{\"@id\":\"https:\\\/\\\/booksfrommexico.com\\\/es\\\/producto\\\/dialogos-entre-la-fotografia-y-la-historia-social\\\/#breadcrumb\"},\"inLanguage\":\"es\",\"potentialAction\":[{\"@type\":\"ReadAction\",\"target\":[\"https:\\\/\\\/booksfrommexico.com\\\/es\\\/producto\\\/dialogos-entre-la-fotografia-y-la-historia-social\\\/\"]}]},{\"@type\":\"ImageObject\",\"inLanguage\":\"es\",\"@id\":\"https:\\\/\\\/booksfrommexico.com\\\/es\\\/producto\\\/dialogos-entre-la-fotografia-y-la-historia-social\\\/#primaryimage\",\"url\":\"https:\\\/\\\/booksfrommexico.com\\\/app\\\/uploads\\\/2023\\\/05\\\/197374.jpeg\",\"contentUrl\":\"https:\\\/\\\/booksfrommexico.com\\\/app\\\/uploads\\\/2023\\\/05\\\/197374.jpeg\",\"width\":632,\"height\":666,\"caption\":\"Books From M\u00e9xico. Di\u00e1logos entre la fotograf\u00eda y la historia social\"},{\"@type\":\"BreadcrumbList\",\"@id\":\"https:\\\/\\\/booksfrommexico.com\\\/es\\\/producto\\\/dialogos-entre-la-fotografia-y-la-historia-social\\\/#breadcrumb\",\"itemListElement\":[{\"@type\":\"ListItem\",\"position\":1,\"name\":\"Home\",\"item\":\"https:\\\/\\\/booksfrommexico.com\\\/es\\\/\"},{\"@type\":\"ListItem\",\"position\":2,\"name\":\"Libros\",\"item\":\"https:\\\/\\\/booksfrommexico.com\\\/es\\\/libros\\\/\"},{\"@type\":\"ListItem\",\"position\":3,\"name\":\"Di\u00e1logos entre la fotograf\u00eda y la historia social\"}]},{\"@type\":\"WebSite\",\"@id\":\"https:\\\/\\\/booksfrommexico.com\\\/#website\",\"url\":\"https:\\\/\\\/booksfrommexico.com\\\/\",\"name\":\"Books From Mexico\",\"description\":\"\",\"publisher\":{\"@id\":\"https:\\\/\\\/booksfrommexico.com\\\/#organization\"},\"potentialAction\":[{\"@type\":\"SearchAction\",\"target\":{\"@type\":\"EntryPoint\",\"urlTemplate\":\"https:\\\/\\\/booksfrommexico.com\\\/?s={search_term_string}\"},\"query-input\":{\"@type\":\"PropertyValueSpecification\",\"valueRequired\":true,\"valueName\":\"search_term_string\"}}],\"inLanguage\":\"es\"},{\"@type\":\"Organization\",\"@id\":\"https:\\\/\\\/booksfrommexico.com\\\/#organization\",\"name\":\"Books From Mexico\",\"url\":\"https:\\\/\\\/booksfrommexico.com\\\/\",\"logo\":{\"@type\":\"ImageObject\",\"inLanguage\":\"es\",\"@id\":\"https:\\\/\\\/booksfrommexico.com\\\/#\\\/schema\\\/logo\\\/image\\\/\",\"url\":\"https:\\\/\\\/booksfrommexico.com\\\/app\\\/uploads\\\/2023\\\/05\\\/logo-booksfrommexico.svg\",\"contentUrl\":\"https:\\\/\\\/booksfrommexico.com\\\/app\\\/uploads\\\/2023\\\/05\\\/logo-booksfrommexico.svg\",\"width\":86,\"height\":56,\"caption\":\"Books From Mexico\"},\"image\":{\"@id\":\"https:\\\/\\\/booksfrommexico.com\\\/#\\\/schema\\\/logo\\\/image\\\/\"}}]}<\/script>\n<!-- \/ Yoast SEO plugin. -->","yoast_head_json":{"title":"Di\u00e1logos entre la fotograf\u00eda y la historia social","description":"Mar\u00eda Guadalupe Ch\u00e1vez Carbajal, Mart\u00edn P\u00e9rez Acevedo (coordinators). UMSNH. 2020. ISBN : 9786075421704. 23 cm. ISBN : 9786075421704.","robots":{"index":"index","follow":"follow","max-snippet":"max-snippet:-1","max-image-preview":"max-image-preview:large","max-video-preview":"max-video-preview:-1"},"canonical":"https:\/\/booksfrommexico.com\/es\/producto\/dialogos-entre-la-fotografia-y-la-historia-social\/","og_locale":"es_ES","og_type":"article","og_title":"Di\u00e1logos entre la fotograf\u00eda y la historia social","og_description":"Mar\u00eda Guadalupe Ch\u00e1vez Carbajal, Mart\u00edn P\u00e9rez Acevedo (coordinators). UMSNH. 2020. ISBN : 9786075421704. 23 cm. ISBN : 9786075421704.","og_url":"https:\/\/booksfrommexico.com\/es\/producto\/dialogos-entre-la-fotografia-y-la-historia-social\/","og_site_name":"Books From Mexico","article_modified_time":"2024-02-15T23:26:38+00:00","og_image":[{"width":632,"height":666,"url":"http:\/\/booksfrommexico.com\/app\/uploads\/2023\/05\/197374.jpeg","type":"image\/jpeg"}],"twitter_card":"summary_large_image","twitter_misc":{"Tiempo de lectura":"1 minuto"},"schema":{"@context":"https:\/\/schema.org","@graph":[{"@type":"WebPage","@id":"https:\/\/booksfrommexico.com\/es\/producto\/dialogos-entre-la-fotografia-y-la-historia-social\/","url":"https:\/\/booksfrommexico.com\/es\/producto\/dialogos-entre-la-fotografia-y-la-historia-social\/","name":"Di\u00e1logos entre la fotograf\u00eda y la historia social","isPartOf":{"@id":"https:\/\/booksfrommexico.com\/#website"},"primaryImageOfPage":{"@id":"https:\/\/booksfrommexico.com\/es\/producto\/dialogos-entre-la-fotografia-y-la-historia-social\/#primaryimage"},"image":{"@id":"https:\/\/booksfrommexico.com\/es\/producto\/dialogos-entre-la-fotografia-y-la-historia-social\/#primaryimage"},"thumbnailUrl":"https:\/\/booksfrommexico.com\/app\/uploads\/2023\/05\/197374.jpeg","datePublished":"2023-05-08T17:12:26+00:00","dateModified":"2024-02-15T23:26:38+00:00","description":"Mar\u00eda Guadalupe Ch\u00e1vez Carbajal, Mart\u00edn P\u00e9rez Acevedo (coordinators). UMSNH. 2020. ISBN : 9786075421704. 23 cm. ISBN : 9786075421704.","breadcrumb":{"@id":"https:\/\/booksfrommexico.com\/es\/producto\/dialogos-entre-la-fotografia-y-la-historia-social\/#breadcrumb"},"inLanguage":"es","potentialAction":[{"@type":"ReadAction","target":["https:\/\/booksfrommexico.com\/es\/producto\/dialogos-entre-la-fotografia-y-la-historia-social\/"]}]},{"@type":"ImageObject","inLanguage":"es","@id":"https:\/\/booksfrommexico.com\/es\/producto\/dialogos-entre-la-fotografia-y-la-historia-social\/#primaryimage","url":"https:\/\/booksfrommexico.com\/app\/uploads\/2023\/05\/197374.jpeg","contentUrl":"https:\/\/booksfrommexico.com\/app\/uploads\/2023\/05\/197374.jpeg","width":632,"height":666,"caption":"Books From M\u00e9xico. Di\u00e1logos entre la fotograf\u00eda y la historia social"},{"@type":"BreadcrumbList","@id":"https:\/\/booksfrommexico.com\/es\/producto\/dialogos-entre-la-fotografia-y-la-historia-social\/#breadcrumb","itemListElement":[{"@type":"ListItem","position":1,"name":"Home","item":"https:\/\/booksfrommexico.com\/es\/"},{"@type":"ListItem","position":2,"name":"Libros","item":"https:\/\/booksfrommexico.com\/es\/libros\/"},{"@type":"ListItem","position":3,"name":"Di\u00e1logos entre la fotograf\u00eda y la historia social"}]},{"@type":"WebSite","@id":"https:\/\/booksfrommexico.com\/#website","url":"https:\/\/booksfrommexico.com\/","name":"Books From Mexico","description":"","publisher":{"@id":"https:\/\/booksfrommexico.com\/#organization"},"potentialAction":[{"@type":"SearchAction","target":{"@type":"EntryPoint","urlTemplate":"https:\/\/booksfrommexico.com\/?s={search_term_string}"},"query-input":{"@type":"PropertyValueSpecification","valueRequired":true,"valueName":"search_term_string"}}],"inLanguage":"es"},{"@type":"Organization","@id":"https:\/\/booksfrommexico.com\/#organization","name":"Books From Mexico","url":"https:\/\/booksfrommexico.com\/","logo":{"@type":"ImageObject","inLanguage":"es","@id":"https:\/\/booksfrommexico.com\/#\/schema\/logo\/image\/","url":"https:\/\/booksfrommexico.com\/app\/uploads\/2023\/05\/logo-booksfrommexico.svg","contentUrl":"https:\/\/booksfrommexico.com\/app\/uploads\/2023\/05\/logo-booksfrommexico.svg","width":86,"height":56,"caption":"Books From Mexico"},"image":{"@id":"https:\/\/booksfrommexico.com\/#\/schema\/logo\/image\/"}}]}},"_links":{"self":[{"href":"https:\/\/booksfrommexico.com\/es\/wp-json\/wp\/v2\/product\/1198","targetHints":{"allow":["GET"]}}],"collection":[{"href":"https:\/\/booksfrommexico.com\/es\/wp-json\/wp\/v2\/product"}],"about":[{"href":"https:\/\/booksfrommexico.com\/es\/wp-json\/wp\/v2\/types\/product"}],"wp:featuredmedia":[{"embeddable":true,"href":"https:\/\/booksfrommexico.com\/es\/wp-json\/wp\/v2\/media\/1197"}],"wp:attachment":[{"href":"https:\/\/booksfrommexico.com\/es\/wp-json\/wp\/v2\/media?parent=1198"}],"wp:term":[{"taxonomy":"product_brand","embeddable":true,"href":"https:\/\/booksfrommexico.com\/es\/wp-json\/wp\/v2\/product_brand?post=1198"},{"taxonomy":"product_cat","embeddable":true,"href":"https:\/\/booksfrommexico.com\/es\/wp-json\/wp\/v2\/product_cat?post=1198"},{"taxonomy":"product_tag","embeddable":true,"href":"https:\/\/booksfrommexico.com\/es\/wp-json\/wp\/v2\/product_tag?post=1198"}],"curies":[{"name":"wp","href":"https:\/\/api.w.org\/{rel}","templated":true}]}}