{"id":1200,"date":"2023-05-08T17:12:27","date_gmt":"2023-05-08T17:12:27","guid":{"rendered":"http:\/\/booksfrommexico.com\/product\/criptografia-diplomatica-politica-y-militar-en-mexico-1813-1926\/"},"modified":"2023-09-14T08:20:14","modified_gmt":"2023-09-14T08:20:14","slug":"criptografia-diplomatica-politica-y-militar-en-mexico-1813-1926","status":"publish","type":"product","link":"https:\/\/booksfrommexico.com\/es\/producto\/criptografia-diplomatica-politica-y-militar-en-mexico-1813-1926\/","title":{"rendered":"Criptograf\u00eda diplom\u00e1tica, pol\u00edtica y militar en M\u00e9xico (1813-1926)"},"content":{"rendered":"<p style=\"text-align: left;\">A historical investigation of the use of cryptography in Mexican diplomatic, political and military communications mainly focusing from 1813 until 1926, however, having a brief introduction to cryptography during the Spanish Colonial era. It analyzes notable cryptographic examples of different Mexican historical periods.<\/p>\n","protected":false},"excerpt":{"rendered":"<p>Narv\u00e1ez, Roberto R. CRIPTOGRAF\u00cdA DIPLOM\u00c1TICA, POL\u00cdTICA Y MILITAR EN M\u00c9XICO (1813-1926). \/ Roberto R. Narv\u00e1ez Ciudad de M\u00e9xico : Secretar\u00eda de Relaciones Exteriores, 2019. 495 pages : 23 cm. Bibliography: [475]-485 pages. Includes bibliographic references. ISBN 9786074461527.<\/p>\n","protected":false},"featured_media":1199,"template":"","meta":{"_acf_changed":false,"inline_featured_image":false},"product_brand":[],"product_cat":[27,651],"product_tag":[],"class_list":{"0":"post-1200","1":"product","2":"type-product","3":"status-publish","4":"has-post-thumbnail","6":"product_cat-historia","7":"product_cat-historia-politica","9":"first","10":"outofstock","11":"taxable","12":"shipping-taxable","13":"purchasable","14":"product-type-simple"},"acf":[],"yoast_head":"<!-- This site is optimized with the Yoast SEO plugin v27.3 - https:\/\/yoast.com\/product\/yoast-seo-wordpress\/ -->\n<title>BFM: Criptograf\u00eda diplom\u00e1tica pol\u00edtica y militar en M\u00e9xico<\/title>\n<meta name=\"description\" content=\"Narv\u00e1ez, Roberto R. Criptograf\u00eda diplom\u00e1tica, pol\u00edtica y militar en M\u00e9xico (1813-1926) \/ Roberto R. Narv\u00e1ez. Secretar\u00eda de Relaciones Exteriores. 2019\" \/>\n<meta name=\"robots\" content=\"index, follow, max-snippet:-1, max-image-preview:large, max-video-preview:-1\" \/>\n<link rel=\"canonical\" href=\"https:\/\/booksfrommexico.com\/es\/producto\/criptografia-diplomatica-politica-y-militar-en-mexico-1813-1926\/\" \/>\n<meta property=\"og:locale\" content=\"es_ES\" \/>\n<meta property=\"og:type\" content=\"article\" \/>\n<meta property=\"og:title\" content=\"BFM: Criptograf\u00eda diplom\u00e1tica pol\u00edtica y militar en M\u00e9xico\" \/>\n<meta property=\"og:description\" content=\"Narv\u00e1ez, Roberto R. Criptograf\u00eda diplom\u00e1tica, pol\u00edtica y militar en M\u00e9xico (1813-1926) \/ Roberto R. Narv\u00e1ez. Secretar\u00eda de Relaciones Exteriores. 2019\" \/>\n<meta property=\"og:url\" content=\"https:\/\/booksfrommexico.com\/es\/producto\/criptografia-diplomatica-politica-y-militar-en-mexico-1813-1926\/\" \/>\n<meta property=\"og:site_name\" content=\"Books From Mexico\" \/>\n<meta property=\"article:modified_time\" content=\"2023-09-14T08:20:14+00:00\" \/>\n<meta property=\"og:image\" content=\"https:\/\/booksfrommexico.com\/app\/uploads\/2023\/05\/190994-1.jpeg\" \/>\n\t<meta property=\"og:image:width\" content=\"474\" \/>\n\t<meta property=\"og:image:height\" content=\"665\" \/>\n\t<meta property=\"og:image:type\" content=\"image\/jpeg\" \/>\n<meta name=\"twitter:card\" content=\"summary_large_image\" \/>\n<meta name=\"twitter:label1\" content=\"Tiempo de lectura\" \/>\n\t<meta name=\"twitter:data1\" content=\"1 minuto\" \/>\n<script type=\"application\/ld+json\" class=\"yoast-schema-graph\">{\"@context\":\"https:\\\/\\\/schema.org\",\"@graph\":[{\"@type\":\"WebPage\",\"@id\":\"https:\\\/\\\/booksfrommexico.com\\\/es\\\/producto\\\/criptografia-diplomatica-politica-y-militar-en-mexico-1813-1926\\\/\",\"url\":\"https:\\\/\\\/booksfrommexico.com\\\/es\\\/producto\\\/criptografia-diplomatica-politica-y-militar-en-mexico-1813-1926\\\/\",\"name\":\"BFM: Criptograf\u00eda diplom\u00e1tica pol\u00edtica y militar en M\u00e9xico\",\"isPartOf\":{\"@id\":\"https:\\\/\\\/booksfrommexico.com\\\/#website\"},\"primaryImageOfPage\":{\"@id\":\"https:\\\/\\\/booksfrommexico.com\\\/es\\\/producto\\\/criptografia-diplomatica-politica-y-militar-en-mexico-1813-1926\\\/#primaryimage\"},\"image\":{\"@id\":\"https:\\\/\\\/booksfrommexico.com\\\/es\\\/producto\\\/criptografia-diplomatica-politica-y-militar-en-mexico-1813-1926\\\/#primaryimage\"},\"thumbnailUrl\":\"https:\\\/\\\/booksfrommexico.com\\\/app\\\/uploads\\\/2023\\\/05\\\/190994-1.jpeg\",\"datePublished\":\"2023-05-08T17:12:27+00:00\",\"dateModified\":\"2023-09-14T08:20:14+00:00\",\"description\":\"Narv\u00e1ez, Roberto R. Criptograf\u00eda diplom\u00e1tica, pol\u00edtica y militar en M\u00e9xico (1813-1926) \\\/ Roberto R. Narv\u00e1ez. Secretar\u00eda de Relaciones Exteriores. 2019\",\"breadcrumb\":{\"@id\":\"https:\\\/\\\/booksfrommexico.com\\\/es\\\/producto\\\/criptografia-diplomatica-politica-y-militar-en-mexico-1813-1926\\\/#breadcrumb\"},\"inLanguage\":\"es\",\"potentialAction\":[{\"@type\":\"ReadAction\",\"target\":[\"https:\\\/\\\/booksfrommexico.com\\\/es\\\/producto\\\/criptografia-diplomatica-politica-y-militar-en-mexico-1813-1926\\\/\"]}]},{\"@type\":\"ImageObject\",\"inLanguage\":\"es\",\"@id\":\"https:\\\/\\\/booksfrommexico.com\\\/es\\\/producto\\\/criptografia-diplomatica-politica-y-militar-en-mexico-1813-1926\\\/#primaryimage\",\"url\":\"https:\\\/\\\/booksfrommexico.com\\\/app\\\/uploads\\\/2023\\\/05\\\/190994-1.jpeg\",\"contentUrl\":\"https:\\\/\\\/booksfrommexico.com\\\/app\\\/uploads\\\/2023\\\/05\\\/190994-1.jpeg\",\"width\":474,\"height\":665,\"caption\":\"Books From M\u00e9xico. Criptograf\u00eda diplom\u00e1tica pol\u00edtica y militar en M\u00e9xico\"},{\"@type\":\"BreadcrumbList\",\"@id\":\"https:\\\/\\\/booksfrommexico.com\\\/es\\\/producto\\\/criptografia-diplomatica-politica-y-militar-en-mexico-1813-1926\\\/#breadcrumb\",\"itemListElement\":[{\"@type\":\"ListItem\",\"position\":1,\"name\":\"Home\",\"item\":\"https:\\\/\\\/booksfrommexico.com\\\/es\\\/\"},{\"@type\":\"ListItem\",\"position\":2,\"name\":\"Libros\",\"item\":\"https:\\\/\\\/booksfrommexico.com\\\/es\\\/libros\\\/\"},{\"@type\":\"ListItem\",\"position\":3,\"name\":\"Criptograf\u00eda diplom\u00e1tica, pol\u00edtica y militar en M\u00e9xico (1813-1926)\"}]},{\"@type\":\"WebSite\",\"@id\":\"https:\\\/\\\/booksfrommexico.com\\\/#website\",\"url\":\"https:\\\/\\\/booksfrommexico.com\\\/\",\"name\":\"Books From Mexico\",\"description\":\"\",\"publisher\":{\"@id\":\"https:\\\/\\\/booksfrommexico.com\\\/#organization\"},\"potentialAction\":[{\"@type\":\"SearchAction\",\"target\":{\"@type\":\"EntryPoint\",\"urlTemplate\":\"https:\\\/\\\/booksfrommexico.com\\\/?s={search_term_string}\"},\"query-input\":{\"@type\":\"PropertyValueSpecification\",\"valueRequired\":true,\"valueName\":\"search_term_string\"}}],\"inLanguage\":\"es\"},{\"@type\":\"Organization\",\"@id\":\"https:\\\/\\\/booksfrommexico.com\\\/#organization\",\"name\":\"Books From Mexico\",\"url\":\"https:\\\/\\\/booksfrommexico.com\\\/\",\"logo\":{\"@type\":\"ImageObject\",\"inLanguage\":\"es\",\"@id\":\"https:\\\/\\\/booksfrommexico.com\\\/#\\\/schema\\\/logo\\\/image\\\/\",\"url\":\"https:\\\/\\\/booksfrommexico.com\\\/app\\\/uploads\\\/2023\\\/05\\\/logo-booksfrommexico.svg\",\"contentUrl\":\"https:\\\/\\\/booksfrommexico.com\\\/app\\\/uploads\\\/2023\\\/05\\\/logo-booksfrommexico.svg\",\"width\":86,\"height\":56,\"caption\":\"Books From Mexico\"},\"image\":{\"@id\":\"https:\\\/\\\/booksfrommexico.com\\\/#\\\/schema\\\/logo\\\/image\\\/\"}}]}<\/script>\n<!-- \/ Yoast SEO plugin. -->","yoast_head_json":{"title":"BFM: Criptograf\u00eda diplom\u00e1tica pol\u00edtica y militar en M\u00e9xico","description":"Narv\u00e1ez, Roberto R. Criptograf\u00eda diplom\u00e1tica, pol\u00edtica y militar en M\u00e9xico (1813-1926) \/ Roberto R. Narv\u00e1ez. Secretar\u00eda de Relaciones Exteriores. 2019","robots":{"index":"index","follow":"follow","max-snippet":"max-snippet:-1","max-image-preview":"max-image-preview:large","max-video-preview":"max-video-preview:-1"},"canonical":"https:\/\/booksfrommexico.com\/es\/producto\/criptografia-diplomatica-politica-y-militar-en-mexico-1813-1926\/","og_locale":"es_ES","og_type":"article","og_title":"BFM: Criptograf\u00eda diplom\u00e1tica pol\u00edtica y militar en M\u00e9xico","og_description":"Narv\u00e1ez, Roberto R. Criptograf\u00eda diplom\u00e1tica, pol\u00edtica y militar en M\u00e9xico (1813-1926) \/ Roberto R. Narv\u00e1ez. Secretar\u00eda de Relaciones Exteriores. 2019","og_url":"https:\/\/booksfrommexico.com\/es\/producto\/criptografia-diplomatica-politica-y-militar-en-mexico-1813-1926\/","og_site_name":"Books From Mexico","article_modified_time":"2023-09-14T08:20:14+00:00","og_image":[{"width":474,"height":665,"url":"https:\/\/booksfrommexico.com\/app\/uploads\/2023\/05\/190994-1.jpeg","type":"image\/jpeg"}],"twitter_card":"summary_large_image","twitter_misc":{"Tiempo de lectura":"1 minuto"},"schema":{"@context":"https:\/\/schema.org","@graph":[{"@type":"WebPage","@id":"https:\/\/booksfrommexico.com\/es\/producto\/criptografia-diplomatica-politica-y-militar-en-mexico-1813-1926\/","url":"https:\/\/booksfrommexico.com\/es\/producto\/criptografia-diplomatica-politica-y-militar-en-mexico-1813-1926\/","name":"BFM: Criptograf\u00eda diplom\u00e1tica pol\u00edtica y militar en M\u00e9xico","isPartOf":{"@id":"https:\/\/booksfrommexico.com\/#website"},"primaryImageOfPage":{"@id":"https:\/\/booksfrommexico.com\/es\/producto\/criptografia-diplomatica-politica-y-militar-en-mexico-1813-1926\/#primaryimage"},"image":{"@id":"https:\/\/booksfrommexico.com\/es\/producto\/criptografia-diplomatica-politica-y-militar-en-mexico-1813-1926\/#primaryimage"},"thumbnailUrl":"https:\/\/booksfrommexico.com\/app\/uploads\/2023\/05\/190994-1.jpeg","datePublished":"2023-05-08T17:12:27+00:00","dateModified":"2023-09-14T08:20:14+00:00","description":"Narv\u00e1ez, Roberto R. Criptograf\u00eda diplom\u00e1tica, pol\u00edtica y militar en M\u00e9xico (1813-1926) \/ Roberto R. Narv\u00e1ez. Secretar\u00eda de Relaciones Exteriores. 2019","breadcrumb":{"@id":"https:\/\/booksfrommexico.com\/es\/producto\/criptografia-diplomatica-politica-y-militar-en-mexico-1813-1926\/#breadcrumb"},"inLanguage":"es","potentialAction":[{"@type":"ReadAction","target":["https:\/\/booksfrommexico.com\/es\/producto\/criptografia-diplomatica-politica-y-militar-en-mexico-1813-1926\/"]}]},{"@type":"ImageObject","inLanguage":"es","@id":"https:\/\/booksfrommexico.com\/es\/producto\/criptografia-diplomatica-politica-y-militar-en-mexico-1813-1926\/#primaryimage","url":"https:\/\/booksfrommexico.com\/app\/uploads\/2023\/05\/190994-1.jpeg","contentUrl":"https:\/\/booksfrommexico.com\/app\/uploads\/2023\/05\/190994-1.jpeg","width":474,"height":665,"caption":"Books From M\u00e9xico. Criptograf\u00eda diplom\u00e1tica pol\u00edtica y militar en M\u00e9xico"},{"@type":"BreadcrumbList","@id":"https:\/\/booksfrommexico.com\/es\/producto\/criptografia-diplomatica-politica-y-militar-en-mexico-1813-1926\/#breadcrumb","itemListElement":[{"@type":"ListItem","position":1,"name":"Home","item":"https:\/\/booksfrommexico.com\/es\/"},{"@type":"ListItem","position":2,"name":"Libros","item":"https:\/\/booksfrommexico.com\/es\/libros\/"},{"@type":"ListItem","position":3,"name":"Criptograf\u00eda diplom\u00e1tica, pol\u00edtica y militar en M\u00e9xico (1813-1926)"}]},{"@type":"WebSite","@id":"https:\/\/booksfrommexico.com\/#website","url":"https:\/\/booksfrommexico.com\/","name":"Books From Mexico","description":"","publisher":{"@id":"https:\/\/booksfrommexico.com\/#organization"},"potentialAction":[{"@type":"SearchAction","target":{"@type":"EntryPoint","urlTemplate":"https:\/\/booksfrommexico.com\/?s={search_term_string}"},"query-input":{"@type":"PropertyValueSpecification","valueRequired":true,"valueName":"search_term_string"}}],"inLanguage":"es"},{"@type":"Organization","@id":"https:\/\/booksfrommexico.com\/#organization","name":"Books From Mexico","url":"https:\/\/booksfrommexico.com\/","logo":{"@type":"ImageObject","inLanguage":"es","@id":"https:\/\/booksfrommexico.com\/#\/schema\/logo\/image\/","url":"https:\/\/booksfrommexico.com\/app\/uploads\/2023\/05\/logo-booksfrommexico.svg","contentUrl":"https:\/\/booksfrommexico.com\/app\/uploads\/2023\/05\/logo-booksfrommexico.svg","width":86,"height":56,"caption":"Books From Mexico"},"image":{"@id":"https:\/\/booksfrommexico.com\/#\/schema\/logo\/image\/"}}]}},"_links":{"self":[{"href":"https:\/\/booksfrommexico.com\/es\/wp-json\/wp\/v2\/product\/1200","targetHints":{"allow":["GET"]}}],"collection":[{"href":"https:\/\/booksfrommexico.com\/es\/wp-json\/wp\/v2\/product"}],"about":[{"href":"https:\/\/booksfrommexico.com\/es\/wp-json\/wp\/v2\/types\/product"}],"wp:featuredmedia":[{"embeddable":true,"href":"https:\/\/booksfrommexico.com\/es\/wp-json\/wp\/v2\/media\/1199"}],"wp:attachment":[{"href":"https:\/\/booksfrommexico.com\/es\/wp-json\/wp\/v2\/media?parent=1200"}],"wp:term":[{"taxonomy":"product_brand","embeddable":true,"href":"https:\/\/booksfrommexico.com\/es\/wp-json\/wp\/v2\/product_brand?post=1200"},{"taxonomy":"product_cat","embeddable":true,"href":"https:\/\/booksfrommexico.com\/es\/wp-json\/wp\/v2\/product_cat?post=1200"},{"taxonomy":"product_tag","embeddable":true,"href":"https:\/\/booksfrommexico.com\/es\/wp-json\/wp\/v2\/product_tag?post=1200"}],"curies":[{"name":"wp","href":"https:\/\/api.w.org\/{rel}","templated":true}]}}