{"id":1202,"date":"2023-05-08T17:12:29","date_gmt":"2023-05-08T17:12:29","guid":{"rendered":"http:\/\/booksfrommexico.com\/product\/fall-by-the-way-legislacion-migratoria-e-instituciones-psiquiatricas-de-california-ante-los-enfermos-mentales-de-origen-mexicano-1855-1942\/"},"modified":"2024-04-17T21:54:06","modified_gmt":"2024-04-17T21:54:06","slug":"fall-by-the-way-legislacion-migratoria-e-instituciones-psiquiatricas-de-california-ante-los-enfermos-mentales-de-origen-mexicano-1855-1942","status":"publish","type":"product","link":"https:\/\/booksfrommexico.com\/es\/producto\/fall-by-the-way-legislacion-migratoria-e-instituciones-psiquiatricas-de-california-ante-los-enfermos-mentales-de-origen-mexicano-1855-1942\/","title":{"rendered":"Fall by the way: Legislaci\u00f3n migratoria e instituciones psiqui\u00e1tricas de California ante los enfermos mentales de origen mexicano"},"content":{"rendered":"<p><span style=\"font-weight: 400;\">Investigaci\u00f3n que pretende abrir una perspectiva para mostrar y entender a aquellos migrantes mexicanos que fueron diagnosticados como enfermos mentales e internados en los manicomios de Stockton y Mendocino entre 1855 y 1942. Se retoma la propuesta de periodizaci\u00f3n de estos flujos migratorios como posibles marcos explicativos bas\u00e1ndose en la pregunta de si existe un v\u00ednculo entre el fen\u00f3meno de migraci\u00f3n y la prescripci\u00f3n de la enfermedad mental, habiendo entonces una correspondencia entre el incremento de migraci\u00f3n a Estados Unidos y el n\u00famero de mexicanos internados en manicomios de California.<\/span><\/p>\n","protected":false},"excerpt":{"rendered":"<p>FALL BY THE WAY : LEGISLACI\u00d3N MIGRATORIA E INSTITUCIONES PSIQUI\u00c1TRICAS DE CALIFORNIA ANTE LOS ENFERMOS MENTALES DE ORIGEN MEXICANO, 1855-1942<span style=\"font-weight: 400;\">. \/ Viviana Mej\u00eda Ca\u00f1edo. Ciudad de M\u00e9xico, M\u00e9xico : Gobierno de M\u00e9xico , Secretar\u00eda de Relaciones Exteriores, 2019. 276 pages : includes photos, tables, maps, chart, bibliography ; 23 cm. ISBN\u00a0 9786074461510.<\/span><\/p>\n","protected":false},"featured_media":3275,"template":"","meta":{"_acf_changed":false,"inline_featured_image":false},"product_brand":[],"product_cat":[1065,42],"product_tag":[3837,3685,3612,3627],"class_list":{"0":"post-1202","1":"product","2":"type-product","3":"status-publish","4":"has-post-thumbnail","6":"product_cat-condiciones-sociales-y-politicas-de-la-migracion","7":"product_cat-temas-de-inmigracion-y-migraciones-humanas","8":"product_tag-derechos-humanos","9":"product_tag-inmigracion","10":"product_tag-inmigrants","11":"product_tag-politica-y-gobierno","13":"first","14":"outofstock","15":"taxable","16":"shipping-taxable","17":"purchasable","18":"product-type-simple"},"acf":[],"yoast_head":"<!-- This site is optimized with the Yoast SEO plugin v27.3 - https:\/\/yoast.com\/product\/yoast-seo-wordpress\/ -->\n<title>Fall by the way<\/title>\n<meta name=\"description\" content=\"FALL BY THE WAY : LEGISLACI\u00d3N MIGRATORIA E INSTITUCIONES PSIQUI\u00c1TRICAS DE CALIFORNIA ANTE LOS ENFERMOS MENTALES DE ORIGEN MEXICANO, 1855-1942. \/ 2019.\" \/>\n<meta name=\"robots\" content=\"index, follow, max-snippet:-1, max-image-preview:large, max-video-preview:-1\" \/>\n<link rel=\"canonical\" href=\"https:\/\/booksfrommexico.com\/es\/producto\/fall-by-the-way-legislacion-migratoria-e-instituciones-psiquiatricas-de-california-ante-los-enfermos-mentales-de-origen-mexicano-1855-1942\/\" \/>\n<meta property=\"og:locale\" content=\"es_ES\" \/>\n<meta property=\"og:type\" content=\"article\" \/>\n<meta property=\"og:title\" content=\"Fall by the way\" \/>\n<meta property=\"og:description\" content=\"FALL BY THE WAY : LEGISLACI\u00d3N MIGRATORIA E INSTITUCIONES PSIQUI\u00c1TRICAS DE CALIFORNIA ANTE LOS ENFERMOS MENTALES DE ORIGEN MEXICANO, 1855-1942. \/ 2019.\" \/>\n<meta property=\"og:url\" content=\"https:\/\/booksfrommexico.com\/es\/producto\/fall-by-the-way-legislacion-migratoria-e-instituciones-psiquiatricas-de-california-ante-los-enfermos-mentales-de-origen-mexicano-1855-1942\/\" \/>\n<meta property=\"og:site_name\" content=\"Books From Mexico\" \/>\n<meta property=\"article:modified_time\" content=\"2024-04-17T21:54:06+00:00\" \/>\n<meta property=\"og:image\" content=\"http:\/\/booksfrommexico.com\/app\/uploads\/2023\/05\/Fall-by-the-way-por-Viviana-Mejia-Canedo.jpg\" \/>\n\t<meta property=\"og:image:width\" content=\"472\" \/>\n\t<meta property=\"og:image:height\" content=\"672\" \/>\n\t<meta property=\"og:image:type\" content=\"image\/jpeg\" \/>\n<meta name=\"twitter:card\" content=\"summary_large_image\" \/>\n<meta name=\"twitter:label1\" content=\"Tiempo de lectura\" \/>\n\t<meta name=\"twitter:data1\" content=\"1 minuto\" \/>\n<script type=\"application\/ld+json\" class=\"yoast-schema-graph\">{\"@context\":\"https:\\\/\\\/schema.org\",\"@graph\":[{\"@type\":\"WebPage\",\"@id\":\"https:\\\/\\\/booksfrommexico.com\\\/es\\\/producto\\\/fall-by-the-way-legislacion-migratoria-e-instituciones-psiquiatricas-de-california-ante-los-enfermos-mentales-de-origen-mexicano-1855-1942\\\/\",\"url\":\"https:\\\/\\\/booksfrommexico.com\\\/es\\\/producto\\\/fall-by-the-way-legislacion-migratoria-e-instituciones-psiquiatricas-de-california-ante-los-enfermos-mentales-de-origen-mexicano-1855-1942\\\/\",\"name\":\"Fall by the way\",\"isPartOf\":{\"@id\":\"https:\\\/\\\/booksfrommexico.com\\\/#website\"},\"primaryImageOfPage\":{\"@id\":\"https:\\\/\\\/booksfrommexico.com\\\/es\\\/producto\\\/fall-by-the-way-legislacion-migratoria-e-instituciones-psiquiatricas-de-california-ante-los-enfermos-mentales-de-origen-mexicano-1855-1942\\\/#primaryimage\"},\"image\":{\"@id\":\"https:\\\/\\\/booksfrommexico.com\\\/es\\\/producto\\\/fall-by-the-way-legislacion-migratoria-e-instituciones-psiquiatricas-de-california-ante-los-enfermos-mentales-de-origen-mexicano-1855-1942\\\/#primaryimage\"},\"thumbnailUrl\":\"https:\\\/\\\/booksfrommexico.com\\\/app\\\/uploads\\\/2023\\\/05\\\/Fall-by-the-way-por-Viviana-Mejia-Canedo.jpg\",\"datePublished\":\"2023-05-08T17:12:29+00:00\",\"dateModified\":\"2024-04-17T21:54:06+00:00\",\"description\":\"FALL BY THE WAY : LEGISLACI\u00d3N MIGRATORIA E INSTITUCIONES PSIQUI\u00c1TRICAS DE CALIFORNIA ANTE LOS ENFERMOS MENTALES DE ORIGEN MEXICANO, 1855-1942. \\\/ 2019.\",\"breadcrumb\":{\"@id\":\"https:\\\/\\\/booksfrommexico.com\\\/es\\\/producto\\\/fall-by-the-way-legislacion-migratoria-e-instituciones-psiquiatricas-de-california-ante-los-enfermos-mentales-de-origen-mexicano-1855-1942\\\/#breadcrumb\"},\"inLanguage\":\"es\",\"potentialAction\":[{\"@type\":\"ReadAction\",\"target\":[\"https:\\\/\\\/booksfrommexico.com\\\/es\\\/producto\\\/fall-by-the-way-legislacion-migratoria-e-instituciones-psiquiatricas-de-california-ante-los-enfermos-mentales-de-origen-mexicano-1855-1942\\\/\"]}]},{\"@type\":\"ImageObject\",\"inLanguage\":\"es\",\"@id\":\"https:\\\/\\\/booksfrommexico.com\\\/es\\\/producto\\\/fall-by-the-way-legislacion-migratoria-e-instituciones-psiquiatricas-de-california-ante-los-enfermos-mentales-de-origen-mexicano-1855-1942\\\/#primaryimage\",\"url\":\"https:\\\/\\\/booksfrommexico.com\\\/app\\\/uploads\\\/2023\\\/05\\\/Fall-by-the-way-por-Viviana-Mejia-Canedo.jpg\",\"contentUrl\":\"https:\\\/\\\/booksfrommexico.com\\\/app\\\/uploads\\\/2023\\\/05\\\/Fall-by-the-way-por-Viviana-Mejia-Canedo.jpg\",\"width\":472,\"height\":672,\"caption\":\"Books From M\u00e9xico: Fall by the way por Viviana Mej\u00eda Ca\u00f1edo\"},{\"@type\":\"BreadcrumbList\",\"@id\":\"https:\\\/\\\/booksfrommexico.com\\\/es\\\/producto\\\/fall-by-the-way-legislacion-migratoria-e-instituciones-psiquiatricas-de-california-ante-los-enfermos-mentales-de-origen-mexicano-1855-1942\\\/#breadcrumb\",\"itemListElement\":[{\"@type\":\"ListItem\",\"position\":1,\"name\":\"Home\",\"item\":\"https:\\\/\\\/booksfrommexico.com\\\/es\\\/\"},{\"@type\":\"ListItem\",\"position\":2,\"name\":\"Libros\",\"item\":\"https:\\\/\\\/booksfrommexico.com\\\/es\\\/libros\\\/\"},{\"@type\":\"ListItem\",\"position\":3,\"name\":\"Fall by the way: Legislaci\u00f3n migratoria e instituciones psiqui\u00e1tricas de California ante los enfermos mentales de origen mexicano\"}]},{\"@type\":\"WebSite\",\"@id\":\"https:\\\/\\\/booksfrommexico.com\\\/#website\",\"url\":\"https:\\\/\\\/booksfrommexico.com\\\/\",\"name\":\"Books From Mexico\",\"description\":\"\",\"publisher\":{\"@id\":\"https:\\\/\\\/booksfrommexico.com\\\/#organization\"},\"potentialAction\":[{\"@type\":\"SearchAction\",\"target\":{\"@type\":\"EntryPoint\",\"urlTemplate\":\"https:\\\/\\\/booksfrommexico.com\\\/?s={search_term_string}\"},\"query-input\":{\"@type\":\"PropertyValueSpecification\",\"valueRequired\":true,\"valueName\":\"search_term_string\"}}],\"inLanguage\":\"es\"},{\"@type\":\"Organization\",\"@id\":\"https:\\\/\\\/booksfrommexico.com\\\/#organization\",\"name\":\"Books From Mexico\",\"url\":\"https:\\\/\\\/booksfrommexico.com\\\/\",\"logo\":{\"@type\":\"ImageObject\",\"inLanguage\":\"es\",\"@id\":\"https:\\\/\\\/booksfrommexico.com\\\/#\\\/schema\\\/logo\\\/image\\\/\",\"url\":\"https:\\\/\\\/booksfrommexico.com\\\/app\\\/uploads\\\/2023\\\/05\\\/logo-booksfrommexico.svg\",\"contentUrl\":\"https:\\\/\\\/booksfrommexico.com\\\/app\\\/uploads\\\/2023\\\/05\\\/logo-booksfrommexico.svg\",\"width\":86,\"height\":56,\"caption\":\"Books From Mexico\"},\"image\":{\"@id\":\"https:\\\/\\\/booksfrommexico.com\\\/#\\\/schema\\\/logo\\\/image\\\/\"}}]}<\/script>\n<!-- \/ Yoast SEO plugin. -->","yoast_head_json":{"title":"Fall by the way","description":"FALL BY THE WAY : LEGISLACI\u00d3N MIGRATORIA E INSTITUCIONES PSIQUI\u00c1TRICAS DE CALIFORNIA ANTE LOS ENFERMOS MENTALES DE ORIGEN MEXICANO, 1855-1942. \/ 2019.","robots":{"index":"index","follow":"follow","max-snippet":"max-snippet:-1","max-image-preview":"max-image-preview:large","max-video-preview":"max-video-preview:-1"},"canonical":"https:\/\/booksfrommexico.com\/es\/producto\/fall-by-the-way-legislacion-migratoria-e-instituciones-psiquiatricas-de-california-ante-los-enfermos-mentales-de-origen-mexicano-1855-1942\/","og_locale":"es_ES","og_type":"article","og_title":"Fall by the way","og_description":"FALL BY THE WAY : LEGISLACI\u00d3N MIGRATORIA E INSTITUCIONES PSIQUI\u00c1TRICAS DE CALIFORNIA ANTE LOS ENFERMOS MENTALES DE ORIGEN MEXICANO, 1855-1942. \/ 2019.","og_url":"https:\/\/booksfrommexico.com\/es\/producto\/fall-by-the-way-legislacion-migratoria-e-instituciones-psiquiatricas-de-california-ante-los-enfermos-mentales-de-origen-mexicano-1855-1942\/","og_site_name":"Books From Mexico","article_modified_time":"2024-04-17T21:54:06+00:00","og_image":[{"width":472,"height":672,"url":"http:\/\/booksfrommexico.com\/app\/uploads\/2023\/05\/Fall-by-the-way-por-Viviana-Mejia-Canedo.jpg","type":"image\/jpeg"}],"twitter_card":"summary_large_image","twitter_misc":{"Tiempo de lectura":"1 minuto"},"schema":{"@context":"https:\/\/schema.org","@graph":[{"@type":"WebPage","@id":"https:\/\/booksfrommexico.com\/es\/producto\/fall-by-the-way-legislacion-migratoria-e-instituciones-psiquiatricas-de-california-ante-los-enfermos-mentales-de-origen-mexicano-1855-1942\/","url":"https:\/\/booksfrommexico.com\/es\/producto\/fall-by-the-way-legislacion-migratoria-e-instituciones-psiquiatricas-de-california-ante-los-enfermos-mentales-de-origen-mexicano-1855-1942\/","name":"Fall by the way","isPartOf":{"@id":"https:\/\/booksfrommexico.com\/#website"},"primaryImageOfPage":{"@id":"https:\/\/booksfrommexico.com\/es\/producto\/fall-by-the-way-legislacion-migratoria-e-instituciones-psiquiatricas-de-california-ante-los-enfermos-mentales-de-origen-mexicano-1855-1942\/#primaryimage"},"image":{"@id":"https:\/\/booksfrommexico.com\/es\/producto\/fall-by-the-way-legislacion-migratoria-e-instituciones-psiquiatricas-de-california-ante-los-enfermos-mentales-de-origen-mexicano-1855-1942\/#primaryimage"},"thumbnailUrl":"https:\/\/booksfrommexico.com\/app\/uploads\/2023\/05\/Fall-by-the-way-por-Viviana-Mejia-Canedo.jpg","datePublished":"2023-05-08T17:12:29+00:00","dateModified":"2024-04-17T21:54:06+00:00","description":"FALL BY THE WAY : LEGISLACI\u00d3N MIGRATORIA E INSTITUCIONES PSIQUI\u00c1TRICAS DE CALIFORNIA ANTE LOS ENFERMOS MENTALES DE ORIGEN MEXICANO, 1855-1942. \/ 2019.","breadcrumb":{"@id":"https:\/\/booksfrommexico.com\/es\/producto\/fall-by-the-way-legislacion-migratoria-e-instituciones-psiquiatricas-de-california-ante-los-enfermos-mentales-de-origen-mexicano-1855-1942\/#breadcrumb"},"inLanguage":"es","potentialAction":[{"@type":"ReadAction","target":["https:\/\/booksfrommexico.com\/es\/producto\/fall-by-the-way-legislacion-migratoria-e-instituciones-psiquiatricas-de-california-ante-los-enfermos-mentales-de-origen-mexicano-1855-1942\/"]}]},{"@type":"ImageObject","inLanguage":"es","@id":"https:\/\/booksfrommexico.com\/es\/producto\/fall-by-the-way-legislacion-migratoria-e-instituciones-psiquiatricas-de-california-ante-los-enfermos-mentales-de-origen-mexicano-1855-1942\/#primaryimage","url":"https:\/\/booksfrommexico.com\/app\/uploads\/2023\/05\/Fall-by-the-way-por-Viviana-Mejia-Canedo.jpg","contentUrl":"https:\/\/booksfrommexico.com\/app\/uploads\/2023\/05\/Fall-by-the-way-por-Viviana-Mejia-Canedo.jpg","width":472,"height":672,"caption":"Books From M\u00e9xico: Fall by the way por Viviana Mej\u00eda Ca\u00f1edo"},{"@type":"BreadcrumbList","@id":"https:\/\/booksfrommexico.com\/es\/producto\/fall-by-the-way-legislacion-migratoria-e-instituciones-psiquiatricas-de-california-ante-los-enfermos-mentales-de-origen-mexicano-1855-1942\/#breadcrumb","itemListElement":[{"@type":"ListItem","position":1,"name":"Home","item":"https:\/\/booksfrommexico.com\/es\/"},{"@type":"ListItem","position":2,"name":"Libros","item":"https:\/\/booksfrommexico.com\/es\/libros\/"},{"@type":"ListItem","position":3,"name":"Fall by the way: Legislaci\u00f3n migratoria e instituciones psiqui\u00e1tricas de California ante los enfermos mentales de origen mexicano"}]},{"@type":"WebSite","@id":"https:\/\/booksfrommexico.com\/#website","url":"https:\/\/booksfrommexico.com\/","name":"Books From Mexico","description":"","publisher":{"@id":"https:\/\/booksfrommexico.com\/#organization"},"potentialAction":[{"@type":"SearchAction","target":{"@type":"EntryPoint","urlTemplate":"https:\/\/booksfrommexico.com\/?s={search_term_string}"},"query-input":{"@type":"PropertyValueSpecification","valueRequired":true,"valueName":"search_term_string"}}],"inLanguage":"es"},{"@type":"Organization","@id":"https:\/\/booksfrommexico.com\/#organization","name":"Books From Mexico","url":"https:\/\/booksfrommexico.com\/","logo":{"@type":"ImageObject","inLanguage":"es","@id":"https:\/\/booksfrommexico.com\/#\/schema\/logo\/image\/","url":"https:\/\/booksfrommexico.com\/app\/uploads\/2023\/05\/logo-booksfrommexico.svg","contentUrl":"https:\/\/booksfrommexico.com\/app\/uploads\/2023\/05\/logo-booksfrommexico.svg","width":86,"height":56,"caption":"Books From Mexico"},"image":{"@id":"https:\/\/booksfrommexico.com\/#\/schema\/logo\/image\/"}}]}},"_links":{"self":[{"href":"https:\/\/booksfrommexico.com\/es\/wp-json\/wp\/v2\/product\/1202","targetHints":{"allow":["GET"]}}],"collection":[{"href":"https:\/\/booksfrommexico.com\/es\/wp-json\/wp\/v2\/product"}],"about":[{"href":"https:\/\/booksfrommexico.com\/es\/wp-json\/wp\/v2\/types\/product"}],"wp:featuredmedia":[{"embeddable":true,"href":"https:\/\/booksfrommexico.com\/es\/wp-json\/wp\/v2\/media\/3275"}],"wp:attachment":[{"href":"https:\/\/booksfrommexico.com\/es\/wp-json\/wp\/v2\/media?parent=1202"}],"wp:term":[{"taxonomy":"product_brand","embeddable":true,"href":"https:\/\/booksfrommexico.com\/es\/wp-json\/wp\/v2\/product_brand?post=1202"},{"taxonomy":"product_cat","embeddable":true,"href":"https:\/\/booksfrommexico.com\/es\/wp-json\/wp\/v2\/product_cat?post=1202"},{"taxonomy":"product_tag","embeddable":true,"href":"https:\/\/booksfrommexico.com\/es\/wp-json\/wp\/v2\/product_tag?post=1202"}],"curies":[{"name":"wp","href":"https:\/\/api.w.org\/{rel}","templated":true}]}}