{"id":1204,"date":"2023-05-08T17:12:31","date_gmt":"2023-05-08T17:12:31","guid":{"rendered":"http:\/\/booksfrommexico.com\/product\/sociologia-para-la-participacion-publica-alternativas-al-analfabetismo-politico-y-la-despolitizacion-social\/"},"modified":"2024-06-04T18:44:10","modified_gmt":"2024-06-04T18:44:10","slug":"sociologia-para-la-participacion-publica-alternativas-al-analfabetismo-politico-y-la-despolitizacion-social","status":"publish","type":"product","link":"https:\/\/booksfrommexico.com\/es\/producto\/sociologia-para-la-participacion-publica-alternativas-al-analfabetismo-politico-y-la-despolitizacion-social\/","title":{"rendered":"Sociolog\u00eda para la participaci\u00f3n p\u00fablica"},"content":{"rendered":"<p><span style=\"font-weight: 400;\">Esta investigaci\u00f3n est\u00e1 pensada para todas aquellas personas no especializadas en la rama de la sociolog\u00eda puedan acceder a las herramientas y elementos que esta ciencia ofrece. Uno de esos \u00e1mbitos es sanar la desconfianza en lo pol\u00edtico y generar procesos de cambio para as\u00ed facilitar la recuperaci\u00f3n del espacio ben\u00e9fico para la poblaci\u00f3n. Inspirado por el contexto en que habita en Ciudad Ju\u00e1rez, donde hay que enfrentarse a la violencia e inseguridad p\u00fablica, el autor escribe para los interesados en comprender qu\u00e9 es la despolitizaci\u00f3n social y el analfabetismo pol\u00edtico, c\u00f3mo nos afecta y qu\u00e9 se puede hacer al respecto para combatir la apat\u00eda pol\u00edtica.<\/span><\/p>\n","protected":false},"excerpt":{"rendered":"<p>SOCIOLOG\u00cdA PARA LA PARTICIPACI\u00d3N P\u00daBLICA : ALTERNATIVAS AL ANALFABETISMO POL\u00cdTICO Y LA DESPOLITIZACI\u00d3N SOCIAL.<span style=\"font-weight: 400;\"> \/ Carlos Murillo Gonz\u00e1lez. Mexico, Ciudad de M\u00e9xico : Brown Buffalo Press, 2019. 151 pages : includes glossary, bibliography ; 22 cm. ISBN : 9781234567897.<\/span><\/p>\n","protected":false},"featured_media":1203,"template":"","meta":{"_acf_changed":false,"inline_featured_image":false},"product_brand":[],"product_cat":[4110,797,78],"product_tag":[4122,3627],"class_list":{"0":"post-1204","1":"product","2":"type-product","3":"status-publish","4":"has-post-thumbnail","6":"product_cat-estudios-latinoamericanos","7":"product_cat-politica-y-ciencia-politica","8":"product_cat-sociologia","9":"product_tag-investigacion","10":"product_tag-politica-y-gobierno","12":"first","13":"instock","14":"taxable","15":"shipping-taxable","16":"purchasable","17":"product-type-simple"},"acf":[],"yoast_head":"<!-- This site is optimized with the Yoast SEO plugin v27.3 - https:\/\/yoast.com\/product\/yoast-seo-wordpress\/ -->\n<title>Sociolog\u00eda para la participaci\u00f3n p\u00fablica<\/title>\n<meta name=\"description\" content=\"SOCIOLOG\u00cdA PARA LA PARTICIPACI\u00d3N P\u00daBLICA : ALTERNATIVAS AL ANALFABETISMO POL\u00cdTICO Y LA DESPOLITIZACI\u00d3N SOCIAL. \/ Carlos Murillo Gonz\u00e1lez. 2019.\" \/>\n<meta name=\"robots\" content=\"index, follow, max-snippet:-1, max-image-preview:large, max-video-preview:-1\" \/>\n<link rel=\"canonical\" href=\"https:\/\/booksfrommexico.com\/es\/producto\/sociologia-para-la-participacion-publica-alternativas-al-analfabetismo-politico-y-la-despolitizacion-social\/\" \/>\n<meta property=\"og:locale\" content=\"es_ES\" \/>\n<meta property=\"og:type\" content=\"article\" \/>\n<meta property=\"og:title\" content=\"Sociolog\u00eda para la participaci\u00f3n p\u00fablica\" \/>\n<meta property=\"og:description\" content=\"SOCIOLOG\u00cdA PARA LA PARTICIPACI\u00d3N P\u00daBLICA : ALTERNATIVAS AL ANALFABETISMO POL\u00cdTICO Y LA DESPOLITIZACI\u00d3N SOCIAL. \/ Carlos Murillo Gonz\u00e1lez. 2019.\" \/>\n<meta property=\"og:url\" content=\"https:\/\/booksfrommexico.com\/es\/producto\/sociologia-para-la-participacion-publica-alternativas-al-analfabetismo-politico-y-la-despolitizacion-social\/\" \/>\n<meta property=\"og:site_name\" content=\"Books From Mexico\" \/>\n<meta property=\"article:modified_time\" content=\"2024-06-04T18:44:10+00:00\" \/>\n<meta property=\"og:image\" content=\"http:\/\/booksfrommexico.com\/app\/uploads\/2023\/05\/188198.jpg\" \/>\n\t<meta property=\"og:image:width\" content=\"503\" \/>\n\t<meta property=\"og:image:height\" content=\"813\" \/>\n\t<meta property=\"og:image:type\" content=\"image\/jpeg\" \/>\n<meta name=\"twitter:card\" content=\"summary_large_image\" \/>\n<meta name=\"twitter:label1\" content=\"Tiempo de lectura\" \/>\n\t<meta name=\"twitter:data1\" content=\"1 minuto\" \/>\n<script type=\"application\/ld+json\" class=\"yoast-schema-graph\">{\"@context\":\"https:\\\/\\\/schema.org\",\"@graph\":[{\"@type\":\"WebPage\",\"@id\":\"https:\\\/\\\/booksfrommexico.com\\\/es\\\/producto\\\/sociologia-para-la-participacion-publica-alternativas-al-analfabetismo-politico-y-la-despolitizacion-social\\\/\",\"url\":\"https:\\\/\\\/booksfrommexico.com\\\/es\\\/producto\\\/sociologia-para-la-participacion-publica-alternativas-al-analfabetismo-politico-y-la-despolitizacion-social\\\/\",\"name\":\"Sociolog\u00eda para la participaci\u00f3n p\u00fablica\",\"isPartOf\":{\"@id\":\"https:\\\/\\\/booksfrommexico.com\\\/#website\"},\"primaryImageOfPage\":{\"@id\":\"https:\\\/\\\/booksfrommexico.com\\\/es\\\/producto\\\/sociologia-para-la-participacion-publica-alternativas-al-analfabetismo-politico-y-la-despolitizacion-social\\\/#primaryimage\"},\"image\":{\"@id\":\"https:\\\/\\\/booksfrommexico.com\\\/es\\\/producto\\\/sociologia-para-la-participacion-publica-alternativas-al-analfabetismo-politico-y-la-despolitizacion-social\\\/#primaryimage\"},\"thumbnailUrl\":\"https:\\\/\\\/booksfrommexico.com\\\/app\\\/uploads\\\/2023\\\/05\\\/188198.jpg\",\"datePublished\":\"2023-05-08T17:12:31+00:00\",\"dateModified\":\"2024-06-04T18:44:10+00:00\",\"description\":\"SOCIOLOG\u00cdA PARA LA PARTICIPACI\u00d3N P\u00daBLICA : ALTERNATIVAS AL ANALFABETISMO POL\u00cdTICO Y LA DESPOLITIZACI\u00d3N SOCIAL. \\\/ Carlos Murillo Gonz\u00e1lez. 2019.\",\"breadcrumb\":{\"@id\":\"https:\\\/\\\/booksfrommexico.com\\\/es\\\/producto\\\/sociologia-para-la-participacion-publica-alternativas-al-analfabetismo-politico-y-la-despolitizacion-social\\\/#breadcrumb\"},\"inLanguage\":\"es\",\"potentialAction\":[{\"@type\":\"ReadAction\",\"target\":[\"https:\\\/\\\/booksfrommexico.com\\\/es\\\/producto\\\/sociologia-para-la-participacion-publica-alternativas-al-analfabetismo-politico-y-la-despolitizacion-social\\\/\"]}]},{\"@type\":\"ImageObject\",\"inLanguage\":\"es\",\"@id\":\"https:\\\/\\\/booksfrommexico.com\\\/es\\\/producto\\\/sociologia-para-la-participacion-publica-alternativas-al-analfabetismo-politico-y-la-despolitizacion-social\\\/#primaryimage\",\"url\":\"https:\\\/\\\/booksfrommexico.com\\\/app\\\/uploads\\\/2023\\\/05\\\/188198.jpg\",\"contentUrl\":\"https:\\\/\\\/booksfrommexico.com\\\/app\\\/uploads\\\/2023\\\/05\\\/188198.jpg\",\"width\":503,\"height\":813,\"caption\":\"Sociolog\u00eda para la participaci\u00f3n p\u00fablica\"},{\"@type\":\"BreadcrumbList\",\"@id\":\"https:\\\/\\\/booksfrommexico.com\\\/es\\\/producto\\\/sociologia-para-la-participacion-publica-alternativas-al-analfabetismo-politico-y-la-despolitizacion-social\\\/#breadcrumb\",\"itemListElement\":[{\"@type\":\"ListItem\",\"position\":1,\"name\":\"Home\",\"item\":\"https:\\\/\\\/booksfrommexico.com\\\/es\\\/\"},{\"@type\":\"ListItem\",\"position\":2,\"name\":\"Libros\",\"item\":\"https:\\\/\\\/booksfrommexico.com\\\/es\\\/libros\\\/\"},{\"@type\":\"ListItem\",\"position\":3,\"name\":\"Sociolog\u00eda para la participaci\u00f3n p\u00fablica\"}]},{\"@type\":\"WebSite\",\"@id\":\"https:\\\/\\\/booksfrommexico.com\\\/#website\",\"url\":\"https:\\\/\\\/booksfrommexico.com\\\/\",\"name\":\"Books From Mexico\",\"description\":\"\",\"publisher\":{\"@id\":\"https:\\\/\\\/booksfrommexico.com\\\/#organization\"},\"potentialAction\":[{\"@type\":\"SearchAction\",\"target\":{\"@type\":\"EntryPoint\",\"urlTemplate\":\"https:\\\/\\\/booksfrommexico.com\\\/?s={search_term_string}\"},\"query-input\":{\"@type\":\"PropertyValueSpecification\",\"valueRequired\":true,\"valueName\":\"search_term_string\"}}],\"inLanguage\":\"es\"},{\"@type\":\"Organization\",\"@id\":\"https:\\\/\\\/booksfrommexico.com\\\/#organization\",\"name\":\"Books From Mexico\",\"url\":\"https:\\\/\\\/booksfrommexico.com\\\/\",\"logo\":{\"@type\":\"ImageObject\",\"inLanguage\":\"es\",\"@id\":\"https:\\\/\\\/booksfrommexico.com\\\/#\\\/schema\\\/logo\\\/image\\\/\",\"url\":\"https:\\\/\\\/booksfrommexico.com\\\/app\\\/uploads\\\/2023\\\/05\\\/logo-booksfrommexico.svg\",\"contentUrl\":\"https:\\\/\\\/booksfrommexico.com\\\/app\\\/uploads\\\/2023\\\/05\\\/logo-booksfrommexico.svg\",\"width\":86,\"height\":56,\"caption\":\"Books From Mexico\"},\"image\":{\"@id\":\"https:\\\/\\\/booksfrommexico.com\\\/#\\\/schema\\\/logo\\\/image\\\/\"}}]}<\/script>\n<!-- \/ Yoast SEO plugin. -->","yoast_head_json":{"title":"Sociolog\u00eda para la participaci\u00f3n p\u00fablica","description":"SOCIOLOG\u00cdA PARA LA PARTICIPACI\u00d3N P\u00daBLICA : ALTERNATIVAS AL ANALFABETISMO POL\u00cdTICO Y LA DESPOLITIZACI\u00d3N SOCIAL. \/ Carlos Murillo Gonz\u00e1lez. 2019.","robots":{"index":"index","follow":"follow","max-snippet":"max-snippet:-1","max-image-preview":"max-image-preview:large","max-video-preview":"max-video-preview:-1"},"canonical":"https:\/\/booksfrommexico.com\/es\/producto\/sociologia-para-la-participacion-publica-alternativas-al-analfabetismo-politico-y-la-despolitizacion-social\/","og_locale":"es_ES","og_type":"article","og_title":"Sociolog\u00eda para la participaci\u00f3n p\u00fablica","og_description":"SOCIOLOG\u00cdA PARA LA PARTICIPACI\u00d3N P\u00daBLICA : ALTERNATIVAS AL ANALFABETISMO POL\u00cdTICO Y LA DESPOLITIZACI\u00d3N SOCIAL. \/ Carlos Murillo Gonz\u00e1lez. 2019.","og_url":"https:\/\/booksfrommexico.com\/es\/producto\/sociologia-para-la-participacion-publica-alternativas-al-analfabetismo-politico-y-la-despolitizacion-social\/","og_site_name":"Books From Mexico","article_modified_time":"2024-06-04T18:44:10+00:00","og_image":[{"width":503,"height":813,"url":"http:\/\/booksfrommexico.com\/app\/uploads\/2023\/05\/188198.jpg","type":"image\/jpeg"}],"twitter_card":"summary_large_image","twitter_misc":{"Tiempo de lectura":"1 minuto"},"schema":{"@context":"https:\/\/schema.org","@graph":[{"@type":"WebPage","@id":"https:\/\/booksfrommexico.com\/es\/producto\/sociologia-para-la-participacion-publica-alternativas-al-analfabetismo-politico-y-la-despolitizacion-social\/","url":"https:\/\/booksfrommexico.com\/es\/producto\/sociologia-para-la-participacion-publica-alternativas-al-analfabetismo-politico-y-la-despolitizacion-social\/","name":"Sociolog\u00eda para la participaci\u00f3n p\u00fablica","isPartOf":{"@id":"https:\/\/booksfrommexico.com\/#website"},"primaryImageOfPage":{"@id":"https:\/\/booksfrommexico.com\/es\/producto\/sociologia-para-la-participacion-publica-alternativas-al-analfabetismo-politico-y-la-despolitizacion-social\/#primaryimage"},"image":{"@id":"https:\/\/booksfrommexico.com\/es\/producto\/sociologia-para-la-participacion-publica-alternativas-al-analfabetismo-politico-y-la-despolitizacion-social\/#primaryimage"},"thumbnailUrl":"https:\/\/booksfrommexico.com\/app\/uploads\/2023\/05\/188198.jpg","datePublished":"2023-05-08T17:12:31+00:00","dateModified":"2024-06-04T18:44:10+00:00","description":"SOCIOLOG\u00cdA PARA LA PARTICIPACI\u00d3N P\u00daBLICA : ALTERNATIVAS AL ANALFABETISMO POL\u00cdTICO Y LA DESPOLITIZACI\u00d3N SOCIAL. \/ Carlos Murillo Gonz\u00e1lez. 2019.","breadcrumb":{"@id":"https:\/\/booksfrommexico.com\/es\/producto\/sociologia-para-la-participacion-publica-alternativas-al-analfabetismo-politico-y-la-despolitizacion-social\/#breadcrumb"},"inLanguage":"es","potentialAction":[{"@type":"ReadAction","target":["https:\/\/booksfrommexico.com\/es\/producto\/sociologia-para-la-participacion-publica-alternativas-al-analfabetismo-politico-y-la-despolitizacion-social\/"]}]},{"@type":"ImageObject","inLanguage":"es","@id":"https:\/\/booksfrommexico.com\/es\/producto\/sociologia-para-la-participacion-publica-alternativas-al-analfabetismo-politico-y-la-despolitizacion-social\/#primaryimage","url":"https:\/\/booksfrommexico.com\/app\/uploads\/2023\/05\/188198.jpg","contentUrl":"https:\/\/booksfrommexico.com\/app\/uploads\/2023\/05\/188198.jpg","width":503,"height":813,"caption":"Sociolog\u00eda para la participaci\u00f3n p\u00fablica"},{"@type":"BreadcrumbList","@id":"https:\/\/booksfrommexico.com\/es\/producto\/sociologia-para-la-participacion-publica-alternativas-al-analfabetismo-politico-y-la-despolitizacion-social\/#breadcrumb","itemListElement":[{"@type":"ListItem","position":1,"name":"Home","item":"https:\/\/booksfrommexico.com\/es\/"},{"@type":"ListItem","position":2,"name":"Libros","item":"https:\/\/booksfrommexico.com\/es\/libros\/"},{"@type":"ListItem","position":3,"name":"Sociolog\u00eda para la participaci\u00f3n p\u00fablica"}]},{"@type":"WebSite","@id":"https:\/\/booksfrommexico.com\/#website","url":"https:\/\/booksfrommexico.com\/","name":"Books From Mexico","description":"","publisher":{"@id":"https:\/\/booksfrommexico.com\/#organization"},"potentialAction":[{"@type":"SearchAction","target":{"@type":"EntryPoint","urlTemplate":"https:\/\/booksfrommexico.com\/?s={search_term_string}"},"query-input":{"@type":"PropertyValueSpecification","valueRequired":true,"valueName":"search_term_string"}}],"inLanguage":"es"},{"@type":"Organization","@id":"https:\/\/booksfrommexico.com\/#organization","name":"Books From Mexico","url":"https:\/\/booksfrommexico.com\/","logo":{"@type":"ImageObject","inLanguage":"es","@id":"https:\/\/booksfrommexico.com\/#\/schema\/logo\/image\/","url":"https:\/\/booksfrommexico.com\/app\/uploads\/2023\/05\/logo-booksfrommexico.svg","contentUrl":"https:\/\/booksfrommexico.com\/app\/uploads\/2023\/05\/logo-booksfrommexico.svg","width":86,"height":56,"caption":"Books From Mexico"},"image":{"@id":"https:\/\/booksfrommexico.com\/#\/schema\/logo\/image\/"}}]}},"_links":{"self":[{"href":"https:\/\/booksfrommexico.com\/es\/wp-json\/wp\/v2\/product\/1204","targetHints":{"allow":["GET"]}}],"collection":[{"href":"https:\/\/booksfrommexico.com\/es\/wp-json\/wp\/v2\/product"}],"about":[{"href":"https:\/\/booksfrommexico.com\/es\/wp-json\/wp\/v2\/types\/product"}],"wp:featuredmedia":[{"embeddable":true,"href":"https:\/\/booksfrommexico.com\/es\/wp-json\/wp\/v2\/media\/1203"}],"wp:attachment":[{"href":"https:\/\/booksfrommexico.com\/es\/wp-json\/wp\/v2\/media?parent=1204"}],"wp:term":[{"taxonomy":"product_brand","embeddable":true,"href":"https:\/\/booksfrommexico.com\/es\/wp-json\/wp\/v2\/product_brand?post=1204"},{"taxonomy":"product_cat","embeddable":true,"href":"https:\/\/booksfrommexico.com\/es\/wp-json\/wp\/v2\/product_cat?post=1204"},{"taxonomy":"product_tag","embeddable":true,"href":"https:\/\/booksfrommexico.com\/es\/wp-json\/wp\/v2\/product_tag?post=1204"}],"curies":[{"name":"wp","href":"https:\/\/api.w.org\/{rel}","templated":true}]}}