{"id":1206,"date":"2023-05-08T17:12:32","date_gmt":"2023-05-08T17:12:32","guid":{"rendered":"http:\/\/booksfrommexico.com\/product\/todo-sirve-para-ser-juzgado\/"},"modified":"2025-04-21T17:45:09","modified_gmt":"2025-04-21T17:45:09","slug":"todo-sirve-para-ser-juzgado","status":"publish","type":"product","link":"https:\/\/booksfrommexico.com\/es\/producto\/todo-sirve-para-ser-juzgado\/","title":{"rendered":"Todo sirve para ser juzgado"},"content":{"rendered":"<p><span style=\"font-weight: 400;\">Serie de poemas divididos en 4 vol\u00famenes a forma de cuadernillo que se conjuntan en un s\u00f3lo bloque con la cubierta. Con un concepto editorial que lleva una gama de color del primer tomo encuadernado en un completo rojo al cuarto y \u00faltimo tomo encuadernado en color negro, con lo cual marca el a\u00f1o en que fueron escritos. Los poemas que presentan son en general breves, pero llenos de im\u00e1genes, en ocasiones expl\u00edcitas, que recuerdan a la corriente del simbolismo cuando a\u00fan no se separaba del romanticismo, manteniendo una constante musicalidad entre versos que juegan con las rimas.<\/span><\/p>\n","protected":false},"excerpt":{"rendered":"<p>TODO SIRVE PARA SER JUZGADO.<span style=\"font-weight: 400;\"> \/ Nando V\u00e1zquez. Oaxaca, Mexico : La Maquinucha Ediciones, 2017. 4 volumes : includes illustrations ; 20 cm. <\/span><\/p>\n","protected":false},"featured_media":1205,"template":"","meta":{"_acf_changed":false,"inline_featured_image":false},"product_brand":[],"product_cat":[25,32],"product_tag":[4115,4180],"class_list":{"0":"post-1206","1":"product","2":"type-product","3":"status-publish","4":"has-post-thumbnail","6":"product_cat-literatura","7":"product_cat-poesia-literatura","8":"product_tag-poesia-es","9":"product_tag-poesia-contemporanea","11":"first","12":"outofstock","13":"sale","14":"taxable","15":"shipping-taxable","16":"purchasable","17":"product-type-simple"},"acf":[],"yoast_head":"<!-- This site is optimized with the Yoast SEO plugin v27.3 - https:\/\/yoast.com\/product\/yoast-seo-wordpress\/ -->\n<title>Todo sirve para ser juzgado<\/title>\n<meta name=\"description\" content=\"TODO SIRVE PARA SER JUZGADO. \/ Nando V\u00e1zquez. Oaxaca, Mexico : La Maquinucha Ediciones, 2017. 4 volumes : includes illustrations ; 20 cm.\" \/>\n<meta name=\"robots\" content=\"index, follow, max-snippet:-1, max-image-preview:large, max-video-preview:-1\" \/>\n<link rel=\"canonical\" href=\"https:\/\/booksfrommexico.com\/es\/producto\/todo-sirve-para-ser-juzgado\/\" \/>\n<meta property=\"og:locale\" content=\"es_ES\" \/>\n<meta property=\"og:type\" content=\"article\" \/>\n<meta property=\"og:title\" content=\"Todo sirve para ser juzgado\" \/>\n<meta property=\"og:description\" content=\"TODO SIRVE PARA SER JUZGADO. \/ Nando V\u00e1zquez. Oaxaca, Mexico : La Maquinucha Ediciones, 2017. 4 volumes : includes illustrations ; 20 cm.\" \/>\n<meta property=\"og:url\" content=\"https:\/\/booksfrommexico.com\/es\/producto\/todo-sirve-para-ser-juzgado\/\" \/>\n<meta property=\"og:site_name\" content=\"Books From Mexico\" \/>\n<meta property=\"article:modified_time\" content=\"2025-04-21T17:45:09+00:00\" \/>\n<meta property=\"og:image\" content=\"http:\/\/booksfrommexico.com\/app\/uploads\/2023\/05\/185914.jpeg\" \/>\n\t<meta property=\"og:image:width\" content=\"365\" \/>\n\t<meta property=\"og:image:height\" content=\"561\" \/>\n\t<meta property=\"og:image:type\" content=\"image\/jpeg\" \/>\n<meta name=\"twitter:card\" content=\"summary_large_image\" \/>\n<meta name=\"twitter:label1\" content=\"Tiempo de lectura\" \/>\n\t<meta name=\"twitter:data1\" content=\"1 minuto\" \/>\n<script type=\"application\/ld+json\" class=\"yoast-schema-graph\">{\"@context\":\"https:\\\/\\\/schema.org\",\"@graph\":[{\"@type\":\"WebPage\",\"@id\":\"https:\\\/\\\/booksfrommexico.com\\\/es\\\/producto\\\/todo-sirve-para-ser-juzgado\\\/\",\"url\":\"https:\\\/\\\/booksfrommexico.com\\\/es\\\/producto\\\/todo-sirve-para-ser-juzgado\\\/\",\"name\":\"Todo sirve para ser juzgado\",\"isPartOf\":{\"@id\":\"https:\\\/\\\/booksfrommexico.com\\\/#website\"},\"primaryImageOfPage\":{\"@id\":\"https:\\\/\\\/booksfrommexico.com\\\/es\\\/producto\\\/todo-sirve-para-ser-juzgado\\\/#primaryimage\"},\"image\":{\"@id\":\"https:\\\/\\\/booksfrommexico.com\\\/es\\\/producto\\\/todo-sirve-para-ser-juzgado\\\/#primaryimage\"},\"thumbnailUrl\":\"https:\\\/\\\/booksfrommexico.com\\\/app\\\/uploads\\\/2023\\\/05\\\/185914.jpeg\",\"datePublished\":\"2023-05-08T17:12:32+00:00\",\"dateModified\":\"2025-04-21T17:45:09+00:00\",\"description\":\"TODO SIRVE PARA SER JUZGADO. \\\/ Nando V\u00e1zquez. Oaxaca, Mexico : La Maquinucha Ediciones, 2017. 4 volumes : includes illustrations ; 20 cm.\",\"breadcrumb\":{\"@id\":\"https:\\\/\\\/booksfrommexico.com\\\/es\\\/producto\\\/todo-sirve-para-ser-juzgado\\\/#breadcrumb\"},\"inLanguage\":\"es\",\"potentialAction\":[{\"@type\":\"ReadAction\",\"target\":[\"https:\\\/\\\/booksfrommexico.com\\\/es\\\/producto\\\/todo-sirve-para-ser-juzgado\\\/\"]}]},{\"@type\":\"ImageObject\",\"inLanguage\":\"es\",\"@id\":\"https:\\\/\\\/booksfrommexico.com\\\/es\\\/producto\\\/todo-sirve-para-ser-juzgado\\\/#primaryimage\",\"url\":\"https:\\\/\\\/booksfrommexico.com\\\/app\\\/uploads\\\/2023\\\/05\\\/185914.jpeg\",\"contentUrl\":\"https:\\\/\\\/booksfrommexico.com\\\/app\\\/uploads\\\/2023\\\/05\\\/185914.jpeg\",\"width\":365,\"height\":561,\"caption\":\"Todo sirve para ser juzgado \\\/ Nando V\u00e1zquez\"},{\"@type\":\"BreadcrumbList\",\"@id\":\"https:\\\/\\\/booksfrommexico.com\\\/es\\\/producto\\\/todo-sirve-para-ser-juzgado\\\/#breadcrumb\",\"itemListElement\":[{\"@type\":\"ListItem\",\"position\":1,\"name\":\"Home\",\"item\":\"https:\\\/\\\/booksfrommexico.com\\\/es\\\/\"},{\"@type\":\"ListItem\",\"position\":2,\"name\":\"Libros\",\"item\":\"https:\\\/\\\/booksfrommexico.com\\\/es\\\/libros\\\/\"},{\"@type\":\"ListItem\",\"position\":3,\"name\":\"Todo sirve para ser juzgado\"}]},{\"@type\":\"WebSite\",\"@id\":\"https:\\\/\\\/booksfrommexico.com\\\/#website\",\"url\":\"https:\\\/\\\/booksfrommexico.com\\\/\",\"name\":\"Books From Mexico\",\"description\":\"\",\"publisher\":{\"@id\":\"https:\\\/\\\/booksfrommexico.com\\\/#organization\"},\"potentialAction\":[{\"@type\":\"SearchAction\",\"target\":{\"@type\":\"EntryPoint\",\"urlTemplate\":\"https:\\\/\\\/booksfrommexico.com\\\/?s={search_term_string}\"},\"query-input\":{\"@type\":\"PropertyValueSpecification\",\"valueRequired\":true,\"valueName\":\"search_term_string\"}}],\"inLanguage\":\"es\"},{\"@type\":\"Organization\",\"@id\":\"https:\\\/\\\/booksfrommexico.com\\\/#organization\",\"name\":\"Books From Mexico\",\"url\":\"https:\\\/\\\/booksfrommexico.com\\\/\",\"logo\":{\"@type\":\"ImageObject\",\"inLanguage\":\"es\",\"@id\":\"https:\\\/\\\/booksfrommexico.com\\\/#\\\/schema\\\/logo\\\/image\\\/\",\"url\":\"https:\\\/\\\/booksfrommexico.com\\\/app\\\/uploads\\\/2023\\\/05\\\/logo-booksfrommexico.svg\",\"contentUrl\":\"https:\\\/\\\/booksfrommexico.com\\\/app\\\/uploads\\\/2023\\\/05\\\/logo-booksfrommexico.svg\",\"width\":86,\"height\":56,\"caption\":\"Books From Mexico\"},\"image\":{\"@id\":\"https:\\\/\\\/booksfrommexico.com\\\/#\\\/schema\\\/logo\\\/image\\\/\"}}]}<\/script>\n<!-- \/ Yoast SEO plugin. -->","yoast_head_json":{"title":"Todo sirve para ser juzgado","description":"TODO SIRVE PARA SER JUZGADO. \/ Nando V\u00e1zquez. Oaxaca, Mexico : La Maquinucha Ediciones, 2017. 4 volumes : includes illustrations ; 20 cm.","robots":{"index":"index","follow":"follow","max-snippet":"max-snippet:-1","max-image-preview":"max-image-preview:large","max-video-preview":"max-video-preview:-1"},"canonical":"https:\/\/booksfrommexico.com\/es\/producto\/todo-sirve-para-ser-juzgado\/","og_locale":"es_ES","og_type":"article","og_title":"Todo sirve para ser juzgado","og_description":"TODO SIRVE PARA SER JUZGADO. \/ Nando V\u00e1zquez. Oaxaca, Mexico : La Maquinucha Ediciones, 2017. 4 volumes : includes illustrations ; 20 cm.","og_url":"https:\/\/booksfrommexico.com\/es\/producto\/todo-sirve-para-ser-juzgado\/","og_site_name":"Books From Mexico","article_modified_time":"2025-04-21T17:45:09+00:00","og_image":[{"width":365,"height":561,"url":"http:\/\/booksfrommexico.com\/app\/uploads\/2023\/05\/185914.jpeg","type":"image\/jpeg"}],"twitter_card":"summary_large_image","twitter_misc":{"Tiempo de lectura":"1 minuto"},"schema":{"@context":"https:\/\/schema.org","@graph":[{"@type":"WebPage","@id":"https:\/\/booksfrommexico.com\/es\/producto\/todo-sirve-para-ser-juzgado\/","url":"https:\/\/booksfrommexico.com\/es\/producto\/todo-sirve-para-ser-juzgado\/","name":"Todo sirve para ser juzgado","isPartOf":{"@id":"https:\/\/booksfrommexico.com\/#website"},"primaryImageOfPage":{"@id":"https:\/\/booksfrommexico.com\/es\/producto\/todo-sirve-para-ser-juzgado\/#primaryimage"},"image":{"@id":"https:\/\/booksfrommexico.com\/es\/producto\/todo-sirve-para-ser-juzgado\/#primaryimage"},"thumbnailUrl":"https:\/\/booksfrommexico.com\/app\/uploads\/2023\/05\/185914.jpeg","datePublished":"2023-05-08T17:12:32+00:00","dateModified":"2025-04-21T17:45:09+00:00","description":"TODO SIRVE PARA SER JUZGADO. \/ Nando V\u00e1zquez. Oaxaca, Mexico : La Maquinucha Ediciones, 2017. 4 volumes : includes illustrations ; 20 cm.","breadcrumb":{"@id":"https:\/\/booksfrommexico.com\/es\/producto\/todo-sirve-para-ser-juzgado\/#breadcrumb"},"inLanguage":"es","potentialAction":[{"@type":"ReadAction","target":["https:\/\/booksfrommexico.com\/es\/producto\/todo-sirve-para-ser-juzgado\/"]}]},{"@type":"ImageObject","inLanguage":"es","@id":"https:\/\/booksfrommexico.com\/es\/producto\/todo-sirve-para-ser-juzgado\/#primaryimage","url":"https:\/\/booksfrommexico.com\/app\/uploads\/2023\/05\/185914.jpeg","contentUrl":"https:\/\/booksfrommexico.com\/app\/uploads\/2023\/05\/185914.jpeg","width":365,"height":561,"caption":"Todo sirve para ser juzgado \/ Nando V\u00e1zquez"},{"@type":"BreadcrumbList","@id":"https:\/\/booksfrommexico.com\/es\/producto\/todo-sirve-para-ser-juzgado\/#breadcrumb","itemListElement":[{"@type":"ListItem","position":1,"name":"Home","item":"https:\/\/booksfrommexico.com\/es\/"},{"@type":"ListItem","position":2,"name":"Libros","item":"https:\/\/booksfrommexico.com\/es\/libros\/"},{"@type":"ListItem","position":3,"name":"Todo sirve para ser juzgado"}]},{"@type":"WebSite","@id":"https:\/\/booksfrommexico.com\/#website","url":"https:\/\/booksfrommexico.com\/","name":"Books From Mexico","description":"","publisher":{"@id":"https:\/\/booksfrommexico.com\/#organization"},"potentialAction":[{"@type":"SearchAction","target":{"@type":"EntryPoint","urlTemplate":"https:\/\/booksfrommexico.com\/?s={search_term_string}"},"query-input":{"@type":"PropertyValueSpecification","valueRequired":true,"valueName":"search_term_string"}}],"inLanguage":"es"},{"@type":"Organization","@id":"https:\/\/booksfrommexico.com\/#organization","name":"Books From Mexico","url":"https:\/\/booksfrommexico.com\/","logo":{"@type":"ImageObject","inLanguage":"es","@id":"https:\/\/booksfrommexico.com\/#\/schema\/logo\/image\/","url":"https:\/\/booksfrommexico.com\/app\/uploads\/2023\/05\/logo-booksfrommexico.svg","contentUrl":"https:\/\/booksfrommexico.com\/app\/uploads\/2023\/05\/logo-booksfrommexico.svg","width":86,"height":56,"caption":"Books From Mexico"},"image":{"@id":"https:\/\/booksfrommexico.com\/#\/schema\/logo\/image\/"}}]}},"_links":{"self":[{"href":"https:\/\/booksfrommexico.com\/es\/wp-json\/wp\/v2\/product\/1206","targetHints":{"allow":["GET"]}}],"collection":[{"href":"https:\/\/booksfrommexico.com\/es\/wp-json\/wp\/v2\/product"}],"about":[{"href":"https:\/\/booksfrommexico.com\/es\/wp-json\/wp\/v2\/types\/product"}],"wp:featuredmedia":[{"embeddable":true,"href":"https:\/\/booksfrommexico.com\/es\/wp-json\/wp\/v2\/media\/1205"}],"wp:attachment":[{"href":"https:\/\/booksfrommexico.com\/es\/wp-json\/wp\/v2\/media?parent=1206"}],"wp:term":[{"taxonomy":"product_brand","embeddable":true,"href":"https:\/\/booksfrommexico.com\/es\/wp-json\/wp\/v2\/product_brand?post=1206"},{"taxonomy":"product_cat","embeddable":true,"href":"https:\/\/booksfrommexico.com\/es\/wp-json\/wp\/v2\/product_cat?post=1206"},{"taxonomy":"product_tag","embeddable":true,"href":"https:\/\/booksfrommexico.com\/es\/wp-json\/wp\/v2\/product_tag?post=1206"}],"curies":[{"name":"wp","href":"https:\/\/api.w.org\/{rel}","templated":true}]}}