{"id":1208,"date":"2023-05-08T17:12:34","date_gmt":"2023-05-08T17:12:34","guid":{"rendered":"http:\/\/booksfrommexico.com\/product\/silencio-y-vacio\/"},"modified":"2024-06-04T19:09:33","modified_gmt":"2024-06-04T19:09:33","slug":"silencio-y-vacio","status":"publish","type":"product","link":"https:\/\/booksfrommexico.com\/es\/producto\/silencio-y-vacio\/","title":{"rendered":"Silencio y vac\u00edo"},"content":{"rendered":"<p><span style=\"font-weight: 400;\">Pedro Perales Arizpe ha sido acreedor al primer lugar a nivel estado en la secci\u00f3n de cuento en el certamen del <\/span><i><span style=\"font-weight: 400;\">Z\u00f3calo<\/span><\/i><span style=\"font-weight: 400;\"> de Saltillo, de la Feria Internacional del Libro de Artega, as\u00ed como ha sido seleccionado en antolog\u00edas de cuentos publicadas por el Instituto Municipal de Cultura de Saltillo. Este t\u00edtulo ofrece una serie de poemas breves divididos en 3 partes: \u201cSilencio\u201d, \u201cIntermezzo\u201d y \u201cVac\u00edo\u201d. En estos versos se abordan diversos temas como la vida, el amor, la verdad, la locura y la muerte, que es bastante recurrente y con la cual da un giro a su poes\u00eda, a\u00f1adi\u00e9ndole un toque de profundidad.<\/span><\/p>\n","protected":false},"excerpt":{"rendered":"<p>SILENCIO Y VAC\u00cdO. <span style=\"font-weight: 400;\">\/ Pedro Perales Arizpe. Monclova, Coahuila, M\u00e9xico : Editorial Pape , Biblioteca Harold R. Pape ; Universidad Pedag\u00f3gica Nacional, 2018. 117 pages ; 22 cm.\u00a0<\/span><\/p>\n","protected":false},"featured_media":1207,"template":"","meta":{"_acf_changed":false,"inline_featured_image":false},"product_brand":[],"product_cat":[25,32],"product_tag":[4115,4180],"class_list":{"0":"post-1208","1":"product","2":"type-product","3":"status-publish","4":"has-post-thumbnail","6":"product_cat-literatura","7":"product_cat-poesia-literatura","8":"product_tag-poesia-es","9":"product_tag-poesia-contemporanea","11":"first","12":"instock","13":"taxable","14":"shipping-taxable","15":"purchasable","16":"product-type-simple"},"acf":[],"yoast_head":"<!-- This site is optimized with the Yoast SEO plugin v27.3 - https:\/\/yoast.com\/product\/yoast-seo-wordpress\/ -->\n<title>Silencio y vac\u00edo<\/title>\n<meta name=\"description\" content=\"SILENCIO Y VAC\u00cdO. \/ Pedro Perales Arizpe. Monclova, Coahuila, M\u00e9xico : Editorial Pape , Biblioteca Harold R. Pape ; Universidad Pedag\u00f3gica Nacional, 2018.\" \/>\n<meta name=\"robots\" content=\"index, follow, max-snippet:-1, max-image-preview:large, max-video-preview:-1\" \/>\n<link rel=\"canonical\" href=\"https:\/\/booksfrommexico.com\/es\/producto\/silencio-y-vacio\/\" \/>\n<meta property=\"og:locale\" content=\"es_ES\" \/>\n<meta property=\"og:type\" content=\"article\" \/>\n<meta property=\"og:title\" content=\"Silencio y vac\u00edo\" \/>\n<meta property=\"og:description\" content=\"SILENCIO Y VAC\u00cdO. \/ Pedro Perales Arizpe. Monclova, Coahuila, M\u00e9xico : Editorial Pape , Biblioteca Harold R. Pape ; Universidad Pedag\u00f3gica Nacional, 2018.\" \/>\n<meta property=\"og:url\" content=\"https:\/\/booksfrommexico.com\/es\/producto\/silencio-y-vacio\/\" \/>\n<meta property=\"og:site_name\" content=\"Books From Mexico\" \/>\n<meta property=\"article:modified_time\" content=\"2024-06-04T19:09:33+00:00\" \/>\n<meta property=\"og:image\" content=\"http:\/\/booksfrommexico.com\/app\/uploads\/2023\/05\/185891.jpeg\" \/>\n\t<meta property=\"og:image:width\" content=\"396\" \/>\n\t<meta property=\"og:image:height\" content=\"619\" \/>\n\t<meta property=\"og:image:type\" content=\"image\/jpeg\" \/>\n<meta name=\"twitter:card\" content=\"summary_large_image\" \/>\n<meta name=\"twitter:label1\" content=\"Tiempo de lectura\" \/>\n\t<meta name=\"twitter:data1\" content=\"1 minuto\" \/>\n<script type=\"application\/ld+json\" class=\"yoast-schema-graph\">{\"@context\":\"https:\\\/\\\/schema.org\",\"@graph\":[{\"@type\":\"WebPage\",\"@id\":\"https:\\\/\\\/booksfrommexico.com\\\/es\\\/producto\\\/silencio-y-vacio\\\/\",\"url\":\"https:\\\/\\\/booksfrommexico.com\\\/es\\\/producto\\\/silencio-y-vacio\\\/\",\"name\":\"Silencio y vac\u00edo\",\"isPartOf\":{\"@id\":\"https:\\\/\\\/booksfrommexico.com\\\/#website\"},\"primaryImageOfPage\":{\"@id\":\"https:\\\/\\\/booksfrommexico.com\\\/es\\\/producto\\\/silencio-y-vacio\\\/#primaryimage\"},\"image\":{\"@id\":\"https:\\\/\\\/booksfrommexico.com\\\/es\\\/producto\\\/silencio-y-vacio\\\/#primaryimage\"},\"thumbnailUrl\":\"https:\\\/\\\/booksfrommexico.com\\\/app\\\/uploads\\\/2023\\\/05\\\/185891.jpeg\",\"datePublished\":\"2023-05-08T17:12:34+00:00\",\"dateModified\":\"2024-06-04T19:09:33+00:00\",\"description\":\"SILENCIO Y VAC\u00cdO. \\\/ Pedro Perales Arizpe. Monclova, Coahuila, M\u00e9xico : Editorial Pape , Biblioteca Harold R. Pape ; Universidad Pedag\u00f3gica Nacional, 2018.\",\"breadcrumb\":{\"@id\":\"https:\\\/\\\/booksfrommexico.com\\\/es\\\/producto\\\/silencio-y-vacio\\\/#breadcrumb\"},\"inLanguage\":\"es\",\"potentialAction\":[{\"@type\":\"ReadAction\",\"target\":[\"https:\\\/\\\/booksfrommexico.com\\\/es\\\/producto\\\/silencio-y-vacio\\\/\"]}]},{\"@type\":\"ImageObject\",\"inLanguage\":\"es\",\"@id\":\"https:\\\/\\\/booksfrommexico.com\\\/es\\\/producto\\\/silencio-y-vacio\\\/#primaryimage\",\"url\":\"https:\\\/\\\/booksfrommexico.com\\\/app\\\/uploads\\\/2023\\\/05\\\/185891.jpeg\",\"contentUrl\":\"https:\\\/\\\/booksfrommexico.com\\\/app\\\/uploads\\\/2023\\\/05\\\/185891.jpeg\",\"width\":396,\"height\":619,\"caption\":\"Books From M\u00e9xico: Silencio y vac\u00edo \\\/ Pedro Perales Arizpe.\"},{\"@type\":\"BreadcrumbList\",\"@id\":\"https:\\\/\\\/booksfrommexico.com\\\/es\\\/producto\\\/silencio-y-vacio\\\/#breadcrumb\",\"itemListElement\":[{\"@type\":\"ListItem\",\"position\":1,\"name\":\"Home\",\"item\":\"https:\\\/\\\/booksfrommexico.com\\\/es\\\/\"},{\"@type\":\"ListItem\",\"position\":2,\"name\":\"Libros\",\"item\":\"https:\\\/\\\/booksfrommexico.com\\\/es\\\/libros\\\/\"},{\"@type\":\"ListItem\",\"position\":3,\"name\":\"Silencio y vac\u00edo\"}]},{\"@type\":\"WebSite\",\"@id\":\"https:\\\/\\\/booksfrommexico.com\\\/#website\",\"url\":\"https:\\\/\\\/booksfrommexico.com\\\/\",\"name\":\"Books From Mexico\",\"description\":\"\",\"publisher\":{\"@id\":\"https:\\\/\\\/booksfrommexico.com\\\/#organization\"},\"potentialAction\":[{\"@type\":\"SearchAction\",\"target\":{\"@type\":\"EntryPoint\",\"urlTemplate\":\"https:\\\/\\\/booksfrommexico.com\\\/?s={search_term_string}\"},\"query-input\":{\"@type\":\"PropertyValueSpecification\",\"valueRequired\":true,\"valueName\":\"search_term_string\"}}],\"inLanguage\":\"es\"},{\"@type\":\"Organization\",\"@id\":\"https:\\\/\\\/booksfrommexico.com\\\/#organization\",\"name\":\"Books From Mexico\",\"url\":\"https:\\\/\\\/booksfrommexico.com\\\/\",\"logo\":{\"@type\":\"ImageObject\",\"inLanguage\":\"es\",\"@id\":\"https:\\\/\\\/booksfrommexico.com\\\/#\\\/schema\\\/logo\\\/image\\\/\",\"url\":\"https:\\\/\\\/booksfrommexico.com\\\/app\\\/uploads\\\/2023\\\/05\\\/logo-booksfrommexico.svg\",\"contentUrl\":\"https:\\\/\\\/booksfrommexico.com\\\/app\\\/uploads\\\/2023\\\/05\\\/logo-booksfrommexico.svg\",\"width\":86,\"height\":56,\"caption\":\"Books From Mexico\"},\"image\":{\"@id\":\"https:\\\/\\\/booksfrommexico.com\\\/#\\\/schema\\\/logo\\\/image\\\/\"}}]}<\/script>\n<!-- \/ Yoast SEO plugin. -->","yoast_head_json":{"title":"Silencio y vac\u00edo","description":"SILENCIO Y VAC\u00cdO. \/ Pedro Perales Arizpe. Monclova, Coahuila, M\u00e9xico : Editorial Pape , Biblioteca Harold R. Pape ; Universidad Pedag\u00f3gica Nacional, 2018.","robots":{"index":"index","follow":"follow","max-snippet":"max-snippet:-1","max-image-preview":"max-image-preview:large","max-video-preview":"max-video-preview:-1"},"canonical":"https:\/\/booksfrommexico.com\/es\/producto\/silencio-y-vacio\/","og_locale":"es_ES","og_type":"article","og_title":"Silencio y vac\u00edo","og_description":"SILENCIO Y VAC\u00cdO. \/ Pedro Perales Arizpe. Monclova, Coahuila, M\u00e9xico : Editorial Pape , Biblioteca Harold R. Pape ; Universidad Pedag\u00f3gica Nacional, 2018.","og_url":"https:\/\/booksfrommexico.com\/es\/producto\/silencio-y-vacio\/","og_site_name":"Books From Mexico","article_modified_time":"2024-06-04T19:09:33+00:00","og_image":[{"width":396,"height":619,"url":"http:\/\/booksfrommexico.com\/app\/uploads\/2023\/05\/185891.jpeg","type":"image\/jpeg"}],"twitter_card":"summary_large_image","twitter_misc":{"Tiempo de lectura":"1 minuto"},"schema":{"@context":"https:\/\/schema.org","@graph":[{"@type":"WebPage","@id":"https:\/\/booksfrommexico.com\/es\/producto\/silencio-y-vacio\/","url":"https:\/\/booksfrommexico.com\/es\/producto\/silencio-y-vacio\/","name":"Silencio y vac\u00edo","isPartOf":{"@id":"https:\/\/booksfrommexico.com\/#website"},"primaryImageOfPage":{"@id":"https:\/\/booksfrommexico.com\/es\/producto\/silencio-y-vacio\/#primaryimage"},"image":{"@id":"https:\/\/booksfrommexico.com\/es\/producto\/silencio-y-vacio\/#primaryimage"},"thumbnailUrl":"https:\/\/booksfrommexico.com\/app\/uploads\/2023\/05\/185891.jpeg","datePublished":"2023-05-08T17:12:34+00:00","dateModified":"2024-06-04T19:09:33+00:00","description":"SILENCIO Y VAC\u00cdO. \/ Pedro Perales Arizpe. Monclova, Coahuila, M\u00e9xico : Editorial Pape , Biblioteca Harold R. Pape ; Universidad Pedag\u00f3gica Nacional, 2018.","breadcrumb":{"@id":"https:\/\/booksfrommexico.com\/es\/producto\/silencio-y-vacio\/#breadcrumb"},"inLanguage":"es","potentialAction":[{"@type":"ReadAction","target":["https:\/\/booksfrommexico.com\/es\/producto\/silencio-y-vacio\/"]}]},{"@type":"ImageObject","inLanguage":"es","@id":"https:\/\/booksfrommexico.com\/es\/producto\/silencio-y-vacio\/#primaryimage","url":"https:\/\/booksfrommexico.com\/app\/uploads\/2023\/05\/185891.jpeg","contentUrl":"https:\/\/booksfrommexico.com\/app\/uploads\/2023\/05\/185891.jpeg","width":396,"height":619,"caption":"Books From M\u00e9xico: Silencio y vac\u00edo \/ Pedro Perales Arizpe."},{"@type":"BreadcrumbList","@id":"https:\/\/booksfrommexico.com\/es\/producto\/silencio-y-vacio\/#breadcrumb","itemListElement":[{"@type":"ListItem","position":1,"name":"Home","item":"https:\/\/booksfrommexico.com\/es\/"},{"@type":"ListItem","position":2,"name":"Libros","item":"https:\/\/booksfrommexico.com\/es\/libros\/"},{"@type":"ListItem","position":3,"name":"Silencio y vac\u00edo"}]},{"@type":"WebSite","@id":"https:\/\/booksfrommexico.com\/#website","url":"https:\/\/booksfrommexico.com\/","name":"Books From Mexico","description":"","publisher":{"@id":"https:\/\/booksfrommexico.com\/#organization"},"potentialAction":[{"@type":"SearchAction","target":{"@type":"EntryPoint","urlTemplate":"https:\/\/booksfrommexico.com\/?s={search_term_string}"},"query-input":{"@type":"PropertyValueSpecification","valueRequired":true,"valueName":"search_term_string"}}],"inLanguage":"es"},{"@type":"Organization","@id":"https:\/\/booksfrommexico.com\/#organization","name":"Books From Mexico","url":"https:\/\/booksfrommexico.com\/","logo":{"@type":"ImageObject","inLanguage":"es","@id":"https:\/\/booksfrommexico.com\/#\/schema\/logo\/image\/","url":"https:\/\/booksfrommexico.com\/app\/uploads\/2023\/05\/logo-booksfrommexico.svg","contentUrl":"https:\/\/booksfrommexico.com\/app\/uploads\/2023\/05\/logo-booksfrommexico.svg","width":86,"height":56,"caption":"Books From Mexico"},"image":{"@id":"https:\/\/booksfrommexico.com\/#\/schema\/logo\/image\/"}}]}},"_links":{"self":[{"href":"https:\/\/booksfrommexico.com\/es\/wp-json\/wp\/v2\/product\/1208","targetHints":{"allow":["GET"]}}],"collection":[{"href":"https:\/\/booksfrommexico.com\/es\/wp-json\/wp\/v2\/product"}],"about":[{"href":"https:\/\/booksfrommexico.com\/es\/wp-json\/wp\/v2\/types\/product"}],"wp:featuredmedia":[{"embeddable":true,"href":"https:\/\/booksfrommexico.com\/es\/wp-json\/wp\/v2\/media\/1207"}],"wp:attachment":[{"href":"https:\/\/booksfrommexico.com\/es\/wp-json\/wp\/v2\/media?parent=1208"}],"wp:term":[{"taxonomy":"product_brand","embeddable":true,"href":"https:\/\/booksfrommexico.com\/es\/wp-json\/wp\/v2\/product_brand?post=1208"},{"taxonomy":"product_cat","embeddable":true,"href":"https:\/\/booksfrommexico.com\/es\/wp-json\/wp\/v2\/product_cat?post=1208"},{"taxonomy":"product_tag","embeddable":true,"href":"https:\/\/booksfrommexico.com\/es\/wp-json\/wp\/v2\/product_tag?post=1208"}],"curies":[{"name":"wp","href":"https:\/\/api.w.org\/{rel}","templated":true}]}}