{"id":121,"date":"2023-05-08T16:11:45","date_gmt":"2023-05-08T16:11:45","guid":{"rendered":"http:\/\/booksfrommexico.com\/product\/lengua-y-etnohistoria-purepecha-homenaje-a-benedict-warren\/"},"modified":"2024-10-02T23:05:40","modified_gmt":"2024-10-02T23:05:40","slug":"lengua-y-etnohistoria-purepecha-homenaje-a-benedict-warren","status":"publish","type":"product","link":"https:\/\/booksfrommexico.com\/es\/producto\/lengua-y-etnohistoria-purepecha-homenaje-a-benedict-warren\/","title":{"rendered":"Lengua y etnohistoria pur\u00e9pecha"},"content":{"rendered":"<p><span style=\"font-weight: 400;\">Benedict Warren dedic\u00f3 m\u00e1s de cuarenta a\u00f1os de su vida al estudio de la historia y lengua del pueblo mesoamericano tarasco. Es por ello que en diciembre de 1994 se realiz\u00f3 en su honor un coloquio denominado \u201cColoquio sobre la Lengua y la Etnohistoria Pur\u00e9pecha. Homenaje a Benedict Warren\u201d.\u00a0 En este libro se encuentran reunidos trabajos de varios autores que fueron presentados en este coloquio: estudios, rescate de obras, ediciones y reediciones de textos acerca de y pertenecientes al antiguo Michoac\u00e1n, con especial\u00a0 \u00e9nfasis en el siglo XVI.<\/span><\/p>\n","protected":false},"excerpt":{"rendered":"<p>LENGUA Y ETNOHISTORIA PUR\u00c9PECHA : HOMENAJE A BENEDICT WARREN.<span style=\"font-weight: 400;\"> \/ Carlos Paredes Mart\u00ednez (coordinator). Michoac\u00e1n, M\u00e9xico : Universidad Michoacana de San Nicol\u00e1s de Hidalgo , Instituto de Investigaciones Hist\u00f3ricas ; M\u00e9xico, D.F. : Centro de Investigaciones y Estudios Superiores en Antropolog\u00eda Social, 1997. 378 pages : includes illustrations, bibliography ; 21 cm.\u00a0 ISBN : 9687502126.<\/span><\/p>\n","protected":false},"featured_media":120,"template":"","meta":{"_acf_changed":false,"inline_featured_image":false},"product_brand":[],"product_cat":[19,117,66],"product_tag":[4235,3703,3705,4003],"class_list":{"0":"post-121","1":"product","2":"type-product","3":"status-publish","4":"has-post-thumbnail","6":"product_cat-antropologia","7":"product_cat-etnoantropolgia","8":"product_cat-sociocultural","9":"product_tag-coloquios","10":"product_tag-lenguaje-purepecha","11":"product_tag-michoacan-mexico","12":"product_tag-seminarios-y-congresos","14":"first","15":"outofstock","16":"sale","17":"taxable","18":"shipping-taxable","19":"purchasable","20":"product-type-simple"},"acf":[],"yoast_head":"<!-- This site is optimized with the Yoast SEO plugin v27.3 - https:\/\/yoast.com\/product\/yoast-seo-wordpress\/ -->\n<title>Lengua y etnohistoria pur\u00e9pecha<\/title>\n<meta name=\"description\" content=\"Lengua y etnohistoria pur\u00e9pecha: Homenaje a Benedict Warren. \/ Carlos Paredes Mart\u00ednez, coordinador. Morelia, Michoac\u00e1n: UMICH, 1997. SBN 9687502126\" \/>\n<meta name=\"robots\" content=\"index, follow, max-snippet:-1, max-image-preview:large, max-video-preview:-1\" \/>\n<link rel=\"canonical\" href=\"https:\/\/booksfrommexico.com\/es\/producto\/lengua-y-etnohistoria-purepecha-homenaje-a-benedict-warren\/\" \/>\n<meta property=\"og:locale\" content=\"es_ES\" \/>\n<meta property=\"og:type\" content=\"article\" \/>\n<meta property=\"og:title\" content=\"Lengua y etnohistoria pur\u00e9pecha\" \/>\n<meta property=\"og:description\" content=\"Lengua y etnohistoria pur\u00e9pecha: Homenaje a Benedict Warren. \/ Carlos Paredes Mart\u00ednez, coordinador. Morelia, Michoac\u00e1n: UMICH, 1997. SBN 9687502126\" \/>\n<meta property=\"og:url\" content=\"https:\/\/booksfrommexico.com\/es\/producto\/lengua-y-etnohistoria-purepecha-homenaje-a-benedict-warren\/\" \/>\n<meta property=\"og:site_name\" content=\"Books From Mexico\" \/>\n<meta property=\"article:modified_time\" content=\"2024-10-02T23:05:40+00:00\" \/>\n<meta property=\"og:image\" content=\"http:\/\/booksfrommexico.com\/app\/uploads\/2023\/05\/101011.jpeg\" \/>\n\t<meta property=\"og:image:width\" content=\"503\" \/>\n\t<meta property=\"og:image:height\" content=\"811\" \/>\n\t<meta property=\"og:image:type\" content=\"image\/jpeg\" \/>\n<meta name=\"twitter:card\" content=\"summary_large_image\" \/>\n<meta name=\"twitter:label1\" content=\"Tiempo de lectura\" \/>\n\t<meta name=\"twitter:data1\" content=\"1 minuto\" \/>\n<script type=\"application\/ld+json\" class=\"yoast-schema-graph\">{\"@context\":\"https:\\\/\\\/schema.org\",\"@graph\":[{\"@type\":\"WebPage\",\"@id\":\"https:\\\/\\\/booksfrommexico.com\\\/es\\\/producto\\\/lengua-y-etnohistoria-purepecha-homenaje-a-benedict-warren\\\/\",\"url\":\"https:\\\/\\\/booksfrommexico.com\\\/es\\\/producto\\\/lengua-y-etnohistoria-purepecha-homenaje-a-benedict-warren\\\/\",\"name\":\"Lengua y etnohistoria pur\u00e9pecha\",\"isPartOf\":{\"@id\":\"https:\\\/\\\/booksfrommexico.com\\\/#website\"},\"primaryImageOfPage\":{\"@id\":\"https:\\\/\\\/booksfrommexico.com\\\/es\\\/producto\\\/lengua-y-etnohistoria-purepecha-homenaje-a-benedict-warren\\\/#primaryimage\"},\"image\":{\"@id\":\"https:\\\/\\\/booksfrommexico.com\\\/es\\\/producto\\\/lengua-y-etnohistoria-purepecha-homenaje-a-benedict-warren\\\/#primaryimage\"},\"thumbnailUrl\":\"https:\\\/\\\/booksfrommexico.com\\\/app\\\/uploads\\\/2023\\\/05\\\/101011.jpeg\",\"datePublished\":\"2023-05-08T16:11:45+00:00\",\"dateModified\":\"2024-10-02T23:05:40+00:00\",\"description\":\"Lengua y etnohistoria pur\u00e9pecha: Homenaje a Benedict Warren. \\\/ Carlos Paredes Mart\u00ednez, coordinador. Morelia, Michoac\u00e1n: UMICH, 1997. SBN 9687502126\",\"breadcrumb\":{\"@id\":\"https:\\\/\\\/booksfrommexico.com\\\/es\\\/producto\\\/lengua-y-etnohistoria-purepecha-homenaje-a-benedict-warren\\\/#breadcrumb\"},\"inLanguage\":\"es\",\"potentialAction\":[{\"@type\":\"ReadAction\",\"target\":[\"https:\\\/\\\/booksfrommexico.com\\\/es\\\/producto\\\/lengua-y-etnohistoria-purepecha-homenaje-a-benedict-warren\\\/\"]}]},{\"@type\":\"ImageObject\",\"inLanguage\":\"es\",\"@id\":\"https:\\\/\\\/booksfrommexico.com\\\/es\\\/producto\\\/lengua-y-etnohistoria-purepecha-homenaje-a-benedict-warren\\\/#primaryimage\",\"url\":\"https:\\\/\\\/booksfrommexico.com\\\/app\\\/uploads\\\/2023\\\/05\\\/101011.jpeg\",\"contentUrl\":\"https:\\\/\\\/booksfrommexico.com\\\/app\\\/uploads\\\/2023\\\/05\\\/101011.jpeg\",\"width\":503,\"height\":811,\"caption\":\"Lengua y etnohistoria pur\u00e9pecha Homenaje a Benedict Warren\"},{\"@type\":\"BreadcrumbList\",\"@id\":\"https:\\\/\\\/booksfrommexico.com\\\/es\\\/producto\\\/lengua-y-etnohistoria-purepecha-homenaje-a-benedict-warren\\\/#breadcrumb\",\"itemListElement\":[{\"@type\":\"ListItem\",\"position\":1,\"name\":\"Home\",\"item\":\"https:\\\/\\\/booksfrommexico.com\\\/es\\\/\"},{\"@type\":\"ListItem\",\"position\":2,\"name\":\"Libros\",\"item\":\"https:\\\/\\\/booksfrommexico.com\\\/es\\\/libros\\\/\"},{\"@type\":\"ListItem\",\"position\":3,\"name\":\"Lengua y etnohistoria pur\u00e9pecha\"}]},{\"@type\":\"WebSite\",\"@id\":\"https:\\\/\\\/booksfrommexico.com\\\/#website\",\"url\":\"https:\\\/\\\/booksfrommexico.com\\\/\",\"name\":\"Books From Mexico\",\"description\":\"\",\"publisher\":{\"@id\":\"https:\\\/\\\/booksfrommexico.com\\\/#organization\"},\"potentialAction\":[{\"@type\":\"SearchAction\",\"target\":{\"@type\":\"EntryPoint\",\"urlTemplate\":\"https:\\\/\\\/booksfrommexico.com\\\/?s={search_term_string}\"},\"query-input\":{\"@type\":\"PropertyValueSpecification\",\"valueRequired\":true,\"valueName\":\"search_term_string\"}}],\"inLanguage\":\"es\"},{\"@type\":\"Organization\",\"@id\":\"https:\\\/\\\/booksfrommexico.com\\\/#organization\",\"name\":\"Books From Mexico\",\"url\":\"https:\\\/\\\/booksfrommexico.com\\\/\",\"logo\":{\"@type\":\"ImageObject\",\"inLanguage\":\"es\",\"@id\":\"https:\\\/\\\/booksfrommexico.com\\\/#\\\/schema\\\/logo\\\/image\\\/\",\"url\":\"https:\\\/\\\/booksfrommexico.com\\\/app\\\/uploads\\\/2023\\\/05\\\/logo-booksfrommexico.svg\",\"contentUrl\":\"https:\\\/\\\/booksfrommexico.com\\\/app\\\/uploads\\\/2023\\\/05\\\/logo-booksfrommexico.svg\",\"width\":86,\"height\":56,\"caption\":\"Books From Mexico\"},\"image\":{\"@id\":\"https:\\\/\\\/booksfrommexico.com\\\/#\\\/schema\\\/logo\\\/image\\\/\"}}]}<\/script>\n<!-- \/ Yoast SEO plugin. -->","yoast_head_json":{"title":"Lengua y etnohistoria pur\u00e9pecha","description":"Lengua y etnohistoria pur\u00e9pecha: Homenaje a Benedict Warren. \/ Carlos Paredes Mart\u00ednez, coordinador. Morelia, Michoac\u00e1n: UMICH, 1997. SBN 9687502126","robots":{"index":"index","follow":"follow","max-snippet":"max-snippet:-1","max-image-preview":"max-image-preview:large","max-video-preview":"max-video-preview:-1"},"canonical":"https:\/\/booksfrommexico.com\/es\/producto\/lengua-y-etnohistoria-purepecha-homenaje-a-benedict-warren\/","og_locale":"es_ES","og_type":"article","og_title":"Lengua y etnohistoria pur\u00e9pecha","og_description":"Lengua y etnohistoria pur\u00e9pecha: Homenaje a Benedict Warren. \/ Carlos Paredes Mart\u00ednez, coordinador. Morelia, Michoac\u00e1n: UMICH, 1997. SBN 9687502126","og_url":"https:\/\/booksfrommexico.com\/es\/producto\/lengua-y-etnohistoria-purepecha-homenaje-a-benedict-warren\/","og_site_name":"Books From Mexico","article_modified_time":"2024-10-02T23:05:40+00:00","og_image":[{"width":503,"height":811,"url":"http:\/\/booksfrommexico.com\/app\/uploads\/2023\/05\/101011.jpeg","type":"image\/jpeg"}],"twitter_card":"summary_large_image","twitter_misc":{"Tiempo de lectura":"1 minuto"},"schema":{"@context":"https:\/\/schema.org","@graph":[{"@type":"WebPage","@id":"https:\/\/booksfrommexico.com\/es\/producto\/lengua-y-etnohistoria-purepecha-homenaje-a-benedict-warren\/","url":"https:\/\/booksfrommexico.com\/es\/producto\/lengua-y-etnohistoria-purepecha-homenaje-a-benedict-warren\/","name":"Lengua y etnohistoria pur\u00e9pecha","isPartOf":{"@id":"https:\/\/booksfrommexico.com\/#website"},"primaryImageOfPage":{"@id":"https:\/\/booksfrommexico.com\/es\/producto\/lengua-y-etnohistoria-purepecha-homenaje-a-benedict-warren\/#primaryimage"},"image":{"@id":"https:\/\/booksfrommexico.com\/es\/producto\/lengua-y-etnohistoria-purepecha-homenaje-a-benedict-warren\/#primaryimage"},"thumbnailUrl":"https:\/\/booksfrommexico.com\/app\/uploads\/2023\/05\/101011.jpeg","datePublished":"2023-05-08T16:11:45+00:00","dateModified":"2024-10-02T23:05:40+00:00","description":"Lengua y etnohistoria pur\u00e9pecha: Homenaje a Benedict Warren. \/ Carlos Paredes Mart\u00ednez, coordinador. Morelia, Michoac\u00e1n: UMICH, 1997. SBN 9687502126","breadcrumb":{"@id":"https:\/\/booksfrommexico.com\/es\/producto\/lengua-y-etnohistoria-purepecha-homenaje-a-benedict-warren\/#breadcrumb"},"inLanguage":"es","potentialAction":[{"@type":"ReadAction","target":["https:\/\/booksfrommexico.com\/es\/producto\/lengua-y-etnohistoria-purepecha-homenaje-a-benedict-warren\/"]}]},{"@type":"ImageObject","inLanguage":"es","@id":"https:\/\/booksfrommexico.com\/es\/producto\/lengua-y-etnohistoria-purepecha-homenaje-a-benedict-warren\/#primaryimage","url":"https:\/\/booksfrommexico.com\/app\/uploads\/2023\/05\/101011.jpeg","contentUrl":"https:\/\/booksfrommexico.com\/app\/uploads\/2023\/05\/101011.jpeg","width":503,"height":811,"caption":"Lengua y etnohistoria pur\u00e9pecha Homenaje a Benedict Warren"},{"@type":"BreadcrumbList","@id":"https:\/\/booksfrommexico.com\/es\/producto\/lengua-y-etnohistoria-purepecha-homenaje-a-benedict-warren\/#breadcrumb","itemListElement":[{"@type":"ListItem","position":1,"name":"Home","item":"https:\/\/booksfrommexico.com\/es\/"},{"@type":"ListItem","position":2,"name":"Libros","item":"https:\/\/booksfrommexico.com\/es\/libros\/"},{"@type":"ListItem","position":3,"name":"Lengua y etnohistoria pur\u00e9pecha"}]},{"@type":"WebSite","@id":"https:\/\/booksfrommexico.com\/#website","url":"https:\/\/booksfrommexico.com\/","name":"Books From Mexico","description":"","publisher":{"@id":"https:\/\/booksfrommexico.com\/#organization"},"potentialAction":[{"@type":"SearchAction","target":{"@type":"EntryPoint","urlTemplate":"https:\/\/booksfrommexico.com\/?s={search_term_string}"},"query-input":{"@type":"PropertyValueSpecification","valueRequired":true,"valueName":"search_term_string"}}],"inLanguage":"es"},{"@type":"Organization","@id":"https:\/\/booksfrommexico.com\/#organization","name":"Books From Mexico","url":"https:\/\/booksfrommexico.com\/","logo":{"@type":"ImageObject","inLanguage":"es","@id":"https:\/\/booksfrommexico.com\/#\/schema\/logo\/image\/","url":"https:\/\/booksfrommexico.com\/app\/uploads\/2023\/05\/logo-booksfrommexico.svg","contentUrl":"https:\/\/booksfrommexico.com\/app\/uploads\/2023\/05\/logo-booksfrommexico.svg","width":86,"height":56,"caption":"Books From Mexico"},"image":{"@id":"https:\/\/booksfrommexico.com\/#\/schema\/logo\/image\/"}}]}},"_links":{"self":[{"href":"https:\/\/booksfrommexico.com\/es\/wp-json\/wp\/v2\/product\/121","targetHints":{"allow":["GET"]}}],"collection":[{"href":"https:\/\/booksfrommexico.com\/es\/wp-json\/wp\/v2\/product"}],"about":[{"href":"https:\/\/booksfrommexico.com\/es\/wp-json\/wp\/v2\/types\/product"}],"wp:featuredmedia":[{"embeddable":true,"href":"https:\/\/booksfrommexico.com\/es\/wp-json\/wp\/v2\/media\/120"}],"wp:attachment":[{"href":"https:\/\/booksfrommexico.com\/es\/wp-json\/wp\/v2\/media?parent=121"}],"wp:term":[{"taxonomy":"product_brand","embeddable":true,"href":"https:\/\/booksfrommexico.com\/es\/wp-json\/wp\/v2\/product_brand?post=121"},{"taxonomy":"product_cat","embeddable":true,"href":"https:\/\/booksfrommexico.com\/es\/wp-json\/wp\/v2\/product_cat?post=121"},{"taxonomy":"product_tag","embeddable":true,"href":"https:\/\/booksfrommexico.com\/es\/wp-json\/wp\/v2\/product_tag?post=121"}],"curies":[{"name":"wp","href":"https:\/\/api.w.org\/{rel}","templated":true}]}}