{"id":1210,"date":"2023-05-08T17:12:35","date_gmt":"2023-05-08T17:12:35","guid":{"rendered":"http:\/\/booksfrommexico.com\/product\/poemas\/"},"modified":"2024-06-04T18:49:45","modified_gmt":"2024-06-04T18:49:45","slug":"poemas-cartonera-books-cartonera-la-cecilia","status":"publish","type":"product","link":"https:\/\/booksfrommexico.com\/es\/producto\/poemas-cartonera-books-cartonera-la-cecilia\/","title":{"rendered":"[Poemas]"},"content":{"rendered":"<p><span style=\"font-weight: 400;\">Gerardo del R\u00edo ha sido miembro de talleres de creaci\u00f3n literaria y de artes pl\u00e1sticas impartidos por coordinadores reconocidos, ha publicado en diversos peri\u00f3dicos y revistas, as\u00ed como ha ilustrado algunos libros, y publicado otros para editoriales peque\u00f1as. Aqu\u00ed se presentan una serie de siete poemas breves llenos de im\u00e1genes y referencias a la naturaleza. Algunos de los poemas cuentan con una clara dedicatoria, permitiendo al lector acercarse m\u00e1s al autor y su sentir. Esta edici\u00f3n pertenece a Cartonera La Cecilia, por lo que su fabricaci\u00f3n\u00a0 es un trabajo artesanal empastado en cart\u00f3n con portada \u00fanica.<\/span><\/p>\n","protected":false},"excerpt":{"rendered":"<p><span style=\"font-weight: 400;\">R\u00edo, Gerardo del. <\/span>[POEMAS]<span style=\"font-weight: 400;\">. \/ Gerardo del R\u00edo. Zacatecas, M\u00e9xico : Cartonera La Cecilia, 2018.\u00a0 [10 sheets unpaged] : includes : photo ; 23 cm. <\/span><\/p>\n","protected":false},"featured_media":1209,"template":"","meta":{"_acf_changed":false,"inline_featured_image":false},"product_brand":[],"product_cat":[25,32],"product_tag":[4193,4115],"class_list":{"0":"post-1210","1":"product","2":"type-product","3":"status-publish","4":"has-post-thumbnail","6":"product_cat-literatura","7":"product_cat-poesia-literatura","8":"product_tag-cartonera-es","9":"product_tag-poesia-es","11":"first","12":"instock","13":"taxable","14":"shipping-taxable","15":"purchasable","16":"product-type-simple"},"acf":[],"yoast_head":"<!-- This site is optimized with the Yoast SEO plugin v27.2 - https:\/\/yoast.com\/product\/yoast-seo-wordpress\/ -->\n<title>[Poemas] \/ Gerardo del R\u00edo<\/title>\n<meta name=\"description\" content=\"[POEMAS]. \/ Gerardo del R\u00edo. Zacatecas, M\u00e9xico : Cartonera La Cecilia, 2018. [10 sheets unpaged] : includes : photo ; 23 cm.\" \/>\n<meta name=\"robots\" content=\"index, follow, max-snippet:-1, max-image-preview:large, max-video-preview:-1\" \/>\n<link rel=\"canonical\" href=\"https:\/\/booksfrommexico.com\/es\/producto\/poemas-cartonera-books-cartonera-la-cecilia\/\" \/>\n<meta property=\"og:locale\" content=\"es_ES\" \/>\n<meta property=\"og:type\" content=\"article\" \/>\n<meta property=\"og:title\" content=\"[Poemas] \/ Gerardo del R\u00edo\" \/>\n<meta property=\"og:description\" content=\"[POEMAS]. \/ Gerardo del R\u00edo. Zacatecas, M\u00e9xico : Cartonera La Cecilia, 2018. [10 sheets unpaged] : includes : photo ; 23 cm.\" \/>\n<meta property=\"og:url\" content=\"https:\/\/booksfrommexico.com\/es\/producto\/poemas-cartonera-books-cartonera-la-cecilia\/\" \/>\n<meta property=\"og:site_name\" content=\"Books From Mexico\" \/>\n<meta property=\"article:modified_time\" content=\"2024-06-04T18:49:45+00:00\" \/>\n<meta property=\"og:image\" content=\"http:\/\/booksfrommexico.com\/app\/uploads\/2023\/05\/185275.jpg\" \/>\n\t<meta property=\"og:image:width\" content=\"476\" \/>\n\t<meta property=\"og:image:height\" content=\"750\" \/>\n\t<meta property=\"og:image:type\" content=\"image\/jpeg\" \/>\n<meta name=\"twitter:card\" content=\"summary_large_image\" \/>\n<meta name=\"twitter:label1\" content=\"Tiempo de lectura\" \/>\n\t<meta name=\"twitter:data1\" content=\"1 minuto\" \/>\n<script type=\"application\/ld+json\" class=\"yoast-schema-graph\">{\"@context\":\"https:\/\/schema.org\",\"@graph\":[{\"@type\":\"WebPage\",\"@id\":\"https:\/\/booksfrommexico.com\/es\/producto\/poemas-cartonera-books-cartonera-la-cecilia\/\",\"url\":\"https:\/\/booksfrommexico.com\/es\/producto\/poemas-cartonera-books-cartonera-la-cecilia\/\",\"name\":\"[Poemas] \/ Gerardo del R\u00edo\",\"isPartOf\":{\"@id\":\"https:\/\/booksfrommexico.com\/#website\"},\"primaryImageOfPage\":{\"@id\":\"https:\/\/booksfrommexico.com\/es\/producto\/poemas-cartonera-books-cartonera-la-cecilia\/#primaryimage\"},\"image\":{\"@id\":\"https:\/\/booksfrommexico.com\/es\/producto\/poemas-cartonera-books-cartonera-la-cecilia\/#primaryimage\"},\"thumbnailUrl\":\"https:\/\/booksfrommexico.com\/app\/uploads\/2023\/05\/185275.jpg\",\"datePublished\":\"2023-05-08T17:12:35+00:00\",\"dateModified\":\"2024-06-04T18:49:45+00:00\",\"description\":\"[POEMAS]. \/ Gerardo del R\u00edo. Zacatecas, M\u00e9xico : Cartonera La Cecilia, 2018. [10 sheets unpaged] : includes : photo ; 23 cm.\",\"breadcrumb\":{\"@id\":\"https:\/\/booksfrommexico.com\/es\/producto\/poemas-cartonera-books-cartonera-la-cecilia\/#breadcrumb\"},\"inLanguage\":\"es\",\"potentialAction\":[{\"@type\":\"ReadAction\",\"target\":[\"https:\/\/booksfrommexico.com\/es\/producto\/poemas-cartonera-books-cartonera-la-cecilia\/\"]}]},{\"@type\":\"ImageObject\",\"inLanguage\":\"es\",\"@id\":\"https:\/\/booksfrommexico.com\/es\/producto\/poemas-cartonera-books-cartonera-la-cecilia\/#primaryimage\",\"url\":\"https:\/\/booksfrommexico.com\/app\/uploads\/2023\/05\/185275.jpg\",\"contentUrl\":\"https:\/\/booksfrommexico.com\/app\/uploads\/2023\/05\/185275.jpg\",\"width\":476,\"height\":750,\"caption\":\"Books From M\u00e9xico: Poemas \/ Gerardo del R\u00edo.\"},{\"@type\":\"BreadcrumbList\",\"@id\":\"https:\/\/booksfrommexico.com\/es\/producto\/poemas-cartonera-books-cartonera-la-cecilia\/#breadcrumb\",\"itemListElement\":[{\"@type\":\"ListItem\",\"position\":1,\"name\":\"Home\",\"item\":\"https:\/\/booksfrommexico.com\/es\/\"},{\"@type\":\"ListItem\",\"position\":2,\"name\":\"Libros\",\"item\":\"https:\/\/booksfrommexico.com\/es\/libros\/\"},{\"@type\":\"ListItem\",\"position\":3,\"name\":\"[Poemas]\"}]},{\"@type\":\"WebSite\",\"@id\":\"https:\/\/booksfrommexico.com\/#website\",\"url\":\"https:\/\/booksfrommexico.com\/\",\"name\":\"Books From Mexico\",\"description\":\"\",\"publisher\":{\"@id\":\"https:\/\/booksfrommexico.com\/#organization\"},\"potentialAction\":[{\"@type\":\"SearchAction\",\"target\":{\"@type\":\"EntryPoint\",\"urlTemplate\":\"https:\/\/booksfrommexico.com\/?s={search_term_string}\"},\"query-input\":{\"@type\":\"PropertyValueSpecification\",\"valueRequired\":true,\"valueName\":\"search_term_string\"}}],\"inLanguage\":\"es\"},{\"@type\":\"Organization\",\"@id\":\"https:\/\/booksfrommexico.com\/#organization\",\"name\":\"Books From Mexico\",\"url\":\"https:\/\/booksfrommexico.com\/\",\"logo\":{\"@type\":\"ImageObject\",\"inLanguage\":\"es\",\"@id\":\"https:\/\/booksfrommexico.com\/#\/schema\/logo\/image\/\",\"url\":\"https:\/\/booksfrommexico.com\/app\/uploads\/2023\/05\/logo-booksfrommexico.svg\",\"contentUrl\":\"https:\/\/booksfrommexico.com\/app\/uploads\/2023\/05\/logo-booksfrommexico.svg\",\"width\":86,\"height\":56,\"caption\":\"Books From Mexico\"},\"image\":{\"@id\":\"https:\/\/booksfrommexico.com\/#\/schema\/logo\/image\/\"}}]}<\/script>\n<!-- \/ Yoast SEO plugin. -->","yoast_head_json":{"title":"[Poemas] \/ Gerardo del R\u00edo","description":"[POEMAS]. \/ Gerardo del R\u00edo. Zacatecas, M\u00e9xico : Cartonera La Cecilia, 2018. [10 sheets unpaged] : includes : photo ; 23 cm.","robots":{"index":"index","follow":"follow","max-snippet":"max-snippet:-1","max-image-preview":"max-image-preview:large","max-video-preview":"max-video-preview:-1"},"canonical":"https:\/\/booksfrommexico.com\/es\/producto\/poemas-cartonera-books-cartonera-la-cecilia\/","og_locale":"es_ES","og_type":"article","og_title":"[Poemas] \/ Gerardo del R\u00edo","og_description":"[POEMAS]. \/ Gerardo del R\u00edo. Zacatecas, M\u00e9xico : Cartonera La Cecilia, 2018. [10 sheets unpaged] : includes : photo ; 23 cm.","og_url":"https:\/\/booksfrommexico.com\/es\/producto\/poemas-cartonera-books-cartonera-la-cecilia\/","og_site_name":"Books From Mexico","article_modified_time":"2024-06-04T18:49:45+00:00","og_image":[{"width":476,"height":750,"url":"http:\/\/booksfrommexico.com\/app\/uploads\/2023\/05\/185275.jpg","type":"image\/jpeg"}],"twitter_card":"summary_large_image","twitter_misc":{"Tiempo de lectura":"1 minuto"},"schema":{"@context":"https:\/\/schema.org","@graph":[{"@type":"WebPage","@id":"https:\/\/booksfrommexico.com\/es\/producto\/poemas-cartonera-books-cartonera-la-cecilia\/","url":"https:\/\/booksfrommexico.com\/es\/producto\/poemas-cartonera-books-cartonera-la-cecilia\/","name":"[Poemas] \/ Gerardo del R\u00edo","isPartOf":{"@id":"https:\/\/booksfrommexico.com\/#website"},"primaryImageOfPage":{"@id":"https:\/\/booksfrommexico.com\/es\/producto\/poemas-cartonera-books-cartonera-la-cecilia\/#primaryimage"},"image":{"@id":"https:\/\/booksfrommexico.com\/es\/producto\/poemas-cartonera-books-cartonera-la-cecilia\/#primaryimage"},"thumbnailUrl":"https:\/\/booksfrommexico.com\/app\/uploads\/2023\/05\/185275.jpg","datePublished":"2023-05-08T17:12:35+00:00","dateModified":"2024-06-04T18:49:45+00:00","description":"[POEMAS]. \/ Gerardo del R\u00edo. Zacatecas, M\u00e9xico : Cartonera La Cecilia, 2018. [10 sheets unpaged] : includes : photo ; 23 cm.","breadcrumb":{"@id":"https:\/\/booksfrommexico.com\/es\/producto\/poemas-cartonera-books-cartonera-la-cecilia\/#breadcrumb"},"inLanguage":"es","potentialAction":[{"@type":"ReadAction","target":["https:\/\/booksfrommexico.com\/es\/producto\/poemas-cartonera-books-cartonera-la-cecilia\/"]}]},{"@type":"ImageObject","inLanguage":"es","@id":"https:\/\/booksfrommexico.com\/es\/producto\/poemas-cartonera-books-cartonera-la-cecilia\/#primaryimage","url":"https:\/\/booksfrommexico.com\/app\/uploads\/2023\/05\/185275.jpg","contentUrl":"https:\/\/booksfrommexico.com\/app\/uploads\/2023\/05\/185275.jpg","width":476,"height":750,"caption":"Books From M\u00e9xico: Poemas \/ Gerardo del R\u00edo."},{"@type":"BreadcrumbList","@id":"https:\/\/booksfrommexico.com\/es\/producto\/poemas-cartonera-books-cartonera-la-cecilia\/#breadcrumb","itemListElement":[{"@type":"ListItem","position":1,"name":"Home","item":"https:\/\/booksfrommexico.com\/es\/"},{"@type":"ListItem","position":2,"name":"Libros","item":"https:\/\/booksfrommexico.com\/es\/libros\/"},{"@type":"ListItem","position":3,"name":"[Poemas]"}]},{"@type":"WebSite","@id":"https:\/\/booksfrommexico.com\/#website","url":"https:\/\/booksfrommexico.com\/","name":"Books From Mexico","description":"","publisher":{"@id":"https:\/\/booksfrommexico.com\/#organization"},"potentialAction":[{"@type":"SearchAction","target":{"@type":"EntryPoint","urlTemplate":"https:\/\/booksfrommexico.com\/?s={search_term_string}"},"query-input":{"@type":"PropertyValueSpecification","valueRequired":true,"valueName":"search_term_string"}}],"inLanguage":"es"},{"@type":"Organization","@id":"https:\/\/booksfrommexico.com\/#organization","name":"Books From Mexico","url":"https:\/\/booksfrommexico.com\/","logo":{"@type":"ImageObject","inLanguage":"es","@id":"https:\/\/booksfrommexico.com\/#\/schema\/logo\/image\/","url":"https:\/\/booksfrommexico.com\/app\/uploads\/2023\/05\/logo-booksfrommexico.svg","contentUrl":"https:\/\/booksfrommexico.com\/app\/uploads\/2023\/05\/logo-booksfrommexico.svg","width":86,"height":56,"caption":"Books From Mexico"},"image":{"@id":"https:\/\/booksfrommexico.com\/#\/schema\/logo\/image\/"}}]}},"_links":{"self":[{"href":"https:\/\/booksfrommexico.com\/es\/wp-json\/wp\/v2\/product\/1210","targetHints":{"allow":["GET"]}}],"collection":[{"href":"https:\/\/booksfrommexico.com\/es\/wp-json\/wp\/v2\/product"}],"about":[{"href":"https:\/\/booksfrommexico.com\/es\/wp-json\/wp\/v2\/types\/product"}],"wp:featuredmedia":[{"embeddable":true,"href":"https:\/\/booksfrommexico.com\/es\/wp-json\/wp\/v2\/media\/1209"}],"wp:attachment":[{"href":"https:\/\/booksfrommexico.com\/es\/wp-json\/wp\/v2\/media?parent=1210"}],"wp:term":[{"taxonomy":"product_brand","embeddable":true,"href":"https:\/\/booksfrommexico.com\/es\/wp-json\/wp\/v2\/product_brand?post=1210"},{"taxonomy":"product_cat","embeddable":true,"href":"https:\/\/booksfrommexico.com\/es\/wp-json\/wp\/v2\/product_cat?post=1210"},{"taxonomy":"product_tag","embeddable":true,"href":"https:\/\/booksfrommexico.com\/es\/wp-json\/wp\/v2\/product_tag?post=1210"}],"curies":[{"name":"wp","href":"https:\/\/api.w.org\/{rel}","templated":true}]}}