{"id":1212,"date":"2023-05-08T17:12:37","date_gmt":"2023-05-08T17:12:37","guid":{"rendered":"http:\/\/booksfrommexico.com\/product\/cruzando-oceanos-y-fronteras-migracion-interna-e-internacional\/"},"modified":"2024-04-12T20:27:49","modified_gmt":"2024-04-12T20:27:49","slug":"cruzando-oceanos-y-fronteras-migracion-interna-e-internacional","status":"publish","type":"product","link":"https:\/\/booksfrommexico.com\/es\/producto\/cruzando-oceanos-y-fronteras-migracion-interna-e-internacional\/","title":{"rendered":"Cruzando oc\u00e9anos y fronteras"},"content":{"rendered":"<p><span style=\"font-weight: 400;\">La aceleraci\u00f3n demogr\u00e1fica, el empobrecimiento de las tierras agr\u00edcolas, las guerras, el florecimiento no equitativo de la econom\u00eda y el crecimiento del comercio intercontinental han tenido como resultado colateral las migraciones internas e internacionales. En este t\u00edtulo se abordan estos fen\u00f3menos de migraci\u00f3n, enfoc\u00e1ndose en los siglos XIX, XX y XXI, y est\u00e1 dividido en dos partes con fines de seguir una l\u00f3gica de la historicidad y la complejidad de las inmigraciones. La primera parte se denomina \u201cDespu\u00e9s de cruzar los oc\u00e9anos\u201d y trata las causas de la salida de una regi\u00f3n y las diferentes maneras en que los inmigrantes se acoplaron a su lugar destino. La segunda parte es \u201cCruzar las fronteras\u201d y profundiza en la importancia y complejidad que adquieren los aspectos sociales en el proceso de migrar-emigrar-inmigrar.<\/span><\/p>\n","protected":false},"excerpt":{"rendered":"<p>CRUZANDO OC\u00c9ANOS Y FRONTERAS : MIGRACI\u00d3N INTERNA E INTERNACIONAL<span style=\"font-weight: 400;\">. \/ Raquel Ofelia Barcel\u00f3 Quintal (compiler). Pachuca de Soto, Hidalgo, M\u00e9xico : Universidad Aut\u00f3noma del Estado de Hidalgo , Instituto de Ciencias Sociales y Humanidades , \u00c1rea Acad\u00e9mica de Historia y Antropolog\u00eda ; Gobierno de M\u00e9xico : Consejo Nacional de Humanidades, Ciencias y Tecnolog\u00edas , Consejo Editorial, 2017. 378 pages : includes photos, tables, maps, chart, semblances, bibliography at the end of each chapter ; 22 cm. ISBN : 9786074825152.<\/span><\/p>\n","protected":false},"featured_media":1211,"template":"","meta":{"_acf_changed":false,"inline_featured_image":false},"product_brand":[],"product_cat":[78,42],"product_tag":[3685,3612],"class_list":{"0":"post-1212","1":"product","2":"type-product","3":"status-publish","4":"has-post-thumbnail","6":"product_cat-sociologia","7":"product_cat-temas-de-inmigracion-y-migraciones-humanas","8":"product_tag-inmigracion","9":"product_tag-inmigrants","11":"first","12":"instock","13":"taxable","14":"shipping-taxable","15":"purchasable","16":"product-type-simple"},"acf":[],"yoast_head":"<!-- This site is optimized with the Yoast SEO plugin v27.3 - https:\/\/yoast.com\/product\/yoast-seo-wordpress\/ -->\n<title>Cruzando oc\u00e9anos y fronteras<\/title>\n<meta name=\"description\" content=\"CRUZANDO OC\u00c9ANOS Y FRONTERAS : MIGRACI\u00d3N INTERNA E INTERNACIONAL. \/ Raquel Ofelia Barcel\u00f3 Quintal (compiler). UAEH. 2017. ISBN : 9786074825152.\" \/>\n<meta name=\"robots\" content=\"index, follow, max-snippet:-1, max-image-preview:large, max-video-preview:-1\" \/>\n<link rel=\"canonical\" href=\"https:\/\/booksfrommexico.com\/es\/producto\/cruzando-oceanos-y-fronteras-migracion-interna-e-internacional\/\" \/>\n<meta property=\"og:locale\" content=\"es_ES\" \/>\n<meta property=\"og:type\" content=\"article\" \/>\n<meta property=\"og:title\" content=\"Cruzando oc\u00e9anos y fronteras\" \/>\n<meta property=\"og:description\" content=\"CRUZANDO OC\u00c9ANOS Y FRONTERAS : MIGRACI\u00d3N INTERNA E INTERNACIONAL. \/ Raquel Ofelia Barcel\u00f3 Quintal (compiler). UAEH. 2017. ISBN : 9786074825152.\" \/>\n<meta property=\"og:url\" content=\"https:\/\/booksfrommexico.com\/es\/producto\/cruzando-oceanos-y-fronteras-migracion-interna-e-internacional\/\" \/>\n<meta property=\"og:site_name\" content=\"Books From Mexico\" \/>\n<meta property=\"article:modified_time\" content=\"2024-04-12T20:27:49+00:00\" \/>\n<meta property=\"og:image\" content=\"http:\/\/booksfrommexico.com\/app\/uploads\/2023\/05\/185458.jpg\" \/>\n\t<meta property=\"og:image:width\" content=\"609\" \/>\n\t<meta property=\"og:image:height\" content=\"848\" \/>\n\t<meta property=\"og:image:type\" content=\"image\/jpeg\" \/>\n<meta name=\"twitter:card\" content=\"summary_large_image\" \/>\n<meta name=\"twitter:label1\" content=\"Tiempo de lectura\" \/>\n\t<meta name=\"twitter:data1\" content=\"1 minuto\" \/>\n<script type=\"application\/ld+json\" class=\"yoast-schema-graph\">{\"@context\":\"https:\\\/\\\/schema.org\",\"@graph\":[{\"@type\":\"WebPage\",\"@id\":\"https:\\\/\\\/booksfrommexico.com\\\/es\\\/producto\\\/cruzando-oceanos-y-fronteras-migracion-interna-e-internacional\\\/\",\"url\":\"https:\\\/\\\/booksfrommexico.com\\\/es\\\/producto\\\/cruzando-oceanos-y-fronteras-migracion-interna-e-internacional\\\/\",\"name\":\"Cruzando oc\u00e9anos y fronteras\",\"isPartOf\":{\"@id\":\"https:\\\/\\\/booksfrommexico.com\\\/#website\"},\"primaryImageOfPage\":{\"@id\":\"https:\\\/\\\/booksfrommexico.com\\\/es\\\/producto\\\/cruzando-oceanos-y-fronteras-migracion-interna-e-internacional\\\/#primaryimage\"},\"image\":{\"@id\":\"https:\\\/\\\/booksfrommexico.com\\\/es\\\/producto\\\/cruzando-oceanos-y-fronteras-migracion-interna-e-internacional\\\/#primaryimage\"},\"thumbnailUrl\":\"https:\\\/\\\/booksfrommexico.com\\\/app\\\/uploads\\\/2023\\\/05\\\/185458.jpg\",\"datePublished\":\"2023-05-08T17:12:37+00:00\",\"dateModified\":\"2024-04-12T20:27:49+00:00\",\"description\":\"CRUZANDO OC\u00c9ANOS Y FRONTERAS : MIGRACI\u00d3N INTERNA E INTERNACIONAL. \\\/ Raquel Ofelia Barcel\u00f3 Quintal (compiler). UAEH. 2017. ISBN : 9786074825152.\",\"breadcrumb\":{\"@id\":\"https:\\\/\\\/booksfrommexico.com\\\/es\\\/producto\\\/cruzando-oceanos-y-fronteras-migracion-interna-e-internacional\\\/#breadcrumb\"},\"inLanguage\":\"es\",\"potentialAction\":[{\"@type\":\"ReadAction\",\"target\":[\"https:\\\/\\\/booksfrommexico.com\\\/es\\\/producto\\\/cruzando-oceanos-y-fronteras-migracion-interna-e-internacional\\\/\"]}]},{\"@type\":\"ImageObject\",\"inLanguage\":\"es\",\"@id\":\"https:\\\/\\\/booksfrommexico.com\\\/es\\\/producto\\\/cruzando-oceanos-y-fronteras-migracion-interna-e-internacional\\\/#primaryimage\",\"url\":\"https:\\\/\\\/booksfrommexico.com\\\/app\\\/uploads\\\/2023\\\/05\\\/185458.jpg\",\"contentUrl\":\"https:\\\/\\\/booksfrommexico.com\\\/app\\\/uploads\\\/2023\\\/05\\\/185458.jpg\",\"width\":609,\"height\":848,\"caption\":\"Books From M\u00e9xico: Cruzando oc\u00e9anos y fronteras: migraci\u00f3n interna e internacional\"},{\"@type\":\"BreadcrumbList\",\"@id\":\"https:\\\/\\\/booksfrommexico.com\\\/es\\\/producto\\\/cruzando-oceanos-y-fronteras-migracion-interna-e-internacional\\\/#breadcrumb\",\"itemListElement\":[{\"@type\":\"ListItem\",\"position\":1,\"name\":\"Home\",\"item\":\"https:\\\/\\\/booksfrommexico.com\\\/es\\\/\"},{\"@type\":\"ListItem\",\"position\":2,\"name\":\"Libros\",\"item\":\"https:\\\/\\\/booksfrommexico.com\\\/es\\\/libros\\\/\"},{\"@type\":\"ListItem\",\"position\":3,\"name\":\"Cruzando oc\u00e9anos y fronteras\"}]},{\"@type\":\"WebSite\",\"@id\":\"https:\\\/\\\/booksfrommexico.com\\\/#website\",\"url\":\"https:\\\/\\\/booksfrommexico.com\\\/\",\"name\":\"Books From Mexico\",\"description\":\"\",\"publisher\":{\"@id\":\"https:\\\/\\\/booksfrommexico.com\\\/#organization\"},\"potentialAction\":[{\"@type\":\"SearchAction\",\"target\":{\"@type\":\"EntryPoint\",\"urlTemplate\":\"https:\\\/\\\/booksfrommexico.com\\\/?s={search_term_string}\"},\"query-input\":{\"@type\":\"PropertyValueSpecification\",\"valueRequired\":true,\"valueName\":\"search_term_string\"}}],\"inLanguage\":\"es\"},{\"@type\":\"Organization\",\"@id\":\"https:\\\/\\\/booksfrommexico.com\\\/#organization\",\"name\":\"Books From Mexico\",\"url\":\"https:\\\/\\\/booksfrommexico.com\\\/\",\"logo\":{\"@type\":\"ImageObject\",\"inLanguage\":\"es\",\"@id\":\"https:\\\/\\\/booksfrommexico.com\\\/#\\\/schema\\\/logo\\\/image\\\/\",\"url\":\"https:\\\/\\\/booksfrommexico.com\\\/app\\\/uploads\\\/2023\\\/05\\\/logo-booksfrommexico.svg\",\"contentUrl\":\"https:\\\/\\\/booksfrommexico.com\\\/app\\\/uploads\\\/2023\\\/05\\\/logo-booksfrommexico.svg\",\"width\":86,\"height\":56,\"caption\":\"Books From Mexico\"},\"image\":{\"@id\":\"https:\\\/\\\/booksfrommexico.com\\\/#\\\/schema\\\/logo\\\/image\\\/\"}}]}<\/script>\n<!-- \/ Yoast SEO plugin. -->","yoast_head_json":{"title":"Cruzando oc\u00e9anos y fronteras","description":"CRUZANDO OC\u00c9ANOS Y FRONTERAS : MIGRACI\u00d3N INTERNA E INTERNACIONAL. \/ Raquel Ofelia Barcel\u00f3 Quintal (compiler). UAEH. 2017. ISBN : 9786074825152.","robots":{"index":"index","follow":"follow","max-snippet":"max-snippet:-1","max-image-preview":"max-image-preview:large","max-video-preview":"max-video-preview:-1"},"canonical":"https:\/\/booksfrommexico.com\/es\/producto\/cruzando-oceanos-y-fronteras-migracion-interna-e-internacional\/","og_locale":"es_ES","og_type":"article","og_title":"Cruzando oc\u00e9anos y fronteras","og_description":"CRUZANDO OC\u00c9ANOS Y FRONTERAS : MIGRACI\u00d3N INTERNA E INTERNACIONAL. \/ Raquel Ofelia Barcel\u00f3 Quintal (compiler). UAEH. 2017. ISBN : 9786074825152.","og_url":"https:\/\/booksfrommexico.com\/es\/producto\/cruzando-oceanos-y-fronteras-migracion-interna-e-internacional\/","og_site_name":"Books From Mexico","article_modified_time":"2024-04-12T20:27:49+00:00","og_image":[{"width":609,"height":848,"url":"http:\/\/booksfrommexico.com\/app\/uploads\/2023\/05\/185458.jpg","type":"image\/jpeg"}],"twitter_card":"summary_large_image","twitter_misc":{"Tiempo de lectura":"1 minuto"},"schema":{"@context":"https:\/\/schema.org","@graph":[{"@type":"WebPage","@id":"https:\/\/booksfrommexico.com\/es\/producto\/cruzando-oceanos-y-fronteras-migracion-interna-e-internacional\/","url":"https:\/\/booksfrommexico.com\/es\/producto\/cruzando-oceanos-y-fronteras-migracion-interna-e-internacional\/","name":"Cruzando oc\u00e9anos y fronteras","isPartOf":{"@id":"https:\/\/booksfrommexico.com\/#website"},"primaryImageOfPage":{"@id":"https:\/\/booksfrommexico.com\/es\/producto\/cruzando-oceanos-y-fronteras-migracion-interna-e-internacional\/#primaryimage"},"image":{"@id":"https:\/\/booksfrommexico.com\/es\/producto\/cruzando-oceanos-y-fronteras-migracion-interna-e-internacional\/#primaryimage"},"thumbnailUrl":"https:\/\/booksfrommexico.com\/app\/uploads\/2023\/05\/185458.jpg","datePublished":"2023-05-08T17:12:37+00:00","dateModified":"2024-04-12T20:27:49+00:00","description":"CRUZANDO OC\u00c9ANOS Y FRONTERAS : MIGRACI\u00d3N INTERNA E INTERNACIONAL. \/ Raquel Ofelia Barcel\u00f3 Quintal (compiler). UAEH. 2017. ISBN : 9786074825152.","breadcrumb":{"@id":"https:\/\/booksfrommexico.com\/es\/producto\/cruzando-oceanos-y-fronteras-migracion-interna-e-internacional\/#breadcrumb"},"inLanguage":"es","potentialAction":[{"@type":"ReadAction","target":["https:\/\/booksfrommexico.com\/es\/producto\/cruzando-oceanos-y-fronteras-migracion-interna-e-internacional\/"]}]},{"@type":"ImageObject","inLanguage":"es","@id":"https:\/\/booksfrommexico.com\/es\/producto\/cruzando-oceanos-y-fronteras-migracion-interna-e-internacional\/#primaryimage","url":"https:\/\/booksfrommexico.com\/app\/uploads\/2023\/05\/185458.jpg","contentUrl":"https:\/\/booksfrommexico.com\/app\/uploads\/2023\/05\/185458.jpg","width":609,"height":848,"caption":"Books From M\u00e9xico: Cruzando oc\u00e9anos y fronteras: migraci\u00f3n interna e internacional"},{"@type":"BreadcrumbList","@id":"https:\/\/booksfrommexico.com\/es\/producto\/cruzando-oceanos-y-fronteras-migracion-interna-e-internacional\/#breadcrumb","itemListElement":[{"@type":"ListItem","position":1,"name":"Home","item":"https:\/\/booksfrommexico.com\/es\/"},{"@type":"ListItem","position":2,"name":"Libros","item":"https:\/\/booksfrommexico.com\/es\/libros\/"},{"@type":"ListItem","position":3,"name":"Cruzando oc\u00e9anos y fronteras"}]},{"@type":"WebSite","@id":"https:\/\/booksfrommexico.com\/#website","url":"https:\/\/booksfrommexico.com\/","name":"Books From Mexico","description":"","publisher":{"@id":"https:\/\/booksfrommexico.com\/#organization"},"potentialAction":[{"@type":"SearchAction","target":{"@type":"EntryPoint","urlTemplate":"https:\/\/booksfrommexico.com\/?s={search_term_string}"},"query-input":{"@type":"PropertyValueSpecification","valueRequired":true,"valueName":"search_term_string"}}],"inLanguage":"es"},{"@type":"Organization","@id":"https:\/\/booksfrommexico.com\/#organization","name":"Books From Mexico","url":"https:\/\/booksfrommexico.com\/","logo":{"@type":"ImageObject","inLanguage":"es","@id":"https:\/\/booksfrommexico.com\/#\/schema\/logo\/image\/","url":"https:\/\/booksfrommexico.com\/app\/uploads\/2023\/05\/logo-booksfrommexico.svg","contentUrl":"https:\/\/booksfrommexico.com\/app\/uploads\/2023\/05\/logo-booksfrommexico.svg","width":86,"height":56,"caption":"Books From Mexico"},"image":{"@id":"https:\/\/booksfrommexico.com\/#\/schema\/logo\/image\/"}}]}},"_links":{"self":[{"href":"https:\/\/booksfrommexico.com\/es\/wp-json\/wp\/v2\/product\/1212","targetHints":{"allow":["GET"]}}],"collection":[{"href":"https:\/\/booksfrommexico.com\/es\/wp-json\/wp\/v2\/product"}],"about":[{"href":"https:\/\/booksfrommexico.com\/es\/wp-json\/wp\/v2\/types\/product"}],"wp:featuredmedia":[{"embeddable":true,"href":"https:\/\/booksfrommexico.com\/es\/wp-json\/wp\/v2\/media\/1211"}],"wp:attachment":[{"href":"https:\/\/booksfrommexico.com\/es\/wp-json\/wp\/v2\/media?parent=1212"}],"wp:term":[{"taxonomy":"product_brand","embeddable":true,"href":"https:\/\/booksfrommexico.com\/es\/wp-json\/wp\/v2\/product_brand?post=1212"},{"taxonomy":"product_cat","embeddable":true,"href":"https:\/\/booksfrommexico.com\/es\/wp-json\/wp\/v2\/product_cat?post=1212"},{"taxonomy":"product_tag","embeddable":true,"href":"https:\/\/booksfrommexico.com\/es\/wp-json\/wp\/v2\/product_tag?post=1212"}],"curies":[{"name":"wp","href":"https:\/\/api.w.org\/{rel}","templated":true}]}}