{"id":1214,"date":"2023-05-08T17:12:39","date_gmt":"2023-05-08T17:12:39","guid":{"rendered":"http:\/\/booksfrommexico.com\/product\/contornos-de-diversidad-y-ciudadania-en-america-latina\/"},"modified":"2024-06-04T18:43:05","modified_gmt":"2024-06-04T18:43:05","slug":"contornos-de-diversidad-y-ciudadania-en-america-latina","status":"publish","type":"product","link":"https:\/\/booksfrommexico.com\/es\/producto\/contornos-de-diversidad-y-ciudadania-en-america-latina\/","title":{"rendered":"Contornos de diversidad y ciudadan\u00eda en Am\u00e9rica Latina"},"content":{"rendered":"<p><span style=\"font-weight: 400;\">El objetivo de esta investigaci\u00f3n consiste en problematizar los debilitados ideales de libertad e igualdad de la modernidad occidental, enmarcados por los contextos latinoamericanos en los que no se ha logrado la coexistencia pac\u00edfica y respetuosa de la diversidad cultural en su sentido colectivo adem\u00e1s del individual. La intenci\u00f3n de los autores es invitar a la reflexi\u00f3n de coexistencias pac\u00edficas entre mayor\u00edas y minor\u00edas sin que en ellas medien intentos de extinci\u00f3n de la parte dominante sobre la dominada. Como parte de la Serie Las Ciencias Sociales, se re\u00fanen 11 textos de autores que aportan perspectivas sobre interculturalidad, feminismos, ciudadan\u00eda, derechos humanos y migraci\u00f3n.<\/span><\/p>\n","protected":false},"excerpt":{"rendered":"<p>CONTORNOS DE DIVERSIDAD Y CIUDADAN\u00cdA EN AM\u00c9RICA LATINA<span style=\"font-weight: 400;\">. \/ Ana Luisa Guerrero, Jorge Olvera Garc\u00eda, Julio C\u00e9sar Olvera Garc\u00eda (coordinators). M\u00e9xico, Estado de M\u00e9xico : Universidad Aut\u00f3noma del Estado de M\u00e9xico ; Ciudad de M\u00e9xico : Centro de Investigaciones sobre Am\u00e9rica Latina y el Caribe ; Miguel \u00c1ngel Porr\u00faa, 2017. 259 pages : includes references at the end of each chapter, semblances, bibliography; 23 cm. (Serie Las Ciencias Sociales. Tercera D\u00e9cada). ISBN : 9786075241586 (volumen) ; 6075241582 (serie).<\/span><\/p>\n","protected":false},"featured_media":1213,"template":"","meta":{"_acf_changed":false,"inline_featured_image":false},"product_brand":[],"product_cat":[182,78],"product_tag":[3837,4211,3880,3685],"class_list":{"0":"post-1214","1":"product","2":"type-product","3":"status-publish","4":"has-post-thumbnail","6":"product_cat-estudios-culturales-y-de-identidad-sociologia","7":"product_cat-sociologia","8":"product_tag-derechos-humanos","9":"product_tag-feminismo","10":"product_tag-identidad-cultural","11":"product_tag-inmigracion","13":"first","14":"instock","15":"taxable","16":"shipping-taxable","17":"purchasable","18":"product-type-simple"},"acf":[],"yoast_head":"<!-- This site is optimized with the Yoast SEO plugin v27.3 - https:\/\/yoast.com\/product\/yoast-seo-wordpress\/ -->\n<title>Contornos de diversidad y ciudadan\u00eda en Am\u00e9rica Latina<\/title>\n<meta name=\"description\" content=\"CONTORNOS DE DIVERSIDAD Y CIUDADAN\u00cdA EN AM\u00c9RICA LATINA. \/ Ana Luisa Guerrero, Jorge Olvera Garc\u00eda, Julio C\u00e9sar Olvera Garc\u00eda (coordinators). 2017.\" \/>\n<meta name=\"robots\" content=\"index, follow, max-snippet:-1, max-image-preview:large, max-video-preview:-1\" \/>\n<link rel=\"canonical\" href=\"https:\/\/booksfrommexico.com\/es\/producto\/contornos-de-diversidad-y-ciudadania-en-america-latina\/\" \/>\n<meta property=\"og:locale\" content=\"es_ES\" \/>\n<meta property=\"og:type\" content=\"article\" \/>\n<meta property=\"og:title\" content=\"Contornos de diversidad y ciudadan\u00eda en Am\u00e9rica Latina\" \/>\n<meta property=\"og:description\" content=\"CONTORNOS DE DIVERSIDAD Y CIUDADAN\u00cdA EN AM\u00c9RICA LATINA. \/ Ana Luisa Guerrero, Jorge Olvera Garc\u00eda, Julio C\u00e9sar Olvera Garc\u00eda (coordinators). 2017.\" \/>\n<meta property=\"og:url\" content=\"https:\/\/booksfrommexico.com\/es\/producto\/contornos-de-diversidad-y-ciudadania-en-america-latina\/\" \/>\n<meta property=\"og:site_name\" content=\"Books From Mexico\" \/>\n<meta property=\"article:modified_time\" content=\"2024-06-04T18:43:05+00:00\" \/>\n<meta property=\"og:image\" content=\"http:\/\/booksfrommexico.com\/app\/uploads\/2023\/05\/185048.jpg\" \/>\n\t<meta property=\"og:image:width\" content=\"646\" \/>\n\t<meta property=\"og:image:height\" content=\"895\" \/>\n\t<meta property=\"og:image:type\" content=\"image\/jpeg\" \/>\n<meta name=\"twitter:card\" content=\"summary_large_image\" \/>\n<meta name=\"twitter:label1\" content=\"Tiempo de lectura\" \/>\n\t<meta name=\"twitter:data1\" content=\"1 minuto\" \/>\n<script type=\"application\/ld+json\" class=\"yoast-schema-graph\">{\"@context\":\"https:\\\/\\\/schema.org\",\"@graph\":[{\"@type\":\"WebPage\",\"@id\":\"https:\\\/\\\/booksfrommexico.com\\\/es\\\/producto\\\/contornos-de-diversidad-y-ciudadania-en-america-latina\\\/\",\"url\":\"https:\\\/\\\/booksfrommexico.com\\\/es\\\/producto\\\/contornos-de-diversidad-y-ciudadania-en-america-latina\\\/\",\"name\":\"Contornos de diversidad y ciudadan\u00eda en Am\u00e9rica Latina\",\"isPartOf\":{\"@id\":\"https:\\\/\\\/booksfrommexico.com\\\/#website\"},\"primaryImageOfPage\":{\"@id\":\"https:\\\/\\\/booksfrommexico.com\\\/es\\\/producto\\\/contornos-de-diversidad-y-ciudadania-en-america-latina\\\/#primaryimage\"},\"image\":{\"@id\":\"https:\\\/\\\/booksfrommexico.com\\\/es\\\/producto\\\/contornos-de-diversidad-y-ciudadania-en-america-latina\\\/#primaryimage\"},\"thumbnailUrl\":\"https:\\\/\\\/booksfrommexico.com\\\/app\\\/uploads\\\/2023\\\/05\\\/185048.jpg\",\"datePublished\":\"2023-05-08T17:12:39+00:00\",\"dateModified\":\"2024-06-04T18:43:05+00:00\",\"description\":\"CONTORNOS DE DIVERSIDAD Y CIUDADAN\u00cdA EN AM\u00c9RICA LATINA. \\\/ Ana Luisa Guerrero, Jorge Olvera Garc\u00eda, Julio C\u00e9sar Olvera Garc\u00eda (coordinators). 2017.\",\"breadcrumb\":{\"@id\":\"https:\\\/\\\/booksfrommexico.com\\\/es\\\/producto\\\/contornos-de-diversidad-y-ciudadania-en-america-latina\\\/#breadcrumb\"},\"inLanguage\":\"es\",\"potentialAction\":[{\"@type\":\"ReadAction\",\"target\":[\"https:\\\/\\\/booksfrommexico.com\\\/es\\\/producto\\\/contornos-de-diversidad-y-ciudadania-en-america-latina\\\/\"]}]},{\"@type\":\"ImageObject\",\"inLanguage\":\"es\",\"@id\":\"https:\\\/\\\/booksfrommexico.com\\\/es\\\/producto\\\/contornos-de-diversidad-y-ciudadania-en-america-latina\\\/#primaryimage\",\"url\":\"https:\\\/\\\/booksfrommexico.com\\\/app\\\/uploads\\\/2023\\\/05\\\/185048.jpg\",\"contentUrl\":\"https:\\\/\\\/booksfrommexico.com\\\/app\\\/uploads\\\/2023\\\/05\\\/185048.jpg\",\"width\":646,\"height\":895,\"caption\":\"Books From M\u00e9xico: Contornos de diversidad y ciudadan\u00eda en Am\u00e9rica Latina\"},{\"@type\":\"BreadcrumbList\",\"@id\":\"https:\\\/\\\/booksfrommexico.com\\\/es\\\/producto\\\/contornos-de-diversidad-y-ciudadania-en-america-latina\\\/#breadcrumb\",\"itemListElement\":[{\"@type\":\"ListItem\",\"position\":1,\"name\":\"Home\",\"item\":\"https:\\\/\\\/booksfrommexico.com\\\/es\\\/\"},{\"@type\":\"ListItem\",\"position\":2,\"name\":\"Libros\",\"item\":\"https:\\\/\\\/booksfrommexico.com\\\/es\\\/libros\\\/\"},{\"@type\":\"ListItem\",\"position\":3,\"name\":\"Contornos de diversidad y ciudadan\u00eda en Am\u00e9rica Latina\"}]},{\"@type\":\"WebSite\",\"@id\":\"https:\\\/\\\/booksfrommexico.com\\\/#website\",\"url\":\"https:\\\/\\\/booksfrommexico.com\\\/\",\"name\":\"Books From Mexico\",\"description\":\"\",\"publisher\":{\"@id\":\"https:\\\/\\\/booksfrommexico.com\\\/#organization\"},\"potentialAction\":[{\"@type\":\"SearchAction\",\"target\":{\"@type\":\"EntryPoint\",\"urlTemplate\":\"https:\\\/\\\/booksfrommexico.com\\\/?s={search_term_string}\"},\"query-input\":{\"@type\":\"PropertyValueSpecification\",\"valueRequired\":true,\"valueName\":\"search_term_string\"}}],\"inLanguage\":\"es\"},{\"@type\":\"Organization\",\"@id\":\"https:\\\/\\\/booksfrommexico.com\\\/#organization\",\"name\":\"Books From Mexico\",\"url\":\"https:\\\/\\\/booksfrommexico.com\\\/\",\"logo\":{\"@type\":\"ImageObject\",\"inLanguage\":\"es\",\"@id\":\"https:\\\/\\\/booksfrommexico.com\\\/#\\\/schema\\\/logo\\\/image\\\/\",\"url\":\"https:\\\/\\\/booksfrommexico.com\\\/app\\\/uploads\\\/2023\\\/05\\\/logo-booksfrommexico.svg\",\"contentUrl\":\"https:\\\/\\\/booksfrommexico.com\\\/app\\\/uploads\\\/2023\\\/05\\\/logo-booksfrommexico.svg\",\"width\":86,\"height\":56,\"caption\":\"Books From Mexico\"},\"image\":{\"@id\":\"https:\\\/\\\/booksfrommexico.com\\\/#\\\/schema\\\/logo\\\/image\\\/\"}}]}<\/script>\n<!-- \/ Yoast SEO plugin. -->","yoast_head_json":{"title":"Contornos de diversidad y ciudadan\u00eda en Am\u00e9rica Latina","description":"CONTORNOS DE DIVERSIDAD Y CIUDADAN\u00cdA EN AM\u00c9RICA LATINA. \/ Ana Luisa Guerrero, Jorge Olvera Garc\u00eda, Julio C\u00e9sar Olvera Garc\u00eda (coordinators). 2017.","robots":{"index":"index","follow":"follow","max-snippet":"max-snippet:-1","max-image-preview":"max-image-preview:large","max-video-preview":"max-video-preview:-1"},"canonical":"https:\/\/booksfrommexico.com\/es\/producto\/contornos-de-diversidad-y-ciudadania-en-america-latina\/","og_locale":"es_ES","og_type":"article","og_title":"Contornos de diversidad y ciudadan\u00eda en Am\u00e9rica Latina","og_description":"CONTORNOS DE DIVERSIDAD Y CIUDADAN\u00cdA EN AM\u00c9RICA LATINA. \/ Ana Luisa Guerrero, Jorge Olvera Garc\u00eda, Julio C\u00e9sar Olvera Garc\u00eda (coordinators). 2017.","og_url":"https:\/\/booksfrommexico.com\/es\/producto\/contornos-de-diversidad-y-ciudadania-en-america-latina\/","og_site_name":"Books From Mexico","article_modified_time":"2024-06-04T18:43:05+00:00","og_image":[{"width":646,"height":895,"url":"http:\/\/booksfrommexico.com\/app\/uploads\/2023\/05\/185048.jpg","type":"image\/jpeg"}],"twitter_card":"summary_large_image","twitter_misc":{"Tiempo de lectura":"1 minuto"},"schema":{"@context":"https:\/\/schema.org","@graph":[{"@type":"WebPage","@id":"https:\/\/booksfrommexico.com\/es\/producto\/contornos-de-diversidad-y-ciudadania-en-america-latina\/","url":"https:\/\/booksfrommexico.com\/es\/producto\/contornos-de-diversidad-y-ciudadania-en-america-latina\/","name":"Contornos de diversidad y ciudadan\u00eda en Am\u00e9rica Latina","isPartOf":{"@id":"https:\/\/booksfrommexico.com\/#website"},"primaryImageOfPage":{"@id":"https:\/\/booksfrommexico.com\/es\/producto\/contornos-de-diversidad-y-ciudadania-en-america-latina\/#primaryimage"},"image":{"@id":"https:\/\/booksfrommexico.com\/es\/producto\/contornos-de-diversidad-y-ciudadania-en-america-latina\/#primaryimage"},"thumbnailUrl":"https:\/\/booksfrommexico.com\/app\/uploads\/2023\/05\/185048.jpg","datePublished":"2023-05-08T17:12:39+00:00","dateModified":"2024-06-04T18:43:05+00:00","description":"CONTORNOS DE DIVERSIDAD Y CIUDADAN\u00cdA EN AM\u00c9RICA LATINA. \/ Ana Luisa Guerrero, Jorge Olvera Garc\u00eda, Julio C\u00e9sar Olvera Garc\u00eda (coordinators). 2017.","breadcrumb":{"@id":"https:\/\/booksfrommexico.com\/es\/producto\/contornos-de-diversidad-y-ciudadania-en-america-latina\/#breadcrumb"},"inLanguage":"es","potentialAction":[{"@type":"ReadAction","target":["https:\/\/booksfrommexico.com\/es\/producto\/contornos-de-diversidad-y-ciudadania-en-america-latina\/"]}]},{"@type":"ImageObject","inLanguage":"es","@id":"https:\/\/booksfrommexico.com\/es\/producto\/contornos-de-diversidad-y-ciudadania-en-america-latina\/#primaryimage","url":"https:\/\/booksfrommexico.com\/app\/uploads\/2023\/05\/185048.jpg","contentUrl":"https:\/\/booksfrommexico.com\/app\/uploads\/2023\/05\/185048.jpg","width":646,"height":895,"caption":"Books From M\u00e9xico: Contornos de diversidad y ciudadan\u00eda en Am\u00e9rica Latina"},{"@type":"BreadcrumbList","@id":"https:\/\/booksfrommexico.com\/es\/producto\/contornos-de-diversidad-y-ciudadania-en-america-latina\/#breadcrumb","itemListElement":[{"@type":"ListItem","position":1,"name":"Home","item":"https:\/\/booksfrommexico.com\/es\/"},{"@type":"ListItem","position":2,"name":"Libros","item":"https:\/\/booksfrommexico.com\/es\/libros\/"},{"@type":"ListItem","position":3,"name":"Contornos de diversidad y ciudadan\u00eda en Am\u00e9rica Latina"}]},{"@type":"WebSite","@id":"https:\/\/booksfrommexico.com\/#website","url":"https:\/\/booksfrommexico.com\/","name":"Books From Mexico","description":"","publisher":{"@id":"https:\/\/booksfrommexico.com\/#organization"},"potentialAction":[{"@type":"SearchAction","target":{"@type":"EntryPoint","urlTemplate":"https:\/\/booksfrommexico.com\/?s={search_term_string}"},"query-input":{"@type":"PropertyValueSpecification","valueRequired":true,"valueName":"search_term_string"}}],"inLanguage":"es"},{"@type":"Organization","@id":"https:\/\/booksfrommexico.com\/#organization","name":"Books From Mexico","url":"https:\/\/booksfrommexico.com\/","logo":{"@type":"ImageObject","inLanguage":"es","@id":"https:\/\/booksfrommexico.com\/#\/schema\/logo\/image\/","url":"https:\/\/booksfrommexico.com\/app\/uploads\/2023\/05\/logo-booksfrommexico.svg","contentUrl":"https:\/\/booksfrommexico.com\/app\/uploads\/2023\/05\/logo-booksfrommexico.svg","width":86,"height":56,"caption":"Books From Mexico"},"image":{"@id":"https:\/\/booksfrommexico.com\/#\/schema\/logo\/image\/"}}]}},"_links":{"self":[{"href":"https:\/\/booksfrommexico.com\/es\/wp-json\/wp\/v2\/product\/1214","targetHints":{"allow":["GET"]}}],"collection":[{"href":"https:\/\/booksfrommexico.com\/es\/wp-json\/wp\/v2\/product"}],"about":[{"href":"https:\/\/booksfrommexico.com\/es\/wp-json\/wp\/v2\/types\/product"}],"wp:featuredmedia":[{"embeddable":true,"href":"https:\/\/booksfrommexico.com\/es\/wp-json\/wp\/v2\/media\/1213"}],"wp:attachment":[{"href":"https:\/\/booksfrommexico.com\/es\/wp-json\/wp\/v2\/media?parent=1214"}],"wp:term":[{"taxonomy":"product_brand","embeddable":true,"href":"https:\/\/booksfrommexico.com\/es\/wp-json\/wp\/v2\/product_brand?post=1214"},{"taxonomy":"product_cat","embeddable":true,"href":"https:\/\/booksfrommexico.com\/es\/wp-json\/wp\/v2\/product_cat?post=1214"},{"taxonomy":"product_tag","embeddable":true,"href":"https:\/\/booksfrommexico.com\/es\/wp-json\/wp\/v2\/product_tag?post=1214"}],"curies":[{"name":"wp","href":"https:\/\/api.w.org\/{rel}","templated":true}]}}