{"id":1216,"date":"2023-05-08T17:12:41","date_gmt":"2023-05-08T17:12:41","guid":{"rendered":"http:\/\/booksfrommexico.com\/product\/huiquit-pujba-cara-de-pajaro-brid-face-musica-tradicional-de-la-cultura-yoreme\/"},"modified":"2024-11-14T15:56:44","modified_gmt":"2024-11-14T15:56:44","slug":"huiquit-pujba-cara-de-pajaro-brid-face-musica-tradicional-de-la-cultura-yoreme","status":"publish","type":"product","link":"https:\/\/booksfrommexico.com\/es\/producto\/huiquit-pujba-cara-de-pajaro-brid-face-musica-tradicional-de-la-cultura-yoreme\/","title":{"rendered":"Huiquit-pujba : Cara de p\u00e1jaro"},"content":{"rendered":"<p><span style=\"font-weight: 400;\">Recopilaci\u00f3n de piezas musicales pertenecientes a la cultura yoreme,\u00a0 traducidas por primera vez al espa\u00f1ol por el trabajo de Bernardo Esquer y acompa\u00f1ados con la m\u00fasica interpretada por Yeu-Matchuc, grupo de m\u00fasica y danza tradicional de yoreme. Despu\u00e9s de un largo periodo de investigaci\u00f3n, se rescataron de los m\u00e1s viejos pobladores antiguas composiciones tradicionales relacionadas con la naturaleza y la fiesta, sin la cual no es posible entender esta cultura. Contando con fotograf\u00edas a color, esta trata de una edici\u00f3n multiling\u00fce, pues cuenta con los textos originales en yoreme, traducidos al espa\u00f1ol e ingl\u00e9s, contando adem\u00e1s con una grabaci\u00f3n en CD.<\/span><\/p>\n","protected":false},"excerpt":{"rendered":"<p>HUIQUIT-PUJBA : CARA DE P\u00c1JARO \/ BIRD FACE : M\u00daSICA TRADICIONAL DE LA CULTURA YOREME<span style=\"font-weight: 400;\">. \/ Bernardo Esquer (compiler). Culiac\u00e1n, Sinaloa, M\u00e9xico: Universidad Aut\u00f3noma de Sinaloa, 2016. 37 pages : includes color photos, maps, CD ; 25 cm. ISBN : 9786077371434.<\/span><\/p>\n","protected":false},"featured_media":1215,"template":"","meta":{"_acf_changed":false,"inline_featured_image":false},"product_brand":[],"product_cat":[382,325],"product_tag":[3880,4234],"class_list":{"0":"post-1216","1":"product","2":"type-product","3":"status-publish","4":"has-post-thumbnail","6":"product_cat-etno-musicologia-musica","7":"product_cat-musica","8":"product_tag-identidad-cultural","9":"product_tag-musica-y-mitologia","11":"first","12":"outofstock","13":"taxable","14":"shipping-taxable","15":"purchasable","16":"product-type-simple"},"acf":[],"yoast_head":"<!-- This site is optimized with the Yoast SEO plugin v27.3 - https:\/\/yoast.com\/product\/yoast-seo-wordpress\/ -->\n<title>Huiquit-pujba : Cara de p\u00e1jaro<\/title>\n<meta name=\"description\" content=\"HUIQUIT-PUJBA : CARA DE P\u00c1JARO \/ BIRD FACE : M\u00daSICA TRADICIONAL DE LA CULTURA YOREME. \/ Bernardo Esquer (compiler). Universidad Aut\u00f3noma de Sinaloa.\" \/>\n<meta name=\"robots\" content=\"index, follow, max-snippet:-1, max-image-preview:large, max-video-preview:-1\" \/>\n<link rel=\"canonical\" href=\"https:\/\/booksfrommexico.com\/es\/producto\/huiquit-pujba-cara-de-pajaro-brid-face-musica-tradicional-de-la-cultura-yoreme\/\" \/>\n<meta property=\"og:locale\" content=\"es_ES\" \/>\n<meta property=\"og:type\" content=\"article\" \/>\n<meta property=\"og:title\" content=\"Huiquit-pujba : Cara de p\u00e1jaro\" \/>\n<meta property=\"og:description\" content=\"HUIQUIT-PUJBA : CARA DE P\u00c1JARO \/ BIRD FACE : M\u00daSICA TRADICIONAL DE LA CULTURA YOREME. \/ Bernardo Esquer (compiler). Universidad Aut\u00f3noma de Sinaloa.\" \/>\n<meta property=\"og:url\" content=\"https:\/\/booksfrommexico.com\/es\/producto\/huiquit-pujba-cara-de-pajaro-brid-face-musica-tradicional-de-la-cultura-yoreme\/\" \/>\n<meta property=\"og:site_name\" content=\"Books From Mexico\" \/>\n<meta property=\"article:modified_time\" content=\"2024-11-14T15:56:44+00:00\" \/>\n<meta property=\"og:image\" content=\"http:\/\/booksfrommexico.com\/app\/uploads\/2023\/05\/185108-scaled-1.jpeg\" \/>\n\t<meta property=\"og:image:width\" content=\"1500\" \/>\n\t<meta property=\"og:image:height\" content=\"2560\" \/>\n\t<meta property=\"og:image:type\" content=\"image\/jpeg\" \/>\n<meta name=\"twitter:card\" content=\"summary_large_image\" \/>\n<meta name=\"twitter:label1\" content=\"Tiempo de lectura\" \/>\n\t<meta name=\"twitter:data1\" content=\"1 minuto\" \/>\n<script type=\"application\/ld+json\" class=\"yoast-schema-graph\">{\"@context\":\"https:\\\/\\\/schema.org\",\"@graph\":[{\"@type\":\"WebPage\",\"@id\":\"https:\\\/\\\/booksfrommexico.com\\\/es\\\/producto\\\/huiquit-pujba-cara-de-pajaro-brid-face-musica-tradicional-de-la-cultura-yoreme\\\/\",\"url\":\"https:\\\/\\\/booksfrommexico.com\\\/es\\\/producto\\\/huiquit-pujba-cara-de-pajaro-brid-face-musica-tradicional-de-la-cultura-yoreme\\\/\",\"name\":\"Huiquit-pujba : Cara de p\u00e1jaro\",\"isPartOf\":{\"@id\":\"https:\\\/\\\/booksfrommexico.com\\\/#website\"},\"primaryImageOfPage\":{\"@id\":\"https:\\\/\\\/booksfrommexico.com\\\/es\\\/producto\\\/huiquit-pujba-cara-de-pajaro-brid-face-musica-tradicional-de-la-cultura-yoreme\\\/#primaryimage\"},\"image\":{\"@id\":\"https:\\\/\\\/booksfrommexico.com\\\/es\\\/producto\\\/huiquit-pujba-cara-de-pajaro-brid-face-musica-tradicional-de-la-cultura-yoreme\\\/#primaryimage\"},\"thumbnailUrl\":\"https:\\\/\\\/booksfrommexico.com\\\/app\\\/uploads\\\/2023\\\/05\\\/185108-scaled-1.jpeg\",\"datePublished\":\"2023-05-08T17:12:41+00:00\",\"dateModified\":\"2024-11-14T15:56:44+00:00\",\"description\":\"HUIQUIT-PUJBA : CARA DE P\u00c1JARO \\\/ BIRD FACE : M\u00daSICA TRADICIONAL DE LA CULTURA YOREME. \\\/ Bernardo Esquer (compiler). Universidad Aut\u00f3noma de Sinaloa.\",\"breadcrumb\":{\"@id\":\"https:\\\/\\\/booksfrommexico.com\\\/es\\\/producto\\\/huiquit-pujba-cara-de-pajaro-brid-face-musica-tradicional-de-la-cultura-yoreme\\\/#breadcrumb\"},\"inLanguage\":\"es\",\"potentialAction\":[{\"@type\":\"ReadAction\",\"target\":[\"https:\\\/\\\/booksfrommexico.com\\\/es\\\/producto\\\/huiquit-pujba-cara-de-pajaro-brid-face-musica-tradicional-de-la-cultura-yoreme\\\/\"]}]},{\"@type\":\"ImageObject\",\"inLanguage\":\"es\",\"@id\":\"https:\\\/\\\/booksfrommexico.com\\\/es\\\/producto\\\/huiquit-pujba-cara-de-pajaro-brid-face-musica-tradicional-de-la-cultura-yoreme\\\/#primaryimage\",\"url\":\"https:\\\/\\\/booksfrommexico.com\\\/app\\\/uploads\\\/2023\\\/05\\\/185108-scaled-1.jpeg\",\"contentUrl\":\"https:\\\/\\\/booksfrommexico.com\\\/app\\\/uploads\\\/2023\\\/05\\\/185108-scaled-1.jpeg\",\"width\":1500,\"height\":2560,\"caption\":\"Books From M\u00e9xico: Huiquit-pujba = Cara de p\u00e1jaro - Brid Face\"},{\"@type\":\"BreadcrumbList\",\"@id\":\"https:\\\/\\\/booksfrommexico.com\\\/es\\\/producto\\\/huiquit-pujba-cara-de-pajaro-brid-face-musica-tradicional-de-la-cultura-yoreme\\\/#breadcrumb\",\"itemListElement\":[{\"@type\":\"ListItem\",\"position\":1,\"name\":\"Home\",\"item\":\"https:\\\/\\\/booksfrommexico.com\\\/es\\\/\"},{\"@type\":\"ListItem\",\"position\":2,\"name\":\"Libros\",\"item\":\"https:\\\/\\\/booksfrommexico.com\\\/es\\\/libros\\\/\"},{\"@type\":\"ListItem\",\"position\":3,\"name\":\"Huiquit-pujba : Cara de p\u00e1jaro\"}]},{\"@type\":\"WebSite\",\"@id\":\"https:\\\/\\\/booksfrommexico.com\\\/#website\",\"url\":\"https:\\\/\\\/booksfrommexico.com\\\/\",\"name\":\"Books From Mexico\",\"description\":\"\",\"publisher\":{\"@id\":\"https:\\\/\\\/booksfrommexico.com\\\/#organization\"},\"potentialAction\":[{\"@type\":\"SearchAction\",\"target\":{\"@type\":\"EntryPoint\",\"urlTemplate\":\"https:\\\/\\\/booksfrommexico.com\\\/?s={search_term_string}\"},\"query-input\":{\"@type\":\"PropertyValueSpecification\",\"valueRequired\":true,\"valueName\":\"search_term_string\"}}],\"inLanguage\":\"es\"},{\"@type\":\"Organization\",\"@id\":\"https:\\\/\\\/booksfrommexico.com\\\/#organization\",\"name\":\"Books From Mexico\",\"url\":\"https:\\\/\\\/booksfrommexico.com\\\/\",\"logo\":{\"@type\":\"ImageObject\",\"inLanguage\":\"es\",\"@id\":\"https:\\\/\\\/booksfrommexico.com\\\/#\\\/schema\\\/logo\\\/image\\\/\",\"url\":\"https:\\\/\\\/booksfrommexico.com\\\/app\\\/uploads\\\/2023\\\/05\\\/logo-booksfrommexico.svg\",\"contentUrl\":\"https:\\\/\\\/booksfrommexico.com\\\/app\\\/uploads\\\/2023\\\/05\\\/logo-booksfrommexico.svg\",\"width\":86,\"height\":56,\"caption\":\"Books From Mexico\"},\"image\":{\"@id\":\"https:\\\/\\\/booksfrommexico.com\\\/#\\\/schema\\\/logo\\\/image\\\/\"}}]}<\/script>\n<!-- \/ Yoast SEO plugin. -->","yoast_head_json":{"title":"Huiquit-pujba : Cara de p\u00e1jaro","description":"HUIQUIT-PUJBA : CARA DE P\u00c1JARO \/ BIRD FACE : M\u00daSICA TRADICIONAL DE LA CULTURA YOREME. \/ Bernardo Esquer (compiler). Universidad Aut\u00f3noma de Sinaloa.","robots":{"index":"index","follow":"follow","max-snippet":"max-snippet:-1","max-image-preview":"max-image-preview:large","max-video-preview":"max-video-preview:-1"},"canonical":"https:\/\/booksfrommexico.com\/es\/producto\/huiquit-pujba-cara-de-pajaro-brid-face-musica-tradicional-de-la-cultura-yoreme\/","og_locale":"es_ES","og_type":"article","og_title":"Huiquit-pujba : Cara de p\u00e1jaro","og_description":"HUIQUIT-PUJBA : CARA DE P\u00c1JARO \/ BIRD FACE : M\u00daSICA TRADICIONAL DE LA CULTURA YOREME. \/ Bernardo Esquer (compiler). Universidad Aut\u00f3noma de Sinaloa.","og_url":"https:\/\/booksfrommexico.com\/es\/producto\/huiquit-pujba-cara-de-pajaro-brid-face-musica-tradicional-de-la-cultura-yoreme\/","og_site_name":"Books From Mexico","article_modified_time":"2024-11-14T15:56:44+00:00","og_image":[{"width":1500,"height":2560,"url":"http:\/\/booksfrommexico.com\/app\/uploads\/2023\/05\/185108-scaled-1.jpeg","type":"image\/jpeg"}],"twitter_card":"summary_large_image","twitter_misc":{"Tiempo de lectura":"1 minuto"},"schema":{"@context":"https:\/\/schema.org","@graph":[{"@type":"WebPage","@id":"https:\/\/booksfrommexico.com\/es\/producto\/huiquit-pujba-cara-de-pajaro-brid-face-musica-tradicional-de-la-cultura-yoreme\/","url":"https:\/\/booksfrommexico.com\/es\/producto\/huiquit-pujba-cara-de-pajaro-brid-face-musica-tradicional-de-la-cultura-yoreme\/","name":"Huiquit-pujba : Cara de p\u00e1jaro","isPartOf":{"@id":"https:\/\/booksfrommexico.com\/#website"},"primaryImageOfPage":{"@id":"https:\/\/booksfrommexico.com\/es\/producto\/huiquit-pujba-cara-de-pajaro-brid-face-musica-tradicional-de-la-cultura-yoreme\/#primaryimage"},"image":{"@id":"https:\/\/booksfrommexico.com\/es\/producto\/huiquit-pujba-cara-de-pajaro-brid-face-musica-tradicional-de-la-cultura-yoreme\/#primaryimage"},"thumbnailUrl":"https:\/\/booksfrommexico.com\/app\/uploads\/2023\/05\/185108-scaled-1.jpeg","datePublished":"2023-05-08T17:12:41+00:00","dateModified":"2024-11-14T15:56:44+00:00","description":"HUIQUIT-PUJBA : CARA DE P\u00c1JARO \/ BIRD FACE : M\u00daSICA TRADICIONAL DE LA CULTURA YOREME. \/ Bernardo Esquer (compiler). Universidad Aut\u00f3noma de Sinaloa.","breadcrumb":{"@id":"https:\/\/booksfrommexico.com\/es\/producto\/huiquit-pujba-cara-de-pajaro-brid-face-musica-tradicional-de-la-cultura-yoreme\/#breadcrumb"},"inLanguage":"es","potentialAction":[{"@type":"ReadAction","target":["https:\/\/booksfrommexico.com\/es\/producto\/huiquit-pujba-cara-de-pajaro-brid-face-musica-tradicional-de-la-cultura-yoreme\/"]}]},{"@type":"ImageObject","inLanguage":"es","@id":"https:\/\/booksfrommexico.com\/es\/producto\/huiquit-pujba-cara-de-pajaro-brid-face-musica-tradicional-de-la-cultura-yoreme\/#primaryimage","url":"https:\/\/booksfrommexico.com\/app\/uploads\/2023\/05\/185108-scaled-1.jpeg","contentUrl":"https:\/\/booksfrommexico.com\/app\/uploads\/2023\/05\/185108-scaled-1.jpeg","width":1500,"height":2560,"caption":"Books From M\u00e9xico: Huiquit-pujba = Cara de p\u00e1jaro - Brid Face"},{"@type":"BreadcrumbList","@id":"https:\/\/booksfrommexico.com\/es\/producto\/huiquit-pujba-cara-de-pajaro-brid-face-musica-tradicional-de-la-cultura-yoreme\/#breadcrumb","itemListElement":[{"@type":"ListItem","position":1,"name":"Home","item":"https:\/\/booksfrommexico.com\/es\/"},{"@type":"ListItem","position":2,"name":"Libros","item":"https:\/\/booksfrommexico.com\/es\/libros\/"},{"@type":"ListItem","position":3,"name":"Huiquit-pujba : Cara de p\u00e1jaro"}]},{"@type":"WebSite","@id":"https:\/\/booksfrommexico.com\/#website","url":"https:\/\/booksfrommexico.com\/","name":"Books From Mexico","description":"","publisher":{"@id":"https:\/\/booksfrommexico.com\/#organization"},"potentialAction":[{"@type":"SearchAction","target":{"@type":"EntryPoint","urlTemplate":"https:\/\/booksfrommexico.com\/?s={search_term_string}"},"query-input":{"@type":"PropertyValueSpecification","valueRequired":true,"valueName":"search_term_string"}}],"inLanguage":"es"},{"@type":"Organization","@id":"https:\/\/booksfrommexico.com\/#organization","name":"Books From Mexico","url":"https:\/\/booksfrommexico.com\/","logo":{"@type":"ImageObject","inLanguage":"es","@id":"https:\/\/booksfrommexico.com\/#\/schema\/logo\/image\/","url":"https:\/\/booksfrommexico.com\/app\/uploads\/2023\/05\/logo-booksfrommexico.svg","contentUrl":"https:\/\/booksfrommexico.com\/app\/uploads\/2023\/05\/logo-booksfrommexico.svg","width":86,"height":56,"caption":"Books From Mexico"},"image":{"@id":"https:\/\/booksfrommexico.com\/#\/schema\/logo\/image\/"}}]}},"_links":{"self":[{"href":"https:\/\/booksfrommexico.com\/es\/wp-json\/wp\/v2\/product\/1216","targetHints":{"allow":["GET"]}}],"collection":[{"href":"https:\/\/booksfrommexico.com\/es\/wp-json\/wp\/v2\/product"}],"about":[{"href":"https:\/\/booksfrommexico.com\/es\/wp-json\/wp\/v2\/types\/product"}],"wp:featuredmedia":[{"embeddable":true,"href":"https:\/\/booksfrommexico.com\/es\/wp-json\/wp\/v2\/media\/1215"}],"wp:attachment":[{"href":"https:\/\/booksfrommexico.com\/es\/wp-json\/wp\/v2\/media?parent=1216"}],"wp:term":[{"taxonomy":"product_brand","embeddable":true,"href":"https:\/\/booksfrommexico.com\/es\/wp-json\/wp\/v2\/product_brand?post=1216"},{"taxonomy":"product_cat","embeddable":true,"href":"https:\/\/booksfrommexico.com\/es\/wp-json\/wp\/v2\/product_cat?post=1216"},{"taxonomy":"product_tag","embeddable":true,"href":"https:\/\/booksfrommexico.com\/es\/wp-json\/wp\/v2\/product_tag?post=1216"}],"curies":[{"name":"wp","href":"https:\/\/api.w.org\/{rel}","templated":true}]}}