{"id":1218,"date":"2023-05-08T17:12:47","date_gmt":"2023-05-08T17:12:47","guid":{"rendered":"http:\/\/booksfrommexico.com\/product\/transfiguraciones-de-danzas-tradicionales-ensayos-y-entrevistas\/"},"modified":"2023-10-12T20:15:43","modified_gmt":"2023-10-12T20:15:43","slug":"transfiguraciones-de-danzas-tradicionales-ensayos-y-entrevistas","status":"publish","type":"product","link":"https:\/\/booksfrommexico.com\/es\/producto\/transfiguraciones-de-danzas-tradicionales-ensayos-y-entrevistas\/","title":{"rendered":"Transfiguraciones de danzas tradicionales: ensayos y entrevistas"},"content":{"rendered":"","protected":false},"excerpt":{"rendered":"<p>TRANSFIGURACIONES DE DANZAS TRADICIONALES : ENSAYOS Y ENTREVISTAS. \/ Aurora Luc\u00eda Oliva Qui\u00f1ones, coordinadora. Oliva Qui\u00f1ones, Aurora Luc\u00eda, editor. Tuxtla Guti\u00e9rrez, Chiapas : Universidad Aut\u00f3noma de Chiapas, 2017. 257 pages : illustrations; 21 cm. Bibliography at the end of each chapter. Includes bibliographical references. ISBN 9786078573059 ; 9786078573066.<\/p>\n","protected":false},"featured_media":1217,"template":"","meta":{"_acf_changed":false,"inline_featured_image":false},"product_brand":[],"product_cat":[3347],"product_tag":[],"class_list":{"0":"post-1218","1":"product","2":"type-product","3":"status-publish","4":"has-post-thumbnail","6":"product_cat-drama-danza-y-teatro","8":"first","9":"outofstock","10":"taxable","11":"shipping-taxable","12":"purchasable","13":"product-type-simple"},"acf":[],"yoast_head":"<!-- This site is optimized with the Yoast SEO plugin v27.2 - https:\/\/yoast.com\/product\/yoast-seo-wordpress\/ -->\n<title>Books From M\u00e9xico: Transfiguraciones de danzas tradicionales<\/title>\n<meta name=\"description\" content=\"Transfiguraciones de danzas tradicionales: ensayos y entrevistas \/ Aurora Luc\u00eda Oliva Qui\u00f1ones, coordinadora. Tuxtla Guti\u00e9rrez, Chiapas.\" \/>\n<meta name=\"robots\" content=\"index, follow, max-snippet:-1, max-image-preview:large, max-video-preview:-1\" \/>\n<link rel=\"canonical\" href=\"https:\/\/booksfrommexico.com\/es\/producto\/transfiguraciones-de-danzas-tradicionales-ensayos-y-entrevistas\/\" \/>\n<meta property=\"og:locale\" content=\"es_ES\" \/>\n<meta property=\"og:type\" content=\"article\" \/>\n<meta property=\"og:title\" content=\"Books From M\u00e9xico: Transfiguraciones de danzas tradicionales\" \/>\n<meta property=\"og:description\" content=\"Transfiguraciones de danzas tradicionales: ensayos y entrevistas \/ Aurora Luc\u00eda Oliva Qui\u00f1ones, coordinadora. Tuxtla Guti\u00e9rrez, Chiapas.\" \/>\n<meta property=\"og:url\" content=\"https:\/\/booksfrommexico.com\/es\/producto\/transfiguraciones-de-danzas-tradicionales-ensayos-y-entrevistas\/\" \/>\n<meta property=\"og:site_name\" content=\"Books From Mexico\" \/>\n<meta property=\"article:modified_time\" content=\"2023-10-12T20:15:43+00:00\" \/>\n<meta property=\"og:image\" content=\"https:\/\/booksfrommexico.com\/app\/uploads\/2023\/05\/185119.jpeg\" \/>\n\t<meta property=\"og:image:width\" content=\"1516\" \/>\n\t<meta property=\"og:image:height\" content=\"2382\" \/>\n\t<meta property=\"og:image:type\" content=\"image\/jpeg\" \/>\n<meta name=\"twitter:card\" content=\"summary_large_image\" \/>\n<script type=\"application\/ld+json\" class=\"yoast-schema-graph\">{\"@context\":\"https:\/\/schema.org\",\"@graph\":[{\"@type\":\"WebPage\",\"@id\":\"https:\/\/booksfrommexico.com\/es\/producto\/transfiguraciones-de-danzas-tradicionales-ensayos-y-entrevistas\/\",\"url\":\"https:\/\/booksfrommexico.com\/es\/producto\/transfiguraciones-de-danzas-tradicionales-ensayos-y-entrevistas\/\",\"name\":\"Books From M\u00e9xico: Transfiguraciones de danzas tradicionales\",\"isPartOf\":{\"@id\":\"https:\/\/booksfrommexico.com\/#website\"},\"primaryImageOfPage\":{\"@id\":\"https:\/\/booksfrommexico.com\/es\/producto\/transfiguraciones-de-danzas-tradicionales-ensayos-y-entrevistas\/#primaryimage\"},\"image\":{\"@id\":\"https:\/\/booksfrommexico.com\/es\/producto\/transfiguraciones-de-danzas-tradicionales-ensayos-y-entrevistas\/#primaryimage\"},\"thumbnailUrl\":\"https:\/\/booksfrommexico.com\/app\/uploads\/2023\/05\/185119.jpeg\",\"datePublished\":\"2023-05-08T17:12:47+00:00\",\"dateModified\":\"2023-10-12T20:15:43+00:00\",\"description\":\"Transfiguraciones de danzas tradicionales: ensayos y entrevistas \/ Aurora Luc\u00eda Oliva Qui\u00f1ones, coordinadora. Tuxtla Guti\u00e9rrez, Chiapas.\",\"breadcrumb\":{\"@id\":\"https:\/\/booksfrommexico.com\/es\/producto\/transfiguraciones-de-danzas-tradicionales-ensayos-y-entrevistas\/#breadcrumb\"},\"inLanguage\":\"es\",\"potentialAction\":[{\"@type\":\"ReadAction\",\"target\":[\"https:\/\/booksfrommexico.com\/es\/producto\/transfiguraciones-de-danzas-tradicionales-ensayos-y-entrevistas\/\"]}]},{\"@type\":\"ImageObject\",\"inLanguage\":\"es\",\"@id\":\"https:\/\/booksfrommexico.com\/es\/producto\/transfiguraciones-de-danzas-tradicionales-ensayos-y-entrevistas\/#primaryimage\",\"url\":\"https:\/\/booksfrommexico.com\/app\/uploads\/2023\/05\/185119.jpeg\",\"contentUrl\":\"https:\/\/booksfrommexico.com\/app\/uploads\/2023\/05\/185119.jpeg\",\"width\":1516,\"height\":2382,\"caption\":\"Transfiguraciones de danzas tradicionales: ensayos y entrevista\"},{\"@type\":\"BreadcrumbList\",\"@id\":\"https:\/\/booksfrommexico.com\/es\/producto\/transfiguraciones-de-danzas-tradicionales-ensayos-y-entrevistas\/#breadcrumb\",\"itemListElement\":[{\"@type\":\"ListItem\",\"position\":1,\"name\":\"Home\",\"item\":\"https:\/\/booksfrommexico.com\/es\/\"},{\"@type\":\"ListItem\",\"position\":2,\"name\":\"Libros\",\"item\":\"https:\/\/booksfrommexico.com\/es\/libros\/\"},{\"@type\":\"ListItem\",\"position\":3,\"name\":\"Transfiguraciones de danzas tradicionales: ensayos y entrevistas\"}]},{\"@type\":\"WebSite\",\"@id\":\"https:\/\/booksfrommexico.com\/#website\",\"url\":\"https:\/\/booksfrommexico.com\/\",\"name\":\"Books From Mexico\",\"description\":\"\",\"publisher\":{\"@id\":\"https:\/\/booksfrommexico.com\/#organization\"},\"potentialAction\":[{\"@type\":\"SearchAction\",\"target\":{\"@type\":\"EntryPoint\",\"urlTemplate\":\"https:\/\/booksfrommexico.com\/?s={search_term_string}\"},\"query-input\":{\"@type\":\"PropertyValueSpecification\",\"valueRequired\":true,\"valueName\":\"search_term_string\"}}],\"inLanguage\":\"es\"},{\"@type\":\"Organization\",\"@id\":\"https:\/\/booksfrommexico.com\/#organization\",\"name\":\"Books From Mexico\",\"url\":\"https:\/\/booksfrommexico.com\/\",\"logo\":{\"@type\":\"ImageObject\",\"inLanguage\":\"es\",\"@id\":\"https:\/\/booksfrommexico.com\/#\/schema\/logo\/image\/\",\"url\":\"https:\/\/booksfrommexico.com\/app\/uploads\/2023\/05\/logo-booksfrommexico.svg\",\"contentUrl\":\"https:\/\/booksfrommexico.com\/app\/uploads\/2023\/05\/logo-booksfrommexico.svg\",\"width\":86,\"height\":56,\"caption\":\"Books From Mexico\"},\"image\":{\"@id\":\"https:\/\/booksfrommexico.com\/#\/schema\/logo\/image\/\"}}]}<\/script>\n<!-- \/ Yoast SEO plugin. -->","yoast_head_json":{"title":"Books From M\u00e9xico: Transfiguraciones de danzas tradicionales","description":"Transfiguraciones de danzas tradicionales: ensayos y entrevistas \/ Aurora Luc\u00eda Oliva Qui\u00f1ones, coordinadora. Tuxtla Guti\u00e9rrez, Chiapas.","robots":{"index":"index","follow":"follow","max-snippet":"max-snippet:-1","max-image-preview":"max-image-preview:large","max-video-preview":"max-video-preview:-1"},"canonical":"https:\/\/booksfrommexico.com\/es\/producto\/transfiguraciones-de-danzas-tradicionales-ensayos-y-entrevistas\/","og_locale":"es_ES","og_type":"article","og_title":"Books From M\u00e9xico: Transfiguraciones de danzas tradicionales","og_description":"Transfiguraciones de danzas tradicionales: ensayos y entrevistas \/ Aurora Luc\u00eda Oliva Qui\u00f1ones, coordinadora. Tuxtla Guti\u00e9rrez, Chiapas.","og_url":"https:\/\/booksfrommexico.com\/es\/producto\/transfiguraciones-de-danzas-tradicionales-ensayos-y-entrevistas\/","og_site_name":"Books From Mexico","article_modified_time":"2023-10-12T20:15:43+00:00","og_image":[{"width":1516,"height":2382,"url":"https:\/\/booksfrommexico.com\/app\/uploads\/2023\/05\/185119.jpeg","type":"image\/jpeg"}],"twitter_card":"summary_large_image","schema":{"@context":"https:\/\/schema.org","@graph":[{"@type":"WebPage","@id":"https:\/\/booksfrommexico.com\/es\/producto\/transfiguraciones-de-danzas-tradicionales-ensayos-y-entrevistas\/","url":"https:\/\/booksfrommexico.com\/es\/producto\/transfiguraciones-de-danzas-tradicionales-ensayos-y-entrevistas\/","name":"Books From M\u00e9xico: Transfiguraciones de danzas tradicionales","isPartOf":{"@id":"https:\/\/booksfrommexico.com\/#website"},"primaryImageOfPage":{"@id":"https:\/\/booksfrommexico.com\/es\/producto\/transfiguraciones-de-danzas-tradicionales-ensayos-y-entrevistas\/#primaryimage"},"image":{"@id":"https:\/\/booksfrommexico.com\/es\/producto\/transfiguraciones-de-danzas-tradicionales-ensayos-y-entrevistas\/#primaryimage"},"thumbnailUrl":"https:\/\/booksfrommexico.com\/app\/uploads\/2023\/05\/185119.jpeg","datePublished":"2023-05-08T17:12:47+00:00","dateModified":"2023-10-12T20:15:43+00:00","description":"Transfiguraciones de danzas tradicionales: ensayos y entrevistas \/ Aurora Luc\u00eda Oliva Qui\u00f1ones, coordinadora. Tuxtla Guti\u00e9rrez, Chiapas.","breadcrumb":{"@id":"https:\/\/booksfrommexico.com\/es\/producto\/transfiguraciones-de-danzas-tradicionales-ensayos-y-entrevistas\/#breadcrumb"},"inLanguage":"es","potentialAction":[{"@type":"ReadAction","target":["https:\/\/booksfrommexico.com\/es\/producto\/transfiguraciones-de-danzas-tradicionales-ensayos-y-entrevistas\/"]}]},{"@type":"ImageObject","inLanguage":"es","@id":"https:\/\/booksfrommexico.com\/es\/producto\/transfiguraciones-de-danzas-tradicionales-ensayos-y-entrevistas\/#primaryimage","url":"https:\/\/booksfrommexico.com\/app\/uploads\/2023\/05\/185119.jpeg","contentUrl":"https:\/\/booksfrommexico.com\/app\/uploads\/2023\/05\/185119.jpeg","width":1516,"height":2382,"caption":"Transfiguraciones de danzas tradicionales: ensayos y entrevista"},{"@type":"BreadcrumbList","@id":"https:\/\/booksfrommexico.com\/es\/producto\/transfiguraciones-de-danzas-tradicionales-ensayos-y-entrevistas\/#breadcrumb","itemListElement":[{"@type":"ListItem","position":1,"name":"Home","item":"https:\/\/booksfrommexico.com\/es\/"},{"@type":"ListItem","position":2,"name":"Libros","item":"https:\/\/booksfrommexico.com\/es\/libros\/"},{"@type":"ListItem","position":3,"name":"Transfiguraciones de danzas tradicionales: ensayos y entrevistas"}]},{"@type":"WebSite","@id":"https:\/\/booksfrommexico.com\/#website","url":"https:\/\/booksfrommexico.com\/","name":"Books From Mexico","description":"","publisher":{"@id":"https:\/\/booksfrommexico.com\/#organization"},"potentialAction":[{"@type":"SearchAction","target":{"@type":"EntryPoint","urlTemplate":"https:\/\/booksfrommexico.com\/?s={search_term_string}"},"query-input":{"@type":"PropertyValueSpecification","valueRequired":true,"valueName":"search_term_string"}}],"inLanguage":"es"},{"@type":"Organization","@id":"https:\/\/booksfrommexico.com\/#organization","name":"Books From Mexico","url":"https:\/\/booksfrommexico.com\/","logo":{"@type":"ImageObject","inLanguage":"es","@id":"https:\/\/booksfrommexico.com\/#\/schema\/logo\/image\/","url":"https:\/\/booksfrommexico.com\/app\/uploads\/2023\/05\/logo-booksfrommexico.svg","contentUrl":"https:\/\/booksfrommexico.com\/app\/uploads\/2023\/05\/logo-booksfrommexico.svg","width":86,"height":56,"caption":"Books From Mexico"},"image":{"@id":"https:\/\/booksfrommexico.com\/#\/schema\/logo\/image\/"}}]}},"_links":{"self":[{"href":"https:\/\/booksfrommexico.com\/es\/wp-json\/wp\/v2\/product\/1218","targetHints":{"allow":["GET"]}}],"collection":[{"href":"https:\/\/booksfrommexico.com\/es\/wp-json\/wp\/v2\/product"}],"about":[{"href":"https:\/\/booksfrommexico.com\/es\/wp-json\/wp\/v2\/types\/product"}],"wp:featuredmedia":[{"embeddable":true,"href":"https:\/\/booksfrommexico.com\/es\/wp-json\/wp\/v2\/media\/1217"}],"wp:attachment":[{"href":"https:\/\/booksfrommexico.com\/es\/wp-json\/wp\/v2\/media?parent=1218"}],"wp:term":[{"taxonomy":"product_brand","embeddable":true,"href":"https:\/\/booksfrommexico.com\/es\/wp-json\/wp\/v2\/product_brand?post=1218"},{"taxonomy":"product_cat","embeddable":true,"href":"https:\/\/booksfrommexico.com\/es\/wp-json\/wp\/v2\/product_cat?post=1218"},{"taxonomy":"product_tag","embeddable":true,"href":"https:\/\/booksfrommexico.com\/es\/wp-json\/wp\/v2\/product_tag?post=1218"}],"curies":[{"name":"wp","href":"https:\/\/api.w.org\/{rel}","templated":true}]}}