{"id":1220,"date":"2023-05-08T17:12:49","date_gmt":"2023-05-08T17:12:49","guid":{"rendered":"http:\/\/booksfrommexico.com\/product\/mexico-68-18-100-carteles\/"},"modified":"2024-07-31T23:45:53","modified_gmt":"2024-07-31T23:45:53","slug":"mexico-68-18-100-carteles","status":"publish","type":"product","link":"https:\/\/booksfrommexico.com\/es\/producto\/mexico-68-18-100-carteles\/","title":{"rendered":"M\u00e9xico 68\/18: 100 carteles"},"content":{"rendered":"<p><span style=\"font-weight: 400;\">El movimiento estudiantil en M\u00e9xico tuvo un abrupto final con la masacre de estudiantes en Tlatelolco el 2 de octubre de 1968; a partir de all\u00ed hubo cambios en la sociedad y en el arte. La exposici\u00f3n <\/span><i><span style=\"font-weight: 400;\">M\u00e9xico 68\/18 <\/span><\/i><span style=\"font-weight: 400;\">es un proyecto colegiado del Instituto de Artes Pl\u00e1sticas (IAP) de la Universidad Veracruzana, con 100 dise\u00f1adores invitados de catorce entidades de la Rep\u00fablica Mexicana para conformar una colecci\u00f3n de carteles conmemorativos con fecha de inauguraci\u00f3n el 2 de octubre de 2018. En este cat\u00e1logo se recoge el trabajo de seis generaciones de cartelistas, acad\u00e9micos, miembros del comit\u00e9 estudiantil del \u201868 y de los j\u00f3venes estudiantes que van abri\u00e9ndose camino en este arte. <\/span><\/p>\n","protected":false},"excerpt":{"rendered":"<p>M\u00c9XICO 68\/18 : 100 CARTELES<span style=\"font-weight: 400;\">. \/ Xalapa, Veracruz, M\u00e9xico : Universidad Veracruzana ; H. Ayuntamiento de Xalapa, 2018. 134 pages : includes color illustrations ; 34 cm. ISBN : 9786075026855.<\/span><\/p>\n","protected":false},"featured_media":1219,"template":"","meta":{"_acf_changed":false,"inline_featured_image":false},"product_brand":[],"product_cat":[87,4277,651,113,441],"product_tag":[4044,4279,4398,4269,4434],"class_list":{"0":"post-1220","1":"product","2":"type-product","3":"status-publish","4":"has-post-thumbnail","6":"product_cat-arte","7":"product_cat-diseno-grafico","8":"product_cat-historia-politica","9":"product_cat-historia-social","10":"product_cat-movimientos-sociales-sociologia","11":"product_tag-arte","12":"product_tag-diseno","13":"product_tag-historia-mexico","14":"product_tag-movimiento-de-1968","15":"product_tag-movimientos-sociales","17":"first","18":"instock","19":"taxable","20":"shipping-taxable","21":"purchasable","22":"product-type-simple"},"acf":[],"yoast_head":"<!-- This site is optimized with the Yoast SEO plugin v27.3 - https:\/\/yoast.com\/product\/yoast-seo-wordpress\/ -->\n<title>M\u00e9xico 68\/18: 100 carteles<\/title>\n<meta name=\"description\" content=\"M\u00c9XICO 68\/18 : 100 CARTELES. \/ Xalapa, Veracruz, M\u00e9xico : Universidad Veracruzana ; H. Ayuntamiento de Xalapa, 2018. ISBN : 9786075026855.\" \/>\n<meta name=\"robots\" content=\"index, follow, max-snippet:-1, max-image-preview:large, max-video-preview:-1\" \/>\n<link rel=\"canonical\" href=\"https:\/\/booksfrommexico.com\/es\/producto\/mexico-68-18-100-carteles\/\" \/>\n<meta property=\"og:locale\" content=\"es_ES\" \/>\n<meta property=\"og:type\" content=\"article\" \/>\n<meta property=\"og:title\" content=\"M\u00e9xico 68\/18: 100 carteles\" \/>\n<meta property=\"og:description\" content=\"M\u00c9XICO 68\/18 : 100 CARTELES. \/ Xalapa, Veracruz, M\u00e9xico : Universidad Veracruzana ; H. Ayuntamiento de Xalapa, 2018. ISBN : 9786075026855.\" \/>\n<meta property=\"og:url\" content=\"https:\/\/booksfrommexico.com\/es\/producto\/mexico-68-18-100-carteles\/\" \/>\n<meta property=\"og:site_name\" content=\"Books From Mexico\" \/>\n<meta property=\"article:modified_time\" content=\"2024-07-31T23:45:53+00:00\" \/>\n<meta property=\"og:image\" content=\"http:\/\/booksfrommexico.com\/app\/uploads\/2023\/05\/185731.jpg\" \/>\n\t<meta property=\"og:image:width\" content=\"842\" \/>\n\t<meta property=\"og:image:height\" content=\"1168\" \/>\n\t<meta property=\"og:image:type\" content=\"image\/jpeg\" \/>\n<meta name=\"twitter:card\" content=\"summary_large_image\" \/>\n<meta name=\"twitter:label1\" content=\"Tiempo de lectura\" \/>\n\t<meta name=\"twitter:data1\" content=\"1 minuto\" \/>\n<script type=\"application\/ld+json\" class=\"yoast-schema-graph\">{\"@context\":\"https:\\\/\\\/schema.org\",\"@graph\":[{\"@type\":\"WebPage\",\"@id\":\"https:\\\/\\\/booksfrommexico.com\\\/es\\\/producto\\\/mexico-68-18-100-carteles\\\/\",\"url\":\"https:\\\/\\\/booksfrommexico.com\\\/es\\\/producto\\\/mexico-68-18-100-carteles\\\/\",\"name\":\"M\u00e9xico 68\\\/18: 100 carteles\",\"isPartOf\":{\"@id\":\"https:\\\/\\\/booksfrommexico.com\\\/#website\"},\"primaryImageOfPage\":{\"@id\":\"https:\\\/\\\/booksfrommexico.com\\\/es\\\/producto\\\/mexico-68-18-100-carteles\\\/#primaryimage\"},\"image\":{\"@id\":\"https:\\\/\\\/booksfrommexico.com\\\/es\\\/producto\\\/mexico-68-18-100-carteles\\\/#primaryimage\"},\"thumbnailUrl\":\"https:\\\/\\\/booksfrommexico.com\\\/app\\\/uploads\\\/2023\\\/05\\\/185731.jpg\",\"datePublished\":\"2023-05-08T17:12:49+00:00\",\"dateModified\":\"2024-07-31T23:45:53+00:00\",\"description\":\"M\u00c9XICO 68\\\/18 : 100 CARTELES. \\\/ Xalapa, Veracruz, M\u00e9xico : Universidad Veracruzana ; H. Ayuntamiento de Xalapa, 2018. ISBN : 9786075026855.\",\"breadcrumb\":{\"@id\":\"https:\\\/\\\/booksfrommexico.com\\\/es\\\/producto\\\/mexico-68-18-100-carteles\\\/#breadcrumb\"},\"inLanguage\":\"es\",\"potentialAction\":[{\"@type\":\"ReadAction\",\"target\":[\"https:\\\/\\\/booksfrommexico.com\\\/es\\\/producto\\\/mexico-68-18-100-carteles\\\/\"]}]},{\"@type\":\"ImageObject\",\"inLanguage\":\"es\",\"@id\":\"https:\\\/\\\/booksfrommexico.com\\\/es\\\/producto\\\/mexico-68-18-100-carteles\\\/#primaryimage\",\"url\":\"https:\\\/\\\/booksfrommexico.com\\\/app\\\/uploads\\\/2023\\\/05\\\/185731.jpg\",\"contentUrl\":\"https:\\\/\\\/booksfrommexico.com\\\/app\\\/uploads\\\/2023\\\/05\\\/185731.jpg\",\"width\":842,\"height\":1168,\"caption\":\"M\u00e9xico 68\\\/18: 100 carteles\"},{\"@type\":\"BreadcrumbList\",\"@id\":\"https:\\\/\\\/booksfrommexico.com\\\/es\\\/producto\\\/mexico-68-18-100-carteles\\\/#breadcrumb\",\"itemListElement\":[{\"@type\":\"ListItem\",\"position\":1,\"name\":\"Home\",\"item\":\"https:\\\/\\\/booksfrommexico.com\\\/es\\\/\"},{\"@type\":\"ListItem\",\"position\":2,\"name\":\"Libros\",\"item\":\"https:\\\/\\\/booksfrommexico.com\\\/es\\\/libros\\\/\"},{\"@type\":\"ListItem\",\"position\":3,\"name\":\"M\u00e9xico 68\\\/18: 100 carteles\"}]},{\"@type\":\"WebSite\",\"@id\":\"https:\\\/\\\/booksfrommexico.com\\\/#website\",\"url\":\"https:\\\/\\\/booksfrommexico.com\\\/\",\"name\":\"Books From Mexico\",\"description\":\"\",\"publisher\":{\"@id\":\"https:\\\/\\\/booksfrommexico.com\\\/#organization\"},\"potentialAction\":[{\"@type\":\"SearchAction\",\"target\":{\"@type\":\"EntryPoint\",\"urlTemplate\":\"https:\\\/\\\/booksfrommexico.com\\\/?s={search_term_string}\"},\"query-input\":{\"@type\":\"PropertyValueSpecification\",\"valueRequired\":true,\"valueName\":\"search_term_string\"}}],\"inLanguage\":\"es\"},{\"@type\":\"Organization\",\"@id\":\"https:\\\/\\\/booksfrommexico.com\\\/#organization\",\"name\":\"Books From Mexico\",\"url\":\"https:\\\/\\\/booksfrommexico.com\\\/\",\"logo\":{\"@type\":\"ImageObject\",\"inLanguage\":\"es\",\"@id\":\"https:\\\/\\\/booksfrommexico.com\\\/#\\\/schema\\\/logo\\\/image\\\/\",\"url\":\"https:\\\/\\\/booksfrommexico.com\\\/app\\\/uploads\\\/2023\\\/05\\\/logo-booksfrommexico.svg\",\"contentUrl\":\"https:\\\/\\\/booksfrommexico.com\\\/app\\\/uploads\\\/2023\\\/05\\\/logo-booksfrommexico.svg\",\"width\":86,\"height\":56,\"caption\":\"Books From Mexico\"},\"image\":{\"@id\":\"https:\\\/\\\/booksfrommexico.com\\\/#\\\/schema\\\/logo\\\/image\\\/\"}}]}<\/script>\n<!-- \/ Yoast SEO plugin. -->","yoast_head_json":{"title":"M\u00e9xico 68\/18: 100 carteles","description":"M\u00c9XICO 68\/18 : 100 CARTELES. \/ Xalapa, Veracruz, M\u00e9xico : Universidad Veracruzana ; H. Ayuntamiento de Xalapa, 2018. ISBN : 9786075026855.","robots":{"index":"index","follow":"follow","max-snippet":"max-snippet:-1","max-image-preview":"max-image-preview:large","max-video-preview":"max-video-preview:-1"},"canonical":"https:\/\/booksfrommexico.com\/es\/producto\/mexico-68-18-100-carteles\/","og_locale":"es_ES","og_type":"article","og_title":"M\u00e9xico 68\/18: 100 carteles","og_description":"M\u00c9XICO 68\/18 : 100 CARTELES. \/ Xalapa, Veracruz, M\u00e9xico : Universidad Veracruzana ; H. Ayuntamiento de Xalapa, 2018. ISBN : 9786075026855.","og_url":"https:\/\/booksfrommexico.com\/es\/producto\/mexico-68-18-100-carteles\/","og_site_name":"Books From Mexico","article_modified_time":"2024-07-31T23:45:53+00:00","og_image":[{"width":842,"height":1168,"url":"http:\/\/booksfrommexico.com\/app\/uploads\/2023\/05\/185731.jpg","type":"image\/jpeg"}],"twitter_card":"summary_large_image","twitter_misc":{"Tiempo de lectura":"1 minuto"},"schema":{"@context":"https:\/\/schema.org","@graph":[{"@type":"WebPage","@id":"https:\/\/booksfrommexico.com\/es\/producto\/mexico-68-18-100-carteles\/","url":"https:\/\/booksfrommexico.com\/es\/producto\/mexico-68-18-100-carteles\/","name":"M\u00e9xico 68\/18: 100 carteles","isPartOf":{"@id":"https:\/\/booksfrommexico.com\/#website"},"primaryImageOfPage":{"@id":"https:\/\/booksfrommexico.com\/es\/producto\/mexico-68-18-100-carteles\/#primaryimage"},"image":{"@id":"https:\/\/booksfrommexico.com\/es\/producto\/mexico-68-18-100-carteles\/#primaryimage"},"thumbnailUrl":"https:\/\/booksfrommexico.com\/app\/uploads\/2023\/05\/185731.jpg","datePublished":"2023-05-08T17:12:49+00:00","dateModified":"2024-07-31T23:45:53+00:00","description":"M\u00c9XICO 68\/18 : 100 CARTELES. \/ Xalapa, Veracruz, M\u00e9xico : Universidad Veracruzana ; H. Ayuntamiento de Xalapa, 2018. ISBN : 9786075026855.","breadcrumb":{"@id":"https:\/\/booksfrommexico.com\/es\/producto\/mexico-68-18-100-carteles\/#breadcrumb"},"inLanguage":"es","potentialAction":[{"@type":"ReadAction","target":["https:\/\/booksfrommexico.com\/es\/producto\/mexico-68-18-100-carteles\/"]}]},{"@type":"ImageObject","inLanguage":"es","@id":"https:\/\/booksfrommexico.com\/es\/producto\/mexico-68-18-100-carteles\/#primaryimage","url":"https:\/\/booksfrommexico.com\/app\/uploads\/2023\/05\/185731.jpg","contentUrl":"https:\/\/booksfrommexico.com\/app\/uploads\/2023\/05\/185731.jpg","width":842,"height":1168,"caption":"M\u00e9xico 68\/18: 100 carteles"},{"@type":"BreadcrumbList","@id":"https:\/\/booksfrommexico.com\/es\/producto\/mexico-68-18-100-carteles\/#breadcrumb","itemListElement":[{"@type":"ListItem","position":1,"name":"Home","item":"https:\/\/booksfrommexico.com\/es\/"},{"@type":"ListItem","position":2,"name":"Libros","item":"https:\/\/booksfrommexico.com\/es\/libros\/"},{"@type":"ListItem","position":3,"name":"M\u00e9xico 68\/18: 100 carteles"}]},{"@type":"WebSite","@id":"https:\/\/booksfrommexico.com\/#website","url":"https:\/\/booksfrommexico.com\/","name":"Books From Mexico","description":"","publisher":{"@id":"https:\/\/booksfrommexico.com\/#organization"},"potentialAction":[{"@type":"SearchAction","target":{"@type":"EntryPoint","urlTemplate":"https:\/\/booksfrommexico.com\/?s={search_term_string}"},"query-input":{"@type":"PropertyValueSpecification","valueRequired":true,"valueName":"search_term_string"}}],"inLanguage":"es"},{"@type":"Organization","@id":"https:\/\/booksfrommexico.com\/#organization","name":"Books From Mexico","url":"https:\/\/booksfrommexico.com\/","logo":{"@type":"ImageObject","inLanguage":"es","@id":"https:\/\/booksfrommexico.com\/#\/schema\/logo\/image\/","url":"https:\/\/booksfrommexico.com\/app\/uploads\/2023\/05\/logo-booksfrommexico.svg","contentUrl":"https:\/\/booksfrommexico.com\/app\/uploads\/2023\/05\/logo-booksfrommexico.svg","width":86,"height":56,"caption":"Books From Mexico"},"image":{"@id":"https:\/\/booksfrommexico.com\/#\/schema\/logo\/image\/"}}]}},"_links":{"self":[{"href":"https:\/\/booksfrommexico.com\/es\/wp-json\/wp\/v2\/product\/1220","targetHints":{"allow":["GET"]}}],"collection":[{"href":"https:\/\/booksfrommexico.com\/es\/wp-json\/wp\/v2\/product"}],"about":[{"href":"https:\/\/booksfrommexico.com\/es\/wp-json\/wp\/v2\/types\/product"}],"wp:featuredmedia":[{"embeddable":true,"href":"https:\/\/booksfrommexico.com\/es\/wp-json\/wp\/v2\/media\/1219"}],"wp:attachment":[{"href":"https:\/\/booksfrommexico.com\/es\/wp-json\/wp\/v2\/media?parent=1220"}],"wp:term":[{"taxonomy":"product_brand","embeddable":true,"href":"https:\/\/booksfrommexico.com\/es\/wp-json\/wp\/v2\/product_brand?post=1220"},{"taxonomy":"product_cat","embeddable":true,"href":"https:\/\/booksfrommexico.com\/es\/wp-json\/wp\/v2\/product_cat?post=1220"},{"taxonomy":"product_tag","embeddable":true,"href":"https:\/\/booksfrommexico.com\/es\/wp-json\/wp\/v2\/product_tag?post=1220"}],"curies":[{"name":"wp","href":"https:\/\/api.w.org\/{rel}","templated":true}]}}