{"id":1222,"date":"2023-05-08T17:12:51","date_gmt":"2023-05-08T17:12:51","guid":{"rendered":"http:\/\/booksfrommexico.com\/product\/celebracion-y-sonoridad-en-las-catedrales-novohispanas\/"},"modified":"2024-06-04T18:37:31","modified_gmt":"2024-06-04T18:37:31","slug":"celebracion-y-sonoridad-en-las-catedrales-novohispanas","status":"publish","type":"product","link":"https:\/\/booksfrommexico.com\/es\/producto\/celebracion-y-sonoridad-en-las-catedrales-novohispanas\/","title":{"rendered":"Celebraci\u00f3n y sonoridad en las catedrales novohispanas"},"content":{"rendered":"<p><span style=\"font-weight: 400;\">El tema de la ritualidad y la m\u00fasica en las celebraciones catedralicias ha sido tratado por diferentes estudiosos que forman parte de proyectos colectivos de investigaci\u00f3n. Aqu\u00ed se ofrecen una serie de reflexiones al respecto que son testimonio del coloquio \u201cCelebraci\u00f3n y sonoridad en las catedrales novo-hispanas\u201d organizado por la Universidad Nacional Aut\u00f3noma de M\u00e9xico y el Conservatorio de las Rosas en 2014. Estos textos buscan encontrar coincidencias entre los distintos campos de estudio y favorecer las relaciones entre investigadores de distintas disciplinas, en torno a la musicolog\u00eda, la historia del arte, la sociolog\u00eda y la antropolog\u00eda.<\/span><\/p>\n","protected":false},"excerpt":{"rendered":"<p><span style=\"font-weight: 400;\">CELEBRACI\u00d3N Y SONORIDAD EN LAS CATEDRALES NOVOHISPANAS. \/ Anastasia Krutitskaya, \u00c9dgar Alejandro Calder\u00f3n Alc\u00e1ntar (coordinators). Ciudad de M\u00e9xico, M\u00e9xico : Universidad Nacional Aut\u00f3noma de M\u00e9xico ; Morelia, Michoac\u00e1n, M\u00e9xico : Escuela Nacional de Estudios Superiores Unidad Morelia, 2017. 282 pages : illustrations, sheet music, references, bibliography at the end of each chapter ; 29 cm. ISBN : 9786070299315.<\/span><\/p>\n","protected":false},"featured_media":1221,"template":"","meta":{"_acf_changed":false,"inline_featured_image":false},"product_brand":[],"product_cat":[326,325],"product_tag":[4235,3880,3729],"class_list":{"0":"post-1222","1":"product","2":"type-product","3":"status-publish","4":"has-post-thumbnail","6":"product_cat-aspectos-historicos-musica","7":"product_cat-musica","8":"product_tag-coloquios","9":"product_tag-identidad-cultural","10":"product_tag-religion","12":"first","13":"instock","14":"taxable","15":"shipping-taxable","16":"purchasable","17":"product-type-simple"},"acf":[],"yoast_head":"<!-- This site is optimized with the Yoast SEO plugin v27.3 - https:\/\/yoast.com\/product\/yoast-seo-wordpress\/ -->\n<title>Celebraci\u00f3n y sonoridad en las catedrales novohispanas<\/title>\n<meta name=\"description\" content=\"Anastasia Krutitskaya, \u00c9dgar Alejandro Calder\u00f3n Alc\u00e1ntar (coordinators). UNAM ; ENES Morelia. 2017. 282 pages. ISBN : 9786070299315.\" \/>\n<meta name=\"robots\" content=\"index, follow, max-snippet:-1, max-image-preview:large, max-video-preview:-1\" \/>\n<link rel=\"canonical\" href=\"https:\/\/booksfrommexico.com\/es\/producto\/celebracion-y-sonoridad-en-las-catedrales-novohispanas\/\" \/>\n<meta property=\"og:locale\" content=\"es_ES\" \/>\n<meta property=\"og:type\" content=\"article\" \/>\n<meta property=\"og:title\" content=\"Celebraci\u00f3n y sonoridad en las catedrales novohispanas\" \/>\n<meta property=\"og:description\" content=\"Anastasia Krutitskaya, \u00c9dgar Alejandro Calder\u00f3n Alc\u00e1ntar (coordinators). UNAM ; ENES Morelia. 2017. 282 pages. ISBN : 9786070299315.\" \/>\n<meta property=\"og:url\" content=\"https:\/\/booksfrommexico.com\/es\/producto\/celebracion-y-sonoridad-en-las-catedrales-novohispanas\/\" \/>\n<meta property=\"og:site_name\" content=\"Books From Mexico\" \/>\n<meta property=\"article:modified_time\" content=\"2024-06-04T18:37:31+00:00\" \/>\n<meta property=\"og:image\" content=\"http:\/\/booksfrommexico.com\/app\/uploads\/2023\/05\/185636.jpg\" \/>\n\t<meta property=\"og:image:width\" content=\"826\" \/>\n\t<meta property=\"og:image:height\" content=\"1107\" \/>\n\t<meta property=\"og:image:type\" content=\"image\/jpeg\" \/>\n<meta name=\"twitter:card\" content=\"summary_large_image\" \/>\n<meta name=\"twitter:label1\" content=\"Tiempo de lectura\" \/>\n\t<meta name=\"twitter:data1\" content=\"1 minuto\" \/>\n<script type=\"application\/ld+json\" class=\"yoast-schema-graph\">{\"@context\":\"https:\\\/\\\/schema.org\",\"@graph\":[{\"@type\":\"WebPage\",\"@id\":\"https:\\\/\\\/booksfrommexico.com\\\/es\\\/producto\\\/celebracion-y-sonoridad-en-las-catedrales-novohispanas\\\/\",\"url\":\"https:\\\/\\\/booksfrommexico.com\\\/es\\\/producto\\\/celebracion-y-sonoridad-en-las-catedrales-novohispanas\\\/\",\"name\":\"Celebraci\u00f3n y sonoridad en las catedrales novohispanas\",\"isPartOf\":{\"@id\":\"https:\\\/\\\/booksfrommexico.com\\\/#website\"},\"primaryImageOfPage\":{\"@id\":\"https:\\\/\\\/booksfrommexico.com\\\/es\\\/producto\\\/celebracion-y-sonoridad-en-las-catedrales-novohispanas\\\/#primaryimage\"},\"image\":{\"@id\":\"https:\\\/\\\/booksfrommexico.com\\\/es\\\/producto\\\/celebracion-y-sonoridad-en-las-catedrales-novohispanas\\\/#primaryimage\"},\"thumbnailUrl\":\"https:\\\/\\\/booksfrommexico.com\\\/app\\\/uploads\\\/2023\\\/05\\\/185636.jpg\",\"datePublished\":\"2023-05-08T17:12:51+00:00\",\"dateModified\":\"2024-06-04T18:37:31+00:00\",\"description\":\"Anastasia Krutitskaya, \u00c9dgar Alejandro Calder\u00f3n Alc\u00e1ntar (coordinators). UNAM ; ENES Morelia. 2017. 282 pages. ISBN : 9786070299315.\",\"breadcrumb\":{\"@id\":\"https:\\\/\\\/booksfrommexico.com\\\/es\\\/producto\\\/celebracion-y-sonoridad-en-las-catedrales-novohispanas\\\/#breadcrumb\"},\"inLanguage\":\"es\",\"potentialAction\":[{\"@type\":\"ReadAction\",\"target\":[\"https:\\\/\\\/booksfrommexico.com\\\/es\\\/producto\\\/celebracion-y-sonoridad-en-las-catedrales-novohispanas\\\/\"]}]},{\"@type\":\"ImageObject\",\"inLanguage\":\"es\",\"@id\":\"https:\\\/\\\/booksfrommexico.com\\\/es\\\/producto\\\/celebracion-y-sonoridad-en-las-catedrales-novohispanas\\\/#primaryimage\",\"url\":\"https:\\\/\\\/booksfrommexico.com\\\/app\\\/uploads\\\/2023\\\/05\\\/185636.jpg\",\"contentUrl\":\"https:\\\/\\\/booksfrommexico.com\\\/app\\\/uploads\\\/2023\\\/05\\\/185636.jpg\",\"width\":826,\"height\":1107,\"caption\":\"Books From M\u00e9xico: Celebraci\u00f3n y sonoridad en las catedrales novohispanas\"},{\"@type\":\"BreadcrumbList\",\"@id\":\"https:\\\/\\\/booksfrommexico.com\\\/es\\\/producto\\\/celebracion-y-sonoridad-en-las-catedrales-novohispanas\\\/#breadcrumb\",\"itemListElement\":[{\"@type\":\"ListItem\",\"position\":1,\"name\":\"Home\",\"item\":\"https:\\\/\\\/booksfrommexico.com\\\/es\\\/\"},{\"@type\":\"ListItem\",\"position\":2,\"name\":\"Libros\",\"item\":\"https:\\\/\\\/booksfrommexico.com\\\/es\\\/libros\\\/\"},{\"@type\":\"ListItem\",\"position\":3,\"name\":\"Celebraci\u00f3n y sonoridad en las catedrales novohispanas\"}]},{\"@type\":\"WebSite\",\"@id\":\"https:\\\/\\\/booksfrommexico.com\\\/#website\",\"url\":\"https:\\\/\\\/booksfrommexico.com\\\/\",\"name\":\"Books From Mexico\",\"description\":\"\",\"publisher\":{\"@id\":\"https:\\\/\\\/booksfrommexico.com\\\/#organization\"},\"potentialAction\":[{\"@type\":\"SearchAction\",\"target\":{\"@type\":\"EntryPoint\",\"urlTemplate\":\"https:\\\/\\\/booksfrommexico.com\\\/?s={search_term_string}\"},\"query-input\":{\"@type\":\"PropertyValueSpecification\",\"valueRequired\":true,\"valueName\":\"search_term_string\"}}],\"inLanguage\":\"es\"},{\"@type\":\"Organization\",\"@id\":\"https:\\\/\\\/booksfrommexico.com\\\/#organization\",\"name\":\"Books From Mexico\",\"url\":\"https:\\\/\\\/booksfrommexico.com\\\/\",\"logo\":{\"@type\":\"ImageObject\",\"inLanguage\":\"es\",\"@id\":\"https:\\\/\\\/booksfrommexico.com\\\/#\\\/schema\\\/logo\\\/image\\\/\",\"url\":\"https:\\\/\\\/booksfrommexico.com\\\/app\\\/uploads\\\/2023\\\/05\\\/logo-booksfrommexico.svg\",\"contentUrl\":\"https:\\\/\\\/booksfrommexico.com\\\/app\\\/uploads\\\/2023\\\/05\\\/logo-booksfrommexico.svg\",\"width\":86,\"height\":56,\"caption\":\"Books From Mexico\"},\"image\":{\"@id\":\"https:\\\/\\\/booksfrommexico.com\\\/#\\\/schema\\\/logo\\\/image\\\/\"}}]}<\/script>\n<!-- \/ Yoast SEO plugin. -->","yoast_head_json":{"title":"Celebraci\u00f3n y sonoridad en las catedrales novohispanas","description":"Anastasia Krutitskaya, \u00c9dgar Alejandro Calder\u00f3n Alc\u00e1ntar (coordinators). UNAM ; ENES Morelia. 2017. 282 pages. ISBN : 9786070299315.","robots":{"index":"index","follow":"follow","max-snippet":"max-snippet:-1","max-image-preview":"max-image-preview:large","max-video-preview":"max-video-preview:-1"},"canonical":"https:\/\/booksfrommexico.com\/es\/producto\/celebracion-y-sonoridad-en-las-catedrales-novohispanas\/","og_locale":"es_ES","og_type":"article","og_title":"Celebraci\u00f3n y sonoridad en las catedrales novohispanas","og_description":"Anastasia Krutitskaya, \u00c9dgar Alejandro Calder\u00f3n Alc\u00e1ntar (coordinators). UNAM ; ENES Morelia. 2017. 282 pages. ISBN : 9786070299315.","og_url":"https:\/\/booksfrommexico.com\/es\/producto\/celebracion-y-sonoridad-en-las-catedrales-novohispanas\/","og_site_name":"Books From Mexico","article_modified_time":"2024-06-04T18:37:31+00:00","og_image":[{"width":826,"height":1107,"url":"http:\/\/booksfrommexico.com\/app\/uploads\/2023\/05\/185636.jpg","type":"image\/jpeg"}],"twitter_card":"summary_large_image","twitter_misc":{"Tiempo de lectura":"1 minuto"},"schema":{"@context":"https:\/\/schema.org","@graph":[{"@type":"WebPage","@id":"https:\/\/booksfrommexico.com\/es\/producto\/celebracion-y-sonoridad-en-las-catedrales-novohispanas\/","url":"https:\/\/booksfrommexico.com\/es\/producto\/celebracion-y-sonoridad-en-las-catedrales-novohispanas\/","name":"Celebraci\u00f3n y sonoridad en las catedrales novohispanas","isPartOf":{"@id":"https:\/\/booksfrommexico.com\/#website"},"primaryImageOfPage":{"@id":"https:\/\/booksfrommexico.com\/es\/producto\/celebracion-y-sonoridad-en-las-catedrales-novohispanas\/#primaryimage"},"image":{"@id":"https:\/\/booksfrommexico.com\/es\/producto\/celebracion-y-sonoridad-en-las-catedrales-novohispanas\/#primaryimage"},"thumbnailUrl":"https:\/\/booksfrommexico.com\/app\/uploads\/2023\/05\/185636.jpg","datePublished":"2023-05-08T17:12:51+00:00","dateModified":"2024-06-04T18:37:31+00:00","description":"Anastasia Krutitskaya, \u00c9dgar Alejandro Calder\u00f3n Alc\u00e1ntar (coordinators). UNAM ; ENES Morelia. 2017. 282 pages. ISBN : 9786070299315.","breadcrumb":{"@id":"https:\/\/booksfrommexico.com\/es\/producto\/celebracion-y-sonoridad-en-las-catedrales-novohispanas\/#breadcrumb"},"inLanguage":"es","potentialAction":[{"@type":"ReadAction","target":["https:\/\/booksfrommexico.com\/es\/producto\/celebracion-y-sonoridad-en-las-catedrales-novohispanas\/"]}]},{"@type":"ImageObject","inLanguage":"es","@id":"https:\/\/booksfrommexico.com\/es\/producto\/celebracion-y-sonoridad-en-las-catedrales-novohispanas\/#primaryimage","url":"https:\/\/booksfrommexico.com\/app\/uploads\/2023\/05\/185636.jpg","contentUrl":"https:\/\/booksfrommexico.com\/app\/uploads\/2023\/05\/185636.jpg","width":826,"height":1107,"caption":"Books From M\u00e9xico: Celebraci\u00f3n y sonoridad en las catedrales novohispanas"},{"@type":"BreadcrumbList","@id":"https:\/\/booksfrommexico.com\/es\/producto\/celebracion-y-sonoridad-en-las-catedrales-novohispanas\/#breadcrumb","itemListElement":[{"@type":"ListItem","position":1,"name":"Home","item":"https:\/\/booksfrommexico.com\/es\/"},{"@type":"ListItem","position":2,"name":"Libros","item":"https:\/\/booksfrommexico.com\/es\/libros\/"},{"@type":"ListItem","position":3,"name":"Celebraci\u00f3n y sonoridad en las catedrales novohispanas"}]},{"@type":"WebSite","@id":"https:\/\/booksfrommexico.com\/#website","url":"https:\/\/booksfrommexico.com\/","name":"Books From Mexico","description":"","publisher":{"@id":"https:\/\/booksfrommexico.com\/#organization"},"potentialAction":[{"@type":"SearchAction","target":{"@type":"EntryPoint","urlTemplate":"https:\/\/booksfrommexico.com\/?s={search_term_string}"},"query-input":{"@type":"PropertyValueSpecification","valueRequired":true,"valueName":"search_term_string"}}],"inLanguage":"es"},{"@type":"Organization","@id":"https:\/\/booksfrommexico.com\/#organization","name":"Books From Mexico","url":"https:\/\/booksfrommexico.com\/","logo":{"@type":"ImageObject","inLanguage":"es","@id":"https:\/\/booksfrommexico.com\/#\/schema\/logo\/image\/","url":"https:\/\/booksfrommexico.com\/app\/uploads\/2023\/05\/logo-booksfrommexico.svg","contentUrl":"https:\/\/booksfrommexico.com\/app\/uploads\/2023\/05\/logo-booksfrommexico.svg","width":86,"height":56,"caption":"Books From Mexico"},"image":{"@id":"https:\/\/booksfrommexico.com\/#\/schema\/logo\/image\/"}}]}},"_links":{"self":[{"href":"https:\/\/booksfrommexico.com\/es\/wp-json\/wp\/v2\/product\/1222","targetHints":{"allow":["GET"]}}],"collection":[{"href":"https:\/\/booksfrommexico.com\/es\/wp-json\/wp\/v2\/product"}],"about":[{"href":"https:\/\/booksfrommexico.com\/es\/wp-json\/wp\/v2\/types\/product"}],"wp:featuredmedia":[{"embeddable":true,"href":"https:\/\/booksfrommexico.com\/es\/wp-json\/wp\/v2\/media\/1221"}],"wp:attachment":[{"href":"https:\/\/booksfrommexico.com\/es\/wp-json\/wp\/v2\/media?parent=1222"}],"wp:term":[{"taxonomy":"product_brand","embeddable":true,"href":"https:\/\/booksfrommexico.com\/es\/wp-json\/wp\/v2\/product_brand?post=1222"},{"taxonomy":"product_cat","embeddable":true,"href":"https:\/\/booksfrommexico.com\/es\/wp-json\/wp\/v2\/product_cat?post=1222"},{"taxonomy":"product_tag","embeddable":true,"href":"https:\/\/booksfrommexico.com\/es\/wp-json\/wp\/v2\/product_tag?post=1222"}],"curies":[{"name":"wp","href":"https:\/\/api.w.org\/{rel}","templated":true}]}}