{"id":1225,"date":"2023-10-26T17:12:54","date_gmt":"2023-10-26T17:12:54","guid":{"rendered":"http:\/\/booksfrommexico.com\/product\/region-frontera-y-capitales-inversiones-politica-fronteriza-y-cambio-socioeconomico-en-la-region-binacional-de-el-paso-ciudad-juarez-1846-1911\/"},"modified":"2024-04-12T20:49:04","modified_gmt":"2024-04-12T20:49:04","slug":"region-frontera-y-capitales-inversiones-politica-fronteriza-y-cambio-socioeconomico-en-la-region-binacional-de-el-paso-ciudad-juarez-1846-1911","status":"publish","type":"product","link":"https:\/\/booksfrommexico.com\/es\/producto\/region-frontera-y-capitales-inversiones-politica-fronteriza-y-cambio-socioeconomico-en-la-region-binacional-de-el-paso-ciudad-juarez-1846-1911\/","title":{"rendered":"Regi\u00f3n, frontera y capitales"},"content":{"rendered":"<p><span style=\"font-weight: 400;\">Esta investigaci\u00f3n pretende explicar, desde la perspectiva de la historia econ\u00f3mica regional, el calado y cantidad de los cambios que constituyeron las bases de la creaci\u00f3n\u00a0 de la frontera internacional moderna que perdura en la actualidad. Haciendo un recorrido por la historia de la regi\u00f3n pace\u00f1a -lo que comprende Ciudad Ju\u00e1rez y El Paso- que inicia en el siglo\u00a0 XVII, pasando por el momento que se consolid\u00f3 como un \u00e1rea agr\u00edcola, cuando fue dividida en 1848 por la frontera internacional de M\u00e9xico y Estados Unidos, y c\u00f3mo gracias a la llegada del ferrocarril y de grandes inversiones que en 1881 la regi\u00f3n sufri\u00f3 transformaciones significativas en su estructura econ\u00f3mica y social.<\/span><\/p>\n","protected":false},"excerpt":{"rendered":"<p>REGI\u00d3N, FRONTERA Y CAPITALES : INVERSIONES, POL\u00cdTICA FRONTERIZA Y CAMBIO SOCIOECON\u00d3MICO EN LA REGI\u00d3N BINACIONAL DE EL PASO-CIUDAD JU\u00c1REZ, 1846-1911<span style=\"font-weight: 400;\">. \/ Zamora, Michoac\u00e1n, M\u00e9xico : El Colegio de Michoac\u00e1n ; Ciudad Ju\u00e1rez, Chihuahua, M\u00e9xico : El Colegio de Chihuahua ; Tijuana, Baja California, M\u00e9xico : Universidad Aut\u00f3noma de Ciudad Ju\u00e1rez ; El Colegio de la Frontera Norte, 2017. 365 pages : includes charts, maps, bibliography, toponymic index ; 28 cm. (Colecci\u00f3n Investigaciones) ISBN : 9786075440071. <\/span><\/p>\n","protected":false},"featured_media":1224,"template":"","meta":{"_acf_changed":false,"inline_featured_image":false},"product_brand":[],"product_cat":[279,47],"product_tag":[3685,3612,3627],"class_list":{"0":"post-1225","1":"product","2":"type-product","3":"status-publish","4":"has-post-thumbnail","6":"product_cat-analisis-sectorial-regionales-economia","7":"product_cat-economia","8":"product_tag-inmigracion","9":"product_tag-inmigrants","10":"product_tag-politica-y-gobierno","12":"first","13":"instock","14":"taxable","15":"shipping-taxable","16":"purchasable","17":"product-type-simple"},"acf":[],"yoast_head":"<!-- This site is optimized with the Yoast SEO plugin v27.3 - https:\/\/yoast.com\/product\/yoast-seo-wordpress\/ -->\n<title>Regi\u00f3n, frontera y capitales<\/title>\n<meta name=\"description\" content=\"REGI\u00d3N, FRONTERA Y CAPITALES : INVERSIONES, POL\u00cdTICA FRONTERIZA Y CAMBIO SOCIOECON\u00d3MICO EN LA REGI\u00d3N BINACIONAL DE EL PASO-CIUDAD JU\u00c1REZ, 1846-1911.\" \/>\n<meta name=\"robots\" content=\"index, follow, max-snippet:-1, max-image-preview:large, max-video-preview:-1\" \/>\n<link rel=\"canonical\" href=\"https:\/\/booksfrommexico.com\/es\/producto\/region-frontera-y-capitales-inversiones-politica-fronteriza-y-cambio-socioeconomico-en-la-region-binacional-de-el-paso-ciudad-juarez-1846-1911\/\" \/>\n<meta property=\"og:locale\" content=\"es_ES\" \/>\n<meta property=\"og:type\" content=\"article\" \/>\n<meta property=\"og:title\" content=\"Regi\u00f3n, frontera y capitales\" \/>\n<meta property=\"og:description\" content=\"REGI\u00d3N, FRONTERA Y CAPITALES : INVERSIONES, POL\u00cdTICA FRONTERIZA Y CAMBIO SOCIOECON\u00d3MICO EN LA REGI\u00d3N BINACIONAL DE EL PASO-CIUDAD JU\u00c1REZ, 1846-1911.\" \/>\n<meta property=\"og:url\" content=\"https:\/\/booksfrommexico.com\/es\/producto\/region-frontera-y-capitales-inversiones-politica-fronteriza-y-cambio-socioeconomico-en-la-region-binacional-de-el-paso-ciudad-juarez-1846-1911\/\" \/>\n<meta property=\"og:site_name\" content=\"Books From Mexico\" \/>\n<meta property=\"article:modified_time\" content=\"2024-04-12T20:49:04+00:00\" \/>\n<meta property=\"og:image\" content=\"http:\/\/booksfrommexico.com\/app\/uploads\/2023\/05\/185607.jpg\" \/>\n\t<meta property=\"og:image:width\" content=\"803\" \/>\n\t<meta property=\"og:image:height\" content=\"1095\" \/>\n\t<meta property=\"og:image:type\" content=\"image\/jpeg\" \/>\n<meta name=\"twitter:card\" content=\"summary_large_image\" \/>\n<meta name=\"twitter:label1\" content=\"Tiempo de lectura\" \/>\n\t<meta name=\"twitter:data1\" content=\"1 minuto\" \/>\n<script type=\"application\/ld+json\" class=\"yoast-schema-graph\">{\"@context\":\"https:\\\/\\\/schema.org\",\"@graph\":[{\"@type\":\"WebPage\",\"@id\":\"https:\\\/\\\/booksfrommexico.com\\\/es\\\/producto\\\/region-frontera-y-capitales-inversiones-politica-fronteriza-y-cambio-socioeconomico-en-la-region-binacional-de-el-paso-ciudad-juarez-1846-1911\\\/\",\"url\":\"https:\\\/\\\/booksfrommexico.com\\\/es\\\/producto\\\/region-frontera-y-capitales-inversiones-politica-fronteriza-y-cambio-socioeconomico-en-la-region-binacional-de-el-paso-ciudad-juarez-1846-1911\\\/\",\"name\":\"Regi\u00f3n, frontera y capitales\",\"isPartOf\":{\"@id\":\"https:\\\/\\\/booksfrommexico.com\\\/#website\"},\"primaryImageOfPage\":{\"@id\":\"https:\\\/\\\/booksfrommexico.com\\\/es\\\/producto\\\/region-frontera-y-capitales-inversiones-politica-fronteriza-y-cambio-socioeconomico-en-la-region-binacional-de-el-paso-ciudad-juarez-1846-1911\\\/#primaryimage\"},\"image\":{\"@id\":\"https:\\\/\\\/booksfrommexico.com\\\/es\\\/producto\\\/region-frontera-y-capitales-inversiones-politica-fronteriza-y-cambio-socioeconomico-en-la-region-binacional-de-el-paso-ciudad-juarez-1846-1911\\\/#primaryimage\"},\"thumbnailUrl\":\"https:\\\/\\\/booksfrommexico.com\\\/app\\\/uploads\\\/2023\\\/05\\\/185607.jpg\",\"datePublished\":\"2023-10-26T17:12:54+00:00\",\"dateModified\":\"2024-04-12T20:49:04+00:00\",\"description\":\"REGI\u00d3N, FRONTERA Y CAPITALES : INVERSIONES, POL\u00cdTICA FRONTERIZA Y CAMBIO SOCIOECON\u00d3MICO EN LA REGI\u00d3N BINACIONAL DE EL PASO-CIUDAD JU\u00c1REZ, 1846-1911.\",\"breadcrumb\":{\"@id\":\"https:\\\/\\\/booksfrommexico.com\\\/es\\\/producto\\\/region-frontera-y-capitales-inversiones-politica-fronteriza-y-cambio-socioeconomico-en-la-region-binacional-de-el-paso-ciudad-juarez-1846-1911\\\/#breadcrumb\"},\"inLanguage\":\"es\",\"potentialAction\":[{\"@type\":\"ReadAction\",\"target\":[\"https:\\\/\\\/booksfrommexico.com\\\/es\\\/producto\\\/region-frontera-y-capitales-inversiones-politica-fronteriza-y-cambio-socioeconomico-en-la-region-binacional-de-el-paso-ciudad-juarez-1846-1911\\\/\"]}]},{\"@type\":\"ImageObject\",\"inLanguage\":\"es\",\"@id\":\"https:\\\/\\\/booksfrommexico.com\\\/es\\\/producto\\\/region-frontera-y-capitales-inversiones-politica-fronteriza-y-cambio-socioeconomico-en-la-region-binacional-de-el-paso-ciudad-juarez-1846-1911\\\/#primaryimage\",\"url\":\"https:\\\/\\\/booksfrommexico.com\\\/app\\\/uploads\\\/2023\\\/05\\\/185607.jpg\",\"contentUrl\":\"https:\\\/\\\/booksfrommexico.com\\\/app\\\/uploads\\\/2023\\\/05\\\/185607.jpg\",\"width\":803,\"height\":1095,\"caption\":\"Books From M\u00e9xico: Regi\u00f3n, frontera y capitales: inversiones, pol\u00edtica fronteriza y cambio socioecon\u00f3mico en la regi\u00f3n binacional de El Paso-Ciudad Ju\u00e1rez, 1846-1911\"},{\"@type\":\"BreadcrumbList\",\"@id\":\"https:\\\/\\\/booksfrommexico.com\\\/es\\\/producto\\\/region-frontera-y-capitales-inversiones-politica-fronteriza-y-cambio-socioeconomico-en-la-region-binacional-de-el-paso-ciudad-juarez-1846-1911\\\/#breadcrumb\",\"itemListElement\":[{\"@type\":\"ListItem\",\"position\":1,\"name\":\"Home\",\"item\":\"https:\\\/\\\/booksfrommexico.com\\\/es\\\/\"},{\"@type\":\"ListItem\",\"position\":2,\"name\":\"Libros\",\"item\":\"https:\\\/\\\/booksfrommexico.com\\\/es\\\/libros\\\/\"},{\"@type\":\"ListItem\",\"position\":3,\"name\":\"Regi\u00f3n, frontera y capitales\"}]},{\"@type\":\"WebSite\",\"@id\":\"https:\\\/\\\/booksfrommexico.com\\\/#website\",\"url\":\"https:\\\/\\\/booksfrommexico.com\\\/\",\"name\":\"Books From Mexico\",\"description\":\"\",\"publisher\":{\"@id\":\"https:\\\/\\\/booksfrommexico.com\\\/#organization\"},\"potentialAction\":[{\"@type\":\"SearchAction\",\"target\":{\"@type\":\"EntryPoint\",\"urlTemplate\":\"https:\\\/\\\/booksfrommexico.com\\\/?s={search_term_string}\"},\"query-input\":{\"@type\":\"PropertyValueSpecification\",\"valueRequired\":true,\"valueName\":\"search_term_string\"}}],\"inLanguage\":\"es\"},{\"@type\":\"Organization\",\"@id\":\"https:\\\/\\\/booksfrommexico.com\\\/#organization\",\"name\":\"Books From Mexico\",\"url\":\"https:\\\/\\\/booksfrommexico.com\\\/\",\"logo\":{\"@type\":\"ImageObject\",\"inLanguage\":\"es\",\"@id\":\"https:\\\/\\\/booksfrommexico.com\\\/#\\\/schema\\\/logo\\\/image\\\/\",\"url\":\"https:\\\/\\\/booksfrommexico.com\\\/app\\\/uploads\\\/2023\\\/05\\\/logo-booksfrommexico.svg\",\"contentUrl\":\"https:\\\/\\\/booksfrommexico.com\\\/app\\\/uploads\\\/2023\\\/05\\\/logo-booksfrommexico.svg\",\"width\":86,\"height\":56,\"caption\":\"Books From Mexico\"},\"image\":{\"@id\":\"https:\\\/\\\/booksfrommexico.com\\\/#\\\/schema\\\/logo\\\/image\\\/\"}}]}<\/script>\n<!-- \/ Yoast SEO plugin. -->","yoast_head_json":{"title":"Regi\u00f3n, frontera y capitales","description":"REGI\u00d3N, FRONTERA Y CAPITALES : INVERSIONES, POL\u00cdTICA FRONTERIZA Y CAMBIO SOCIOECON\u00d3MICO EN LA REGI\u00d3N BINACIONAL DE EL PASO-CIUDAD JU\u00c1REZ, 1846-1911.","robots":{"index":"index","follow":"follow","max-snippet":"max-snippet:-1","max-image-preview":"max-image-preview:large","max-video-preview":"max-video-preview:-1"},"canonical":"https:\/\/booksfrommexico.com\/es\/producto\/region-frontera-y-capitales-inversiones-politica-fronteriza-y-cambio-socioeconomico-en-la-region-binacional-de-el-paso-ciudad-juarez-1846-1911\/","og_locale":"es_ES","og_type":"article","og_title":"Regi\u00f3n, frontera y capitales","og_description":"REGI\u00d3N, FRONTERA Y CAPITALES : INVERSIONES, POL\u00cdTICA FRONTERIZA Y CAMBIO SOCIOECON\u00d3MICO EN LA REGI\u00d3N BINACIONAL DE EL PASO-CIUDAD JU\u00c1REZ, 1846-1911.","og_url":"https:\/\/booksfrommexico.com\/es\/producto\/region-frontera-y-capitales-inversiones-politica-fronteriza-y-cambio-socioeconomico-en-la-region-binacional-de-el-paso-ciudad-juarez-1846-1911\/","og_site_name":"Books From Mexico","article_modified_time":"2024-04-12T20:49:04+00:00","og_image":[{"width":803,"height":1095,"url":"http:\/\/booksfrommexico.com\/app\/uploads\/2023\/05\/185607.jpg","type":"image\/jpeg"}],"twitter_card":"summary_large_image","twitter_misc":{"Tiempo de lectura":"1 minuto"},"schema":{"@context":"https:\/\/schema.org","@graph":[{"@type":"WebPage","@id":"https:\/\/booksfrommexico.com\/es\/producto\/region-frontera-y-capitales-inversiones-politica-fronteriza-y-cambio-socioeconomico-en-la-region-binacional-de-el-paso-ciudad-juarez-1846-1911\/","url":"https:\/\/booksfrommexico.com\/es\/producto\/region-frontera-y-capitales-inversiones-politica-fronteriza-y-cambio-socioeconomico-en-la-region-binacional-de-el-paso-ciudad-juarez-1846-1911\/","name":"Regi\u00f3n, frontera y capitales","isPartOf":{"@id":"https:\/\/booksfrommexico.com\/#website"},"primaryImageOfPage":{"@id":"https:\/\/booksfrommexico.com\/es\/producto\/region-frontera-y-capitales-inversiones-politica-fronteriza-y-cambio-socioeconomico-en-la-region-binacional-de-el-paso-ciudad-juarez-1846-1911\/#primaryimage"},"image":{"@id":"https:\/\/booksfrommexico.com\/es\/producto\/region-frontera-y-capitales-inversiones-politica-fronteriza-y-cambio-socioeconomico-en-la-region-binacional-de-el-paso-ciudad-juarez-1846-1911\/#primaryimage"},"thumbnailUrl":"https:\/\/booksfrommexico.com\/app\/uploads\/2023\/05\/185607.jpg","datePublished":"2023-10-26T17:12:54+00:00","dateModified":"2024-04-12T20:49:04+00:00","description":"REGI\u00d3N, FRONTERA Y CAPITALES : INVERSIONES, POL\u00cdTICA FRONTERIZA Y CAMBIO SOCIOECON\u00d3MICO EN LA REGI\u00d3N BINACIONAL DE EL PASO-CIUDAD JU\u00c1REZ, 1846-1911.","breadcrumb":{"@id":"https:\/\/booksfrommexico.com\/es\/producto\/region-frontera-y-capitales-inversiones-politica-fronteriza-y-cambio-socioeconomico-en-la-region-binacional-de-el-paso-ciudad-juarez-1846-1911\/#breadcrumb"},"inLanguage":"es","potentialAction":[{"@type":"ReadAction","target":["https:\/\/booksfrommexico.com\/es\/producto\/region-frontera-y-capitales-inversiones-politica-fronteriza-y-cambio-socioeconomico-en-la-region-binacional-de-el-paso-ciudad-juarez-1846-1911\/"]}]},{"@type":"ImageObject","inLanguage":"es","@id":"https:\/\/booksfrommexico.com\/es\/producto\/region-frontera-y-capitales-inversiones-politica-fronteriza-y-cambio-socioeconomico-en-la-region-binacional-de-el-paso-ciudad-juarez-1846-1911\/#primaryimage","url":"https:\/\/booksfrommexico.com\/app\/uploads\/2023\/05\/185607.jpg","contentUrl":"https:\/\/booksfrommexico.com\/app\/uploads\/2023\/05\/185607.jpg","width":803,"height":1095,"caption":"Books From M\u00e9xico: Regi\u00f3n, frontera y capitales: inversiones, pol\u00edtica fronteriza y cambio socioecon\u00f3mico en la regi\u00f3n binacional de El Paso-Ciudad Ju\u00e1rez, 1846-1911"},{"@type":"BreadcrumbList","@id":"https:\/\/booksfrommexico.com\/es\/producto\/region-frontera-y-capitales-inversiones-politica-fronteriza-y-cambio-socioeconomico-en-la-region-binacional-de-el-paso-ciudad-juarez-1846-1911\/#breadcrumb","itemListElement":[{"@type":"ListItem","position":1,"name":"Home","item":"https:\/\/booksfrommexico.com\/es\/"},{"@type":"ListItem","position":2,"name":"Libros","item":"https:\/\/booksfrommexico.com\/es\/libros\/"},{"@type":"ListItem","position":3,"name":"Regi\u00f3n, frontera y capitales"}]},{"@type":"WebSite","@id":"https:\/\/booksfrommexico.com\/#website","url":"https:\/\/booksfrommexico.com\/","name":"Books From Mexico","description":"","publisher":{"@id":"https:\/\/booksfrommexico.com\/#organization"},"potentialAction":[{"@type":"SearchAction","target":{"@type":"EntryPoint","urlTemplate":"https:\/\/booksfrommexico.com\/?s={search_term_string}"},"query-input":{"@type":"PropertyValueSpecification","valueRequired":true,"valueName":"search_term_string"}}],"inLanguage":"es"},{"@type":"Organization","@id":"https:\/\/booksfrommexico.com\/#organization","name":"Books From Mexico","url":"https:\/\/booksfrommexico.com\/","logo":{"@type":"ImageObject","inLanguage":"es","@id":"https:\/\/booksfrommexico.com\/#\/schema\/logo\/image\/","url":"https:\/\/booksfrommexico.com\/app\/uploads\/2023\/05\/logo-booksfrommexico.svg","contentUrl":"https:\/\/booksfrommexico.com\/app\/uploads\/2023\/05\/logo-booksfrommexico.svg","width":86,"height":56,"caption":"Books From Mexico"},"image":{"@id":"https:\/\/booksfrommexico.com\/#\/schema\/logo\/image\/"}}]}},"_links":{"self":[{"href":"https:\/\/booksfrommexico.com\/es\/wp-json\/wp\/v2\/product\/1225","targetHints":{"allow":["GET"]}}],"collection":[{"href":"https:\/\/booksfrommexico.com\/es\/wp-json\/wp\/v2\/product"}],"about":[{"href":"https:\/\/booksfrommexico.com\/es\/wp-json\/wp\/v2\/types\/product"}],"wp:featuredmedia":[{"embeddable":true,"href":"https:\/\/booksfrommexico.com\/es\/wp-json\/wp\/v2\/media\/1224"}],"wp:attachment":[{"href":"https:\/\/booksfrommexico.com\/es\/wp-json\/wp\/v2\/media?parent=1225"}],"wp:term":[{"taxonomy":"product_brand","embeddable":true,"href":"https:\/\/booksfrommexico.com\/es\/wp-json\/wp\/v2\/product_brand?post=1225"},{"taxonomy":"product_cat","embeddable":true,"href":"https:\/\/booksfrommexico.com\/es\/wp-json\/wp\/v2\/product_cat?post=1225"},{"taxonomy":"product_tag","embeddable":true,"href":"https:\/\/booksfrommexico.com\/es\/wp-json\/wp\/v2\/product_tag?post=1225"}],"curies":[{"name":"wp","href":"https:\/\/api.w.org\/{rel}","templated":true}]}}