{"id":1227,"date":"2023-05-08T17:12:55","date_gmt":"2023-05-08T17:12:55","guid":{"rendered":"http:\/\/booksfrommexico.com\/product\/spijil-smantal-jtotik-jmetik-ta-sotsleb-chiapas-sabidurias-ensenanzas-y-consejos-de-los-ancianos-y-ancianas-mayas-de-zinacantan-chiapas-edicion-bilingue\/"},"modified":"2024-05-02T20:06:45","modified_gmt":"2024-05-02T20:06:45","slug":"spijil-smantal-jtotik-jmetik-ta-sotsleb-chiapas-sabidurias-ensenanzas-y-consejos-de-los-ancianos-y-ancianas-mayas-de-zinacantan-chiapas-edicion-bilingue","status":"publish","type":"product","link":"https:\/\/booksfrommexico.com\/es\/producto\/spijil-smantal-jtotik-jmetik-ta-sotsleb-chiapas-sabidurias-ensenanzas-y-consejos-de-los-ancianos-y-ancianas-mayas-de-zinacantan-chiapas-edicion-bilingue\/","title":{"rendered":"Sp&#8217;ijil smantal jtotik jme&#8217;tik ta Sots&#8217;leb, Chiapas : Sabidur\u00edas, ense\u00f1anzas y consejos de los ancianos y ancianas mayas de Zinacant\u00e1n, Chiapas"},"content":{"rendered":"<p><span style=\"font-weight: 400;\">Este t\u00edtulo est\u00e1 dirigido a abuelos, padres e hijos quienes conozcan alguna de las sabidur\u00edas que aqu\u00ed se exponen, las recuerden o las quieran aprender; as\u00ed como se dedica en general a todo aqu\u00e9l que est\u00e9 interesado en desarrollar una mirada respetuosa hacia la cultura zinacanteca. Zinacant\u00e1n es un municipio ubicado en el estado de Chiapas, M\u00e9xico, donde gran parte de su poblaci\u00f3n es ind\u00edgena. Con el fin de preservar esta cultura, los coordinadores reunieron una serie de ense\u00f1anzas pr\u00e1cticas y consejos para la vida que se han transmitido de manera oral de generaci\u00f3n en generaci\u00f3n, con traducci\u00f3n del maya tsotsil al espa\u00f1ol, acompa\u00f1ados de ilustraciones a color.<\/span><\/p>\n","protected":false},"excerpt":{"rendered":"<p>SP&#8217;IJIL SMANTAL JTOTIK JME&#8217;TIK TA SOTS&#8217;LEB, CHIAPAS : SABIDUR\u00cdAS, ENSE\u00d1ANZAS Y CONSEJOS DE LOS ANCIANOS Y ANCIANAS MAYAS DE ZINACANT\u00c1N, CHIAPAS : EDICI\u00d3N BILING\u00dcE<span style=\"font-weight: 400;\">. \/ Lourdes de Le\u00f3n Pasquel y Antonio de la Torre L\u00f3pez (coordinators and editors). Ciudad de M\u00e9xico, M\u00e9xico : Centro de Investigaciones y Estudios Superiores en Antropolog\u00eda Social, 2016 182 pages : includes color illustrations; 22 cm. ISBN : 9786074863604.<\/span><\/p>\n","protected":false},"featured_media":1226,"template":"","meta":{"_acf_changed":false,"inline_featured_image":false},"product_brand":[],"product_cat":[19,66,372],"product_tag":[3700,3880,4232,4301],"class_list":{"0":"post-1227","1":"product","2":"type-product","3":"status-publish","4":"has-post-thumbnail","6":"product_cat-antropologia","7":"product_cat-sociocultural","8":"product_cat-tradiciones-culturales","9":"product_tag-chiapas-mexico","10":"product_tag-identidad-cultural","11":"product_tag-literatura-infantil-y-juvenil","12":"product_tag-tsotsil-es","14":"first","15":"instock","16":"taxable","17":"shipping-taxable","18":"purchasable","19":"product-type-simple"},"acf":[],"yoast_head":"<!-- This site is optimized with the Yoast SEO plugin v27.2 - https:\/\/yoast.com\/product\/yoast-seo-wordpress\/ -->\n<title>Sp&#039;ijil smantal jtotik jme&#039;tik ta sots&#039;leb, Chiapas<\/title>\n<meta name=\"description\" content=\"SP&#039;IJIL SMANTAL JTOTIK JME&#039;TIK TA SOTS&#039;LEB : SABIDUR\u00cdAS, ENSE\u00d1ANZAS Y CONSEJOS DE LOS ANCIANOS Y ANCIANAS MAYAS DE ZINACANT\u00c1N. \/ 2016.\" \/>\n<meta name=\"robots\" content=\"index, follow, max-snippet:-1, max-image-preview:large, max-video-preview:-1\" \/>\n<link rel=\"canonical\" href=\"https:\/\/booksfrommexico.com\/es\/producto\/spijil-smantal-jtotik-jmetik-ta-sotsleb-chiapas-sabidurias-ensenanzas-y-consejos-de-los-ancianos-y-ancianas-mayas-de-zinacantan-chiapas-edicion-bilingue\/\" \/>\n<meta property=\"og:locale\" content=\"es_ES\" \/>\n<meta property=\"og:type\" content=\"article\" \/>\n<meta property=\"og:title\" content=\"Sp&#039;ijil smantal jtotik jme&#039;tik ta sots&#039;leb, Chiapas\" \/>\n<meta property=\"og:description\" content=\"SP&#039;IJIL SMANTAL JTOTIK JME&#039;TIK TA SOTS&#039;LEB : SABIDUR\u00cdAS, ENSE\u00d1ANZAS Y CONSEJOS DE LOS ANCIANOS Y ANCIANAS MAYAS DE ZINACANT\u00c1N. \/ 2016.\" \/>\n<meta property=\"og:url\" content=\"https:\/\/booksfrommexico.com\/es\/producto\/spijil-smantal-jtotik-jmetik-ta-sotsleb-chiapas-sabidurias-ensenanzas-y-consejos-de-los-ancianos-y-ancianas-mayas-de-zinacantan-chiapas-edicion-bilingue\/\" \/>\n<meta property=\"og:site_name\" content=\"Books From Mexico\" \/>\n<meta property=\"article:modified_time\" content=\"2024-05-02T20:06:45+00:00\" \/>\n<meta property=\"og:image\" content=\"http:\/\/booksfrommexico.com\/app\/uploads\/2023\/05\/185514.jpeg\" \/>\n\t<meta property=\"og:image:width\" content=\"618\" \/>\n\t<meta property=\"og:image:height\" content=\"814\" \/>\n\t<meta property=\"og:image:type\" content=\"image\/jpeg\" \/>\n<meta name=\"twitter:card\" content=\"summary_large_image\" \/>\n<meta name=\"twitter:label1\" content=\"Tiempo de lectura\" \/>\n\t<meta name=\"twitter:data1\" content=\"1 minuto\" \/>\n<script type=\"application\/ld+json\" class=\"yoast-schema-graph\">{\"@context\":\"https:\/\/schema.org\",\"@graph\":[{\"@type\":\"WebPage\",\"@id\":\"https:\/\/booksfrommexico.com\/es\/producto\/spijil-smantal-jtotik-jmetik-ta-sotsleb-chiapas-sabidurias-ensenanzas-y-consejos-de-los-ancianos-y-ancianas-mayas-de-zinacantan-chiapas-edicion-bilingue\/\",\"url\":\"https:\/\/booksfrommexico.com\/es\/producto\/spijil-smantal-jtotik-jmetik-ta-sotsleb-chiapas-sabidurias-ensenanzas-y-consejos-de-los-ancianos-y-ancianas-mayas-de-zinacantan-chiapas-edicion-bilingue\/\",\"name\":\"Sp'ijil smantal jtotik jme'tik ta sots'leb, Chiapas\",\"isPartOf\":{\"@id\":\"https:\/\/booksfrommexico.com\/#website\"},\"primaryImageOfPage\":{\"@id\":\"https:\/\/booksfrommexico.com\/es\/producto\/spijil-smantal-jtotik-jmetik-ta-sotsleb-chiapas-sabidurias-ensenanzas-y-consejos-de-los-ancianos-y-ancianas-mayas-de-zinacantan-chiapas-edicion-bilingue\/#primaryimage\"},\"image\":{\"@id\":\"https:\/\/booksfrommexico.com\/es\/producto\/spijil-smantal-jtotik-jmetik-ta-sotsleb-chiapas-sabidurias-ensenanzas-y-consejos-de-los-ancianos-y-ancianas-mayas-de-zinacantan-chiapas-edicion-bilingue\/#primaryimage\"},\"thumbnailUrl\":\"https:\/\/booksfrommexico.com\/app\/uploads\/2023\/05\/185514.jpeg\",\"datePublished\":\"2023-05-08T17:12:55+00:00\",\"dateModified\":\"2024-05-02T20:06:45+00:00\",\"description\":\"SP'IJIL SMANTAL JTOTIK JME'TIK TA SOTS'LEB : SABIDUR\u00cdAS, ENSE\u00d1ANZAS Y CONSEJOS DE LOS ANCIANOS Y ANCIANAS MAYAS DE ZINACANT\u00c1N. \/ 2016.\",\"breadcrumb\":{\"@id\":\"https:\/\/booksfrommexico.com\/es\/producto\/spijil-smantal-jtotik-jmetik-ta-sotsleb-chiapas-sabidurias-ensenanzas-y-consejos-de-los-ancianos-y-ancianas-mayas-de-zinacantan-chiapas-edicion-bilingue\/#breadcrumb\"},\"inLanguage\":\"es\",\"potentialAction\":[{\"@type\":\"ReadAction\",\"target\":[\"https:\/\/booksfrommexico.com\/es\/producto\/spijil-smantal-jtotik-jmetik-ta-sotsleb-chiapas-sabidurias-ensenanzas-y-consejos-de-los-ancianos-y-ancianas-mayas-de-zinacantan-chiapas-edicion-bilingue\/\"]}]},{\"@type\":\"ImageObject\",\"inLanguage\":\"es\",\"@id\":\"https:\/\/booksfrommexico.com\/es\/producto\/spijil-smantal-jtotik-jmetik-ta-sotsleb-chiapas-sabidurias-ensenanzas-y-consejos-de-los-ancianos-y-ancianas-mayas-de-zinacantan-chiapas-edicion-bilingue\/#primaryimage\",\"url\":\"https:\/\/booksfrommexico.com\/app\/uploads\/2023\/05\/185514.jpeg\",\"contentUrl\":\"https:\/\/booksfrommexico.com\/app\/uploads\/2023\/05\/185514.jpeg\",\"width\":618,\"height\":814,\"caption\":\"Books from m\u00e9xico: Sp'ijil smantal jtotik jme'tik ta Sots'leb, Chiapas\"},{\"@type\":\"BreadcrumbList\",\"@id\":\"https:\/\/booksfrommexico.com\/es\/producto\/spijil-smantal-jtotik-jmetik-ta-sotsleb-chiapas-sabidurias-ensenanzas-y-consejos-de-los-ancianos-y-ancianas-mayas-de-zinacantan-chiapas-edicion-bilingue\/#breadcrumb\",\"itemListElement\":[{\"@type\":\"ListItem\",\"position\":1,\"name\":\"Home\",\"item\":\"https:\/\/booksfrommexico.com\/es\/\"},{\"@type\":\"ListItem\",\"position\":2,\"name\":\"Libros\",\"item\":\"https:\/\/booksfrommexico.com\/es\/libros\/\"},{\"@type\":\"ListItem\",\"position\":3,\"name\":\"Sp&#8217;ijil smantal jtotik jme&#8217;tik ta Sots&#8217;leb, Chiapas : Sabidur\u00edas, ense\u00f1anzas y consejos de los ancianos y ancianas mayas de Zinacant\u00e1n, Chiapas\"}]},{\"@type\":\"WebSite\",\"@id\":\"https:\/\/booksfrommexico.com\/#website\",\"url\":\"https:\/\/booksfrommexico.com\/\",\"name\":\"Books From Mexico\",\"description\":\"\",\"publisher\":{\"@id\":\"https:\/\/booksfrommexico.com\/#organization\"},\"potentialAction\":[{\"@type\":\"SearchAction\",\"target\":{\"@type\":\"EntryPoint\",\"urlTemplate\":\"https:\/\/booksfrommexico.com\/?s={search_term_string}\"},\"query-input\":{\"@type\":\"PropertyValueSpecification\",\"valueRequired\":true,\"valueName\":\"search_term_string\"}}],\"inLanguage\":\"es\"},{\"@type\":\"Organization\",\"@id\":\"https:\/\/booksfrommexico.com\/#organization\",\"name\":\"Books From Mexico\",\"url\":\"https:\/\/booksfrommexico.com\/\",\"logo\":{\"@type\":\"ImageObject\",\"inLanguage\":\"es\",\"@id\":\"https:\/\/booksfrommexico.com\/#\/schema\/logo\/image\/\",\"url\":\"https:\/\/booksfrommexico.com\/app\/uploads\/2023\/05\/logo-booksfrommexico.svg\",\"contentUrl\":\"https:\/\/booksfrommexico.com\/app\/uploads\/2023\/05\/logo-booksfrommexico.svg\",\"width\":86,\"height\":56,\"caption\":\"Books From Mexico\"},\"image\":{\"@id\":\"https:\/\/booksfrommexico.com\/#\/schema\/logo\/image\/\"}}]}<\/script>\n<!-- \/ Yoast SEO plugin. -->","yoast_head_json":{"title":"Sp'ijil smantal jtotik jme'tik ta sots'leb, Chiapas","description":"SP'IJIL SMANTAL JTOTIK JME'TIK TA SOTS'LEB : SABIDUR\u00cdAS, ENSE\u00d1ANZAS Y CONSEJOS DE LOS ANCIANOS Y ANCIANAS MAYAS DE ZINACANT\u00c1N. \/ 2016.","robots":{"index":"index","follow":"follow","max-snippet":"max-snippet:-1","max-image-preview":"max-image-preview:large","max-video-preview":"max-video-preview:-1"},"canonical":"https:\/\/booksfrommexico.com\/es\/producto\/spijil-smantal-jtotik-jmetik-ta-sotsleb-chiapas-sabidurias-ensenanzas-y-consejos-de-los-ancianos-y-ancianas-mayas-de-zinacantan-chiapas-edicion-bilingue\/","og_locale":"es_ES","og_type":"article","og_title":"Sp'ijil smantal jtotik jme'tik ta sots'leb, Chiapas","og_description":"SP'IJIL SMANTAL JTOTIK JME'TIK TA SOTS'LEB : SABIDUR\u00cdAS, ENSE\u00d1ANZAS Y CONSEJOS DE LOS ANCIANOS Y ANCIANAS MAYAS DE ZINACANT\u00c1N. \/ 2016.","og_url":"https:\/\/booksfrommexico.com\/es\/producto\/spijil-smantal-jtotik-jmetik-ta-sotsleb-chiapas-sabidurias-ensenanzas-y-consejos-de-los-ancianos-y-ancianas-mayas-de-zinacantan-chiapas-edicion-bilingue\/","og_site_name":"Books From Mexico","article_modified_time":"2024-05-02T20:06:45+00:00","og_image":[{"width":618,"height":814,"url":"http:\/\/booksfrommexico.com\/app\/uploads\/2023\/05\/185514.jpeg","type":"image\/jpeg"}],"twitter_card":"summary_large_image","twitter_misc":{"Tiempo de lectura":"1 minuto"},"schema":{"@context":"https:\/\/schema.org","@graph":[{"@type":"WebPage","@id":"https:\/\/booksfrommexico.com\/es\/producto\/spijil-smantal-jtotik-jmetik-ta-sotsleb-chiapas-sabidurias-ensenanzas-y-consejos-de-los-ancianos-y-ancianas-mayas-de-zinacantan-chiapas-edicion-bilingue\/","url":"https:\/\/booksfrommexico.com\/es\/producto\/spijil-smantal-jtotik-jmetik-ta-sotsleb-chiapas-sabidurias-ensenanzas-y-consejos-de-los-ancianos-y-ancianas-mayas-de-zinacantan-chiapas-edicion-bilingue\/","name":"Sp'ijil smantal jtotik jme'tik ta sots'leb, Chiapas","isPartOf":{"@id":"https:\/\/booksfrommexico.com\/#website"},"primaryImageOfPage":{"@id":"https:\/\/booksfrommexico.com\/es\/producto\/spijil-smantal-jtotik-jmetik-ta-sotsleb-chiapas-sabidurias-ensenanzas-y-consejos-de-los-ancianos-y-ancianas-mayas-de-zinacantan-chiapas-edicion-bilingue\/#primaryimage"},"image":{"@id":"https:\/\/booksfrommexico.com\/es\/producto\/spijil-smantal-jtotik-jmetik-ta-sotsleb-chiapas-sabidurias-ensenanzas-y-consejos-de-los-ancianos-y-ancianas-mayas-de-zinacantan-chiapas-edicion-bilingue\/#primaryimage"},"thumbnailUrl":"https:\/\/booksfrommexico.com\/app\/uploads\/2023\/05\/185514.jpeg","datePublished":"2023-05-08T17:12:55+00:00","dateModified":"2024-05-02T20:06:45+00:00","description":"SP'IJIL SMANTAL JTOTIK JME'TIK TA SOTS'LEB : SABIDUR\u00cdAS, ENSE\u00d1ANZAS Y CONSEJOS DE LOS ANCIANOS Y ANCIANAS MAYAS DE ZINACANT\u00c1N. \/ 2016.","breadcrumb":{"@id":"https:\/\/booksfrommexico.com\/es\/producto\/spijil-smantal-jtotik-jmetik-ta-sotsleb-chiapas-sabidurias-ensenanzas-y-consejos-de-los-ancianos-y-ancianas-mayas-de-zinacantan-chiapas-edicion-bilingue\/#breadcrumb"},"inLanguage":"es","potentialAction":[{"@type":"ReadAction","target":["https:\/\/booksfrommexico.com\/es\/producto\/spijil-smantal-jtotik-jmetik-ta-sotsleb-chiapas-sabidurias-ensenanzas-y-consejos-de-los-ancianos-y-ancianas-mayas-de-zinacantan-chiapas-edicion-bilingue\/"]}]},{"@type":"ImageObject","inLanguage":"es","@id":"https:\/\/booksfrommexico.com\/es\/producto\/spijil-smantal-jtotik-jmetik-ta-sotsleb-chiapas-sabidurias-ensenanzas-y-consejos-de-los-ancianos-y-ancianas-mayas-de-zinacantan-chiapas-edicion-bilingue\/#primaryimage","url":"https:\/\/booksfrommexico.com\/app\/uploads\/2023\/05\/185514.jpeg","contentUrl":"https:\/\/booksfrommexico.com\/app\/uploads\/2023\/05\/185514.jpeg","width":618,"height":814,"caption":"Books from m\u00e9xico: Sp'ijil smantal jtotik jme'tik ta Sots'leb, Chiapas"},{"@type":"BreadcrumbList","@id":"https:\/\/booksfrommexico.com\/es\/producto\/spijil-smantal-jtotik-jmetik-ta-sotsleb-chiapas-sabidurias-ensenanzas-y-consejos-de-los-ancianos-y-ancianas-mayas-de-zinacantan-chiapas-edicion-bilingue\/#breadcrumb","itemListElement":[{"@type":"ListItem","position":1,"name":"Home","item":"https:\/\/booksfrommexico.com\/es\/"},{"@type":"ListItem","position":2,"name":"Libros","item":"https:\/\/booksfrommexico.com\/es\/libros\/"},{"@type":"ListItem","position":3,"name":"Sp&#8217;ijil smantal jtotik jme&#8217;tik ta Sots&#8217;leb, Chiapas : Sabidur\u00edas, ense\u00f1anzas y consejos de los ancianos y ancianas mayas de Zinacant\u00e1n, Chiapas"}]},{"@type":"WebSite","@id":"https:\/\/booksfrommexico.com\/#website","url":"https:\/\/booksfrommexico.com\/","name":"Books From Mexico","description":"","publisher":{"@id":"https:\/\/booksfrommexico.com\/#organization"},"potentialAction":[{"@type":"SearchAction","target":{"@type":"EntryPoint","urlTemplate":"https:\/\/booksfrommexico.com\/?s={search_term_string}"},"query-input":{"@type":"PropertyValueSpecification","valueRequired":true,"valueName":"search_term_string"}}],"inLanguage":"es"},{"@type":"Organization","@id":"https:\/\/booksfrommexico.com\/#organization","name":"Books From Mexico","url":"https:\/\/booksfrommexico.com\/","logo":{"@type":"ImageObject","inLanguage":"es","@id":"https:\/\/booksfrommexico.com\/#\/schema\/logo\/image\/","url":"https:\/\/booksfrommexico.com\/app\/uploads\/2023\/05\/logo-booksfrommexico.svg","contentUrl":"https:\/\/booksfrommexico.com\/app\/uploads\/2023\/05\/logo-booksfrommexico.svg","width":86,"height":56,"caption":"Books From Mexico"},"image":{"@id":"https:\/\/booksfrommexico.com\/#\/schema\/logo\/image\/"}}]}},"_links":{"self":[{"href":"https:\/\/booksfrommexico.com\/es\/wp-json\/wp\/v2\/product\/1227","targetHints":{"allow":["GET"]}}],"collection":[{"href":"https:\/\/booksfrommexico.com\/es\/wp-json\/wp\/v2\/product"}],"about":[{"href":"https:\/\/booksfrommexico.com\/es\/wp-json\/wp\/v2\/types\/product"}],"wp:featuredmedia":[{"embeddable":true,"href":"https:\/\/booksfrommexico.com\/es\/wp-json\/wp\/v2\/media\/1226"}],"wp:attachment":[{"href":"https:\/\/booksfrommexico.com\/es\/wp-json\/wp\/v2\/media?parent=1227"}],"wp:term":[{"taxonomy":"product_brand","embeddable":true,"href":"https:\/\/booksfrommexico.com\/es\/wp-json\/wp\/v2\/product_brand?post=1227"},{"taxonomy":"product_cat","embeddable":true,"href":"https:\/\/booksfrommexico.com\/es\/wp-json\/wp\/v2\/product_cat?post=1227"},{"taxonomy":"product_tag","embeddable":true,"href":"https:\/\/booksfrommexico.com\/es\/wp-json\/wp\/v2\/product_tag?post=1227"}],"curies":[{"name":"wp","href":"https:\/\/api.w.org\/{rel}","templated":true}]}}