{"id":1229,"date":"2023-05-08T17:12:57","date_gmt":"2023-05-08T17:12:57","guid":{"rendered":"http:\/\/booksfrommexico.com\/product\/modelos-de-conjugacion-en-el-maya-yucateco\/"},"modified":"2024-04-16T22:56:04","modified_gmt":"2024-04-16T22:56:04","slug":"modelos-de-conjugacion-en-el-maya-yucateco","status":"publish","type":"product","link":"https:\/\/booksfrommexico.com\/es\/producto\/modelos-de-conjugacion-en-el-maya-yucateco\/","title":{"rendered":"Modelos de conjugaci\u00f3n en el maya yucateco"},"content":{"rendered":"<p><span style=\"font-weight: 400;\">La educaci\u00f3n integral y de calidad se fundamenta en los principios del respeto hacia la memoria colectiva, la cual proporciona la identidad de los pueblos. El material que aqu\u00ed se presenta funciona como un apoyo para la ense\u00f1anza y el aprendizaje del maya, facilita el aprendizaje de la lengua maya, contribuyendo a unificar criterios gramaticales, contando adem\u00e1s una clasificaci\u00f3n y conjugaci\u00f3n de m\u00e1s de 1000 verbos en maya. Se propone, adem\u00e1s, como una obra base para toda persona que sin conocimiento previo quiera acercarse a la lengua maya, o para quien quiera ampliar sus conocimientos en la misma, ofreciendo el alfabeto, listas de verbos, sus conjugaciones y construcciones gramaticales.<\/span><\/p>\n","protected":false},"excerpt":{"rendered":"<p>MODELOS DE CONJUGACI\u00d3N EN EL MAYA YUCATECO.<span style=\"font-weight: 400;\"> \/ Patricia Gorostieta Monjaraz. M\u00e9rida, Yucat\u00e1n, M\u00e9xico : Secretar\u00eda de Educaci\u00f3n del Gobierno del Estado de Yucat\u00e1n, 2016. 211 pages : includes tables, bibliography. ISBN : 9786078340378.<\/span><\/p>\n","protected":false},"featured_media":1228,"template":"","meta":{"_acf_changed":false,"inline_featured_image":false},"product_brand":[],"product_cat":[169,3166],"product_tag":[3754,4060],"class_list":{"0":"post-1229","1":"product","2":"type-product","3":"status-publish","4":"has-post-thumbnail","6":"product_cat-lengua-y-linguistica","7":"product_cat-lenguas-y-linguisticas-indigenas-lengua-y-linguistica","8":"product_tag-lenguaje-maya","9":"product_tag-lenguas-indigenas-es","11":"first","12":"instock","13":"taxable","14":"shipping-taxable","15":"purchasable","16":"product-type-simple"},"acf":[],"yoast_head":"<!-- This site is optimized with the Yoast SEO plugin v27.2 - https:\/\/yoast.com\/product\/yoast-seo-wordpress\/ -->\n<title>Modelos de conjugaci\u00f3n en el maya yucateco<\/title>\n<meta name=\"description\" content=\"MODELOS DE CONJUGACI\u00d3N EN EL MAYA YUCATECO. \/ Patricia Gorostieta Monjaraz. 211 pages : includes tables, bibliography. ISBN : 9786078340378.\" \/>\n<meta name=\"robots\" content=\"index, follow, max-snippet:-1, max-image-preview:large, max-video-preview:-1\" \/>\n<link rel=\"canonical\" href=\"https:\/\/booksfrommexico.com\/es\/producto\/modelos-de-conjugacion-en-el-maya-yucateco\/\" \/>\n<meta property=\"og:locale\" content=\"es_ES\" \/>\n<meta property=\"og:type\" content=\"article\" \/>\n<meta property=\"og:title\" content=\"Modelos de conjugaci\u00f3n en el maya yucateco\" \/>\n<meta property=\"og:description\" content=\"MODELOS DE CONJUGACI\u00d3N EN EL MAYA YUCATECO. \/ Patricia Gorostieta Monjaraz. 211 pages : includes tables, bibliography. ISBN : 9786078340378.\" \/>\n<meta property=\"og:url\" content=\"https:\/\/booksfrommexico.com\/es\/producto\/modelos-de-conjugacion-en-el-maya-yucateco\/\" \/>\n<meta property=\"og:site_name\" content=\"Books From Mexico\" \/>\n<meta property=\"article:modified_time\" content=\"2024-04-16T22:56:04+00:00\" \/>\n<meta property=\"og:image\" content=\"http:\/\/booksfrommexico.com\/app\/uploads\/2023\/05\/187984.jpeg\" \/>\n\t<meta property=\"og:image:width\" content=\"567\" \/>\n\t<meta property=\"og:image:height\" content=\"719\" \/>\n\t<meta property=\"og:image:type\" content=\"image\/jpeg\" \/>\n<meta name=\"twitter:card\" content=\"summary_large_image\" \/>\n<meta name=\"twitter:label1\" content=\"Tiempo de lectura\" \/>\n\t<meta name=\"twitter:data1\" content=\"1 minuto\" \/>\n<script type=\"application\/ld+json\" class=\"yoast-schema-graph\">{\"@context\":\"https:\/\/schema.org\",\"@graph\":[{\"@type\":\"WebPage\",\"@id\":\"https:\/\/booksfrommexico.com\/es\/producto\/modelos-de-conjugacion-en-el-maya-yucateco\/\",\"url\":\"https:\/\/booksfrommexico.com\/es\/producto\/modelos-de-conjugacion-en-el-maya-yucateco\/\",\"name\":\"Modelos de conjugaci\u00f3n en el maya yucateco\",\"isPartOf\":{\"@id\":\"https:\/\/booksfrommexico.com\/#website\"},\"primaryImageOfPage\":{\"@id\":\"https:\/\/booksfrommexico.com\/es\/producto\/modelos-de-conjugacion-en-el-maya-yucateco\/#primaryimage\"},\"image\":{\"@id\":\"https:\/\/booksfrommexico.com\/es\/producto\/modelos-de-conjugacion-en-el-maya-yucateco\/#primaryimage\"},\"thumbnailUrl\":\"https:\/\/booksfrommexico.com\/app\/uploads\/2023\/05\/187984.jpeg\",\"datePublished\":\"2023-05-08T17:12:57+00:00\",\"dateModified\":\"2024-04-16T22:56:04+00:00\",\"description\":\"MODELOS DE CONJUGACI\u00d3N EN EL MAYA YUCATECO. \/ Patricia Gorostieta Monjaraz. 211 pages : includes tables, bibliography. ISBN : 9786078340378.\",\"breadcrumb\":{\"@id\":\"https:\/\/booksfrommexico.com\/es\/producto\/modelos-de-conjugacion-en-el-maya-yucateco\/#breadcrumb\"},\"inLanguage\":\"es\",\"potentialAction\":[{\"@type\":\"ReadAction\",\"target\":[\"https:\/\/booksfrommexico.com\/es\/producto\/modelos-de-conjugacion-en-el-maya-yucateco\/\"]}]},{\"@type\":\"ImageObject\",\"inLanguage\":\"es\",\"@id\":\"https:\/\/booksfrommexico.com\/es\/producto\/modelos-de-conjugacion-en-el-maya-yucateco\/#primaryimage\",\"url\":\"https:\/\/booksfrommexico.com\/app\/uploads\/2023\/05\/187984.jpeg\",\"contentUrl\":\"https:\/\/booksfrommexico.com\/app\/uploads\/2023\/05\/187984.jpeg\",\"width\":567,\"height\":719,\"caption\":\"Books From M\u00e9xico: Modelos de conjugaci\u00f3n en el maya yucateco\"},{\"@type\":\"BreadcrumbList\",\"@id\":\"https:\/\/booksfrommexico.com\/es\/producto\/modelos-de-conjugacion-en-el-maya-yucateco\/#breadcrumb\",\"itemListElement\":[{\"@type\":\"ListItem\",\"position\":1,\"name\":\"Home\",\"item\":\"https:\/\/booksfrommexico.com\/es\/\"},{\"@type\":\"ListItem\",\"position\":2,\"name\":\"Libros\",\"item\":\"https:\/\/booksfrommexico.com\/es\/libros\/\"},{\"@type\":\"ListItem\",\"position\":3,\"name\":\"Modelos de conjugaci\u00f3n en el maya yucateco\"}]},{\"@type\":\"WebSite\",\"@id\":\"https:\/\/booksfrommexico.com\/#website\",\"url\":\"https:\/\/booksfrommexico.com\/\",\"name\":\"Books From Mexico\",\"description\":\"\",\"publisher\":{\"@id\":\"https:\/\/booksfrommexico.com\/#organization\"},\"potentialAction\":[{\"@type\":\"SearchAction\",\"target\":{\"@type\":\"EntryPoint\",\"urlTemplate\":\"https:\/\/booksfrommexico.com\/?s={search_term_string}\"},\"query-input\":{\"@type\":\"PropertyValueSpecification\",\"valueRequired\":true,\"valueName\":\"search_term_string\"}}],\"inLanguage\":\"es\"},{\"@type\":\"Organization\",\"@id\":\"https:\/\/booksfrommexico.com\/#organization\",\"name\":\"Books From Mexico\",\"url\":\"https:\/\/booksfrommexico.com\/\",\"logo\":{\"@type\":\"ImageObject\",\"inLanguage\":\"es\",\"@id\":\"https:\/\/booksfrommexico.com\/#\/schema\/logo\/image\/\",\"url\":\"https:\/\/booksfrommexico.com\/app\/uploads\/2023\/05\/logo-booksfrommexico.svg\",\"contentUrl\":\"https:\/\/booksfrommexico.com\/app\/uploads\/2023\/05\/logo-booksfrommexico.svg\",\"width\":86,\"height\":56,\"caption\":\"Books From Mexico\"},\"image\":{\"@id\":\"https:\/\/booksfrommexico.com\/#\/schema\/logo\/image\/\"}}]}<\/script>\n<!-- \/ Yoast SEO plugin. -->","yoast_head_json":{"title":"Modelos de conjugaci\u00f3n en el maya yucateco","description":"MODELOS DE CONJUGACI\u00d3N EN EL MAYA YUCATECO. \/ Patricia Gorostieta Monjaraz. 211 pages : includes tables, bibliography. ISBN : 9786078340378.","robots":{"index":"index","follow":"follow","max-snippet":"max-snippet:-1","max-image-preview":"max-image-preview:large","max-video-preview":"max-video-preview:-1"},"canonical":"https:\/\/booksfrommexico.com\/es\/producto\/modelos-de-conjugacion-en-el-maya-yucateco\/","og_locale":"es_ES","og_type":"article","og_title":"Modelos de conjugaci\u00f3n en el maya yucateco","og_description":"MODELOS DE CONJUGACI\u00d3N EN EL MAYA YUCATECO. \/ Patricia Gorostieta Monjaraz. 211 pages : includes tables, bibliography. ISBN : 9786078340378.","og_url":"https:\/\/booksfrommexico.com\/es\/producto\/modelos-de-conjugacion-en-el-maya-yucateco\/","og_site_name":"Books From Mexico","article_modified_time":"2024-04-16T22:56:04+00:00","og_image":[{"width":567,"height":719,"url":"http:\/\/booksfrommexico.com\/app\/uploads\/2023\/05\/187984.jpeg","type":"image\/jpeg"}],"twitter_card":"summary_large_image","twitter_misc":{"Tiempo de lectura":"1 minuto"},"schema":{"@context":"https:\/\/schema.org","@graph":[{"@type":"WebPage","@id":"https:\/\/booksfrommexico.com\/es\/producto\/modelos-de-conjugacion-en-el-maya-yucateco\/","url":"https:\/\/booksfrommexico.com\/es\/producto\/modelos-de-conjugacion-en-el-maya-yucateco\/","name":"Modelos de conjugaci\u00f3n en el maya yucateco","isPartOf":{"@id":"https:\/\/booksfrommexico.com\/#website"},"primaryImageOfPage":{"@id":"https:\/\/booksfrommexico.com\/es\/producto\/modelos-de-conjugacion-en-el-maya-yucateco\/#primaryimage"},"image":{"@id":"https:\/\/booksfrommexico.com\/es\/producto\/modelos-de-conjugacion-en-el-maya-yucateco\/#primaryimage"},"thumbnailUrl":"https:\/\/booksfrommexico.com\/app\/uploads\/2023\/05\/187984.jpeg","datePublished":"2023-05-08T17:12:57+00:00","dateModified":"2024-04-16T22:56:04+00:00","description":"MODELOS DE CONJUGACI\u00d3N EN EL MAYA YUCATECO. \/ Patricia Gorostieta Monjaraz. 211 pages : includes tables, bibliography. ISBN : 9786078340378.","breadcrumb":{"@id":"https:\/\/booksfrommexico.com\/es\/producto\/modelos-de-conjugacion-en-el-maya-yucateco\/#breadcrumb"},"inLanguage":"es","potentialAction":[{"@type":"ReadAction","target":["https:\/\/booksfrommexico.com\/es\/producto\/modelos-de-conjugacion-en-el-maya-yucateco\/"]}]},{"@type":"ImageObject","inLanguage":"es","@id":"https:\/\/booksfrommexico.com\/es\/producto\/modelos-de-conjugacion-en-el-maya-yucateco\/#primaryimage","url":"https:\/\/booksfrommexico.com\/app\/uploads\/2023\/05\/187984.jpeg","contentUrl":"https:\/\/booksfrommexico.com\/app\/uploads\/2023\/05\/187984.jpeg","width":567,"height":719,"caption":"Books From M\u00e9xico: Modelos de conjugaci\u00f3n en el maya yucateco"},{"@type":"BreadcrumbList","@id":"https:\/\/booksfrommexico.com\/es\/producto\/modelos-de-conjugacion-en-el-maya-yucateco\/#breadcrumb","itemListElement":[{"@type":"ListItem","position":1,"name":"Home","item":"https:\/\/booksfrommexico.com\/es\/"},{"@type":"ListItem","position":2,"name":"Libros","item":"https:\/\/booksfrommexico.com\/es\/libros\/"},{"@type":"ListItem","position":3,"name":"Modelos de conjugaci\u00f3n en el maya yucateco"}]},{"@type":"WebSite","@id":"https:\/\/booksfrommexico.com\/#website","url":"https:\/\/booksfrommexico.com\/","name":"Books From Mexico","description":"","publisher":{"@id":"https:\/\/booksfrommexico.com\/#organization"},"potentialAction":[{"@type":"SearchAction","target":{"@type":"EntryPoint","urlTemplate":"https:\/\/booksfrommexico.com\/?s={search_term_string}"},"query-input":{"@type":"PropertyValueSpecification","valueRequired":true,"valueName":"search_term_string"}}],"inLanguage":"es"},{"@type":"Organization","@id":"https:\/\/booksfrommexico.com\/#organization","name":"Books From Mexico","url":"https:\/\/booksfrommexico.com\/","logo":{"@type":"ImageObject","inLanguage":"es","@id":"https:\/\/booksfrommexico.com\/#\/schema\/logo\/image\/","url":"https:\/\/booksfrommexico.com\/app\/uploads\/2023\/05\/logo-booksfrommexico.svg","contentUrl":"https:\/\/booksfrommexico.com\/app\/uploads\/2023\/05\/logo-booksfrommexico.svg","width":86,"height":56,"caption":"Books From Mexico"},"image":{"@id":"https:\/\/booksfrommexico.com\/#\/schema\/logo\/image\/"}}]}},"_links":{"self":[{"href":"https:\/\/booksfrommexico.com\/es\/wp-json\/wp\/v2\/product\/1229","targetHints":{"allow":["GET"]}}],"collection":[{"href":"https:\/\/booksfrommexico.com\/es\/wp-json\/wp\/v2\/product"}],"about":[{"href":"https:\/\/booksfrommexico.com\/es\/wp-json\/wp\/v2\/types\/product"}],"wp:featuredmedia":[{"embeddable":true,"href":"https:\/\/booksfrommexico.com\/es\/wp-json\/wp\/v2\/media\/1228"}],"wp:attachment":[{"href":"https:\/\/booksfrommexico.com\/es\/wp-json\/wp\/v2\/media?parent=1229"}],"wp:term":[{"taxonomy":"product_brand","embeddable":true,"href":"https:\/\/booksfrommexico.com\/es\/wp-json\/wp\/v2\/product_brand?post=1229"},{"taxonomy":"product_cat","embeddable":true,"href":"https:\/\/booksfrommexico.com\/es\/wp-json\/wp\/v2\/product_cat?post=1229"},{"taxonomy":"product_tag","embeddable":true,"href":"https:\/\/booksfrommexico.com\/es\/wp-json\/wp\/v2\/product_tag?post=1229"}],"curies":[{"name":"wp","href":"https:\/\/api.w.org\/{rel}","templated":true}]}}