{"id":1233,"date":"2023-09-08T17:13:00","date_gmt":"2023-09-08T17:13:00","guid":{"rendered":"http:\/\/booksfrommexico.com\/product\/la-fiebre-chikungunya-en-yucatan-testimonios-indicios-y-prolegomenos-de-una-campana-mosquitocentrica\/"},"modified":"2024-06-04T18:32:04","modified_gmt":"2024-06-04T18:32:04","slug":"la-fiebre-chikungunya-en-yucatan-testimonios-indicios-y-prolegomenos-de-una-campana-mosquitocentrica","status":"publish","type":"product","link":"https:\/\/booksfrommexico.com\/es\/producto\/la-fiebre-chikungunya-en-yucatan-testimonios-indicios-y-prolegomenos-de-una-campana-mosquitocentrica\/","title":{"rendered":"La fiebre chikungunya en Yucat\u00e1n"},"content":{"rendered":"<p><span style=\"font-weight: 400;\">En 2015 la fiebre chikungunya afect\u00f3 a la poblaci\u00f3n de Yucat\u00e1n de manera descontrolada puesto que hab\u00eda poca informaci\u00f3n al respecto de esta enfermedad, al igual que el desconocimiento de su terminolog\u00eda. Aunque en un inicio se crey\u00f3 que la enfermedad era transmitida por los mosquitos, desde la ciencia entomol\u00f3gica se sabe que son los virus que \u00e9stos llevan y no propiamente el insecto. En esta investigaci\u00f3n, se propone que la fiebre chikungunya pudo tener otras variantes que acrecentaron el contagio entre la poblaci\u00f3n, se\u00f1alando a cuestiones biol\u00f3gicas o ambientales. Sostiene, adem\u00e1s, que de haberse mejorado las condiciones estructurales de vida y bienestar de la gente, no s\u00f3lo se hubiera evitado este contagio, sino que tambi\u00e9n podr\u00eda prevenirse otra propagaci\u00f3n as\u00ed en el futuro.<\/span><\/p>\n","protected":false},"excerpt":{"rendered":"<p>LA FIEBRE CHIKUNGUNYA EN YUCAT\u00c1N : TESTIMONIOS, INDICIOS Y PROLEG\u00d3MENOS DE UNA CAMPA\u00d1A MOSQUITOC\u00c9NTRICA.<span style=\"font-weight: 400;\"> \/ Gabriel Angelotti Pasteur. M\u00e9rida, Yucat\u00e1n, M\u00e9xico : Universidad Aut\u00f3noma de Yucat\u00e1n , Facultad de Ciencias Antropol\u00f3gicas , Ediciones de la UADY , Coordinaci\u00f3n General de Postgrado , Investigaci\u00f3n y Vinculaci\u00f3n , Casa Editorial, 2018. 141 pages : includes illustrations, maps, tables, photos, bibliography ; 23 cm. ISBN : 9786078527724.<\/span><\/p>\n","protected":false},"featured_media":1232,"template":"","meta":{"_acf_changed":false,"inline_featured_image":false},"product_brand":[],"product_cat":[690,78],"product_tag":[4122,3831],"class_list":{"0":"post-1233","1":"product","2":"type-product","3":"status-publish","4":"has-post-thumbnail","6":"product_cat-medicina-y-salud-publica","7":"product_cat-sociologia","8":"product_tag-investigacion","9":"product_tag-yucatan-mexico","11":"first","12":"instock","13":"taxable","14":"shipping-taxable","15":"purchasable","16":"product-type-simple"},"acf":[],"yoast_head":"<!-- This site is optimized with the Yoast SEO plugin v27.3 - https:\/\/yoast.com\/product\/yoast-seo-wordpress\/ -->\n<title>La fiebre chikungunya en Yucat\u00e1n<\/title>\n<meta name=\"description\" content=\"LA FIEBRE CHIKUNGUNYA EN YUCAT\u00c1N : TESTIMONIOS, INDICIOS Y PROLEG\u00d3MENOS DE UNA CAMPA\u00d1A MOSQUITOC\u00c9NTRICA. \/ Gabriel Angelotti Pasteur. UNAM. 2018.\" \/>\n<meta name=\"robots\" content=\"index, follow, max-snippet:-1, max-image-preview:large, max-video-preview:-1\" \/>\n<link rel=\"canonical\" href=\"https:\/\/booksfrommexico.com\/es\/producto\/la-fiebre-chikungunya-en-yucatan-testimonios-indicios-y-prolegomenos-de-una-campana-mosquitocentrica\/\" \/>\n<meta property=\"og:locale\" content=\"es_ES\" \/>\n<meta property=\"og:type\" content=\"article\" \/>\n<meta property=\"og:title\" content=\"La fiebre chikungunya en Yucat\u00e1n\" \/>\n<meta property=\"og:description\" content=\"LA FIEBRE CHIKUNGUNYA EN YUCAT\u00c1N : TESTIMONIOS, INDICIOS Y PROLEG\u00d3MENOS DE UNA CAMPA\u00d1A MOSQUITOC\u00c9NTRICA. \/ Gabriel Angelotti Pasteur. UNAM. 2018.\" \/>\n<meta property=\"og:url\" content=\"https:\/\/booksfrommexico.com\/es\/producto\/la-fiebre-chikungunya-en-yucatan-testimonios-indicios-y-prolegomenos-de-una-campana-mosquitocentrica\/\" \/>\n<meta property=\"og:site_name\" content=\"Books From Mexico\" \/>\n<meta property=\"article:modified_time\" content=\"2024-06-04T18:32:04+00:00\" \/>\n<meta property=\"og:image\" content=\"http:\/\/booksfrommexico.com\/app\/uploads\/2023\/05\/187758.jpg\" \/>\n\t<meta property=\"og:image:width\" content=\"597\" \/>\n\t<meta property=\"og:image:height\" content=\"893\" \/>\n\t<meta property=\"og:image:type\" content=\"image\/jpeg\" \/>\n<meta name=\"twitter:card\" content=\"summary_large_image\" \/>\n<meta name=\"twitter:label1\" content=\"Tiempo de lectura\" \/>\n\t<meta name=\"twitter:data1\" content=\"1 minuto\" \/>\n<script type=\"application\/ld+json\" class=\"yoast-schema-graph\">{\"@context\":\"https:\\\/\\\/schema.org\",\"@graph\":[{\"@type\":\"WebPage\",\"@id\":\"https:\\\/\\\/booksfrommexico.com\\\/es\\\/producto\\\/la-fiebre-chikungunya-en-yucatan-testimonios-indicios-y-prolegomenos-de-una-campana-mosquitocentrica\\\/\",\"url\":\"https:\\\/\\\/booksfrommexico.com\\\/es\\\/producto\\\/la-fiebre-chikungunya-en-yucatan-testimonios-indicios-y-prolegomenos-de-una-campana-mosquitocentrica\\\/\",\"name\":\"La fiebre chikungunya en Yucat\u00e1n\",\"isPartOf\":{\"@id\":\"https:\\\/\\\/booksfrommexico.com\\\/#website\"},\"primaryImageOfPage\":{\"@id\":\"https:\\\/\\\/booksfrommexico.com\\\/es\\\/producto\\\/la-fiebre-chikungunya-en-yucatan-testimonios-indicios-y-prolegomenos-de-una-campana-mosquitocentrica\\\/#primaryimage\"},\"image\":{\"@id\":\"https:\\\/\\\/booksfrommexico.com\\\/es\\\/producto\\\/la-fiebre-chikungunya-en-yucatan-testimonios-indicios-y-prolegomenos-de-una-campana-mosquitocentrica\\\/#primaryimage\"},\"thumbnailUrl\":\"https:\\\/\\\/booksfrommexico.com\\\/app\\\/uploads\\\/2023\\\/05\\\/187758.jpg\",\"datePublished\":\"2023-09-08T17:13:00+00:00\",\"dateModified\":\"2024-06-04T18:32:04+00:00\",\"description\":\"LA FIEBRE CHIKUNGUNYA EN YUCAT\u00c1N : TESTIMONIOS, INDICIOS Y PROLEG\u00d3MENOS DE UNA CAMPA\u00d1A MOSQUITOC\u00c9NTRICA. \\\/ Gabriel Angelotti Pasteur. UNAM. 2018.\",\"breadcrumb\":{\"@id\":\"https:\\\/\\\/booksfrommexico.com\\\/es\\\/producto\\\/la-fiebre-chikungunya-en-yucatan-testimonios-indicios-y-prolegomenos-de-una-campana-mosquitocentrica\\\/#breadcrumb\"},\"inLanguage\":\"es\",\"potentialAction\":[{\"@type\":\"ReadAction\",\"target\":[\"https:\\\/\\\/booksfrommexico.com\\\/es\\\/producto\\\/la-fiebre-chikungunya-en-yucatan-testimonios-indicios-y-prolegomenos-de-una-campana-mosquitocentrica\\\/\"]}]},{\"@type\":\"ImageObject\",\"inLanguage\":\"es\",\"@id\":\"https:\\\/\\\/booksfrommexico.com\\\/es\\\/producto\\\/la-fiebre-chikungunya-en-yucatan-testimonios-indicios-y-prolegomenos-de-una-campana-mosquitocentrica\\\/#primaryimage\",\"url\":\"https:\\\/\\\/booksfrommexico.com\\\/app\\\/uploads\\\/2023\\\/05\\\/187758.jpg\",\"contentUrl\":\"https:\\\/\\\/booksfrommexico.com\\\/app\\\/uploads\\\/2023\\\/05\\\/187758.jpg\",\"width\":597,\"height\":893,\"caption\":\"Books From M\u00e9xico: La fiebre chikungunya en Yucat\u00e1n: testimonios, indicios y proleg\u00f3menos de una campa\u00f1a mosquitoc\u00e9ntrica\"},{\"@type\":\"BreadcrumbList\",\"@id\":\"https:\\\/\\\/booksfrommexico.com\\\/es\\\/producto\\\/la-fiebre-chikungunya-en-yucatan-testimonios-indicios-y-prolegomenos-de-una-campana-mosquitocentrica\\\/#breadcrumb\",\"itemListElement\":[{\"@type\":\"ListItem\",\"position\":1,\"name\":\"Home\",\"item\":\"https:\\\/\\\/booksfrommexico.com\\\/es\\\/\"},{\"@type\":\"ListItem\",\"position\":2,\"name\":\"Libros\",\"item\":\"https:\\\/\\\/booksfrommexico.com\\\/es\\\/libros\\\/\"},{\"@type\":\"ListItem\",\"position\":3,\"name\":\"La fiebre chikungunya en Yucat\u00e1n\"}]},{\"@type\":\"WebSite\",\"@id\":\"https:\\\/\\\/booksfrommexico.com\\\/#website\",\"url\":\"https:\\\/\\\/booksfrommexico.com\\\/\",\"name\":\"Books From Mexico\",\"description\":\"\",\"publisher\":{\"@id\":\"https:\\\/\\\/booksfrommexico.com\\\/#organization\"},\"potentialAction\":[{\"@type\":\"SearchAction\",\"target\":{\"@type\":\"EntryPoint\",\"urlTemplate\":\"https:\\\/\\\/booksfrommexico.com\\\/?s={search_term_string}\"},\"query-input\":{\"@type\":\"PropertyValueSpecification\",\"valueRequired\":true,\"valueName\":\"search_term_string\"}}],\"inLanguage\":\"es\"},{\"@type\":\"Organization\",\"@id\":\"https:\\\/\\\/booksfrommexico.com\\\/#organization\",\"name\":\"Books From Mexico\",\"url\":\"https:\\\/\\\/booksfrommexico.com\\\/\",\"logo\":{\"@type\":\"ImageObject\",\"inLanguage\":\"es\",\"@id\":\"https:\\\/\\\/booksfrommexico.com\\\/#\\\/schema\\\/logo\\\/image\\\/\",\"url\":\"https:\\\/\\\/booksfrommexico.com\\\/app\\\/uploads\\\/2023\\\/05\\\/logo-booksfrommexico.svg\",\"contentUrl\":\"https:\\\/\\\/booksfrommexico.com\\\/app\\\/uploads\\\/2023\\\/05\\\/logo-booksfrommexico.svg\",\"width\":86,\"height\":56,\"caption\":\"Books From Mexico\"},\"image\":{\"@id\":\"https:\\\/\\\/booksfrommexico.com\\\/#\\\/schema\\\/logo\\\/image\\\/\"}}]}<\/script>\n<!-- \/ Yoast SEO plugin. -->","yoast_head_json":{"title":"La fiebre chikungunya en Yucat\u00e1n","description":"LA FIEBRE CHIKUNGUNYA EN YUCAT\u00c1N : TESTIMONIOS, INDICIOS Y PROLEG\u00d3MENOS DE UNA CAMPA\u00d1A MOSQUITOC\u00c9NTRICA. \/ Gabriel Angelotti Pasteur. UNAM. 2018.","robots":{"index":"index","follow":"follow","max-snippet":"max-snippet:-1","max-image-preview":"max-image-preview:large","max-video-preview":"max-video-preview:-1"},"canonical":"https:\/\/booksfrommexico.com\/es\/producto\/la-fiebre-chikungunya-en-yucatan-testimonios-indicios-y-prolegomenos-de-una-campana-mosquitocentrica\/","og_locale":"es_ES","og_type":"article","og_title":"La fiebre chikungunya en Yucat\u00e1n","og_description":"LA FIEBRE CHIKUNGUNYA EN YUCAT\u00c1N : TESTIMONIOS, INDICIOS Y PROLEG\u00d3MENOS DE UNA CAMPA\u00d1A MOSQUITOC\u00c9NTRICA. \/ Gabriel Angelotti Pasteur. UNAM. 2018.","og_url":"https:\/\/booksfrommexico.com\/es\/producto\/la-fiebre-chikungunya-en-yucatan-testimonios-indicios-y-prolegomenos-de-una-campana-mosquitocentrica\/","og_site_name":"Books From Mexico","article_modified_time":"2024-06-04T18:32:04+00:00","og_image":[{"width":597,"height":893,"url":"http:\/\/booksfrommexico.com\/app\/uploads\/2023\/05\/187758.jpg","type":"image\/jpeg"}],"twitter_card":"summary_large_image","twitter_misc":{"Tiempo de lectura":"1 minuto"},"schema":{"@context":"https:\/\/schema.org","@graph":[{"@type":"WebPage","@id":"https:\/\/booksfrommexico.com\/es\/producto\/la-fiebre-chikungunya-en-yucatan-testimonios-indicios-y-prolegomenos-de-una-campana-mosquitocentrica\/","url":"https:\/\/booksfrommexico.com\/es\/producto\/la-fiebre-chikungunya-en-yucatan-testimonios-indicios-y-prolegomenos-de-una-campana-mosquitocentrica\/","name":"La fiebre chikungunya en Yucat\u00e1n","isPartOf":{"@id":"https:\/\/booksfrommexico.com\/#website"},"primaryImageOfPage":{"@id":"https:\/\/booksfrommexico.com\/es\/producto\/la-fiebre-chikungunya-en-yucatan-testimonios-indicios-y-prolegomenos-de-una-campana-mosquitocentrica\/#primaryimage"},"image":{"@id":"https:\/\/booksfrommexico.com\/es\/producto\/la-fiebre-chikungunya-en-yucatan-testimonios-indicios-y-prolegomenos-de-una-campana-mosquitocentrica\/#primaryimage"},"thumbnailUrl":"https:\/\/booksfrommexico.com\/app\/uploads\/2023\/05\/187758.jpg","datePublished":"2023-09-08T17:13:00+00:00","dateModified":"2024-06-04T18:32:04+00:00","description":"LA FIEBRE CHIKUNGUNYA EN YUCAT\u00c1N : TESTIMONIOS, INDICIOS Y PROLEG\u00d3MENOS DE UNA CAMPA\u00d1A MOSQUITOC\u00c9NTRICA. \/ Gabriel Angelotti Pasteur. UNAM. 2018.","breadcrumb":{"@id":"https:\/\/booksfrommexico.com\/es\/producto\/la-fiebre-chikungunya-en-yucatan-testimonios-indicios-y-prolegomenos-de-una-campana-mosquitocentrica\/#breadcrumb"},"inLanguage":"es","potentialAction":[{"@type":"ReadAction","target":["https:\/\/booksfrommexico.com\/es\/producto\/la-fiebre-chikungunya-en-yucatan-testimonios-indicios-y-prolegomenos-de-una-campana-mosquitocentrica\/"]}]},{"@type":"ImageObject","inLanguage":"es","@id":"https:\/\/booksfrommexico.com\/es\/producto\/la-fiebre-chikungunya-en-yucatan-testimonios-indicios-y-prolegomenos-de-una-campana-mosquitocentrica\/#primaryimage","url":"https:\/\/booksfrommexico.com\/app\/uploads\/2023\/05\/187758.jpg","contentUrl":"https:\/\/booksfrommexico.com\/app\/uploads\/2023\/05\/187758.jpg","width":597,"height":893,"caption":"Books From M\u00e9xico: La fiebre chikungunya en Yucat\u00e1n: testimonios, indicios y proleg\u00f3menos de una campa\u00f1a mosquitoc\u00e9ntrica"},{"@type":"BreadcrumbList","@id":"https:\/\/booksfrommexico.com\/es\/producto\/la-fiebre-chikungunya-en-yucatan-testimonios-indicios-y-prolegomenos-de-una-campana-mosquitocentrica\/#breadcrumb","itemListElement":[{"@type":"ListItem","position":1,"name":"Home","item":"https:\/\/booksfrommexico.com\/es\/"},{"@type":"ListItem","position":2,"name":"Libros","item":"https:\/\/booksfrommexico.com\/es\/libros\/"},{"@type":"ListItem","position":3,"name":"La fiebre chikungunya en Yucat\u00e1n"}]},{"@type":"WebSite","@id":"https:\/\/booksfrommexico.com\/#website","url":"https:\/\/booksfrommexico.com\/","name":"Books From Mexico","description":"","publisher":{"@id":"https:\/\/booksfrommexico.com\/#organization"},"potentialAction":[{"@type":"SearchAction","target":{"@type":"EntryPoint","urlTemplate":"https:\/\/booksfrommexico.com\/?s={search_term_string}"},"query-input":{"@type":"PropertyValueSpecification","valueRequired":true,"valueName":"search_term_string"}}],"inLanguage":"es"},{"@type":"Organization","@id":"https:\/\/booksfrommexico.com\/#organization","name":"Books From Mexico","url":"https:\/\/booksfrommexico.com\/","logo":{"@type":"ImageObject","inLanguage":"es","@id":"https:\/\/booksfrommexico.com\/#\/schema\/logo\/image\/","url":"https:\/\/booksfrommexico.com\/app\/uploads\/2023\/05\/logo-booksfrommexico.svg","contentUrl":"https:\/\/booksfrommexico.com\/app\/uploads\/2023\/05\/logo-booksfrommexico.svg","width":86,"height":56,"caption":"Books From Mexico"},"image":{"@id":"https:\/\/booksfrommexico.com\/#\/schema\/logo\/image\/"}}]}},"_links":{"self":[{"href":"https:\/\/booksfrommexico.com\/es\/wp-json\/wp\/v2\/product\/1233","targetHints":{"allow":["GET"]}}],"collection":[{"href":"https:\/\/booksfrommexico.com\/es\/wp-json\/wp\/v2\/product"}],"about":[{"href":"https:\/\/booksfrommexico.com\/es\/wp-json\/wp\/v2\/types\/product"}],"wp:featuredmedia":[{"embeddable":true,"href":"https:\/\/booksfrommexico.com\/es\/wp-json\/wp\/v2\/media\/1232"}],"wp:attachment":[{"href":"https:\/\/booksfrommexico.com\/es\/wp-json\/wp\/v2\/media?parent=1233"}],"wp:term":[{"taxonomy":"product_brand","embeddable":true,"href":"https:\/\/booksfrommexico.com\/es\/wp-json\/wp\/v2\/product_brand?post=1233"},{"taxonomy":"product_cat","embeddable":true,"href":"https:\/\/booksfrommexico.com\/es\/wp-json\/wp\/v2\/product_cat?post=1233"},{"taxonomy":"product_tag","embeddable":true,"href":"https:\/\/booksfrommexico.com\/es\/wp-json\/wp\/v2\/product_tag?post=1233"}],"curies":[{"name":"wp","href":"https:\/\/api.w.org\/{rel}","templated":true}]}}