{"id":1241,"date":"2023-05-08T17:13:06","date_gmt":"2023-05-08T17:13:06","guid":{"rendered":"http:\/\/booksfrommexico.com\/product\/rescate-del-teatro-tradicional-mexicano-las-pastorelas-de-miguel-sabido\/"},"modified":"2024-06-04T18:27:42","modified_gmt":"2024-06-04T18:27:42","slug":"rescate-del-teatro-tradicional-mexicano-las-pastorelas-de-miguel-sabido","status":"publish","type":"product","link":"https:\/\/booksfrommexico.com\/es\/producto\/rescate-del-teatro-tradicional-mexicano-las-pastorelas-de-miguel-sabido\/","title":{"rendered":"Rescate del teatro tradicional mexicano"},"content":{"rendered":"<p><span style=\"font-weight: 400;\">Teatro de M\u00e9xico se fund\u00f3 en 1963 con el prop\u00f3sito de probar que el teatro mexicano hab\u00eda nacido desde 1527, que durante el siglo XVI fue el m\u00e1s importante del mundo y que en esa \u00e9poca se hicieron multitud de representaciones, que corr\u00edan el riesgo de desaparecer. Es por ello, que Miguel Sabido dise\u00f1\u00f3 un instrumento de pol\u00edtica cultural fundamental para la preservaci\u00f3n de las pastorelas, sistema que permitir\u00e1 que en los Pueblos M\u00e1gicos se presenten cada a\u00f1o las pastorelas y se conviertan as\u00ed en un poderoso motor del turismo cultural. Aqu\u00ed se re\u00fanen 7 pastorelas de Miguel Sabido, adem\u00e1s de textos donde se expone su inter\u00e9s de preservar el primer teatro mexicano: el de las pastorelas.<\/span><\/p>\n","protected":false},"excerpt":{"rendered":"<p>RESCATE DEL TEATRO TRADICIONAL MEXICANO : LAS PASTORELAS DE MIGUEL SABIDO.<span style=\"font-weight: 400;\"> \/ Saltillo, Coahuila, M\u00e9xico : Quintanilla Ediciones, 2018. 378 pages : includes color illustrations; 23 cm. (Serie Rescate del Teatro Tradicional Mexicano). ISBN : 9786079417734.<\/span><\/p>\n","protected":false},"featured_media":1240,"template":"","meta":{"_acf_changed":false,"inline_featured_image":false},"product_brand":[],"product_cat":[3347,4166,25],"product_tag":[3880,4237,4168],"class_list":{"0":"post-1241","1":"product","2":"type-product","3":"status-publish","4":"has-post-thumbnail","6":"product_cat-drama-danza-y-teatro","7":"product_cat-dramaturgia","8":"product_cat-literatura","9":"product_tag-identidad-cultural","10":"product_tag-pastorela","11":"product_tag-teatro","13":"first","14":"instock","15":"taxable","16":"shipping-taxable","17":"purchasable","18":"product-type-simple"},"acf":[],"yoast_head":"<!-- This site is optimized with the Yoast SEO plugin v27.3 - https:\/\/yoast.com\/product\/yoast-seo-wordpress\/ -->\n<title>Books From M\u00e9xico: Rescate del teatro tradicional mexicano<\/title>\n<meta name=\"description\" content=\"RESCATE DEL TEATRO TRADICIONAL MEXICANO : LAS PASTORELAS DE MIGUEL SABIDO. \/ Saltillo, Coahuila, M\u00e9xico : Quintanilla Ediciones, 2018.\" \/>\n<meta name=\"robots\" content=\"index, follow, max-snippet:-1, max-image-preview:large, max-video-preview:-1\" \/>\n<link rel=\"canonical\" href=\"https:\/\/booksfrommexico.com\/es\/producto\/rescate-del-teatro-tradicional-mexicano-las-pastorelas-de-miguel-sabido\/\" \/>\n<meta property=\"og:locale\" content=\"es_ES\" \/>\n<meta property=\"og:type\" content=\"article\" \/>\n<meta property=\"og:title\" content=\"Books From M\u00e9xico: Rescate del teatro tradicional mexicano\" \/>\n<meta property=\"og:description\" content=\"RESCATE DEL TEATRO TRADICIONAL MEXICANO : LAS PASTORELAS DE MIGUEL SABIDO. \/ Saltillo, Coahuila, M\u00e9xico : Quintanilla Ediciones, 2018.\" \/>\n<meta property=\"og:url\" content=\"https:\/\/booksfrommexico.com\/es\/producto\/rescate-del-teatro-tradicional-mexicano-las-pastorelas-de-miguel-sabido\/\" \/>\n<meta property=\"og:site_name\" content=\"Books From Mexico\" \/>\n<meta property=\"article:modified_time\" content=\"2024-06-04T18:27:42+00:00\" \/>\n<meta property=\"og:image\" content=\"http:\/\/booksfrommexico.com\/app\/uploads\/2023\/05\/186761.jpeg\" \/>\n\t<meta property=\"og:image:width\" content=\"475\" \/>\n\t<meta property=\"og:image:height\" content=\"651\" \/>\n\t<meta property=\"og:image:type\" content=\"image\/jpeg\" \/>\n<meta name=\"twitter:card\" content=\"summary_large_image\" \/>\n<meta name=\"twitter:label1\" content=\"Tiempo de lectura\" \/>\n\t<meta name=\"twitter:data1\" content=\"1 minuto\" \/>\n<script type=\"application\/ld+json\" class=\"yoast-schema-graph\">{\"@context\":\"https:\\\/\\\/schema.org\",\"@graph\":[{\"@type\":\"WebPage\",\"@id\":\"https:\\\/\\\/booksfrommexico.com\\\/es\\\/producto\\\/rescate-del-teatro-tradicional-mexicano-las-pastorelas-de-miguel-sabido\\\/\",\"url\":\"https:\\\/\\\/booksfrommexico.com\\\/es\\\/producto\\\/rescate-del-teatro-tradicional-mexicano-las-pastorelas-de-miguel-sabido\\\/\",\"name\":\"Books From M\u00e9xico: Rescate del teatro tradicional mexicano\",\"isPartOf\":{\"@id\":\"https:\\\/\\\/booksfrommexico.com\\\/#website\"},\"primaryImageOfPage\":{\"@id\":\"https:\\\/\\\/booksfrommexico.com\\\/es\\\/producto\\\/rescate-del-teatro-tradicional-mexicano-las-pastorelas-de-miguel-sabido\\\/#primaryimage\"},\"image\":{\"@id\":\"https:\\\/\\\/booksfrommexico.com\\\/es\\\/producto\\\/rescate-del-teatro-tradicional-mexicano-las-pastorelas-de-miguel-sabido\\\/#primaryimage\"},\"thumbnailUrl\":\"https:\\\/\\\/booksfrommexico.com\\\/app\\\/uploads\\\/2023\\\/05\\\/186761.jpeg\",\"datePublished\":\"2023-05-08T17:13:06+00:00\",\"dateModified\":\"2024-06-04T18:27:42+00:00\",\"description\":\"RESCATE DEL TEATRO TRADICIONAL MEXICANO : LAS PASTORELAS DE MIGUEL SABIDO. \\\/ Saltillo, Coahuila, M\u00e9xico : Quintanilla Ediciones, 2018.\",\"breadcrumb\":{\"@id\":\"https:\\\/\\\/booksfrommexico.com\\\/es\\\/producto\\\/rescate-del-teatro-tradicional-mexicano-las-pastorelas-de-miguel-sabido\\\/#breadcrumb\"},\"inLanguage\":\"es\",\"potentialAction\":[{\"@type\":\"ReadAction\",\"target\":[\"https:\\\/\\\/booksfrommexico.com\\\/es\\\/producto\\\/rescate-del-teatro-tradicional-mexicano-las-pastorelas-de-miguel-sabido\\\/\"]}]},{\"@type\":\"ImageObject\",\"inLanguage\":\"es\",\"@id\":\"https:\\\/\\\/booksfrommexico.com\\\/es\\\/producto\\\/rescate-del-teatro-tradicional-mexicano-las-pastorelas-de-miguel-sabido\\\/#primaryimage\",\"url\":\"https:\\\/\\\/booksfrommexico.com\\\/app\\\/uploads\\\/2023\\\/05\\\/186761.jpeg\",\"contentUrl\":\"https:\\\/\\\/booksfrommexico.com\\\/app\\\/uploads\\\/2023\\\/05\\\/186761.jpeg\",\"width\":475,\"height\":651,\"caption\":\"Rescate del teatro tradicional mexicano: las pastorelas de Miguel Sabido\"},{\"@type\":\"BreadcrumbList\",\"@id\":\"https:\\\/\\\/booksfrommexico.com\\\/es\\\/producto\\\/rescate-del-teatro-tradicional-mexicano-las-pastorelas-de-miguel-sabido\\\/#breadcrumb\",\"itemListElement\":[{\"@type\":\"ListItem\",\"position\":1,\"name\":\"Home\",\"item\":\"https:\\\/\\\/booksfrommexico.com\\\/es\\\/\"},{\"@type\":\"ListItem\",\"position\":2,\"name\":\"Libros\",\"item\":\"https:\\\/\\\/booksfrommexico.com\\\/es\\\/libros\\\/\"},{\"@type\":\"ListItem\",\"position\":3,\"name\":\"Rescate del teatro tradicional mexicano\"}]},{\"@type\":\"WebSite\",\"@id\":\"https:\\\/\\\/booksfrommexico.com\\\/#website\",\"url\":\"https:\\\/\\\/booksfrommexico.com\\\/\",\"name\":\"Books From Mexico\",\"description\":\"\",\"publisher\":{\"@id\":\"https:\\\/\\\/booksfrommexico.com\\\/#organization\"},\"potentialAction\":[{\"@type\":\"SearchAction\",\"target\":{\"@type\":\"EntryPoint\",\"urlTemplate\":\"https:\\\/\\\/booksfrommexico.com\\\/?s={search_term_string}\"},\"query-input\":{\"@type\":\"PropertyValueSpecification\",\"valueRequired\":true,\"valueName\":\"search_term_string\"}}],\"inLanguage\":\"es\"},{\"@type\":\"Organization\",\"@id\":\"https:\\\/\\\/booksfrommexico.com\\\/#organization\",\"name\":\"Books From Mexico\",\"url\":\"https:\\\/\\\/booksfrommexico.com\\\/\",\"logo\":{\"@type\":\"ImageObject\",\"inLanguage\":\"es\",\"@id\":\"https:\\\/\\\/booksfrommexico.com\\\/#\\\/schema\\\/logo\\\/image\\\/\",\"url\":\"https:\\\/\\\/booksfrommexico.com\\\/app\\\/uploads\\\/2023\\\/05\\\/logo-booksfrommexico.svg\",\"contentUrl\":\"https:\\\/\\\/booksfrommexico.com\\\/app\\\/uploads\\\/2023\\\/05\\\/logo-booksfrommexico.svg\",\"width\":86,\"height\":56,\"caption\":\"Books From Mexico\"},\"image\":{\"@id\":\"https:\\\/\\\/booksfrommexico.com\\\/#\\\/schema\\\/logo\\\/image\\\/\"}}]}<\/script>\n<!-- \/ Yoast SEO plugin. -->","yoast_head_json":{"title":"Books From M\u00e9xico: Rescate del teatro tradicional mexicano","description":"RESCATE DEL TEATRO TRADICIONAL MEXICANO : LAS PASTORELAS DE MIGUEL SABIDO. \/ Saltillo, Coahuila, M\u00e9xico : Quintanilla Ediciones, 2018.","robots":{"index":"index","follow":"follow","max-snippet":"max-snippet:-1","max-image-preview":"max-image-preview:large","max-video-preview":"max-video-preview:-1"},"canonical":"https:\/\/booksfrommexico.com\/es\/producto\/rescate-del-teatro-tradicional-mexicano-las-pastorelas-de-miguel-sabido\/","og_locale":"es_ES","og_type":"article","og_title":"Books From M\u00e9xico: Rescate del teatro tradicional mexicano","og_description":"RESCATE DEL TEATRO TRADICIONAL MEXICANO : LAS PASTORELAS DE MIGUEL SABIDO. \/ Saltillo, Coahuila, M\u00e9xico : Quintanilla Ediciones, 2018.","og_url":"https:\/\/booksfrommexico.com\/es\/producto\/rescate-del-teatro-tradicional-mexicano-las-pastorelas-de-miguel-sabido\/","og_site_name":"Books From Mexico","article_modified_time":"2024-06-04T18:27:42+00:00","og_image":[{"width":475,"height":651,"url":"http:\/\/booksfrommexico.com\/app\/uploads\/2023\/05\/186761.jpeg","type":"image\/jpeg"}],"twitter_card":"summary_large_image","twitter_misc":{"Tiempo de lectura":"1 minuto"},"schema":{"@context":"https:\/\/schema.org","@graph":[{"@type":"WebPage","@id":"https:\/\/booksfrommexico.com\/es\/producto\/rescate-del-teatro-tradicional-mexicano-las-pastorelas-de-miguel-sabido\/","url":"https:\/\/booksfrommexico.com\/es\/producto\/rescate-del-teatro-tradicional-mexicano-las-pastorelas-de-miguel-sabido\/","name":"Books From M\u00e9xico: Rescate del teatro tradicional mexicano","isPartOf":{"@id":"https:\/\/booksfrommexico.com\/#website"},"primaryImageOfPage":{"@id":"https:\/\/booksfrommexico.com\/es\/producto\/rescate-del-teatro-tradicional-mexicano-las-pastorelas-de-miguel-sabido\/#primaryimage"},"image":{"@id":"https:\/\/booksfrommexico.com\/es\/producto\/rescate-del-teatro-tradicional-mexicano-las-pastorelas-de-miguel-sabido\/#primaryimage"},"thumbnailUrl":"https:\/\/booksfrommexico.com\/app\/uploads\/2023\/05\/186761.jpeg","datePublished":"2023-05-08T17:13:06+00:00","dateModified":"2024-06-04T18:27:42+00:00","description":"RESCATE DEL TEATRO TRADICIONAL MEXICANO : LAS PASTORELAS DE MIGUEL SABIDO. \/ Saltillo, Coahuila, M\u00e9xico : Quintanilla Ediciones, 2018.","breadcrumb":{"@id":"https:\/\/booksfrommexico.com\/es\/producto\/rescate-del-teatro-tradicional-mexicano-las-pastorelas-de-miguel-sabido\/#breadcrumb"},"inLanguage":"es","potentialAction":[{"@type":"ReadAction","target":["https:\/\/booksfrommexico.com\/es\/producto\/rescate-del-teatro-tradicional-mexicano-las-pastorelas-de-miguel-sabido\/"]}]},{"@type":"ImageObject","inLanguage":"es","@id":"https:\/\/booksfrommexico.com\/es\/producto\/rescate-del-teatro-tradicional-mexicano-las-pastorelas-de-miguel-sabido\/#primaryimage","url":"https:\/\/booksfrommexico.com\/app\/uploads\/2023\/05\/186761.jpeg","contentUrl":"https:\/\/booksfrommexico.com\/app\/uploads\/2023\/05\/186761.jpeg","width":475,"height":651,"caption":"Rescate del teatro tradicional mexicano: las pastorelas de Miguel Sabido"},{"@type":"BreadcrumbList","@id":"https:\/\/booksfrommexico.com\/es\/producto\/rescate-del-teatro-tradicional-mexicano-las-pastorelas-de-miguel-sabido\/#breadcrumb","itemListElement":[{"@type":"ListItem","position":1,"name":"Home","item":"https:\/\/booksfrommexico.com\/es\/"},{"@type":"ListItem","position":2,"name":"Libros","item":"https:\/\/booksfrommexico.com\/es\/libros\/"},{"@type":"ListItem","position":3,"name":"Rescate del teatro tradicional mexicano"}]},{"@type":"WebSite","@id":"https:\/\/booksfrommexico.com\/#website","url":"https:\/\/booksfrommexico.com\/","name":"Books From Mexico","description":"","publisher":{"@id":"https:\/\/booksfrommexico.com\/#organization"},"potentialAction":[{"@type":"SearchAction","target":{"@type":"EntryPoint","urlTemplate":"https:\/\/booksfrommexico.com\/?s={search_term_string}"},"query-input":{"@type":"PropertyValueSpecification","valueRequired":true,"valueName":"search_term_string"}}],"inLanguage":"es"},{"@type":"Organization","@id":"https:\/\/booksfrommexico.com\/#organization","name":"Books From Mexico","url":"https:\/\/booksfrommexico.com\/","logo":{"@type":"ImageObject","inLanguage":"es","@id":"https:\/\/booksfrommexico.com\/#\/schema\/logo\/image\/","url":"https:\/\/booksfrommexico.com\/app\/uploads\/2023\/05\/logo-booksfrommexico.svg","contentUrl":"https:\/\/booksfrommexico.com\/app\/uploads\/2023\/05\/logo-booksfrommexico.svg","width":86,"height":56,"caption":"Books From Mexico"},"image":{"@id":"https:\/\/booksfrommexico.com\/#\/schema\/logo\/image\/"}}]}},"_links":{"self":[{"href":"https:\/\/booksfrommexico.com\/es\/wp-json\/wp\/v2\/product\/1241","targetHints":{"allow":["GET"]}}],"collection":[{"href":"https:\/\/booksfrommexico.com\/es\/wp-json\/wp\/v2\/product"}],"about":[{"href":"https:\/\/booksfrommexico.com\/es\/wp-json\/wp\/v2\/types\/product"}],"wp:featuredmedia":[{"embeddable":true,"href":"https:\/\/booksfrommexico.com\/es\/wp-json\/wp\/v2\/media\/1240"}],"wp:attachment":[{"href":"https:\/\/booksfrommexico.com\/es\/wp-json\/wp\/v2\/media?parent=1241"}],"wp:term":[{"taxonomy":"product_brand","embeddable":true,"href":"https:\/\/booksfrommexico.com\/es\/wp-json\/wp\/v2\/product_brand?post=1241"},{"taxonomy":"product_cat","embeddable":true,"href":"https:\/\/booksfrommexico.com\/es\/wp-json\/wp\/v2\/product_cat?post=1241"},{"taxonomy":"product_tag","embeddable":true,"href":"https:\/\/booksfrommexico.com\/es\/wp-json\/wp\/v2\/product_tag?post=1241"}],"curies":[{"name":"wp","href":"https:\/\/api.w.org\/{rel}","templated":true}]}}