{"id":1243,"date":"2023-05-08T17:13:08","date_gmt":"2023-05-08T17:13:08","guid":{"rendered":"http:\/\/booksfrommexico.com\/product\/variedad-y-diversidad-acercamientos-a-los-trabajos-actividades-y-condiciones-de-las-mujeres-en-mexico-siglos-xix-y-xx\/"},"modified":"2024-04-15T23:55:08","modified_gmt":"2024-04-15T23:55:08","slug":"variedad-y-diversidad-acercamientos-a-los-trabajos-actividades-y-condiciones-de-las-mujeres-en-mexico-siglos-xix-y-xx","status":"publish","type":"product","link":"https:\/\/booksfrommexico.com\/es\/producto\/variedad-y-diversidad-acercamientos-a-los-trabajos-actividades-y-condiciones-de-las-mujeres-en-mexico-siglos-xix-y-xx\/","title":{"rendered":"Variedad y diversidad"},"content":{"rendered":"<p><span style=\"font-weight: 400;\">Recopilaci\u00f3n de diecisiete textos de investigadoras cuyo denominador com\u00fan es la perspectiva de g\u00e9nero, con la cual es posible que la tarea pendiente de los y las historiadoras y disciplinas afines en este rubro vaya cubri\u00e9ndose con rigor acad\u00e9mico. Bajo 3 premisas se basa la esencia de este libro: la aportaci\u00f3n sustancial a la visibilizaci\u00f3n de las mujeres en diversos oficios, poniendo \u00e9nfasis en la vida cotidiana de finales del siglo XIX e inicios del XX, el acercamiento a la realidad de la poblaci\u00f3n femenina en entidades como Puebla, Veracruz, Quer\u00e9taro y Tlaxcala, y, finalmente, el registro de alcance de mujeres emprendedoras mexicanas en Estados Unidos.<\/span><\/p>\n","protected":false},"excerpt":{"rendered":"<p>VARIEDAD Y DIVERSIDAD : ACERCAMIENTOS A LOS TRABAJOS, ACTIVIDADES Y CONDICIONES DE LAS MUJERES EN M\u00c9XICO : SIGLOS XIX Y XX<b>.<\/b><span style=\"font-weight: 400;\"> \/ Gloria A. Tirado Villegas, Elva Rivera G\u00f3mez (coordinators).\u00a0 Puebla, M\u00e9xico : Benem\u00e9rita Universidad Aut\u00f3noma de Puebla , Facultad de Filosof\u00eda y Letras , Fomento Editorial BUAP, 2017. 295 pages : includes photos, tables, charts, bibliography at the end of each chapter ; 23 cm. ISBN : 9786075252261.<\/span><\/p>\n","protected":false},"featured_media":1242,"template":"","meta":{"_acf_changed":false,"inline_featured_image":false},"product_brand":[],"product_cat":[147,148,1551],"product_tag":[4211,4101,3978],"class_list":{"0":"post-1243","1":"product","2":"type-product","3":"status-publish","4":"has-post-thumbnail","6":"product_cat-estudios-de-genero","7":"product_cat-estudios-sobre-las-mujeres-estudios-de-genero","8":"product_cat-feminismo-estudios-de-genero","9":"product_tag-feminismo","10":"product_tag-mujeres-es","11":"product_tag-mujeres-trabajadoras","13":"first","14":"outofstock","15":"taxable","16":"shipping-taxable","17":"purchasable","18":"product-type-simple"},"acf":[],"yoast_head":"<!-- This site is optimized with the Yoast SEO plugin v27.3 - https:\/\/yoast.com\/product\/yoast-seo-wordpress\/ -->\n<title>Variedad y diversidad<\/title>\n<meta name=\"description\" content=\"VARIEDAD Y DIVERSIDAD : ACERCAMIENTOS A LOS TRABAJOS, ACTIVIDADES Y CONDICIONES DE LAS MUJERES EN M\u00c9XICO : SIGLOS XIX Y XX. \/ ISBN : 9786075252261.\" \/>\n<meta name=\"robots\" content=\"index, follow, max-snippet:-1, max-image-preview:large, max-video-preview:-1\" \/>\n<link rel=\"canonical\" href=\"https:\/\/booksfrommexico.com\/es\/producto\/variedad-y-diversidad-acercamientos-a-los-trabajos-actividades-y-condiciones-de-las-mujeres-en-mexico-siglos-xix-y-xx\/\" \/>\n<meta property=\"og:locale\" content=\"es_ES\" \/>\n<meta property=\"og:type\" content=\"article\" \/>\n<meta property=\"og:title\" content=\"Variedad y diversidad\" \/>\n<meta property=\"og:description\" content=\"VARIEDAD Y DIVERSIDAD : ACERCAMIENTOS A LOS TRABAJOS, ACTIVIDADES Y CONDICIONES DE LAS MUJERES EN M\u00c9XICO : SIGLOS XIX Y XX. \/ ISBN : 9786075252261.\" \/>\n<meta property=\"og:url\" content=\"https:\/\/booksfrommexico.com\/es\/producto\/variedad-y-diversidad-acercamientos-a-los-trabajos-actividades-y-condiciones-de-las-mujeres-en-mexico-siglos-xix-y-xx\/\" \/>\n<meta property=\"og:site_name\" content=\"Books From Mexico\" \/>\n<meta property=\"article:modified_time\" content=\"2024-04-15T23:55:08+00:00\" \/>\n<meta property=\"og:image\" content=\"http:\/\/booksfrommexico.com\/app\/uploads\/2023\/05\/186644.jpeg\" \/>\n\t<meta property=\"og:image:width\" content=\"475\" \/>\n\t<meta property=\"og:image:height\" content=\"651\" \/>\n\t<meta property=\"og:image:type\" content=\"image\/jpeg\" \/>\n<meta name=\"twitter:card\" content=\"summary_large_image\" \/>\n<meta name=\"twitter:label1\" content=\"Tiempo de lectura\" \/>\n\t<meta name=\"twitter:data1\" content=\"1 minuto\" \/>\n<script type=\"application\/ld+json\" class=\"yoast-schema-graph\">{\"@context\":\"https:\\\/\\\/schema.org\",\"@graph\":[{\"@type\":\"WebPage\",\"@id\":\"https:\\\/\\\/booksfrommexico.com\\\/es\\\/producto\\\/variedad-y-diversidad-acercamientos-a-los-trabajos-actividades-y-condiciones-de-las-mujeres-en-mexico-siglos-xix-y-xx\\\/\",\"url\":\"https:\\\/\\\/booksfrommexico.com\\\/es\\\/producto\\\/variedad-y-diversidad-acercamientos-a-los-trabajos-actividades-y-condiciones-de-las-mujeres-en-mexico-siglos-xix-y-xx\\\/\",\"name\":\"Variedad y diversidad\",\"isPartOf\":{\"@id\":\"https:\\\/\\\/booksfrommexico.com\\\/#website\"},\"primaryImageOfPage\":{\"@id\":\"https:\\\/\\\/booksfrommexico.com\\\/es\\\/producto\\\/variedad-y-diversidad-acercamientos-a-los-trabajos-actividades-y-condiciones-de-las-mujeres-en-mexico-siglos-xix-y-xx\\\/#primaryimage\"},\"image\":{\"@id\":\"https:\\\/\\\/booksfrommexico.com\\\/es\\\/producto\\\/variedad-y-diversidad-acercamientos-a-los-trabajos-actividades-y-condiciones-de-las-mujeres-en-mexico-siglos-xix-y-xx\\\/#primaryimage\"},\"thumbnailUrl\":\"https:\\\/\\\/booksfrommexico.com\\\/app\\\/uploads\\\/2023\\\/05\\\/186644.jpeg\",\"datePublished\":\"2023-05-08T17:13:08+00:00\",\"dateModified\":\"2024-04-15T23:55:08+00:00\",\"description\":\"VARIEDAD Y DIVERSIDAD : ACERCAMIENTOS A LOS TRABAJOS, ACTIVIDADES Y CONDICIONES DE LAS MUJERES EN M\u00c9XICO : SIGLOS XIX Y XX. \\\/ ISBN : 9786075252261.\",\"breadcrumb\":{\"@id\":\"https:\\\/\\\/booksfrommexico.com\\\/es\\\/producto\\\/variedad-y-diversidad-acercamientos-a-los-trabajos-actividades-y-condiciones-de-las-mujeres-en-mexico-siglos-xix-y-xx\\\/#breadcrumb\"},\"inLanguage\":\"es\",\"potentialAction\":[{\"@type\":\"ReadAction\",\"target\":[\"https:\\\/\\\/booksfrommexico.com\\\/es\\\/producto\\\/variedad-y-diversidad-acercamientos-a-los-trabajos-actividades-y-condiciones-de-las-mujeres-en-mexico-siglos-xix-y-xx\\\/\"]}]},{\"@type\":\"ImageObject\",\"inLanguage\":\"es\",\"@id\":\"https:\\\/\\\/booksfrommexico.com\\\/es\\\/producto\\\/variedad-y-diversidad-acercamientos-a-los-trabajos-actividades-y-condiciones-de-las-mujeres-en-mexico-siglos-xix-y-xx\\\/#primaryimage\",\"url\":\"https:\\\/\\\/booksfrommexico.com\\\/app\\\/uploads\\\/2023\\\/05\\\/186644.jpeg\",\"contentUrl\":\"https:\\\/\\\/booksfrommexico.com\\\/app\\\/uploads\\\/2023\\\/05\\\/186644.jpeg\",\"width\":475,\"height\":651,\"caption\":\"Variedad y diversidad: acercamientos a los trabajos, actividades y condiciones de las mujeres en M\u00e9xico\"},{\"@type\":\"BreadcrumbList\",\"@id\":\"https:\\\/\\\/booksfrommexico.com\\\/es\\\/producto\\\/variedad-y-diversidad-acercamientos-a-los-trabajos-actividades-y-condiciones-de-las-mujeres-en-mexico-siglos-xix-y-xx\\\/#breadcrumb\",\"itemListElement\":[{\"@type\":\"ListItem\",\"position\":1,\"name\":\"Home\",\"item\":\"https:\\\/\\\/booksfrommexico.com\\\/es\\\/\"},{\"@type\":\"ListItem\",\"position\":2,\"name\":\"Libros\",\"item\":\"https:\\\/\\\/booksfrommexico.com\\\/es\\\/libros\\\/\"},{\"@type\":\"ListItem\",\"position\":3,\"name\":\"Variedad y diversidad\"}]},{\"@type\":\"WebSite\",\"@id\":\"https:\\\/\\\/booksfrommexico.com\\\/#website\",\"url\":\"https:\\\/\\\/booksfrommexico.com\\\/\",\"name\":\"Books From Mexico\",\"description\":\"\",\"publisher\":{\"@id\":\"https:\\\/\\\/booksfrommexico.com\\\/#organization\"},\"potentialAction\":[{\"@type\":\"SearchAction\",\"target\":{\"@type\":\"EntryPoint\",\"urlTemplate\":\"https:\\\/\\\/booksfrommexico.com\\\/?s={search_term_string}\"},\"query-input\":{\"@type\":\"PropertyValueSpecification\",\"valueRequired\":true,\"valueName\":\"search_term_string\"}}],\"inLanguage\":\"es\"},{\"@type\":\"Organization\",\"@id\":\"https:\\\/\\\/booksfrommexico.com\\\/#organization\",\"name\":\"Books From Mexico\",\"url\":\"https:\\\/\\\/booksfrommexico.com\\\/\",\"logo\":{\"@type\":\"ImageObject\",\"inLanguage\":\"es\",\"@id\":\"https:\\\/\\\/booksfrommexico.com\\\/#\\\/schema\\\/logo\\\/image\\\/\",\"url\":\"https:\\\/\\\/booksfrommexico.com\\\/app\\\/uploads\\\/2023\\\/05\\\/logo-booksfrommexico.svg\",\"contentUrl\":\"https:\\\/\\\/booksfrommexico.com\\\/app\\\/uploads\\\/2023\\\/05\\\/logo-booksfrommexico.svg\",\"width\":86,\"height\":56,\"caption\":\"Books From Mexico\"},\"image\":{\"@id\":\"https:\\\/\\\/booksfrommexico.com\\\/#\\\/schema\\\/logo\\\/image\\\/\"}}]}<\/script>\n<!-- \/ Yoast SEO plugin. -->","yoast_head_json":{"title":"Variedad y diversidad","description":"VARIEDAD Y DIVERSIDAD : ACERCAMIENTOS A LOS TRABAJOS, ACTIVIDADES Y CONDICIONES DE LAS MUJERES EN M\u00c9XICO : SIGLOS XIX Y XX. \/ ISBN : 9786075252261.","robots":{"index":"index","follow":"follow","max-snippet":"max-snippet:-1","max-image-preview":"max-image-preview:large","max-video-preview":"max-video-preview:-1"},"canonical":"https:\/\/booksfrommexico.com\/es\/producto\/variedad-y-diversidad-acercamientos-a-los-trabajos-actividades-y-condiciones-de-las-mujeres-en-mexico-siglos-xix-y-xx\/","og_locale":"es_ES","og_type":"article","og_title":"Variedad y diversidad","og_description":"VARIEDAD Y DIVERSIDAD : ACERCAMIENTOS A LOS TRABAJOS, ACTIVIDADES Y CONDICIONES DE LAS MUJERES EN M\u00c9XICO : SIGLOS XIX Y XX. \/ ISBN : 9786075252261.","og_url":"https:\/\/booksfrommexico.com\/es\/producto\/variedad-y-diversidad-acercamientos-a-los-trabajos-actividades-y-condiciones-de-las-mujeres-en-mexico-siglos-xix-y-xx\/","og_site_name":"Books From Mexico","article_modified_time":"2024-04-15T23:55:08+00:00","og_image":[{"width":475,"height":651,"url":"http:\/\/booksfrommexico.com\/app\/uploads\/2023\/05\/186644.jpeg","type":"image\/jpeg"}],"twitter_card":"summary_large_image","twitter_misc":{"Tiempo de lectura":"1 minuto"},"schema":{"@context":"https:\/\/schema.org","@graph":[{"@type":"WebPage","@id":"https:\/\/booksfrommexico.com\/es\/producto\/variedad-y-diversidad-acercamientos-a-los-trabajos-actividades-y-condiciones-de-las-mujeres-en-mexico-siglos-xix-y-xx\/","url":"https:\/\/booksfrommexico.com\/es\/producto\/variedad-y-diversidad-acercamientos-a-los-trabajos-actividades-y-condiciones-de-las-mujeres-en-mexico-siglos-xix-y-xx\/","name":"Variedad y diversidad","isPartOf":{"@id":"https:\/\/booksfrommexico.com\/#website"},"primaryImageOfPage":{"@id":"https:\/\/booksfrommexico.com\/es\/producto\/variedad-y-diversidad-acercamientos-a-los-trabajos-actividades-y-condiciones-de-las-mujeres-en-mexico-siglos-xix-y-xx\/#primaryimage"},"image":{"@id":"https:\/\/booksfrommexico.com\/es\/producto\/variedad-y-diversidad-acercamientos-a-los-trabajos-actividades-y-condiciones-de-las-mujeres-en-mexico-siglos-xix-y-xx\/#primaryimage"},"thumbnailUrl":"https:\/\/booksfrommexico.com\/app\/uploads\/2023\/05\/186644.jpeg","datePublished":"2023-05-08T17:13:08+00:00","dateModified":"2024-04-15T23:55:08+00:00","description":"VARIEDAD Y DIVERSIDAD : ACERCAMIENTOS A LOS TRABAJOS, ACTIVIDADES Y CONDICIONES DE LAS MUJERES EN M\u00c9XICO : SIGLOS XIX Y XX. \/ ISBN : 9786075252261.","breadcrumb":{"@id":"https:\/\/booksfrommexico.com\/es\/producto\/variedad-y-diversidad-acercamientos-a-los-trabajos-actividades-y-condiciones-de-las-mujeres-en-mexico-siglos-xix-y-xx\/#breadcrumb"},"inLanguage":"es","potentialAction":[{"@type":"ReadAction","target":["https:\/\/booksfrommexico.com\/es\/producto\/variedad-y-diversidad-acercamientos-a-los-trabajos-actividades-y-condiciones-de-las-mujeres-en-mexico-siglos-xix-y-xx\/"]}]},{"@type":"ImageObject","inLanguage":"es","@id":"https:\/\/booksfrommexico.com\/es\/producto\/variedad-y-diversidad-acercamientos-a-los-trabajos-actividades-y-condiciones-de-las-mujeres-en-mexico-siglos-xix-y-xx\/#primaryimage","url":"https:\/\/booksfrommexico.com\/app\/uploads\/2023\/05\/186644.jpeg","contentUrl":"https:\/\/booksfrommexico.com\/app\/uploads\/2023\/05\/186644.jpeg","width":475,"height":651,"caption":"Variedad y diversidad: acercamientos a los trabajos, actividades y condiciones de las mujeres en M\u00e9xico"},{"@type":"BreadcrumbList","@id":"https:\/\/booksfrommexico.com\/es\/producto\/variedad-y-diversidad-acercamientos-a-los-trabajos-actividades-y-condiciones-de-las-mujeres-en-mexico-siglos-xix-y-xx\/#breadcrumb","itemListElement":[{"@type":"ListItem","position":1,"name":"Home","item":"https:\/\/booksfrommexico.com\/es\/"},{"@type":"ListItem","position":2,"name":"Libros","item":"https:\/\/booksfrommexico.com\/es\/libros\/"},{"@type":"ListItem","position":3,"name":"Variedad y diversidad"}]},{"@type":"WebSite","@id":"https:\/\/booksfrommexico.com\/#website","url":"https:\/\/booksfrommexico.com\/","name":"Books From Mexico","description":"","publisher":{"@id":"https:\/\/booksfrommexico.com\/#organization"},"potentialAction":[{"@type":"SearchAction","target":{"@type":"EntryPoint","urlTemplate":"https:\/\/booksfrommexico.com\/?s={search_term_string}"},"query-input":{"@type":"PropertyValueSpecification","valueRequired":true,"valueName":"search_term_string"}}],"inLanguage":"es"},{"@type":"Organization","@id":"https:\/\/booksfrommexico.com\/#organization","name":"Books From Mexico","url":"https:\/\/booksfrommexico.com\/","logo":{"@type":"ImageObject","inLanguage":"es","@id":"https:\/\/booksfrommexico.com\/#\/schema\/logo\/image\/","url":"https:\/\/booksfrommexico.com\/app\/uploads\/2023\/05\/logo-booksfrommexico.svg","contentUrl":"https:\/\/booksfrommexico.com\/app\/uploads\/2023\/05\/logo-booksfrommexico.svg","width":86,"height":56,"caption":"Books From Mexico"},"image":{"@id":"https:\/\/booksfrommexico.com\/#\/schema\/logo\/image\/"}}]}},"_links":{"self":[{"href":"https:\/\/booksfrommexico.com\/es\/wp-json\/wp\/v2\/product\/1243","targetHints":{"allow":["GET"]}}],"collection":[{"href":"https:\/\/booksfrommexico.com\/es\/wp-json\/wp\/v2\/product"}],"about":[{"href":"https:\/\/booksfrommexico.com\/es\/wp-json\/wp\/v2\/types\/product"}],"wp:featuredmedia":[{"embeddable":true,"href":"https:\/\/booksfrommexico.com\/es\/wp-json\/wp\/v2\/media\/1242"}],"wp:attachment":[{"href":"https:\/\/booksfrommexico.com\/es\/wp-json\/wp\/v2\/media?parent=1243"}],"wp:term":[{"taxonomy":"product_brand","embeddable":true,"href":"https:\/\/booksfrommexico.com\/es\/wp-json\/wp\/v2\/product_brand?post=1243"},{"taxonomy":"product_cat","embeddable":true,"href":"https:\/\/booksfrommexico.com\/es\/wp-json\/wp\/v2\/product_cat?post=1243"},{"taxonomy":"product_tag","embeddable":true,"href":"https:\/\/booksfrommexico.com\/es\/wp-json\/wp\/v2\/product_tag?post=1243"}],"curies":[{"name":"wp","href":"https:\/\/api.w.org\/{rel}","templated":true}]}}