{"id":1245,"date":"2023-05-08T17:13:09","date_gmt":"2023-05-08T17:13:09","guid":{"rendered":"http:\/\/booksfrommexico.com\/product\/hacia-la-construccion-de-politicas-publicas-a-favor-de-las-mujeres-migrantes-caso-chiapas-mexico\/"},"modified":"2024-06-04T18:34:14","modified_gmt":"2024-06-04T18:34:14","slug":"hacia-la-construccion-de-politicas-publicas-a-favor-de-las-mujeres-migrantes-caso-chiapas-mexico","status":"publish","type":"product","link":"https:\/\/booksfrommexico.com\/es\/producto\/hacia-la-construccion-de-politicas-publicas-a-favor-de-las-mujeres-migrantes-caso-chiapas-mexico\/","title":{"rendered":"Hacia la construcci\u00f3n de pol\u00edticas p\u00fablicas a favor de las mujeres migrantes"},"content":{"rendered":"<p><span style=\"font-weight: 400;\">La din\u00e1mica migratoria actual ha aportado evidencias contundentes sobre la presencia y participaci\u00f3n de las mujeres en los desplazamientos, sobre todo su exposici\u00f3n a riesgos, abusos y violaciones de derechos humanos, sin embargo se ha visto invisibilizada en muchas ocasiones debido a los estereotipos y discriminaci\u00f3n. Este estudio se realiz\u00f3 con estos antecedentes, buscando a partir del examen de un marco contextual, jur\u00eddico e institucional, de los derechos de los migrantes y de una perspectiva de g\u00e9nero, examinar la situaci\u00f3n de las mujeres migrantes en la regi\u00f3n fronteriza de Chiapas. Con esta investigaci\u00f3n se pretende acentuar la importancia de adecuar y actualizar el marco jur\u00eddico.<\/span><\/p>\n","protected":false},"excerpt":{"rendered":"<p>HACIA LA CONSTRUCCI\u00d3N DE POL\u00cdTICAS P\u00daBLICAS A FAVOR DE LAS MUJERES MIGRANTES : CASO CHIAPAS, M\u00c9XICO.<span style=\"font-weight: 400;\"> \/ Nancy P\u00e9rez Garc\u00eda (coordinator). M\u00e9xico, D.F. : Iniciativa Ciudadana y Desarrollo Social ; Sin Fronteras, IAP, 2010 235 pages : includes photos, tables, bibliography ; 23 cm. <\/span><\/p>\n","protected":false},"featured_media":1244,"template":"","meta":{"_acf_changed":false,"inline_featured_image":false},"product_brand":[],"product_cat":[147,148,42],"product_tag":[3685,3612,4101,3863],"class_list":{"0":"post-1245","1":"product","2":"type-product","3":"status-publish","4":"has-post-thumbnail","6":"product_cat-estudios-de-genero","7":"product_cat-estudios-sobre-las-mujeres-estudios-de-genero","8":"product_cat-temas-de-inmigracion-y-migraciones-humanas","9":"product_tag-inmigracion","10":"product_tag-inmigrants","11":"product_tag-mujeres-es","12":"product_tag-mujeres-indigenas","14":"first","15":"outofstock","16":"taxable","17":"shipping-taxable","18":"purchasable","19":"product-type-simple"},"acf":[],"yoast_head":"<!-- This site is optimized with the Yoast SEO plugin v27.3 - https:\/\/yoast.com\/product\/yoast-seo-wordpress\/ -->\n<title>Hacia la construcci\u00f3n de pol\u00edticas p\u00fablicas a favor de las mujeres...<\/title>\n<meta name=\"description\" content=\"HACIA LA CONSTRUCCI\u00d3N DE POL\u00cdTICAS P\u00daBLICAS A FAVOR DE LAS MUJERES MIGRANTES : CASO CHIAPAS, M\u00c9XICO. \/ Nancy P\u00e9rez Garc\u00eda (coordinator). 2010.\" \/>\n<meta name=\"robots\" content=\"index, follow, max-snippet:-1, max-image-preview:large, max-video-preview:-1\" \/>\n<link rel=\"canonical\" href=\"https:\/\/booksfrommexico.com\/es\/producto\/hacia-la-construccion-de-politicas-publicas-a-favor-de-las-mujeres-migrantes-caso-chiapas-mexico\/\" \/>\n<meta property=\"og:locale\" content=\"es_ES\" \/>\n<meta property=\"og:type\" content=\"article\" \/>\n<meta property=\"og:title\" content=\"Hacia la construcci\u00f3n de pol\u00edticas p\u00fablicas a favor de las mujeres...\" \/>\n<meta property=\"og:description\" content=\"HACIA LA CONSTRUCCI\u00d3N DE POL\u00cdTICAS P\u00daBLICAS A FAVOR DE LAS MUJERES MIGRANTES : CASO CHIAPAS, M\u00c9XICO. \/ Nancy P\u00e9rez Garc\u00eda (coordinator). 2010.\" \/>\n<meta property=\"og:url\" content=\"https:\/\/booksfrommexico.com\/es\/producto\/hacia-la-construccion-de-politicas-publicas-a-favor-de-las-mujeres-migrantes-caso-chiapas-mexico\/\" \/>\n<meta property=\"og:site_name\" content=\"Books From Mexico\" \/>\n<meta property=\"article:modified_time\" content=\"2024-06-04T18:34:14+00:00\" \/>\n<meta property=\"og:image\" content=\"http:\/\/booksfrommexico.com\/app\/uploads\/2023\/05\/186609.jpeg\" \/>\n\t<meta property=\"og:image:width\" content=\"480\" \/>\n\t<meta property=\"og:image:height\" content=\"667\" \/>\n\t<meta property=\"og:image:type\" content=\"image\/jpeg\" \/>\n<meta name=\"twitter:card\" content=\"summary_large_image\" \/>\n<meta name=\"twitter:label1\" content=\"Tiempo de lectura\" \/>\n\t<meta name=\"twitter:data1\" content=\"1 minuto\" \/>\n<script type=\"application\/ld+json\" class=\"yoast-schema-graph\">{\"@context\":\"https:\\\/\\\/schema.org\",\"@graph\":[{\"@type\":\"WebPage\",\"@id\":\"https:\\\/\\\/booksfrommexico.com\\\/es\\\/producto\\\/hacia-la-construccion-de-politicas-publicas-a-favor-de-las-mujeres-migrantes-caso-chiapas-mexico\\\/\",\"url\":\"https:\\\/\\\/booksfrommexico.com\\\/es\\\/producto\\\/hacia-la-construccion-de-politicas-publicas-a-favor-de-las-mujeres-migrantes-caso-chiapas-mexico\\\/\",\"name\":\"Hacia la construcci\u00f3n de pol\u00edticas p\u00fablicas a favor de las mujeres...\",\"isPartOf\":{\"@id\":\"https:\\\/\\\/booksfrommexico.com\\\/#website\"},\"primaryImageOfPage\":{\"@id\":\"https:\\\/\\\/booksfrommexico.com\\\/es\\\/producto\\\/hacia-la-construccion-de-politicas-publicas-a-favor-de-las-mujeres-migrantes-caso-chiapas-mexico\\\/#primaryimage\"},\"image\":{\"@id\":\"https:\\\/\\\/booksfrommexico.com\\\/es\\\/producto\\\/hacia-la-construccion-de-politicas-publicas-a-favor-de-las-mujeres-migrantes-caso-chiapas-mexico\\\/#primaryimage\"},\"thumbnailUrl\":\"https:\\\/\\\/booksfrommexico.com\\\/app\\\/uploads\\\/2023\\\/05\\\/186609.jpeg\",\"datePublished\":\"2023-05-08T17:13:09+00:00\",\"dateModified\":\"2024-06-04T18:34:14+00:00\",\"description\":\"HACIA LA CONSTRUCCI\u00d3N DE POL\u00cdTICAS P\u00daBLICAS A FAVOR DE LAS MUJERES MIGRANTES : CASO CHIAPAS, M\u00c9XICO. \\\/ Nancy P\u00e9rez Garc\u00eda (coordinator). 2010.\",\"breadcrumb\":{\"@id\":\"https:\\\/\\\/booksfrommexico.com\\\/es\\\/producto\\\/hacia-la-construccion-de-politicas-publicas-a-favor-de-las-mujeres-migrantes-caso-chiapas-mexico\\\/#breadcrumb\"},\"inLanguage\":\"es\",\"potentialAction\":[{\"@type\":\"ReadAction\",\"target\":[\"https:\\\/\\\/booksfrommexico.com\\\/es\\\/producto\\\/hacia-la-construccion-de-politicas-publicas-a-favor-de-las-mujeres-migrantes-caso-chiapas-mexico\\\/\"]}]},{\"@type\":\"ImageObject\",\"inLanguage\":\"es\",\"@id\":\"https:\\\/\\\/booksfrommexico.com\\\/es\\\/producto\\\/hacia-la-construccion-de-politicas-publicas-a-favor-de-las-mujeres-migrantes-caso-chiapas-mexico\\\/#primaryimage\",\"url\":\"https:\\\/\\\/booksfrommexico.com\\\/app\\\/uploads\\\/2023\\\/05\\\/186609.jpeg\",\"contentUrl\":\"https:\\\/\\\/booksfrommexico.com\\\/app\\\/uploads\\\/2023\\\/05\\\/186609.jpeg\",\"width\":480,\"height\":667,\"caption\":\"Construcci\u00f3n de pol\u00edticas p\u00fablicas a favor de las mujeres migrantes\"},{\"@type\":\"BreadcrumbList\",\"@id\":\"https:\\\/\\\/booksfrommexico.com\\\/es\\\/producto\\\/hacia-la-construccion-de-politicas-publicas-a-favor-de-las-mujeres-migrantes-caso-chiapas-mexico\\\/#breadcrumb\",\"itemListElement\":[{\"@type\":\"ListItem\",\"position\":1,\"name\":\"Home\",\"item\":\"https:\\\/\\\/booksfrommexico.com\\\/es\\\/\"},{\"@type\":\"ListItem\",\"position\":2,\"name\":\"Libros\",\"item\":\"https:\\\/\\\/booksfrommexico.com\\\/es\\\/libros\\\/\"},{\"@type\":\"ListItem\",\"position\":3,\"name\":\"Hacia la construcci\u00f3n de pol\u00edticas p\u00fablicas a favor de las mujeres migrantes\"}]},{\"@type\":\"WebSite\",\"@id\":\"https:\\\/\\\/booksfrommexico.com\\\/#website\",\"url\":\"https:\\\/\\\/booksfrommexico.com\\\/\",\"name\":\"Books From Mexico\",\"description\":\"\",\"publisher\":{\"@id\":\"https:\\\/\\\/booksfrommexico.com\\\/#organization\"},\"potentialAction\":[{\"@type\":\"SearchAction\",\"target\":{\"@type\":\"EntryPoint\",\"urlTemplate\":\"https:\\\/\\\/booksfrommexico.com\\\/?s={search_term_string}\"},\"query-input\":{\"@type\":\"PropertyValueSpecification\",\"valueRequired\":true,\"valueName\":\"search_term_string\"}}],\"inLanguage\":\"es\"},{\"@type\":\"Organization\",\"@id\":\"https:\\\/\\\/booksfrommexico.com\\\/#organization\",\"name\":\"Books From Mexico\",\"url\":\"https:\\\/\\\/booksfrommexico.com\\\/\",\"logo\":{\"@type\":\"ImageObject\",\"inLanguage\":\"es\",\"@id\":\"https:\\\/\\\/booksfrommexico.com\\\/#\\\/schema\\\/logo\\\/image\\\/\",\"url\":\"https:\\\/\\\/booksfrommexico.com\\\/app\\\/uploads\\\/2023\\\/05\\\/logo-booksfrommexico.svg\",\"contentUrl\":\"https:\\\/\\\/booksfrommexico.com\\\/app\\\/uploads\\\/2023\\\/05\\\/logo-booksfrommexico.svg\",\"width\":86,\"height\":56,\"caption\":\"Books From Mexico\"},\"image\":{\"@id\":\"https:\\\/\\\/booksfrommexico.com\\\/#\\\/schema\\\/logo\\\/image\\\/\"}}]}<\/script>\n<!-- \/ Yoast SEO plugin. -->","yoast_head_json":{"title":"Hacia la construcci\u00f3n de pol\u00edticas p\u00fablicas a favor de las mujeres...","description":"HACIA LA CONSTRUCCI\u00d3N DE POL\u00cdTICAS P\u00daBLICAS A FAVOR DE LAS MUJERES MIGRANTES : CASO CHIAPAS, M\u00c9XICO. \/ Nancy P\u00e9rez Garc\u00eda (coordinator). 2010.","robots":{"index":"index","follow":"follow","max-snippet":"max-snippet:-1","max-image-preview":"max-image-preview:large","max-video-preview":"max-video-preview:-1"},"canonical":"https:\/\/booksfrommexico.com\/es\/producto\/hacia-la-construccion-de-politicas-publicas-a-favor-de-las-mujeres-migrantes-caso-chiapas-mexico\/","og_locale":"es_ES","og_type":"article","og_title":"Hacia la construcci\u00f3n de pol\u00edticas p\u00fablicas a favor de las mujeres...","og_description":"HACIA LA CONSTRUCCI\u00d3N DE POL\u00cdTICAS P\u00daBLICAS A FAVOR DE LAS MUJERES MIGRANTES : CASO CHIAPAS, M\u00c9XICO. \/ Nancy P\u00e9rez Garc\u00eda (coordinator). 2010.","og_url":"https:\/\/booksfrommexico.com\/es\/producto\/hacia-la-construccion-de-politicas-publicas-a-favor-de-las-mujeres-migrantes-caso-chiapas-mexico\/","og_site_name":"Books From Mexico","article_modified_time":"2024-06-04T18:34:14+00:00","og_image":[{"width":480,"height":667,"url":"http:\/\/booksfrommexico.com\/app\/uploads\/2023\/05\/186609.jpeg","type":"image\/jpeg"}],"twitter_card":"summary_large_image","twitter_misc":{"Tiempo de lectura":"1 minuto"},"schema":{"@context":"https:\/\/schema.org","@graph":[{"@type":"WebPage","@id":"https:\/\/booksfrommexico.com\/es\/producto\/hacia-la-construccion-de-politicas-publicas-a-favor-de-las-mujeres-migrantes-caso-chiapas-mexico\/","url":"https:\/\/booksfrommexico.com\/es\/producto\/hacia-la-construccion-de-politicas-publicas-a-favor-de-las-mujeres-migrantes-caso-chiapas-mexico\/","name":"Hacia la construcci\u00f3n de pol\u00edticas p\u00fablicas a favor de las mujeres...","isPartOf":{"@id":"https:\/\/booksfrommexico.com\/#website"},"primaryImageOfPage":{"@id":"https:\/\/booksfrommexico.com\/es\/producto\/hacia-la-construccion-de-politicas-publicas-a-favor-de-las-mujeres-migrantes-caso-chiapas-mexico\/#primaryimage"},"image":{"@id":"https:\/\/booksfrommexico.com\/es\/producto\/hacia-la-construccion-de-politicas-publicas-a-favor-de-las-mujeres-migrantes-caso-chiapas-mexico\/#primaryimage"},"thumbnailUrl":"https:\/\/booksfrommexico.com\/app\/uploads\/2023\/05\/186609.jpeg","datePublished":"2023-05-08T17:13:09+00:00","dateModified":"2024-06-04T18:34:14+00:00","description":"HACIA LA CONSTRUCCI\u00d3N DE POL\u00cdTICAS P\u00daBLICAS A FAVOR DE LAS MUJERES MIGRANTES : CASO CHIAPAS, M\u00c9XICO. \/ Nancy P\u00e9rez Garc\u00eda (coordinator). 2010.","breadcrumb":{"@id":"https:\/\/booksfrommexico.com\/es\/producto\/hacia-la-construccion-de-politicas-publicas-a-favor-de-las-mujeres-migrantes-caso-chiapas-mexico\/#breadcrumb"},"inLanguage":"es","potentialAction":[{"@type":"ReadAction","target":["https:\/\/booksfrommexico.com\/es\/producto\/hacia-la-construccion-de-politicas-publicas-a-favor-de-las-mujeres-migrantes-caso-chiapas-mexico\/"]}]},{"@type":"ImageObject","inLanguage":"es","@id":"https:\/\/booksfrommexico.com\/es\/producto\/hacia-la-construccion-de-politicas-publicas-a-favor-de-las-mujeres-migrantes-caso-chiapas-mexico\/#primaryimage","url":"https:\/\/booksfrommexico.com\/app\/uploads\/2023\/05\/186609.jpeg","contentUrl":"https:\/\/booksfrommexico.com\/app\/uploads\/2023\/05\/186609.jpeg","width":480,"height":667,"caption":"Construcci\u00f3n de pol\u00edticas p\u00fablicas a favor de las mujeres migrantes"},{"@type":"BreadcrumbList","@id":"https:\/\/booksfrommexico.com\/es\/producto\/hacia-la-construccion-de-politicas-publicas-a-favor-de-las-mujeres-migrantes-caso-chiapas-mexico\/#breadcrumb","itemListElement":[{"@type":"ListItem","position":1,"name":"Home","item":"https:\/\/booksfrommexico.com\/es\/"},{"@type":"ListItem","position":2,"name":"Libros","item":"https:\/\/booksfrommexico.com\/es\/libros\/"},{"@type":"ListItem","position":3,"name":"Hacia la construcci\u00f3n de pol\u00edticas p\u00fablicas a favor de las mujeres migrantes"}]},{"@type":"WebSite","@id":"https:\/\/booksfrommexico.com\/#website","url":"https:\/\/booksfrommexico.com\/","name":"Books From Mexico","description":"","publisher":{"@id":"https:\/\/booksfrommexico.com\/#organization"},"potentialAction":[{"@type":"SearchAction","target":{"@type":"EntryPoint","urlTemplate":"https:\/\/booksfrommexico.com\/?s={search_term_string}"},"query-input":{"@type":"PropertyValueSpecification","valueRequired":true,"valueName":"search_term_string"}}],"inLanguage":"es"},{"@type":"Organization","@id":"https:\/\/booksfrommexico.com\/#organization","name":"Books From Mexico","url":"https:\/\/booksfrommexico.com\/","logo":{"@type":"ImageObject","inLanguage":"es","@id":"https:\/\/booksfrommexico.com\/#\/schema\/logo\/image\/","url":"https:\/\/booksfrommexico.com\/app\/uploads\/2023\/05\/logo-booksfrommexico.svg","contentUrl":"https:\/\/booksfrommexico.com\/app\/uploads\/2023\/05\/logo-booksfrommexico.svg","width":86,"height":56,"caption":"Books From Mexico"},"image":{"@id":"https:\/\/booksfrommexico.com\/#\/schema\/logo\/image\/"}}]}},"_links":{"self":[{"href":"https:\/\/booksfrommexico.com\/es\/wp-json\/wp\/v2\/product\/1245","targetHints":{"allow":["GET"]}}],"collection":[{"href":"https:\/\/booksfrommexico.com\/es\/wp-json\/wp\/v2\/product"}],"about":[{"href":"https:\/\/booksfrommexico.com\/es\/wp-json\/wp\/v2\/types\/product"}],"wp:featuredmedia":[{"embeddable":true,"href":"https:\/\/booksfrommexico.com\/es\/wp-json\/wp\/v2\/media\/1244"}],"wp:attachment":[{"href":"https:\/\/booksfrommexico.com\/es\/wp-json\/wp\/v2\/media?parent=1245"}],"wp:term":[{"taxonomy":"product_brand","embeddable":true,"href":"https:\/\/booksfrommexico.com\/es\/wp-json\/wp\/v2\/product_brand?post=1245"},{"taxonomy":"product_cat","embeddable":true,"href":"https:\/\/booksfrommexico.com\/es\/wp-json\/wp\/v2\/product_cat?post=1245"},{"taxonomy":"product_tag","embeddable":true,"href":"https:\/\/booksfrommexico.com\/es\/wp-json\/wp\/v2\/product_tag?post=1245"}],"curies":[{"name":"wp","href":"https:\/\/api.w.org\/{rel}","templated":true}]}}