{"id":1248,"date":"2023-05-08T17:13:11","date_gmt":"2023-05-08T17:13:11","guid":{"rendered":"http:\/\/booksfrommexico.com\/product\/mujeres-migrantes-en-el-soconusco-situacion-de-su-derecho-a-la-salud-a-la-identidad-y-al-trabajo\/"},"modified":"2024-04-30T18:47:40","modified_gmt":"2024-04-30T18:47:40","slug":"mujeres-migrantes-en-el-soconusco-situacion-de-su-derecho-a-la-salud-a-la-identidad-y-al-trabajo","status":"publish","type":"product","link":"https:\/\/booksfrommexico.com\/es\/producto\/mujeres-migrantes-en-el-soconusco-situacion-de-su-derecho-a-la-salud-a-la-identidad-y-al-trabajo\/","title":{"rendered":"Mujeres migrantes en el Soconusco"},"content":{"rendered":"<p><span style=\"font-weight: 400;\">El tema migratorio en M\u00e9xico ha superado el alto nivel de invisibilidad en que se encontraba a principios de los 2000, explicado por diversas experiencias negativas en que se ha visto envuelto el pa\u00eds: pol\u00edticas xen\u00f3fobas y racistas por parte de Estados Unidos, as\u00ed como secuestros y muertes de migrantes mexicanos y centroamericanos. Esta investigaci\u00f3n se centra en las mujeres de Soconusco, regi\u00f3n del estado de Chiapas, y busca elaborar un diagn\u00f3stico para mejorar las condiciones en las que se encuentran las mujeres migrantes de esta regi\u00f3n; adem\u00e1s de centrar la atenci\u00f3n en la protecci\u00f3n y\u00a0 respeto a tres de los principales derechos de las mujeres migrantes: identidad, laboral y salud.<\/span><\/p>\n","protected":false},"excerpt":{"rendered":"<p>MUJERES MIGRANTES EN EL SOCONUSCO : SITUACI\u00d3N DE SU DERECHO A LA SALUD, A LA IDENTIDAD Y AL TRABAJO<span style=\"font-weight: 400;\">. \/ Nancy P\u00e9rez Garc\u00eda, Genoveva Rold\u00e1n D\u00e1vila (coordinators). M\u00e9xico, D.F. : Iniciativa Ciudadana y Desarrollo Social, 2011 150 pages : includes photos, tables, bibliography ; 23 cm.\u00a0<\/span><\/p>\n","protected":false},"featured_media":1247,"template":"","meta":{"_acf_changed":false,"inline_featured_image":false},"product_brand":[],"product_cat":[147,148,42],"product_tag":[3752,3685,4101],"class_list":{"0":"post-1248","1":"product","2":"type-product","3":"status-publish","4":"has-post-thumbnail","6":"product_cat-estudios-de-genero","7":"product_cat-estudios-sobre-las-mujeres-estudios-de-genero","8":"product_cat-temas-de-inmigracion-y-migraciones-humanas","9":"product_tag-derechos-mujeres","10":"product_tag-inmigracion","11":"product_tag-mujeres-es","13":"first","14":"instock","15":"taxable","16":"shipping-taxable","17":"purchasable","18":"product-type-simple"},"acf":[],"yoast_head":"<!-- This site is optimized with the Yoast SEO plugin v27.3 - https:\/\/yoast.com\/product\/yoast-seo-wordpress\/ -->\n<title>Mujeres migrantes en el Soconusco<\/title>\n<meta name=\"description\" content=\"MUJERES MIGRANTES EN EL SOCONUSCO : SITUACI\u00d3N DE SU DERECHO A LA SALUD, A LA IDENTIDAD Y AL TRABAJO. \/ Nancy P\u00e9rez, Genoveva Rold\u00e1n (coordinators).\" \/>\n<meta name=\"robots\" content=\"index, follow, max-snippet:-1, max-image-preview:large, max-video-preview:-1\" \/>\n<link rel=\"canonical\" href=\"https:\/\/booksfrommexico.com\/es\/producto\/mujeres-migrantes-en-el-soconusco-situacion-de-su-derecho-a-la-salud-a-la-identidad-y-al-trabajo\/\" \/>\n<meta property=\"og:locale\" content=\"es_ES\" \/>\n<meta property=\"og:type\" content=\"article\" \/>\n<meta property=\"og:title\" content=\"Mujeres migrantes en el Soconusco\" \/>\n<meta property=\"og:description\" content=\"MUJERES MIGRANTES EN EL SOCONUSCO : SITUACI\u00d3N DE SU DERECHO A LA SALUD, A LA IDENTIDAD Y AL TRABAJO. \/ Nancy P\u00e9rez, Genoveva Rold\u00e1n (coordinators).\" \/>\n<meta property=\"og:url\" content=\"https:\/\/booksfrommexico.com\/es\/producto\/mujeres-migrantes-en-el-soconusco-situacion-de-su-derecho-a-la-salud-a-la-identidad-y-al-trabajo\/\" \/>\n<meta property=\"og:site_name\" content=\"Books From Mexico\" \/>\n<meta property=\"article:modified_time\" content=\"2024-04-30T18:47:40+00:00\" \/>\n<meta property=\"og:image\" content=\"http:\/\/booksfrommexico.com\/app\/uploads\/2023\/05\/186607.jpeg\" \/>\n\t<meta property=\"og:image:width\" content=\"484\" \/>\n\t<meta property=\"og:image:height\" content=\"666\" \/>\n\t<meta property=\"og:image:type\" content=\"image\/jpeg\" \/>\n<meta name=\"twitter:card\" content=\"summary_large_image\" \/>\n<meta name=\"twitter:label1\" content=\"Tiempo de lectura\" \/>\n\t<meta name=\"twitter:data1\" content=\"1 minuto\" \/>\n<script type=\"application\/ld+json\" class=\"yoast-schema-graph\">{\"@context\":\"https:\\\/\\\/schema.org\",\"@graph\":[{\"@type\":\"WebPage\",\"@id\":\"https:\\\/\\\/booksfrommexico.com\\\/es\\\/producto\\\/mujeres-migrantes-en-el-soconusco-situacion-de-su-derecho-a-la-salud-a-la-identidad-y-al-trabajo\\\/\",\"url\":\"https:\\\/\\\/booksfrommexico.com\\\/es\\\/producto\\\/mujeres-migrantes-en-el-soconusco-situacion-de-su-derecho-a-la-salud-a-la-identidad-y-al-trabajo\\\/\",\"name\":\"Mujeres migrantes en el Soconusco\",\"isPartOf\":{\"@id\":\"https:\\\/\\\/booksfrommexico.com\\\/#website\"},\"primaryImageOfPage\":{\"@id\":\"https:\\\/\\\/booksfrommexico.com\\\/es\\\/producto\\\/mujeres-migrantes-en-el-soconusco-situacion-de-su-derecho-a-la-salud-a-la-identidad-y-al-trabajo\\\/#primaryimage\"},\"image\":{\"@id\":\"https:\\\/\\\/booksfrommexico.com\\\/es\\\/producto\\\/mujeres-migrantes-en-el-soconusco-situacion-de-su-derecho-a-la-salud-a-la-identidad-y-al-trabajo\\\/#primaryimage\"},\"thumbnailUrl\":\"https:\\\/\\\/booksfrommexico.com\\\/app\\\/uploads\\\/2023\\\/05\\\/186607.jpeg\",\"datePublished\":\"2023-05-08T17:13:11+00:00\",\"dateModified\":\"2024-04-30T18:47:40+00:00\",\"description\":\"MUJERES MIGRANTES EN EL SOCONUSCO : SITUACI\u00d3N DE SU DERECHO A LA SALUD, A LA IDENTIDAD Y AL TRABAJO. \\\/ Nancy P\u00e9rez, Genoveva Rold\u00e1n (coordinators).\",\"breadcrumb\":{\"@id\":\"https:\\\/\\\/booksfrommexico.com\\\/es\\\/producto\\\/mujeres-migrantes-en-el-soconusco-situacion-de-su-derecho-a-la-salud-a-la-identidad-y-al-trabajo\\\/#breadcrumb\"},\"inLanguage\":\"es\",\"potentialAction\":[{\"@type\":\"ReadAction\",\"target\":[\"https:\\\/\\\/booksfrommexico.com\\\/es\\\/producto\\\/mujeres-migrantes-en-el-soconusco-situacion-de-su-derecho-a-la-salud-a-la-identidad-y-al-trabajo\\\/\"]}]},{\"@type\":\"ImageObject\",\"inLanguage\":\"es\",\"@id\":\"https:\\\/\\\/booksfrommexico.com\\\/es\\\/producto\\\/mujeres-migrantes-en-el-soconusco-situacion-de-su-derecho-a-la-salud-a-la-identidad-y-al-trabajo\\\/#primaryimage\",\"url\":\"https:\\\/\\\/booksfrommexico.com\\\/app\\\/uploads\\\/2023\\\/05\\\/186607.jpeg\",\"contentUrl\":\"https:\\\/\\\/booksfrommexico.com\\\/app\\\/uploads\\\/2023\\\/05\\\/186607.jpeg\",\"width\":484,\"height\":666,\"caption\":\"Books From M\u00e9xico: Mujeres migrantes en el Soconusco: situaci\u00f3n de su derecho a la salud, a la identidad y al trabajo\"},{\"@type\":\"BreadcrumbList\",\"@id\":\"https:\\\/\\\/booksfrommexico.com\\\/es\\\/producto\\\/mujeres-migrantes-en-el-soconusco-situacion-de-su-derecho-a-la-salud-a-la-identidad-y-al-trabajo\\\/#breadcrumb\",\"itemListElement\":[{\"@type\":\"ListItem\",\"position\":1,\"name\":\"Home\",\"item\":\"https:\\\/\\\/booksfrommexico.com\\\/es\\\/\"},{\"@type\":\"ListItem\",\"position\":2,\"name\":\"Libros\",\"item\":\"https:\\\/\\\/booksfrommexico.com\\\/es\\\/libros\\\/\"},{\"@type\":\"ListItem\",\"position\":3,\"name\":\"Mujeres migrantes en el Soconusco\"}]},{\"@type\":\"WebSite\",\"@id\":\"https:\\\/\\\/booksfrommexico.com\\\/#website\",\"url\":\"https:\\\/\\\/booksfrommexico.com\\\/\",\"name\":\"Books From Mexico\",\"description\":\"\",\"publisher\":{\"@id\":\"https:\\\/\\\/booksfrommexico.com\\\/#organization\"},\"potentialAction\":[{\"@type\":\"SearchAction\",\"target\":{\"@type\":\"EntryPoint\",\"urlTemplate\":\"https:\\\/\\\/booksfrommexico.com\\\/?s={search_term_string}\"},\"query-input\":{\"@type\":\"PropertyValueSpecification\",\"valueRequired\":true,\"valueName\":\"search_term_string\"}}],\"inLanguage\":\"es\"},{\"@type\":\"Organization\",\"@id\":\"https:\\\/\\\/booksfrommexico.com\\\/#organization\",\"name\":\"Books From Mexico\",\"url\":\"https:\\\/\\\/booksfrommexico.com\\\/\",\"logo\":{\"@type\":\"ImageObject\",\"inLanguage\":\"es\",\"@id\":\"https:\\\/\\\/booksfrommexico.com\\\/#\\\/schema\\\/logo\\\/image\\\/\",\"url\":\"https:\\\/\\\/booksfrommexico.com\\\/app\\\/uploads\\\/2023\\\/05\\\/logo-booksfrommexico.svg\",\"contentUrl\":\"https:\\\/\\\/booksfrommexico.com\\\/app\\\/uploads\\\/2023\\\/05\\\/logo-booksfrommexico.svg\",\"width\":86,\"height\":56,\"caption\":\"Books From Mexico\"},\"image\":{\"@id\":\"https:\\\/\\\/booksfrommexico.com\\\/#\\\/schema\\\/logo\\\/image\\\/\"}}]}<\/script>\n<!-- \/ Yoast SEO plugin. -->","yoast_head_json":{"title":"Mujeres migrantes en el Soconusco","description":"MUJERES MIGRANTES EN EL SOCONUSCO : SITUACI\u00d3N DE SU DERECHO A LA SALUD, A LA IDENTIDAD Y AL TRABAJO. \/ Nancy P\u00e9rez, Genoveva Rold\u00e1n (coordinators).","robots":{"index":"index","follow":"follow","max-snippet":"max-snippet:-1","max-image-preview":"max-image-preview:large","max-video-preview":"max-video-preview:-1"},"canonical":"https:\/\/booksfrommexico.com\/es\/producto\/mujeres-migrantes-en-el-soconusco-situacion-de-su-derecho-a-la-salud-a-la-identidad-y-al-trabajo\/","og_locale":"es_ES","og_type":"article","og_title":"Mujeres migrantes en el Soconusco","og_description":"MUJERES MIGRANTES EN EL SOCONUSCO : SITUACI\u00d3N DE SU DERECHO A LA SALUD, A LA IDENTIDAD Y AL TRABAJO. \/ Nancy P\u00e9rez, Genoveva Rold\u00e1n (coordinators).","og_url":"https:\/\/booksfrommexico.com\/es\/producto\/mujeres-migrantes-en-el-soconusco-situacion-de-su-derecho-a-la-salud-a-la-identidad-y-al-trabajo\/","og_site_name":"Books From Mexico","article_modified_time":"2024-04-30T18:47:40+00:00","og_image":[{"width":484,"height":666,"url":"http:\/\/booksfrommexico.com\/app\/uploads\/2023\/05\/186607.jpeg","type":"image\/jpeg"}],"twitter_card":"summary_large_image","twitter_misc":{"Tiempo de lectura":"1 minuto"},"schema":{"@context":"https:\/\/schema.org","@graph":[{"@type":"WebPage","@id":"https:\/\/booksfrommexico.com\/es\/producto\/mujeres-migrantes-en-el-soconusco-situacion-de-su-derecho-a-la-salud-a-la-identidad-y-al-trabajo\/","url":"https:\/\/booksfrommexico.com\/es\/producto\/mujeres-migrantes-en-el-soconusco-situacion-de-su-derecho-a-la-salud-a-la-identidad-y-al-trabajo\/","name":"Mujeres migrantes en el Soconusco","isPartOf":{"@id":"https:\/\/booksfrommexico.com\/#website"},"primaryImageOfPage":{"@id":"https:\/\/booksfrommexico.com\/es\/producto\/mujeres-migrantes-en-el-soconusco-situacion-de-su-derecho-a-la-salud-a-la-identidad-y-al-trabajo\/#primaryimage"},"image":{"@id":"https:\/\/booksfrommexico.com\/es\/producto\/mujeres-migrantes-en-el-soconusco-situacion-de-su-derecho-a-la-salud-a-la-identidad-y-al-trabajo\/#primaryimage"},"thumbnailUrl":"https:\/\/booksfrommexico.com\/app\/uploads\/2023\/05\/186607.jpeg","datePublished":"2023-05-08T17:13:11+00:00","dateModified":"2024-04-30T18:47:40+00:00","description":"MUJERES MIGRANTES EN EL SOCONUSCO : SITUACI\u00d3N DE SU DERECHO A LA SALUD, A LA IDENTIDAD Y AL TRABAJO. \/ Nancy P\u00e9rez, Genoveva Rold\u00e1n (coordinators).","breadcrumb":{"@id":"https:\/\/booksfrommexico.com\/es\/producto\/mujeres-migrantes-en-el-soconusco-situacion-de-su-derecho-a-la-salud-a-la-identidad-y-al-trabajo\/#breadcrumb"},"inLanguage":"es","potentialAction":[{"@type":"ReadAction","target":["https:\/\/booksfrommexico.com\/es\/producto\/mujeres-migrantes-en-el-soconusco-situacion-de-su-derecho-a-la-salud-a-la-identidad-y-al-trabajo\/"]}]},{"@type":"ImageObject","inLanguage":"es","@id":"https:\/\/booksfrommexico.com\/es\/producto\/mujeres-migrantes-en-el-soconusco-situacion-de-su-derecho-a-la-salud-a-la-identidad-y-al-trabajo\/#primaryimage","url":"https:\/\/booksfrommexico.com\/app\/uploads\/2023\/05\/186607.jpeg","contentUrl":"https:\/\/booksfrommexico.com\/app\/uploads\/2023\/05\/186607.jpeg","width":484,"height":666,"caption":"Books From M\u00e9xico: Mujeres migrantes en el Soconusco: situaci\u00f3n de su derecho a la salud, a la identidad y al trabajo"},{"@type":"BreadcrumbList","@id":"https:\/\/booksfrommexico.com\/es\/producto\/mujeres-migrantes-en-el-soconusco-situacion-de-su-derecho-a-la-salud-a-la-identidad-y-al-trabajo\/#breadcrumb","itemListElement":[{"@type":"ListItem","position":1,"name":"Home","item":"https:\/\/booksfrommexico.com\/es\/"},{"@type":"ListItem","position":2,"name":"Libros","item":"https:\/\/booksfrommexico.com\/es\/libros\/"},{"@type":"ListItem","position":3,"name":"Mujeres migrantes en el Soconusco"}]},{"@type":"WebSite","@id":"https:\/\/booksfrommexico.com\/#website","url":"https:\/\/booksfrommexico.com\/","name":"Books From Mexico","description":"","publisher":{"@id":"https:\/\/booksfrommexico.com\/#organization"},"potentialAction":[{"@type":"SearchAction","target":{"@type":"EntryPoint","urlTemplate":"https:\/\/booksfrommexico.com\/?s={search_term_string}"},"query-input":{"@type":"PropertyValueSpecification","valueRequired":true,"valueName":"search_term_string"}}],"inLanguage":"es"},{"@type":"Organization","@id":"https:\/\/booksfrommexico.com\/#organization","name":"Books From Mexico","url":"https:\/\/booksfrommexico.com\/","logo":{"@type":"ImageObject","inLanguage":"es","@id":"https:\/\/booksfrommexico.com\/#\/schema\/logo\/image\/","url":"https:\/\/booksfrommexico.com\/app\/uploads\/2023\/05\/logo-booksfrommexico.svg","contentUrl":"https:\/\/booksfrommexico.com\/app\/uploads\/2023\/05\/logo-booksfrommexico.svg","width":86,"height":56,"caption":"Books From Mexico"},"image":{"@id":"https:\/\/booksfrommexico.com\/#\/schema\/logo\/image\/"}}]}},"_links":{"self":[{"href":"https:\/\/booksfrommexico.com\/es\/wp-json\/wp\/v2\/product\/1248","targetHints":{"allow":["GET"]}}],"collection":[{"href":"https:\/\/booksfrommexico.com\/es\/wp-json\/wp\/v2\/product"}],"about":[{"href":"https:\/\/booksfrommexico.com\/es\/wp-json\/wp\/v2\/types\/product"}],"wp:featuredmedia":[{"embeddable":true,"href":"https:\/\/booksfrommexico.com\/es\/wp-json\/wp\/v2\/media\/1247"}],"wp:attachment":[{"href":"https:\/\/booksfrommexico.com\/es\/wp-json\/wp\/v2\/media?parent=1248"}],"wp:term":[{"taxonomy":"product_brand","embeddable":true,"href":"https:\/\/booksfrommexico.com\/es\/wp-json\/wp\/v2\/product_brand?post=1248"},{"taxonomy":"product_cat","embeddable":true,"href":"https:\/\/booksfrommexico.com\/es\/wp-json\/wp\/v2\/product_cat?post=1248"},{"taxonomy":"product_tag","embeddable":true,"href":"https:\/\/booksfrommexico.com\/es\/wp-json\/wp\/v2\/product_tag?post=1248"}],"curies":[{"name":"wp","href":"https:\/\/api.w.org\/{rel}","templated":true}]}}