{"id":125,"date":"2023-05-08T16:12:12","date_gmt":"2023-05-08T16:12:12","guid":{"rendered":"http:\/\/booksfrommexico.com\/product\/gramatica-popular-del-zapoteco-del-istmo\/"},"modified":"2025-02-26T01:20:34","modified_gmt":"2025-02-26T01:20:34","slug":"gramatica-popular-del-zapoteco-del-istmo","status":"publish","type":"product","link":"https:\/\/booksfrommexico.com\/es\/producto\/gramatica-popular-del-zapoteco-del-istmo\/","title":{"rendered":"Gram\u00e1tica popular del zapoteco del Istmo"},"content":{"rendered":"<p><span style=\"font-weight: 400;\">Con la intenci\u00f3n de guiar en el conocimiento del Zapoteco del Istmo, los autores desarrollan este libro para documentar de forma escrita, clara y correcta c\u00f3mo se forman las palabras y las frases del diidxaz\u00e1, como tambi\u00e9n se le conoce. Esta variante pertenece a la familia de idiomas conocidos como zapotecos, que se habla principalmente en el estado de Oaxaca. Dedicado especialmente a los zapotecos o biling\u00fces para comprender mejor su idioma y haciendo \u00e9nfasis en que, como cualquier otra lengua del mundo, tiene complejidad, amplitud y estructura.<\/span><\/p>\n","protected":false},"excerpt":{"rendered":"<p>Pickett, Velma B. GRAM\u00c1TICA POPULAR DEL ZAPOTECO DEL ISTMO. \/ Velma B Pickett, Cheryl Black &amp; Vicente Marcial. Cerqueda Juchit\u00e1n, Oaxaca: Centro de Investigaci\u00f3n y Desarrollo Binniz\u00e1; Tucson, Arizona: Instituto Ling\u00fc\u00edstico de Verano, 1998. 123 pages : 27 cm. Tables, ISBN 03200009131323130001.<\/p>\n<p>&nbsp;<\/p>\n","protected":false},"featured_media":124,"template":"","meta":{"_acf_changed":false,"inline_featured_image":false},"product_brand":[],"product_cat":[19,169,3166],"product_tag":[3711,3714,3717],"class_list":{"0":"post-125","1":"product","2":"type-product","3":"status-publish","4":"has-post-thumbnail","6":"product_cat-antropologia","7":"product_cat-lengua-y-linguistica","8":"product_cat-lenguas-y-linguisticas-indigenas-lengua-y-linguistica","9":"product_tag-estudio-y-ensenanza","10":"product_tag-gramatica","11":"product_tag-lenguaje-zapoteca","13":"first","14":"outofstock","15":"sale","16":"taxable","17":"shipping-taxable","18":"purchasable","19":"product-type-simple"},"acf":[],"yoast_head":"<!-- This site is optimized with the Yoast SEO plugin v27.3 - https:\/\/yoast.com\/product\/yoast-seo-wordpress\/ -->\n<title>Gram\u00e1tica popular del zapoteco del Istmo<\/title>\n<meta name=\"description\" content=\"Velma B. Pickett, Cheryl Black, Vicente Marcial. Centro de Investigaci\u00f3n y Desarrollo Binniz\u00e1 ; Instituto Ling\u00fc\u00edstico de Verano, 2002. Third edition.\" \/>\n<meta name=\"robots\" content=\"index, follow, max-snippet:-1, max-image-preview:large, max-video-preview:-1\" \/>\n<link rel=\"canonical\" href=\"https:\/\/booksfrommexico.com\/es\/producto\/gramatica-popular-del-zapoteco-del-istmo\/\" \/>\n<meta property=\"og:locale\" content=\"es_ES\" \/>\n<meta property=\"og:type\" content=\"article\" \/>\n<meta property=\"og:title\" content=\"Gram\u00e1tica popular del zapoteco del Istmo\" \/>\n<meta property=\"og:description\" content=\"Velma B. Pickett, Cheryl Black, Vicente Marcial. Centro de Investigaci\u00f3n y Desarrollo Binniz\u00e1 ; Instituto Ling\u00fc\u00edstico de Verano, 2002. Third edition.\" \/>\n<meta property=\"og:url\" content=\"https:\/\/booksfrommexico.com\/es\/producto\/gramatica-popular-del-zapoteco-del-istmo\/\" \/>\n<meta property=\"og:site_name\" content=\"Books From Mexico\" \/>\n<meta property=\"article:modified_time\" content=\"2025-02-26T01:20:34+00:00\" \/>\n<meta property=\"og:image\" content=\"http:\/\/booksfrommexico.com\/app\/uploads\/2023\/05\/104847.jpeg\" \/>\n\t<meta property=\"og:image:width\" content=\"789\" \/>\n\t<meta property=\"og:image:height\" content=\"1064\" \/>\n\t<meta property=\"og:image:type\" content=\"image\/jpeg\" \/>\n<meta name=\"twitter:card\" content=\"summary_large_image\" \/>\n<meta name=\"twitter:label1\" content=\"Tiempo de lectura\" \/>\n\t<meta name=\"twitter:data1\" content=\"1 minuto\" \/>\n<script type=\"application\/ld+json\" class=\"yoast-schema-graph\">{\"@context\":\"https:\\\/\\\/schema.org\",\"@graph\":[{\"@type\":\"WebPage\",\"@id\":\"https:\\\/\\\/booksfrommexico.com\\\/es\\\/producto\\\/gramatica-popular-del-zapoteco-del-istmo\\\/\",\"url\":\"https:\\\/\\\/booksfrommexico.com\\\/es\\\/producto\\\/gramatica-popular-del-zapoteco-del-istmo\\\/\",\"name\":\"Gram\u00e1tica popular del zapoteco del Istmo\",\"isPartOf\":{\"@id\":\"https:\\\/\\\/booksfrommexico.com\\\/#website\"},\"primaryImageOfPage\":{\"@id\":\"https:\\\/\\\/booksfrommexico.com\\\/es\\\/producto\\\/gramatica-popular-del-zapoteco-del-istmo\\\/#primaryimage\"},\"image\":{\"@id\":\"https:\\\/\\\/booksfrommexico.com\\\/es\\\/producto\\\/gramatica-popular-del-zapoteco-del-istmo\\\/#primaryimage\"},\"thumbnailUrl\":\"https:\\\/\\\/booksfrommexico.com\\\/app\\\/uploads\\\/2023\\\/05\\\/104847.jpeg\",\"datePublished\":\"2023-05-08T16:12:12+00:00\",\"dateModified\":\"2025-02-26T01:20:34+00:00\",\"description\":\"Velma B. Pickett, Cheryl Black, Vicente Marcial. Centro de Investigaci\u00f3n y Desarrollo Binniz\u00e1 ; Instituto Ling\u00fc\u00edstico de Verano, 2002. Third edition.\",\"breadcrumb\":{\"@id\":\"https:\\\/\\\/booksfrommexico.com\\\/es\\\/producto\\\/gramatica-popular-del-zapoteco-del-istmo\\\/#breadcrumb\"},\"inLanguage\":\"es\",\"potentialAction\":[{\"@type\":\"ReadAction\",\"target\":[\"https:\\\/\\\/booksfrommexico.com\\\/es\\\/producto\\\/gramatica-popular-del-zapoteco-del-istmo\\\/\"]}]},{\"@type\":\"ImageObject\",\"inLanguage\":\"es\",\"@id\":\"https:\\\/\\\/booksfrommexico.com\\\/es\\\/producto\\\/gramatica-popular-del-zapoteco-del-istmo\\\/#primaryimage\",\"url\":\"https:\\\/\\\/booksfrommexico.com\\\/app\\\/uploads\\\/2023\\\/05\\\/104847.jpeg\",\"contentUrl\":\"https:\\\/\\\/booksfrommexico.com\\\/app\\\/uploads\\\/2023\\\/05\\\/104847.jpeg\",\"width\":789,\"height\":1064,\"caption\":\"Gram\u00e1tica popular del zapoteco del Istmo\"},{\"@type\":\"BreadcrumbList\",\"@id\":\"https:\\\/\\\/booksfrommexico.com\\\/es\\\/producto\\\/gramatica-popular-del-zapoteco-del-istmo\\\/#breadcrumb\",\"itemListElement\":[{\"@type\":\"ListItem\",\"position\":1,\"name\":\"Home\",\"item\":\"https:\\\/\\\/booksfrommexico.com\\\/es\\\/\"},{\"@type\":\"ListItem\",\"position\":2,\"name\":\"Libros\",\"item\":\"https:\\\/\\\/booksfrommexico.com\\\/es\\\/libros\\\/\"},{\"@type\":\"ListItem\",\"position\":3,\"name\":\"Gram\u00e1tica popular del zapoteco del Istmo\"}]},{\"@type\":\"WebSite\",\"@id\":\"https:\\\/\\\/booksfrommexico.com\\\/#website\",\"url\":\"https:\\\/\\\/booksfrommexico.com\\\/\",\"name\":\"Books From Mexico\",\"description\":\"\",\"publisher\":{\"@id\":\"https:\\\/\\\/booksfrommexico.com\\\/#organization\"},\"potentialAction\":[{\"@type\":\"SearchAction\",\"target\":{\"@type\":\"EntryPoint\",\"urlTemplate\":\"https:\\\/\\\/booksfrommexico.com\\\/?s={search_term_string}\"},\"query-input\":{\"@type\":\"PropertyValueSpecification\",\"valueRequired\":true,\"valueName\":\"search_term_string\"}}],\"inLanguage\":\"es\"},{\"@type\":\"Organization\",\"@id\":\"https:\\\/\\\/booksfrommexico.com\\\/#organization\",\"name\":\"Books From Mexico\",\"url\":\"https:\\\/\\\/booksfrommexico.com\\\/\",\"logo\":{\"@type\":\"ImageObject\",\"inLanguage\":\"es\",\"@id\":\"https:\\\/\\\/booksfrommexico.com\\\/#\\\/schema\\\/logo\\\/image\\\/\",\"url\":\"https:\\\/\\\/booksfrommexico.com\\\/app\\\/uploads\\\/2023\\\/05\\\/logo-booksfrommexico.svg\",\"contentUrl\":\"https:\\\/\\\/booksfrommexico.com\\\/app\\\/uploads\\\/2023\\\/05\\\/logo-booksfrommexico.svg\",\"width\":86,\"height\":56,\"caption\":\"Books From Mexico\"},\"image\":{\"@id\":\"https:\\\/\\\/booksfrommexico.com\\\/#\\\/schema\\\/logo\\\/image\\\/\"}}]}<\/script>\n<!-- \/ Yoast SEO plugin. -->","yoast_head_json":{"title":"Gram\u00e1tica popular del zapoteco del Istmo","description":"Velma B. Pickett, Cheryl Black, Vicente Marcial. Centro de Investigaci\u00f3n y Desarrollo Binniz\u00e1 ; Instituto Ling\u00fc\u00edstico de Verano, 2002. Third edition.","robots":{"index":"index","follow":"follow","max-snippet":"max-snippet:-1","max-image-preview":"max-image-preview:large","max-video-preview":"max-video-preview:-1"},"canonical":"https:\/\/booksfrommexico.com\/es\/producto\/gramatica-popular-del-zapoteco-del-istmo\/","og_locale":"es_ES","og_type":"article","og_title":"Gram\u00e1tica popular del zapoteco del Istmo","og_description":"Velma B. Pickett, Cheryl Black, Vicente Marcial. Centro de Investigaci\u00f3n y Desarrollo Binniz\u00e1 ; Instituto Ling\u00fc\u00edstico de Verano, 2002. Third edition.","og_url":"https:\/\/booksfrommexico.com\/es\/producto\/gramatica-popular-del-zapoteco-del-istmo\/","og_site_name":"Books From Mexico","article_modified_time":"2025-02-26T01:20:34+00:00","og_image":[{"width":789,"height":1064,"url":"http:\/\/booksfrommexico.com\/app\/uploads\/2023\/05\/104847.jpeg","type":"image\/jpeg"}],"twitter_card":"summary_large_image","twitter_misc":{"Tiempo de lectura":"1 minuto"},"schema":{"@context":"https:\/\/schema.org","@graph":[{"@type":"WebPage","@id":"https:\/\/booksfrommexico.com\/es\/producto\/gramatica-popular-del-zapoteco-del-istmo\/","url":"https:\/\/booksfrommexico.com\/es\/producto\/gramatica-popular-del-zapoteco-del-istmo\/","name":"Gram\u00e1tica popular del zapoteco del Istmo","isPartOf":{"@id":"https:\/\/booksfrommexico.com\/#website"},"primaryImageOfPage":{"@id":"https:\/\/booksfrommexico.com\/es\/producto\/gramatica-popular-del-zapoteco-del-istmo\/#primaryimage"},"image":{"@id":"https:\/\/booksfrommexico.com\/es\/producto\/gramatica-popular-del-zapoteco-del-istmo\/#primaryimage"},"thumbnailUrl":"https:\/\/booksfrommexico.com\/app\/uploads\/2023\/05\/104847.jpeg","datePublished":"2023-05-08T16:12:12+00:00","dateModified":"2025-02-26T01:20:34+00:00","description":"Velma B. Pickett, Cheryl Black, Vicente Marcial. Centro de Investigaci\u00f3n y Desarrollo Binniz\u00e1 ; Instituto Ling\u00fc\u00edstico de Verano, 2002. Third edition.","breadcrumb":{"@id":"https:\/\/booksfrommexico.com\/es\/producto\/gramatica-popular-del-zapoteco-del-istmo\/#breadcrumb"},"inLanguage":"es","potentialAction":[{"@type":"ReadAction","target":["https:\/\/booksfrommexico.com\/es\/producto\/gramatica-popular-del-zapoteco-del-istmo\/"]}]},{"@type":"ImageObject","inLanguage":"es","@id":"https:\/\/booksfrommexico.com\/es\/producto\/gramatica-popular-del-zapoteco-del-istmo\/#primaryimage","url":"https:\/\/booksfrommexico.com\/app\/uploads\/2023\/05\/104847.jpeg","contentUrl":"https:\/\/booksfrommexico.com\/app\/uploads\/2023\/05\/104847.jpeg","width":789,"height":1064,"caption":"Gram\u00e1tica popular del zapoteco del Istmo"},{"@type":"BreadcrumbList","@id":"https:\/\/booksfrommexico.com\/es\/producto\/gramatica-popular-del-zapoteco-del-istmo\/#breadcrumb","itemListElement":[{"@type":"ListItem","position":1,"name":"Home","item":"https:\/\/booksfrommexico.com\/es\/"},{"@type":"ListItem","position":2,"name":"Libros","item":"https:\/\/booksfrommexico.com\/es\/libros\/"},{"@type":"ListItem","position":3,"name":"Gram\u00e1tica popular del zapoteco del Istmo"}]},{"@type":"WebSite","@id":"https:\/\/booksfrommexico.com\/#website","url":"https:\/\/booksfrommexico.com\/","name":"Books From Mexico","description":"","publisher":{"@id":"https:\/\/booksfrommexico.com\/#organization"},"potentialAction":[{"@type":"SearchAction","target":{"@type":"EntryPoint","urlTemplate":"https:\/\/booksfrommexico.com\/?s={search_term_string}"},"query-input":{"@type":"PropertyValueSpecification","valueRequired":true,"valueName":"search_term_string"}}],"inLanguage":"es"},{"@type":"Organization","@id":"https:\/\/booksfrommexico.com\/#organization","name":"Books From Mexico","url":"https:\/\/booksfrommexico.com\/","logo":{"@type":"ImageObject","inLanguage":"es","@id":"https:\/\/booksfrommexico.com\/#\/schema\/logo\/image\/","url":"https:\/\/booksfrommexico.com\/app\/uploads\/2023\/05\/logo-booksfrommexico.svg","contentUrl":"https:\/\/booksfrommexico.com\/app\/uploads\/2023\/05\/logo-booksfrommexico.svg","width":86,"height":56,"caption":"Books From Mexico"},"image":{"@id":"https:\/\/booksfrommexico.com\/#\/schema\/logo\/image\/"}}]}},"_links":{"self":[{"href":"https:\/\/booksfrommexico.com\/es\/wp-json\/wp\/v2\/product\/125","targetHints":{"allow":["GET"]}}],"collection":[{"href":"https:\/\/booksfrommexico.com\/es\/wp-json\/wp\/v2\/product"}],"about":[{"href":"https:\/\/booksfrommexico.com\/es\/wp-json\/wp\/v2\/types\/product"}],"wp:featuredmedia":[{"embeddable":true,"href":"https:\/\/booksfrommexico.com\/es\/wp-json\/wp\/v2\/media\/124"}],"wp:attachment":[{"href":"https:\/\/booksfrommexico.com\/es\/wp-json\/wp\/v2\/media?parent=125"}],"wp:term":[{"taxonomy":"product_brand","embeddable":true,"href":"https:\/\/booksfrommexico.com\/es\/wp-json\/wp\/v2\/product_brand?post=125"},{"taxonomy":"product_cat","embeddable":true,"href":"https:\/\/booksfrommexico.com\/es\/wp-json\/wp\/v2\/product_cat?post=125"},{"taxonomy":"product_tag","embeddable":true,"href":"https:\/\/booksfrommexico.com\/es\/wp-json\/wp\/v2\/product_tag?post=125"}],"curies":[{"name":"wp","href":"https:\/\/api.w.org\/{rel}","templated":true}]}}