{"id":1250,"date":"2023-05-08T17:13:12","date_gmt":"2023-05-08T17:13:12","guid":{"rendered":"http:\/\/booksfrommexico.com\/product\/antologia-primer-concurso-de-cuento-breve-de-rock-parmenides-garcia-saldana\/"},"modified":"2024-06-04T18:32:59","modified_gmt":"2024-06-04T18:32:59","slug":"antologia-primer-concurso-de-cuento-breve-de-rock-parmenides-garcia-saldana","status":"publish","type":"product","link":"https:\/\/booksfrommexico.com\/es\/producto\/antologia-primer-concurso-de-cuento-breve-de-rock-parmenides-garcia-saldana\/","title":{"rendered":"Primer Concurso de Cuento Breve de Rock"},"content":{"rendered":"<p><span style=\"font-weight: 400;\">Con el jurado conformado por Guillermo Brise\u00f1o, Oscar Alarc\u00f3n y Beatriz Meyer, se llev\u00f3 a cabo el primer concurso de cuento breve de rock \u201cParm\u00e9nides Garc\u00eda Salda\u00f1a\u201d, conocido tambi\u00e9n como \u201cel sacerdote del rock mexicano\u201d.\u00a0 Con nueve participantes de Puebla, tres de la Ciudad de M\u00e9xico, uno de Aguascalientes, uno del Estado de M\u00e9xico y otro de San Juan del R\u00edo, Quer\u00e9taro, en esta antolog\u00eda se encuentran tanto el cuento ganador como los otros 14 cuentos finalistas. El tema central de estos textos est\u00e1 enfocado al movimiento del rock en M\u00e9xico, y sus estilos son tan diversos como sus participantes, tocando figuras ic\u00f3nicas como Jim Morrison y\u00a0 Jimi Hendrix, as\u00ed como otras del rock nacional mexicano.<\/span><\/p>\n","protected":false},"excerpt":{"rendered":"<p>ANTOLOG\u00cdA : PRIMER CONCURSO DE CUENTO BREVE DE ROCK \u00abPARM\u00c9NIDES GARC\u00cdA SALDA\u00d1A\u00bb<span style=\"font-weight: 400;\">. \/ Varias. Puebla, M\u00e9xico : Ediciones Aj\u00ed, 2018. 94 pages ; 23 cm.\u00a0<\/span><\/p>\n","protected":false},"featured_media":1249,"template":"","meta":{"_acf_changed":false,"inline_featured_image":false},"product_brand":[],"product_cat":[37,25],"product_tag":[3821,3922,4023],"class_list":{"0":"post-1250","1":"product","2":"type-product","3":"status-publish","4":"has-post-thumbnail","6":"product_cat-cuento-literatura","7":"product_cat-literatura","8":"product_tag-literatura-hispanoamericana","9":"product_tag-musica","10":"product_tag-premios-literarios","12":"first","13":"instock","14":"taxable","15":"shipping-taxable","16":"purchasable","17":"product-type-simple"},"acf":[],"yoast_head":"<!-- This site is optimized with the Yoast SEO plugin v27.3 - https:\/\/yoast.com\/product\/yoast-seo-wordpress\/ -->\n<title>Primer Concurso de Cuento Breve de Rock<\/title>\n<meta name=\"description\" content=\"ANTOLOG\u00cdA : PRIMER CONCURSO DE CUENTO BREVE DE ROCK &quot;PARM\u00c9NIDES GARC\u00cdA SALDA\u00d1A&quot;. \/ Varias. Puebla, M\u00e9xico : Ediciones Aj\u00ed, 2018. 94 pages ; 23 cm.\" \/>\n<meta name=\"robots\" content=\"index, follow, max-snippet:-1, max-image-preview:large, max-video-preview:-1\" \/>\n<link rel=\"canonical\" href=\"https:\/\/booksfrommexico.com\/es\/producto\/antologia-primer-concurso-de-cuento-breve-de-rock-parmenides-garcia-saldana\/\" \/>\n<meta property=\"og:locale\" content=\"es_ES\" \/>\n<meta property=\"og:type\" content=\"article\" \/>\n<meta property=\"og:title\" content=\"Primer Concurso de Cuento Breve de Rock\" \/>\n<meta property=\"og:description\" content=\"ANTOLOG\u00cdA : PRIMER CONCURSO DE CUENTO BREVE DE ROCK &quot;PARM\u00c9NIDES GARC\u00cdA SALDA\u00d1A&quot;. \/ Varias. Puebla, M\u00e9xico : Ediciones Aj\u00ed, 2018. 94 pages ; 23 cm.\" \/>\n<meta property=\"og:url\" content=\"https:\/\/booksfrommexico.com\/es\/producto\/antologia-primer-concurso-de-cuento-breve-de-rock-parmenides-garcia-saldana\/\" \/>\n<meta property=\"og:site_name\" content=\"Books From Mexico\" \/>\n<meta property=\"article:modified_time\" content=\"2024-06-04T18:32:59+00:00\" \/>\n<meta property=\"og:image\" content=\"http:\/\/booksfrommexico.com\/app\/uploads\/2023\/05\/186023.jpeg\" \/>\n\t<meta property=\"og:image:width\" content=\"402\" \/>\n\t<meta property=\"og:image:height\" content=\"647\" \/>\n\t<meta property=\"og:image:type\" content=\"image\/jpeg\" \/>\n<meta name=\"twitter:card\" content=\"summary_large_image\" \/>\n<meta name=\"twitter:label1\" content=\"Tiempo de lectura\" \/>\n\t<meta name=\"twitter:data1\" content=\"1 minuto\" \/>\n<script type=\"application\/ld+json\" class=\"yoast-schema-graph\">{\"@context\":\"https:\\\/\\\/schema.org\",\"@graph\":[{\"@type\":\"WebPage\",\"@id\":\"https:\\\/\\\/booksfrommexico.com\\\/es\\\/producto\\\/antologia-primer-concurso-de-cuento-breve-de-rock-parmenides-garcia-saldana\\\/\",\"url\":\"https:\\\/\\\/booksfrommexico.com\\\/es\\\/producto\\\/antologia-primer-concurso-de-cuento-breve-de-rock-parmenides-garcia-saldana\\\/\",\"name\":\"Primer Concurso de Cuento Breve de Rock\",\"isPartOf\":{\"@id\":\"https:\\\/\\\/booksfrommexico.com\\\/#website\"},\"primaryImageOfPage\":{\"@id\":\"https:\\\/\\\/booksfrommexico.com\\\/es\\\/producto\\\/antologia-primer-concurso-de-cuento-breve-de-rock-parmenides-garcia-saldana\\\/#primaryimage\"},\"image\":{\"@id\":\"https:\\\/\\\/booksfrommexico.com\\\/es\\\/producto\\\/antologia-primer-concurso-de-cuento-breve-de-rock-parmenides-garcia-saldana\\\/#primaryimage\"},\"thumbnailUrl\":\"https:\\\/\\\/booksfrommexico.com\\\/app\\\/uploads\\\/2023\\\/05\\\/186023.jpeg\",\"datePublished\":\"2023-05-08T17:13:12+00:00\",\"dateModified\":\"2024-06-04T18:32:59+00:00\",\"description\":\"ANTOLOG\u00cdA : PRIMER CONCURSO DE CUENTO BREVE DE ROCK \\\"PARM\u00c9NIDES GARC\u00cdA SALDA\u00d1A\\\". \\\/ Varias. Puebla, M\u00e9xico : Ediciones Aj\u00ed, 2018. 94 pages ; 23 cm.\",\"breadcrumb\":{\"@id\":\"https:\\\/\\\/booksfrommexico.com\\\/es\\\/producto\\\/antologia-primer-concurso-de-cuento-breve-de-rock-parmenides-garcia-saldana\\\/#breadcrumb\"},\"inLanguage\":\"es\",\"potentialAction\":[{\"@type\":\"ReadAction\",\"target\":[\"https:\\\/\\\/booksfrommexico.com\\\/es\\\/producto\\\/antologia-primer-concurso-de-cuento-breve-de-rock-parmenides-garcia-saldana\\\/\"]}]},{\"@type\":\"ImageObject\",\"inLanguage\":\"es\",\"@id\":\"https:\\\/\\\/booksfrommexico.com\\\/es\\\/producto\\\/antologia-primer-concurso-de-cuento-breve-de-rock-parmenides-garcia-saldana\\\/#primaryimage\",\"url\":\"https:\\\/\\\/booksfrommexico.com\\\/app\\\/uploads\\\/2023\\\/05\\\/186023.jpeg\",\"contentUrl\":\"https:\\\/\\\/booksfrommexico.com\\\/app\\\/uploads\\\/2023\\\/05\\\/186023.jpeg\",\"width\":402,\"height\":647,\"caption\":\"Antolog\u00eda : Primer Concurso de Cuento Breve de Rock \\\/ Books From Mexico\"},{\"@type\":\"BreadcrumbList\",\"@id\":\"https:\\\/\\\/booksfrommexico.com\\\/es\\\/producto\\\/antologia-primer-concurso-de-cuento-breve-de-rock-parmenides-garcia-saldana\\\/#breadcrumb\",\"itemListElement\":[{\"@type\":\"ListItem\",\"position\":1,\"name\":\"Home\",\"item\":\"https:\\\/\\\/booksfrommexico.com\\\/es\\\/\"},{\"@type\":\"ListItem\",\"position\":2,\"name\":\"Libros\",\"item\":\"https:\\\/\\\/booksfrommexico.com\\\/es\\\/libros\\\/\"},{\"@type\":\"ListItem\",\"position\":3,\"name\":\"Primer Concurso de Cuento Breve de Rock\"}]},{\"@type\":\"WebSite\",\"@id\":\"https:\\\/\\\/booksfrommexico.com\\\/#website\",\"url\":\"https:\\\/\\\/booksfrommexico.com\\\/\",\"name\":\"Books From Mexico\",\"description\":\"\",\"publisher\":{\"@id\":\"https:\\\/\\\/booksfrommexico.com\\\/#organization\"},\"potentialAction\":[{\"@type\":\"SearchAction\",\"target\":{\"@type\":\"EntryPoint\",\"urlTemplate\":\"https:\\\/\\\/booksfrommexico.com\\\/?s={search_term_string}\"},\"query-input\":{\"@type\":\"PropertyValueSpecification\",\"valueRequired\":true,\"valueName\":\"search_term_string\"}}],\"inLanguage\":\"es\"},{\"@type\":\"Organization\",\"@id\":\"https:\\\/\\\/booksfrommexico.com\\\/#organization\",\"name\":\"Books From Mexico\",\"url\":\"https:\\\/\\\/booksfrommexico.com\\\/\",\"logo\":{\"@type\":\"ImageObject\",\"inLanguage\":\"es\",\"@id\":\"https:\\\/\\\/booksfrommexico.com\\\/#\\\/schema\\\/logo\\\/image\\\/\",\"url\":\"https:\\\/\\\/booksfrommexico.com\\\/app\\\/uploads\\\/2023\\\/05\\\/logo-booksfrommexico.svg\",\"contentUrl\":\"https:\\\/\\\/booksfrommexico.com\\\/app\\\/uploads\\\/2023\\\/05\\\/logo-booksfrommexico.svg\",\"width\":86,\"height\":56,\"caption\":\"Books From Mexico\"},\"image\":{\"@id\":\"https:\\\/\\\/booksfrommexico.com\\\/#\\\/schema\\\/logo\\\/image\\\/\"}}]}<\/script>\n<!-- \/ Yoast SEO plugin. -->","yoast_head_json":{"title":"Primer Concurso de Cuento Breve de Rock","description":"ANTOLOG\u00cdA : PRIMER CONCURSO DE CUENTO BREVE DE ROCK \"PARM\u00c9NIDES GARC\u00cdA SALDA\u00d1A\". \/ Varias. Puebla, M\u00e9xico : Ediciones Aj\u00ed, 2018. 94 pages ; 23 cm.","robots":{"index":"index","follow":"follow","max-snippet":"max-snippet:-1","max-image-preview":"max-image-preview:large","max-video-preview":"max-video-preview:-1"},"canonical":"https:\/\/booksfrommexico.com\/es\/producto\/antologia-primer-concurso-de-cuento-breve-de-rock-parmenides-garcia-saldana\/","og_locale":"es_ES","og_type":"article","og_title":"Primer Concurso de Cuento Breve de Rock","og_description":"ANTOLOG\u00cdA : PRIMER CONCURSO DE CUENTO BREVE DE ROCK \"PARM\u00c9NIDES GARC\u00cdA SALDA\u00d1A\". \/ Varias. Puebla, M\u00e9xico : Ediciones Aj\u00ed, 2018. 94 pages ; 23 cm.","og_url":"https:\/\/booksfrommexico.com\/es\/producto\/antologia-primer-concurso-de-cuento-breve-de-rock-parmenides-garcia-saldana\/","og_site_name":"Books From Mexico","article_modified_time":"2024-06-04T18:32:59+00:00","og_image":[{"width":402,"height":647,"url":"http:\/\/booksfrommexico.com\/app\/uploads\/2023\/05\/186023.jpeg","type":"image\/jpeg"}],"twitter_card":"summary_large_image","twitter_misc":{"Tiempo de lectura":"1 minuto"},"schema":{"@context":"https:\/\/schema.org","@graph":[{"@type":"WebPage","@id":"https:\/\/booksfrommexico.com\/es\/producto\/antologia-primer-concurso-de-cuento-breve-de-rock-parmenides-garcia-saldana\/","url":"https:\/\/booksfrommexico.com\/es\/producto\/antologia-primer-concurso-de-cuento-breve-de-rock-parmenides-garcia-saldana\/","name":"Primer Concurso de Cuento Breve de Rock","isPartOf":{"@id":"https:\/\/booksfrommexico.com\/#website"},"primaryImageOfPage":{"@id":"https:\/\/booksfrommexico.com\/es\/producto\/antologia-primer-concurso-de-cuento-breve-de-rock-parmenides-garcia-saldana\/#primaryimage"},"image":{"@id":"https:\/\/booksfrommexico.com\/es\/producto\/antologia-primer-concurso-de-cuento-breve-de-rock-parmenides-garcia-saldana\/#primaryimage"},"thumbnailUrl":"https:\/\/booksfrommexico.com\/app\/uploads\/2023\/05\/186023.jpeg","datePublished":"2023-05-08T17:13:12+00:00","dateModified":"2024-06-04T18:32:59+00:00","description":"ANTOLOG\u00cdA : PRIMER CONCURSO DE CUENTO BREVE DE ROCK \"PARM\u00c9NIDES GARC\u00cdA SALDA\u00d1A\". \/ Varias. Puebla, M\u00e9xico : Ediciones Aj\u00ed, 2018. 94 pages ; 23 cm.","breadcrumb":{"@id":"https:\/\/booksfrommexico.com\/es\/producto\/antologia-primer-concurso-de-cuento-breve-de-rock-parmenides-garcia-saldana\/#breadcrumb"},"inLanguage":"es","potentialAction":[{"@type":"ReadAction","target":["https:\/\/booksfrommexico.com\/es\/producto\/antologia-primer-concurso-de-cuento-breve-de-rock-parmenides-garcia-saldana\/"]}]},{"@type":"ImageObject","inLanguage":"es","@id":"https:\/\/booksfrommexico.com\/es\/producto\/antologia-primer-concurso-de-cuento-breve-de-rock-parmenides-garcia-saldana\/#primaryimage","url":"https:\/\/booksfrommexico.com\/app\/uploads\/2023\/05\/186023.jpeg","contentUrl":"https:\/\/booksfrommexico.com\/app\/uploads\/2023\/05\/186023.jpeg","width":402,"height":647,"caption":"Antolog\u00eda : Primer Concurso de Cuento Breve de Rock \/ Books From Mexico"},{"@type":"BreadcrumbList","@id":"https:\/\/booksfrommexico.com\/es\/producto\/antologia-primer-concurso-de-cuento-breve-de-rock-parmenides-garcia-saldana\/#breadcrumb","itemListElement":[{"@type":"ListItem","position":1,"name":"Home","item":"https:\/\/booksfrommexico.com\/es\/"},{"@type":"ListItem","position":2,"name":"Libros","item":"https:\/\/booksfrommexico.com\/es\/libros\/"},{"@type":"ListItem","position":3,"name":"Primer Concurso de Cuento Breve de Rock"}]},{"@type":"WebSite","@id":"https:\/\/booksfrommexico.com\/#website","url":"https:\/\/booksfrommexico.com\/","name":"Books From Mexico","description":"","publisher":{"@id":"https:\/\/booksfrommexico.com\/#organization"},"potentialAction":[{"@type":"SearchAction","target":{"@type":"EntryPoint","urlTemplate":"https:\/\/booksfrommexico.com\/?s={search_term_string}"},"query-input":{"@type":"PropertyValueSpecification","valueRequired":true,"valueName":"search_term_string"}}],"inLanguage":"es"},{"@type":"Organization","@id":"https:\/\/booksfrommexico.com\/#organization","name":"Books From Mexico","url":"https:\/\/booksfrommexico.com\/","logo":{"@type":"ImageObject","inLanguage":"es","@id":"https:\/\/booksfrommexico.com\/#\/schema\/logo\/image\/","url":"https:\/\/booksfrommexico.com\/app\/uploads\/2023\/05\/logo-booksfrommexico.svg","contentUrl":"https:\/\/booksfrommexico.com\/app\/uploads\/2023\/05\/logo-booksfrommexico.svg","width":86,"height":56,"caption":"Books From Mexico"},"image":{"@id":"https:\/\/booksfrommexico.com\/#\/schema\/logo\/image\/"}}]}},"_links":{"self":[{"href":"https:\/\/booksfrommexico.com\/es\/wp-json\/wp\/v2\/product\/1250","targetHints":{"allow":["GET"]}}],"collection":[{"href":"https:\/\/booksfrommexico.com\/es\/wp-json\/wp\/v2\/product"}],"about":[{"href":"https:\/\/booksfrommexico.com\/es\/wp-json\/wp\/v2\/types\/product"}],"wp:featuredmedia":[{"embeddable":true,"href":"https:\/\/booksfrommexico.com\/es\/wp-json\/wp\/v2\/media\/1249"}],"wp:attachment":[{"href":"https:\/\/booksfrommexico.com\/es\/wp-json\/wp\/v2\/media?parent=1250"}],"wp:term":[{"taxonomy":"product_brand","embeddable":true,"href":"https:\/\/booksfrommexico.com\/es\/wp-json\/wp\/v2\/product_brand?post=1250"},{"taxonomy":"product_cat","embeddable":true,"href":"https:\/\/booksfrommexico.com\/es\/wp-json\/wp\/v2\/product_cat?post=1250"},{"taxonomy":"product_tag","embeddable":true,"href":"https:\/\/booksfrommexico.com\/es\/wp-json\/wp\/v2\/product_tag?post=1250"}],"curies":[{"name":"wp","href":"https:\/\/api.w.org\/{rel}","templated":true}]}}