{"id":127,"date":"2023-05-08T16:12:19","date_gmt":"2023-05-08T16:12:19","guid":{"rendered":"http:\/\/booksfrommexico.com\/product\/francisco-toledo-el-ideograma-del-insecto\/"},"modified":"2024-10-02T23:06:58","modified_gmt":"2024-10-02T23:06:58","slug":"francisco-toledo-el-ideograma-del-insecto","status":"publish","type":"product","link":"https:\/\/booksfrommexico.com\/es\/producto\/francisco-toledo-el-ideograma-del-insecto\/","title":{"rendered":"El ideograma del insecto"},"content":{"rendered":"<p><span style=\"font-weight: 400;\">El autor toma como partida la noche en que Francisco Toledo fue mordido por un alacr\u00e1n, para comenzar una reflexi\u00f3n sobre la muerte y la vida. En la primera mitad del libro, describe al hombre como especie e inicia una serie de cuestionamientos sobre nuestro lugar en la naturaleza y nuestra relaci\u00f3n con otras especies, en especial los insectos. Para la segunda parte se guarda una serie de ilustraciones del artista gr\u00e1fico mexicano, donde retrata insectos con diversas t\u00e9cnicas como tinta, acuarela sobre papel japon\u00e9s y mica sobre papel.<\/span><\/p>\n","protected":false},"excerpt":{"rendered":"<p>FRANCISCO TOLEDO : EL IDEOGRAMA DEL INSECTO.<span style=\"font-weight: 400;\"> \/ Jaime Moreno Villarreal. Second print. M\u00e9xico, D.F. : Consejo Nacional para la Cultura y las Artes ; Fondo Editorial Tierra Adentro, 1999.\u00a0 31 pages : Includes notes, bibliography,\u00a0 color photos ; 17 cm. ISBN : 9701827848.<\/span><\/p>\n","protected":false},"featured_media":126,"template":"","meta":{"_acf_changed":false,"inline_featured_image":false},"product_brand":[],"product_cat":[87,88],"product_tag":[4044,3671,3719],"class_list":{"0":"post-127","1":"product","2":"type-product","3":"status-publish","4":"has-post-thumbnail","6":"product_cat-arte","7":"product_cat-critica-de-arte-arte","8":"product_tag-arte","9":"product_tag-exposiciones","10":"product_tag-pintores-mexicanos","12":"first","13":"instock","14":"sale","15":"taxable","16":"shipping-taxable","17":"purchasable","18":"product-type-simple"},"acf":[],"yoast_head":"<!-- This site is optimized with the Yoast SEO plugin v27.3 - https:\/\/yoast.com\/product\/yoast-seo-wordpress\/ -->\n<title>El ideograma del insecto<\/title>\n<meta name=\"description\" content=\"Francisco Toledo. El ideograma del insecto. \/ Jaime Moreno Villarreal M\u00e9xico, D.F.: Consejo Nacional para la Cultura y las Artes, ISBN 9701827848.\" \/>\n<meta name=\"robots\" content=\"index, follow, max-snippet:-1, max-image-preview:large, max-video-preview:-1\" \/>\n<link rel=\"canonical\" href=\"https:\/\/booksfrommexico.com\/es\/producto\/francisco-toledo-el-ideograma-del-insecto\/\" \/>\n<meta property=\"og:locale\" content=\"es_ES\" \/>\n<meta property=\"og:type\" content=\"article\" \/>\n<meta property=\"og:title\" content=\"El ideograma del insecto\" \/>\n<meta property=\"og:description\" content=\"Francisco Toledo. El ideograma del insecto. \/ Jaime Moreno Villarreal M\u00e9xico, D.F.: Consejo Nacional para la Cultura y las Artes, ISBN 9701827848.\" \/>\n<meta property=\"og:url\" content=\"https:\/\/booksfrommexico.com\/es\/producto\/francisco-toledo-el-ideograma-del-insecto\/\" \/>\n<meta property=\"og:site_name\" content=\"Books From Mexico\" \/>\n<meta property=\"article:modified_time\" content=\"2024-10-02T23:06:58+00:00\" \/>\n<meta property=\"og:image\" content=\"http:\/\/booksfrommexico.com\/app\/uploads\/2023\/05\/108020.jpeg\" \/>\n\t<meta property=\"og:image:width\" content=\"530\" \/>\n\t<meta property=\"og:image:height\" content=\"649\" \/>\n\t<meta property=\"og:image:type\" content=\"image\/jpeg\" \/>\n<meta name=\"twitter:card\" content=\"summary_large_image\" \/>\n<meta name=\"twitter:label1\" content=\"Tiempo de lectura\" \/>\n\t<meta name=\"twitter:data1\" content=\"1 minuto\" \/>\n<script type=\"application\/ld+json\" class=\"yoast-schema-graph\">{\"@context\":\"https:\\\/\\\/schema.org\",\"@graph\":[{\"@type\":\"WebPage\",\"@id\":\"https:\\\/\\\/booksfrommexico.com\\\/es\\\/producto\\\/francisco-toledo-el-ideograma-del-insecto\\\/\",\"url\":\"https:\\\/\\\/booksfrommexico.com\\\/es\\\/producto\\\/francisco-toledo-el-ideograma-del-insecto\\\/\",\"name\":\"El ideograma del insecto\",\"isPartOf\":{\"@id\":\"https:\\\/\\\/booksfrommexico.com\\\/#website\"},\"primaryImageOfPage\":{\"@id\":\"https:\\\/\\\/booksfrommexico.com\\\/es\\\/producto\\\/francisco-toledo-el-ideograma-del-insecto\\\/#primaryimage\"},\"image\":{\"@id\":\"https:\\\/\\\/booksfrommexico.com\\\/es\\\/producto\\\/francisco-toledo-el-ideograma-del-insecto\\\/#primaryimage\"},\"thumbnailUrl\":\"https:\\\/\\\/booksfrommexico.com\\\/app\\\/uploads\\\/2023\\\/05\\\/108020.jpeg\",\"datePublished\":\"2023-05-08T16:12:19+00:00\",\"dateModified\":\"2024-10-02T23:06:58+00:00\",\"description\":\"Francisco Toledo. El ideograma del insecto. \\\/ Jaime Moreno Villarreal M\u00e9xico, D.F.: Consejo Nacional para la Cultura y las Artes, ISBN 9701827848.\",\"breadcrumb\":{\"@id\":\"https:\\\/\\\/booksfrommexico.com\\\/es\\\/producto\\\/francisco-toledo-el-ideograma-del-insecto\\\/#breadcrumb\"},\"inLanguage\":\"es\",\"potentialAction\":[{\"@type\":\"ReadAction\",\"target\":[\"https:\\\/\\\/booksfrommexico.com\\\/es\\\/producto\\\/francisco-toledo-el-ideograma-del-insecto\\\/\"]}]},{\"@type\":\"ImageObject\",\"inLanguage\":\"es\",\"@id\":\"https:\\\/\\\/booksfrommexico.com\\\/es\\\/producto\\\/francisco-toledo-el-ideograma-del-insecto\\\/#primaryimage\",\"url\":\"https:\\\/\\\/booksfrommexico.com\\\/app\\\/uploads\\\/2023\\\/05\\\/108020.jpeg\",\"contentUrl\":\"https:\\\/\\\/booksfrommexico.com\\\/app\\\/uploads\\\/2023\\\/05\\\/108020.jpeg\",\"width\":530,\"height\":649,\"caption\":\"Francisco Toledo El ideograma del insecto\"},{\"@type\":\"BreadcrumbList\",\"@id\":\"https:\\\/\\\/booksfrommexico.com\\\/es\\\/producto\\\/francisco-toledo-el-ideograma-del-insecto\\\/#breadcrumb\",\"itemListElement\":[{\"@type\":\"ListItem\",\"position\":1,\"name\":\"Home\",\"item\":\"https:\\\/\\\/booksfrommexico.com\\\/es\\\/\"},{\"@type\":\"ListItem\",\"position\":2,\"name\":\"Libros\",\"item\":\"https:\\\/\\\/booksfrommexico.com\\\/es\\\/libros\\\/\"},{\"@type\":\"ListItem\",\"position\":3,\"name\":\"El ideograma del insecto\"}]},{\"@type\":\"WebSite\",\"@id\":\"https:\\\/\\\/booksfrommexico.com\\\/#website\",\"url\":\"https:\\\/\\\/booksfrommexico.com\\\/\",\"name\":\"Books From Mexico\",\"description\":\"\",\"publisher\":{\"@id\":\"https:\\\/\\\/booksfrommexico.com\\\/#organization\"},\"potentialAction\":[{\"@type\":\"SearchAction\",\"target\":{\"@type\":\"EntryPoint\",\"urlTemplate\":\"https:\\\/\\\/booksfrommexico.com\\\/?s={search_term_string}\"},\"query-input\":{\"@type\":\"PropertyValueSpecification\",\"valueRequired\":true,\"valueName\":\"search_term_string\"}}],\"inLanguage\":\"es\"},{\"@type\":\"Organization\",\"@id\":\"https:\\\/\\\/booksfrommexico.com\\\/#organization\",\"name\":\"Books From Mexico\",\"url\":\"https:\\\/\\\/booksfrommexico.com\\\/\",\"logo\":{\"@type\":\"ImageObject\",\"inLanguage\":\"es\",\"@id\":\"https:\\\/\\\/booksfrommexico.com\\\/#\\\/schema\\\/logo\\\/image\\\/\",\"url\":\"https:\\\/\\\/booksfrommexico.com\\\/app\\\/uploads\\\/2023\\\/05\\\/logo-booksfrommexico.svg\",\"contentUrl\":\"https:\\\/\\\/booksfrommexico.com\\\/app\\\/uploads\\\/2023\\\/05\\\/logo-booksfrommexico.svg\",\"width\":86,\"height\":56,\"caption\":\"Books From Mexico\"},\"image\":{\"@id\":\"https:\\\/\\\/booksfrommexico.com\\\/#\\\/schema\\\/logo\\\/image\\\/\"}}]}<\/script>\n<!-- \/ Yoast SEO plugin. -->","yoast_head_json":{"title":"El ideograma del insecto","description":"Francisco Toledo. El ideograma del insecto. \/ Jaime Moreno Villarreal M\u00e9xico, D.F.: Consejo Nacional para la Cultura y las Artes, ISBN 9701827848.","robots":{"index":"index","follow":"follow","max-snippet":"max-snippet:-1","max-image-preview":"max-image-preview:large","max-video-preview":"max-video-preview:-1"},"canonical":"https:\/\/booksfrommexico.com\/es\/producto\/francisco-toledo-el-ideograma-del-insecto\/","og_locale":"es_ES","og_type":"article","og_title":"El ideograma del insecto","og_description":"Francisco Toledo. El ideograma del insecto. \/ Jaime Moreno Villarreal M\u00e9xico, D.F.: Consejo Nacional para la Cultura y las Artes, ISBN 9701827848.","og_url":"https:\/\/booksfrommexico.com\/es\/producto\/francisco-toledo-el-ideograma-del-insecto\/","og_site_name":"Books From Mexico","article_modified_time":"2024-10-02T23:06:58+00:00","og_image":[{"width":530,"height":649,"url":"http:\/\/booksfrommexico.com\/app\/uploads\/2023\/05\/108020.jpeg","type":"image\/jpeg"}],"twitter_card":"summary_large_image","twitter_misc":{"Tiempo de lectura":"1 minuto"},"schema":{"@context":"https:\/\/schema.org","@graph":[{"@type":"WebPage","@id":"https:\/\/booksfrommexico.com\/es\/producto\/francisco-toledo-el-ideograma-del-insecto\/","url":"https:\/\/booksfrommexico.com\/es\/producto\/francisco-toledo-el-ideograma-del-insecto\/","name":"El ideograma del insecto","isPartOf":{"@id":"https:\/\/booksfrommexico.com\/#website"},"primaryImageOfPage":{"@id":"https:\/\/booksfrommexico.com\/es\/producto\/francisco-toledo-el-ideograma-del-insecto\/#primaryimage"},"image":{"@id":"https:\/\/booksfrommexico.com\/es\/producto\/francisco-toledo-el-ideograma-del-insecto\/#primaryimage"},"thumbnailUrl":"https:\/\/booksfrommexico.com\/app\/uploads\/2023\/05\/108020.jpeg","datePublished":"2023-05-08T16:12:19+00:00","dateModified":"2024-10-02T23:06:58+00:00","description":"Francisco Toledo. El ideograma del insecto. \/ Jaime Moreno Villarreal M\u00e9xico, D.F.: Consejo Nacional para la Cultura y las Artes, ISBN 9701827848.","breadcrumb":{"@id":"https:\/\/booksfrommexico.com\/es\/producto\/francisco-toledo-el-ideograma-del-insecto\/#breadcrumb"},"inLanguage":"es","potentialAction":[{"@type":"ReadAction","target":["https:\/\/booksfrommexico.com\/es\/producto\/francisco-toledo-el-ideograma-del-insecto\/"]}]},{"@type":"ImageObject","inLanguage":"es","@id":"https:\/\/booksfrommexico.com\/es\/producto\/francisco-toledo-el-ideograma-del-insecto\/#primaryimage","url":"https:\/\/booksfrommexico.com\/app\/uploads\/2023\/05\/108020.jpeg","contentUrl":"https:\/\/booksfrommexico.com\/app\/uploads\/2023\/05\/108020.jpeg","width":530,"height":649,"caption":"Francisco Toledo El ideograma del insecto"},{"@type":"BreadcrumbList","@id":"https:\/\/booksfrommexico.com\/es\/producto\/francisco-toledo-el-ideograma-del-insecto\/#breadcrumb","itemListElement":[{"@type":"ListItem","position":1,"name":"Home","item":"https:\/\/booksfrommexico.com\/es\/"},{"@type":"ListItem","position":2,"name":"Libros","item":"https:\/\/booksfrommexico.com\/es\/libros\/"},{"@type":"ListItem","position":3,"name":"El ideograma del insecto"}]},{"@type":"WebSite","@id":"https:\/\/booksfrommexico.com\/#website","url":"https:\/\/booksfrommexico.com\/","name":"Books From Mexico","description":"","publisher":{"@id":"https:\/\/booksfrommexico.com\/#organization"},"potentialAction":[{"@type":"SearchAction","target":{"@type":"EntryPoint","urlTemplate":"https:\/\/booksfrommexico.com\/?s={search_term_string}"},"query-input":{"@type":"PropertyValueSpecification","valueRequired":true,"valueName":"search_term_string"}}],"inLanguage":"es"},{"@type":"Organization","@id":"https:\/\/booksfrommexico.com\/#organization","name":"Books From Mexico","url":"https:\/\/booksfrommexico.com\/","logo":{"@type":"ImageObject","inLanguage":"es","@id":"https:\/\/booksfrommexico.com\/#\/schema\/logo\/image\/","url":"https:\/\/booksfrommexico.com\/app\/uploads\/2023\/05\/logo-booksfrommexico.svg","contentUrl":"https:\/\/booksfrommexico.com\/app\/uploads\/2023\/05\/logo-booksfrommexico.svg","width":86,"height":56,"caption":"Books From Mexico"},"image":{"@id":"https:\/\/booksfrommexico.com\/#\/schema\/logo\/image\/"}}]}},"_links":{"self":[{"href":"https:\/\/booksfrommexico.com\/es\/wp-json\/wp\/v2\/product\/127","targetHints":{"allow":["GET"]}}],"collection":[{"href":"https:\/\/booksfrommexico.com\/es\/wp-json\/wp\/v2\/product"}],"about":[{"href":"https:\/\/booksfrommexico.com\/es\/wp-json\/wp\/v2\/types\/product"}],"wp:featuredmedia":[{"embeddable":true,"href":"https:\/\/booksfrommexico.com\/es\/wp-json\/wp\/v2\/media\/126"}],"wp:attachment":[{"href":"https:\/\/booksfrommexico.com\/es\/wp-json\/wp\/v2\/media?parent=127"}],"wp:term":[{"taxonomy":"product_brand","embeddable":true,"href":"https:\/\/booksfrommexico.com\/es\/wp-json\/wp\/v2\/product_brand?post=127"},{"taxonomy":"product_cat","embeddable":true,"href":"https:\/\/booksfrommexico.com\/es\/wp-json\/wp\/v2\/product_cat?post=127"},{"taxonomy":"product_tag","embeddable":true,"href":"https:\/\/booksfrommexico.com\/es\/wp-json\/wp\/v2\/product_tag?post=127"}],"curies":[{"name":"wp","href":"https:\/\/api.w.org\/{rel}","templated":true}]}}