{"id":129,"date":"2023-05-08T16:12:24","date_gmt":"2023-05-08T16:12:24","guid":{"rendered":"http:\/\/booksfrommexico.com\/product\/oraciones-ensalmos-y-conjuros-magicos-del-archivo-inquisitorial-de-la-nueva-espana-1600-1630\/"},"modified":"2024-10-02T23:07:19","modified_gmt":"2024-10-02T23:07:19","slug":"oraciones-ensalmos-y-conjuros-magicos-del-archivo-inquisitorial-de-la-nueva-espana-1600-1630","status":"publish","type":"product","link":"https:\/\/booksfrommexico.com\/es\/producto\/oraciones-ensalmos-y-conjuros-magicos-del-archivo-inquisitorial-de-la-nueva-espana-1600-1630\/","title":{"rendered":"Oraciones, ensalmos y conjuros m\u00e1gicos del archivo inquisitorial de la Nueva Espa\u00f1a, 1600-1630"},"content":{"rendered":"<p id=\"tw-target-text\" class=\"tw-data-text tw-text-large tw-ta\" dir=\"ltr\" data-placeholder=\"Traducci\u00f3n\" data-ved=\"2ahUKEwjZnZun_P2CAxW5NEQIHXOGAygQ3ewLegQIBRAQ\"><span style=\"font-weight: 400;\">Esta es una edici\u00f3n anotada y con un estudio preliminar donde se presenta una edici\u00f3n de 78 textos m\u00e1gicos, entre oraciones, ensalmos y conjuros que se recopilaron en los archivos de la Inquisici\u00f3n novohispana de los treinta primeros a\u00f1os del siglo XVII. Estos textos ponen de manifiesto un mundo marginado y clandestino en el que la hechicer\u00eda, adivinaci\u00f3n y superstici\u00f3n no estaban ausentes en la vida cotidiana virreinal, pese a la prohibici\u00f3n del Santo Oficio. Esta edici\u00f3n se hizo desde una perspectiva literaria, consider\u00e1ndola una literatura marginada, tomando en cuenta sus recursos po\u00e9ticos; adem\u00e1s se incluyen datos de tipo antropol\u00f3gico e hist\u00f3rico.<\/span><\/p>\n","protected":false},"excerpt":{"rendered":"<p>ORACIONES, ENSALMOS Y CONJUROS M\u00c1GICOS DEL ARCHIVO INQUISITORIAL DE LA NUEVA ESPA\u00d1A, 1600-1630<span style=\"font-weight: 400;\">. \/ Araceli Campos Moreno. M\u00e9xico, D.F. : El Colegio de M\u00e9xico, 1999. 189 pages : includes references, notes, bibliography ; 22 cm. (Colecci\u00f3n Biblioteca Novohispana). ISBN : 9681209389. <\/span><\/p>\n","protected":false},"featured_media":128,"template":"","meta":{"_acf_changed":false,"inline_featured_image":false},"product_brand":[],"product_cat":[129,27],"product_tag":[3721,3723,3725,3729],"class_list":{"0":"post-129","1":"product","2":"type-product","3":"status-publish","4":"has-post-thumbnail","6":"product_cat-colonial-historia","7":"product_cat-historia","8":"product_tag-inquisicion","9":"product_tag-magia-y-hechiceria","10":"product_tag-nueva-espana","11":"product_tag-religion","13":"first","14":"instock","15":"sale","16":"taxable","17":"shipping-taxable","18":"purchasable","19":"product-type-simple"},"acf":[],"yoast_head":"<!-- This site is optimized with the Yoast SEO plugin v27.3 - https:\/\/yoast.com\/product\/yoast-seo-wordpress\/ -->\n<title>Oraciones, ensalmos y conjuros m\u00e1gicos del archivo inquisitorial...<\/title>\n<meta name=\"description\" content=\"ORACIONES, ENSALMOS Y CONJUROS M\u00c1GICOS DEL ARCHIVO INQUISITORIAL DE LA NUEVA ESPA\u00d1A, 1600-1630. \/ Araceli Campos Moreno. El Colegio de M\u00e9xico, 1999.\" \/>\n<meta name=\"robots\" content=\"index, follow, max-snippet:-1, max-image-preview:large, max-video-preview:-1\" \/>\n<link rel=\"canonical\" href=\"https:\/\/booksfrommexico.com\/es\/producto\/oraciones-ensalmos-y-conjuros-magicos-del-archivo-inquisitorial-de-la-nueva-espana-1600-1630\/\" \/>\n<meta property=\"og:locale\" content=\"es_ES\" \/>\n<meta property=\"og:type\" content=\"article\" \/>\n<meta property=\"og:title\" content=\"Oraciones, ensalmos y conjuros m\u00e1gicos del archivo inquisitorial...\" \/>\n<meta property=\"og:description\" content=\"ORACIONES, ENSALMOS Y CONJUROS M\u00c1GICOS DEL ARCHIVO INQUISITORIAL DE LA NUEVA ESPA\u00d1A, 1600-1630. \/ Araceli Campos Moreno. El Colegio de M\u00e9xico, 1999.\" \/>\n<meta property=\"og:url\" content=\"https:\/\/booksfrommexico.com\/es\/producto\/oraciones-ensalmos-y-conjuros-magicos-del-archivo-inquisitorial-de-la-nueva-espana-1600-1630\/\" \/>\n<meta property=\"og:site_name\" content=\"Books From Mexico\" \/>\n<meta property=\"article:modified_time\" content=\"2024-10-02T23:07:19+00:00\" \/>\n<meta property=\"og:image\" content=\"http:\/\/booksfrommexico.com\/app\/uploads\/2023\/05\/108185-1-e1637866488776.jpeg\" \/>\n\t<meta property=\"og:image:width\" content=\"494\" \/>\n\t<meta property=\"og:image:height\" content=\"762\" \/>\n\t<meta property=\"og:image:type\" content=\"image\/jpeg\" \/>\n<meta name=\"twitter:card\" content=\"summary_large_image\" \/>\n<meta name=\"twitter:label1\" content=\"Tiempo de lectura\" \/>\n\t<meta name=\"twitter:data1\" content=\"1 minuto\" \/>\n<script type=\"application\/ld+json\" class=\"yoast-schema-graph\">{\"@context\":\"https:\\\/\\\/schema.org\",\"@graph\":[{\"@type\":\"WebPage\",\"@id\":\"https:\\\/\\\/booksfrommexico.com\\\/es\\\/producto\\\/oraciones-ensalmos-y-conjuros-magicos-del-archivo-inquisitorial-de-la-nueva-espana-1600-1630\\\/\",\"url\":\"https:\\\/\\\/booksfrommexico.com\\\/es\\\/producto\\\/oraciones-ensalmos-y-conjuros-magicos-del-archivo-inquisitorial-de-la-nueva-espana-1600-1630\\\/\",\"name\":\"Oraciones, ensalmos y conjuros m\u00e1gicos del archivo inquisitorial...\",\"isPartOf\":{\"@id\":\"https:\\\/\\\/booksfrommexico.com\\\/#website\"},\"primaryImageOfPage\":{\"@id\":\"https:\\\/\\\/booksfrommexico.com\\\/es\\\/producto\\\/oraciones-ensalmos-y-conjuros-magicos-del-archivo-inquisitorial-de-la-nueva-espana-1600-1630\\\/#primaryimage\"},\"image\":{\"@id\":\"https:\\\/\\\/booksfrommexico.com\\\/es\\\/producto\\\/oraciones-ensalmos-y-conjuros-magicos-del-archivo-inquisitorial-de-la-nueva-espana-1600-1630\\\/#primaryimage\"},\"thumbnailUrl\":\"https:\\\/\\\/booksfrommexico.com\\\/app\\\/uploads\\\/2023\\\/05\\\/108185-1-e1637866488776.jpeg\",\"datePublished\":\"2023-05-08T16:12:24+00:00\",\"dateModified\":\"2024-10-02T23:07:19+00:00\",\"description\":\"ORACIONES, ENSALMOS Y CONJUROS M\u00c1GICOS DEL ARCHIVO INQUISITORIAL DE LA NUEVA ESPA\u00d1A, 1600-1630. \\\/ Araceli Campos Moreno. El Colegio de M\u00e9xico, 1999.\",\"breadcrumb\":{\"@id\":\"https:\\\/\\\/booksfrommexico.com\\\/es\\\/producto\\\/oraciones-ensalmos-y-conjuros-magicos-del-archivo-inquisitorial-de-la-nueva-espana-1600-1630\\\/#breadcrumb\"},\"inLanguage\":\"es\",\"potentialAction\":[{\"@type\":\"ReadAction\",\"target\":[\"https:\\\/\\\/booksfrommexico.com\\\/es\\\/producto\\\/oraciones-ensalmos-y-conjuros-magicos-del-archivo-inquisitorial-de-la-nueva-espana-1600-1630\\\/\"]}]},{\"@type\":\"ImageObject\",\"inLanguage\":\"es\",\"@id\":\"https:\\\/\\\/booksfrommexico.com\\\/es\\\/producto\\\/oraciones-ensalmos-y-conjuros-magicos-del-archivo-inquisitorial-de-la-nueva-espana-1600-1630\\\/#primaryimage\",\"url\":\"https:\\\/\\\/booksfrommexico.com\\\/app\\\/uploads\\\/2023\\\/05\\\/108185-1-e1637866488776.jpeg\",\"contentUrl\":\"https:\\\/\\\/booksfrommexico.com\\\/app\\\/uploads\\\/2023\\\/05\\\/108185-1-e1637866488776.jpeg\",\"width\":494,\"height\":762,\"caption\":\"Oraciones, ensalmos y conjuros m\u00e1gicos del archivo inquisitorial de la Nueva Espa\u00f1a, 1600-1630\"},{\"@type\":\"BreadcrumbList\",\"@id\":\"https:\\\/\\\/booksfrommexico.com\\\/es\\\/producto\\\/oraciones-ensalmos-y-conjuros-magicos-del-archivo-inquisitorial-de-la-nueva-espana-1600-1630\\\/#breadcrumb\",\"itemListElement\":[{\"@type\":\"ListItem\",\"position\":1,\"name\":\"Home\",\"item\":\"https:\\\/\\\/booksfrommexico.com\\\/es\\\/\"},{\"@type\":\"ListItem\",\"position\":2,\"name\":\"Libros\",\"item\":\"https:\\\/\\\/booksfrommexico.com\\\/es\\\/libros\\\/\"},{\"@type\":\"ListItem\",\"position\":3,\"name\":\"Oraciones, ensalmos y conjuros m\u00e1gicos del archivo inquisitorial de la Nueva Espa\u00f1a, 1600-1630\"}]},{\"@type\":\"WebSite\",\"@id\":\"https:\\\/\\\/booksfrommexico.com\\\/#website\",\"url\":\"https:\\\/\\\/booksfrommexico.com\\\/\",\"name\":\"Books From Mexico\",\"description\":\"\",\"publisher\":{\"@id\":\"https:\\\/\\\/booksfrommexico.com\\\/#organization\"},\"potentialAction\":[{\"@type\":\"SearchAction\",\"target\":{\"@type\":\"EntryPoint\",\"urlTemplate\":\"https:\\\/\\\/booksfrommexico.com\\\/?s={search_term_string}\"},\"query-input\":{\"@type\":\"PropertyValueSpecification\",\"valueRequired\":true,\"valueName\":\"search_term_string\"}}],\"inLanguage\":\"es\"},{\"@type\":\"Organization\",\"@id\":\"https:\\\/\\\/booksfrommexico.com\\\/#organization\",\"name\":\"Books From Mexico\",\"url\":\"https:\\\/\\\/booksfrommexico.com\\\/\",\"logo\":{\"@type\":\"ImageObject\",\"inLanguage\":\"es\",\"@id\":\"https:\\\/\\\/booksfrommexico.com\\\/#\\\/schema\\\/logo\\\/image\\\/\",\"url\":\"https:\\\/\\\/booksfrommexico.com\\\/app\\\/uploads\\\/2023\\\/05\\\/logo-booksfrommexico.svg\",\"contentUrl\":\"https:\\\/\\\/booksfrommexico.com\\\/app\\\/uploads\\\/2023\\\/05\\\/logo-booksfrommexico.svg\",\"width\":86,\"height\":56,\"caption\":\"Books From Mexico\"},\"image\":{\"@id\":\"https:\\\/\\\/booksfrommexico.com\\\/#\\\/schema\\\/logo\\\/image\\\/\"}}]}<\/script>\n<!-- \/ Yoast SEO plugin. -->","yoast_head_json":{"title":"Oraciones, ensalmos y conjuros m\u00e1gicos del archivo inquisitorial...","description":"ORACIONES, ENSALMOS Y CONJUROS M\u00c1GICOS DEL ARCHIVO INQUISITORIAL DE LA NUEVA ESPA\u00d1A, 1600-1630. \/ Araceli Campos Moreno. El Colegio de M\u00e9xico, 1999.","robots":{"index":"index","follow":"follow","max-snippet":"max-snippet:-1","max-image-preview":"max-image-preview:large","max-video-preview":"max-video-preview:-1"},"canonical":"https:\/\/booksfrommexico.com\/es\/producto\/oraciones-ensalmos-y-conjuros-magicos-del-archivo-inquisitorial-de-la-nueva-espana-1600-1630\/","og_locale":"es_ES","og_type":"article","og_title":"Oraciones, ensalmos y conjuros m\u00e1gicos del archivo inquisitorial...","og_description":"ORACIONES, ENSALMOS Y CONJUROS M\u00c1GICOS DEL ARCHIVO INQUISITORIAL DE LA NUEVA ESPA\u00d1A, 1600-1630. \/ Araceli Campos Moreno. El Colegio de M\u00e9xico, 1999.","og_url":"https:\/\/booksfrommexico.com\/es\/producto\/oraciones-ensalmos-y-conjuros-magicos-del-archivo-inquisitorial-de-la-nueva-espana-1600-1630\/","og_site_name":"Books From Mexico","article_modified_time":"2024-10-02T23:07:19+00:00","og_image":[{"width":494,"height":762,"url":"http:\/\/booksfrommexico.com\/app\/uploads\/2023\/05\/108185-1-e1637866488776.jpeg","type":"image\/jpeg"}],"twitter_card":"summary_large_image","twitter_misc":{"Tiempo de lectura":"1 minuto"},"schema":{"@context":"https:\/\/schema.org","@graph":[{"@type":"WebPage","@id":"https:\/\/booksfrommexico.com\/es\/producto\/oraciones-ensalmos-y-conjuros-magicos-del-archivo-inquisitorial-de-la-nueva-espana-1600-1630\/","url":"https:\/\/booksfrommexico.com\/es\/producto\/oraciones-ensalmos-y-conjuros-magicos-del-archivo-inquisitorial-de-la-nueva-espana-1600-1630\/","name":"Oraciones, ensalmos y conjuros m\u00e1gicos del archivo inquisitorial...","isPartOf":{"@id":"https:\/\/booksfrommexico.com\/#website"},"primaryImageOfPage":{"@id":"https:\/\/booksfrommexico.com\/es\/producto\/oraciones-ensalmos-y-conjuros-magicos-del-archivo-inquisitorial-de-la-nueva-espana-1600-1630\/#primaryimage"},"image":{"@id":"https:\/\/booksfrommexico.com\/es\/producto\/oraciones-ensalmos-y-conjuros-magicos-del-archivo-inquisitorial-de-la-nueva-espana-1600-1630\/#primaryimage"},"thumbnailUrl":"https:\/\/booksfrommexico.com\/app\/uploads\/2023\/05\/108185-1-e1637866488776.jpeg","datePublished":"2023-05-08T16:12:24+00:00","dateModified":"2024-10-02T23:07:19+00:00","description":"ORACIONES, ENSALMOS Y CONJUROS M\u00c1GICOS DEL ARCHIVO INQUISITORIAL DE LA NUEVA ESPA\u00d1A, 1600-1630. \/ Araceli Campos Moreno. El Colegio de M\u00e9xico, 1999.","breadcrumb":{"@id":"https:\/\/booksfrommexico.com\/es\/producto\/oraciones-ensalmos-y-conjuros-magicos-del-archivo-inquisitorial-de-la-nueva-espana-1600-1630\/#breadcrumb"},"inLanguage":"es","potentialAction":[{"@type":"ReadAction","target":["https:\/\/booksfrommexico.com\/es\/producto\/oraciones-ensalmos-y-conjuros-magicos-del-archivo-inquisitorial-de-la-nueva-espana-1600-1630\/"]}]},{"@type":"ImageObject","inLanguage":"es","@id":"https:\/\/booksfrommexico.com\/es\/producto\/oraciones-ensalmos-y-conjuros-magicos-del-archivo-inquisitorial-de-la-nueva-espana-1600-1630\/#primaryimage","url":"https:\/\/booksfrommexico.com\/app\/uploads\/2023\/05\/108185-1-e1637866488776.jpeg","contentUrl":"https:\/\/booksfrommexico.com\/app\/uploads\/2023\/05\/108185-1-e1637866488776.jpeg","width":494,"height":762,"caption":"Oraciones, ensalmos y conjuros m\u00e1gicos del archivo inquisitorial de la Nueva Espa\u00f1a, 1600-1630"},{"@type":"BreadcrumbList","@id":"https:\/\/booksfrommexico.com\/es\/producto\/oraciones-ensalmos-y-conjuros-magicos-del-archivo-inquisitorial-de-la-nueva-espana-1600-1630\/#breadcrumb","itemListElement":[{"@type":"ListItem","position":1,"name":"Home","item":"https:\/\/booksfrommexico.com\/es\/"},{"@type":"ListItem","position":2,"name":"Libros","item":"https:\/\/booksfrommexico.com\/es\/libros\/"},{"@type":"ListItem","position":3,"name":"Oraciones, ensalmos y conjuros m\u00e1gicos del archivo inquisitorial de la Nueva Espa\u00f1a, 1600-1630"}]},{"@type":"WebSite","@id":"https:\/\/booksfrommexico.com\/#website","url":"https:\/\/booksfrommexico.com\/","name":"Books From Mexico","description":"","publisher":{"@id":"https:\/\/booksfrommexico.com\/#organization"},"potentialAction":[{"@type":"SearchAction","target":{"@type":"EntryPoint","urlTemplate":"https:\/\/booksfrommexico.com\/?s={search_term_string}"},"query-input":{"@type":"PropertyValueSpecification","valueRequired":true,"valueName":"search_term_string"}}],"inLanguage":"es"},{"@type":"Organization","@id":"https:\/\/booksfrommexico.com\/#organization","name":"Books From Mexico","url":"https:\/\/booksfrommexico.com\/","logo":{"@type":"ImageObject","inLanguage":"es","@id":"https:\/\/booksfrommexico.com\/#\/schema\/logo\/image\/","url":"https:\/\/booksfrommexico.com\/app\/uploads\/2023\/05\/logo-booksfrommexico.svg","contentUrl":"https:\/\/booksfrommexico.com\/app\/uploads\/2023\/05\/logo-booksfrommexico.svg","width":86,"height":56,"caption":"Books From Mexico"},"image":{"@id":"https:\/\/booksfrommexico.com\/#\/schema\/logo\/image\/"}}]}},"_links":{"self":[{"href":"https:\/\/booksfrommexico.com\/es\/wp-json\/wp\/v2\/product\/129","targetHints":{"allow":["GET"]}}],"collection":[{"href":"https:\/\/booksfrommexico.com\/es\/wp-json\/wp\/v2\/product"}],"about":[{"href":"https:\/\/booksfrommexico.com\/es\/wp-json\/wp\/v2\/types\/product"}],"wp:featuredmedia":[{"embeddable":true,"href":"https:\/\/booksfrommexico.com\/es\/wp-json\/wp\/v2\/media\/128"}],"wp:attachment":[{"href":"https:\/\/booksfrommexico.com\/es\/wp-json\/wp\/v2\/media?parent=129"}],"wp:term":[{"taxonomy":"product_brand","embeddable":true,"href":"https:\/\/booksfrommexico.com\/es\/wp-json\/wp\/v2\/product_brand?post=129"},{"taxonomy":"product_cat","embeddable":true,"href":"https:\/\/booksfrommexico.com\/es\/wp-json\/wp\/v2\/product_cat?post=129"},{"taxonomy":"product_tag","embeddable":true,"href":"https:\/\/booksfrommexico.com\/es\/wp-json\/wp\/v2\/product_tag?post=129"}],"curies":[{"name":"wp","href":"https:\/\/api.w.org\/{rel}","templated":true}]}}