{"id":131,"date":"2023-05-08T16:12:45","date_gmt":"2023-05-08T16:12:45","guid":{"rendered":"http:\/\/booksfrommexico.com\/product\/dioses-mitos-y-ritos-del-mexico-antiguo\/"},"modified":"2024-11-12T19:51:43","modified_gmt":"2024-11-12T19:51:43","slug":"dioses-mitos-y-ritos-del-mexico-antiguo","status":"publish","type":"product","link":"https:\/\/booksfrommexico.com\/es\/producto\/dioses-mitos-y-ritos-del-mexico-antiguo\/","title":{"rendered":"Dioses, mitos y ritos del M\u00e9xico Antiguo"},"content":{"rendered":"<p><span style=\"font-weight: 400;\">Esta investigaci\u00f3n est\u00e1 lograda por la autora gracias a una recopilaci\u00f3n de documentos recabados de muy distintas partes, que en suma componen un mosaico de culturas que denotan la gran riqueza de los mitos prehisp\u00e1nicos. Entre estos documentos hay obras compuestas por ind\u00edgenas y espa\u00f1oles durante el siglo XVI, siendo un conjunto de fuentes escritas con caracteres latinos cuyos contenidos son la base de lo que la autora hoy presenta aqu\u00ed. Las historias de los dioses y mitos de Mesoam\u00e9rica han sido en muchas ocasiones ignorados o dejados de lado, sin embargo su riqueza y trascendencia es un patrimonio cultural que debe ser rescatado y conocido para enriquecer la concepci\u00f3n de nuestra histor<\/span><\/p>\n","protected":false},"excerpt":{"rendered":"<p>DIOSES, MITOS Y RITOS DEL M\u00c9XICO ANTIGUO<span style=\"font-weight: 400;\">. \/ Silvia Trejo. M\u00e9xico, D.F. : Secretar\u00eda de Relaciones Exteriores ; Instituto Mexicano de Cooperaci\u00f3n Internacional ; Miguel Angel Porr\u00faa, 2000. 246 pages : includes color illustrations, bibliography ; 25 cm. ISBN : 9688429546. <\/span><\/p>\n","protected":false},"featured_media":130,"template":"","meta":{"_acf_changed":false,"inline_featured_image":false},"product_brand":[],"product_cat":[19,3219],"product_tag":[4262,3727,4398,4223,3587,3729],"class_list":{"0":"post-131","1":"product","2":"type-product","3":"status-publish","4":"has-post-thumbnail","6":"product_cat-antropologia","7":"product_cat-prehispanica","8":"product_tag-cultura-prehispanica","9":"product_tag-dioses-aztecas","10":"product_tag-historia-mexico","11":"product_tag-mitos-y-leyendas","12":"product_tag-prehispanico","13":"product_tag-religion","15":"first","16":"outofstock","17":"sale","18":"taxable","19":"shipping-taxable","20":"purchasable","21":"product-type-simple"},"acf":[],"yoast_head":"<!-- This site is optimized with the Yoast SEO plugin v27.3 - https:\/\/yoast.com\/product\/yoast-seo-wordpress\/ -->\n<title>Dioses, mitos y ritos del M\u00e9xico Antiguo<\/title>\n<meta name=\"description\" content=\"DIOSES, MITOS Y RITOS DEL M\u00c9XICO ANTIGUO. \/ Silvia Trejo. M\u00e9xico, D.F. : SRE ; Instituto Mexicano de Cooperaci\u00f3n Internacional ; Miguel Angel Porr\u00faa, 2000.\" \/>\n<meta name=\"robots\" content=\"index, follow, max-snippet:-1, max-image-preview:large, max-video-preview:-1\" \/>\n<link rel=\"canonical\" href=\"https:\/\/booksfrommexico.com\/es\/producto\/dioses-mitos-y-ritos-del-mexico-antiguo\/\" \/>\n<meta property=\"og:locale\" content=\"es_ES\" \/>\n<meta property=\"og:type\" content=\"article\" \/>\n<meta property=\"og:title\" content=\"Dioses, mitos y ritos del M\u00e9xico Antiguo\" \/>\n<meta property=\"og:description\" content=\"DIOSES, MITOS Y RITOS DEL M\u00c9XICO ANTIGUO. \/ Silvia Trejo. M\u00e9xico, D.F. : SRE ; Instituto Mexicano de Cooperaci\u00f3n Internacional ; Miguel Angel Porr\u00faa, 2000.\" \/>\n<meta property=\"og:url\" content=\"https:\/\/booksfrommexico.com\/es\/producto\/dioses-mitos-y-ritos-del-mexico-antiguo\/\" \/>\n<meta property=\"og:site_name\" content=\"Books From Mexico\" \/>\n<meta property=\"article:modified_time\" content=\"2024-11-12T19:51:43+00:00\" \/>\n<meta property=\"og:image\" content=\"http:\/\/booksfrommexico.com\/app\/uploads\/2023\/05\/108336.jpeg\" \/>\n\t<meta property=\"og:image:width\" content=\"496\" \/>\n\t<meta property=\"og:image:height\" content=\"683\" \/>\n\t<meta property=\"og:image:type\" content=\"image\/jpeg\" \/>\n<meta name=\"twitter:card\" content=\"summary_large_image\" \/>\n<meta name=\"twitter:label1\" content=\"Tiempo de lectura\" \/>\n\t<meta name=\"twitter:data1\" content=\"1 minuto\" \/>\n<script type=\"application\/ld+json\" class=\"yoast-schema-graph\">{\"@context\":\"https:\\\/\\\/schema.org\",\"@graph\":[{\"@type\":\"WebPage\",\"@id\":\"https:\\\/\\\/booksfrommexico.com\\\/es\\\/producto\\\/dioses-mitos-y-ritos-del-mexico-antiguo\\\/\",\"url\":\"https:\\\/\\\/booksfrommexico.com\\\/es\\\/producto\\\/dioses-mitos-y-ritos-del-mexico-antiguo\\\/\",\"name\":\"Dioses, mitos y ritos del M\u00e9xico Antiguo\",\"isPartOf\":{\"@id\":\"https:\\\/\\\/booksfrommexico.com\\\/#website\"},\"primaryImageOfPage\":{\"@id\":\"https:\\\/\\\/booksfrommexico.com\\\/es\\\/producto\\\/dioses-mitos-y-ritos-del-mexico-antiguo\\\/#primaryimage\"},\"image\":{\"@id\":\"https:\\\/\\\/booksfrommexico.com\\\/es\\\/producto\\\/dioses-mitos-y-ritos-del-mexico-antiguo\\\/#primaryimage\"},\"thumbnailUrl\":\"https:\\\/\\\/booksfrommexico.com\\\/app\\\/uploads\\\/2023\\\/05\\\/108336.jpeg\",\"datePublished\":\"2023-05-08T16:12:45+00:00\",\"dateModified\":\"2024-11-12T19:51:43+00:00\",\"description\":\"DIOSES, MITOS Y RITOS DEL M\u00c9XICO ANTIGUO. \\\/ Silvia Trejo. M\u00e9xico, D.F. : SRE ; Instituto Mexicano de Cooperaci\u00f3n Internacional ; Miguel Angel Porr\u00faa, 2000.\",\"breadcrumb\":{\"@id\":\"https:\\\/\\\/booksfrommexico.com\\\/es\\\/producto\\\/dioses-mitos-y-ritos-del-mexico-antiguo\\\/#breadcrumb\"},\"inLanguage\":\"es\",\"potentialAction\":[{\"@type\":\"ReadAction\",\"target\":[\"https:\\\/\\\/booksfrommexico.com\\\/es\\\/producto\\\/dioses-mitos-y-ritos-del-mexico-antiguo\\\/\"]}]},{\"@type\":\"ImageObject\",\"inLanguage\":\"es\",\"@id\":\"https:\\\/\\\/booksfrommexico.com\\\/es\\\/producto\\\/dioses-mitos-y-ritos-del-mexico-antiguo\\\/#primaryimage\",\"url\":\"https:\\\/\\\/booksfrommexico.com\\\/app\\\/uploads\\\/2023\\\/05\\\/108336.jpeg\",\"contentUrl\":\"https:\\\/\\\/booksfrommexico.com\\\/app\\\/uploads\\\/2023\\\/05\\\/108336.jpeg\",\"width\":496,\"height\":683,\"caption\":\"Dioses, mitos y ritos del M\u00e9xico Antiguo\"},{\"@type\":\"BreadcrumbList\",\"@id\":\"https:\\\/\\\/booksfrommexico.com\\\/es\\\/producto\\\/dioses-mitos-y-ritos-del-mexico-antiguo\\\/#breadcrumb\",\"itemListElement\":[{\"@type\":\"ListItem\",\"position\":1,\"name\":\"Home\",\"item\":\"https:\\\/\\\/booksfrommexico.com\\\/es\\\/\"},{\"@type\":\"ListItem\",\"position\":2,\"name\":\"Libros\",\"item\":\"https:\\\/\\\/booksfrommexico.com\\\/es\\\/libros\\\/\"},{\"@type\":\"ListItem\",\"position\":3,\"name\":\"Dioses, mitos y ritos del M\u00e9xico Antiguo\"}]},{\"@type\":\"WebSite\",\"@id\":\"https:\\\/\\\/booksfrommexico.com\\\/#website\",\"url\":\"https:\\\/\\\/booksfrommexico.com\\\/\",\"name\":\"Books From Mexico\",\"description\":\"\",\"publisher\":{\"@id\":\"https:\\\/\\\/booksfrommexico.com\\\/#organization\"},\"potentialAction\":[{\"@type\":\"SearchAction\",\"target\":{\"@type\":\"EntryPoint\",\"urlTemplate\":\"https:\\\/\\\/booksfrommexico.com\\\/?s={search_term_string}\"},\"query-input\":{\"@type\":\"PropertyValueSpecification\",\"valueRequired\":true,\"valueName\":\"search_term_string\"}}],\"inLanguage\":\"es\"},{\"@type\":\"Organization\",\"@id\":\"https:\\\/\\\/booksfrommexico.com\\\/#organization\",\"name\":\"Books From Mexico\",\"url\":\"https:\\\/\\\/booksfrommexico.com\\\/\",\"logo\":{\"@type\":\"ImageObject\",\"inLanguage\":\"es\",\"@id\":\"https:\\\/\\\/booksfrommexico.com\\\/#\\\/schema\\\/logo\\\/image\\\/\",\"url\":\"https:\\\/\\\/booksfrommexico.com\\\/app\\\/uploads\\\/2023\\\/05\\\/logo-booksfrommexico.svg\",\"contentUrl\":\"https:\\\/\\\/booksfrommexico.com\\\/app\\\/uploads\\\/2023\\\/05\\\/logo-booksfrommexico.svg\",\"width\":86,\"height\":56,\"caption\":\"Books From Mexico\"},\"image\":{\"@id\":\"https:\\\/\\\/booksfrommexico.com\\\/#\\\/schema\\\/logo\\\/image\\\/\"}}]}<\/script>\n<!-- \/ Yoast SEO plugin. -->","yoast_head_json":{"title":"Dioses, mitos y ritos del M\u00e9xico Antiguo","description":"DIOSES, MITOS Y RITOS DEL M\u00c9XICO ANTIGUO. \/ Silvia Trejo. M\u00e9xico, D.F. : SRE ; Instituto Mexicano de Cooperaci\u00f3n Internacional ; Miguel Angel Porr\u00faa, 2000.","robots":{"index":"index","follow":"follow","max-snippet":"max-snippet:-1","max-image-preview":"max-image-preview:large","max-video-preview":"max-video-preview:-1"},"canonical":"https:\/\/booksfrommexico.com\/es\/producto\/dioses-mitos-y-ritos-del-mexico-antiguo\/","og_locale":"es_ES","og_type":"article","og_title":"Dioses, mitos y ritos del M\u00e9xico Antiguo","og_description":"DIOSES, MITOS Y RITOS DEL M\u00c9XICO ANTIGUO. \/ Silvia Trejo. M\u00e9xico, D.F. : SRE ; Instituto Mexicano de Cooperaci\u00f3n Internacional ; Miguel Angel Porr\u00faa, 2000.","og_url":"https:\/\/booksfrommexico.com\/es\/producto\/dioses-mitos-y-ritos-del-mexico-antiguo\/","og_site_name":"Books From Mexico","article_modified_time":"2024-11-12T19:51:43+00:00","og_image":[{"width":496,"height":683,"url":"http:\/\/booksfrommexico.com\/app\/uploads\/2023\/05\/108336.jpeg","type":"image\/jpeg"}],"twitter_card":"summary_large_image","twitter_misc":{"Tiempo de lectura":"1 minuto"},"schema":{"@context":"https:\/\/schema.org","@graph":[{"@type":"WebPage","@id":"https:\/\/booksfrommexico.com\/es\/producto\/dioses-mitos-y-ritos-del-mexico-antiguo\/","url":"https:\/\/booksfrommexico.com\/es\/producto\/dioses-mitos-y-ritos-del-mexico-antiguo\/","name":"Dioses, mitos y ritos del M\u00e9xico Antiguo","isPartOf":{"@id":"https:\/\/booksfrommexico.com\/#website"},"primaryImageOfPage":{"@id":"https:\/\/booksfrommexico.com\/es\/producto\/dioses-mitos-y-ritos-del-mexico-antiguo\/#primaryimage"},"image":{"@id":"https:\/\/booksfrommexico.com\/es\/producto\/dioses-mitos-y-ritos-del-mexico-antiguo\/#primaryimage"},"thumbnailUrl":"https:\/\/booksfrommexico.com\/app\/uploads\/2023\/05\/108336.jpeg","datePublished":"2023-05-08T16:12:45+00:00","dateModified":"2024-11-12T19:51:43+00:00","description":"DIOSES, MITOS Y RITOS DEL M\u00c9XICO ANTIGUO. \/ Silvia Trejo. M\u00e9xico, D.F. : SRE ; Instituto Mexicano de Cooperaci\u00f3n Internacional ; Miguel Angel Porr\u00faa, 2000.","breadcrumb":{"@id":"https:\/\/booksfrommexico.com\/es\/producto\/dioses-mitos-y-ritos-del-mexico-antiguo\/#breadcrumb"},"inLanguage":"es","potentialAction":[{"@type":"ReadAction","target":["https:\/\/booksfrommexico.com\/es\/producto\/dioses-mitos-y-ritos-del-mexico-antiguo\/"]}]},{"@type":"ImageObject","inLanguage":"es","@id":"https:\/\/booksfrommexico.com\/es\/producto\/dioses-mitos-y-ritos-del-mexico-antiguo\/#primaryimage","url":"https:\/\/booksfrommexico.com\/app\/uploads\/2023\/05\/108336.jpeg","contentUrl":"https:\/\/booksfrommexico.com\/app\/uploads\/2023\/05\/108336.jpeg","width":496,"height":683,"caption":"Dioses, mitos y ritos del M\u00e9xico Antiguo"},{"@type":"BreadcrumbList","@id":"https:\/\/booksfrommexico.com\/es\/producto\/dioses-mitos-y-ritos-del-mexico-antiguo\/#breadcrumb","itemListElement":[{"@type":"ListItem","position":1,"name":"Home","item":"https:\/\/booksfrommexico.com\/es\/"},{"@type":"ListItem","position":2,"name":"Libros","item":"https:\/\/booksfrommexico.com\/es\/libros\/"},{"@type":"ListItem","position":3,"name":"Dioses, mitos y ritos del M\u00e9xico Antiguo"}]},{"@type":"WebSite","@id":"https:\/\/booksfrommexico.com\/#website","url":"https:\/\/booksfrommexico.com\/","name":"Books From Mexico","description":"","publisher":{"@id":"https:\/\/booksfrommexico.com\/#organization"},"potentialAction":[{"@type":"SearchAction","target":{"@type":"EntryPoint","urlTemplate":"https:\/\/booksfrommexico.com\/?s={search_term_string}"},"query-input":{"@type":"PropertyValueSpecification","valueRequired":true,"valueName":"search_term_string"}}],"inLanguage":"es"},{"@type":"Organization","@id":"https:\/\/booksfrommexico.com\/#organization","name":"Books From Mexico","url":"https:\/\/booksfrommexico.com\/","logo":{"@type":"ImageObject","inLanguage":"es","@id":"https:\/\/booksfrommexico.com\/#\/schema\/logo\/image\/","url":"https:\/\/booksfrommexico.com\/app\/uploads\/2023\/05\/logo-booksfrommexico.svg","contentUrl":"https:\/\/booksfrommexico.com\/app\/uploads\/2023\/05\/logo-booksfrommexico.svg","width":86,"height":56,"caption":"Books From Mexico"},"image":{"@id":"https:\/\/booksfrommexico.com\/#\/schema\/logo\/image\/"}}]}},"_links":{"self":[{"href":"https:\/\/booksfrommexico.com\/es\/wp-json\/wp\/v2\/product\/131","targetHints":{"allow":["GET"]}}],"collection":[{"href":"https:\/\/booksfrommexico.com\/es\/wp-json\/wp\/v2\/product"}],"about":[{"href":"https:\/\/booksfrommexico.com\/es\/wp-json\/wp\/v2\/types\/product"}],"wp:featuredmedia":[{"embeddable":true,"href":"https:\/\/booksfrommexico.com\/es\/wp-json\/wp\/v2\/media\/130"}],"wp:attachment":[{"href":"https:\/\/booksfrommexico.com\/es\/wp-json\/wp\/v2\/media?parent=131"}],"wp:term":[{"taxonomy":"product_brand","embeddable":true,"href":"https:\/\/booksfrommexico.com\/es\/wp-json\/wp\/v2\/product_brand?post=131"},{"taxonomy":"product_cat","embeddable":true,"href":"https:\/\/booksfrommexico.com\/es\/wp-json\/wp\/v2\/product_cat?post=131"},{"taxonomy":"product_tag","embeddable":true,"href":"https:\/\/booksfrommexico.com\/es\/wp-json\/wp\/v2\/product_tag?post=131"}],"curies":[{"name":"wp","href":"https:\/\/api.w.org\/{rel}","templated":true}]}}