{"id":133,"date":"2023-05-08T16:12:47","date_gmt":"2023-05-08T16:12:47","guid":{"rendered":"http:\/\/booksfrommexico.com\/product\/la-experiencia-migrante-iconografia-de-la-migracion-mexico-estados-unidos\/"},"modified":"2024-10-02T23:07:54","modified_gmt":"2024-10-02T23:07:54","slug":"la-experiencia-migrante-iconografia-de-la-migracion-mexico-estados-unidos","status":"publish","type":"product","link":"https:\/\/booksfrommexico.com\/es\/producto\/la-experiencia-migrante-iconografia-de-la-migracion-mexico-estados-unidos\/","title":{"rendered":"La experiencia migrante: Iconograf\u00eda de la migraci\u00f3n M\u00e9xico-Estados Unidos"},"content":{"rendered":"<p><span style=\"font-weight: 400;\">En las \u00faltimas d\u00e9cadas del siglo pasado ocurrieron una serie de sucesos que provocaron que los mexicanos salieran del pa\u00eds para migrar hacia Estados Unidos, registr\u00e1ndose casi medio mill\u00f3n de entradas de mexicanos al pa\u00eds vecino del norte; sin embargo esta cifra no se corresponde con el n\u00famero de migrantes porque la gente se desplaz\u00f3 cada vez con mayor familiaridad entre ambos lados de la frontera. En este t\u00edtulo se ha tratado de rastrear la huella que han dejado y de \u00e9se modo reconstruir el itinerarios de la presencia mexicana en EUA, a trav\u00e9s de fotograf\u00edas que funcionan a modo de testimonios gr\u00e1ficos que la misma migraci\u00f3n fue creando y recreando.<\/span><\/p>\n","protected":false},"excerpt":{"rendered":"<p>LA EXPERIENCIA MIGRANTE : ICONOGRAF\u00cdA DE LA MIGRACI\u00d3N, M\u00c9XICO-ESTADOS UNIDOS<span style=\"font-weight: 400;\">. \/ Jorge Durand, Patricia Arias. Jalisco M\u00e9xico : Instituto Tecnol\u00f3gico de Estudios Superiores de Occidente ; Universidad de Guadalajara ; Tepic, Nayarit, M\u00e9xico : Universidad Aut\u00f3noma de Nayarit ; Aguascalientes, M\u00e9xico :\u00a0 Universidad Aut\u00f3noma de Aguascalientes ; Zacatecas, M\u00e9xico : Universidad Aut\u00f3noma de Zacatecas ; Colima, M\u00e9xico : Universidad de Colima ; Guanajuato, M\u00e9xico : Universidad de Guanajuato, 2000. 202 pages : includes maps, photos, bibliography ; 22 cm. ISBN : 9688958832.<\/span><\/p>\n","protected":false},"featured_media":132,"template":"","meta":{"_acf_changed":false,"inline_featured_image":false},"product_brand":[],"product_cat":[42],"product_tag":[3657,3685,4401,3594,3687],"class_list":{"0":"post-133","1":"product","2":"type-product","3":"status-publish","4":"has-post-thumbnail","6":"product_cat-temas-de-inmigracion-y-migraciones-humanas","7":"product_tag-historia","8":"product_tag-inmigracion","9":"product_tag-inmigrantes-es","10":"product_tag-mexico","11":"product_tag-norte-america","13":"first","14":"instock","15":"sale","16":"taxable","17":"shipping-taxable","18":"purchasable","19":"product-type-simple"},"acf":[],"yoast_head":"<!-- This site is optimized with the Yoast SEO plugin v27.3 - https:\/\/yoast.com\/product\/yoast-seo-wordpress\/ -->\n<title>La experiencia migrante: Iconograf\u00eda de la migraci\u00f3n M\u00e9xico-EUA<\/title>\n<meta name=\"description\" content=\"LA EXPERIENCIA MIGLA EXPERIENCIA MIGRANTE : ICONOGRAF\u00cdA DE LA MIGRACI\u00d3N, M\u00c9XICO-ESTADOS UNIDOS. \/ Jorge Durand, Patricia Arias. 2000. ISBN : 9688958832.\" \/>\n<meta name=\"robots\" content=\"index, follow, max-snippet:-1, max-image-preview:large, max-video-preview:-1\" \/>\n<link rel=\"canonical\" href=\"https:\/\/booksfrommexico.com\/es\/producto\/la-experiencia-migrante-iconografia-de-la-migracion-mexico-estados-unidos\/\" \/>\n<meta property=\"og:locale\" content=\"es_ES\" \/>\n<meta property=\"og:type\" content=\"article\" \/>\n<meta property=\"og:title\" content=\"La experiencia migrante: Iconograf\u00eda de la migraci\u00f3n M\u00e9xico-EUA\" \/>\n<meta property=\"og:description\" content=\"LA EXPERIENCIA MIGLA EXPERIENCIA MIGRANTE : ICONOGRAF\u00cdA DE LA MIGRACI\u00d3N, M\u00c9XICO-ESTADOS UNIDOS. \/ Jorge Durand, Patricia Arias. 2000. ISBN : 9688958832.\" \/>\n<meta property=\"og:url\" content=\"https:\/\/booksfrommexico.com\/es\/producto\/la-experiencia-migrante-iconografia-de-la-migracion-mexico-estados-unidos\/\" \/>\n<meta property=\"og:site_name\" content=\"Books From Mexico\" \/>\n<meta property=\"article:modified_time\" content=\"2024-10-02T23:07:54+00:00\" \/>\n<meta property=\"og:image\" content=\"http:\/\/booksfrommexico.com\/app\/uploads\/2023\/05\/108784-e1637869474216.jpeg\" \/>\n\t<meta property=\"og:image:width\" content=\"655\" \/>\n\t<meta property=\"og:image:height\" content=\"795\" \/>\n\t<meta property=\"og:image:type\" content=\"image\/jpeg\" \/>\n<meta name=\"twitter:card\" content=\"summary_large_image\" \/>\n<meta name=\"twitter:label1\" content=\"Tiempo de lectura\" \/>\n\t<meta name=\"twitter:data1\" content=\"1 minuto\" \/>\n<script type=\"application\/ld+json\" class=\"yoast-schema-graph\">{\"@context\":\"https:\\\/\\\/schema.org\",\"@graph\":[{\"@type\":\"WebPage\",\"@id\":\"https:\\\/\\\/booksfrommexico.com\\\/es\\\/producto\\\/la-experiencia-migrante-iconografia-de-la-migracion-mexico-estados-unidos\\\/\",\"url\":\"https:\\\/\\\/booksfrommexico.com\\\/es\\\/producto\\\/la-experiencia-migrante-iconografia-de-la-migracion-mexico-estados-unidos\\\/\",\"name\":\"La experiencia migrante: Iconograf\u00eda de la migraci\u00f3n M\u00e9xico-EUA\",\"isPartOf\":{\"@id\":\"https:\\\/\\\/booksfrommexico.com\\\/#website\"},\"primaryImageOfPage\":{\"@id\":\"https:\\\/\\\/booksfrommexico.com\\\/es\\\/producto\\\/la-experiencia-migrante-iconografia-de-la-migracion-mexico-estados-unidos\\\/#primaryimage\"},\"image\":{\"@id\":\"https:\\\/\\\/booksfrommexico.com\\\/es\\\/producto\\\/la-experiencia-migrante-iconografia-de-la-migracion-mexico-estados-unidos\\\/#primaryimage\"},\"thumbnailUrl\":\"https:\\\/\\\/booksfrommexico.com\\\/app\\\/uploads\\\/2023\\\/05\\\/108784-e1637869474216.jpeg\",\"datePublished\":\"2023-05-08T16:12:47+00:00\",\"dateModified\":\"2024-10-02T23:07:54+00:00\",\"description\":\"LA EXPERIENCIA MIGLA EXPERIENCIA MIGRANTE : ICONOGRAF\u00cdA DE LA MIGRACI\u00d3N, M\u00c9XICO-ESTADOS UNIDOS. \\\/ Jorge Durand, Patricia Arias. 2000. ISBN : 9688958832.\",\"breadcrumb\":{\"@id\":\"https:\\\/\\\/booksfrommexico.com\\\/es\\\/producto\\\/la-experiencia-migrante-iconografia-de-la-migracion-mexico-estados-unidos\\\/#breadcrumb\"},\"inLanguage\":\"es\",\"potentialAction\":[{\"@type\":\"ReadAction\",\"target\":[\"https:\\\/\\\/booksfrommexico.com\\\/es\\\/producto\\\/la-experiencia-migrante-iconografia-de-la-migracion-mexico-estados-unidos\\\/\"]}]},{\"@type\":\"ImageObject\",\"inLanguage\":\"es\",\"@id\":\"https:\\\/\\\/booksfrommexico.com\\\/es\\\/producto\\\/la-experiencia-migrante-iconografia-de-la-migracion-mexico-estados-unidos\\\/#primaryimage\",\"url\":\"https:\\\/\\\/booksfrommexico.com\\\/app\\\/uploads\\\/2023\\\/05\\\/108784-e1637869474216.jpeg\",\"contentUrl\":\"https:\\\/\\\/booksfrommexico.com\\\/app\\\/uploads\\\/2023\\\/05\\\/108784-e1637869474216.jpeg\",\"width\":655,\"height\":795,\"caption\":\"La Experiencia migrante Iconograf\u00eda de la migraci\u00f3n, M\u00e9xico-Estados Unidos\"},{\"@type\":\"BreadcrumbList\",\"@id\":\"https:\\\/\\\/booksfrommexico.com\\\/es\\\/producto\\\/la-experiencia-migrante-iconografia-de-la-migracion-mexico-estados-unidos\\\/#breadcrumb\",\"itemListElement\":[{\"@type\":\"ListItem\",\"position\":1,\"name\":\"Home\",\"item\":\"https:\\\/\\\/booksfrommexico.com\\\/es\\\/\"},{\"@type\":\"ListItem\",\"position\":2,\"name\":\"Libros\",\"item\":\"https:\\\/\\\/booksfrommexico.com\\\/es\\\/libros\\\/\"},{\"@type\":\"ListItem\",\"position\":3,\"name\":\"La experiencia migrante: Iconograf\u00eda de la migraci\u00f3n M\u00e9xico-Estados Unidos\"}]},{\"@type\":\"WebSite\",\"@id\":\"https:\\\/\\\/booksfrommexico.com\\\/#website\",\"url\":\"https:\\\/\\\/booksfrommexico.com\\\/\",\"name\":\"Books From Mexico\",\"description\":\"\",\"publisher\":{\"@id\":\"https:\\\/\\\/booksfrommexico.com\\\/#organization\"},\"potentialAction\":[{\"@type\":\"SearchAction\",\"target\":{\"@type\":\"EntryPoint\",\"urlTemplate\":\"https:\\\/\\\/booksfrommexico.com\\\/?s={search_term_string}\"},\"query-input\":{\"@type\":\"PropertyValueSpecification\",\"valueRequired\":true,\"valueName\":\"search_term_string\"}}],\"inLanguage\":\"es\"},{\"@type\":\"Organization\",\"@id\":\"https:\\\/\\\/booksfrommexico.com\\\/#organization\",\"name\":\"Books From Mexico\",\"url\":\"https:\\\/\\\/booksfrommexico.com\\\/\",\"logo\":{\"@type\":\"ImageObject\",\"inLanguage\":\"es\",\"@id\":\"https:\\\/\\\/booksfrommexico.com\\\/#\\\/schema\\\/logo\\\/image\\\/\",\"url\":\"https:\\\/\\\/booksfrommexico.com\\\/app\\\/uploads\\\/2023\\\/05\\\/logo-booksfrommexico.svg\",\"contentUrl\":\"https:\\\/\\\/booksfrommexico.com\\\/app\\\/uploads\\\/2023\\\/05\\\/logo-booksfrommexico.svg\",\"width\":86,\"height\":56,\"caption\":\"Books From Mexico\"},\"image\":{\"@id\":\"https:\\\/\\\/booksfrommexico.com\\\/#\\\/schema\\\/logo\\\/image\\\/\"}}]}<\/script>\n<!-- \/ Yoast SEO plugin. -->","yoast_head_json":{"title":"La experiencia migrante: Iconograf\u00eda de la migraci\u00f3n M\u00e9xico-EUA","description":"LA EXPERIENCIA MIGLA EXPERIENCIA MIGRANTE : ICONOGRAF\u00cdA DE LA MIGRACI\u00d3N, M\u00c9XICO-ESTADOS UNIDOS. \/ Jorge Durand, Patricia Arias. 2000. ISBN : 9688958832.","robots":{"index":"index","follow":"follow","max-snippet":"max-snippet:-1","max-image-preview":"max-image-preview:large","max-video-preview":"max-video-preview:-1"},"canonical":"https:\/\/booksfrommexico.com\/es\/producto\/la-experiencia-migrante-iconografia-de-la-migracion-mexico-estados-unidos\/","og_locale":"es_ES","og_type":"article","og_title":"La experiencia migrante: Iconograf\u00eda de la migraci\u00f3n M\u00e9xico-EUA","og_description":"LA EXPERIENCIA MIGLA EXPERIENCIA MIGRANTE : ICONOGRAF\u00cdA DE LA MIGRACI\u00d3N, M\u00c9XICO-ESTADOS UNIDOS. \/ Jorge Durand, Patricia Arias. 2000. ISBN : 9688958832.","og_url":"https:\/\/booksfrommexico.com\/es\/producto\/la-experiencia-migrante-iconografia-de-la-migracion-mexico-estados-unidos\/","og_site_name":"Books From Mexico","article_modified_time":"2024-10-02T23:07:54+00:00","og_image":[{"width":655,"height":795,"url":"http:\/\/booksfrommexico.com\/app\/uploads\/2023\/05\/108784-e1637869474216.jpeg","type":"image\/jpeg"}],"twitter_card":"summary_large_image","twitter_misc":{"Tiempo de lectura":"1 minuto"},"schema":{"@context":"https:\/\/schema.org","@graph":[{"@type":"WebPage","@id":"https:\/\/booksfrommexico.com\/es\/producto\/la-experiencia-migrante-iconografia-de-la-migracion-mexico-estados-unidos\/","url":"https:\/\/booksfrommexico.com\/es\/producto\/la-experiencia-migrante-iconografia-de-la-migracion-mexico-estados-unidos\/","name":"La experiencia migrante: Iconograf\u00eda de la migraci\u00f3n M\u00e9xico-EUA","isPartOf":{"@id":"https:\/\/booksfrommexico.com\/#website"},"primaryImageOfPage":{"@id":"https:\/\/booksfrommexico.com\/es\/producto\/la-experiencia-migrante-iconografia-de-la-migracion-mexico-estados-unidos\/#primaryimage"},"image":{"@id":"https:\/\/booksfrommexico.com\/es\/producto\/la-experiencia-migrante-iconografia-de-la-migracion-mexico-estados-unidos\/#primaryimage"},"thumbnailUrl":"https:\/\/booksfrommexico.com\/app\/uploads\/2023\/05\/108784-e1637869474216.jpeg","datePublished":"2023-05-08T16:12:47+00:00","dateModified":"2024-10-02T23:07:54+00:00","description":"LA EXPERIENCIA MIGLA EXPERIENCIA MIGRANTE : ICONOGRAF\u00cdA DE LA MIGRACI\u00d3N, M\u00c9XICO-ESTADOS UNIDOS. \/ Jorge Durand, Patricia Arias. 2000. ISBN : 9688958832.","breadcrumb":{"@id":"https:\/\/booksfrommexico.com\/es\/producto\/la-experiencia-migrante-iconografia-de-la-migracion-mexico-estados-unidos\/#breadcrumb"},"inLanguage":"es","potentialAction":[{"@type":"ReadAction","target":["https:\/\/booksfrommexico.com\/es\/producto\/la-experiencia-migrante-iconografia-de-la-migracion-mexico-estados-unidos\/"]}]},{"@type":"ImageObject","inLanguage":"es","@id":"https:\/\/booksfrommexico.com\/es\/producto\/la-experiencia-migrante-iconografia-de-la-migracion-mexico-estados-unidos\/#primaryimage","url":"https:\/\/booksfrommexico.com\/app\/uploads\/2023\/05\/108784-e1637869474216.jpeg","contentUrl":"https:\/\/booksfrommexico.com\/app\/uploads\/2023\/05\/108784-e1637869474216.jpeg","width":655,"height":795,"caption":"La Experiencia migrante Iconograf\u00eda de la migraci\u00f3n, M\u00e9xico-Estados Unidos"},{"@type":"BreadcrumbList","@id":"https:\/\/booksfrommexico.com\/es\/producto\/la-experiencia-migrante-iconografia-de-la-migracion-mexico-estados-unidos\/#breadcrumb","itemListElement":[{"@type":"ListItem","position":1,"name":"Home","item":"https:\/\/booksfrommexico.com\/es\/"},{"@type":"ListItem","position":2,"name":"Libros","item":"https:\/\/booksfrommexico.com\/es\/libros\/"},{"@type":"ListItem","position":3,"name":"La experiencia migrante: Iconograf\u00eda de la migraci\u00f3n M\u00e9xico-Estados Unidos"}]},{"@type":"WebSite","@id":"https:\/\/booksfrommexico.com\/#website","url":"https:\/\/booksfrommexico.com\/","name":"Books From Mexico","description":"","publisher":{"@id":"https:\/\/booksfrommexico.com\/#organization"},"potentialAction":[{"@type":"SearchAction","target":{"@type":"EntryPoint","urlTemplate":"https:\/\/booksfrommexico.com\/?s={search_term_string}"},"query-input":{"@type":"PropertyValueSpecification","valueRequired":true,"valueName":"search_term_string"}}],"inLanguage":"es"},{"@type":"Organization","@id":"https:\/\/booksfrommexico.com\/#organization","name":"Books From Mexico","url":"https:\/\/booksfrommexico.com\/","logo":{"@type":"ImageObject","inLanguage":"es","@id":"https:\/\/booksfrommexico.com\/#\/schema\/logo\/image\/","url":"https:\/\/booksfrommexico.com\/app\/uploads\/2023\/05\/logo-booksfrommexico.svg","contentUrl":"https:\/\/booksfrommexico.com\/app\/uploads\/2023\/05\/logo-booksfrommexico.svg","width":86,"height":56,"caption":"Books From Mexico"},"image":{"@id":"https:\/\/booksfrommexico.com\/#\/schema\/logo\/image\/"}}]}},"_links":{"self":[{"href":"https:\/\/booksfrommexico.com\/es\/wp-json\/wp\/v2\/product\/133","targetHints":{"allow":["GET"]}}],"collection":[{"href":"https:\/\/booksfrommexico.com\/es\/wp-json\/wp\/v2\/product"}],"about":[{"href":"https:\/\/booksfrommexico.com\/es\/wp-json\/wp\/v2\/types\/product"}],"wp:featuredmedia":[{"embeddable":true,"href":"https:\/\/booksfrommexico.com\/es\/wp-json\/wp\/v2\/media\/132"}],"wp:attachment":[{"href":"https:\/\/booksfrommexico.com\/es\/wp-json\/wp\/v2\/media?parent=133"}],"wp:term":[{"taxonomy":"product_brand","embeddable":true,"href":"https:\/\/booksfrommexico.com\/es\/wp-json\/wp\/v2\/product_brand?post=133"},{"taxonomy":"product_cat","embeddable":true,"href":"https:\/\/booksfrommexico.com\/es\/wp-json\/wp\/v2\/product_cat?post=133"},{"taxonomy":"product_tag","embeddable":true,"href":"https:\/\/booksfrommexico.com\/es\/wp-json\/wp\/v2\/product_tag?post=133"}],"curies":[{"name":"wp","href":"https:\/\/api.w.org\/{rel}","templated":true}]}}