{"id":137,"date":"2023-05-08T16:13:13","date_gmt":"2023-05-08T16:13:13","guid":{"rendered":"http:\/\/booksfrommexico.com\/product\/la-caricatura-politica-en-mexico-en-el-siglo-xix\/"},"modified":"2024-10-02T23:08:04","modified_gmt":"2024-10-02T23:08:04","slug":"la-caricatura-politica-en-mexico-en-el-siglo-xix","status":"publish","type":"product","link":"https:\/\/booksfrommexico.com\/es\/producto\/la-caricatura-politica-en-mexico-en-el-siglo-xix\/","title":{"rendered":"La caricatura pol\u00edtica en M\u00e9xico en el siglo XIX"},"content":{"rendered":"<p><span style=\"font-weight: 400;\">La caricatura pol\u00edtica floreci\u00f3 en los peri\u00f3dicos de la Ciudad de M\u00e9xico a partir de 1861, entendi\u00e9ndose por caricatura pol\u00edtica la producci\u00f3n de im\u00e1genes que expresan un constante cuestionamiento de las relaciones sociales, mediante el uso de la s\u00e1tira, la parodia y las formas simb\u00f3licas como la alegor\u00eda. Dos motivos centrales para los caricaturistas fueron la Constituci\u00f3n de 1857 y la Patria, refiri\u00e9ndose en su mayor\u00eda a las elecciones del Congreso, de la Suprema Corte y del presidente, ofreciendo una forma de ver la historia que no qued\u00f3 registrada en la pintura de la \u00e9poca. Aqu\u00ed se recopilan caricaturas de Santiago Hern\u00e1ndez, Melchor \u00c1lvarez, Constantino Escalante, Jes\u00fas T. Alamilla, entre otros.<\/span><\/p>\n<p id=\"tw-target-text\" class=\"tw-data-text tw-text-large tw-ta\" dir=\"ltr\" data-placeholder=\"Traducci\u00f3n\" data-ved=\"2ahUKEwil57KdrICDAxXBLUQIHXxTDMgQ3ewLegQIBRAQ\"><br style=\"font-weight: 400;\" \/><br style=\"font-weight: 400;\" \/><\/p>\n","protected":false},"excerpt":{"rendered":"<p>LA CARICATURA POL\u00cdTICA EN M\u00c9XICO EN EL SIGLO XIX<span style=\"font-weight: 400;\">. \/ Esther Acevedo Vald\u00e9s. M\u00e9xico, D.F. : Consejo Nacional para la Cultura y las Artes , Fondo Editorial Tierra Adentro, 2000. 32 pages. : includes illustrations, tables, bibliographic references ; 17 cm. (Colecci\u00f3n C\u00edrculo de Arte). ISBN : 9701847083. <\/span><\/p>\n<p>&nbsp;<\/p>\n","protected":false},"featured_media":136,"template":"","meta":{"_acf_changed":false,"inline_featured_image":false},"product_brand":[],"product_cat":[790,797],"product_tag":[3735,3657,4398,3627,3739],"class_list":{"0":"post-137","1":"product","2":"type-product","3":"status-publish","4":"has-post-thumbnail","6":"product_cat-arte-y-sociedad-arte","7":"product_cat-politica-y-ciencia-politica","8":"product_tag-caricatura-politica","9":"product_tag-historia","10":"product_tag-historia-mexico","11":"product_tag-politica-y-gobierno","12":"product_tag-siglo-xix","14":"first","15":"instock","16":"sale","17":"taxable","18":"shipping-taxable","19":"purchasable","20":"product-type-simple"},"acf":[],"yoast_head":"<!-- This site is optimized with the Yoast SEO plugin v27.3 - https:\/\/yoast.com\/product\/yoast-seo-wordpress\/ -->\n<title>La Caricatura pol\u00edtica en M\u00e9xico en el siglo XIX<\/title>\n<meta name=\"description\" content=\"LA CARICATURA POL\u00cdTICA EN M\u00c9XICO EN EL SIGLO XIX. \/ Esther Acevedo Vald\u00e9s. CONACULTA , Fondo Editorial Tierra Adentro, 2000. (Colecci\u00f3n C\u00edrculo de Arte).\" \/>\n<meta name=\"robots\" content=\"index, follow, max-snippet:-1, max-image-preview:large, max-video-preview:-1\" \/>\n<link rel=\"canonical\" href=\"https:\/\/booksfrommexico.com\/es\/producto\/la-caricatura-politica-en-mexico-en-el-siglo-xix\/\" \/>\n<meta property=\"og:locale\" content=\"es_ES\" \/>\n<meta property=\"og:type\" content=\"article\" \/>\n<meta property=\"og:title\" content=\"La Caricatura pol\u00edtica en M\u00e9xico en el siglo XIX\" \/>\n<meta property=\"og:description\" content=\"LA CARICATURA POL\u00cdTICA EN M\u00c9XICO EN EL SIGLO XIX. \/ Esther Acevedo Vald\u00e9s. CONACULTA , Fondo Editorial Tierra Adentro, 2000. (Colecci\u00f3n C\u00edrculo de Arte).\" \/>\n<meta property=\"og:url\" content=\"https:\/\/booksfrommexico.com\/es\/producto\/la-caricatura-politica-en-mexico-en-el-siglo-xix\/\" \/>\n<meta property=\"og:site_name\" content=\"Books From Mexico\" \/>\n<meta property=\"article:modified_time\" content=\"2024-10-02T23:08:04+00:00\" \/>\n<meta property=\"og:image\" content=\"http:\/\/booksfrommexico.com\/app\/uploads\/2023\/05\/110648.jpeg\" \/>\n\t<meta property=\"og:image:width\" content=\"520\" \/>\n\t<meta property=\"og:image:height\" content=\"625\" \/>\n\t<meta property=\"og:image:type\" content=\"image\/jpeg\" \/>\n<meta name=\"twitter:card\" content=\"summary_large_image\" \/>\n<meta name=\"twitter:label1\" content=\"Tiempo de lectura\" \/>\n\t<meta name=\"twitter:data1\" content=\"1 minuto\" \/>\n<script type=\"application\/ld+json\" class=\"yoast-schema-graph\">{\"@context\":\"https:\\\/\\\/schema.org\",\"@graph\":[{\"@type\":\"WebPage\",\"@id\":\"https:\\\/\\\/booksfrommexico.com\\\/es\\\/producto\\\/la-caricatura-politica-en-mexico-en-el-siglo-xix\\\/\",\"url\":\"https:\\\/\\\/booksfrommexico.com\\\/es\\\/producto\\\/la-caricatura-politica-en-mexico-en-el-siglo-xix\\\/\",\"name\":\"La Caricatura pol\u00edtica en M\u00e9xico en el siglo XIX\",\"isPartOf\":{\"@id\":\"https:\\\/\\\/booksfrommexico.com\\\/#website\"},\"primaryImageOfPage\":{\"@id\":\"https:\\\/\\\/booksfrommexico.com\\\/es\\\/producto\\\/la-caricatura-politica-en-mexico-en-el-siglo-xix\\\/#primaryimage\"},\"image\":{\"@id\":\"https:\\\/\\\/booksfrommexico.com\\\/es\\\/producto\\\/la-caricatura-politica-en-mexico-en-el-siglo-xix\\\/#primaryimage\"},\"thumbnailUrl\":\"https:\\\/\\\/booksfrommexico.com\\\/app\\\/uploads\\\/2023\\\/05\\\/110648.jpeg\",\"datePublished\":\"2023-05-08T16:13:13+00:00\",\"dateModified\":\"2024-10-02T23:08:04+00:00\",\"description\":\"LA CARICATURA POL\u00cdTICA EN M\u00c9XICO EN EL SIGLO XIX. \\\/ Esther Acevedo Vald\u00e9s. CONACULTA , Fondo Editorial Tierra Adentro, 2000. (Colecci\u00f3n C\u00edrculo de Arte).\",\"breadcrumb\":{\"@id\":\"https:\\\/\\\/booksfrommexico.com\\\/es\\\/producto\\\/la-caricatura-politica-en-mexico-en-el-siglo-xix\\\/#breadcrumb\"},\"inLanguage\":\"es\",\"potentialAction\":[{\"@type\":\"ReadAction\",\"target\":[\"https:\\\/\\\/booksfrommexico.com\\\/es\\\/producto\\\/la-caricatura-politica-en-mexico-en-el-siglo-xix\\\/\"]}]},{\"@type\":\"ImageObject\",\"inLanguage\":\"es\",\"@id\":\"https:\\\/\\\/booksfrommexico.com\\\/es\\\/producto\\\/la-caricatura-politica-en-mexico-en-el-siglo-xix\\\/#primaryimage\",\"url\":\"https:\\\/\\\/booksfrommexico.com\\\/app\\\/uploads\\\/2023\\\/05\\\/110648.jpeg\",\"contentUrl\":\"https:\\\/\\\/booksfrommexico.com\\\/app\\\/uploads\\\/2023\\\/05\\\/110648.jpeg\",\"width\":520,\"height\":625,\"caption\":\"La Caricatura pol\u00edtica en M\u00e9xico en el siglo XIX\"},{\"@type\":\"BreadcrumbList\",\"@id\":\"https:\\\/\\\/booksfrommexico.com\\\/es\\\/producto\\\/la-caricatura-politica-en-mexico-en-el-siglo-xix\\\/#breadcrumb\",\"itemListElement\":[{\"@type\":\"ListItem\",\"position\":1,\"name\":\"Home\",\"item\":\"https:\\\/\\\/booksfrommexico.com\\\/es\\\/\"},{\"@type\":\"ListItem\",\"position\":2,\"name\":\"Libros\",\"item\":\"https:\\\/\\\/booksfrommexico.com\\\/es\\\/libros\\\/\"},{\"@type\":\"ListItem\",\"position\":3,\"name\":\"La caricatura pol\u00edtica en M\u00e9xico en el siglo XIX\"}]},{\"@type\":\"WebSite\",\"@id\":\"https:\\\/\\\/booksfrommexico.com\\\/#website\",\"url\":\"https:\\\/\\\/booksfrommexico.com\\\/\",\"name\":\"Books From Mexico\",\"description\":\"\",\"publisher\":{\"@id\":\"https:\\\/\\\/booksfrommexico.com\\\/#organization\"},\"potentialAction\":[{\"@type\":\"SearchAction\",\"target\":{\"@type\":\"EntryPoint\",\"urlTemplate\":\"https:\\\/\\\/booksfrommexico.com\\\/?s={search_term_string}\"},\"query-input\":{\"@type\":\"PropertyValueSpecification\",\"valueRequired\":true,\"valueName\":\"search_term_string\"}}],\"inLanguage\":\"es\"},{\"@type\":\"Organization\",\"@id\":\"https:\\\/\\\/booksfrommexico.com\\\/#organization\",\"name\":\"Books From Mexico\",\"url\":\"https:\\\/\\\/booksfrommexico.com\\\/\",\"logo\":{\"@type\":\"ImageObject\",\"inLanguage\":\"es\",\"@id\":\"https:\\\/\\\/booksfrommexico.com\\\/#\\\/schema\\\/logo\\\/image\\\/\",\"url\":\"https:\\\/\\\/booksfrommexico.com\\\/app\\\/uploads\\\/2023\\\/05\\\/logo-booksfrommexico.svg\",\"contentUrl\":\"https:\\\/\\\/booksfrommexico.com\\\/app\\\/uploads\\\/2023\\\/05\\\/logo-booksfrommexico.svg\",\"width\":86,\"height\":56,\"caption\":\"Books From Mexico\"},\"image\":{\"@id\":\"https:\\\/\\\/booksfrommexico.com\\\/#\\\/schema\\\/logo\\\/image\\\/\"}}]}<\/script>\n<!-- \/ Yoast SEO plugin. -->","yoast_head_json":{"title":"La Caricatura pol\u00edtica en M\u00e9xico en el siglo XIX","description":"LA CARICATURA POL\u00cdTICA EN M\u00c9XICO EN EL SIGLO XIX. \/ Esther Acevedo Vald\u00e9s. CONACULTA , Fondo Editorial Tierra Adentro, 2000. (Colecci\u00f3n C\u00edrculo de Arte).","robots":{"index":"index","follow":"follow","max-snippet":"max-snippet:-1","max-image-preview":"max-image-preview:large","max-video-preview":"max-video-preview:-1"},"canonical":"https:\/\/booksfrommexico.com\/es\/producto\/la-caricatura-politica-en-mexico-en-el-siglo-xix\/","og_locale":"es_ES","og_type":"article","og_title":"La Caricatura pol\u00edtica en M\u00e9xico en el siglo XIX","og_description":"LA CARICATURA POL\u00cdTICA EN M\u00c9XICO EN EL SIGLO XIX. \/ Esther Acevedo Vald\u00e9s. CONACULTA , Fondo Editorial Tierra Adentro, 2000. (Colecci\u00f3n C\u00edrculo de Arte).","og_url":"https:\/\/booksfrommexico.com\/es\/producto\/la-caricatura-politica-en-mexico-en-el-siglo-xix\/","og_site_name":"Books From Mexico","article_modified_time":"2024-10-02T23:08:04+00:00","og_image":[{"width":520,"height":625,"url":"http:\/\/booksfrommexico.com\/app\/uploads\/2023\/05\/110648.jpeg","type":"image\/jpeg"}],"twitter_card":"summary_large_image","twitter_misc":{"Tiempo de lectura":"1 minuto"},"schema":{"@context":"https:\/\/schema.org","@graph":[{"@type":"WebPage","@id":"https:\/\/booksfrommexico.com\/es\/producto\/la-caricatura-politica-en-mexico-en-el-siglo-xix\/","url":"https:\/\/booksfrommexico.com\/es\/producto\/la-caricatura-politica-en-mexico-en-el-siglo-xix\/","name":"La Caricatura pol\u00edtica en M\u00e9xico en el siglo XIX","isPartOf":{"@id":"https:\/\/booksfrommexico.com\/#website"},"primaryImageOfPage":{"@id":"https:\/\/booksfrommexico.com\/es\/producto\/la-caricatura-politica-en-mexico-en-el-siglo-xix\/#primaryimage"},"image":{"@id":"https:\/\/booksfrommexico.com\/es\/producto\/la-caricatura-politica-en-mexico-en-el-siglo-xix\/#primaryimage"},"thumbnailUrl":"https:\/\/booksfrommexico.com\/app\/uploads\/2023\/05\/110648.jpeg","datePublished":"2023-05-08T16:13:13+00:00","dateModified":"2024-10-02T23:08:04+00:00","description":"LA CARICATURA POL\u00cdTICA EN M\u00c9XICO EN EL SIGLO XIX. \/ Esther Acevedo Vald\u00e9s. CONACULTA , Fondo Editorial Tierra Adentro, 2000. (Colecci\u00f3n C\u00edrculo de Arte).","breadcrumb":{"@id":"https:\/\/booksfrommexico.com\/es\/producto\/la-caricatura-politica-en-mexico-en-el-siglo-xix\/#breadcrumb"},"inLanguage":"es","potentialAction":[{"@type":"ReadAction","target":["https:\/\/booksfrommexico.com\/es\/producto\/la-caricatura-politica-en-mexico-en-el-siglo-xix\/"]}]},{"@type":"ImageObject","inLanguage":"es","@id":"https:\/\/booksfrommexico.com\/es\/producto\/la-caricatura-politica-en-mexico-en-el-siglo-xix\/#primaryimage","url":"https:\/\/booksfrommexico.com\/app\/uploads\/2023\/05\/110648.jpeg","contentUrl":"https:\/\/booksfrommexico.com\/app\/uploads\/2023\/05\/110648.jpeg","width":520,"height":625,"caption":"La Caricatura pol\u00edtica en M\u00e9xico en el siglo XIX"},{"@type":"BreadcrumbList","@id":"https:\/\/booksfrommexico.com\/es\/producto\/la-caricatura-politica-en-mexico-en-el-siglo-xix\/#breadcrumb","itemListElement":[{"@type":"ListItem","position":1,"name":"Home","item":"https:\/\/booksfrommexico.com\/es\/"},{"@type":"ListItem","position":2,"name":"Libros","item":"https:\/\/booksfrommexico.com\/es\/libros\/"},{"@type":"ListItem","position":3,"name":"La caricatura pol\u00edtica en M\u00e9xico en el siglo XIX"}]},{"@type":"WebSite","@id":"https:\/\/booksfrommexico.com\/#website","url":"https:\/\/booksfrommexico.com\/","name":"Books From Mexico","description":"","publisher":{"@id":"https:\/\/booksfrommexico.com\/#organization"},"potentialAction":[{"@type":"SearchAction","target":{"@type":"EntryPoint","urlTemplate":"https:\/\/booksfrommexico.com\/?s={search_term_string}"},"query-input":{"@type":"PropertyValueSpecification","valueRequired":true,"valueName":"search_term_string"}}],"inLanguage":"es"},{"@type":"Organization","@id":"https:\/\/booksfrommexico.com\/#organization","name":"Books From Mexico","url":"https:\/\/booksfrommexico.com\/","logo":{"@type":"ImageObject","inLanguage":"es","@id":"https:\/\/booksfrommexico.com\/#\/schema\/logo\/image\/","url":"https:\/\/booksfrommexico.com\/app\/uploads\/2023\/05\/logo-booksfrommexico.svg","contentUrl":"https:\/\/booksfrommexico.com\/app\/uploads\/2023\/05\/logo-booksfrommexico.svg","width":86,"height":56,"caption":"Books From Mexico"},"image":{"@id":"https:\/\/booksfrommexico.com\/#\/schema\/logo\/image\/"}}]}},"_links":{"self":[{"href":"https:\/\/booksfrommexico.com\/es\/wp-json\/wp\/v2\/product\/137","targetHints":{"allow":["GET"]}}],"collection":[{"href":"https:\/\/booksfrommexico.com\/es\/wp-json\/wp\/v2\/product"}],"about":[{"href":"https:\/\/booksfrommexico.com\/es\/wp-json\/wp\/v2\/types\/product"}],"wp:featuredmedia":[{"embeddable":true,"href":"https:\/\/booksfrommexico.com\/es\/wp-json\/wp\/v2\/media\/136"}],"wp:attachment":[{"href":"https:\/\/booksfrommexico.com\/es\/wp-json\/wp\/v2\/media?parent=137"}],"wp:term":[{"taxonomy":"product_brand","embeddable":true,"href":"https:\/\/booksfrommexico.com\/es\/wp-json\/wp\/v2\/product_brand?post=137"},{"taxonomy":"product_cat","embeddable":true,"href":"https:\/\/booksfrommexico.com\/es\/wp-json\/wp\/v2\/product_cat?post=137"},{"taxonomy":"product_tag","embeddable":true,"href":"https:\/\/booksfrommexico.com\/es\/wp-json\/wp\/v2\/product_tag?post=137"}],"curies":[{"name":"wp","href":"https:\/\/api.w.org\/{rel}","templated":true}]}}